{"id":872,"date":"2022-05-05T06:37:20","date_gmt":"2022-05-05T06:37:20","guid":{"rendered":"https:\/\/eshop.classperts.com\/?post_type=product&#038;p=872"},"modified":"2025-12-26T09:48:10","modified_gmt":"2025-12-26T07:48:10","slug":"la-maison-rouge","status":"publish","type":"product","link":"https:\/\/kedemoseducation.com\/fr\/product\/la-maison-rouge\/","title":{"rendered":"La maison rouge"},"content":{"rendered":"","protected":false},"excerpt":{"rendered":"<p><span style=\"font-weight: 400;\">La collection Pi\u00e8ces de th\u00e9\u00e2tre \u00e0 lire et \u00e0 jouer est sp\u00e9cialement con\u00e7ue pour favoriser chez les enfants l&#8217;amour du th\u00e9\u00e2tre. Ces pi\u00e8ces de th\u00e9\u00e2tre sont destin\u00e9es \u00e0 \u00eatre lues et jou\u00e9es. Les nombreuses photos qui accompagnent le texte sugg\u00e8rent aux jeunes amateurs de th\u00e9\u00e2tre des id\u00e9es pour le d\u00e9cor et les costumes.<\/span><\/p>","protected":false},"featured_media":7726,"comment_status":"closed","ping_status":"closed","template":"","meta":{"_monsterinsights_skip_tracking":false,"_monsterinsights_sitenote_active":false,"_monsterinsights_sitenote_note":"","_monsterinsights_sitenote_category":0},"product_brand":[],"product_cat":[159,151,172],"product_tag":[],"class_list":{"0":"post-872","1":"product","2":"type-product","3":"status-publish","4":"has-post-thumbnail","6":"product_cat-french-storybooks","7":"product_cat-storybooks-for-children","8":"product_cat-ghinwa-by-jean-sadek","10":"first","11":"instock","12":"shipping-taxable","13":"purchasable","14":"product-type-simple"},"yoast_head":"<!-- This site is optimized with the Yoast SEO plugin v26.4 - https:\/\/yoast.com\/wordpress\/plugins\/seo\/ -->\r\n<title>La maison rouge - Kedemos Education<\/title>\r\n<meta name=\"robots\" content=\"index, follow, max-snippet:-1, max-image-preview:large, max-video-preview:-1\" \/>\r\n<link rel=\"canonical\" href=\"https:\/\/kedemoseducation.com\/fr\/product\/la-maison-rouge\/\" \/>\r\n<meta property=\"og:locale\" content=\"fr_FR\" \/>\r\n<meta property=\"og:type\" content=\"article\" \/>\r\n<meta property=\"og:title\" content=\"La maison rouge - Kedemos Education\" \/>\r\n<meta property=\"og:description\" content=\"La collection Pi\u00e8ces de th\u00e9\u00e2tre \u00e0 lire et \u00e0 jouer est sp\u00e9cialement con\u00e7ue pour favoriser chez les enfants l&#039;amour du th\u00e9\u00e2tre. Ces pi\u00e8ces de th\u00e9\u00e2tre sont destin\u00e9es \u00e0 \u00eatre lues et jou\u00e9es. Les nombreuses photos qui accompagnent le texte sugg\u00e8rent aux jeunes amateurs de th\u00e9\u00e2tre des id\u00e9es pour le d\u00e9cor et les costumes.\" \/>\r\n<meta property=\"og:url\" content=\"https:\/\/kedemoseducation.com\/fr\/product\/la-maison-rouge\/\" \/>\r\n<meta property=\"og:site_name\" content=\"Kedemos Education\" \/>\r\n<meta property=\"article:publisher\" content=\"https:\/\/www.facebook.com\/Kedemoseducation\" \/>\r\n<meta property=\"article:modified_time\" content=\"2025-12-26T07:48:10+00:00\" \/>\r\n<meta property=\"og:image\" content=\"https:\/\/kedemoseducation.com\/wp-content\/uploads\/2022\/05\/La-maison-rouge.jpg\" \/>\r\n\t<meta property=\"og:image:width\" content=\"600\" \/>\r\n\t<meta property=\"og:image:height\" content=\"800\" \/>\r\n\t<meta property=\"og:image:type\" content=\"image\/jpeg\" \/>\r\n<meta name=\"twitter:card\" content=\"summary_large_image\" \/>\r\n<script type=\"application\/ld+json\" class=\"yoast-schema-graph\">{\"@context\":\"https:\/\/schema.org\",\"@graph\":[{\"@type\":\"WebPage\",\"@id\":\"https:\/\/kedemoseducation.com\/fr\/product\/la-maison-rouge\/\",\"url\":\"https:\/\/kedemoseducation.com\/fr\/product\/la-maison-rouge\/\",\"name\":\"La maison rouge - Kedemos Education\",\"isPartOf\":{\"@id\":\"https:\/\/kedemoseducation.com\/fr\/#website\"},\"primaryImageOfPage\":{\"@id\":\"https:\/\/kedemoseducation.com\/fr\/product\/la-maison-rouge\/#primaryimage\"},\"image\":{\"@id\":\"https:\/\/kedemoseducation.com\/fr\/product\/la-maison-rouge\/#primaryimage\"},\"thumbnailUrl\":\"https:\/\/i0.wp.com\/kedemoseducation.com\/wp-content\/uploads\/2022\/05\/La-maison-rouge.jpg?fit=600%2C800&ssl=1\",\"datePublished\":\"2022-05-05T06:37:20+00:00\",\"dateModified\":\"2025-12-26T07:48:10+00:00\",\"breadcrumb\":{\"@id\":\"https:\/\/kedemoseducation.com\/fr\/product\/la-maison-rouge\/#breadcrumb\"},\"inLanguage\":\"fr-FR\",\"potentialAction\":[{\"@type\":\"ReadAction\",\"target\":[\"https:\/\/kedemoseducation.com\/fr\/product\/la-maison-rouge\/\"]}]},{\"@type\":\"ImageObject\",\"inLanguage\":\"fr-FR\",\"@id\":\"https:\/\/kedemoseducation.com\/fr\/product\/la-maison-rouge\/#primaryimage\",\"url\":\"https:\/\/i0.wp.com\/kedemoseducation.com\/wp-content\/uploads\/2022\/05\/La-maison-rouge.jpg?fit=600%2C800&ssl=1\",\"contentUrl\":\"https:\/\/i0.wp.com\/kedemoseducation.com\/wp-content\/uploads\/2022\/05\/La-maison-rouge.jpg?fit=600%2C800&ssl=1\",\"width\":600,\"height\":800},{\"@type\":\"BreadcrumbList\",\"@id\":\"https:\/\/kedemoseducation.com\/fr\/product\/la-maison-rouge\/#breadcrumb\",\"itemListElement\":[{\"@type\":\"ListItem\",\"position\":1,\"name\":\"Home\",\"item\":\"https:\/\/kedemoseducation.com\/\"},{\"@type\":\"ListItem\",\"position\":2,\"name\":\"All Products\",\"item\":\"https:\/\/kedemoseducation.com\/fr\/shop-2\/tous-les-produits\/\"},{\"@type\":\"ListItem\",\"position\":3,\"name\":\"Stories\",\"item\":\"https:\/\/kedemoseducation.com\/en\/product-category\/storybooks-for-children\/\"},{\"@type\":\"ListItem\",\"position\":4,\"name\":\"French\",\"item\":\"https:\/\/kedemoseducation.com\/en\/product-category\/storybooks-for-children\/french-storybooks\/\"},{\"@type\":\"ListItem\",\"position\":5,\"name\":\"Pi\u00e8ces de Th\u00e9\u00e2tre \u00e0 Lire et \u00e0 Jouer\",\"item\":\"https:\/\/kedemoseducation.com\/fr\/categorie-de-produit\/contes-pour-enfants\/contes-en-francais\/ghinwa-par-jean-sadek\/\"},{\"@type\":\"ListItem\",\"position\":6,\"name\":\"La maison rouge\"}]},{\"@type\":\"WebSite\",\"@id\":\"https:\/\/kedemoseducation.com\/fr\/#website\",\"url\":\"https:\/\/kedemoseducation.com\/fr\/\",\"name\":\"Kedemos Education\",\"description\":\"The Pleasure of Learning\",\"publisher\":{\"@id\":\"https:\/\/kedemoseducation.com\/fr\/#organization\"},\"potentialAction\":[{\"@type\":\"SearchAction\",\"target\":{\"@type\":\"EntryPoint\",\"urlTemplate\":\"https:\/\/kedemoseducation.com\/fr\/?s={search_term_string}\"},\"query-input\":{\"@type\":\"PropertyValueSpecification\",\"valueRequired\":true,\"valueName\":\"search_term_string\"}}],\"inLanguage\":\"fr-FR\"},{\"@type\":\"Organization\",\"@id\":\"https:\/\/kedemoseducation.com\/fr\/#organization\",\"name\":\"Kedemos Education\",\"url\":\"https:\/\/kedemoseducation.com\/fr\/\",\"logo\":{\"@type\":\"ImageObject\",\"inLanguage\":\"fr-FR\",\"@id\":\"https:\/\/kedemoseducation.com\/fr\/#\/schema\/logo\/image\/\",\"url\":\"https:\/\/kedemoseducation.com\/wp-content\/uploads\/2023\/06\/logo-kedemos-education.png\",\"contentUrl\":\"https:\/\/kedemoseducation.com\/wp-content\/uploads\/2023\/06\/logo-kedemos-education.png\",\"width\":2362,\"height\":903,\"caption\":\"Kedemos Education\"},\"image\":{\"@id\":\"https:\/\/kedemoseducation.com\/fr\/#\/schema\/logo\/image\/\"},\"sameAs\":[\"https:\/\/www.facebook.com\/Kedemoseducation\",\"https:\/\/www.instagram.com\/kedemoseducation\/\",\"https:\/\/www.linkedin.com\/company\/kedemos-education\/\"]}]}<\/script>\r\n<!-- \/ Yoast SEO plugin. -->","yoast_head_json":{"title":"La maison rouge - Kedemos Education","robots":{"index":"index","follow":"follow","max-snippet":"max-snippet:-1","max-image-preview":"max-image-preview:large","max-video-preview":"max-video-preview:-1"},"canonical":"https:\/\/kedemoseducation.com\/fr\/product\/la-maison-rouge\/","og_locale":"fr_FR","og_type":"article","og_title":"La maison rouge - Kedemos Education","og_description":"La collection Pi\u00e8ces de th\u00e9\u00e2tre \u00e0 lire et \u00e0 jouer est sp\u00e9cialement con\u00e7ue pour favoriser chez les enfants l'amour du th\u00e9\u00e2tre. Ces pi\u00e8ces de th\u00e9\u00e2tre sont destin\u00e9es \u00e0 \u00eatre lues et jou\u00e9es. Les nombreuses photos qui accompagnent le texte sugg\u00e8rent aux jeunes amateurs de th\u00e9\u00e2tre des id\u00e9es pour le d\u00e9cor et les costumes.","og_url":"https:\/\/kedemoseducation.com\/fr\/product\/la-maison-rouge\/","og_site_name":"Kedemos Education","article_publisher":"https:\/\/www.facebook.com\/Kedemoseducation","article_modified_time":"2025-12-26T07:48:10+00:00","og_image":[{"width":600,"height":800,"url":"https:\/\/kedemoseducation.com\/wp-content\/uploads\/2022\/05\/La-maison-rouge.jpg","type":"image\/jpeg"}],"twitter_card":"summary_large_image","schema":{"@context":"https:\/\/schema.org","@graph":[{"@type":"WebPage","@id":"https:\/\/kedemoseducation.com\/fr\/product\/la-maison-rouge\/","url":"https:\/\/kedemoseducation.com\/fr\/product\/la-maison-rouge\/","name":"La maison rouge - Kedemos Education","isPartOf":{"@id":"https:\/\/kedemoseducation.com\/fr\/#website"},"primaryImageOfPage":{"@id":"https:\/\/kedemoseducation.com\/fr\/product\/la-maison-rouge\/#primaryimage"},"image":{"@id":"https:\/\/kedemoseducation.com\/fr\/product\/la-maison-rouge\/#primaryimage"},"thumbnailUrl":"https:\/\/i0.wp.com\/kedemoseducation.com\/wp-content\/uploads\/2022\/05\/La-maison-rouge.jpg?fit=600%2C800&ssl=1","datePublished":"2022-05-05T06:37:20+00:00","dateModified":"2025-12-26T07:48:10+00:00","breadcrumb":{"@id":"https:\/\/kedemoseducation.com\/fr\/product\/la-maison-rouge\/#breadcrumb"},"inLanguage":"fr-FR","potentialAction":[{"@type":"ReadAction","target":["https:\/\/kedemoseducation.com\/fr\/product\/la-maison-rouge\/"]}]},{"@type":"ImageObject","inLanguage":"fr-FR","@id":"https:\/\/kedemoseducation.com\/fr\/product\/la-maison-rouge\/#primaryimage","url":"https:\/\/i0.wp.com\/kedemoseducation.com\/wp-content\/uploads\/2022\/05\/La-maison-rouge.jpg?fit=600%2C800&ssl=1","contentUrl":"https:\/\/i0.wp.com\/kedemoseducation.com\/wp-content\/uploads\/2022\/05\/La-maison-rouge.jpg?fit=600%2C800&ssl=1","width":600,"height":800},{"@type":"BreadcrumbList","@id":"https:\/\/kedemoseducation.com\/fr\/product\/la-maison-rouge\/#breadcrumb","itemListElement":[{"@type":"ListItem","position":1,"name":"Home","item":"https:\/\/kedemoseducation.com\/"},{"@type":"ListItem","position":2,"name":"All Products","item":"https:\/\/kedemoseducation.com\/fr\/shop-2\/tous-les-produits\/"},{"@type":"ListItem","position":3,"name":"Stories","item":"https:\/\/kedemoseducation.com\/en\/product-category\/storybooks-for-children\/"},{"@type":"ListItem","position":4,"name":"French","item":"https:\/\/kedemoseducation.com\/en\/product-category\/storybooks-for-children\/french-storybooks\/"},{"@type":"ListItem","position":5,"name":"Pi\u00e8ces de Th\u00e9\u00e2tre \u00e0 Lire et \u00e0 Jouer","item":"https:\/\/kedemoseducation.com\/fr\/categorie-de-produit\/contes-pour-enfants\/contes-en-francais\/ghinwa-par-jean-sadek\/"},{"@type":"ListItem","position":6,"name":"La maison rouge"}]},{"@type":"WebSite","@id":"https:\/\/kedemoseducation.com\/fr\/#website","url":"https:\/\/kedemoseducation.com\/fr\/","name":"K\u00e9d\u00e9mos Education","description":"Le plaisir d'apprendre","publisher":{"@id":"https:\/\/kedemoseducation.com\/fr\/#organization"},"potentialAction":[{"@type":"SearchAction","target":{"@type":"EntryPoint","urlTemplate":"https:\/\/kedemoseducation.com\/fr\/?s={search_term_string}"},"query-input":{"@type":"PropertyValueSpecification","valueRequired":true,"valueName":"search_term_string"}}],"inLanguage":"fr-FR"},{"@type":"Organization","@id":"https:\/\/kedemoseducation.com\/fr\/#organization","name":"K\u00e9d\u00e9mos Education","url":"https:\/\/kedemoseducation.com\/fr\/","logo":{"@type":"ImageObject","inLanguage":"fr-FR","@id":"https:\/\/kedemoseducation.com\/fr\/#\/schema\/logo\/image\/","url":"https:\/\/kedemoseducation.com\/wp-content\/uploads\/2023\/06\/logo-kedemos-education.png","contentUrl":"https:\/\/kedemoseducation.com\/wp-content\/uploads\/2023\/06\/logo-kedemos-education.png","width":2362,"height":903,"caption":"Kedemos Education"},"image":{"@id":"https:\/\/kedemoseducation.com\/fr\/#\/schema\/logo\/image\/"},"sameAs":["https:\/\/www.facebook.com\/Kedemoseducation","https:\/\/www.instagram.com\/kedemoseducation\/","https:\/\/www.linkedin.com\/company\/kedemos-education\/"]}]}},"jetpack_sharing_enabled":true,"_links":{"self":[{"href":"https:\/\/kedemoseducation.com\/fr\/wp-json\/wp\/v2\/product\/872","targetHints":{"allow":["GET"]}}],"collection":[{"href":"https:\/\/kedemoseducation.com\/fr\/wp-json\/wp\/v2\/product"}],"about":[{"href":"https:\/\/kedemoseducation.com\/fr\/wp-json\/wp\/v2\/types\/product"}],"replies":[{"embeddable":true,"href":"https:\/\/kedemoseducation.com\/fr\/wp-json\/wp\/v2\/comments?post=872"}],"wp:featuredmedia":[{"embeddable":true,"href":"https:\/\/kedemoseducation.com\/fr\/wp-json\/wp\/v2\/media\/7726"}],"wp:attachment":[{"href":"https:\/\/kedemoseducation.com\/fr\/wp-json\/wp\/v2\/media?parent=872"}],"wp:term":[{"taxonomy":"product_brand","embeddable":true,"href":"https:\/\/kedemoseducation.com\/fr\/wp-json\/wp\/v2\/product_brand?post=872"},{"taxonomy":"product_cat","embeddable":true,"href":"https:\/\/kedemoseducation.com\/fr\/wp-json\/wp\/v2\/product_cat?post=872"},{"taxonomy":"product_tag","embeddable":true,"href":"https:\/\/kedemoseducation.com\/fr\/wp-json\/wp\/v2\/product_tag?post=872"}],"curies":[{"name":"wp","href":"https:\/\/api.w.org\/{rel}","templated":true}]}}