{"id":867,"date":"2022-05-05T06:37:17","date_gmt":"2022-05-05T06:37:17","guid":{"rendered":"https:\/\/eshop.classperts.com\/?post_type=product&#038;p=867"},"modified":"2025-12-26T09:48:12","modified_gmt":"2025-12-26T07:48:12","slug":"conte-gulliver-chez-les-geants","status":"publish","type":"product","link":"https:\/\/kedemoseducation.com\/fr\/product\/conte-gulliver-chez-les-geants\/","title":{"rendered":"Gulliver chez les g\u00e9ants"},"content":{"rendered":"<h1>Conte Gulliver chez les g\u00e9ants<\/h1>\n<p>Le conte Gulliver chez les g\u00e9ants est une adaptation du c\u00e9l\u00e8bre conte de Jonathan Swift sur le voyage de Gulliver dans le pays des g\u00e9ants. Il raconte l\u2019histoire de Lemuel Gulliver, chirurgien \u00e0 bord de plusieurs navires. Rentr\u00e9 en Angleterre apr\u00e8s son voyage \u00e0 Lilliput, il embarque sur l&#8217;Aventure, un grand voilier qui part pour les Indes. Suite \u00e0 une effroyable temp\u00eate, Gulliver se retrouve abandonn\u00e9 sur un rivage inconnu o\u00f9 il r\u00e9alise aussit\u00f4t qu\u2019il est entour\u00e9 de g\u00e9ants. Quelles aventures Gulliver va-t-il vivre sur cette \u00eele avec ces cr\u00e9atures gigantesques ? Et quels sont les d\u00e9fis auxquels il sera confront\u00e9 ?<\/p>\n<p>Les grands classiques<\/p>\n<p>La collection <a href=\"https:\/\/www.instagram.com\/kedemoseducation\/\">Les grands classiques<\/a> est d\u00e9di\u00e9e aux enfants de 9 \u00e0 11 ans. Elle a pour objectif de pr\u00e9senter les grandes \u0153uvres classiques universelles de la litt\u00e9rature. Chaque ouvrage comprend des pages d\u2019exercices d\u2019exploitation p\u00e9dagogique qui testent la compr\u00e9hension de l\u2019histoire et l\u2019assimilation des concepts abord\u00e9s.<\/p>\n<p>La collection comprend les 2 albums suivants :<\/p>\n<ul>\n<li aria-level=\"1\"><a href=\"https:\/\/kedemoseducation.com\/fr\/product\/conte-letrange-voyage-de-gulliver\/\">L\u2019\u00e9trange voyage de Gulliver<\/a><\/li>\n<li aria-level=\"1\"><a href=\"https:\/\/kedemoseducation.com\/fr\/product\/conte-gulliver-chez-les-geants\/\">Gulliver chez les g\u00e9ants.<\/a><\/li>\n<\/ul>\n<p>Ces deux histoires ou albums sont souvent regroup\u00e9s en raison de leur th\u00e8me commun : les aventures fantastiques et les voyages extraordinaires de Gulliver dans des mondes \u00e9tranges et inconnus.<\/p>","protected":false},"excerpt":{"rendered":"<p><span style=\"font-weight: 400;\">Cette collection de contes, destin\u00e9e aux enfants de 8 \u00e0 11 ans, pr\u00e9sente certaines grandes \u0153uvres classiques universelles. Chaque ouvrage comprend des pages d\u2019exercices d\u2019exploitation de la lecture<\/span><\/p>","protected":false},"featured_media":7664,"comment_status":"closed","ping_status":"closed","template":"","meta":{"_monsterinsights_skip_tracking":false,"_monsterinsights_sitenote_active":false,"_monsterinsights_sitenote_note":"","_monsterinsights_sitenote_category":0},"product_brand":[],"product_cat":[159,151,171],"product_tag":[],"class_list":{"0":"post-867","1":"product","2":"type-product","3":"status-publish","4":"has-post-thumbnail","6":"product_cat-french-storybooks","7":"product_cat-storybooks-for-children","8":"product_cat-les-grands-classiques","10":"first","11":"instock","12":"shipping-taxable","13":"purchasable","14":"product-type-simple"},"yoast_head":"<!-- This site is optimized with the Yoast SEO plugin v26.4 - https:\/\/yoast.com\/wordpress\/plugins\/seo\/ -->\r\n<title>Conte Gulliver chez les g\u00e9ants - Kedemos Education<\/title>\r\n<meta name=\"description\" content=\"Le conte Gulliver chez les g\u00e9ants fait partie de la collection \u201cLes grands classiques\u201d qui est d\u00e9di\u00e9e aux enfants de 9 \u00e0 11 ans.\" \/>\r\n<meta name=\"robots\" content=\"index, follow, max-snippet:-1, max-image-preview:large, max-video-preview:-1\" \/>\r\n<link rel=\"canonical\" href=\"https:\/\/kedemoseducation.com\/fr\/product\/conte-gulliver-chez-les-geants\/\" \/>\r\n<meta property=\"og:locale\" content=\"fr_FR\" \/>\r\n<meta property=\"og:type\" content=\"article\" \/>\r\n<meta property=\"og:title\" content=\"Conte Gulliver chez les g\u00e9ants - Kedemos Education\" \/>\r\n<meta property=\"og:description\" content=\"Le conte Gulliver chez les g\u00e9ants fait partie de la collection \u201cLes grands classiques\u201d qui est d\u00e9di\u00e9e aux enfants de 9 \u00e0 11 ans.\" \/>\r\n<meta property=\"og:url\" content=\"https:\/\/kedemoseducation.com\/fr\/product\/conte-gulliver-chez-les-geants\/\" \/>\r\n<meta property=\"og:site_name\" content=\"Kedemos Education\" \/>\r\n<meta property=\"article:publisher\" content=\"https:\/\/www.facebook.com\/Kedemoseducation\" \/>\r\n<meta property=\"article:modified_time\" content=\"2025-12-26T07:48:12+00:00\" \/>\r\n<meta property=\"og:image\" content=\"https:\/\/kedemoseducation.com\/wp-content\/uploads\/2022\/05\/Gullivier-chez-le-geants.jpg\" \/>\r\n\t<meta property=\"og:image:width\" content=\"600\" \/>\r\n\t<meta property=\"og:image:height\" content=\"800\" \/>\r\n\t<meta property=\"og:image:type\" content=\"image\/jpeg\" \/>\r\n<meta name=\"twitter:card\" content=\"summary_large_image\" \/>\r\n<meta name=\"twitter:label1\" content=\"Dur\u00e9e de lecture estim\u00e9e\" \/>\n\t<meta name=\"twitter:data1\" content=\"1 minute\" \/>\r\n<script type=\"application\/ld+json\" class=\"yoast-schema-graph\">{\"@context\":\"https:\/\/schema.org\",\"@graph\":[{\"@type\":\"WebPage\",\"@id\":\"https:\/\/kedemoseducation.com\/fr\/product\/conte-gulliver-chez-les-geants\/\",\"url\":\"https:\/\/kedemoseducation.com\/fr\/product\/conte-gulliver-chez-les-geants\/\",\"name\":\"Conte Gulliver chez les g\u00e9ants - Kedemos Education\",\"isPartOf\":{\"@id\":\"https:\/\/kedemoseducation.com\/fr\/#website\"},\"primaryImageOfPage\":{\"@id\":\"https:\/\/kedemoseducation.com\/fr\/product\/conte-gulliver-chez-les-geants\/#primaryimage\"},\"image\":{\"@id\":\"https:\/\/kedemoseducation.com\/fr\/product\/conte-gulliver-chez-les-geants\/#primaryimage\"},\"thumbnailUrl\":\"https:\/\/i0.wp.com\/kedemoseducation.com\/wp-content\/uploads\/2022\/05\/Gullivier-chez-le-geants.jpg?fit=600%2C800&ssl=1\",\"datePublished\":\"2022-05-05T06:37:17+00:00\",\"dateModified\":\"2025-12-26T07:48:12+00:00\",\"description\":\"Le conte Gulliver chez les g\u00e9ants fait partie de la collection \u201cLes grands classiques\u201d qui est d\u00e9di\u00e9e aux enfants de 9 \u00e0 11 ans.\",\"breadcrumb\":{\"@id\":\"https:\/\/kedemoseducation.com\/fr\/product\/conte-gulliver-chez-les-geants\/#breadcrumb\"},\"inLanguage\":\"fr-FR\",\"potentialAction\":[{\"@type\":\"ReadAction\",\"target\":[\"https:\/\/kedemoseducation.com\/fr\/product\/conte-gulliver-chez-les-geants\/\"]}]},{\"@type\":\"ImageObject\",\"inLanguage\":\"fr-FR\",\"@id\":\"https:\/\/kedemoseducation.com\/fr\/product\/conte-gulliver-chez-les-geants\/#primaryimage\",\"url\":\"https:\/\/i0.wp.com\/kedemoseducation.com\/wp-content\/uploads\/2022\/05\/Gullivier-chez-le-geants.jpg?fit=600%2C800&ssl=1\",\"contentUrl\":\"https:\/\/i0.wp.com\/kedemoseducation.com\/wp-content\/uploads\/2022\/05\/Gullivier-chez-le-geants.jpg?fit=600%2C800&ssl=1\",\"width\":600,\"height\":800,\"caption\":\"Conte Gulliver chez les g\u00e9ants\"},{\"@type\":\"BreadcrumbList\",\"@id\":\"https:\/\/kedemoseducation.com\/fr\/product\/conte-gulliver-chez-les-geants\/#breadcrumb\",\"itemListElement\":[{\"@type\":\"ListItem\",\"position\":1,\"name\":\"Home\",\"item\":\"https:\/\/kedemoseducation.com\/\"},{\"@type\":\"ListItem\",\"position\":2,\"name\":\"All Products\",\"item\":\"https:\/\/kedemoseducation.com\/fr\/shop-2\/tous-les-produits\/\"},{\"@type\":\"ListItem\",\"position\":3,\"name\":\"Stories\",\"item\":\"https:\/\/kedemoseducation.com\/en\/product-category\/storybooks-for-children\/\"},{\"@type\":\"ListItem\",\"position\":4,\"name\":\"French\",\"item\":\"https:\/\/kedemoseducation.com\/en\/product-category\/storybooks-for-children\/french-storybooks\/\"},{\"@type\":\"ListItem\",\"position\":5,\"name\":\"Les grands classiques\",\"item\":\"https:\/\/kedemoseducation.com\/en\/product-category\/storybooks-for-children\/french-storybooks\/les-grands-classiques\/\"},{\"@type\":\"ListItem\",\"position\":6,\"name\":\"Gulliver chez les g\u00e9ants\"}]},{\"@type\":\"WebSite\",\"@id\":\"https:\/\/kedemoseducation.com\/fr\/#website\",\"url\":\"https:\/\/kedemoseducation.com\/fr\/\",\"name\":\"Kedemos Education\",\"description\":\"The Pleasure of Learning\",\"publisher\":{\"@id\":\"https:\/\/kedemoseducation.com\/fr\/#organization\"},\"potentialAction\":[{\"@type\":\"SearchAction\",\"target\":{\"@type\":\"EntryPoint\",\"urlTemplate\":\"https:\/\/kedemoseducation.com\/fr\/?s={search_term_string}\"},\"query-input\":{\"@type\":\"PropertyValueSpecification\",\"valueRequired\":true,\"valueName\":\"search_term_string\"}}],\"inLanguage\":\"fr-FR\"},{\"@type\":\"Organization\",\"@id\":\"https:\/\/kedemoseducation.com\/fr\/#organization\",\"name\":\"Kedemos Education\",\"url\":\"https:\/\/kedemoseducation.com\/fr\/\",\"logo\":{\"@type\":\"ImageObject\",\"inLanguage\":\"fr-FR\",\"@id\":\"https:\/\/kedemoseducation.com\/fr\/#\/schema\/logo\/image\/\",\"url\":\"https:\/\/kedemoseducation.com\/wp-content\/uploads\/2023\/06\/logo-kedemos-education.png\",\"contentUrl\":\"https:\/\/kedemoseducation.com\/wp-content\/uploads\/2023\/06\/logo-kedemos-education.png\",\"width\":2362,\"height\":903,\"caption\":\"Kedemos Education\"},\"image\":{\"@id\":\"https:\/\/kedemoseducation.com\/fr\/#\/schema\/logo\/image\/\"},\"sameAs\":[\"https:\/\/www.facebook.com\/Kedemoseducation\",\"https:\/\/www.instagram.com\/kedemoseducation\/\",\"https:\/\/www.linkedin.com\/company\/kedemos-education\/\"]}]}<\/script>\r\n<!-- \/ Yoast SEO plugin. -->","yoast_head_json":{"title":"Conte Gulliver chez les g\u00e9ants - Kedemos Education","description":"Le conte Gulliver chez les g\u00e9ants fait partie de la collection \u201cLes grands classiques\u201d qui est d\u00e9di\u00e9e aux enfants de 9 \u00e0 11 ans.","robots":{"index":"index","follow":"follow","max-snippet":"max-snippet:-1","max-image-preview":"max-image-preview:large","max-video-preview":"max-video-preview:-1"},"canonical":"https:\/\/kedemoseducation.com\/fr\/product\/conte-gulliver-chez-les-geants\/","og_locale":"fr_FR","og_type":"article","og_title":"Conte Gulliver chez les g\u00e9ants - Kedemos Education","og_description":"Le conte Gulliver chez les g\u00e9ants fait partie de la collection \u201cLes grands classiques\u201d qui est d\u00e9di\u00e9e aux enfants de 9 \u00e0 11 ans.","og_url":"https:\/\/kedemoseducation.com\/fr\/product\/conte-gulliver-chez-les-geants\/","og_site_name":"Kedemos Education","article_publisher":"https:\/\/www.facebook.com\/Kedemoseducation","article_modified_time":"2025-12-26T07:48:12+00:00","og_image":[{"width":600,"height":800,"url":"https:\/\/kedemoseducation.com\/wp-content\/uploads\/2022\/05\/Gullivier-chez-le-geants.jpg","type":"image\/jpeg"}],"twitter_card":"summary_large_image","twitter_misc":{"Dur\u00e9e de lecture estim\u00e9e":"1 minute"},"schema":{"@context":"https:\/\/schema.org","@graph":[{"@type":"WebPage","@id":"https:\/\/kedemoseducation.com\/fr\/product\/conte-gulliver-chez-les-geants\/","url":"https:\/\/kedemoseducation.com\/fr\/product\/conte-gulliver-chez-les-geants\/","name":"Conte Gulliver chez les g\u00e9ants - Kedemos Education","isPartOf":{"@id":"https:\/\/kedemoseducation.com\/fr\/#website"},"primaryImageOfPage":{"@id":"https:\/\/kedemoseducation.com\/fr\/product\/conte-gulliver-chez-les-geants\/#primaryimage"},"image":{"@id":"https:\/\/kedemoseducation.com\/fr\/product\/conte-gulliver-chez-les-geants\/#primaryimage"},"thumbnailUrl":"https:\/\/i0.wp.com\/kedemoseducation.com\/wp-content\/uploads\/2022\/05\/Gullivier-chez-le-geants.jpg?fit=600%2C800&ssl=1","datePublished":"2022-05-05T06:37:17+00:00","dateModified":"2025-12-26T07:48:12+00:00","description":"Le conte Gulliver chez les g\u00e9ants fait partie de la collection \u201cLes grands classiques\u201d qui est d\u00e9di\u00e9e aux enfants de 9 \u00e0 11 ans.","breadcrumb":{"@id":"https:\/\/kedemoseducation.com\/fr\/product\/conte-gulliver-chez-les-geants\/#breadcrumb"},"inLanguage":"fr-FR","potentialAction":[{"@type":"ReadAction","target":["https:\/\/kedemoseducation.com\/fr\/product\/conte-gulliver-chez-les-geants\/"]}]},{"@type":"ImageObject","inLanguage":"fr-FR","@id":"https:\/\/kedemoseducation.com\/fr\/product\/conte-gulliver-chez-les-geants\/#primaryimage","url":"https:\/\/i0.wp.com\/kedemoseducation.com\/wp-content\/uploads\/2022\/05\/Gullivier-chez-le-geants.jpg?fit=600%2C800&ssl=1","contentUrl":"https:\/\/i0.wp.com\/kedemoseducation.com\/wp-content\/uploads\/2022\/05\/Gullivier-chez-le-geants.jpg?fit=600%2C800&ssl=1","width":600,"height":800,"caption":"Conte Gulliver chez les g\u00e9ants"},{"@type":"BreadcrumbList","@id":"https:\/\/kedemoseducation.com\/fr\/product\/conte-gulliver-chez-les-geants\/#breadcrumb","itemListElement":[{"@type":"ListItem","position":1,"name":"Home","item":"https:\/\/kedemoseducation.com\/"},{"@type":"ListItem","position":2,"name":"All Products","item":"https:\/\/kedemoseducation.com\/fr\/shop-2\/tous-les-produits\/"},{"@type":"ListItem","position":3,"name":"Stories","item":"https:\/\/kedemoseducation.com\/en\/product-category\/storybooks-for-children\/"},{"@type":"ListItem","position":4,"name":"French","item":"https:\/\/kedemoseducation.com\/en\/product-category\/storybooks-for-children\/french-storybooks\/"},{"@type":"ListItem","position":5,"name":"Les grands classiques","item":"https:\/\/kedemoseducation.com\/en\/product-category\/storybooks-for-children\/french-storybooks\/les-grands-classiques\/"},{"@type":"ListItem","position":6,"name":"Gulliver chez les g\u00e9ants"}]},{"@type":"WebSite","@id":"https:\/\/kedemoseducation.com\/fr\/#website","url":"https:\/\/kedemoseducation.com\/fr\/","name":"K\u00e9d\u00e9mos Education","description":"Le plaisir d'apprendre","publisher":{"@id":"https:\/\/kedemoseducation.com\/fr\/#organization"},"potentialAction":[{"@type":"SearchAction","target":{"@type":"EntryPoint","urlTemplate":"https:\/\/kedemoseducation.com\/fr\/?s={search_term_string}"},"query-input":{"@type":"PropertyValueSpecification","valueRequired":true,"valueName":"search_term_string"}}],"inLanguage":"fr-FR"},{"@type":"Organization","@id":"https:\/\/kedemoseducation.com\/fr\/#organization","name":"K\u00e9d\u00e9mos Education","url":"https:\/\/kedemoseducation.com\/fr\/","logo":{"@type":"ImageObject","inLanguage":"fr-FR","@id":"https:\/\/kedemoseducation.com\/fr\/#\/schema\/logo\/image\/","url":"https:\/\/kedemoseducation.com\/wp-content\/uploads\/2023\/06\/logo-kedemos-education.png","contentUrl":"https:\/\/kedemoseducation.com\/wp-content\/uploads\/2023\/06\/logo-kedemos-education.png","width":2362,"height":903,"caption":"Kedemos Education"},"image":{"@id":"https:\/\/kedemoseducation.com\/fr\/#\/schema\/logo\/image\/"},"sameAs":["https:\/\/www.facebook.com\/Kedemoseducation","https:\/\/www.instagram.com\/kedemoseducation\/","https:\/\/www.linkedin.com\/company\/kedemos-education\/"]}]}},"jetpack_sharing_enabled":true,"_links":{"self":[{"href":"https:\/\/kedemoseducation.com\/fr\/wp-json\/wp\/v2\/product\/867","targetHints":{"allow":["GET"]}}],"collection":[{"href":"https:\/\/kedemoseducation.com\/fr\/wp-json\/wp\/v2\/product"}],"about":[{"href":"https:\/\/kedemoseducation.com\/fr\/wp-json\/wp\/v2\/types\/product"}],"replies":[{"embeddable":true,"href":"https:\/\/kedemoseducation.com\/fr\/wp-json\/wp\/v2\/comments?post=867"}],"wp:featuredmedia":[{"embeddable":true,"href":"https:\/\/kedemoseducation.com\/fr\/wp-json\/wp\/v2\/media\/7664"}],"wp:attachment":[{"href":"https:\/\/kedemoseducation.com\/fr\/wp-json\/wp\/v2\/media?parent=867"}],"wp:term":[{"taxonomy":"product_brand","embeddable":true,"href":"https:\/\/kedemoseducation.com\/fr\/wp-json\/wp\/v2\/product_brand?post=867"},{"taxonomy":"product_cat","embeddable":true,"href":"https:\/\/kedemoseducation.com\/fr\/wp-json\/wp\/v2\/product_cat?post=867"},{"taxonomy":"product_tag","embeddable":true,"href":"https:\/\/kedemoseducation.com\/fr\/wp-json\/wp\/v2\/product_tag?post=867"}],"curies":[{"name":"wp","href":"https:\/\/api.w.org\/{rel}","templated":true}]}}