{"id":857,"date":"2022-05-05T06:36:51","date_gmt":"2022-05-05T06:36:51","guid":{"rendered":"https:\/\/eshop.classperts.com\/?post_type=product&#038;p=857"},"modified":"2025-12-26T09:48:13","modified_gmt":"2025-12-26T07:48:13","slug":"conte-les-feuilles-dautomne","status":"publish","type":"product","link":"https:\/\/kedemoseducation.com\/fr\/product\/conte-les-feuilles-dautomne\/","title":{"rendered":"Les feuilles d&#8217;automne"},"content":{"rendered":"<h1>Conte Les feuilles d\u2019automne<\/h1>\n<p>Le conte Les feuilles d\u2019automne, de la collection <a href=\"https:\/\/www.instagram.com\/p\/CrNBqmoI1To\/\">Contes pour lire et parler<\/a>, raconte l\u2019histoire de St\u00e9phanie qui est triste pour les feuilles des arbres qui bient\u00f4t, en automne, seront toutes mortes. Mais un jour, sa maman a une id\u00e9e pour ne pas jeter les feuilles mortes ! Quelle est cette id\u00e9e ? Que feront-elles des feuilles mortes ?<\/p>\n<p><strong>Contes pour lire et parler<\/strong><\/p>\n<p>La collection Contes pour lire et parler est d\u00e9di\u00e9e aux enfants de 5 \u00e0 7 ans. Chaque conte est accompagn\u00e9 d\u2019une exploitation p\u00e9dagogique avec plusieurs pages de questions qui testent les connaissances et la compr\u00e9hension du conte lu. La collection comprend 4 albums divertissants pour les petits, sous forme d\u2019histoires th\u00e9matiques :<\/p>\n<p>&nbsp;<\/p>\n<ul>\n<li aria-level=\"1\"><a href=\"https:\/\/kedemoseducation.com\/fr\/product\/conte-les-amis-de-dino\/\">Les amis de Dino<\/a><\/li>\n<li aria-level=\"1\"><a href=\"https:\/\/kedemoseducation.com\/fr\/product\/conte-marilise-veut-une-maison-2\/\">Marilise veut une maison<\/a><\/li>\n<li aria-level=\"1\"><a href=\"https:\/\/kedemoseducation.com\/fr\/product\/conte-les-feuilles-dautomne\/\">Les feuilles d\u2019automne<\/a><\/li>\n<li aria-level=\"1\"><a href=\"https:\/\/kedemoseducation.com\/fr\/product\/conte-watou-lourson-blanc\/\">Watou et l\u2019ourson blanc.<\/a><\/li>\n<\/ul>\n<p>&nbsp;<\/p>\n<p>Nos contes ont pour but d\u2019inspirer les enfants tout en les amusant. Faciles \u00e0 comprendre et \u00e9tant parfaitement adapt\u00e9s \u00e0 leur \u00e2ge, nos histoires sont \u00e9troitement li\u00e9es aux exp\u00e9riences journali\u00e8res des tout petits, et au monde qui les fascine.<\/p>\n<p>Chacun de ces 4 albums est illustr\u00e9 par de belles images en couleurs. Les textes sont de grande taille pour faciliter la lecture aux enfants.<\/p>\n<p>Les contes sont disponibles uniquement en grand format, et peuvent \u00eatre achet\u00e9s individuellement ou en <a href=\"https:\/\/kedemoseducation.com\/fr\/product\/collection-contes-pour-lire-et-parler\/\">bouquet de contes<\/a>.<\/p>","protected":false},"excerpt":{"rendered":"<p>Cette collection de contes propose des r\u00e9cits passionnants, faciles \u00e0 lire et \u00e0 comprendre. Chaque ouvrage comprend des exercices de prolongement propres \u00e0 faire parler l&#8217;enfant, tout en enrichissant son vocabulaire.<\/p>","protected":false},"featured_media":7804,"comment_status":"closed","ping_status":"closed","template":"","meta":{"_monsterinsights_skip_tracking":false,"_monsterinsights_sitenote_active":false,"_monsterinsights_sitenote_note":"","_monsterinsights_sitenote_category":0},"product_brand":[],"product_cat":[159,151,170],"product_tag":[313],"class_list":{"0":"post-857","1":"product","2":"type-product","3":"status-publish","4":"has-post-thumbnail","6":"product_cat-french-storybooks","7":"product_cat-storybooks-for-children","8":"product_cat-conte-pour-lire-et-parler","9":"product_tag-5-7-years-old","11":"first","12":"instock","13":"shipping-taxable","14":"purchasable","15":"product-type-simple"},"yoast_head":"<!-- This site is optimized with the Yoast SEO plugin v26.4 - https:\/\/yoast.com\/wordpress\/plugins\/seo\/ -->\r\n<title>Conte Les feuilles d&#039;automne - Kedemos Education<\/title>\r\n<meta name=\"description\" content=\"Les feuilles d\u2019automne : St\u00e9phanie s&#039;inqui\u00e8te pour les feuilles, mais sa maman a une id\u00e9e pour les r\u00e9utiliser.\" \/>\r\n<meta name=\"robots\" content=\"index, follow, max-snippet:-1, max-image-preview:large, max-video-preview:-1\" \/>\r\n<link rel=\"canonical\" href=\"https:\/\/kedemoseducation.com\/fr\/product\/conte-les-feuilles-dautomne\/\" \/>\r\n<meta property=\"og:locale\" content=\"fr_FR\" \/>\r\n<meta property=\"og:type\" content=\"article\" \/>\r\n<meta property=\"og:title\" content=\"Conte Les feuilles d&#039;automne - Kedemos Education\" \/>\r\n<meta property=\"og:description\" content=\"Les feuilles d\u2019automne : St\u00e9phanie s&#039;inqui\u00e8te pour les feuilles, mais sa maman a une id\u00e9e pour les r\u00e9utiliser.\" \/>\r\n<meta property=\"og:url\" content=\"https:\/\/kedemoseducation.com\/fr\/product\/conte-les-feuilles-dautomne\/\" \/>\r\n<meta property=\"og:site_name\" content=\"Kedemos Education\" \/>\r\n<meta property=\"article:publisher\" content=\"https:\/\/www.facebook.com\/Kedemoseducation\" \/>\r\n<meta property=\"article:modified_time\" content=\"2025-12-26T07:48:13+00:00\" \/>\r\n<meta property=\"og:image\" content=\"https:\/\/kedemoseducation.com\/wp-content\/uploads\/2022\/05\/les-feuilles-dautomne-new.jpg\" \/>\r\n\t<meta property=\"og:image:width\" content=\"600\" \/>\r\n\t<meta property=\"og:image:height\" content=\"800\" \/>\r\n\t<meta property=\"og:image:type\" content=\"image\/jpeg\" \/>\r\n<meta name=\"twitter:card\" content=\"summary_large_image\" \/>\r\n<meta name=\"twitter:label1\" content=\"Dur\u00e9e de lecture estim\u00e9e\" \/>\n\t<meta name=\"twitter:data1\" content=\"2 minutes\" \/>\r\n<script type=\"application\/ld+json\" class=\"yoast-schema-graph\">{\"@context\":\"https:\/\/schema.org\",\"@graph\":[{\"@type\":\"WebPage\",\"@id\":\"https:\/\/kedemoseducation.com\/fr\/product\/conte-les-feuilles-dautomne\/\",\"url\":\"https:\/\/kedemoseducation.com\/fr\/product\/conte-les-feuilles-dautomne\/\",\"name\":\"Conte Les feuilles d'automne - Kedemos Education\",\"isPartOf\":{\"@id\":\"https:\/\/kedemoseducation.com\/fr\/#website\"},\"primaryImageOfPage\":{\"@id\":\"https:\/\/kedemoseducation.com\/fr\/product\/conte-les-feuilles-dautomne\/#primaryimage\"},\"image\":{\"@id\":\"https:\/\/kedemoseducation.com\/fr\/product\/conte-les-feuilles-dautomne\/#primaryimage\"},\"thumbnailUrl\":\"https:\/\/i0.wp.com\/kedemoseducation.com\/wp-content\/uploads\/2022\/05\/les-feuilles-dautomne-new.jpg?fit=600%2C800&ssl=1\",\"datePublished\":\"2022-05-05T06:36:51+00:00\",\"dateModified\":\"2025-12-26T07:48:13+00:00\",\"description\":\"Les feuilles d\u2019automne : St\u00e9phanie s'inqui\u00e8te pour les feuilles, mais sa maman a une id\u00e9e pour les r\u00e9utiliser.\",\"breadcrumb\":{\"@id\":\"https:\/\/kedemoseducation.com\/fr\/product\/conte-les-feuilles-dautomne\/#breadcrumb\"},\"inLanguage\":\"fr-FR\",\"potentialAction\":[{\"@type\":\"ReadAction\",\"target\":[\"https:\/\/kedemoseducation.com\/fr\/product\/conte-les-feuilles-dautomne\/\"]}]},{\"@type\":\"ImageObject\",\"inLanguage\":\"fr-FR\",\"@id\":\"https:\/\/kedemoseducation.com\/fr\/product\/conte-les-feuilles-dautomne\/#primaryimage\",\"url\":\"https:\/\/i0.wp.com\/kedemoseducation.com\/wp-content\/uploads\/2022\/05\/les-feuilles-dautomne-new.jpg?fit=600%2C800&ssl=1\",\"contentUrl\":\"https:\/\/i0.wp.com\/kedemoseducation.com\/wp-content\/uploads\/2022\/05\/les-feuilles-dautomne-new.jpg?fit=600%2C800&ssl=1\",\"width\":600,\"height\":800,\"caption\":\"Conte Les feuilles d\u2019automne\"},{\"@type\":\"BreadcrumbList\",\"@id\":\"https:\/\/kedemoseducation.com\/fr\/product\/conte-les-feuilles-dautomne\/#breadcrumb\",\"itemListElement\":[{\"@type\":\"ListItem\",\"position\":1,\"name\":\"Home\",\"item\":\"https:\/\/kedemoseducation.com\/\"},{\"@type\":\"ListItem\",\"position\":2,\"name\":\"All Products\",\"item\":\"https:\/\/kedemoseducation.com\/fr\/shop-2\/tous-les-produits\/\"},{\"@type\":\"ListItem\",\"position\":3,\"name\":\"Stories\",\"item\":\"https:\/\/kedemoseducation.com\/en\/product-category\/storybooks-for-children\/\"},{\"@type\":\"ListItem\",\"position\":4,\"name\":\"French\",\"item\":\"https:\/\/kedemoseducation.com\/en\/product-category\/storybooks-for-children\/french-storybooks\/\"},{\"@type\":\"ListItem\",\"position\":5,\"name\":\"Conte pour lire et parler\",\"item\":\"https:\/\/kedemoseducation.com\/fr\/categorie-de-produit\/contes-pour-enfants\/contes-en-francais\/conte-pour-lire-et-parler\/\"},{\"@type\":\"ListItem\",\"position\":6,\"name\":\"Les feuilles d&#8217;automne\"}]},{\"@type\":\"WebSite\",\"@id\":\"https:\/\/kedemoseducation.com\/fr\/#website\",\"url\":\"https:\/\/kedemoseducation.com\/fr\/\",\"name\":\"Kedemos Education\",\"description\":\"The Pleasure of Learning\",\"publisher\":{\"@id\":\"https:\/\/kedemoseducation.com\/fr\/#organization\"},\"potentialAction\":[{\"@type\":\"SearchAction\",\"target\":{\"@type\":\"EntryPoint\",\"urlTemplate\":\"https:\/\/kedemoseducation.com\/fr\/?s={search_term_string}\"},\"query-input\":{\"@type\":\"PropertyValueSpecification\",\"valueRequired\":true,\"valueName\":\"search_term_string\"}}],\"inLanguage\":\"fr-FR\"},{\"@type\":\"Organization\",\"@id\":\"https:\/\/kedemoseducation.com\/fr\/#organization\",\"name\":\"Kedemos Education\",\"url\":\"https:\/\/kedemoseducation.com\/fr\/\",\"logo\":{\"@type\":\"ImageObject\",\"inLanguage\":\"fr-FR\",\"@id\":\"https:\/\/kedemoseducation.com\/fr\/#\/schema\/logo\/image\/\",\"url\":\"https:\/\/kedemoseducation.com\/wp-content\/uploads\/2023\/06\/logo-kedemos-education.png\",\"contentUrl\":\"https:\/\/kedemoseducation.com\/wp-content\/uploads\/2023\/06\/logo-kedemos-education.png\",\"width\":2362,\"height\":903,\"caption\":\"Kedemos Education\"},\"image\":{\"@id\":\"https:\/\/kedemoseducation.com\/fr\/#\/schema\/logo\/image\/\"},\"sameAs\":[\"https:\/\/www.facebook.com\/Kedemoseducation\",\"https:\/\/www.instagram.com\/kedemoseducation\/\",\"https:\/\/www.linkedin.com\/company\/kedemos-education\/\"]}]}<\/script>\r\n<!-- \/ Yoast SEO plugin. -->","yoast_head_json":{"title":"Conte Les feuilles d'automne - Kedemos Education","description":"Les feuilles d\u2019automne : St\u00e9phanie s'inqui\u00e8te pour les feuilles, mais sa maman a une id\u00e9e pour les r\u00e9utiliser.","robots":{"index":"index","follow":"follow","max-snippet":"max-snippet:-1","max-image-preview":"max-image-preview:large","max-video-preview":"max-video-preview:-1"},"canonical":"https:\/\/kedemoseducation.com\/fr\/product\/conte-les-feuilles-dautomne\/","og_locale":"fr_FR","og_type":"article","og_title":"Conte Les feuilles d'automne - Kedemos Education","og_description":"Les feuilles d\u2019automne : St\u00e9phanie s'inqui\u00e8te pour les feuilles, mais sa maman a une id\u00e9e pour les r\u00e9utiliser.","og_url":"https:\/\/kedemoseducation.com\/fr\/product\/conte-les-feuilles-dautomne\/","og_site_name":"Kedemos Education","article_publisher":"https:\/\/www.facebook.com\/Kedemoseducation","article_modified_time":"2025-12-26T07:48:13+00:00","og_image":[{"width":600,"height":800,"url":"https:\/\/kedemoseducation.com\/wp-content\/uploads\/2022\/05\/les-feuilles-dautomne-new.jpg","type":"image\/jpeg"}],"twitter_card":"summary_large_image","twitter_misc":{"Dur\u00e9e de lecture estim\u00e9e":"2 minutes"},"schema":{"@context":"https:\/\/schema.org","@graph":[{"@type":"WebPage","@id":"https:\/\/kedemoseducation.com\/fr\/product\/conte-les-feuilles-dautomne\/","url":"https:\/\/kedemoseducation.com\/fr\/product\/conte-les-feuilles-dautomne\/","name":"Conte Les feuilles d'automne - Kedemos Education","isPartOf":{"@id":"https:\/\/kedemoseducation.com\/fr\/#website"},"primaryImageOfPage":{"@id":"https:\/\/kedemoseducation.com\/fr\/product\/conte-les-feuilles-dautomne\/#primaryimage"},"image":{"@id":"https:\/\/kedemoseducation.com\/fr\/product\/conte-les-feuilles-dautomne\/#primaryimage"},"thumbnailUrl":"https:\/\/i0.wp.com\/kedemoseducation.com\/wp-content\/uploads\/2022\/05\/les-feuilles-dautomne-new.jpg?fit=600%2C800&ssl=1","datePublished":"2022-05-05T06:36:51+00:00","dateModified":"2025-12-26T07:48:13+00:00","description":"Les feuilles d\u2019automne : St\u00e9phanie s'inqui\u00e8te pour les feuilles, mais sa maman a une id\u00e9e pour les r\u00e9utiliser.","breadcrumb":{"@id":"https:\/\/kedemoseducation.com\/fr\/product\/conte-les-feuilles-dautomne\/#breadcrumb"},"inLanguage":"fr-FR","potentialAction":[{"@type":"ReadAction","target":["https:\/\/kedemoseducation.com\/fr\/product\/conte-les-feuilles-dautomne\/"]}]},{"@type":"ImageObject","inLanguage":"fr-FR","@id":"https:\/\/kedemoseducation.com\/fr\/product\/conte-les-feuilles-dautomne\/#primaryimage","url":"https:\/\/i0.wp.com\/kedemoseducation.com\/wp-content\/uploads\/2022\/05\/les-feuilles-dautomne-new.jpg?fit=600%2C800&ssl=1","contentUrl":"https:\/\/i0.wp.com\/kedemoseducation.com\/wp-content\/uploads\/2022\/05\/les-feuilles-dautomne-new.jpg?fit=600%2C800&ssl=1","width":600,"height":800,"caption":"Conte Les feuilles d\u2019automne"},{"@type":"BreadcrumbList","@id":"https:\/\/kedemoseducation.com\/fr\/product\/conte-les-feuilles-dautomne\/#breadcrumb","itemListElement":[{"@type":"ListItem","position":1,"name":"Home","item":"https:\/\/kedemoseducation.com\/"},{"@type":"ListItem","position":2,"name":"All Products","item":"https:\/\/kedemoseducation.com\/fr\/shop-2\/tous-les-produits\/"},{"@type":"ListItem","position":3,"name":"Stories","item":"https:\/\/kedemoseducation.com\/en\/product-category\/storybooks-for-children\/"},{"@type":"ListItem","position":4,"name":"French","item":"https:\/\/kedemoseducation.com\/en\/product-category\/storybooks-for-children\/french-storybooks\/"},{"@type":"ListItem","position":5,"name":"Conte pour lire et parler","item":"https:\/\/kedemoseducation.com\/fr\/categorie-de-produit\/contes-pour-enfants\/contes-en-francais\/conte-pour-lire-et-parler\/"},{"@type":"ListItem","position":6,"name":"Les feuilles d&#8217;automne"}]},{"@type":"WebSite","@id":"https:\/\/kedemoseducation.com\/fr\/#website","url":"https:\/\/kedemoseducation.com\/fr\/","name":"K\u00e9d\u00e9mos Education","description":"Le plaisir d'apprendre","publisher":{"@id":"https:\/\/kedemoseducation.com\/fr\/#organization"},"potentialAction":[{"@type":"SearchAction","target":{"@type":"EntryPoint","urlTemplate":"https:\/\/kedemoseducation.com\/fr\/?s={search_term_string}"},"query-input":{"@type":"PropertyValueSpecification","valueRequired":true,"valueName":"search_term_string"}}],"inLanguage":"fr-FR"},{"@type":"Organization","@id":"https:\/\/kedemoseducation.com\/fr\/#organization","name":"K\u00e9d\u00e9mos Education","url":"https:\/\/kedemoseducation.com\/fr\/","logo":{"@type":"ImageObject","inLanguage":"fr-FR","@id":"https:\/\/kedemoseducation.com\/fr\/#\/schema\/logo\/image\/","url":"https:\/\/kedemoseducation.com\/wp-content\/uploads\/2023\/06\/logo-kedemos-education.png","contentUrl":"https:\/\/kedemoseducation.com\/wp-content\/uploads\/2023\/06\/logo-kedemos-education.png","width":2362,"height":903,"caption":"Kedemos Education"},"image":{"@id":"https:\/\/kedemoseducation.com\/fr\/#\/schema\/logo\/image\/"},"sameAs":["https:\/\/www.facebook.com\/Kedemoseducation","https:\/\/www.instagram.com\/kedemoseducation\/","https:\/\/www.linkedin.com\/company\/kedemos-education\/"]}]}},"jetpack_sharing_enabled":true,"_links":{"self":[{"href":"https:\/\/kedemoseducation.com\/fr\/wp-json\/wp\/v2\/product\/857","targetHints":{"allow":["GET"]}}],"collection":[{"href":"https:\/\/kedemoseducation.com\/fr\/wp-json\/wp\/v2\/product"}],"about":[{"href":"https:\/\/kedemoseducation.com\/fr\/wp-json\/wp\/v2\/types\/product"}],"replies":[{"embeddable":true,"href":"https:\/\/kedemoseducation.com\/fr\/wp-json\/wp\/v2\/comments?post=857"}],"wp:featuredmedia":[{"embeddable":true,"href":"https:\/\/kedemoseducation.com\/fr\/wp-json\/wp\/v2\/media\/7804"}],"wp:attachment":[{"href":"https:\/\/kedemoseducation.com\/fr\/wp-json\/wp\/v2\/media?parent=857"}],"wp:term":[{"taxonomy":"product_brand","embeddable":true,"href":"https:\/\/kedemoseducation.com\/fr\/wp-json\/wp\/v2\/product_brand?post=857"},{"taxonomy":"product_cat","embeddable":true,"href":"https:\/\/kedemoseducation.com\/fr\/wp-json\/wp\/v2\/product_cat?post=857"},{"taxonomy":"product_tag","embeddable":true,"href":"https:\/\/kedemoseducation.com\/fr\/wp-json\/wp\/v2\/product_tag?post=857"}],"curies":[{"name":"wp","href":"https:\/\/api.w.org\/{rel}","templated":true}]}}