{"id":788,"date":"2022-05-05T06:33:11","date_gmt":"2022-05-05T06:33:11","guid":{"rendered":"https:\/\/eshop.classperts.com\/?post_type=product&#038;p=788"},"modified":"2025-12-26T09:48:15","modified_gmt":"2025-12-26T07:48:15","slug":"conte-les-chatons-de-sami","status":"publish","type":"product","link":"https:\/\/kedemoseducation.com\/fr\/product\/conte-les-chatons-de-sami\/","title":{"rendered":"Les chatons de Sami"},"content":{"rendered":"<h1>Conte Les chatons de Sami<\/h1>\n<p>Le conte Les chatons de Sami est le premier de la collection <a href=\"https:\/\/www.instagram.com\/p\/CcMlKW8qfXK\/\">Historiettes pour pitchounets et pitchounettes &#8211; S\u00e9rie Bleue. <\/a>Il raconte l\u2019histoire des deux chatons de Sami, Mimi et Minou, qui veulent accompagner le gar\u00e7on \u00e0 l\u2019\u00e9cole. Sami n&#8217;accepte pas de les prendre, alors les chatons se glissent dans son cartable sans qu\u2019il ne le sache. Que va-t-il se passer \u00e0 l\u2019\u00e9cole ? Et comment r\u00e9agira la ma\u00eetresse de Sami ?<\/p>\n<p>Contes Historiettes pour pitchounets et pitchounettes<\/p>\n<p>La collection <a href=\"https:\/\/www.instagram.com\/p\/CuBydRooNEI\/\">Historiettes pour pitchounets et pitchounettes<\/a> est d\u00e9di\u00e9e aux \u00e9l\u00e8ves de la <a href=\"https:\/\/kedemoseducation.com\/fr\/produit\/grande-section-livre-de-lecture-aec\/\">Grande Section (GS),<\/a> soit les enfants de 5 \u00e0 6 ans. Elle comprend 12 albums divertissants pour les petits, sous forme d\u2019histoires th\u00e9matiques :<\/p>\n<p>&nbsp;<\/p>\n<ul>\n<li aria-level=\"1\">Les chatons de Sami<\/li>\n<li aria-level=\"1\"><a href=\"https:\/\/kedemoseducation.com\/fr\/produit\/conte-la-surprise\/\">La surprise<\/a><\/li>\n<li aria-level=\"1\"><a href=\"https:\/\/kedemoseducation.com\/fr\/produit\/conte-cedric-va-t-il-se-baigner\/\">C\u00e9dric va-t-il se baigner ?<\/a><\/li>\n<li aria-level=\"1\"><a href=\"https:\/\/kedemoseducation.com\/fr\/produit\/conte-les-amis-de-dino-2\/\">Les amis de Dino<\/a><\/li>\n<li aria-level=\"1\"><a href=\"https:\/\/kedemoseducation.com\/fr\/produit\/conte-vive-la-montagne\/\">Vive la montagne !<\/a><\/li>\n<li aria-level=\"1\"><a href=\"https:\/\/kedemoseducation.com\/fr\/produit\/conte-petite-maman\/\">Petite maman<\/a><\/li>\n<li aria-level=\"1\"><a href=\"https:\/\/kedemoseducation.com\/fr\/produit\/conte-la-vieille-voiture\/\">La vieille voiture<\/a><\/li>\n<li aria-level=\"1\"><a href=\"https:\/\/kedemoseducation.com\/fr\/produit\/conte-mais-ou-sont-donc-passes-les-animaux\/\">Mais o\u00f9 sont donc pass\u00e9s les animaux ?<\/a><\/li>\n<li aria-level=\"1\"><a href=\"https:\/\/kedemoseducation.com\/fr\/produit\/conte-le-cerisier-et-lhirondelle\/\">Le cerisier et l\u2019hirondelle<\/a><\/li>\n<li aria-level=\"1\"><a href=\"https:\/\/kedemoseducation.com\/fr\/produit\/conte-colin-l-epouvantail\/\">Colin, l\u2019\u00e9pouvantail<\/a><\/li>\n<li aria-level=\"1\"><a href=\"https:\/\/kedemoseducation.com\/fr\/produit\/conte-la-revanche-de-panpan\/\">La revanche de Panpan<\/a><\/li>\n<li aria-level=\"1\"><a href=\"https:\/\/kedemoseducation.com\/fr\/produit\/conte-la-partie-de-peche\/\">La partie de p\u00eache.<\/a><\/li>\n<\/ul>\n<p>Nos contes ont pour but d\u2019inspirer les enfants tout en les divertissant. Faciles \u00e0 comprendre et \u00e9tant parfaitement adapt\u00e9s \u00e0 leur \u00e2ge, nos histoires sont \u00e9troitement li\u00e9es aux exp\u00e9riences journali\u00e8res des tout petits, et au monde qui les fascine.<\/p>\n<p>Chacun de ces 12 albums est illustr\u00e9 par de belles images en couleurs. Les textes sont de grande taille pour faciliter la lecture aux enfants.<\/p>\n<p>Les contes sont disponibles uniquement en grand format, et peuvent \u00eatre achet\u00e9s individuellement ou en <a href=\"https:\/\/kedemoseducation.com\/fr\/produit\/collection-historiettes-pour-pitchounets-et-pitchounettes\/\">bouquet de contes<\/a>. Il convient de signaler que le th\u00e8me de chaque conte est en rapport direct avec les apprentissages dans le <a href=\"https:\/\/kedemoseducation.com\/fr\/produit\/grande-section-livre-de-lecture-aec\/\">manuel pour la GS<\/a>.<\/p>","protected":false},"excerpt":{"rendered":"<p><span style=\"font-weight: 400;\">Cette collection de contes est adapt\u00e9e \u00e0 nos enfants de 6 \u00e0 9 ans. Elle comprend 12 albums tout en couleur, avec de splendides illustrations de grand format, sp\u00e9cialement con\u00e7ues pour contribuer \u00e0 une meilleure compr\u00e9hension du r\u00e9cit et \u00e0 l&#8217;enrichissement lexical.<\/span><\/p>","protected":false},"featured_media":12056,"comment_status":"closed","ping_status":"closed","template":"","meta":{"_monsterinsights_skip_tracking":false,"_monsterinsights_sitenote_active":false,"_monsterinsights_sitenote_note":"","_monsterinsights_sitenote_category":0},"product_brand":[],"product_cat":[159,207,151,178],"product_tag":[312],"class_list":{"0":"post-788","1":"product","2":"type-product","3":"status-publish","4":"has-post-thumbnail","6":"product_cat-french-storybooks","7":"product_cat-new-releases","8":"product_cat-storybooks-for-children","9":"product_cat-historiettes-pour-pitchounets-et-pitchounettes","10":"product_tag-3-5-years-old","12":"first","13":"instock","14":"shipping-taxable","15":"purchasable","16":"product-type-simple"},"yoast_head":"<!-- This site is optimized with the Yoast SEO plugin v26.4 - https:\/\/yoast.com\/wordpress\/plugins\/seo\/ -->\r\n<title>Le conte Les chatons de Sami - Kedemos Education<\/title>\r\n<meta name=\"description\" content=\"Le conte Les chatons de Sami raconte l\u2019histoire des deux chatons de Sami, Mimi et Minou, qui veulent accompagner le gar\u00e7on \u00e0 l\u2019\u00e9cole.\" \/>\r\n<meta name=\"robots\" content=\"index, follow, max-snippet:-1, max-image-preview:large, max-video-preview:-1\" \/>\r\n<link rel=\"canonical\" href=\"https:\/\/kedemoseducation.com\/fr\/product\/conte-les-chatons-de-sami\/\" \/>\r\n<meta property=\"og:locale\" content=\"fr_FR\" \/>\r\n<meta property=\"og:type\" content=\"article\" \/>\r\n<meta property=\"og:title\" content=\"Le conte Les chatons de Sami - Kedemos Education\" \/>\r\n<meta property=\"og:description\" content=\"Le conte Les chatons de Sami raconte l\u2019histoire des deux chatons de Sami, Mimi et Minou, qui veulent accompagner le gar\u00e7on \u00e0 l\u2019\u00e9cole.\" \/>\r\n<meta property=\"og:url\" content=\"https:\/\/kedemoseducation.com\/fr\/product\/conte-les-chatons-de-sami\/\" \/>\r\n<meta property=\"og:site_name\" content=\"Kedemos Education\" \/>\r\n<meta property=\"article:publisher\" content=\"https:\/\/www.facebook.com\/Kedemoseducation\" \/>\r\n<meta property=\"article:modified_time\" content=\"2025-12-26T07:48:15+00:00\" \/>\r\n<meta property=\"og:image\" content=\"https:\/\/kedemoseducation.com\/wp-content\/uploads\/2022\/05\/Les-chatons-de-Sami-1.jpg\" \/>\r\n\t<meta property=\"og:image:width\" content=\"600\" \/>\r\n\t<meta property=\"og:image:height\" content=\"800\" \/>\r\n\t<meta property=\"og:image:type\" content=\"image\/jpeg\" \/>\r\n<meta name=\"twitter:card\" content=\"summary_large_image\" \/>\r\n<meta name=\"twitter:label1\" content=\"Dur\u00e9e de lecture estim\u00e9e\" \/>\n\t<meta name=\"twitter:data1\" content=\"2 minutes\" \/>\r\n<script type=\"application\/ld+json\" class=\"yoast-schema-graph\">{\"@context\":\"https:\/\/schema.org\",\"@graph\":[{\"@type\":\"WebPage\",\"@id\":\"https:\/\/kedemoseducation.com\/fr\/product\/conte-les-chatons-de-sami\/\",\"url\":\"https:\/\/kedemoseducation.com\/fr\/product\/conte-les-chatons-de-sami\/\",\"name\":\"Le conte Les chatons de Sami - Kedemos Education\",\"isPartOf\":{\"@id\":\"https:\/\/kedemoseducation.com\/fr\/#website\"},\"primaryImageOfPage\":{\"@id\":\"https:\/\/kedemoseducation.com\/fr\/product\/conte-les-chatons-de-sami\/#primaryimage\"},\"image\":{\"@id\":\"https:\/\/kedemoseducation.com\/fr\/product\/conte-les-chatons-de-sami\/#primaryimage\"},\"thumbnailUrl\":\"https:\/\/i0.wp.com\/kedemoseducation.com\/wp-content\/uploads\/2022\/05\/Les-chatons-de-Sami-1.jpg?fit=600%2C800&ssl=1\",\"datePublished\":\"2022-05-05T06:33:11+00:00\",\"dateModified\":\"2025-12-26T07:48:15+00:00\",\"description\":\"Le conte Les chatons de Sami raconte l\u2019histoire des deux chatons de Sami, Mimi et Minou, qui veulent accompagner le gar\u00e7on \u00e0 l\u2019\u00e9cole.\",\"breadcrumb\":{\"@id\":\"https:\/\/kedemoseducation.com\/fr\/product\/conte-les-chatons-de-sami\/#breadcrumb\"},\"inLanguage\":\"fr-FR\",\"potentialAction\":[{\"@type\":\"ReadAction\",\"target\":[\"https:\/\/kedemoseducation.com\/fr\/product\/conte-les-chatons-de-sami\/\"]}]},{\"@type\":\"ImageObject\",\"inLanguage\":\"fr-FR\",\"@id\":\"https:\/\/kedemoseducation.com\/fr\/product\/conte-les-chatons-de-sami\/#primaryimage\",\"url\":\"https:\/\/i0.wp.com\/kedemoseducation.com\/wp-content\/uploads\/2022\/05\/Les-chatons-de-Sami-1.jpg?fit=600%2C800&ssl=1\",\"contentUrl\":\"https:\/\/i0.wp.com\/kedemoseducation.com\/wp-content\/uploads\/2022\/05\/Les-chatons-de-Sami-1.jpg?fit=600%2C800&ssl=1\",\"width\":600,\"height\":800,\"caption\":\"Conte Les chatons de Sami\"},{\"@type\":\"BreadcrumbList\",\"@id\":\"https:\/\/kedemoseducation.com\/fr\/product\/conte-les-chatons-de-sami\/#breadcrumb\",\"itemListElement\":[{\"@type\":\"ListItem\",\"position\":1,\"name\":\"Home\",\"item\":\"https:\/\/kedemoseducation.com\/\"},{\"@type\":\"ListItem\",\"position\":2,\"name\":\"All Products\",\"item\":\"https:\/\/kedemoseducation.com\/fr\/shop-2\/tous-les-produits\/\"},{\"@type\":\"ListItem\",\"position\":3,\"name\":\"New Releases\",\"item\":\"https:\/\/kedemoseducation.com\/fr\/categorie-de-produit\/nouvelle-publication\/\"},{\"@type\":\"ListItem\",\"position\":4,\"name\":\"Les chatons de Sami\"}]},{\"@type\":\"WebSite\",\"@id\":\"https:\/\/kedemoseducation.com\/fr\/#website\",\"url\":\"https:\/\/kedemoseducation.com\/fr\/\",\"name\":\"Kedemos Education\",\"description\":\"The Pleasure of Learning\",\"publisher\":{\"@id\":\"https:\/\/kedemoseducation.com\/fr\/#organization\"},\"potentialAction\":[{\"@type\":\"SearchAction\",\"target\":{\"@type\":\"EntryPoint\",\"urlTemplate\":\"https:\/\/kedemoseducation.com\/fr\/?s={search_term_string}\"},\"query-input\":{\"@type\":\"PropertyValueSpecification\",\"valueRequired\":true,\"valueName\":\"search_term_string\"}}],\"inLanguage\":\"fr-FR\"},{\"@type\":\"Organization\",\"@id\":\"https:\/\/kedemoseducation.com\/fr\/#organization\",\"name\":\"Kedemos Education\",\"url\":\"https:\/\/kedemoseducation.com\/fr\/\",\"logo\":{\"@type\":\"ImageObject\",\"inLanguage\":\"fr-FR\",\"@id\":\"https:\/\/kedemoseducation.com\/fr\/#\/schema\/logo\/image\/\",\"url\":\"https:\/\/kedemoseducation.com\/wp-content\/uploads\/2023\/06\/logo-kedemos-education.png\",\"contentUrl\":\"https:\/\/kedemoseducation.com\/wp-content\/uploads\/2023\/06\/logo-kedemos-education.png\",\"width\":2362,\"height\":903,\"caption\":\"Kedemos Education\"},\"image\":{\"@id\":\"https:\/\/kedemoseducation.com\/fr\/#\/schema\/logo\/image\/\"},\"sameAs\":[\"https:\/\/www.facebook.com\/Kedemoseducation\",\"https:\/\/www.instagram.com\/kedemoseducation\/\",\"https:\/\/www.linkedin.com\/company\/kedemos-education\/\"]}]}<\/script>\r\n<!-- \/ Yoast SEO plugin. -->","yoast_head_json":{"title":"Le conte Les chatons de Sami - Kedemos Education","description":"Le conte Les chatons de Sami raconte l\u2019histoire des deux chatons de Sami, Mimi et Minou, qui veulent accompagner le gar\u00e7on \u00e0 l\u2019\u00e9cole.","robots":{"index":"index","follow":"follow","max-snippet":"max-snippet:-1","max-image-preview":"max-image-preview:large","max-video-preview":"max-video-preview:-1"},"canonical":"https:\/\/kedemoseducation.com\/fr\/product\/conte-les-chatons-de-sami\/","og_locale":"fr_FR","og_type":"article","og_title":"Le conte Les chatons de Sami - Kedemos Education","og_description":"Le conte Les chatons de Sami raconte l\u2019histoire des deux chatons de Sami, Mimi et Minou, qui veulent accompagner le gar\u00e7on \u00e0 l\u2019\u00e9cole.","og_url":"https:\/\/kedemoseducation.com\/fr\/product\/conte-les-chatons-de-sami\/","og_site_name":"Kedemos Education","article_publisher":"https:\/\/www.facebook.com\/Kedemoseducation","article_modified_time":"2025-12-26T07:48:15+00:00","og_image":[{"width":600,"height":800,"url":"https:\/\/kedemoseducation.com\/wp-content\/uploads\/2022\/05\/Les-chatons-de-Sami-1.jpg","type":"image\/jpeg"}],"twitter_card":"summary_large_image","twitter_misc":{"Dur\u00e9e de lecture estim\u00e9e":"2 minutes"},"schema":{"@context":"https:\/\/schema.org","@graph":[{"@type":"WebPage","@id":"https:\/\/kedemoseducation.com\/fr\/product\/conte-les-chatons-de-sami\/","url":"https:\/\/kedemoseducation.com\/fr\/product\/conte-les-chatons-de-sami\/","name":"Le conte Les chatons de Sami - Kedemos Education","isPartOf":{"@id":"https:\/\/kedemoseducation.com\/fr\/#website"},"primaryImageOfPage":{"@id":"https:\/\/kedemoseducation.com\/fr\/product\/conte-les-chatons-de-sami\/#primaryimage"},"image":{"@id":"https:\/\/kedemoseducation.com\/fr\/product\/conte-les-chatons-de-sami\/#primaryimage"},"thumbnailUrl":"https:\/\/i0.wp.com\/kedemoseducation.com\/wp-content\/uploads\/2022\/05\/Les-chatons-de-Sami-1.jpg?fit=600%2C800&ssl=1","datePublished":"2022-05-05T06:33:11+00:00","dateModified":"2025-12-26T07:48:15+00:00","description":"Le conte Les chatons de Sami raconte l\u2019histoire des deux chatons de Sami, Mimi et Minou, qui veulent accompagner le gar\u00e7on \u00e0 l\u2019\u00e9cole.","breadcrumb":{"@id":"https:\/\/kedemoseducation.com\/fr\/product\/conte-les-chatons-de-sami\/#breadcrumb"},"inLanguage":"fr-FR","potentialAction":[{"@type":"ReadAction","target":["https:\/\/kedemoseducation.com\/fr\/product\/conte-les-chatons-de-sami\/"]}]},{"@type":"ImageObject","inLanguage":"fr-FR","@id":"https:\/\/kedemoseducation.com\/fr\/product\/conte-les-chatons-de-sami\/#primaryimage","url":"https:\/\/i0.wp.com\/kedemoseducation.com\/wp-content\/uploads\/2022\/05\/Les-chatons-de-Sami-1.jpg?fit=600%2C800&ssl=1","contentUrl":"https:\/\/i0.wp.com\/kedemoseducation.com\/wp-content\/uploads\/2022\/05\/Les-chatons-de-Sami-1.jpg?fit=600%2C800&ssl=1","width":600,"height":800,"caption":"Conte Les chatons de Sami"},{"@type":"BreadcrumbList","@id":"https:\/\/kedemoseducation.com\/fr\/product\/conte-les-chatons-de-sami\/#breadcrumb","itemListElement":[{"@type":"ListItem","position":1,"name":"Home","item":"https:\/\/kedemoseducation.com\/"},{"@type":"ListItem","position":2,"name":"All Products","item":"https:\/\/kedemoseducation.com\/fr\/shop-2\/tous-les-produits\/"},{"@type":"ListItem","position":3,"name":"New Releases","item":"https:\/\/kedemoseducation.com\/fr\/categorie-de-produit\/nouvelle-publication\/"},{"@type":"ListItem","position":4,"name":"Les chatons de Sami"}]},{"@type":"WebSite","@id":"https:\/\/kedemoseducation.com\/fr\/#website","url":"https:\/\/kedemoseducation.com\/fr\/","name":"K\u00e9d\u00e9mos Education","description":"Le plaisir d'apprendre","publisher":{"@id":"https:\/\/kedemoseducation.com\/fr\/#organization"},"potentialAction":[{"@type":"SearchAction","target":{"@type":"EntryPoint","urlTemplate":"https:\/\/kedemoseducation.com\/fr\/?s={search_term_string}"},"query-input":{"@type":"PropertyValueSpecification","valueRequired":true,"valueName":"search_term_string"}}],"inLanguage":"fr-FR"},{"@type":"Organization","@id":"https:\/\/kedemoseducation.com\/fr\/#organization","name":"K\u00e9d\u00e9mos Education","url":"https:\/\/kedemoseducation.com\/fr\/","logo":{"@type":"ImageObject","inLanguage":"fr-FR","@id":"https:\/\/kedemoseducation.com\/fr\/#\/schema\/logo\/image\/","url":"https:\/\/kedemoseducation.com\/wp-content\/uploads\/2023\/06\/logo-kedemos-education.png","contentUrl":"https:\/\/kedemoseducation.com\/wp-content\/uploads\/2023\/06\/logo-kedemos-education.png","width":2362,"height":903,"caption":"Kedemos Education"},"image":{"@id":"https:\/\/kedemoseducation.com\/fr\/#\/schema\/logo\/image\/"},"sameAs":["https:\/\/www.facebook.com\/Kedemoseducation","https:\/\/www.instagram.com\/kedemoseducation\/","https:\/\/www.linkedin.com\/company\/kedemos-education\/"]}]}},"jetpack_sharing_enabled":true,"_links":{"self":[{"href":"https:\/\/kedemoseducation.com\/fr\/wp-json\/wp\/v2\/product\/788","targetHints":{"allow":["GET"]}}],"collection":[{"href":"https:\/\/kedemoseducation.com\/fr\/wp-json\/wp\/v2\/product"}],"about":[{"href":"https:\/\/kedemoseducation.com\/fr\/wp-json\/wp\/v2\/types\/product"}],"replies":[{"embeddable":true,"href":"https:\/\/kedemoseducation.com\/fr\/wp-json\/wp\/v2\/comments?post=788"}],"wp:featuredmedia":[{"embeddable":true,"href":"https:\/\/kedemoseducation.com\/fr\/wp-json\/wp\/v2\/media\/12056"}],"wp:attachment":[{"href":"https:\/\/kedemoseducation.com\/fr\/wp-json\/wp\/v2\/media?parent=788"}],"wp:term":[{"taxonomy":"product_brand","embeddable":true,"href":"https:\/\/kedemoseducation.com\/fr\/wp-json\/wp\/v2\/product_brand?post=788"},{"taxonomy":"product_cat","embeddable":true,"href":"https:\/\/kedemoseducation.com\/fr\/wp-json\/wp\/v2\/product_cat?post=788"},{"taxonomy":"product_tag","embeddable":true,"href":"https:\/\/kedemoseducation.com\/fr\/wp-json\/wp\/v2\/product_tag?post=788"}],"curies":[{"name":"wp","href":"https:\/\/api.w.org\/{rel}","templated":true}]}}