{"id":780,"date":"2022-05-05T06:33:07","date_gmt":"2022-05-05T06:33:07","guid":{"rendered":"https:\/\/eshop.classperts.com\/?post_type=product&#038;p=780"},"modified":"2025-12-26T09:48:19","modified_gmt":"2025-12-26T07:48:19","slug":"conte-colin-l-epouvantail","status":"publish","type":"product","link":"https:\/\/kedemoseducation.com\/fr\/product\/conte-colin-l-epouvantail\/","title":{"rendered":"Colin l&#8217;\u00e9pouvantail"},"content":{"rendered":"<h1>Conte Colin, l\u2019\u00e9pouvantail<\/h1>\n<p>Le conte Colin, l\u2019\u00e9pouvantail est le dixi\u00e8me de la collection <a href=\"https:\/\/www.instagram.com\/p\/CcMlKW8qfXK\/\">Historiettes pour pitchounets et pitchounettes &#8211; S\u00e9rie Bleue<\/a>. Il raconte l\u2019histoire de Colin, l\u2019\u00e9pouvantail, qui s\u2019ennuie \u00e0 mourir apr\u00e8s \u00eatre rest\u00e9 tr\u00e8s longtemps dans un champ, dans la m\u00eame position. Il d\u00e9cide alors un jour de partir chercher de quoi s\u2019occuper. O\u00f9 ira-t-il ? Comment sera-t-il accueilli ? Y trouvera-t-il son bonheur ?<\/p>\n<p>Contes Historiettes pour pitchounets et pitchounettes<\/p>\n<p>La collection Historiettes pour pitchounets et pitchounettes &#8211; S\u00e9rie Bleue &#8211; est d\u00e9di\u00e9e aux \u00e9l\u00e8ves de la <a href=\"https:\/\/kedemoseducation.com\/fr\/produit\/grande-section-livre-de-lecture-aec\/\">Grande Section (GS),<\/a> soit les enfants de 5 \u00e0 6 ans. Elle comprend 12 albums divertissants pour les petits, sous forme d\u2019histoires th\u00e9matiques :<\/p>\n<ul>\n<li aria-level=\"1\"><a href=\"https:\/\/kedemoseducation.com\/fr\/produit\/conte-les-chatons-de-sami\/\">Les chatons de Sami<\/a><\/li>\n<li aria-level=\"1\"><a href=\"https:\/\/kedemoseducation.com\/fr\/produit\/conte-la-surprise\/\">La surprise<\/a><\/li>\n<li aria-level=\"1\"><a href=\"https:\/\/kedemoseducation.com\/fr\/produit\/conte-cedric-va-t-il-se-baigner\/\">C\u00e9dric va-t-il se baigner ?<\/a><\/li>\n<li aria-level=\"1\"><a href=\"https:\/\/kedemoseducation.com\/fr\/produit\/conte-les-amis-de-dino-2\/\">Les amis de Dino<\/a><\/li>\n<li aria-level=\"1\"><a href=\"https:\/\/kedemoseducation.com\/fr\/produit\/conte-vive-la-montagne\/\">Vive la montagne !<\/a><\/li>\n<li aria-level=\"1\"><a href=\"https:\/\/kedemoseducation.com\/fr\/produit\/conte-petite-maman\/\">Petite maman<\/a><\/li>\n<li aria-level=\"1\"><a href=\"https:\/\/kedemoseducation.com\/fr\/produit\/conte-la-vieille-voiture\/\">La vieille voiture<\/a><\/li>\n<li aria-level=\"1\"><a href=\"https:\/\/kedemoseducation.com\/fr\/produit\/conte-mais-ou-sont-donc-passes-les-animaux\/\">Mais o\u00f9 sont donc pass\u00e9s les animaux ?<\/a><\/li>\n<li aria-level=\"1\"><a href=\"https:\/\/kedemoseducation.com\/fr\/produit\/conte-le-cerisier-et-lhirondelle\/\">Le cerisier et l\u2019hirondelle<\/a><\/li>\n<li aria-level=\"1\"><a href=\"https:\/\/kedemoseducation.com\/fr\/produit\/conte-colin-l-epouvantail\/\">Colin, l\u2019\u00e9pouvantail<\/a><\/li>\n<li aria-level=\"1\"><a href=\"https:\/\/kedemoseducation.com\/fr\/produit\/conte-la-revanche-de-panpan\/\">La revanche de Panpan<\/a><\/li>\n<li aria-level=\"1\"><a href=\"https:\/\/kedemoseducation.com\/fr\/produit\/conte-la-partie-de-peche\/\">La partie de p\u00eache.<\/a><\/li>\n<\/ul>\n<p>Nos contes ont pour but d\u2019inspirer les enfants tout en les divertissant. Faciles \u00e0 comprendre et \u00e9tant parfaitement adapt\u00e9s \u00e0 leur \u00e2ge, nos histoires sont \u00e9troitement li\u00e9es aux exp\u00e9riences journali\u00e8res des tout petits, et au monde qui les fascine.<\/p>\n<p>Chacun de ces 12 albums est illustr\u00e9 par de belles images en couleurs. Les textes sont de grande taille pour faciliter la lecture aux enfants.<\/p>\n<p>Les contes sont disponibles uniquement en grand format, et peuvent \u00eatre achet\u00e9s individuellement ou en <a href=\"https:\/\/kedemoseducation.com\/fr\/produit\/collection-historiettes-pour-pitchounets-et-pitchounettes\/\">bouquet de contes<\/a>. Il convient de signaler que le th\u00e8me de chaque conte est en rapport direct avec les apprentissages dans le <a href=\"https:\/\/kedemoseducation.com\/fr\/produit\/grande-section-livre-de-lecture-aec\/\">manuel pour la GS<\/a>.<\/p>\n<p>&nbsp;<\/p>","protected":false},"excerpt":{"rendered":"<p><span style=\"font-weight: 400;\">Cette collection de contes est adapt\u00e9e \u00e0 nos enfants de 6 \u00e0 9 ans. Elle comprend 12 albums tout en couleur, avec de splendides illustrations de grand format, sp\u00e9cialement con\u00e7ues pour contribuer \u00e0 une meilleure compr\u00e9hension du r\u00e9cit et \u00e0 l&#8217;enrichissement lexical.<\/span><\/p>","protected":false},"featured_media":12064,"comment_status":"closed","ping_status":"closed","template":"","meta":{"_monsterinsights_skip_tracking":false,"_monsterinsights_sitenote_active":false,"_monsterinsights_sitenote_note":"","_monsterinsights_sitenote_category":0},"product_brand":[],"product_cat":[159,207,151,178],"product_tag":[312],"class_list":{"0":"post-780","1":"product","2":"type-product","3":"status-publish","4":"has-post-thumbnail","6":"product_cat-french-storybooks","7":"product_cat-new-releases","8":"product_cat-storybooks-for-children","9":"product_cat-historiettes-pour-pitchounets-et-pitchounettes","10":"product_tag-3-5-years-old","12":"first","13":"instock","14":"shipping-taxable","15":"purchasable","16":"product-type-simple"},"yoast_head":"<!-- This site is optimized with the Yoast SEO plugin v26.4 - https:\/\/yoast.com\/wordpress\/plugins\/seo\/ -->\r\n<title>Conte Colin, l\u2019\u00e9pouvantail - Kedemos Education<\/title>\r\n<meta name=\"description\" content=\"Le personnage principal du conte &quot;Colin, l&#039;\u00e9pouvantail&quot; s&#039;ennuie profond\u00e9ment apr\u00e8s des ann\u00e9es d&#039;immobilit\u00e9 dans un champ.\" \/>\r\n<meta name=\"robots\" content=\"index, follow, max-snippet:-1, max-image-preview:large, max-video-preview:-1\" \/>\r\n<link rel=\"canonical\" href=\"https:\/\/kedemoseducation.com\/fr\/product\/conte-colin-l-epouvantail\/\" \/>\r\n<meta property=\"og:locale\" content=\"fr_FR\" \/>\r\n<meta property=\"og:type\" content=\"article\" \/>\r\n<meta property=\"og:title\" content=\"Conte Colin, l\u2019\u00e9pouvantail - Kedemos Education\" \/>\r\n<meta property=\"og:description\" content=\"Le personnage principal du conte &quot;Colin, l&#039;\u00e9pouvantail&quot; s&#039;ennuie profond\u00e9ment apr\u00e8s des ann\u00e9es d&#039;immobilit\u00e9 dans un champ.\" \/>\r\n<meta property=\"og:url\" content=\"https:\/\/kedemoseducation.com\/fr\/product\/conte-colin-l-epouvantail\/\" \/>\r\n<meta property=\"og:site_name\" content=\"Kedemos Education\" \/>\r\n<meta property=\"article:publisher\" content=\"https:\/\/www.facebook.com\/Kedemoseducation\" \/>\r\n<meta property=\"article:modified_time\" content=\"2025-12-26T07:48:19+00:00\" \/>\r\n<meta property=\"og:image\" content=\"https:\/\/kedemoseducation.com\/wp-content\/uploads\/2022\/05\/Colin-lepouvantail-1.jpg\" \/>\r\n\t<meta property=\"og:image:width\" content=\"600\" \/>\r\n\t<meta property=\"og:image:height\" content=\"800\" \/>\r\n\t<meta property=\"og:image:type\" content=\"image\/jpeg\" \/>\r\n<meta name=\"twitter:card\" content=\"summary_large_image\" \/>\r\n<meta name=\"twitter:label1\" content=\"Dur\u00e9e de lecture estim\u00e9e\" \/>\n\t<meta name=\"twitter:data1\" content=\"2 minutes\" \/>\r\n<script type=\"application\/ld+json\" class=\"yoast-schema-graph\">{\"@context\":\"https:\/\/schema.org\",\"@graph\":[{\"@type\":\"WebPage\",\"@id\":\"https:\/\/kedemoseducation.com\/fr\/product\/conte-colin-l-epouvantail\/\",\"url\":\"https:\/\/kedemoseducation.com\/fr\/product\/conte-colin-l-epouvantail\/\",\"name\":\"Conte Colin, l\u2019\u00e9pouvantail - Kedemos Education\",\"isPartOf\":{\"@id\":\"https:\/\/kedemoseducation.com\/fr\/#website\"},\"primaryImageOfPage\":{\"@id\":\"https:\/\/kedemoseducation.com\/fr\/product\/conte-colin-l-epouvantail\/#primaryimage\"},\"image\":{\"@id\":\"https:\/\/kedemoseducation.com\/fr\/product\/conte-colin-l-epouvantail\/#primaryimage\"},\"thumbnailUrl\":\"https:\/\/i0.wp.com\/kedemoseducation.com\/wp-content\/uploads\/2022\/05\/Colin-lepouvantail-1.jpg?fit=600%2C800&ssl=1\",\"datePublished\":\"2022-05-05T06:33:07+00:00\",\"dateModified\":\"2025-12-26T07:48:19+00:00\",\"description\":\"Le personnage principal du conte \\\"Colin, l'\u00e9pouvantail\\\" s'ennuie profond\u00e9ment apr\u00e8s des ann\u00e9es d'immobilit\u00e9 dans un champ.\",\"breadcrumb\":{\"@id\":\"https:\/\/kedemoseducation.com\/fr\/product\/conte-colin-l-epouvantail\/#breadcrumb\"},\"inLanguage\":\"fr-FR\",\"potentialAction\":[{\"@type\":\"ReadAction\",\"target\":[\"https:\/\/kedemoseducation.com\/fr\/product\/conte-colin-l-epouvantail\/\"]}]},{\"@type\":\"ImageObject\",\"inLanguage\":\"fr-FR\",\"@id\":\"https:\/\/kedemoseducation.com\/fr\/product\/conte-colin-l-epouvantail\/#primaryimage\",\"url\":\"https:\/\/i0.wp.com\/kedemoseducation.com\/wp-content\/uploads\/2022\/05\/Colin-lepouvantail-1.jpg?fit=600%2C800&ssl=1\",\"contentUrl\":\"https:\/\/i0.wp.com\/kedemoseducation.com\/wp-content\/uploads\/2022\/05\/Colin-lepouvantail-1.jpg?fit=600%2C800&ssl=1\",\"width\":600,\"height\":800,\"caption\":\"Conte Colin, l\u2019\u00e9pouvantail\"},{\"@type\":\"BreadcrumbList\",\"@id\":\"https:\/\/kedemoseducation.com\/fr\/product\/conte-colin-l-epouvantail\/#breadcrumb\",\"itemListElement\":[{\"@type\":\"ListItem\",\"position\":1,\"name\":\"Home\",\"item\":\"https:\/\/kedemoseducation.com\/\"},{\"@type\":\"ListItem\",\"position\":2,\"name\":\"All Products\",\"item\":\"https:\/\/kedemoseducation.com\/fr\/shop-2\/tous-les-produits\/\"},{\"@type\":\"ListItem\",\"position\":3,\"name\":\"New Releases\",\"item\":\"https:\/\/kedemoseducation.com\/fr\/categorie-de-produit\/nouvelle-publication\/\"},{\"@type\":\"ListItem\",\"position\":4,\"name\":\"Colin l&#8217;\u00e9pouvantail\"}]},{\"@type\":\"WebSite\",\"@id\":\"https:\/\/kedemoseducation.com\/fr\/#website\",\"url\":\"https:\/\/kedemoseducation.com\/fr\/\",\"name\":\"Kedemos Education\",\"description\":\"The Pleasure of Learning\",\"publisher\":{\"@id\":\"https:\/\/kedemoseducation.com\/fr\/#organization\"},\"potentialAction\":[{\"@type\":\"SearchAction\",\"target\":{\"@type\":\"EntryPoint\",\"urlTemplate\":\"https:\/\/kedemoseducation.com\/fr\/?s={search_term_string}\"},\"query-input\":{\"@type\":\"PropertyValueSpecification\",\"valueRequired\":true,\"valueName\":\"search_term_string\"}}],\"inLanguage\":\"fr-FR\"},{\"@type\":\"Organization\",\"@id\":\"https:\/\/kedemoseducation.com\/fr\/#organization\",\"name\":\"Kedemos Education\",\"url\":\"https:\/\/kedemoseducation.com\/fr\/\",\"logo\":{\"@type\":\"ImageObject\",\"inLanguage\":\"fr-FR\",\"@id\":\"https:\/\/kedemoseducation.com\/fr\/#\/schema\/logo\/image\/\",\"url\":\"https:\/\/kedemoseducation.com\/wp-content\/uploads\/2023\/06\/logo-kedemos-education.png\",\"contentUrl\":\"https:\/\/kedemoseducation.com\/wp-content\/uploads\/2023\/06\/logo-kedemos-education.png\",\"width\":2362,\"height\":903,\"caption\":\"Kedemos Education\"},\"image\":{\"@id\":\"https:\/\/kedemoseducation.com\/fr\/#\/schema\/logo\/image\/\"},\"sameAs\":[\"https:\/\/www.facebook.com\/Kedemoseducation\",\"https:\/\/www.instagram.com\/kedemoseducation\/\",\"https:\/\/www.linkedin.com\/company\/kedemos-education\/\"]}]}<\/script>\r\n<!-- \/ Yoast SEO plugin. -->","yoast_head_json":{"title":"Conte Colin, l\u2019\u00e9pouvantail - Kedemos Education","description":"Le personnage principal du conte \"Colin, l'\u00e9pouvantail\" s'ennuie profond\u00e9ment apr\u00e8s des ann\u00e9es d'immobilit\u00e9 dans un champ.","robots":{"index":"index","follow":"follow","max-snippet":"max-snippet:-1","max-image-preview":"max-image-preview:large","max-video-preview":"max-video-preview:-1"},"canonical":"https:\/\/kedemoseducation.com\/fr\/product\/conte-colin-l-epouvantail\/","og_locale":"fr_FR","og_type":"article","og_title":"Conte Colin, l\u2019\u00e9pouvantail - Kedemos Education","og_description":"Le personnage principal du conte \"Colin, l'\u00e9pouvantail\" s'ennuie profond\u00e9ment apr\u00e8s des ann\u00e9es d'immobilit\u00e9 dans un champ.","og_url":"https:\/\/kedemoseducation.com\/fr\/product\/conte-colin-l-epouvantail\/","og_site_name":"Kedemos Education","article_publisher":"https:\/\/www.facebook.com\/Kedemoseducation","article_modified_time":"2025-12-26T07:48:19+00:00","og_image":[{"width":600,"height":800,"url":"https:\/\/kedemoseducation.com\/wp-content\/uploads\/2022\/05\/Colin-lepouvantail-1.jpg","type":"image\/jpeg"}],"twitter_card":"summary_large_image","twitter_misc":{"Dur\u00e9e de lecture estim\u00e9e":"2 minutes"},"schema":{"@context":"https:\/\/schema.org","@graph":[{"@type":"WebPage","@id":"https:\/\/kedemoseducation.com\/fr\/product\/conte-colin-l-epouvantail\/","url":"https:\/\/kedemoseducation.com\/fr\/product\/conte-colin-l-epouvantail\/","name":"Conte Colin, l\u2019\u00e9pouvantail - Kedemos Education","isPartOf":{"@id":"https:\/\/kedemoseducation.com\/fr\/#website"},"primaryImageOfPage":{"@id":"https:\/\/kedemoseducation.com\/fr\/product\/conte-colin-l-epouvantail\/#primaryimage"},"image":{"@id":"https:\/\/kedemoseducation.com\/fr\/product\/conte-colin-l-epouvantail\/#primaryimage"},"thumbnailUrl":"https:\/\/i0.wp.com\/kedemoseducation.com\/wp-content\/uploads\/2022\/05\/Colin-lepouvantail-1.jpg?fit=600%2C800&ssl=1","datePublished":"2022-05-05T06:33:07+00:00","dateModified":"2025-12-26T07:48:19+00:00","description":"Le personnage principal du conte \"Colin, l'\u00e9pouvantail\" s'ennuie profond\u00e9ment apr\u00e8s des ann\u00e9es d'immobilit\u00e9 dans un champ.","breadcrumb":{"@id":"https:\/\/kedemoseducation.com\/fr\/product\/conte-colin-l-epouvantail\/#breadcrumb"},"inLanguage":"fr-FR","potentialAction":[{"@type":"ReadAction","target":["https:\/\/kedemoseducation.com\/fr\/product\/conte-colin-l-epouvantail\/"]}]},{"@type":"ImageObject","inLanguage":"fr-FR","@id":"https:\/\/kedemoseducation.com\/fr\/product\/conte-colin-l-epouvantail\/#primaryimage","url":"https:\/\/i0.wp.com\/kedemoseducation.com\/wp-content\/uploads\/2022\/05\/Colin-lepouvantail-1.jpg?fit=600%2C800&ssl=1","contentUrl":"https:\/\/i0.wp.com\/kedemoseducation.com\/wp-content\/uploads\/2022\/05\/Colin-lepouvantail-1.jpg?fit=600%2C800&ssl=1","width":600,"height":800,"caption":"Conte Colin, l\u2019\u00e9pouvantail"},{"@type":"BreadcrumbList","@id":"https:\/\/kedemoseducation.com\/fr\/product\/conte-colin-l-epouvantail\/#breadcrumb","itemListElement":[{"@type":"ListItem","position":1,"name":"Home","item":"https:\/\/kedemoseducation.com\/"},{"@type":"ListItem","position":2,"name":"All Products","item":"https:\/\/kedemoseducation.com\/fr\/shop-2\/tous-les-produits\/"},{"@type":"ListItem","position":3,"name":"New Releases","item":"https:\/\/kedemoseducation.com\/fr\/categorie-de-produit\/nouvelle-publication\/"},{"@type":"ListItem","position":4,"name":"Colin l&#8217;\u00e9pouvantail"}]},{"@type":"WebSite","@id":"https:\/\/kedemoseducation.com\/fr\/#website","url":"https:\/\/kedemoseducation.com\/fr\/","name":"K\u00e9d\u00e9mos Education","description":"Le plaisir d'apprendre","publisher":{"@id":"https:\/\/kedemoseducation.com\/fr\/#organization"},"potentialAction":[{"@type":"SearchAction","target":{"@type":"EntryPoint","urlTemplate":"https:\/\/kedemoseducation.com\/fr\/?s={search_term_string}"},"query-input":{"@type":"PropertyValueSpecification","valueRequired":true,"valueName":"search_term_string"}}],"inLanguage":"fr-FR"},{"@type":"Organization","@id":"https:\/\/kedemoseducation.com\/fr\/#organization","name":"K\u00e9d\u00e9mos Education","url":"https:\/\/kedemoseducation.com\/fr\/","logo":{"@type":"ImageObject","inLanguage":"fr-FR","@id":"https:\/\/kedemoseducation.com\/fr\/#\/schema\/logo\/image\/","url":"https:\/\/kedemoseducation.com\/wp-content\/uploads\/2023\/06\/logo-kedemos-education.png","contentUrl":"https:\/\/kedemoseducation.com\/wp-content\/uploads\/2023\/06\/logo-kedemos-education.png","width":2362,"height":903,"caption":"Kedemos Education"},"image":{"@id":"https:\/\/kedemoseducation.com\/fr\/#\/schema\/logo\/image\/"},"sameAs":["https:\/\/www.facebook.com\/Kedemoseducation","https:\/\/www.instagram.com\/kedemoseducation\/","https:\/\/www.linkedin.com\/company\/kedemos-education\/"]}]}},"jetpack_sharing_enabled":true,"_links":{"self":[{"href":"https:\/\/kedemoseducation.com\/fr\/wp-json\/wp\/v2\/product\/780","targetHints":{"allow":["GET"]}}],"collection":[{"href":"https:\/\/kedemoseducation.com\/fr\/wp-json\/wp\/v2\/product"}],"about":[{"href":"https:\/\/kedemoseducation.com\/fr\/wp-json\/wp\/v2\/types\/product"}],"replies":[{"embeddable":true,"href":"https:\/\/kedemoseducation.com\/fr\/wp-json\/wp\/v2\/comments?post=780"}],"wp:featuredmedia":[{"embeddable":true,"href":"https:\/\/kedemoseducation.com\/fr\/wp-json\/wp\/v2\/media\/12064"}],"wp:attachment":[{"href":"https:\/\/kedemoseducation.com\/fr\/wp-json\/wp\/v2\/media?parent=780"}],"wp:term":[{"taxonomy":"product_brand","embeddable":true,"href":"https:\/\/kedemoseducation.com\/fr\/wp-json\/wp\/v2\/product_brand?post=780"},{"taxonomy":"product_cat","embeddable":true,"href":"https:\/\/kedemoseducation.com\/fr\/wp-json\/wp\/v2\/product_cat?post=780"},{"taxonomy":"product_tag","embeddable":true,"href":"https:\/\/kedemoseducation.com\/fr\/wp-json\/wp\/v2\/product_tag?post=780"}],"curies":[{"name":"wp","href":"https:\/\/api.w.org\/{rel}","templated":true}]}}