{"id":612,"date":"2022-05-05T06:27:32","date_gmt":"2022-05-05T06:27:32","guid":{"rendered":"https:\/\/eshop.classperts.com\/?post_type=product&#038;p=612"},"modified":"2025-12-26T09:48:21","modified_gmt":"2025-12-26T07:48:21","slug":"%d9%86%d9%81%d9%86%d8%a7%d9%81-%d9%88%d9%86%d8%a7%d9%8a-%d9%81%d9%8a-%d9%85%d9%85%d9%84%d9%83%d8%a9-%d8%a7%d9%84%d9%82%d8%b4","status":"publish","type":"product","link":"https:\/\/kedemoseducation.com\/fr\/product\/%d9%86%d9%81%d9%86%d8%a7%d9%81-%d9%88%d9%86%d8%a7%d9%8a-%d9%81%d9%8a-%d9%85%d9%85%d9%84%d9%83%d8%a9-%d8%a7%d9%84%d9%82%d8%b4\/","title":{"rendered":"\u0645\u0645\u0644\u0643\u0629 \u0627\u0644\u0642\u0634"},"content":{"rendered":"<h2>Conte\u00a0\u0646\u0641\u0646\u0627\u0641 \u0648\u0646\u0627\u064a \u0641\u064a \u0645\u0645\u0644\u0643\u0629 \u0627\u0644\u0642\u0634<\/h2>\n<h2>Nafnaf wa Nay fi mamlakat al-kash<\/h2>\n<p>Le conte \u201c<a href=\"https:\/\/www.instagram.com\/p\/CmJYiTpMlDw\/\">\u0646\u0641\u0646\u0627\u0641 \u0648\u0646\u0627\u064a \u0641\u064a \u0645\u0645\u0644\u0643\u0629 \u0627\u0644\u0642\u0634<\/a>\u201d (Nafnaf et Nay dans le Royaume de la Paille), est une histoire de la collection \u0646\u0641\u0646\u0627\u0641 \u0648\u0646\u0627\u064a \u201cNafnaf wa Nay\u201d (Nafnaf et Nay). Il s\u2019agit d\u2019une adaptation de la c\u00e9l\u00e8bre histoire \u00e9crite par Elias Zgheib. Le conte raconte l&#8217;histoire du gar\u00e7on Nafnaf et de son ami, l\u2019oiseau Nay, qui arrivent dans un petit village connu sous le nom de Royaume de la Paille, et ce apr\u00e8s leur aventure dans le Royaume de la Poterie. L\u00e0, ils d\u00e9couvrent les maisons en paille, gard\u00e9s par de gentils oiseaux. Mais ces derniers sont violemment agress\u00e9s. Seront-ils sauv\u00e9s ? Et quel r\u00f4le joueront Nafnaf et Nay ?<\/p>\n<p>\u0642\u0635\u0629 \u0646\u0641\u0646\u0627\u0641 \u0648\u0646\u0627\u064a \u0641\u064a \u0645\u0645\u0644\u0643\u0629 \u0627\u0644\u0642\u0634\u060c \u0645\u0646 \u0645\u062c\u0645\u0648\u0639\u0629\u00a0 \u0646\u0641\u0646\u0627\u0641 \u0648\u0646\u0627\u064a\u060c \u0645\u0633\u062a\u0648\u062d\u0627\u0629 \u0645\u0646 \u0627\u0644\u0642\u0635\u0629 \u0627\u0644\u0634\u0647\u064a\u0631\u0629 \u0644\u0627\u0644\u064a\u0627\u0633 \u0632\u063a\u064a\u0628. \u0648\u062a\u062d\u0643\u064a \u0642\u0635\u0629 \u0627\u0644\u0635\u0628\u064a \u0646\u0641\u0646\u0627\u0641 \u0648\u0635\u062f\u064a\u0642\u0647 \u0627\u0644\u0637\u0627\u0626\u0631 \u0646\u0627\u064a \u0627\u0644\u0644\u0630\u064a\u0646 \u0648\u0635\u0644\u0627 \u0625\u0644\u0649 \u0642\u0631\u064a\u0629 \u0635\u063a\u064a\u0631\u0629 \u062a\u0639\u0631\u0641 \u0628\u0627\u0633\u0645 \u0645\u0645\u0644\u0643\u0629 \u0627\u0644\u0642\u0634\u060c \u0628\u0639\u062f \u0645\u063a\u0627\u0645\u0631\u062a\u0647\u0645\u0627 \u0641\u064a \u0645\u0645\u0644\u0643\u0629 \u0627\u0644\u062e\u0632\u0641. \u0631\u0627\u062d\u0627 \u064a\u062c\u0648\u0644\u0627\u0646 \u0641\u064a \u0627\u0644\u0645\u0645\u0644\u0643\u0629 \u062d\u064a\u062b \u0627\u0644\u0628\u064a\u0648\u062a \u0645\u0646 \u0642\u0634\u060c \u062a\u062d\u0631\u0633\u0647\u0627 \u0637\u064a\u0648\u0631 \u0648\u062f\u064a\u0639\u0629. \u0648\u0641\u064a\u0645\u0627 \u0643\u0627\u0646\u062a \u0647\u0630\u0647 \u0627\u0644\u0623\u062e\u064a\u0631\u0629 \u062a\u0639\u064a\u0634 \u0628\u0623\u0645\u0627\u0646\u060c \u0631\u0627\u062d\u062a \u062a\u062a\u0639\u0631\u0651\u0636 \u0644\u0644\u0627\u0639\u062a\u062f\u0627\u0621. \u0647\u0644 \u0633\u064a\u062a\u0645\u0651 \u0625\u0646\u0642\u0627\u0630\u0647\u0627\u061f \u0648\u0645\u0627 \u0647\u0648 \u0627\u0644\u062f\u0648\u0631 \u0627\u0644\u0630\u064a \u0633\u064a\u0644\u0639\u0628\u0647 \u0646\u0641\u0646\u0627\u0641 \u0648\u0646\u0627\u064a\u061f<\/p>\n<h3>\u0646\u0641\u0646\u0627\u0641 \u0648\u0646\u0627\u064a &#8211; \u201cNafnaf wa Nay\u201d<\/h3>\n<p>La collection \u0646\u0641\u0646\u0627\u0641 \u0648\u0646\u0627\u064a \u201cNafnaf wa Nay\u201d (Nafnaf et Nay) est d\u00e9di\u00e9e aux enfants \u00e0 partir de l&#8217;\u00e2ge de 9 ans.<\/p>\n<p>Elle comprend 3 contes divertissants pour eux, et s\u2019inspire, \u00e0 travers ses h\u00e9ros, du patrimoine culturel et de ses l\u00e9gendes. Sont mis en relief les prouesses collectives, les comp\u00e9tences artistiques, les aspirations et l\u2019attachement du peuple \u00e0 sa patrie. La collection a re\u00e7u un prix sp\u00e9cial du Centre de Recherche et de D\u00e9veloppement P\u00e9dagogiques; il est intitul\u00e9 \u201cFarhan wal osfoura al moulawana\u201d (Farhan et l\u2019oiseau en couleurs).<\/p>\n<p>La collection comprend les 3 contes suivants :<\/p>\n<p><a href=\"https:\/\/kedemoseducation.com\/fr\/product\/\u0646\u0641\u0646\u0627\u0641-\u0648\u0646\u0627\u064a-\u0641\u064a-\u0645\u0645\u0644\u0643\u0629-\u0627\u0644\u062e\u0632\u0641\/\">\u00a0\u0646\u0641\u0646\u0627\u0641 \u0648\u0646\u0627\u064a \u0641\u064a \u0645\u0645\u0644\u0643\u0629 \u0627\u0644\u062e\u0632\u0641 &#8211;<\/a><\/p>\n<p>(Nafnaf et Nay dans le Royaume de la Poterie)<\/p>\n<p>\u0646\u0641\u0646\u0627\u0641 \u0648\u0646\u0627\u064a \u0641\u064a \u0645\u0645\u0644\u0643\u0629 \u0627\u0644\u0642\u0634 &#8211;<\/p>\n<p>(Nafnaf et Nay dans le Royaume de la Paille)<\/p>\n<p><a href=\"https:\/\/kedemoseducation.com\/fr\/product\/\u0646\u0641\u0646\u0627\u0641-\u0648\u0646\u0627\u064a-\u0641\u064a-\u0645\u0645\u0644\u0643\u0629-\u0627\u0644\u062d\u0631\u064a\u0631\/\">\u00a0\u0646\u0641\u0646\u0627\u0641 \u0648\u0646\u0627\u064a \u0641\u064a \u0645\u0645\u0644\u0643\u0629 \u0627\u0644\u062d\u0631\u064a\u0631 &#8211;<\/a><\/p>\n<p>(Nafnaf et Nay dans le Royaume de la Soie)<\/p>\n<p>Le conte est illustr\u00e9 par de belles images en couleurs. Le texte est de taille moyenne, ce qui facilite la lecture en arabe aux enfants.Chaque conte est accompagn\u00e9 d\u2019une exploitation p\u00e9dagogique avec des questions qui testent la compr\u00e9hension du conte lu.<\/p>","protected":false},"excerpt":{"rendered":"<p>Conte\u00a0\u0646\u0641\u0646\u0627\u0641 \u0648\u0646\u0627\u064a \u0641\u064a \u0645\u0645\u0644\u0643\u0629 \u0627\u0644\u0642\u0634 Nafnaf wa Nay fi mamlakat al-kash Le conte \u201c\u0646\u0641\u0646\u0627\u0641 \u0648\u0646\u0627\u064a \u0641\u064a \u0645\u0645\u0644\u0643\u0629 \u0627\u0644\u0642\u0634\u201d (Nafnaf et Nay dans le Royaume de la Paille), est une histoire&hellip;<\/p>","protected":false},"featured_media":7732,"comment_status":"closed","ping_status":"closed","template":"","meta":{"_monsterinsights_skip_tracking":false,"_monsterinsights_sitenote_active":false,"_monsterinsights_sitenote_note":"","_monsterinsights_sitenote_category":0},"product_brand":[],"product_cat":[151,152,154],"product_tag":[],"class_list":{"0":"post-612","1":"product","2":"type-product","3":"status-publish","4":"has-post-thumbnail","6":"product_cat-storybooks-for-children","7":"product_cat-arabic-stories","8":"product_cat-nafnaf","10":"first","11":"instock","12":"shipping-taxable","13":"purchasable","14":"product-type-simple"},"yoast_head":"<!-- This site is optimized with the Yoast SEO plugin v26.4 - https:\/\/yoast.com\/wordpress\/plugins\/seo\/ -->\r\n<title>\u0645\u0645\u0644\u0643\u0629 \u0627\u0644\u0642\u0634 - Kedemos Education<\/title>\r\n<meta name=\"robots\" content=\"index, follow, max-snippet:-1, max-image-preview:large, max-video-preview:-1\" \/>\r\n<link rel=\"canonical\" href=\"https:\/\/kedemoseducation.com\/fr\/product\/\u0646\u0641\u0646\u0627\u0641-\u0648\u0646\u0627\u064a-\u0641\u064a-\u0645\u0645\u0644\u0643\u0629-\u0627\u0644\u0642\u0634\/\" \/>\r\n<meta property=\"og:locale\" content=\"fr_FR\" \/>\r\n<meta property=\"og:type\" content=\"article\" \/>\r\n<meta property=\"og:title\" content=\"\u0645\u0645\u0644\u0643\u0629 \u0627\u0644\u0642\u0634 - Kedemos Education\" \/>\r\n<meta property=\"og:description\" content=\"Conte\u00a0\u0646\u0641\u0646\u0627\u0641 \u0648\u0646\u0627\u064a \u0641\u064a \u0645\u0645\u0644\u0643\u0629 \u0627\u0644\u0642\u0634 Nafnaf wa Nay fi mamlakat al-kash Le conte \u201c\u0646\u0641\u0646\u0627\u0641 \u0648\u0646\u0627\u064a \u0641\u064a \u0645\u0645\u0644\u0643\u0629 \u0627\u0644\u0642\u0634\u201d (Nafnaf et Nay dans le Royaume de la Paille), est une histoire&hellip;\" \/>\r\n<meta property=\"og:url\" content=\"https:\/\/kedemoseducation.com\/fr\/product\/\u0646\u0641\u0646\u0627\u0641-\u0648\u0646\u0627\u064a-\u0641\u064a-\u0645\u0645\u0644\u0643\u0629-\u0627\u0644\u0642\u0634\/\" \/>\r\n<meta property=\"og:site_name\" content=\"Kedemos Education\" \/>\r\n<meta property=\"article:publisher\" content=\"https:\/\/www.facebook.com\/Kedemoseducation\" \/>\r\n<meta property=\"article:modified_time\" content=\"2025-12-26T07:48:21+00:00\" \/>\r\n<meta property=\"og:image\" content=\"https:\/\/kedemoseducation.com\/wp-content\/uploads\/2022\/05\/mamlakat-alkash.jpg\" \/>\r\n\t<meta property=\"og:image:width\" content=\"600\" \/>\r\n\t<meta property=\"og:image:height\" content=\"800\" \/>\r\n\t<meta property=\"og:image:type\" content=\"image\/jpeg\" \/>\r\n<meta name=\"twitter:card\" content=\"summary_large_image\" \/>\r\n<meta name=\"twitter:label1\" content=\"Dur\u00e9e de lecture estim\u00e9e\" \/>\n\t<meta name=\"twitter:data1\" content=\"2 minutes\" \/>\r\n<script type=\"application\/ld+json\" class=\"yoast-schema-graph\">{\"@context\":\"https:\/\/schema.org\",\"@graph\":[{\"@type\":\"WebPage\",\"@id\":\"https:\/\/kedemoseducation.com\/fr\/product\/%d9%86%d9%81%d9%86%d8%a7%d9%81-%d9%88%d9%86%d8%a7%d9%8a-%d9%81%d9%8a-%d9%85%d9%85%d9%84%d9%83%d8%a9-%d8%a7%d9%84%d9%82%d8%b4\/\",\"url\":\"https:\/\/kedemoseducation.com\/fr\/product\/%d9%86%d9%81%d9%86%d8%a7%d9%81-%d9%88%d9%86%d8%a7%d9%8a-%d9%81%d9%8a-%d9%85%d9%85%d9%84%d9%83%d8%a9-%d8%a7%d9%84%d9%82%d8%b4\/\",\"name\":\"\u0645\u0645\u0644\u0643\u0629 \u0627\u0644\u0642\u0634 - Kedemos Education\",\"isPartOf\":{\"@id\":\"https:\/\/kedemoseducation.com\/fr\/#website\"},\"primaryImageOfPage\":{\"@id\":\"https:\/\/kedemoseducation.com\/fr\/product\/%d9%86%d9%81%d9%86%d8%a7%d9%81-%d9%88%d9%86%d8%a7%d9%8a-%d9%81%d9%8a-%d9%85%d9%85%d9%84%d9%83%d8%a9-%d8%a7%d9%84%d9%82%d8%b4\/#primaryimage\"},\"image\":{\"@id\":\"https:\/\/kedemoseducation.com\/fr\/product\/%d9%86%d9%81%d9%86%d8%a7%d9%81-%d9%88%d9%86%d8%a7%d9%8a-%d9%81%d9%8a-%d9%85%d9%85%d9%84%d9%83%d8%a9-%d8%a7%d9%84%d9%82%d8%b4\/#primaryimage\"},\"thumbnailUrl\":\"https:\/\/i0.wp.com\/kedemoseducation.com\/wp-content\/uploads\/2022\/05\/mamlakat-alkash.jpg?fit=600%2C800&ssl=1\",\"datePublished\":\"2022-05-05T06:27:32+00:00\",\"dateModified\":\"2025-12-26T07:48:21+00:00\",\"breadcrumb\":{\"@id\":\"https:\/\/kedemoseducation.com\/fr\/product\/%d9%86%d9%81%d9%86%d8%a7%d9%81-%d9%88%d9%86%d8%a7%d9%8a-%d9%81%d9%8a-%d9%85%d9%85%d9%84%d9%83%d8%a9-%d8%a7%d9%84%d9%82%d8%b4\/#breadcrumb\"},\"inLanguage\":\"fr-FR\",\"potentialAction\":[{\"@type\":\"ReadAction\",\"target\":[\"https:\/\/kedemoseducation.com\/fr\/product\/%d9%86%d9%81%d9%86%d8%a7%d9%81-%d9%88%d9%86%d8%a7%d9%8a-%d9%81%d9%8a-%d9%85%d9%85%d9%84%d9%83%d8%a9-%d8%a7%d9%84%d9%82%d8%b4\/\"]}]},{\"@type\":\"ImageObject\",\"inLanguage\":\"fr-FR\",\"@id\":\"https:\/\/kedemoseducation.com\/fr\/product\/%d9%86%d9%81%d9%86%d8%a7%d9%81-%d9%88%d9%86%d8%a7%d9%8a-%d9%81%d9%8a-%d9%85%d9%85%d9%84%d9%83%d8%a9-%d8%a7%d9%84%d9%82%d8%b4\/#primaryimage\",\"url\":\"https:\/\/i0.wp.com\/kedemoseducation.com\/wp-content\/uploads\/2022\/05\/mamlakat-alkash.jpg?fit=600%2C800&ssl=1\",\"contentUrl\":\"https:\/\/i0.wp.com\/kedemoseducation.com\/wp-content\/uploads\/2022\/05\/mamlakat-alkash.jpg?fit=600%2C800&ssl=1\",\"width\":600,\"height\":800,\"caption\":\"\u0646\u0641\u0646\u0627\u0641 \u0648\u0646\u0627\u064a \u0641\u064a \u0645\u0645\u0644\u0643\u0629 \u0627\u0644\u0642\u0634\"},{\"@type\":\"BreadcrumbList\",\"@id\":\"https:\/\/kedemoseducation.com\/fr\/product\/%d9%86%d9%81%d9%86%d8%a7%d9%81-%d9%88%d9%86%d8%a7%d9%8a-%d9%81%d9%8a-%d9%85%d9%85%d9%84%d9%83%d8%a9-%d8%a7%d9%84%d9%82%d8%b4\/#breadcrumb\",\"itemListElement\":[{\"@type\":\"ListItem\",\"position\":1,\"name\":\"Home\",\"item\":\"https:\/\/kedemoseducation.com\/\"},{\"@type\":\"ListItem\",\"position\":2,\"name\":\"All Products\",\"item\":\"https:\/\/kedemoseducation.com\/fr\/shop-2\/tous-les-produits\/\"},{\"@type\":\"ListItem\",\"position\":3,\"name\":\"Stories\",\"item\":\"https:\/\/kedemoseducation.com\/en\/product-category\/storybooks-for-children\/\"},{\"@type\":\"ListItem\",\"position\":4,\"name\":\"Arabic\",\"item\":\"https:\/\/kedemoseducation.com\/fr\/categorie-de-produit\/contes-pour-enfants\/contes-arabe\/\"},{\"@type\":\"ListItem\",\"position\":5,\"name\":\"Nafnaf\",\"item\":\"https:\/\/kedemoseducation.com\/en\/product-category\/storybooks-for-children\/arabic-stories\/nafnaf\/\"},{\"@type\":\"ListItem\",\"position\":6,\"name\":\"\u0645\u0645\u0644\u0643\u0629 \u0627\u0644\u0642\u0634\"}]},{\"@type\":\"WebSite\",\"@id\":\"https:\/\/kedemoseducation.com\/fr\/#website\",\"url\":\"https:\/\/kedemoseducation.com\/fr\/\",\"name\":\"Kedemos Education\",\"description\":\"The Pleasure of Learning\",\"publisher\":{\"@id\":\"https:\/\/kedemoseducation.com\/fr\/#organization\"},\"potentialAction\":[{\"@type\":\"SearchAction\",\"target\":{\"@type\":\"EntryPoint\",\"urlTemplate\":\"https:\/\/kedemoseducation.com\/fr\/?s={search_term_string}\"},\"query-input\":{\"@type\":\"PropertyValueSpecification\",\"valueRequired\":true,\"valueName\":\"search_term_string\"}}],\"inLanguage\":\"fr-FR\"},{\"@type\":\"Organization\",\"@id\":\"https:\/\/kedemoseducation.com\/fr\/#organization\",\"name\":\"Kedemos Education\",\"url\":\"https:\/\/kedemoseducation.com\/fr\/\",\"logo\":{\"@type\":\"ImageObject\",\"inLanguage\":\"fr-FR\",\"@id\":\"https:\/\/kedemoseducation.com\/fr\/#\/schema\/logo\/image\/\",\"url\":\"https:\/\/kedemoseducation.com\/wp-content\/uploads\/2023\/06\/logo-kedemos-education.png\",\"contentUrl\":\"https:\/\/kedemoseducation.com\/wp-content\/uploads\/2023\/06\/logo-kedemos-education.png\",\"width\":2362,\"height\":903,\"caption\":\"Kedemos Education\"},\"image\":{\"@id\":\"https:\/\/kedemoseducation.com\/fr\/#\/schema\/logo\/image\/\"},\"sameAs\":[\"https:\/\/www.facebook.com\/Kedemoseducation\",\"https:\/\/www.instagram.com\/kedemoseducation\/\",\"https:\/\/www.linkedin.com\/company\/kedemos-education\/\"]}]}<\/script>\r\n<!-- \/ Yoast SEO plugin. -->","yoast_head_json":{"title":"\u0645\u0645\u0644\u0643\u0629 \u0627\u0644\u0642\u0634 - Kedemos Education","robots":{"index":"index","follow":"follow","max-snippet":"max-snippet:-1","max-image-preview":"max-image-preview:large","max-video-preview":"max-video-preview:-1"},"canonical":"https:\/\/kedemoseducation.com\/fr\/product\/\u0646\u0641\u0646\u0627\u0641-\u0648\u0646\u0627\u064a-\u0641\u064a-\u0645\u0645\u0644\u0643\u0629-\u0627\u0644\u0642\u0634\/","og_locale":"fr_FR","og_type":"article","og_title":"\u0645\u0645\u0644\u0643\u0629 \u0627\u0644\u0642\u0634 - Kedemos Education","og_description":"Conte\u00a0\u0646\u0641\u0646\u0627\u0641 \u0648\u0646\u0627\u064a \u0641\u064a \u0645\u0645\u0644\u0643\u0629 \u0627\u0644\u0642\u0634 Nafnaf wa Nay fi mamlakat al-kash Le conte \u201c\u0646\u0641\u0646\u0627\u0641 \u0648\u0646\u0627\u064a \u0641\u064a \u0645\u0645\u0644\u0643\u0629 \u0627\u0644\u0642\u0634\u201d (Nafnaf et Nay dans le Royaume de la Paille), est une histoire&hellip;","og_url":"https:\/\/kedemoseducation.com\/fr\/product\/\u0646\u0641\u0646\u0627\u0641-\u0648\u0646\u0627\u064a-\u0641\u064a-\u0645\u0645\u0644\u0643\u0629-\u0627\u0644\u0642\u0634\/","og_site_name":"Kedemos Education","article_publisher":"https:\/\/www.facebook.com\/Kedemoseducation","article_modified_time":"2025-12-26T07:48:21+00:00","og_image":[{"width":600,"height":800,"url":"https:\/\/kedemoseducation.com\/wp-content\/uploads\/2022\/05\/mamlakat-alkash.jpg","type":"image\/jpeg"}],"twitter_card":"summary_large_image","twitter_misc":{"Dur\u00e9e de lecture estim\u00e9e":"2 minutes"},"schema":{"@context":"https:\/\/schema.org","@graph":[{"@type":"WebPage","@id":"https:\/\/kedemoseducation.com\/fr\/product\/%d9%86%d9%81%d9%86%d8%a7%d9%81-%d9%88%d9%86%d8%a7%d9%8a-%d9%81%d9%8a-%d9%85%d9%85%d9%84%d9%83%d8%a9-%d8%a7%d9%84%d9%82%d8%b4\/","url":"https:\/\/kedemoseducation.com\/fr\/product\/%d9%86%d9%81%d9%86%d8%a7%d9%81-%d9%88%d9%86%d8%a7%d9%8a-%d9%81%d9%8a-%d9%85%d9%85%d9%84%d9%83%d8%a9-%d8%a7%d9%84%d9%82%d8%b4\/","name":"\u0645\u0645\u0644\u0643\u0629 \u0627\u0644\u0642\u0634 - Kedemos Education","isPartOf":{"@id":"https:\/\/kedemoseducation.com\/fr\/#website"},"primaryImageOfPage":{"@id":"https:\/\/kedemoseducation.com\/fr\/product\/%d9%86%d9%81%d9%86%d8%a7%d9%81-%d9%88%d9%86%d8%a7%d9%8a-%d9%81%d9%8a-%d9%85%d9%85%d9%84%d9%83%d8%a9-%d8%a7%d9%84%d9%82%d8%b4\/#primaryimage"},"image":{"@id":"https:\/\/kedemoseducation.com\/fr\/product\/%d9%86%d9%81%d9%86%d8%a7%d9%81-%d9%88%d9%86%d8%a7%d9%8a-%d9%81%d9%8a-%d9%85%d9%85%d9%84%d9%83%d8%a9-%d8%a7%d9%84%d9%82%d8%b4\/#primaryimage"},"thumbnailUrl":"https:\/\/i0.wp.com\/kedemoseducation.com\/wp-content\/uploads\/2022\/05\/mamlakat-alkash.jpg?fit=600%2C800&ssl=1","datePublished":"2022-05-05T06:27:32+00:00","dateModified":"2025-12-26T07:48:21+00:00","breadcrumb":{"@id":"https:\/\/kedemoseducation.com\/fr\/product\/%d9%86%d9%81%d9%86%d8%a7%d9%81-%d9%88%d9%86%d8%a7%d9%8a-%d9%81%d9%8a-%d9%85%d9%85%d9%84%d9%83%d8%a9-%d8%a7%d9%84%d9%82%d8%b4\/#breadcrumb"},"inLanguage":"fr-FR","potentialAction":[{"@type":"ReadAction","target":["https:\/\/kedemoseducation.com\/fr\/product\/%d9%86%d9%81%d9%86%d8%a7%d9%81-%d9%88%d9%86%d8%a7%d9%8a-%d9%81%d9%8a-%d9%85%d9%85%d9%84%d9%83%d8%a9-%d8%a7%d9%84%d9%82%d8%b4\/"]}]},{"@type":"ImageObject","inLanguage":"fr-FR","@id":"https:\/\/kedemoseducation.com\/fr\/product\/%d9%86%d9%81%d9%86%d8%a7%d9%81-%d9%88%d9%86%d8%a7%d9%8a-%d9%81%d9%8a-%d9%85%d9%85%d9%84%d9%83%d8%a9-%d8%a7%d9%84%d9%82%d8%b4\/#primaryimage","url":"https:\/\/i0.wp.com\/kedemoseducation.com\/wp-content\/uploads\/2022\/05\/mamlakat-alkash.jpg?fit=600%2C800&ssl=1","contentUrl":"https:\/\/i0.wp.com\/kedemoseducation.com\/wp-content\/uploads\/2022\/05\/mamlakat-alkash.jpg?fit=600%2C800&ssl=1","width":600,"height":800,"caption":"\u0646\u0641\u0646\u0627\u0641 \u0648\u0646\u0627\u064a \u0641\u064a \u0645\u0645\u0644\u0643\u0629 \u0627\u0644\u0642\u0634"},{"@type":"BreadcrumbList","@id":"https:\/\/kedemoseducation.com\/fr\/product\/%d9%86%d9%81%d9%86%d8%a7%d9%81-%d9%88%d9%86%d8%a7%d9%8a-%d9%81%d9%8a-%d9%85%d9%85%d9%84%d9%83%d8%a9-%d8%a7%d9%84%d9%82%d8%b4\/#breadcrumb","itemListElement":[{"@type":"ListItem","position":1,"name":"Home","item":"https:\/\/kedemoseducation.com\/"},{"@type":"ListItem","position":2,"name":"All Products","item":"https:\/\/kedemoseducation.com\/fr\/shop-2\/tous-les-produits\/"},{"@type":"ListItem","position":3,"name":"Stories","item":"https:\/\/kedemoseducation.com\/en\/product-category\/storybooks-for-children\/"},{"@type":"ListItem","position":4,"name":"Arabic","item":"https:\/\/kedemoseducation.com\/fr\/categorie-de-produit\/contes-pour-enfants\/contes-arabe\/"},{"@type":"ListItem","position":5,"name":"Nafnaf","item":"https:\/\/kedemoseducation.com\/en\/product-category\/storybooks-for-children\/arabic-stories\/nafnaf\/"},{"@type":"ListItem","position":6,"name":"\u0645\u0645\u0644\u0643\u0629 \u0627\u0644\u0642\u0634"}]},{"@type":"WebSite","@id":"https:\/\/kedemoseducation.com\/fr\/#website","url":"https:\/\/kedemoseducation.com\/fr\/","name":"K\u00e9d\u00e9mos Education","description":"Le plaisir d'apprendre","publisher":{"@id":"https:\/\/kedemoseducation.com\/fr\/#organization"},"potentialAction":[{"@type":"SearchAction","target":{"@type":"EntryPoint","urlTemplate":"https:\/\/kedemoseducation.com\/fr\/?s={search_term_string}"},"query-input":{"@type":"PropertyValueSpecification","valueRequired":true,"valueName":"search_term_string"}}],"inLanguage":"fr-FR"},{"@type":"Organization","@id":"https:\/\/kedemoseducation.com\/fr\/#organization","name":"K\u00e9d\u00e9mos Education","url":"https:\/\/kedemoseducation.com\/fr\/","logo":{"@type":"ImageObject","inLanguage":"fr-FR","@id":"https:\/\/kedemoseducation.com\/fr\/#\/schema\/logo\/image\/","url":"https:\/\/kedemoseducation.com\/wp-content\/uploads\/2023\/06\/logo-kedemos-education.png","contentUrl":"https:\/\/kedemoseducation.com\/wp-content\/uploads\/2023\/06\/logo-kedemos-education.png","width":2362,"height":903,"caption":"Kedemos Education"},"image":{"@id":"https:\/\/kedemoseducation.com\/fr\/#\/schema\/logo\/image\/"},"sameAs":["https:\/\/www.facebook.com\/Kedemoseducation","https:\/\/www.instagram.com\/kedemoseducation\/","https:\/\/www.linkedin.com\/company\/kedemos-education\/"]}]}},"jetpack_sharing_enabled":true,"_links":{"self":[{"href":"https:\/\/kedemoseducation.com\/fr\/wp-json\/wp\/v2\/product\/612","targetHints":{"allow":["GET"]}}],"collection":[{"href":"https:\/\/kedemoseducation.com\/fr\/wp-json\/wp\/v2\/product"}],"about":[{"href":"https:\/\/kedemoseducation.com\/fr\/wp-json\/wp\/v2\/types\/product"}],"replies":[{"embeddable":true,"href":"https:\/\/kedemoseducation.com\/fr\/wp-json\/wp\/v2\/comments?post=612"}],"wp:featuredmedia":[{"embeddable":true,"href":"https:\/\/kedemoseducation.com\/fr\/wp-json\/wp\/v2\/media\/7732"}],"wp:attachment":[{"href":"https:\/\/kedemoseducation.com\/fr\/wp-json\/wp\/v2\/media?parent=612"}],"wp:term":[{"taxonomy":"product_brand","embeddable":true,"href":"https:\/\/kedemoseducation.com\/fr\/wp-json\/wp\/v2\/product_brand?post=612"},{"taxonomy":"product_cat","embeddable":true,"href":"https:\/\/kedemoseducation.com\/fr\/wp-json\/wp\/v2\/product_cat?post=612"},{"taxonomy":"product_tag","embeddable":true,"href":"https:\/\/kedemoseducation.com\/fr\/wp-json\/wp\/v2\/product_tag?post=612"}],"curies":[{"name":"wp","href":"https:\/\/api.w.org\/{rel}","templated":true}]}}