{"id":608,"date":"2022-05-05T06:27:30","date_gmt":"2022-05-05T03:27:30","guid":{"rendered":"https:\/\/eshop.classperts.com\/?post_type=product&#038;p=608"},"modified":"2025-12-26T09:49:30","modified_gmt":"2025-12-26T07:49:30","slug":"%d8%b3%d9%8a%d8%a7%d8%b1%d8%a9-%d9%81%d9%8a-%d8%a7%d9%84%d8%ad%d8%af%d9%8a%d9%82%d8%a9","status":"publish","type":"product","link":"https:\/\/kedemoseducation.com\/fr\/product\/%d8%b3%d9%8a%d8%a7%d8%b1%d8%a9-%d9%81%d9%8a-%d8%a7%d9%84%d8%ad%d8%af%d9%8a%d9%82%d8%a9\/","title":{"rendered":"\u0633\u064a\u0627\u0631\u0629 \u0641\u064a \u0627\u0644\u062d\u062f\u064a\u0642\u0629"},"content":{"rendered":"<h2>Conte\u00a0\u0633\u064a\u0627\u0631\u0629 \u0641\u064a \u0627\u0644\u062d\u062f\u064a\u0642\u0629\u00a0(Une voiture dans le jardin)<\/h2>\n<p>Le conte \u201c\u0633\u064a\u0627\u0631\u0629 \u0641\u064a \u0627\u0644\u062d\u062f\u064a\u0642\u0629\u201d (une voiture dans le jardin),\u00a0est une histoire de la collection \u0623\u0642\u0631\u0623 \u0648\u0623\u0641\u0631\u062d &#8211; \u201cAqraa\u2019 wa afrah\u201d (Je lis et je m\u2019amuse). Il raconte l&#8217;histoire de Sami qui trouve un cadeau surprise \u00e0 son r\u00e9veil le jour de son anniversaire : une grande voiture rouge que ses parents lui ont offerte. Sami a h\u00e2te d\u2019essayer la voiture dans le jardin et va faire un tour : qui va-t-il rencontrer ? Et qui conduira la voiture aussi ?<\/p>\n<p>\u0642\u0635\u0629 \u0633\u064a\u0627\u0631\u0629 \u0641\u064a \u0627\u0644\u062d\u062f\u064a\u0642\u0629\u060c \u0645\u0646 \u0645\u062c\u0645\u0648\u0639\u0629 &#8220;\u0623\u0642\u0631\u0623 \u0648\u0623\u0641\u0631\u062d&#8221;\u060c \u062a\u062d\u0643\u064a \u0642\u0635\u0629 \u0633\u0627\u0645\u064a \u0627\u0644\u0630\u064a \u062a\u0646\u062a\u0638\u0631\u0647 \u0645\u0641\u0627\u062c\u0623\u0629 \u064a\u0648\u0645 \u0639\u064a\u062f \u0645\u064a\u0644\u0627\u062f\u0647. \u0641\u0644\u0642\u062f \u0623\u0647\u062f\u0627\u0647 \u0648\u0627\u0644\u062f\u0627\u0647 \u0633\u064a\u0627\u0631\u0629 \u062d\u0645\u0631\u0627\u0621 \u0643\u0628\u064a\u0631\u0629. \u0641\u0623\u062e\u0630\u0647\u0627 \u0633\u0627\u0645\u064a \u0625\u0644\u0649 \u0627\u0644\u062d\u062f\u064a\u0642\u0629 \u0644\u064a\u0631\u0643\u0628\u0647\u0627 \u0648\u0647\u0648 \u064a\u0637\u064a\u0631 \u0645\u0646 \u0627\u0644\u0641\u0631\u062d. \u0628\u0645\u0646 \u0633\u064a\u0644\u062a\u0642\u064a\u061f \u0648\u0645\u0646 \u0633\u064a\u0642\u0648\u062f \u0633\u064a\u0627\u0631\u0629 \u0633\u0627\u0645\u064a \u0623\u064a\u0636\u0627\u064b\u061f<\/p>\n<h2>Conte de la collection \u0623\u0642\u0631\u0623 \u0648\u0623\u0641\u0631\u062d &#8211; \u201cAqraa\u2019 wa afrah\u201d<\/h2>\n<p>La collection \u0623\u0642\u0631\u0623 \u0648\u0623\u0641\u0631\u062d &#8211; \u201cAqraa\u2019 wa afrah (Je lis et je m\u2019amuse) est d\u00e9di\u00e9e aux enfants \u00e0 partir de 6 ans. Elle comprend un conte divertissant pour les tout petits, sous forme d\u2019histoire th\u00e9matique, intitul\u00e9 \u201c\u0633\u064a\u0627\u0631\u0629 \u0641\u064a \u0627\u0644\u062d\u062f\u064a\u0642\u0629\u201d .<\/p>\n<p>Nos contes ont pour but d\u2019inspirer les enfants tout en les divertissant. Faciles \u00e0 comprendre et \u00e9tant parfaitement adapt\u00e9s \u00e0 leur \u00e2ge, nos histoires sont \u00e9troitement li\u00e9es aux exp\u00e9riences journali\u00e8res des tout petits, et au monde qui les fascine.<\/p>\n<p>Le conte est illustr\u00e9 par de belles images en couleurs. Le texte est court et de grande taille, ce qui facilite la lecture en arabe aux jeunes enfants.<\/p>","protected":false},"excerpt":{"rendered":"<p>Conte\u00a0\u0633\u064a\u0627\u0631\u0629 \u0641\u064a \u0627\u0644\u062d\u062f\u064a\u0642\u0629\u00a0(Une voiture dans le jardin) Le conte \u201c\u0633\u064a\u0627\u0631\u0629 \u0641\u064a \u0627\u0644\u062d\u062f\u064a\u0642\u0629\u201d (une voiture dans&hellip;<\/p>","protected":false},"featured_media":7716,"comment_status":"closed","ping_status":"closed","template":"","meta":{"_monsterinsights_skip_tracking":false,"_monsterinsights_sitenote_active":false,"_monsterinsights_sitenote_note":"","_monsterinsights_sitenote_category":0},"product_brand":[],"product_cat":[206,151,152],"product_tag":[],"class_list":{"0":"post-608","1":"product","2":"type-product","3":"status-publish","4":"has-post-thumbnail","6":"product_cat-aqraa-wa-afrah","7":"product_cat-storybooks-for-children","8":"product_cat-arabic-stories","10":"first","11":"instock","12":"shipping-taxable","13":"purchasable","14":"product-type-simple"},"yoast_head":"<!-- This site is optimized with the Yoast SEO plugin v26.4 - https:\/\/yoast.com\/wordpress\/plugins\/seo\/ -->\r\n<title>\u0633\u064a\u0627\u0631\u0629 \u0641\u064a \u0627\u0644\u062d\u062f\u064a\u0642\u0629 - Kedemos Education<\/title>\r\n<meta name=\"robots\" content=\"index, follow, max-snippet:-1, max-image-preview:large, max-video-preview:-1\" \/>\r\n<link rel=\"canonical\" href=\"https:\/\/kedemoseducation.com\/fr\/product\/\u0633\u064a\u0627\u0631\u0629-\u0641\u064a-\u0627\u0644\u062d\u062f\u064a\u0642\u0629\/\" \/>\r\n<meta property=\"og:locale\" content=\"fr_FR\" \/>\r\n<meta property=\"og:type\" content=\"article\" \/>\r\n<meta property=\"og:title\" content=\"\u0633\u064a\u0627\u0631\u0629 \u0641\u064a \u0627\u0644\u062d\u062f\u064a\u0642\u0629 - Kedemos Education\" \/>\r\n<meta property=\"og:description\" content=\"Conte\u00a0\u0633\u064a\u0627\u0631\u0629 \u0641\u064a \u0627\u0644\u062d\u062f\u064a\u0642\u0629\u00a0(Une voiture dans le jardin) Le conte \u201c\u0633\u064a\u0627\u0631\u0629 \u0641\u064a \u0627\u0644\u062d\u062f\u064a\u0642\u0629\u201d (une voiture dans&hellip;\" \/>\r\n<meta property=\"og:url\" content=\"https:\/\/kedemoseducation.com\/fr\/product\/\u0633\u064a\u0627\u0631\u0629-\u0641\u064a-\u0627\u0644\u062d\u062f\u064a\u0642\u0629\/\" \/>\r\n<meta property=\"og:site_name\" content=\"Kedemos Education\" \/>\r\n<meta property=\"article:publisher\" content=\"https:\/\/www.facebook.com\/Kedemoseducation\" \/>\r\n<meta property=\"article:modified_time\" content=\"2025-12-26T07:49:30+00:00\" \/>\r\n<meta property=\"og:image\" content=\"https:\/\/kedemoseducation.com\/wp-content\/uploads\/2022\/05\/sayara-fi-al-hadika.jpg\" \/>\r\n\t<meta property=\"og:image:width\" content=\"600\" \/>\r\n\t<meta property=\"og:image:height\" content=\"800\" \/>\r\n\t<meta property=\"og:image:type\" content=\"image\/jpeg\" \/>\r\n<meta name=\"twitter:card\" content=\"summary_large_image\" \/>\r\n<meta name=\"twitter:label1\" content=\"Dur\u00e9e de lecture estim\u00e9e\" \/>\n\t<meta name=\"twitter:data1\" content=\"2 minutes\" \/>\r\n<script type=\"application\/ld+json\" class=\"yoast-schema-graph\">{\"@context\":\"https:\/\/schema.org\",\"@graph\":[{\"@type\":\"WebPage\",\"@id\":\"https:\/\/kedemoseducation.com\/fr\/product\/%d8%b3%d9%8a%d8%a7%d8%b1%d8%a9-%d9%81%d9%8a-%d8%a7%d9%84%d8%ad%d8%af%d9%8a%d9%82%d8%a9\/\",\"url\":\"https:\/\/kedemoseducation.com\/fr\/product\/%d8%b3%d9%8a%d8%a7%d8%b1%d8%a9-%d9%81%d9%8a-%d8%a7%d9%84%d8%ad%d8%af%d9%8a%d9%82%d8%a9\/\",\"name\":\"\u0633\u064a\u0627\u0631\u0629 \u0641\u064a \u0627\u0644\u062d\u062f\u064a\u0642\u0629 - Kedemos Education\",\"isPartOf\":{\"@id\":\"https:\/\/kedemoseducation.com\/fr\/#website\"},\"primaryImageOfPage\":{\"@id\":\"https:\/\/kedemoseducation.com\/fr\/product\/%d8%b3%d9%8a%d8%a7%d8%b1%d8%a9-%d9%81%d9%8a-%d8%a7%d9%84%d8%ad%d8%af%d9%8a%d9%82%d8%a9\/#primaryimage\"},\"image\":{\"@id\":\"https:\/\/kedemoseducation.com\/fr\/product\/%d8%b3%d9%8a%d8%a7%d8%b1%d8%a9-%d9%81%d9%8a-%d8%a7%d9%84%d8%ad%d8%af%d9%8a%d9%82%d8%a9\/#primaryimage\"},\"thumbnailUrl\":\"https:\/\/i0.wp.com\/kedemoseducation.com\/wp-content\/uploads\/2022\/05\/sayara-fi-al-hadika.jpg?fit=600%2C800&ssl=1\",\"datePublished\":\"2022-05-05T03:27:30+00:00\",\"dateModified\":\"2025-12-26T07:49:30+00:00\",\"breadcrumb\":{\"@id\":\"https:\/\/kedemoseducation.com\/fr\/product\/%d8%b3%d9%8a%d8%a7%d8%b1%d8%a9-%d9%81%d9%8a-%d8%a7%d9%84%d8%ad%d8%af%d9%8a%d9%82%d8%a9\/#breadcrumb\"},\"inLanguage\":\"fr-FR\",\"potentialAction\":[{\"@type\":\"ReadAction\",\"target\":[\"https:\/\/kedemoseducation.com\/fr\/product\/%d8%b3%d9%8a%d8%a7%d8%b1%d8%a9-%d9%81%d9%8a-%d8%a7%d9%84%d8%ad%d8%af%d9%8a%d9%82%d8%a9\/\"]}]},{\"@type\":\"ImageObject\",\"inLanguage\":\"fr-FR\",\"@id\":\"https:\/\/kedemoseducation.com\/fr\/product\/%d8%b3%d9%8a%d8%a7%d8%b1%d8%a9-%d9%81%d9%8a-%d8%a7%d9%84%d8%ad%d8%af%d9%8a%d9%82%d8%a9\/#primaryimage\",\"url\":\"https:\/\/i0.wp.com\/kedemoseducation.com\/wp-content\/uploads\/2022\/05\/sayara-fi-al-hadika.jpg?fit=600%2C800&ssl=1\",\"contentUrl\":\"https:\/\/i0.wp.com\/kedemoseducation.com\/wp-content\/uploads\/2022\/05\/sayara-fi-al-hadika.jpg?fit=600%2C800&ssl=1\",\"width\":600,\"height\":800,\"caption\":\"\u0633\u064a\u0627\u0631\u0629 \u0641\u064a \u0627\u0644\u062d\u062f\u064a\u0642\u0629\"},{\"@type\":\"BreadcrumbList\",\"@id\":\"https:\/\/kedemoseducation.com\/fr\/product\/%d8%b3%d9%8a%d8%a7%d8%b1%d8%a9-%d9%81%d9%8a-%d8%a7%d9%84%d8%ad%d8%af%d9%8a%d9%82%d8%a9\/#breadcrumb\",\"itemListElement\":[{\"@type\":\"ListItem\",\"position\":1,\"name\":\"Home\",\"item\":\"https:\/\/kedemoseducation.com\/\"},{\"@type\":\"ListItem\",\"position\":2,\"name\":\"All Products\",\"item\":\"https:\/\/kedemoseducation.com\/fr\/shop-2\/tous-les-produits\/\"},{\"@type\":\"ListItem\",\"position\":3,\"name\":\"Stories\",\"item\":\"https:\/\/kedemoseducation.com\/en\/product-category\/storybooks-for-children\/\"},{\"@type\":\"ListItem\",\"position\":4,\"name\":\"Arabic\",\"item\":\"https:\/\/kedemoseducation.com\/fr\/categorie-de-produit\/contes-pour-enfants\/contes-arabe\/\"},{\"@type\":\"ListItem\",\"position\":5,\"name\":\"Aqraa wa afrah\",\"item\":\"https:\/\/kedemoseducation.com\/en\/product-category\/storybooks-for-children\/arabic-stories\/aqraa-wa-afrah\/\"},{\"@type\":\"ListItem\",\"position\":6,\"name\":\"\u0633\u064a\u0627\u0631\u0629 \u0641\u064a \u0627\u0644\u062d\u062f\u064a\u0642\u0629\"}]},{\"@type\":\"WebSite\",\"@id\":\"https:\/\/kedemoseducation.com\/fr\/#website\",\"url\":\"https:\/\/kedemoseducation.com\/fr\/\",\"name\":\"Kedemos Education\",\"description\":\"The Pleasure of Learning\",\"publisher\":{\"@id\":\"https:\/\/kedemoseducation.com\/fr\/#organization\"},\"potentialAction\":[{\"@type\":\"SearchAction\",\"target\":{\"@type\":\"EntryPoint\",\"urlTemplate\":\"https:\/\/kedemoseducation.com\/fr\/?s={search_term_string}\"},\"query-input\":{\"@type\":\"PropertyValueSpecification\",\"valueRequired\":true,\"valueName\":\"search_term_string\"}}],\"inLanguage\":\"fr-FR\"},{\"@type\":\"Organization\",\"@id\":\"https:\/\/kedemoseducation.com\/fr\/#organization\",\"name\":\"Kedemos Education\",\"url\":\"https:\/\/kedemoseducation.com\/fr\/\",\"logo\":{\"@type\":\"ImageObject\",\"inLanguage\":\"fr-FR\",\"@id\":\"https:\/\/kedemoseducation.com\/fr\/#\/schema\/logo\/image\/\",\"url\":\"https:\/\/kedemoseducation.com\/wp-content\/uploads\/2023\/06\/logo-kedemos-education.png\",\"contentUrl\":\"https:\/\/kedemoseducation.com\/wp-content\/uploads\/2023\/06\/logo-kedemos-education.png\",\"width\":2362,\"height\":903,\"caption\":\"Kedemos Education\"},\"image\":{\"@id\":\"https:\/\/kedemoseducation.com\/fr\/#\/schema\/logo\/image\/\"},\"sameAs\":[\"https:\/\/www.facebook.com\/Kedemoseducation\",\"https:\/\/www.instagram.com\/kedemoseducation\/\",\"https:\/\/www.linkedin.com\/company\/kedemos-education\/\"]}]}<\/script>\r\n<!-- \/ Yoast SEO plugin. -->","yoast_head_json":{"title":"\u0633\u064a\u0627\u0631\u0629 \u0641\u064a \u0627\u0644\u062d\u062f\u064a\u0642\u0629 - Kedemos Education","robots":{"index":"index","follow":"follow","max-snippet":"max-snippet:-1","max-image-preview":"max-image-preview:large","max-video-preview":"max-video-preview:-1"},"canonical":"https:\/\/kedemoseducation.com\/fr\/product\/\u0633\u064a\u0627\u0631\u0629-\u0641\u064a-\u0627\u0644\u062d\u062f\u064a\u0642\u0629\/","og_locale":"fr_FR","og_type":"article","og_title":"\u0633\u064a\u0627\u0631\u0629 \u0641\u064a \u0627\u0644\u062d\u062f\u064a\u0642\u0629 - Kedemos Education","og_description":"Conte\u00a0\u0633\u064a\u0627\u0631\u0629 \u0641\u064a \u0627\u0644\u062d\u062f\u064a\u0642\u0629\u00a0(Une voiture dans le jardin) Le conte \u201c\u0633\u064a\u0627\u0631\u0629 \u0641\u064a \u0627\u0644\u062d\u062f\u064a\u0642\u0629\u201d (une voiture dans&hellip;","og_url":"https:\/\/kedemoseducation.com\/fr\/product\/\u0633\u064a\u0627\u0631\u0629-\u0641\u064a-\u0627\u0644\u062d\u062f\u064a\u0642\u0629\/","og_site_name":"Kedemos Education","article_publisher":"https:\/\/www.facebook.com\/Kedemoseducation","article_modified_time":"2025-12-26T07:49:30+00:00","og_image":[{"width":600,"height":800,"url":"https:\/\/kedemoseducation.com\/wp-content\/uploads\/2022\/05\/sayara-fi-al-hadika.jpg","type":"image\/jpeg"}],"twitter_card":"summary_large_image","twitter_misc":{"Dur\u00e9e de lecture estim\u00e9e":"2 minutes"},"schema":{"@context":"https:\/\/schema.org","@graph":[{"@type":"WebPage","@id":"https:\/\/kedemoseducation.com\/fr\/product\/%d8%b3%d9%8a%d8%a7%d8%b1%d8%a9-%d9%81%d9%8a-%d8%a7%d9%84%d8%ad%d8%af%d9%8a%d9%82%d8%a9\/","url":"https:\/\/kedemoseducation.com\/fr\/product\/%d8%b3%d9%8a%d8%a7%d8%b1%d8%a9-%d9%81%d9%8a-%d8%a7%d9%84%d8%ad%d8%af%d9%8a%d9%82%d8%a9\/","name":"\u0633\u064a\u0627\u0631\u0629 \u0641\u064a \u0627\u0644\u062d\u062f\u064a\u0642\u0629 - Kedemos Education","isPartOf":{"@id":"https:\/\/kedemoseducation.com\/fr\/#website"},"primaryImageOfPage":{"@id":"https:\/\/kedemoseducation.com\/fr\/product\/%d8%b3%d9%8a%d8%a7%d8%b1%d8%a9-%d9%81%d9%8a-%d8%a7%d9%84%d8%ad%d8%af%d9%8a%d9%82%d8%a9\/#primaryimage"},"image":{"@id":"https:\/\/kedemoseducation.com\/fr\/product\/%d8%b3%d9%8a%d8%a7%d8%b1%d8%a9-%d9%81%d9%8a-%d8%a7%d9%84%d8%ad%d8%af%d9%8a%d9%82%d8%a9\/#primaryimage"},"thumbnailUrl":"https:\/\/i0.wp.com\/kedemoseducation.com\/wp-content\/uploads\/2022\/05\/sayara-fi-al-hadika.jpg?fit=600%2C800&ssl=1","datePublished":"2022-05-05T03:27:30+00:00","dateModified":"2025-12-26T07:49:30+00:00","breadcrumb":{"@id":"https:\/\/kedemoseducation.com\/fr\/product\/%d8%b3%d9%8a%d8%a7%d8%b1%d8%a9-%d9%81%d9%8a-%d8%a7%d9%84%d8%ad%d8%af%d9%8a%d9%82%d8%a9\/#breadcrumb"},"inLanguage":"fr-FR","potentialAction":[{"@type":"ReadAction","target":["https:\/\/kedemoseducation.com\/fr\/product\/%d8%b3%d9%8a%d8%a7%d8%b1%d8%a9-%d9%81%d9%8a-%d8%a7%d9%84%d8%ad%d8%af%d9%8a%d9%82%d8%a9\/"]}]},{"@type":"ImageObject","inLanguage":"fr-FR","@id":"https:\/\/kedemoseducation.com\/fr\/product\/%d8%b3%d9%8a%d8%a7%d8%b1%d8%a9-%d9%81%d9%8a-%d8%a7%d9%84%d8%ad%d8%af%d9%8a%d9%82%d8%a9\/#primaryimage","url":"https:\/\/i0.wp.com\/kedemoseducation.com\/wp-content\/uploads\/2022\/05\/sayara-fi-al-hadika.jpg?fit=600%2C800&ssl=1","contentUrl":"https:\/\/i0.wp.com\/kedemoseducation.com\/wp-content\/uploads\/2022\/05\/sayara-fi-al-hadika.jpg?fit=600%2C800&ssl=1","width":600,"height":800,"caption":"\u0633\u064a\u0627\u0631\u0629 \u0641\u064a \u0627\u0644\u062d\u062f\u064a\u0642\u0629"},{"@type":"BreadcrumbList","@id":"https:\/\/kedemoseducation.com\/fr\/product\/%d8%b3%d9%8a%d8%a7%d8%b1%d8%a9-%d9%81%d9%8a-%d8%a7%d9%84%d8%ad%d8%af%d9%8a%d9%82%d8%a9\/#breadcrumb","itemListElement":[{"@type":"ListItem","position":1,"name":"Home","item":"https:\/\/kedemoseducation.com\/"},{"@type":"ListItem","position":2,"name":"All Products","item":"https:\/\/kedemoseducation.com\/fr\/shop-2\/tous-les-produits\/"},{"@type":"ListItem","position":3,"name":"Stories","item":"https:\/\/kedemoseducation.com\/en\/product-category\/storybooks-for-children\/"},{"@type":"ListItem","position":4,"name":"Arabic","item":"https:\/\/kedemoseducation.com\/fr\/categorie-de-produit\/contes-pour-enfants\/contes-arabe\/"},{"@type":"ListItem","position":5,"name":"Aqraa wa afrah","item":"https:\/\/kedemoseducation.com\/en\/product-category\/storybooks-for-children\/arabic-stories\/aqraa-wa-afrah\/"},{"@type":"ListItem","position":6,"name":"\u0633\u064a\u0627\u0631\u0629 \u0641\u064a \u0627\u0644\u062d\u062f\u064a\u0642\u0629"}]},{"@type":"WebSite","@id":"https:\/\/kedemoseducation.com\/fr\/#website","url":"https:\/\/kedemoseducation.com\/fr\/","name":"K\u00e9d\u00e9mos Education","description":"Le plaisir d'apprendre","publisher":{"@id":"https:\/\/kedemoseducation.com\/fr\/#organization"},"potentialAction":[{"@type":"SearchAction","target":{"@type":"EntryPoint","urlTemplate":"https:\/\/kedemoseducation.com\/fr\/?s={search_term_string}"},"query-input":{"@type":"PropertyValueSpecification","valueRequired":true,"valueName":"search_term_string"}}],"inLanguage":"fr-FR"},{"@type":"Organization","@id":"https:\/\/kedemoseducation.com\/fr\/#organization","name":"K\u00e9d\u00e9mos Education","url":"https:\/\/kedemoseducation.com\/fr\/","logo":{"@type":"ImageObject","inLanguage":"fr-FR","@id":"https:\/\/kedemoseducation.com\/fr\/#\/schema\/logo\/image\/","url":"https:\/\/kedemoseducation.com\/wp-content\/uploads\/2023\/06\/logo-kedemos-education.png","contentUrl":"https:\/\/kedemoseducation.com\/wp-content\/uploads\/2023\/06\/logo-kedemos-education.png","width":2362,"height":903,"caption":"Kedemos Education"},"image":{"@id":"https:\/\/kedemoseducation.com\/fr\/#\/schema\/logo\/image\/"},"sameAs":["https:\/\/www.facebook.com\/Kedemoseducation","https:\/\/www.instagram.com\/kedemoseducation\/","https:\/\/www.linkedin.com\/company\/kedemos-education\/"]}]}},"jetpack_sharing_enabled":true,"_links":{"self":[{"href":"https:\/\/kedemoseducation.com\/fr\/wp-json\/wp\/v2\/product\/608","targetHints":{"allow":["GET"]}}],"collection":[{"href":"https:\/\/kedemoseducation.com\/fr\/wp-json\/wp\/v2\/product"}],"about":[{"href":"https:\/\/kedemoseducation.com\/fr\/wp-json\/wp\/v2\/types\/product"}],"replies":[{"embeddable":true,"href":"https:\/\/kedemoseducation.com\/fr\/wp-json\/wp\/v2\/comments?post=608"}],"wp:featuredmedia":[{"embeddable":true,"href":"https:\/\/kedemoseducation.com\/fr\/wp-json\/wp\/v2\/media\/7716"}],"wp:attachment":[{"href":"https:\/\/kedemoseducation.com\/fr\/wp-json\/wp\/v2\/media?parent=608"}],"wp:term":[{"taxonomy":"product_brand","embeddable":true,"href":"https:\/\/kedemoseducation.com\/fr\/wp-json\/wp\/v2\/product_brand?post=608"},{"taxonomy":"product_cat","embeddable":true,"href":"https:\/\/kedemoseducation.com\/fr\/wp-json\/wp\/v2\/product_cat?post=608"},{"taxonomy":"product_tag","embeddable":true,"href":"https:\/\/kedemoseducation.com\/fr\/wp-json\/wp\/v2\/product_tag?post=608"}],"curies":[{"name":"wp","href":"https:\/\/api.w.org\/{rel}","templated":true}]}}