{"id":607,"date":"2022-05-05T06:27:30","date_gmt":"2022-05-05T06:27:30","guid":{"rendered":"https:\/\/eshop.classperts.com\/?post_type=product&#038;p=607"},"modified":"2026-01-20T15:31:20","modified_gmt":"2026-01-20T13:31:20","slug":"%d8%a7%d9%84%d8%b8%d8%b1%d9%8a%d9%81-%d9%85%d9%84%d9%83%d9%88","status":"publish","type":"product","link":"https:\/\/kedemoseducation.com\/fr\/product\/%d8%a7%d9%84%d8%b8%d8%b1%d9%8a%d9%81-%d9%85%d9%84%d9%83%d9%88\/","title":{"rendered":"\u0627\u0644\u0638\u0631\u064a\u0641 \u0645\u0644\u0643\u0648"},"content":{"rendered":"<h1>Conte\u00a0\u0627\u0644\u0638\u0631\u064a\u0641 \u0645\u0644\u0643\u0648<\/h1>\n<h3>Az-zarif Malko<\/h3>\n<p>Le conte \u201c\u0627\u0644\u0638\u0631\u064a\u0641 \u0645\u0644\u0643\u0648\u201d (Malko, le rigolo), est une histoire de la collection <a href=\"https:\/\/www.instagram.com\/p\/CmJYiTpMlDw\/\">\u062e\u0637\u0648\u0627\u062a<\/a> \u201cKhoutouwat\u201d (des \u00e9tapes). Il s\u2019agit d\u2019une adaptation du c\u00e9l\u00e8bre conte \u00e9crit par Elias Zgheib. Il raconte l&#8217;histoire de la petite fille, Nada, qui vit dans un village avec ses grands-parents suite au d\u00e9c\u00e8s de ses parents. Un jour, son oncle, venu du Canada, leur rend visite. Il a l\u2019intention de prendre Nada avec lui pour un futur meilleur au Canada. Quelle sera la r\u00e9action de Nada ? Souhaitera-t-elle quitter son pays ? Et qui est ce dr\u00f4le de Malko ? Quel r\u00f4le va-t-il jouer dans la vie de Nada ?<\/p>\n<p style=\"text-align: right;\">\u0642\u0635\u0629 \u0627\u0644\u0638\u0631\u064a\u0641 \u0645\u0644\u0643\u0648\u060c \u0645\u0646 \u0645\u062c\u0645\u0648\u0639\u0629\u00a0 \u062e\u0637\u0648\u0627\u062a\u060c \u0645\u0633\u062a\u0648\u062d\u0627\u0629 \u0645\u0646 \u0627\u0644\u0642\u0635\u0629 \u0627\u0644\u0634\u0647\u064a\u0631\u0629 \u0644\u0627\u0644\u064a\u0627\u0633 \u0632\u063a\u064a\u0628. \u062a\u062d\u0643\u064a \u0642\u0635\u0629 \u0627\u0644\u0641\u062a\u0627\u0629 \u0627\u0644\u0635\u063a\u064a\u0631\u0629 \u0646\u062f\u0649 \u0627\u0644\u062a\u064a \u062a\u0639\u064a\u0634 \u0641\u064a \u0628\u0644\u062f\u0629 \u0645\u0639 \u062c\u062f\u0651\u064a\u0647\u0627 \u0628\u0639\u062f \u0648\u0641\u0627\u0629 \u0648\u0627\u0644\u062f\u064a\u0647\u0627. \u0641\u064a \u064a\u0648\u0645 \u0645\u0646 \u0627\u0644\u0623\u064a\u0627\u0645\u060c \u062c\u0627\u0621 \u0639\u0645\u0651 \u0646\u062f\u0649 \u0627\u0644\u0645\u0642\u064a\u0645 \u0641\u064a \u0643\u0646\u062f\u0627 \u0625\u0644\u0649 \u0644\u0628\u0646\u0627\u0646 \u0644\u0632\u064a\u0627\u0631\u0629 \u0623\u0647\u0644\u0647 \u0648\u0644\u064a\u0623\u062e\u0630 \u0646\u062f\u0649 \u0645\u0639\u0647 \u0625\u0644\u0649 \u0643\u0646\u062f\u0627. \u0648\u0628\u0646\u0638\u0631\u0647\u060c \u0633\u062a\u062d\u0638\u0649 \u0627\u0644\u0641\u062a\u0627\u0629 \u0647\u0646\u0627\u0643 \u0628\u0645\u0633\u062a\u0642\u0628\u0644 \u0623\u0641\u0636\u0644. \u0645\u0627 \u0631\u0623\u064a \u0646\u062f\u0649 \u0641\u064a \u0627\u0644\u0645\u0648\u0636\u0648\u0639\u061f \u0648\u0647\u0644 \u0633\u062a\u0648\u0627\u0641\u0642 \u0639\u0644\u0649 \u0645\u063a\u0627\u062f\u0631\u0629 \u0628\u0644\u062f\u0647\u0627 \u0648\u0623\u062d\u0628\u0627\u0628\u0647\u0627\u061f \u0648\u0645\u0646 \u0647\u0648 \u0627\u0644\u0638\u0631\u064a\u0641 \u0645\u0644\u0643\u0648 \u0648\u0623\u064a \u062f\u0648\u0631 \u0633\u064a\u0644\u0639\u0628 \u0641\u064a \u062d\u064a\u0627\u0629 \u0646\u062f\u0649\u061f<\/p>\n<p><strong>\u062e\u0637\u0648\u0627\u062a &#8211; \u201cKhoutouwat\u201d<\/strong><\/p>\n<p>La collection \u062e\u0637\u0648\u0627\u062a \u201cKhoutouwat\u201d (des \u00e9tapes) est d\u00e9di\u00e9e aux enfants \u00e0 partir de l&#8217;\u00e2ge de 11 ans. Elle comprend 4 contes divertissants pour les jeunes adolescents, et s\u2019inspire, \u00e0 travers ses histoires, des r\u00e9alit\u00e9s sociales et humaines, et ce dans un contexte d\u2019aventures fictives et polici\u00e8res. Les contes sont faciles \u00e0 comprendre et sont parfaitement adapt\u00e9s \u00e0 l\u2019\u00e2ge des enfants. Chaque conte est accompagn\u00e9 d\u2019une exploitation p\u00e9dagogique avec plusieurs pages de questions qui testent les connaissances et la compr\u00e9hension du conte lu.<\/p>\n<p>La collection comprend les 4 contes suivants :<\/p>\n<p style=\"text-align: right;\">\u00a0\u0627\u0644\u0638\u0631\u064a\u0641 \u0645\u0644\u0643\u0648 &#8211;<\/p>\n<p style=\"text-align: right;\">(Malko, le dr\u00f4le)<\/p>\n<p style=\"text-align: right;\"><a href=\"https:\/\/kedemoseducation.com\/fr\/product\/\u0645\u0630\u0643\u0631\u0627\u062a-\u0642\u0628\u064a\u062d\/\">\u00a0\u0645\u0630\u0643\u0631\u0627\u062a \u0642\u0628\u064a\u062d<\/a> &#8211;<\/p>\n<p style=\"text-align: right;\">(Le journal d\u2019un laid)<\/p>\n<p style=\"text-align: right;\"><a href=\"https:\/\/kedemoseducation.com\/fr\/product\/\u0627\u0644\u062d\u0627\u0631\u0633-\u0648\u0627\u0644\u062d\u0635\u0627\u0646\/\">\u0627\u0644\u062d\u0627\u0631\u0633 \u0648\u0627\u0644\u062d\u0635\u0627\u0646 &#8211;<\/a><\/p>\n<p style=\"text-align: right;\">(Le gardien et le cheval)<\/p>\n<p style=\"text-align: right;\"><a href=\"https:\/\/kedemoseducation.com\/fr\/product\/\u0646\u0627\u0641\u0630\u0629-\u0639\u0644\u0649-\u0627\u0644\u0631\u0635\u064a\u0641\/\">\u0646\u0627\u0641\u0630\u0629 \u0639\u0644\u0649 \u0627\u0644\u0631\u0635\u064a\u0641 &#8211;<\/a><\/p>\n<p style=\"text-align: right;\">(Une fen\u00eatre sur le trottoir)<\/p>","protected":false},"excerpt":{"rendered":"<p>Conte\u00a0\u0627\u0644\u0638\u0631\u064a\u0641 \u0645\u0644\u0643\u0648 Az-zarif Malko Le conte \u201c\u0627\u0644\u0638\u0631\u064a\u0641 \u0645\u0644\u0643\u0648\u201d (Malko, le rigolo), est une histoire de la collection \u062e\u0637\u0648\u0627\u062a \u201cKhoutouwat\u201d (des \u00e9tapes). Il s\u2019agit d\u2019une adaptation du c\u00e9l\u00e8bre conte \u00e9crit par&hellip;<\/p>","protected":false},"featured_media":12548,"comment_status":"closed","ping_status":"closed","template":"","meta":{"_monsterinsights_skip_tracking":false,"_monsterinsights_sitenote_active":false,"_monsterinsights_sitenote_note":"","_monsterinsights_sitenote_category":0},"product_brand":[],"product_cat":[153,151,152],"product_tag":[],"class_list":{"0":"post-607","1":"product","2":"type-product","3":"status-publish","4":"has-post-thumbnail","6":"product_cat-khoutouwat","7":"product_cat-storybooks-for-children","8":"product_cat-arabic-stories","10":"first","11":"instock","12":"shipping-taxable","13":"purchasable","14":"product-type-simple"},"yoast_head":"<!-- This site is optimized with the Yoast SEO plugin v26.4 - https:\/\/yoast.com\/wordpress\/plugins\/seo\/ -->\r\n<title>\u0627\u0644\u0638\u0631\u064a\u0641 \u0645\u0644\u0643\u0648 - Kedemos Education<\/title>\r\n<meta name=\"robots\" content=\"index, follow, max-snippet:-1, max-image-preview:large, max-video-preview:-1\" \/>\r\n<link rel=\"canonical\" href=\"https:\/\/kedemoseducation.com\/fr\/product\/\u0627\u0644\u0638\u0631\u064a\u0641-\u0645\u0644\u0643\u0648\/\" \/>\r\n<meta property=\"og:locale\" content=\"fr_FR\" \/>\r\n<meta property=\"og:type\" content=\"article\" \/>\r\n<meta property=\"og:title\" content=\"\u0627\u0644\u0638\u0631\u064a\u0641 \u0645\u0644\u0643\u0648 - Kedemos Education\" \/>\r\n<meta property=\"og:description\" content=\"Conte\u00a0\u0627\u0644\u0638\u0631\u064a\u0641 \u0645\u0644\u0643\u0648 Az-zarif Malko Le conte \u201c\u0627\u0644\u0638\u0631\u064a\u0641 \u0645\u0644\u0643\u0648\u201d (Malko, le rigolo), est une histoire de la collection \u062e\u0637\u0648\u0627\u062a \u201cKhoutouwat\u201d (des \u00e9tapes). Il s\u2019agit d\u2019une adaptation du c\u00e9l\u00e8bre conte \u00e9crit par&hellip;\" \/>\r\n<meta property=\"og:url\" content=\"https:\/\/kedemoseducation.com\/fr\/product\/\u0627\u0644\u0638\u0631\u064a\u0641-\u0645\u0644\u0643\u0648\/\" \/>\r\n<meta property=\"og:site_name\" content=\"Kedemos Education\" \/>\r\n<meta property=\"article:publisher\" content=\"https:\/\/www.facebook.com\/Kedemoseducation\" \/>\r\n<meta property=\"article:modified_time\" content=\"2026-01-20T13:31:20+00:00\" \/>\r\n<meta property=\"og:image\" content=\"https:\/\/kedemoseducation.com\/wp-content\/uploads\/2022\/05\/alzourouf-malkou.jpg\" \/>\r\n\t<meta property=\"og:image:width\" content=\"600\" \/>\r\n\t<meta property=\"og:image:height\" content=\"800\" \/>\r\n\t<meta property=\"og:image:type\" content=\"image\/jpeg\" \/>\r\n<meta name=\"twitter:card\" content=\"summary_large_image\" \/>\r\n<meta name=\"twitter:label1\" content=\"Dur\u00e9e de lecture estim\u00e9e\" \/>\n\t<meta name=\"twitter:data1\" content=\"2 minutes\" \/>\r\n<script type=\"application\/ld+json\" class=\"yoast-schema-graph\">{\"@context\":\"https:\/\/schema.org\",\"@graph\":[{\"@type\":\"WebPage\",\"@id\":\"https:\/\/kedemoseducation.com\/product\/%d8%a7%d9%84%d8%b8%d8%b1%d9%8a%d9%81-%d9%85%d9%84%d9%83%d9%88\/\",\"url\":\"https:\/\/kedemoseducation.com\/product\/%d8%a7%d9%84%d8%b8%d8%b1%d9%8a%d9%81-%d9%85%d9%84%d9%83%d9%88\/\",\"name\":\"\u0627\u0644\u0638\u0631\u064a\u0641 \u0645\u0644\u0643\u0648 - Kedemos Education\",\"isPartOf\":{\"@id\":\"https:\/\/kedemoseducation.com\/fr\/#website\"},\"primaryImageOfPage\":{\"@id\":\"https:\/\/kedemoseducation.com\/product\/%d8%a7%d9%84%d8%b8%d8%b1%d9%8a%d9%81-%d9%85%d9%84%d9%83%d9%88\/#primaryimage\"},\"image\":{\"@id\":\"https:\/\/kedemoseducation.com\/product\/%d8%a7%d9%84%d8%b8%d8%b1%d9%8a%d9%81-%d9%85%d9%84%d9%83%d9%88\/#primaryimage\"},\"thumbnailUrl\":\"https:\/\/i0.wp.com\/kedemoseducation.com\/wp-content\/uploads\/2022\/05\/alzourouf-malkou.jpg?fit=600%2C800&ssl=1\",\"datePublished\":\"2022-05-05T06:27:30+00:00\",\"dateModified\":\"2026-01-20T13:31:20+00:00\",\"breadcrumb\":{\"@id\":\"https:\/\/kedemoseducation.com\/product\/%d8%a7%d9%84%d8%b8%d8%b1%d9%8a%d9%81-%d9%85%d9%84%d9%83%d9%88\/#breadcrumb\"},\"inLanguage\":\"fr-FR\",\"potentialAction\":[{\"@type\":\"ReadAction\",\"target\":[\"https:\/\/kedemoseducation.com\/product\/%d8%a7%d9%84%d8%b8%d8%b1%d9%8a%d9%81-%d9%85%d9%84%d9%83%d9%88\/\"]}]},{\"@type\":\"ImageObject\",\"inLanguage\":\"fr-FR\",\"@id\":\"https:\/\/kedemoseducation.com\/product\/%d8%a7%d9%84%d8%b8%d8%b1%d9%8a%d9%81-%d9%85%d9%84%d9%83%d9%88\/#primaryimage\",\"url\":\"https:\/\/i0.wp.com\/kedemoseducation.com\/wp-content\/uploads\/2022\/05\/alzourouf-malkou.jpg?fit=600%2C800&ssl=1\",\"contentUrl\":\"https:\/\/i0.wp.com\/kedemoseducation.com\/wp-content\/uploads\/2022\/05\/alzourouf-malkou.jpg?fit=600%2C800&ssl=1\",\"width\":600,\"height\":800,\"caption\":\"\u0627\u0644\u0638\u0631\u064a\u0641 \u0645\u0644\u0643\u0648\"},{\"@type\":\"BreadcrumbList\",\"@id\":\"https:\/\/kedemoseducation.com\/product\/%d8%a7%d9%84%d8%b8%d8%b1%d9%8a%d9%81-%d9%85%d9%84%d9%83%d9%88\/#breadcrumb\",\"itemListElement\":[{\"@type\":\"ListItem\",\"position\":1,\"name\":\"Home\",\"item\":\"https:\/\/kedemoseducation.com\/\"},{\"@type\":\"ListItem\",\"position\":2,\"name\":\"All Products\",\"item\":\"https:\/\/kedemoseducation.com\/fr\/shop-2\/tous-les-produits\/\"},{\"@type\":\"ListItem\",\"position\":3,\"name\":\"Stories\",\"item\":\"https:\/\/kedemoseducation.com\/en\/product-category\/storybooks-for-children\/\"},{\"@type\":\"ListItem\",\"position\":4,\"name\":\"Arabic\",\"item\":\"https:\/\/kedemoseducation.com\/fr\/categorie-de-produit\/contes-pour-enfants\/contes-arabe\/\"},{\"@type\":\"ListItem\",\"position\":5,\"name\":\"Khoutouwat\",\"item\":\"https:\/\/kedemoseducation.com\/en\/product-category\/storybooks-for-children\/arabic-stories\/khoutouwat\/\"},{\"@type\":\"ListItem\",\"position\":6,\"name\":\"\u0627\u0644\u0638\u0631\u064a\u0641 \u0645\u0644\u0643\u0648\"}]},{\"@type\":\"WebSite\",\"@id\":\"https:\/\/kedemoseducation.com\/fr\/#website\",\"url\":\"https:\/\/kedemoseducation.com\/fr\/\",\"name\":\"Kedemos Education\",\"description\":\"The Pleasure of Learning\",\"publisher\":{\"@id\":\"https:\/\/kedemoseducation.com\/fr\/#organization\"},\"potentialAction\":[{\"@type\":\"SearchAction\",\"target\":{\"@type\":\"EntryPoint\",\"urlTemplate\":\"https:\/\/kedemoseducation.com\/fr\/?s={search_term_string}\"},\"query-input\":{\"@type\":\"PropertyValueSpecification\",\"valueRequired\":true,\"valueName\":\"search_term_string\"}}],\"inLanguage\":\"fr-FR\"},{\"@type\":\"Organization\",\"@id\":\"https:\/\/kedemoseducation.com\/fr\/#organization\",\"name\":\"Kedemos Education\",\"url\":\"https:\/\/kedemoseducation.com\/fr\/\",\"logo\":{\"@type\":\"ImageObject\",\"inLanguage\":\"fr-FR\",\"@id\":\"https:\/\/kedemoseducation.com\/fr\/#\/schema\/logo\/image\/\",\"url\":\"https:\/\/kedemoseducation.com\/wp-content\/uploads\/2023\/06\/logo-kedemos-education.png\",\"contentUrl\":\"https:\/\/kedemoseducation.com\/wp-content\/uploads\/2023\/06\/logo-kedemos-education.png\",\"width\":2362,\"height\":903,\"caption\":\"Kedemos Education\"},\"image\":{\"@id\":\"https:\/\/kedemoseducation.com\/fr\/#\/schema\/logo\/image\/\"},\"sameAs\":[\"https:\/\/www.facebook.com\/Kedemoseducation\",\"https:\/\/www.instagram.com\/kedemoseducation\/\",\"https:\/\/www.linkedin.com\/company\/kedemos-education\/\"]}]}<\/script>\r\n<!-- \/ Yoast SEO plugin. -->","yoast_head_json":{"title":"\u0627\u0644\u0638\u0631\u064a\u0641 \u0645\u0644\u0643\u0648 - Kedemos Education","robots":{"index":"index","follow":"follow","max-snippet":"max-snippet:-1","max-image-preview":"max-image-preview:large","max-video-preview":"max-video-preview:-1"},"canonical":"https:\/\/kedemoseducation.com\/fr\/product\/\u0627\u0644\u0638\u0631\u064a\u0641-\u0645\u0644\u0643\u0648\/","og_locale":"fr_FR","og_type":"article","og_title":"\u0627\u0644\u0638\u0631\u064a\u0641 \u0645\u0644\u0643\u0648 - Kedemos Education","og_description":"Conte\u00a0\u0627\u0644\u0638\u0631\u064a\u0641 \u0645\u0644\u0643\u0648 Az-zarif Malko Le conte \u201c\u0627\u0644\u0638\u0631\u064a\u0641 \u0645\u0644\u0643\u0648\u201d (Malko, le rigolo), est une histoire de la collection \u062e\u0637\u0648\u0627\u062a \u201cKhoutouwat\u201d (des \u00e9tapes). Il s\u2019agit d\u2019une adaptation du c\u00e9l\u00e8bre conte \u00e9crit par&hellip;","og_url":"https:\/\/kedemoseducation.com\/fr\/product\/\u0627\u0644\u0638\u0631\u064a\u0641-\u0645\u0644\u0643\u0648\/","og_site_name":"Kedemos Education","article_publisher":"https:\/\/www.facebook.com\/Kedemoseducation","article_modified_time":"2026-01-20T13:31:20+00:00","og_image":[{"width":600,"height":800,"url":"https:\/\/kedemoseducation.com\/wp-content\/uploads\/2022\/05\/alzourouf-malkou.jpg","type":"image\/jpeg"}],"twitter_card":"summary_large_image","twitter_misc":{"Dur\u00e9e de lecture estim\u00e9e":"2 minutes"},"schema":{"@context":"https:\/\/schema.org","@graph":[{"@type":"WebPage","@id":"https:\/\/kedemoseducation.com\/product\/%d8%a7%d9%84%d8%b8%d8%b1%d9%8a%d9%81-%d9%85%d9%84%d9%83%d9%88\/","url":"https:\/\/kedemoseducation.com\/product\/%d8%a7%d9%84%d8%b8%d8%b1%d9%8a%d9%81-%d9%85%d9%84%d9%83%d9%88\/","name":"\u0627\u0644\u0638\u0631\u064a\u0641 \u0645\u0644\u0643\u0648 - Kedemos Education","isPartOf":{"@id":"https:\/\/kedemoseducation.com\/fr\/#website"},"primaryImageOfPage":{"@id":"https:\/\/kedemoseducation.com\/product\/%d8%a7%d9%84%d8%b8%d8%b1%d9%8a%d9%81-%d9%85%d9%84%d9%83%d9%88\/#primaryimage"},"image":{"@id":"https:\/\/kedemoseducation.com\/product\/%d8%a7%d9%84%d8%b8%d8%b1%d9%8a%d9%81-%d9%85%d9%84%d9%83%d9%88\/#primaryimage"},"thumbnailUrl":"https:\/\/i0.wp.com\/kedemoseducation.com\/wp-content\/uploads\/2022\/05\/alzourouf-malkou.jpg?fit=600%2C800&ssl=1","datePublished":"2022-05-05T06:27:30+00:00","dateModified":"2026-01-20T13:31:20+00:00","breadcrumb":{"@id":"https:\/\/kedemoseducation.com\/product\/%d8%a7%d9%84%d8%b8%d8%b1%d9%8a%d9%81-%d9%85%d9%84%d9%83%d9%88\/#breadcrumb"},"inLanguage":"fr-FR","potentialAction":[{"@type":"ReadAction","target":["https:\/\/kedemoseducation.com\/product\/%d8%a7%d9%84%d8%b8%d8%b1%d9%8a%d9%81-%d9%85%d9%84%d9%83%d9%88\/"]}]},{"@type":"ImageObject","inLanguage":"fr-FR","@id":"https:\/\/kedemoseducation.com\/product\/%d8%a7%d9%84%d8%b8%d8%b1%d9%8a%d9%81-%d9%85%d9%84%d9%83%d9%88\/#primaryimage","url":"https:\/\/i0.wp.com\/kedemoseducation.com\/wp-content\/uploads\/2022\/05\/alzourouf-malkou.jpg?fit=600%2C800&ssl=1","contentUrl":"https:\/\/i0.wp.com\/kedemoseducation.com\/wp-content\/uploads\/2022\/05\/alzourouf-malkou.jpg?fit=600%2C800&ssl=1","width":600,"height":800,"caption":"\u0627\u0644\u0638\u0631\u064a\u0641 \u0645\u0644\u0643\u0648"},{"@type":"BreadcrumbList","@id":"https:\/\/kedemoseducation.com\/product\/%d8%a7%d9%84%d8%b8%d8%b1%d9%8a%d9%81-%d9%85%d9%84%d9%83%d9%88\/#breadcrumb","itemListElement":[{"@type":"ListItem","position":1,"name":"Home","item":"https:\/\/kedemoseducation.com\/"},{"@type":"ListItem","position":2,"name":"All Products","item":"https:\/\/kedemoseducation.com\/fr\/shop-2\/tous-les-produits\/"},{"@type":"ListItem","position":3,"name":"Stories","item":"https:\/\/kedemoseducation.com\/en\/product-category\/storybooks-for-children\/"},{"@type":"ListItem","position":4,"name":"Arabic","item":"https:\/\/kedemoseducation.com\/fr\/categorie-de-produit\/contes-pour-enfants\/contes-arabe\/"},{"@type":"ListItem","position":5,"name":"Khoutouwat","item":"https:\/\/kedemoseducation.com\/en\/product-category\/storybooks-for-children\/arabic-stories\/khoutouwat\/"},{"@type":"ListItem","position":6,"name":"\u0627\u0644\u0638\u0631\u064a\u0641 \u0645\u0644\u0643\u0648"}]},{"@type":"WebSite","@id":"https:\/\/kedemoseducation.com\/fr\/#website","url":"https:\/\/kedemoseducation.com\/fr\/","name":"K\u00e9d\u00e9mos Education","description":"Le plaisir d'apprendre","publisher":{"@id":"https:\/\/kedemoseducation.com\/fr\/#organization"},"potentialAction":[{"@type":"SearchAction","target":{"@type":"EntryPoint","urlTemplate":"https:\/\/kedemoseducation.com\/fr\/?s={search_term_string}"},"query-input":{"@type":"PropertyValueSpecification","valueRequired":true,"valueName":"search_term_string"}}],"inLanguage":"fr-FR"},{"@type":"Organization","@id":"https:\/\/kedemoseducation.com\/fr\/#organization","name":"K\u00e9d\u00e9mos Education","url":"https:\/\/kedemoseducation.com\/fr\/","logo":{"@type":"ImageObject","inLanguage":"fr-FR","@id":"https:\/\/kedemoseducation.com\/fr\/#\/schema\/logo\/image\/","url":"https:\/\/kedemoseducation.com\/wp-content\/uploads\/2023\/06\/logo-kedemos-education.png","contentUrl":"https:\/\/kedemoseducation.com\/wp-content\/uploads\/2023\/06\/logo-kedemos-education.png","width":2362,"height":903,"caption":"Kedemos Education"},"image":{"@id":"https:\/\/kedemoseducation.com\/fr\/#\/schema\/logo\/image\/"},"sameAs":["https:\/\/www.facebook.com\/Kedemoseducation","https:\/\/www.instagram.com\/kedemoseducation\/","https:\/\/www.linkedin.com\/company\/kedemos-education\/"]}]}},"jetpack_sharing_enabled":true,"_links":{"self":[{"href":"https:\/\/kedemoseducation.com\/fr\/wp-json\/wp\/v2\/product\/607","targetHints":{"allow":["GET"]}}],"collection":[{"href":"https:\/\/kedemoseducation.com\/fr\/wp-json\/wp\/v2\/product"}],"about":[{"href":"https:\/\/kedemoseducation.com\/fr\/wp-json\/wp\/v2\/types\/product"}],"replies":[{"embeddable":true,"href":"https:\/\/kedemoseducation.com\/fr\/wp-json\/wp\/v2\/comments?post=607"}],"wp:featuredmedia":[{"embeddable":true,"href":"https:\/\/kedemoseducation.com\/fr\/wp-json\/wp\/v2\/media\/12548"}],"wp:attachment":[{"href":"https:\/\/kedemoseducation.com\/fr\/wp-json\/wp\/v2\/media?parent=607"}],"wp:term":[{"taxonomy":"product_brand","embeddable":true,"href":"https:\/\/kedemoseducation.com\/fr\/wp-json\/wp\/v2\/product_brand?post=607"},{"taxonomy":"product_cat","embeddable":true,"href":"https:\/\/kedemoseducation.com\/fr\/wp-json\/wp\/v2\/product_cat?post=607"},{"taxonomy":"product_tag","embeddable":true,"href":"https:\/\/kedemoseducation.com\/fr\/wp-json\/wp\/v2\/product_tag?post=607"}],"curies":[{"name":"wp","href":"https:\/\/api.w.org\/{rel}","templated":true}]}}