{"id":605,"date":"2022-05-05T06:27:29","date_gmt":"2022-05-05T06:27:29","guid":{"rendered":"https:\/\/eshop.classperts.com\/?post_type=product&#038;p=605"},"modified":"2025-12-26T10:09:58","modified_gmt":"2025-12-26T08:09:58","slug":"%d9%86%d8%a7%d9%81%d8%b0%d8%a9-%d8%b9%d9%84%d9%89-%d8%a7%d9%84%d8%b1%d8%b5%d9%8a%d9%81","status":"publish","type":"product","link":"https:\/\/kedemoseducation.com\/fr\/product\/%d9%86%d8%a7%d9%81%d8%b0%d8%a9-%d8%b9%d9%84%d9%89-%d8%a7%d9%84%d8%b1%d8%b5%d9%8a%d9%81\/","title":{"rendered":"\u0646\u0627\u0641\u0630\u0629 \u0639\u0644\u0649 \u0627\u0644\u0631\u0635\u064a\u0641"},"content":{"rendered":"<h1>Conte \u0646\u0627\u0641\u0630\u0629 \u0639\u0644\u0649 \u0627\u0644\u0631\u0635\u064a\u0641<\/h1>\n<h3>Nafiza aala el-Rassif<\/h3>\n<p>Le conte \u201c\u0646\u0627\u0641\u0630\u0629 \u0639\u0644\u0649 \u0627\u0644\u0631\u0635\u064a\u0641\u201d (Une fen\u00eatre sur le trottoir), est une histoire de la collection \u062e\u0637\u0648\u0627\u062a \u201cKhoutouwat\u201d (Des \u00e9tapes). Il s\u2019agit d\u2019une adaptation du c\u00e9l\u00e8bre conte \u00e9crit par Elias Zgheib. Il raconte l&#8217;histoire de Tamam qui, un jour, se trouve victime d\u2019un vol apr\u00e8s avoir encaiss\u00e9 un ch\u00e8que bancaire. Quelle est l\u2019identit\u00e9 du voleur ? Quels sont les motifs du vol ? Qui est Hoda et quel sera son r\u00f4le dans cette histoire ?<\/p>\n<p style=\"text-align: right;\">\u0642\u0635\u0629 \u0627\u0644\u062d\u0627\u0631\u0633 \u0648\u0627\u0644\u062d\u0635\u0627\u0646\u060c \u0645\u0646 \u0645\u062c\u0645\u0648\u0639\u0629\u00a0 \u062e\u0637\u0648\u0627\u062a\u060c \u0645\u0633\u062a\u0648\u062d\u0627\u0629 \u0645\u0646 \u0627\u0644\u0642\u0635\u0629 \u0627\u0644\u0634\u0647\u064a\u0631\u0629 \u0644\u0627\u0644\u064a\u0627\u0633 \u0632\u063a\u064a\u0628. \u0648\u062a\u062d\u0643\u064a \u0642\u0635\u0629 \u062a\u0645\u0627\u0645 \u0627\u0644\u0630\u064a \u0648\u062c\u062f \u0646\u0641\u0633\u0647 \u0630\u0627\u062a \u064a\u0648\u0645 \u0636\u062d\u064a\u0629 \u0633\u0631\u0642\u0629 \u0628\u0639\u062f \u0623\u0646 \u0642\u0627\u0645 \u0628\u0642\u0628\u0636 \u0634\u064a\u0643 \u0645\u0635\u0631\u0641\u064a. \u0645\u0627 \u0647\u064a \u0627\u0644\u0647\u0648\u064a\u0629 \u0627\u0644\u062d\u0642\u064a\u0642\u064a\u0629 \u0644\u0644\u0633\u0627\u0631\u0642\u061f \u0648\u0645\u0627 \u0647\u064a \u0623\u0633\u0628\u0627\u0628 \u0627\u0644\u0633\u0631\u0642\u0629\u061f \u0648\u0645\u0646 \u0647\u064a \u0627\u0644\u0641\u062a\u0627\u0629 \u0647\u062f\u0649\u060c \u0648\u0645\u0627 \u0647\u0648 \u062f\u0648\u0631\u0647\u0627 \u0641\u064a \u0647\u0630\u0647 \u0627\u0644\u0642\u0635\u0629\u061f<\/p>\n<p>\u062e\u0637\u0648\u0627\u062a &#8211; \u201cKhoutouwat\u201d<\/p>\n<p>La collection \u062e\u0637\u0648\u0627\u062a \u201cKhoutouwat\u201d (des \u00e9tapes) est d\u00e9di\u00e9e aux enfants \u00e0 partir de l&#8217;\u00e2ge de 11 ans. Elle comprend 4 contes divertissants pour les jeunes adolescents, et s\u2019inspire, \u00e0 travers ses histoires, des r\u00e9alit\u00e9s sociales et humaines, et ce dans un contexte d\u2019aventures fictives et polici\u00e8res. Les contes sont faciles \u00e0 comprendre et sont parfaitement adapt\u00e9s \u00e0 l\u2019\u00e2ge des enfants. Chaque conte est accompagn\u00e9 d\u2019une exploitation p\u00e9dagogique avec plusieurs pages de questions qui testent les connaissances et la compr\u00e9hension du conte lu.<\/p>\n<p>La collection comprend les 4 contes suivants :<\/p>\n<p style=\"text-align: right;\"><a href=\"https:\/\/kedemoseducation.com\/fr\/produit\/\u0627\u0644\u0638\u0631\u064a\u0641-\u0645\u0644\u0643\u0648\/\">\u00a0\u0627\u0644\u0638\u0631\u064a\u0641 \u0645\u0644\u0643\u0648 &#8211;<\/a><\/p>\n<p>(Malko, le dr\u00f4le)<\/p>\n<p style=\"text-align: right;\"><a href=\"https:\/\/kedemoseducation.com\/fr\/produit\/\u0645\u0630\u0643\u0631\u0627\u062a-\u0642\u0628\u064a\u062d\/\">\u00a0\u0645\u0630\u0643\u0631\u0627\u062a \u0642\u0628\u064a\u062d<\/a> &#8211;<\/p>\n<p>(Le journal d\u2019un laid)<\/p>\n<p style=\"text-align: right;\"><a href=\"https:\/\/kedemoseducation.com\/fr\/produit\/\u0627\u0644\u062d\u0627\u0631\u0633-\u0648\u0627\u0644\u062d\u0635\u0627\u0646\/\">\u0627\u0644\u062d\u0627\u0631\u0633 \u0648\u0627\u0644\u062d\u0635\u0627\u0646 &#8211;<\/a><\/p>\n<p>(Le gardien et le cheval)<\/p>\n<p style=\"text-align: right;\">\u0646\u0627\u0641\u0630\u0629 \u0639\u0644\u0649 \u0627\u0644\u0631\u0635\u064a\u0641 &#8211;<\/p>\n<p>(Une fen\u00eatre sur le trottoir)<\/p>","protected":false},"excerpt":{"rendered":"<p>Conte \u0646\u0627\u0641\u0630\u0629 \u0639\u0644\u0649 \u0627\u0644\u0631\u0635\u064a\u0641 Nafiza aala el-Rassif Le conte \u201c\u0646\u0627\u0641\u0630\u0629 \u0639\u0644\u0649 \u0627\u0644\u0631\u0635\u064a\u0641\u201d (Une fen\u00eatre sur le trottoir), est une histoire de la collection \u062e\u0637\u0648\u0627\u062a \u201cKhoutouwat\u201d (Des \u00e9tapes). Il s\u2019agit d\u2019une&hellip;<\/p>","protected":false},"featured_media":7719,"comment_status":"closed","ping_status":"closed","template":"","meta":{"_monsterinsights_skip_tracking":false,"_monsterinsights_sitenote_active":false,"_monsterinsights_sitenote_note":"","_monsterinsights_sitenote_category":0},"product_brand":[],"product_cat":[151,152,153],"product_tag":[],"class_list":{"0":"post-605","1":"product","2":"type-product","3":"status-publish","4":"has-post-thumbnail","6":"product_cat-storybooks-for-children","7":"product_cat-arabic-stories","8":"product_cat-khoutouwat","10":"first","11":"instock","12":"shipping-taxable","13":"purchasable","14":"product-type-simple"},"yoast_head":"<!-- This site is optimized with the Yoast SEO plugin v26.4 - https:\/\/yoast.com\/wordpress\/plugins\/seo\/ -->\r\n<title>\u0646\u0627\u0641\u0630\u0629 \u0639\u0644\u0649 \u0627\u0644\u0631\u0635\u064a\u0641 - Kedemos Education<\/title>\r\n<meta name=\"robots\" content=\"index, follow, max-snippet:-1, max-image-preview:large, max-video-preview:-1\" \/>\r\n<link rel=\"canonical\" href=\"https:\/\/kedemoseducation.com\/fr\/product\/\u0646\u0627\u0641\u0630\u0629-\u0639\u0644\u0649-\u0627\u0644\u0631\u0635\u064a\u0641\/\" \/>\r\n<meta property=\"og:locale\" content=\"fr_FR\" \/>\r\n<meta property=\"og:type\" content=\"article\" \/>\r\n<meta property=\"og:title\" content=\"\u0646\u0627\u0641\u0630\u0629 \u0639\u0644\u0649 \u0627\u0644\u0631\u0635\u064a\u0641 - Kedemos Education\" \/>\r\n<meta property=\"og:description\" content=\"Conte \u0646\u0627\u0641\u0630\u0629 \u0639\u0644\u0649 \u0627\u0644\u0631\u0635\u064a\u0641 Nafiza aala el-Rassif Le conte \u201c\u0646\u0627\u0641\u0630\u0629 \u0639\u0644\u0649 \u0627\u0644\u0631\u0635\u064a\u0641\u201d (Une fen\u00eatre sur le trottoir), est une histoire de la collection \u062e\u0637\u0648\u0627\u062a \u201cKhoutouwat\u201d (Des \u00e9tapes). Il s\u2019agit d\u2019une&hellip;\" \/>\r\n<meta property=\"og:url\" content=\"https:\/\/kedemoseducation.com\/fr\/product\/\u0646\u0627\u0641\u0630\u0629-\u0639\u0644\u0649-\u0627\u0644\u0631\u0635\u064a\u0641\/\" \/>\r\n<meta property=\"og:site_name\" content=\"Kedemos Education\" \/>\r\n<meta property=\"article:publisher\" content=\"https:\/\/www.facebook.com\/Kedemoseducation\" \/>\r\n<meta property=\"article:modified_time\" content=\"2025-12-26T08:09:58+00:00\" \/>\r\n<meta property=\"og:image\" content=\"https:\/\/kedemoseducation.com\/wp-content\/uploads\/2022\/05\/nafizat-3ala-rassif.jpg\" \/>\r\n\t<meta property=\"og:image:width\" content=\"600\" \/>\r\n\t<meta property=\"og:image:height\" content=\"800\" \/>\r\n\t<meta property=\"og:image:type\" content=\"image\/jpeg\" \/>\r\n<meta name=\"twitter:card\" content=\"summary_large_image\" \/>\r\n<meta name=\"twitter:label1\" content=\"Dur\u00e9e de lecture estim\u00e9e\" \/>\n\t<meta name=\"twitter:data1\" content=\"2 minutes\" \/>\r\n<script type=\"application\/ld+json\" class=\"yoast-schema-graph\">{\"@context\":\"https:\/\/schema.org\",\"@graph\":[{\"@type\":\"WebPage\",\"@id\":\"https:\/\/kedemoseducation.com\/fr\/product\/%d9%86%d8%a7%d9%81%d8%b0%d8%a9-%d8%b9%d9%84%d9%89-%d8%a7%d9%84%d8%b1%d8%b5%d9%8a%d9%81\/\",\"url\":\"https:\/\/kedemoseducation.com\/fr\/product\/%d9%86%d8%a7%d9%81%d8%b0%d8%a9-%d8%b9%d9%84%d9%89-%d8%a7%d9%84%d8%b1%d8%b5%d9%8a%d9%81\/\",\"name\":\"\u0646\u0627\u0641\u0630\u0629 \u0639\u0644\u0649 \u0627\u0644\u0631\u0635\u064a\u0641 - Kedemos Education\",\"isPartOf\":{\"@id\":\"https:\/\/kedemoseducation.com\/fr\/#website\"},\"primaryImageOfPage\":{\"@id\":\"https:\/\/kedemoseducation.com\/fr\/product\/%d9%86%d8%a7%d9%81%d8%b0%d8%a9-%d8%b9%d9%84%d9%89-%d8%a7%d9%84%d8%b1%d8%b5%d9%8a%d9%81\/#primaryimage\"},\"image\":{\"@id\":\"https:\/\/kedemoseducation.com\/fr\/product\/%d9%86%d8%a7%d9%81%d8%b0%d8%a9-%d8%b9%d9%84%d9%89-%d8%a7%d9%84%d8%b1%d8%b5%d9%8a%d9%81\/#primaryimage\"},\"thumbnailUrl\":\"https:\/\/i0.wp.com\/kedemoseducation.com\/wp-content\/uploads\/2022\/05\/nafizat-3ala-rassif.jpg?fit=600%2C800&ssl=1\",\"datePublished\":\"2022-05-05T06:27:29+00:00\",\"dateModified\":\"2025-12-26T08:09:58+00:00\",\"breadcrumb\":{\"@id\":\"https:\/\/kedemoseducation.com\/fr\/product\/%d9%86%d8%a7%d9%81%d8%b0%d8%a9-%d8%b9%d9%84%d9%89-%d8%a7%d9%84%d8%b1%d8%b5%d9%8a%d9%81\/#breadcrumb\"},\"inLanguage\":\"fr-FR\",\"potentialAction\":[{\"@type\":\"ReadAction\",\"target\":[\"https:\/\/kedemoseducation.com\/fr\/product\/%d9%86%d8%a7%d9%81%d8%b0%d8%a9-%d8%b9%d9%84%d9%89-%d8%a7%d9%84%d8%b1%d8%b5%d9%8a%d9%81\/\"]}]},{\"@type\":\"ImageObject\",\"inLanguage\":\"fr-FR\",\"@id\":\"https:\/\/kedemoseducation.com\/fr\/product\/%d9%86%d8%a7%d9%81%d8%b0%d8%a9-%d8%b9%d9%84%d9%89-%d8%a7%d9%84%d8%b1%d8%b5%d9%8a%d9%81\/#primaryimage\",\"url\":\"https:\/\/i0.wp.com\/kedemoseducation.com\/wp-content\/uploads\/2022\/05\/nafizat-3ala-rassif.jpg?fit=600%2C800&ssl=1\",\"contentUrl\":\"https:\/\/i0.wp.com\/kedemoseducation.com\/wp-content\/uploads\/2022\/05\/nafizat-3ala-rassif.jpg?fit=600%2C800&ssl=1\",\"width\":600,\"height\":800,\"caption\":\"\u0646\u0627\u0641\u0630\u0629 \u0639\u0644\u0649 \u0627\u0644\u0631\u0635\u064a\u0641\"},{\"@type\":\"BreadcrumbList\",\"@id\":\"https:\/\/kedemoseducation.com\/fr\/product\/%d9%86%d8%a7%d9%81%d8%b0%d8%a9-%d8%b9%d9%84%d9%89-%d8%a7%d9%84%d8%b1%d8%b5%d9%8a%d9%81\/#breadcrumb\",\"itemListElement\":[{\"@type\":\"ListItem\",\"position\":1,\"name\":\"Home\",\"item\":\"https:\/\/kedemoseducation.com\/\"},{\"@type\":\"ListItem\",\"position\":2,\"name\":\"All Products\",\"item\":\"https:\/\/kedemoseducation.com\/fr\/shop-2\/tous-les-produits\/\"},{\"@type\":\"ListItem\",\"position\":3,\"name\":\"Stories\",\"item\":\"https:\/\/kedemoseducation.com\/en\/product-category\/storybooks-for-children\/\"},{\"@type\":\"ListItem\",\"position\":4,\"name\":\"Arabic\",\"item\":\"https:\/\/kedemoseducation.com\/fr\/categorie-de-produit\/contes-pour-enfants\/contes-arabe\/\"},{\"@type\":\"ListItem\",\"position\":5,\"name\":\"Khoutouwat\",\"item\":\"https:\/\/kedemoseducation.com\/en\/product-category\/storybooks-for-children\/arabic-stories\/khoutouwat\/\"},{\"@type\":\"ListItem\",\"position\":6,\"name\":\"\u0646\u0627\u0641\u0630\u0629 \u0639\u0644\u0649 \u0627\u0644\u0631\u0635\u064a\u0641\"}]},{\"@type\":\"WebSite\",\"@id\":\"https:\/\/kedemoseducation.com\/fr\/#website\",\"url\":\"https:\/\/kedemoseducation.com\/fr\/\",\"name\":\"Kedemos Education\",\"description\":\"The Pleasure of Learning\",\"publisher\":{\"@id\":\"https:\/\/kedemoseducation.com\/fr\/#organization\"},\"potentialAction\":[{\"@type\":\"SearchAction\",\"target\":{\"@type\":\"EntryPoint\",\"urlTemplate\":\"https:\/\/kedemoseducation.com\/fr\/?s={search_term_string}\"},\"query-input\":{\"@type\":\"PropertyValueSpecification\",\"valueRequired\":true,\"valueName\":\"search_term_string\"}}],\"inLanguage\":\"fr-FR\"},{\"@type\":\"Organization\",\"@id\":\"https:\/\/kedemoseducation.com\/fr\/#organization\",\"name\":\"Kedemos Education\",\"url\":\"https:\/\/kedemoseducation.com\/fr\/\",\"logo\":{\"@type\":\"ImageObject\",\"inLanguage\":\"fr-FR\",\"@id\":\"https:\/\/kedemoseducation.com\/fr\/#\/schema\/logo\/image\/\",\"url\":\"https:\/\/kedemoseducation.com\/wp-content\/uploads\/2023\/06\/logo-kedemos-education.png\",\"contentUrl\":\"https:\/\/kedemoseducation.com\/wp-content\/uploads\/2023\/06\/logo-kedemos-education.png\",\"width\":2362,\"height\":903,\"caption\":\"Kedemos Education\"},\"image\":{\"@id\":\"https:\/\/kedemoseducation.com\/fr\/#\/schema\/logo\/image\/\"},\"sameAs\":[\"https:\/\/www.facebook.com\/Kedemoseducation\",\"https:\/\/www.instagram.com\/kedemoseducation\/\",\"https:\/\/www.linkedin.com\/company\/kedemos-education\/\"]}]}<\/script>\r\n<!-- \/ Yoast SEO plugin. -->","yoast_head_json":{"title":"\u0646\u0627\u0641\u0630\u0629 \u0639\u0644\u0649 \u0627\u0644\u0631\u0635\u064a\u0641 - Kedemos Education","robots":{"index":"index","follow":"follow","max-snippet":"max-snippet:-1","max-image-preview":"max-image-preview:large","max-video-preview":"max-video-preview:-1"},"canonical":"https:\/\/kedemoseducation.com\/fr\/product\/\u0646\u0627\u0641\u0630\u0629-\u0639\u0644\u0649-\u0627\u0644\u0631\u0635\u064a\u0641\/","og_locale":"fr_FR","og_type":"article","og_title":"\u0646\u0627\u0641\u0630\u0629 \u0639\u0644\u0649 \u0627\u0644\u0631\u0635\u064a\u0641 - Kedemos Education","og_description":"Conte \u0646\u0627\u0641\u0630\u0629 \u0639\u0644\u0649 \u0627\u0644\u0631\u0635\u064a\u0641 Nafiza aala el-Rassif Le conte \u201c\u0646\u0627\u0641\u0630\u0629 \u0639\u0644\u0649 \u0627\u0644\u0631\u0635\u064a\u0641\u201d (Une fen\u00eatre sur le trottoir), est une histoire de la collection \u062e\u0637\u0648\u0627\u062a \u201cKhoutouwat\u201d (Des \u00e9tapes). Il s\u2019agit d\u2019une&hellip;","og_url":"https:\/\/kedemoseducation.com\/fr\/product\/\u0646\u0627\u0641\u0630\u0629-\u0639\u0644\u0649-\u0627\u0644\u0631\u0635\u064a\u0641\/","og_site_name":"Kedemos Education","article_publisher":"https:\/\/www.facebook.com\/Kedemoseducation","article_modified_time":"2025-12-26T08:09:58+00:00","og_image":[{"width":600,"height":800,"url":"https:\/\/kedemoseducation.com\/wp-content\/uploads\/2022\/05\/nafizat-3ala-rassif.jpg","type":"image\/jpeg"}],"twitter_card":"summary_large_image","twitter_misc":{"Dur\u00e9e de lecture estim\u00e9e":"2 minutes"},"schema":{"@context":"https:\/\/schema.org","@graph":[{"@type":"WebPage","@id":"https:\/\/kedemoseducation.com\/fr\/product\/%d9%86%d8%a7%d9%81%d8%b0%d8%a9-%d8%b9%d9%84%d9%89-%d8%a7%d9%84%d8%b1%d8%b5%d9%8a%d9%81\/","url":"https:\/\/kedemoseducation.com\/fr\/product\/%d9%86%d8%a7%d9%81%d8%b0%d8%a9-%d8%b9%d9%84%d9%89-%d8%a7%d9%84%d8%b1%d8%b5%d9%8a%d9%81\/","name":"\u0646\u0627\u0641\u0630\u0629 \u0639\u0644\u0649 \u0627\u0644\u0631\u0635\u064a\u0641 - Kedemos Education","isPartOf":{"@id":"https:\/\/kedemoseducation.com\/fr\/#website"},"primaryImageOfPage":{"@id":"https:\/\/kedemoseducation.com\/fr\/product\/%d9%86%d8%a7%d9%81%d8%b0%d8%a9-%d8%b9%d9%84%d9%89-%d8%a7%d9%84%d8%b1%d8%b5%d9%8a%d9%81\/#primaryimage"},"image":{"@id":"https:\/\/kedemoseducation.com\/fr\/product\/%d9%86%d8%a7%d9%81%d8%b0%d8%a9-%d8%b9%d9%84%d9%89-%d8%a7%d9%84%d8%b1%d8%b5%d9%8a%d9%81\/#primaryimage"},"thumbnailUrl":"https:\/\/i0.wp.com\/kedemoseducation.com\/wp-content\/uploads\/2022\/05\/nafizat-3ala-rassif.jpg?fit=600%2C800&ssl=1","datePublished":"2022-05-05T06:27:29+00:00","dateModified":"2025-12-26T08:09:58+00:00","breadcrumb":{"@id":"https:\/\/kedemoseducation.com\/fr\/product\/%d9%86%d8%a7%d9%81%d8%b0%d8%a9-%d8%b9%d9%84%d9%89-%d8%a7%d9%84%d8%b1%d8%b5%d9%8a%d9%81\/#breadcrumb"},"inLanguage":"fr-FR","potentialAction":[{"@type":"ReadAction","target":["https:\/\/kedemoseducation.com\/fr\/product\/%d9%86%d8%a7%d9%81%d8%b0%d8%a9-%d8%b9%d9%84%d9%89-%d8%a7%d9%84%d8%b1%d8%b5%d9%8a%d9%81\/"]}]},{"@type":"ImageObject","inLanguage":"fr-FR","@id":"https:\/\/kedemoseducation.com\/fr\/product\/%d9%86%d8%a7%d9%81%d8%b0%d8%a9-%d8%b9%d9%84%d9%89-%d8%a7%d9%84%d8%b1%d8%b5%d9%8a%d9%81\/#primaryimage","url":"https:\/\/i0.wp.com\/kedemoseducation.com\/wp-content\/uploads\/2022\/05\/nafizat-3ala-rassif.jpg?fit=600%2C800&ssl=1","contentUrl":"https:\/\/i0.wp.com\/kedemoseducation.com\/wp-content\/uploads\/2022\/05\/nafizat-3ala-rassif.jpg?fit=600%2C800&ssl=1","width":600,"height":800,"caption":"\u0646\u0627\u0641\u0630\u0629 \u0639\u0644\u0649 \u0627\u0644\u0631\u0635\u064a\u0641"},{"@type":"BreadcrumbList","@id":"https:\/\/kedemoseducation.com\/fr\/product\/%d9%86%d8%a7%d9%81%d8%b0%d8%a9-%d8%b9%d9%84%d9%89-%d8%a7%d9%84%d8%b1%d8%b5%d9%8a%d9%81\/#breadcrumb","itemListElement":[{"@type":"ListItem","position":1,"name":"Home","item":"https:\/\/kedemoseducation.com\/"},{"@type":"ListItem","position":2,"name":"All Products","item":"https:\/\/kedemoseducation.com\/fr\/shop-2\/tous-les-produits\/"},{"@type":"ListItem","position":3,"name":"Stories","item":"https:\/\/kedemoseducation.com\/en\/product-category\/storybooks-for-children\/"},{"@type":"ListItem","position":4,"name":"Arabic","item":"https:\/\/kedemoseducation.com\/fr\/categorie-de-produit\/contes-pour-enfants\/contes-arabe\/"},{"@type":"ListItem","position":5,"name":"Khoutouwat","item":"https:\/\/kedemoseducation.com\/en\/product-category\/storybooks-for-children\/arabic-stories\/khoutouwat\/"},{"@type":"ListItem","position":6,"name":"\u0646\u0627\u0641\u0630\u0629 \u0639\u0644\u0649 \u0627\u0644\u0631\u0635\u064a\u0641"}]},{"@type":"WebSite","@id":"https:\/\/kedemoseducation.com\/fr\/#website","url":"https:\/\/kedemoseducation.com\/fr\/","name":"K\u00e9d\u00e9mos Education","description":"Le plaisir d'apprendre","publisher":{"@id":"https:\/\/kedemoseducation.com\/fr\/#organization"},"potentialAction":[{"@type":"SearchAction","target":{"@type":"EntryPoint","urlTemplate":"https:\/\/kedemoseducation.com\/fr\/?s={search_term_string}"},"query-input":{"@type":"PropertyValueSpecification","valueRequired":true,"valueName":"search_term_string"}}],"inLanguage":"fr-FR"},{"@type":"Organization","@id":"https:\/\/kedemoseducation.com\/fr\/#organization","name":"K\u00e9d\u00e9mos Education","url":"https:\/\/kedemoseducation.com\/fr\/","logo":{"@type":"ImageObject","inLanguage":"fr-FR","@id":"https:\/\/kedemoseducation.com\/fr\/#\/schema\/logo\/image\/","url":"https:\/\/kedemoseducation.com\/wp-content\/uploads\/2023\/06\/logo-kedemos-education.png","contentUrl":"https:\/\/kedemoseducation.com\/wp-content\/uploads\/2023\/06\/logo-kedemos-education.png","width":2362,"height":903,"caption":"Kedemos Education"},"image":{"@id":"https:\/\/kedemoseducation.com\/fr\/#\/schema\/logo\/image\/"},"sameAs":["https:\/\/www.facebook.com\/Kedemoseducation","https:\/\/www.instagram.com\/kedemoseducation\/","https:\/\/www.linkedin.com\/company\/kedemos-education\/"]}]}},"jetpack_sharing_enabled":true,"_links":{"self":[{"href":"https:\/\/kedemoseducation.com\/fr\/wp-json\/wp\/v2\/product\/605","targetHints":{"allow":["GET"]}}],"collection":[{"href":"https:\/\/kedemoseducation.com\/fr\/wp-json\/wp\/v2\/product"}],"about":[{"href":"https:\/\/kedemoseducation.com\/fr\/wp-json\/wp\/v2\/types\/product"}],"replies":[{"embeddable":true,"href":"https:\/\/kedemoseducation.com\/fr\/wp-json\/wp\/v2\/comments?post=605"}],"wp:featuredmedia":[{"embeddable":true,"href":"https:\/\/kedemoseducation.com\/fr\/wp-json\/wp\/v2\/media\/7719"}],"wp:attachment":[{"href":"https:\/\/kedemoseducation.com\/fr\/wp-json\/wp\/v2\/media?parent=605"}],"wp:term":[{"taxonomy":"product_brand","embeddable":true,"href":"https:\/\/kedemoseducation.com\/fr\/wp-json\/wp\/v2\/product_brand?post=605"},{"taxonomy":"product_cat","embeddable":true,"href":"https:\/\/kedemoseducation.com\/fr\/wp-json\/wp\/v2\/product_cat?post=605"},{"taxonomy":"product_tag","embeddable":true,"href":"https:\/\/kedemoseducation.com\/fr\/wp-json\/wp\/v2\/product_tag?post=605"}],"curies":[{"name":"wp","href":"https:\/\/api.w.org\/{rel}","templated":true}]}}