{"id":5278,"date":"2023-04-25T10:09:50","date_gmt":"2023-04-25T07:09:50","guid":{"rendered":"https:\/\/kedemoseducation.com\/?post_type=product&#038;p=5278"},"modified":"2026-02-24T15:54:15","modified_gmt":"2026-02-24T13:54:15","slug":"level-1-informatics-and-robotics","status":"publish","type":"product","link":"https:\/\/kedemoseducation.com\/fr\/product\/niveau-1-informatique-et-robotique\/","title":{"rendered":"Informatique et Robotique - Niveau 1"},"content":{"rendered":"<h1><b>De l\u2019Informatique \u00e0 la Robotique - Niveau 1 Manuel Informatique et Robotique<\/b><\/h1>\n<p>Le manuel Manuel Informatique et Robotique Niveau 1fait partie de la collection \u00ab De l\u2019Informatique \u00e0 la Robotique \u00bb, une s\u00e9rie de six niveaux con\u00e7ue par des enseignants soucieux d\u2019\u00e9veiller l\u2019int\u00e9r\u00eat des \u00e9l\u00e8ves pour les sciences et la technologie. L\u2019informatique a profond\u00e9ment transform\u00e9 l\u2019ensemble des secteurs \u00e0 travers le monde. Ainsi, elle a favoris\u00e9 l\u2019\u00e9mergence de nouvelles formes de communication et de relations sociales.<\/p>\n<p>Par cons\u00e9quent, la ma\u00eetrise du traitement de l\u2019information est devenue essentielle, et l\u2019informatique constitue aujourd\u2019hui l\u2019un des principaux bassins d\u2019emploi \u00e0 l\u2019\u00e9chelle mondiale. De plus, de nombreux \u00e9l\u00e8ves contribuent activement \u00e0 son d\u00e9veloppement.<\/p>\n<h3><strong>Informatique Niveau 1<\/strong><\/h3>\n<p>Dans ce manuel, les \u00e9l\u00e8ves d\u00e9couvrent les pratiques et les concepts fondamentaux de l\u2019informatique.<\/p>\n<p>Chaque le\u00e7on int\u00e8gre des photos et des sch\u00e9mas qui illustrent les explications afin d\u2019en faciliter la compr\u00e9hension. Par ailleurs, le lexique employ\u00e9 est adapt\u00e9 au niveau des \u00e9l\u00e8ves, ce qui leur permet de mieux assimiler les notions abord\u00e9es.<\/p>\n<p>Enfin, chaque le\u00e7on propose des exercices pratiques permettant de v\u00e9rifier si les \u00e9l\u00e8ves ont atteint les objectifs d\u2019apprentissage vis\u00e9s.<\/p>","protected":false},"excerpt":{"rendered":"<p><span style=\"font-weight: 400;\">Dans un monde o\u00f9 la technologie ne fait que s\u2019imposer, cette collection est une excellente ressource pour initier les \u00e9l\u00e8ves aux concepts fondamentaux de l\u2019informatique de mani\u00e8re ludique et p\u00e9dagogique.<\/span><\/p>","protected":false},"featured_media":5279,"comment_status":"closed","ping_status":"closed","template":"","meta":{"_monsterinsights_skip_tracking":false,"_monsterinsights_sitenote_active":false,"_monsterinsights_sitenote_note":"","_monsterinsights_sitenote_category":0},"product_brand":[],"product_cat":[16,252],"product_tag":[257,402,407],"class_list":{"0":"post-5278","1":"product","2":"type-product","3":"status-publish","4":"has-post-thumbnail","6":"product_cat-school-books","7":"product_cat-technology-and-robotics","8":"product_tag-de-linformatique-a-la-robotique","9":"product_tag-informatics-and-robotics","10":"product_tag-level-1","11":"pa_grade-grade-1","13":"first","14":"instock","15":"shipping-taxable","16":"purchasable","17":"product-type-simple"},"yoast_head":"<!-- This site is optimized with the Yoast SEO plugin v26.4 - https:\/\/yoast.com\/wordpress\/plugins\/seo\/ -->\r\n<title>Level 1 Informatics and Robotics - Kedemos Education<\/title>\r\n<meta name=\"description\" content=\"The level 1 informatics and Robotics book introduces students to the fundamental concepts of informatics in a fun and educational way.\" \/>\r\n<meta name=\"robots\" content=\"index, follow, max-snippet:-1, max-image-preview:large, max-video-preview:-1\" \/>\r\n<link rel=\"canonical\" href=\"https:\/\/kedemoseducation.com\/fr\/product\/niveau-1-informatique-et-robotique\/\" \/>\r\n<meta property=\"og:locale\" content=\"fr_FR\" \/>\r\n<meta property=\"og:type\" content=\"article\" \/>\r\n<meta property=\"og:title\" content=\"Level 1 Informatics and Robotics - Kedemos Education\" \/>\r\n<meta property=\"og:description\" content=\"The level 1 informatics and Robotics book introduces students to the fundamental concepts of informatics in a fun and educational way.\" \/>\r\n<meta property=\"og:url\" content=\"https:\/\/kedemoseducation.com\/fr\/product\/niveau-1-informatique-et-robotique\/\" \/>\r\n<meta property=\"og:site_name\" content=\"Kedemos Education\" \/>\r\n<meta property=\"article:publisher\" content=\"https:\/\/www.facebook.com\/Kedemoseducation\" \/>\r\n<meta property=\"article:modified_time\" content=\"2026-02-24T13:54:15+00:00\" \/>\r\n<meta property=\"og:image\" content=\"https:\/\/kedemoseducation.com\/wp-content\/uploads\/2023\/09\/Informatique-1.jpg\" \/>\r\n\t<meta property=\"og:image:width\" content=\"600\" \/>\r\n\t<meta property=\"og:image:height\" content=\"800\" \/>\r\n\t<meta property=\"og:image:type\" content=\"image\/jpeg\" \/>\r\n<meta name=\"twitter:card\" content=\"summary_large_image\" \/>\r\n<meta name=\"twitter:label1\" content=\"Dur\u00e9e de lecture estim\u00e9e\" \/>\n\t<meta name=\"twitter:data1\" content=\"1 minute\" \/>\r\n<script type=\"application\/ld+json\" class=\"yoast-schema-graph\">{\"@context\":\"https:\/\/schema.org\",\"@graph\":[{\"@type\":\"WebPage\",\"@id\":\"https:\/\/kedemoseducation.com\/product\/level-1-informatics-and-robotics\/\",\"url\":\"https:\/\/kedemoseducation.com\/product\/level-1-informatics-and-robotics\/\",\"name\":\"Level 1 Informatics and Robotics - Kedemos Education\",\"isPartOf\":{\"@id\":\"https:\/\/kedemoseducation.com\/fr\/#website\"},\"primaryImageOfPage\":{\"@id\":\"https:\/\/kedemoseducation.com\/product\/level-1-informatics-and-robotics\/#primaryimage\"},\"image\":{\"@id\":\"https:\/\/kedemoseducation.com\/product\/level-1-informatics-and-robotics\/#primaryimage\"},\"thumbnailUrl\":\"https:\/\/i0.wp.com\/kedemoseducation.com\/wp-content\/uploads\/2023\/09\/Informatique-1.jpg?fit=600%2C800&ssl=1\",\"datePublished\":\"2023-04-25T07:09:50+00:00\",\"dateModified\":\"2026-02-24T13:54:15+00:00\",\"description\":\"The level 1 informatics and Robotics book introduces students to the fundamental concepts of informatics in a fun and educational way.\",\"breadcrumb\":{\"@id\":\"https:\/\/kedemoseducation.com\/product\/level-1-informatics-and-robotics\/#breadcrumb\"},\"inLanguage\":\"fr-FR\",\"potentialAction\":[{\"@type\":\"ReadAction\",\"target\":[\"https:\/\/kedemoseducation.com\/product\/level-1-informatics-and-robotics\/\"]}]},{\"@type\":\"ImageObject\",\"inLanguage\":\"fr-FR\",\"@id\":\"https:\/\/kedemoseducation.com\/product\/level-1-informatics-and-robotics\/#primaryimage\",\"url\":\"https:\/\/i0.wp.com\/kedemoseducation.com\/wp-content\/uploads\/2023\/09\/Informatique-1.jpg?fit=600%2C800&ssl=1\",\"contentUrl\":\"https:\/\/i0.wp.com\/kedemoseducation.com\/wp-content\/uploads\/2023\/09\/Informatique-1.jpg?fit=600%2C800&ssl=1\",\"width\":600,\"height\":800,\"caption\":\"De l\u2019Informatique \u00e0 la Robotique 1\"},{\"@type\":\"BreadcrumbList\",\"@id\":\"https:\/\/kedemoseducation.com\/product\/level-1-informatics-and-robotics\/#breadcrumb\",\"itemListElement\":[{\"@type\":\"ListItem\",\"position\":1,\"name\":\"Home\",\"item\":\"https:\/\/kedemoseducation.com\/\"},{\"@type\":\"ListItem\",\"position\":2,\"name\":\"All Products\",\"item\":\"https:\/\/kedemoseducation.com\/fr\/shop-2\/tous-les-produits\/\"},{\"@type\":\"ListItem\",\"position\":3,\"name\":\"School Books\",\"item\":\"https:\/\/kedemoseducation.com\/fr\/categorie-de-produit\/manuels-scolaires\/\"},{\"@type\":\"ListItem\",\"position\":4,\"name\":\"Technology and Robotics\",\"item\":\"https:\/\/kedemoseducation.com\/fr\/categorie-de-produit\/manuels-scolaires\/informatique-et-robotique\/\"},{\"@type\":\"ListItem\",\"position\":5,\"name\":\"Informatics and Robotics &#8211; Level 1\"}]},{\"@type\":\"WebSite\",\"@id\":\"https:\/\/kedemoseducation.com\/fr\/#website\",\"url\":\"https:\/\/kedemoseducation.com\/fr\/\",\"name\":\"Kedemos Education\",\"description\":\"The Pleasure of Learning\",\"publisher\":{\"@id\":\"https:\/\/kedemoseducation.com\/fr\/#organization\"},\"potentialAction\":[{\"@type\":\"SearchAction\",\"target\":{\"@type\":\"EntryPoint\",\"urlTemplate\":\"https:\/\/kedemoseducation.com\/fr\/?s={search_term_string}\"},\"query-input\":{\"@type\":\"PropertyValueSpecification\",\"valueRequired\":true,\"valueName\":\"search_term_string\"}}],\"inLanguage\":\"fr-FR\"},{\"@type\":\"Organization\",\"@id\":\"https:\/\/kedemoseducation.com\/fr\/#organization\",\"name\":\"Kedemos Education\",\"url\":\"https:\/\/kedemoseducation.com\/fr\/\",\"logo\":{\"@type\":\"ImageObject\",\"inLanguage\":\"fr-FR\",\"@id\":\"https:\/\/kedemoseducation.com\/fr\/#\/schema\/logo\/image\/\",\"url\":\"https:\/\/kedemoseducation.com\/wp-content\/uploads\/2023\/06\/logo-kedemos-education.png\",\"contentUrl\":\"https:\/\/kedemoseducation.com\/wp-content\/uploads\/2023\/06\/logo-kedemos-education.png\",\"width\":2362,\"height\":903,\"caption\":\"Kedemos Education\"},\"image\":{\"@id\":\"https:\/\/kedemoseducation.com\/fr\/#\/schema\/logo\/image\/\"},\"sameAs\":[\"https:\/\/www.facebook.com\/Kedemoseducation\",\"https:\/\/www.instagram.com\/kedemoseducation\/\",\"https:\/\/www.linkedin.com\/company\/kedemos-education\/\"]}]}<\/script>\r\n<!-- \/ Yoast SEO plugin. -->","yoast_head_json":{"title":"Niveau 1 Informatique et Robotique - K\u00e9d\u00e9mos Education","description":"Le manuel d\u2019informatique et de robotique Niveau 1 initie les \u00e9l\u00e8ves aux concepts fondamentaux de l\u2019informatique de mani\u00e8re ludique et p\u00e9dagogique.","robots":{"index":"index","follow":"follow","max-snippet":"max-snippet:-1","max-image-preview":"max-image-preview:large","max-video-preview":"max-video-preview:-1"},"canonical":"https:\/\/kedemoseducation.com\/fr\/product\/niveau-1-informatique-et-robotique\/","og_locale":"fr_FR","og_type":"article","og_title":"Level 1 Informatics and Robotics - Kedemos Education","og_description":"The level 1 informatics and Robotics book introduces students to the fundamental concepts of informatics in a fun and educational way.","og_url":"https:\/\/kedemoseducation.com\/fr\/product\/niveau-1-informatique-et-robotique\/","og_site_name":"Kedemos Education","article_publisher":"https:\/\/www.facebook.com\/Kedemoseducation","article_modified_time":"2026-02-24T13:54:15+00:00","og_image":[{"width":600,"height":800,"url":"https:\/\/kedemoseducation.com\/wp-content\/uploads\/2023\/09\/Informatique-1.jpg","type":"image\/jpeg"}],"twitter_card":"summary_large_image","twitter_misc":{"Dur\u00e9e de lecture estim\u00e9e":"1 minute"},"schema":{"@context":"https:\/\/schema.org","@graph":[{"@type":"WebPage","@id":"https:\/\/kedemoseducation.com\/product\/level-1-informatics-and-robotics\/","url":"https:\/\/kedemoseducation.com\/product\/level-1-informatics-and-robotics\/","name":"Niveau 1 Informatique et Robotique - K\u00e9d\u00e9mos Education","isPartOf":{"@id":"https:\/\/kedemoseducation.com\/fr\/#website"},"primaryImageOfPage":{"@id":"https:\/\/kedemoseducation.com\/product\/level-1-informatics-and-robotics\/#primaryimage"},"image":{"@id":"https:\/\/kedemoseducation.com\/product\/level-1-informatics-and-robotics\/#primaryimage"},"thumbnailUrl":"https:\/\/i0.wp.com\/kedemoseducation.com\/wp-content\/uploads\/2023\/09\/Informatique-1.jpg?fit=600%2C800&ssl=1","datePublished":"2023-04-25T07:09:50+00:00","dateModified":"2026-02-24T13:54:15+00:00","description":"Le manuel d\u2019informatique et de robotique Niveau 1 initie les \u00e9l\u00e8ves aux concepts fondamentaux de l\u2019informatique de mani\u00e8re ludique et p\u00e9dagogique.","breadcrumb":{"@id":"https:\/\/kedemoseducation.com\/product\/level-1-informatics-and-robotics\/#breadcrumb"},"inLanguage":"fr-FR","potentialAction":[{"@type":"ReadAction","target":["https:\/\/kedemoseducation.com\/product\/level-1-informatics-and-robotics\/"]}]},{"@type":"ImageObject","inLanguage":"fr-FR","@id":"https:\/\/kedemoseducation.com\/product\/level-1-informatics-and-robotics\/#primaryimage","url":"https:\/\/i0.wp.com\/kedemoseducation.com\/wp-content\/uploads\/2023\/09\/Informatique-1.jpg?fit=600%2C800&ssl=1","contentUrl":"https:\/\/i0.wp.com\/kedemoseducation.com\/wp-content\/uploads\/2023\/09\/Informatique-1.jpg?fit=600%2C800&ssl=1","width":600,"height":800,"caption":"De l\u2019Informatique \u00e0 la Robotique 1"},{"@type":"BreadcrumbList","@id":"https:\/\/kedemoseducation.com\/product\/level-1-informatics-and-robotics\/#breadcrumb","itemListElement":[{"@type":"ListItem","position":1,"name":"Home","item":"https:\/\/kedemoseducation.com\/"},{"@type":"ListItem","position":2,"name":"All Products","item":"https:\/\/kedemoseducation.com\/fr\/shop-2\/tous-les-produits\/"},{"@type":"ListItem","position":3,"name":"School Books","item":"https:\/\/kedemoseducation.com\/fr\/categorie-de-produit\/manuels-scolaires\/"},{"@type":"ListItem","position":4,"name":"Technology and Robotics","item":"https:\/\/kedemoseducation.com\/fr\/categorie-de-produit\/manuels-scolaires\/informatique-et-robotique\/"},{"@type":"ListItem","position":5,"name":"Informatics and Robotics &#8211; Level 1"}]},{"@type":"WebSite","@id":"https:\/\/kedemoseducation.com\/fr\/#website","url":"https:\/\/kedemoseducation.com\/fr\/","name":"K\u00e9d\u00e9mos Education","description":"Le plaisir d'apprendre","publisher":{"@id":"https:\/\/kedemoseducation.com\/fr\/#organization"},"potentialAction":[{"@type":"SearchAction","target":{"@type":"EntryPoint","urlTemplate":"https:\/\/kedemoseducation.com\/fr\/?s={search_term_string}"},"query-input":{"@type":"PropertyValueSpecification","valueRequired":true,"valueName":"search_term_string"}}],"inLanguage":"fr-FR"},{"@type":"Organization","@id":"https:\/\/kedemoseducation.com\/fr\/#organization","name":"K\u00e9d\u00e9mos Education","url":"https:\/\/kedemoseducation.com\/fr\/","logo":{"@type":"ImageObject","inLanguage":"fr-FR","@id":"https:\/\/kedemoseducation.com\/fr\/#\/schema\/logo\/image\/","url":"https:\/\/kedemoseducation.com\/wp-content\/uploads\/2023\/06\/logo-kedemos-education.png","contentUrl":"https:\/\/kedemoseducation.com\/wp-content\/uploads\/2023\/06\/logo-kedemos-education.png","width":2362,"height":903,"caption":"Kedemos Education"},"image":{"@id":"https:\/\/kedemoseducation.com\/fr\/#\/schema\/logo\/image\/"},"sameAs":["https:\/\/www.facebook.com\/Kedemoseducation","https:\/\/www.instagram.com\/kedemoseducation\/","https:\/\/www.linkedin.com\/company\/kedemos-education\/"]}]}},"jetpack_sharing_enabled":true,"_links":{"self":[{"href":"https:\/\/kedemoseducation.com\/fr\/wp-json\/wp\/v2\/product\/5278","targetHints":{"allow":["GET"]}}],"collection":[{"href":"https:\/\/kedemoseducation.com\/fr\/wp-json\/wp\/v2\/product"}],"about":[{"href":"https:\/\/kedemoseducation.com\/fr\/wp-json\/wp\/v2\/types\/product"}],"replies":[{"embeddable":true,"href":"https:\/\/kedemoseducation.com\/fr\/wp-json\/wp\/v2\/comments?post=5278"}],"wp:featuredmedia":[{"embeddable":true,"href":"https:\/\/kedemoseducation.com\/fr\/wp-json\/wp\/v2\/media\/5279"}],"wp:attachment":[{"href":"https:\/\/kedemoseducation.com\/fr\/wp-json\/wp\/v2\/media?parent=5278"}],"wp:term":[{"taxonomy":"product_brand","embeddable":true,"href":"https:\/\/kedemoseducation.com\/fr\/wp-json\/wp\/v2\/product_brand?post=5278"},{"taxonomy":"product_cat","embeddable":true,"href":"https:\/\/kedemoseducation.com\/fr\/wp-json\/wp\/v2\/product_cat?post=5278"},{"taxonomy":"product_tag","embeddable":true,"href":"https:\/\/kedemoseducation.com\/fr\/wp-json\/wp\/v2\/product_tag?post=5278"}],"curies":[{"name":"wp","href":"https:\/\/api.w.org\/{rel}","templated":true}]}}