{"id":5269,"date":"2023-04-18T16:50:46","date_gmt":"2023-04-18T13:50:46","guid":{"rendered":"https:\/\/kedemoseducation.com\/?post_type=product&#038;p=5269"},"modified":"2026-03-16T14:54:27","modified_gmt":"2026-03-16T12:54:27","slug":"le-nouveau-francais-plus-3-students-book","status":"publish","type":"product","link":"https:\/\/kedemoseducation.com\/fr\/product\/le-nouveau-francais-plus-3-le-livre-de-leleve\/","title":{"rendered":"Le Nouveau Fran\u00e7ais Plus 3 - Le livre de l'\u00e9l\u00e8ve"},"content":{"rendered":"<h1><b>Fran\u00e7ais Langue \u00c9trang\u00e8re (FLE) - Le Nouveau Fran\u00e7ais Plus 3 Le livre de l\u2019\u00e9l\u00e8ve<\/b><\/h1>\n<h2><b>Pr\u00e9sentation de la M\u00e9thode<\/b><\/h2>\n<p>Le Nouveau Fran\u00e7ais Plus 3 follows Le Nouveau Fran\u00e7ais Plus 2 and is part of a comprehensive method for learning spoken and written French as a foreign language (FLE). It is intended for elementary school students whose first language is not French.<\/p>\n<p>Ax\u00e9e sur la motivation et le plaisir d\u2019apprendre, la m\u00e9thode Le Nouveau Fran\u00e7ais Plus a \u00e9t\u00e9 con\u00e7ue pour d\u00e9velopper les comp\u00e9tences sur lesquelles repose l\u2019apprentissage d\u2019une langue.<\/p>\n<p>Ce manuel de la collection Le Nouveau Fran\u00e7ais Plus comprend deux volets : le livre de l\u2019\u00e9l\u00e8ve et le cahier d\u2019exercices.<\/p>\n<h3><b>Le Nouveau Fran\u00e7ais Plus 3 - Le livre de l'\u00e9l\u00e8ve<\/b><\/h3>\n<p>Le livre de l\u2019\u00e9l\u00e8ve comprend :<\/p>\n<h4><b>A) Dix le\u00e7ons<\/b><\/h4>\n<p>Ces le\u00e7ons sont ax\u00e9es sur la compr\u00e9hension et l\u2019expression orales, l\u2019oral constituant la base sur laquelle repose l\u2019ensemble de la m\u00e9thode.<\/p>\n<p>Chaque le\u00e7on s\u2019organise en six phases :<\/p>\n<ul>\n<li aria-level=\"1\">Une introduction pr\u00e9sent\u00e9e sous forme de bande dessin\u00e9e, que l\u2019\u00e9l\u00e8ve observe tout en \u00e9coutant un court dialogue enregistr\u00e9.<\/li>\n<li aria-level=\"1\">La reprise du dialogue, que l\u2019\u00e9l\u00e8ve lit en s\u2019appuyant sur le mod\u00e8le phon\u00e9tique enregistr\u00e9.<\/li>\n<li aria-level=\"1\">Une pr\u00e9sentation de situations de prise de parole et de vocabulaire, sous la rubrique \u00ab Des phrases pour parler \u00bb. Les enregistrements audio et les illustrations facilitent la compr\u00e9hension et l\u2019intonation.<\/li>\n<li aria-level=\"1\">Des exercices de prise de parole permettant \u00e0 l\u2019\u00e9l\u00e8ve de r\u00e9utiliser correctement le vocabulaire d\u00e9j\u00e0 pr\u00e9sent\u00e9.<\/li>\n<li aria-level=\"1\">Une courte s\u00e9ance de phon\u00e9tique.<\/li>\n<li style=\"font-weight: 400;\" aria-level=\"1\">Une mise au point grammaticale \u00e0 la fin de chaque le\u00e7on.<br \/>\n<span style=\"font-weight: 400;\"><br \/>\n<\/span><\/li>\n<\/ul>\n<ol>\n<li><b>B) Activit\u00e9s compl\u00e9mentaires<\/b><\/li>\n<\/ol>\n<p>Chaque s\u00e9rie de le\u00e7ons est suivie d\u2019une s\u00e9quence d\u2019activit\u00e9s comprenant :<\/p>\n<ul>\n<li aria-level=\"1\">Une illustration pleine page, qui permet \u00e0 l\u2019\u00e9l\u00e8ve de mobiliser ses connaissances en fran\u00e7ais dans le cadre d\u2019une prise de parole libre.<\/li>\n<li aria-level=\"1\">Une courte po\u00e9sie et une chanson.<\/li>\n<\/ul>\n<p>Une page intitul\u00e9e \u00ab Je fais et je parle \u00bb, qui propose un projet \u00e0 r\u00e9aliser individuellement ou en groupe afin d\u2019aider l\u2019\u00e9l\u00e8ve \u00e0 faire le lien entre ce qu\u2019il apprend et sa vie quotidienne.<\/p>\n<p>Enfin, l\u2019\u00e9l\u00e8ve dispose d\u2019un code QR int\u00e9gr\u00e9 dans le manuel, qui lui permet d\u2019\u00e9couter :<\/p>\n<ul>\n<li aria-level=\"1\">Les dialogues.<\/li>\n<li aria-level=\"1\">Des chansons<\/li>\n<li aria-level=\"1\">Les exercices de phon\u00e9tique<\/li>\n<\/ul>","protected":false},"excerpt":{"rendered":"<p data-start=\"2201\" data-end=\"2565\">La collection Le Nouveau Fran\u00e7ais Plus est une m\u00e9thode d\u2019apprentissage du fran\u00e7ais langue \u00e9trang\u00e8re (FLE) destin\u00e9e aux apprenants arabophones et anglophones.Elle propose une conception didactique originale qui met en jeu la compr\u00e9hension orale, l\u2019expression orale, la compr\u00e9hension \u00e9crite et l\u2019expression \u00e9crite.\nCe manuel est accompagn\u00e9 d\u2019un cahier d\u2019exercices. Pour acc\u00e9der \u00e0 la collection compl\u00e8te Fran\u00e7ais Plus, veuillez cliquer <a href=\"https:\/\/kedemoseducation.com\/fr\/product-category\/school-books\/french-as-a-foreign-language\/\">ici<\/a>.<\/p>","protected":false},"featured_media":5270,"comment_status":"closed","ping_status":"closed","template":"","meta":{"_monsterinsights_skip_tracking":false,"_monsterinsights_sitenote_active":false,"_monsterinsights_sitenote_note":"","_monsterinsights_sitenote_category":0},"product_brand":[],"product_cat":[16,117],"product_tag":[118,120],"class_list":{"0":"post-5269","1":"product","2":"type-product","3":"status-publish","4":"has-post-thumbnail","6":"product_cat-school-books","7":"product_cat-french-as-a-foreign-language","8":"product_tag-francais-en-langue-etrangere","9":"product_tag-fle","10":"pa_grade-grade-3","12":"first","13":"instock","14":"shipping-taxable","15":"purchasable","16":"product-type-simple"},"yoast_head":"<!-- This site is optimized with the Yoast SEO plugin v26.4 - https:\/\/yoast.com\/wordpress\/plugins\/seo\/ -->\r\n<title>Le Nouveau Fran\u00e7ais Plus 3 Le livre de l\u2019\u00e9l\u00e8ve - Kedemos Education<\/title>\r\n<meta name=\"description\" content=\"The Le Nouveau Fran\u00e7ais Plus 3 student\u2019s book encourages motivation and helps students develop the skills needed to learn French.\" \/>\r\n<meta name=\"robots\" content=\"index, follow, max-snippet:-1, max-image-preview:large, max-video-preview:-1\" \/>\r\n<link rel=\"canonical\" href=\"https:\/\/kedemoseducation.com\/fr\/product\/le-nouveau-francais-plus-3-le-livre-de-leleve\/\" \/>\r\n<meta property=\"og:locale\" content=\"fr_FR\" \/>\r\n<meta property=\"og:type\" content=\"article\" \/>\r\n<meta property=\"og:title\" content=\"Le Nouveau Fran\u00e7ais Plus 3 Le livre de l\u2019\u00e9l\u00e8ve - Kedemos Education\" \/>\r\n<meta property=\"og:description\" content=\"The Le Nouveau Fran\u00e7ais Plus 3 student\u2019s book encourages motivation and helps students develop the skills needed to learn French.\" \/>\r\n<meta property=\"og:url\" content=\"https:\/\/kedemoseducation.com\/fr\/product\/le-nouveau-francais-plus-3-le-livre-de-leleve\/\" \/>\r\n<meta property=\"og:site_name\" content=\"Kedemos Education\" \/>\r\n<meta property=\"article:publisher\" content=\"https:\/\/www.facebook.com\/Kedemoseducation\" \/>\r\n<meta property=\"article:modified_time\" content=\"2026-03-16T12:54:27+00:00\" \/>\r\n<meta property=\"og:image\" content=\"https:\/\/kedemoseducation.com\/wp-content\/uploads\/2023\/09\/Le-nouveau-Francais-plus-3.jpg\" \/>\r\n\t<meta property=\"og:image:width\" content=\"600\" \/>\r\n\t<meta property=\"og:image:height\" content=\"800\" \/>\r\n\t<meta property=\"og:image:type\" content=\"image\/jpeg\" \/>\r\n<meta name=\"twitter:card\" content=\"summary_large_image\" \/>\r\n<meta name=\"twitter:label1\" content=\"Dur\u00e9e de lecture estim\u00e9e\" \/>\n\t<meta name=\"twitter:data1\" content=\"2 minutes\" \/>\r\n<script type=\"application\/ld+json\" class=\"yoast-schema-graph\">{\"@context\":\"https:\/\/schema.org\",\"@graph\":[{\"@type\":\"WebPage\",\"@id\":\"https:\/\/kedemoseducation.com\/product\/le-nouveau-francais-plus-3-le-livre-de-leleve\/\",\"url\":\"https:\/\/kedemoseducation.com\/product\/le-nouveau-francais-plus-3-le-livre-de-leleve\/\",\"name\":\"Le Nouveau Fran\u00e7ais Plus 3 Le livre de l\u2019\u00e9l\u00e8ve - Kedemos Education\",\"isPartOf\":{\"@id\":\"https:\/\/kedemoseducation.com\/fr\/#website\"},\"primaryImageOfPage\":{\"@id\":\"https:\/\/kedemoseducation.com\/product\/le-nouveau-francais-plus-3-le-livre-de-leleve\/#primaryimage\"},\"image\":{\"@id\":\"https:\/\/kedemoseducation.com\/product\/le-nouveau-francais-plus-3-le-livre-de-leleve\/#primaryimage\"},\"thumbnailUrl\":\"https:\/\/i0.wp.com\/kedemoseducation.com\/wp-content\/uploads\/2023\/09\/Le-nouveau-Francais-plus-3.jpg?fit=600%2C800&ssl=1\",\"datePublished\":\"2023-04-18T13:50:46+00:00\",\"dateModified\":\"2026-03-16T12:54:27+00:00\",\"description\":\"The Le Nouveau Fran\u00e7ais Plus 3 student\u2019s book encourages motivation and helps students develop the skills needed to learn French.\",\"breadcrumb\":{\"@id\":\"https:\/\/kedemoseducation.com\/product\/le-nouveau-francais-plus-3-le-livre-de-leleve\/#breadcrumb\"},\"inLanguage\":\"fr-FR\",\"potentialAction\":[{\"@type\":\"ReadAction\",\"target\":[\"https:\/\/kedemoseducation.com\/product\/le-nouveau-francais-plus-3-le-livre-de-leleve\/\"]}]},{\"@type\":\"ImageObject\",\"inLanguage\":\"fr-FR\",\"@id\":\"https:\/\/kedemoseducation.com\/product\/le-nouveau-francais-plus-3-le-livre-de-leleve\/#primaryimage\",\"url\":\"https:\/\/i0.wp.com\/kedemoseducation.com\/wp-content\/uploads\/2023\/09\/Le-nouveau-Francais-plus-3.jpg?fit=600%2C800&ssl=1\",\"contentUrl\":\"https:\/\/i0.wp.com\/kedemoseducation.com\/wp-content\/uploads\/2023\/09\/Le-nouveau-Francais-plus-3.jpg?fit=600%2C800&ssl=1\",\"width\":600,\"height\":800,\"caption\":\"Nouveau fran\u00e7ais plus 3\"},{\"@type\":\"BreadcrumbList\",\"@id\":\"https:\/\/kedemoseducation.com\/product\/le-nouveau-francais-plus-3-le-livre-de-leleve\/#breadcrumb\",\"itemListElement\":[{\"@type\":\"ListItem\",\"position\":1,\"name\":\"Home\",\"item\":\"https:\/\/kedemoseducation.com\/\"},{\"@type\":\"ListItem\",\"position\":2,\"name\":\"All Products\",\"item\":\"https:\/\/kedemoseducation.com\/fr\/shop-2\/tous-les-produits\/\"},{\"@type\":\"ListItem\",\"position\":3,\"name\":\"School Books\",\"item\":\"https:\/\/kedemoseducation.com\/fr\/categorie-de-produit\/manuels-scolaires\/\"},{\"@type\":\"ListItem\",\"position\":4,\"name\":\"French as a Foreign Language\",\"item\":\"https:\/\/kedemoseducation.com\/fr\/categorie-de-produit\/manuels-scolaires\/francais-langue-etrangere\/\"},{\"@type\":\"ListItem\",\"position\":5,\"name\":\"Le Nouveau Fran\u00e7ais Plus 3 &#8211; Student\u2019s Book\"}]},{\"@type\":\"WebSite\",\"@id\":\"https:\/\/kedemoseducation.com\/fr\/#website\",\"url\":\"https:\/\/kedemoseducation.com\/fr\/\",\"name\":\"Kedemos Education\",\"description\":\"The Pleasure of Learning\",\"publisher\":{\"@id\":\"https:\/\/kedemoseducation.com\/fr\/#organization\"},\"potentialAction\":[{\"@type\":\"SearchAction\",\"target\":{\"@type\":\"EntryPoint\",\"urlTemplate\":\"https:\/\/kedemoseducation.com\/fr\/?s={search_term_string}\"},\"query-input\":{\"@type\":\"PropertyValueSpecification\",\"valueRequired\":true,\"valueName\":\"search_term_string\"}}],\"inLanguage\":\"fr-FR\"},{\"@type\":\"Organization\",\"@id\":\"https:\/\/kedemoseducation.com\/fr\/#organization\",\"name\":\"Kedemos Education\",\"url\":\"https:\/\/kedemoseducation.com\/fr\/\",\"logo\":{\"@type\":\"ImageObject\",\"inLanguage\":\"fr-FR\",\"@id\":\"https:\/\/kedemoseducation.com\/fr\/#\/schema\/logo\/image\/\",\"url\":\"https:\/\/kedemoseducation.com\/wp-content\/uploads\/2023\/06\/logo-kedemos-education.png\",\"contentUrl\":\"https:\/\/kedemoseducation.com\/wp-content\/uploads\/2023\/06\/logo-kedemos-education.png\",\"width\":2362,\"height\":903,\"caption\":\"Kedemos Education\"},\"image\":{\"@id\":\"https:\/\/kedemoseducation.com\/fr\/#\/schema\/logo\/image\/\"},\"sameAs\":[\"https:\/\/www.facebook.com\/Kedemoseducation\",\"https:\/\/www.instagram.com\/kedemoseducation\/\",\"https:\/\/www.linkedin.com\/company\/kedemos-education\/\"]}]}<\/script>\r\n<!-- \/ Yoast SEO plugin. -->","yoast_head_json":{"title":"Le Nouveau Fran\u00e7ais Plus 3 Le livre de l\u2019\u00e9l\u00e8ve - K\u00e9d\u00e9mos Education","description":"Le livre de l\u2019\u00e9l\u00e8ve Le Nouveau Fran\u00e7ais Plus 3 met l\u2019accent sur la motivation et le plaisir d\u2019apprendre, tout en d\u00e9veloppant les comp\u00e9tences en langue fran\u00e7aise.","robots":{"index":"index","follow":"follow","max-snippet":"max-snippet:-1","max-image-preview":"max-image-preview:large","max-video-preview":"max-video-preview:-1"},"canonical":"https:\/\/kedemoseducation.com\/fr\/product\/le-nouveau-francais-plus-3-le-livre-de-leleve\/","og_locale":"fr_FR","og_type":"article","og_title":"Le Nouveau Fran\u00e7ais Plus 3 Le livre de l\u2019\u00e9l\u00e8ve - Kedemos Education","og_description":"The Le Nouveau Fran\u00e7ais Plus 3 student\u2019s book encourages motivation and helps students develop the skills needed to learn French.","og_url":"https:\/\/kedemoseducation.com\/fr\/product\/le-nouveau-francais-plus-3-le-livre-de-leleve\/","og_site_name":"Kedemos Education","article_publisher":"https:\/\/www.facebook.com\/Kedemoseducation","article_modified_time":"2026-03-16T12:54:27+00:00","og_image":[{"width":600,"height":800,"url":"https:\/\/kedemoseducation.com\/wp-content\/uploads\/2023\/09\/Le-nouveau-Francais-plus-3.jpg","type":"image\/jpeg"}],"twitter_card":"summary_large_image","twitter_misc":{"Dur\u00e9e de lecture estim\u00e9e":"2 minutes"},"schema":{"@context":"https:\/\/schema.org","@graph":[{"@type":"WebPage","@id":"https:\/\/kedemoseducation.com\/product\/le-nouveau-francais-plus-3-le-livre-de-leleve\/","url":"https:\/\/kedemoseducation.com\/product\/le-nouveau-francais-plus-3-le-livre-de-leleve\/","name":"Le Nouveau Fran\u00e7ais Plus 3 Le livre de l\u2019\u00e9l\u00e8ve - K\u00e9d\u00e9mos Education","isPartOf":{"@id":"https:\/\/kedemoseducation.com\/fr\/#website"},"primaryImageOfPage":{"@id":"https:\/\/kedemoseducation.com\/product\/le-nouveau-francais-plus-3-le-livre-de-leleve\/#primaryimage"},"image":{"@id":"https:\/\/kedemoseducation.com\/product\/le-nouveau-francais-plus-3-le-livre-de-leleve\/#primaryimage"},"thumbnailUrl":"https:\/\/i0.wp.com\/kedemoseducation.com\/wp-content\/uploads\/2023\/09\/Le-nouveau-Francais-plus-3.jpg?fit=600%2C800&ssl=1","datePublished":"2023-04-18T13:50:46+00:00","dateModified":"2026-03-16T12:54:27+00:00","description":"Le livre de l\u2019\u00e9l\u00e8ve Le Nouveau Fran\u00e7ais Plus 3 met l\u2019accent sur la motivation et le plaisir d\u2019apprendre, tout en d\u00e9veloppant les comp\u00e9tences en langue fran\u00e7aise.","breadcrumb":{"@id":"https:\/\/kedemoseducation.com\/product\/le-nouveau-francais-plus-3-le-livre-de-leleve\/#breadcrumb"},"inLanguage":"fr-FR","potentialAction":[{"@type":"ReadAction","target":["https:\/\/kedemoseducation.com\/product\/le-nouveau-francais-plus-3-le-livre-de-leleve\/"]}]},{"@type":"ImageObject","inLanguage":"fr-FR","@id":"https:\/\/kedemoseducation.com\/product\/le-nouveau-francais-plus-3-le-livre-de-leleve\/#primaryimage","url":"https:\/\/i0.wp.com\/kedemoseducation.com\/wp-content\/uploads\/2023\/09\/Le-nouveau-Francais-plus-3.jpg?fit=600%2C800&ssl=1","contentUrl":"https:\/\/i0.wp.com\/kedemoseducation.com\/wp-content\/uploads\/2023\/09\/Le-nouveau-Francais-plus-3.jpg?fit=600%2C800&ssl=1","width":600,"height":800,"caption":"Nouveau fran\u00e7ais plus 3"},{"@type":"BreadcrumbList","@id":"https:\/\/kedemoseducation.com\/product\/le-nouveau-francais-plus-3-le-livre-de-leleve\/#breadcrumb","itemListElement":[{"@type":"ListItem","position":1,"name":"Home","item":"https:\/\/kedemoseducation.com\/"},{"@type":"ListItem","position":2,"name":"All Products","item":"https:\/\/kedemoseducation.com\/fr\/shop-2\/tous-les-produits\/"},{"@type":"ListItem","position":3,"name":"School Books","item":"https:\/\/kedemoseducation.com\/fr\/categorie-de-produit\/manuels-scolaires\/"},{"@type":"ListItem","position":4,"name":"French as a Foreign Language","item":"https:\/\/kedemoseducation.com\/fr\/categorie-de-produit\/manuels-scolaires\/francais-langue-etrangere\/"},{"@type":"ListItem","position":5,"name":"Le Nouveau Fran\u00e7ais Plus 3 &#8211; Student\u2019s Book"}]},{"@type":"WebSite","@id":"https:\/\/kedemoseducation.com\/fr\/#website","url":"https:\/\/kedemoseducation.com\/fr\/","name":"K\u00e9d\u00e9mos Education","description":"Le plaisir d'apprendre","publisher":{"@id":"https:\/\/kedemoseducation.com\/fr\/#organization"},"potentialAction":[{"@type":"SearchAction","target":{"@type":"EntryPoint","urlTemplate":"https:\/\/kedemoseducation.com\/fr\/?s={search_term_string}"},"query-input":{"@type":"PropertyValueSpecification","valueRequired":true,"valueName":"search_term_string"}}],"inLanguage":"fr-FR"},{"@type":"Organization","@id":"https:\/\/kedemoseducation.com\/fr\/#organization","name":"K\u00e9d\u00e9mos Education","url":"https:\/\/kedemoseducation.com\/fr\/","logo":{"@type":"ImageObject","inLanguage":"fr-FR","@id":"https:\/\/kedemoseducation.com\/fr\/#\/schema\/logo\/image\/","url":"https:\/\/kedemoseducation.com\/wp-content\/uploads\/2023\/06\/logo-kedemos-education.png","contentUrl":"https:\/\/kedemoseducation.com\/wp-content\/uploads\/2023\/06\/logo-kedemos-education.png","width":2362,"height":903,"caption":"Kedemos Education"},"image":{"@id":"https:\/\/kedemoseducation.com\/fr\/#\/schema\/logo\/image\/"},"sameAs":["https:\/\/www.facebook.com\/Kedemoseducation","https:\/\/www.instagram.com\/kedemoseducation\/","https:\/\/www.linkedin.com\/company\/kedemos-education\/"]}]}},"jetpack_sharing_enabled":true,"_links":{"self":[{"href":"https:\/\/kedemoseducation.com\/fr\/wp-json\/wp\/v2\/product\/5269","targetHints":{"allow":["GET"]}}],"collection":[{"href":"https:\/\/kedemoseducation.com\/fr\/wp-json\/wp\/v2\/product"}],"about":[{"href":"https:\/\/kedemoseducation.com\/fr\/wp-json\/wp\/v2\/types\/product"}],"replies":[{"embeddable":true,"href":"https:\/\/kedemoseducation.com\/fr\/wp-json\/wp\/v2\/comments?post=5269"}],"wp:featuredmedia":[{"embeddable":true,"href":"https:\/\/kedemoseducation.com\/fr\/wp-json\/wp\/v2\/media\/5270"}],"wp:attachment":[{"href":"https:\/\/kedemoseducation.com\/fr\/wp-json\/wp\/v2\/media?parent=5269"}],"wp:term":[{"taxonomy":"product_brand","embeddable":true,"href":"https:\/\/kedemoseducation.com\/fr\/wp-json\/wp\/v2\/product_brand?post=5269"},{"taxonomy":"product_cat","embeddable":true,"href":"https:\/\/kedemoseducation.com\/fr\/wp-json\/wp\/v2\/product_cat?post=5269"},{"taxonomy":"product_tag","embeddable":true,"href":"https:\/\/kedemoseducation.com\/fr\/wp-json\/wp\/v2\/product_tag?post=5269"}],"curies":[{"name":"wp","href":"https:\/\/api.w.org\/{rel}","templated":true}]}}