{"id":335,"date":"2022-05-05T06:19:21","date_gmt":"2022-05-05T06:19:21","guid":{"rendered":"https:\/\/eshop.classperts.com\/?post_type=product&#038;p=335"},"modified":"2026-02-17T11:38:02","modified_gmt":"2026-02-17T09:38:02","slug":"grade-5-reading-textbook-bal","status":"publish","type":"product","link":"https:\/\/kedemoseducation.com\/fr\/product\/cm2-eb5-livre-de-lecture-bal\/","title":{"rendered":"CM2 \/ EB5 - Livre de Lecture"},"content":{"rendered":"<h1><strong>CM2 \/ EB5 Livre de lecture - La Bo\u00eete aux Lettres<\/strong><\/h1>\n<h2><b>Pr\u00e9sentation de la m\u00e9thode du CM2 \/ EB5<\/b><\/h2>\n<p><span style=\"font-weight: 400;\">Ce livre de lecture de la classe de CM2 \/ EB5 fait partie de la collection La Bo\u00eete aux Lettres.\u00a0<\/span><\/p>\n<p>La Bo\u00eete aux Lettres pour la classe de CM2 \/ EB5 est une m\u00e9thode compl\u00e8te d'apprentissage du fran\u00e7ais. Elle prolonge nos m\u00e9thodes des classes pr\u00e9c\u00e9dentes. L\u2019esprit, les contenus et les pratiques p\u00e9dagogiques y sont repris et \u00e9largis. Nos m\u00e9thodes mettent l'accent sur l'expression orale. En effet, l\u2019oral est la base de l\u2019am\u00e9lioration de la qualit\u00e9 de la lecture et des performances en production \u00e9crite.<\/p>\n<p><span style=\"font-weight: 400;\">La collection La Bo\u00eete aux Lettres pour la classe de CM2 \/ EB5 repose sur les principes m\u00e9thodologiques suivants :<\/span><\/p>\n<ul>\n<li style=\"font-weight: 400;\" aria-level=\"1\"><span style=\"font-weight: 400;\">Priorit\u00e9 accord\u00e9e \u00e0 la communication orale.<\/span><\/li>\n<li style=\"font-weight: 400;\" aria-level=\"1\"><span style=\"font-weight: 400;\">Projets de classe pour favoriser le travail en groupe, l'interdisciplinarit\u00e9, l\u2019ouverture culturelle et la r\u00e9alisation d'activit\u00e9s communes.<\/span><\/li>\n<li style=\"font-weight: 400;\" aria-level=\"1\"><span style=\"font-weight: 400;\">Textes de lecture narratifs et extraits de pi\u00e8ces de th\u00e9\u00e2tre adapt\u00e9s au niveau linguistique et psychologique des enfants.<\/span><\/li>\n<li style=\"font-weight: 400;\" aria-level=\"1\"><span style=\"font-weight: 400;\">Perfectionnement de la qualit\u00e9 de la lecture.<\/span><\/li>\n<li style=\"font-weight: 400;\" aria-level=\"1\"><span style=\"font-weight: 400;\">Initiation \u00e0 l'organisation interne des textes.<\/span><\/li>\n<li style=\"font-weight: 400;\" aria-level=\"1\"><span style=\"font-weight: 400;\">Travail portant sur la typologie des textes : textes injonctifs-prescriptifs et informatifs.<\/span><\/li>\n<li style=\"font-weight: 400;\" aria-level=\"1\"><span style=\"font-weight: 400;\">Perfectionnement de la production \u00e9crite \u00e0 travers des le\u00e7ons syst\u00e9matiques portant sur diff\u00e9rents types d'\u00e9crits.<\/span><\/li>\n<li style=\"font-weight: 400;\" aria-level=\"1\"><span style=\"font-weight: 400;\">Insistance sur l\u2019enrichissement lexical dans chaque unit\u00e9.<\/span><\/li>\n<\/ul>\n<p><span style=\"font-weight: 400;\">La Bo\u00eete aux Lettres pour la classe de CM2 \/ EB5 est compos\u00e9e des trois volets suivants : un livre de lecture, un <a href=\"https:\/\/kedemoseducation.com\/fr\/product\/cm2-eb5-fichier-de-grammaire-bal\/\">cahier d\u2019expression<\/a><span> et un <\/span> <a href=\"https:\/\/kedemoseducation.com\/fr\/product\/cm2-eb5-fichier-de-grammaire-bal-2\/\">fichier de grammaire<\/a>.<\/span><\/p>\n<h3><b>Livre de lecture CM2 \/ EB5<\/b><\/h3>\n<p><span style=\"font-weight: 400;\">Ce livre de lecture de la collection La Bo\u00eete aux Lettres pour la classe de CM2 \/ EB5 d\u00e9veloppe dix th\u00e8mes. Chaque th\u00e8me comprend deux unit\u00e9s.\u00a0<\/span><\/p>\n<p><strong>A) Chaque unit\u00e9 propose les trois activit\u00e9s suivantes :<\/strong><\/p>\n<ol>\n<li style=\"font-weight: 400;\" aria-level=\"1\"><span style=\"font-weight: 400;\"><span style=\"font-weight: 400;\">Une double page est consacr\u00e9e \u00e0 l'expression orale. Les activit\u00e9s propos\u00e9es ici pr\u00e9c\u00e8dent et prolongent le texte de lecture. On y trouvera :<\/span><\/span>&nbsp;<\/li>\n<\/ol>\n<p style=\"padding-left: 40px;\"><span style=\"font-weight: 400;\">Dans chaque unit\u00e9 :<\/span><\/p>\n<ul>\n<li style=\"list-style-type: none;\">\n<ul>\n<li style=\"list-style-type: none;\">\n<ul>\n<li>Une gravure de pr\u00e9paration \u00e0 la lecture accompagn\u00e9e de questions.<\/li>\n<li>Un imagier destin\u00e9 \u00e0 la compr\u00e9hension et \u00e0 la fixation d\u2019un lexique et de structures langagi\u00e8res.<\/li>\n<li>Des jeux de r\u00f4les (dialogues).<\/li>\n<\/ul>\n<\/li>\n<\/ul>\n<\/li>\n<\/ul>\n<p style=\"padding-left: 40px;\"><span style=\"font-weight: 400;\">- De plus,  dans chaque th\u00e8me :<\/span><\/p>\n<ul>\n<li style=\"list-style-type: none;\"><\/li>\n<\/ul>\n<ol>\n<li style=\"list-style-type: none;\">\n<ul>\n<li style=\"list-style-type: none;\">\n<ul>\n<li style=\"font-weight: 400;\" aria-level=\"1\"><span style=\"font-weight: 400;\">Une le\u00e7on de \u00ab Techniques de l'expression \u00bb.<\/span><\/li>\n<li style=\"font-weight: 400;\" aria-level=\"1\"><span style=\"font-weight: 400;\">Une le\u00e7on de \u00ab Techniques de l'expression \u00bb.<br \/>\n<\/span><\/li>\n<\/ul>\n<\/li>\n<\/ul>\n<\/li>\n<li style=\"font-weight: 400;\" aria-level=\"1\"><span style=\"font-weight: 400;\">Une autre double page est r\u00e9serv\u00e9e \u00e0 un texte de lecture. Ce dernier est accompagn\u00e9 de dessins et de d\u00e9finitions qui pr\u00e9sentent les mots difficiles ainsi que de questions. Vous trouverez aussi des activit\u00e9s pour perfectionner la qualit\u00e9 de la lecture \u00e0 voix haute et l'organisation du texte. Dans les unit\u00e9s paires, le texte de lecture occupe trois pages.<\/span><\/li>\n<li><span style=\"font-weight: 400;\">Une page pr\u00e9sente un texte de type informatif ou injonctif suivi d\u2019un questionnaire. Ce texte est souvent accompagn\u00e9 d'une proposition d'activit\u00e9.<\/span><\/li>\n<\/ol>\n<p><strong>B) D'autres activit\u00e9s sont pr\u00e9sent\u00e9es alternativement :<\/strong><\/p>\n<ol>\n<li aria-level=\"1\">Une le\u00e7on de vocabulaire pour introduire des mots de la m\u00eame famille, des synonymes, des homonymes\u2026<\/li>\n<li aria-level=\"1\">Une rubrique de phon\u00e9tique est destin\u00e9e \u00e0 une r\u00e9vision des phon\u00e8mes-graph\u00e8mes.<\/li>\n<\/ol>\n<p>Des po\u00e9sies sont aussi propos\u00e9es \u00e0 la fin de chaque th\u00e8me.<\/p>\n<p>Enfin, la premi\u00e8re page du manuel contient un code QR. L'enfant pourra ainsi \u00e9couter :<\/p>\n<ul>\n<li aria-level=\"1\">Les jeux de r\u00f4les.<\/li>\n<li aria-level=\"1\">La phon\u00e9tique.<\/li>\n<\/ul>","protected":false},"excerpt":{"rendered":"<p><span style=\"font-weight: 400;\">Ce livre de lecture propose des activit\u00e9s d\u2019expression orale et \u00e9crite, des textes de lecture, des rubriques de phon\u00e9tique, des le\u00e7ons de vocabulaire et des gravures pleine-page qui incitent au r\u00e9emploi des mots et des structures pr\u00e9sent\u00e9s.<\/span><\/p>\n<p><span style=\"font-weight: 400;\">Ce manuel est accompagn\u00e9 d'un cahier d'expression et d'un fichier de grammaire. Pour acc\u00e9der \u00e0 la collection compl\u00e8te La Bo\u00eete aux Lettres pour la classe de CM2 \/ EB5, veuillez cliquer <a href=\"https:\/\/kedemoseducation.com\/fr\/product-category\/school-books\/french\/primary-school\/la-boite-aux-lettres\/grade-5-la-boite-aux-lettres\/\">ici<\/a>.<\/span><\/p>","protected":false},"featured_media":7291,"comment_status":"closed","ping_status":"closed","template":"","meta":{"_monsterinsights_skip_tracking":false,"_monsterinsights_sitenote_active":false,"_monsterinsights_sitenote_note":"","_monsterinsights_sitenote_category":0},"product_brand":[],"product_cat":[17,32,16,38],"product_tag":[61,64,65,75],"class_list":{"0":"post-335","1":"product","2":"type-product","3":"status-publish","4":"has-post-thumbnail","6":"product_cat-french","7":"product_cat-la-boite-aux-lettres","8":"product_cat-school-books","9":"product_cat-grade-5-la-boite-aux-lettres","10":"product_tag-livre-de-lecture","11":"product_tag-primaire","12":"product_tag-grade-5","13":"product_tag-la-boite-aux-lettres","14":"pa_grade-grade-5","16":"first","17":"instock","18":"shipping-taxable","19":"purchasable","20":"product-type-simple"},"yoast_head":"<!-- This site is optimized with the Yoast SEO plugin v26.4 - https:\/\/yoast.com\/wordpress\/plugins\/seo\/ -->\r\n<title>Grade 5 Reading Textbook - Kedemos Education<\/title>\r\n<meta name=\"description\" content=\"This Grade 5 reading textbook is part of a comprehensive and structured collection designed to help students learn French as a first language.\" \/>\r\n<meta name=\"robots\" content=\"index, follow, max-snippet:-1, max-image-preview:large, max-video-preview:-1\" \/>\r\n<link rel=\"canonical\" href=\"https:\/\/kedemoseducation.com\/fr\/product\/cm2-eb5-livre-de-lecture-bal\/\" \/>\r\n<meta property=\"og:locale\" content=\"fr_FR\" \/>\r\n<meta property=\"og:type\" content=\"article\" \/>\r\n<meta property=\"og:title\" content=\"https:\/\/kedemoseducation.com\/fr\/categorie-produit\/academic\/french\/la-boite-aux-lettres-french\/cm2-eb5\/ %\" \/>\r\n<meta property=\"og:description\" content=\"This Grade 5 reading textbook is part of a comprehensive and structured collection designed to help students learn French as a first language.\" \/>\r\n<meta property=\"og:url\" content=\"https:\/\/kedemoseducation.com\/fr\/product\/cm2-eb5-livre-de-lecture-bal\/\" \/>\r\n<meta property=\"og:site_name\" content=\"Kedemos Education\" \/>\r\n<meta property=\"article:publisher\" content=\"https:\/\/www.facebook.com\/Kedemoseducation\" \/>\r\n<meta property=\"article:modified_time\" content=\"2026-02-17T09:38:02+00:00\" \/>\r\n<meta property=\"og:image\" content=\"https:\/\/kedemoseducation.com\/wp-content\/uploads\/2022\/05\/Lecture-EB5-BAL.jpg\" \/>\r\n\t<meta property=\"og:image:width\" content=\"600\" \/>\r\n\t<meta property=\"og:image:height\" content=\"800\" \/>\r\n\t<meta property=\"og:image:type\" content=\"image\/jpeg\" \/>\r\n<meta name=\"twitter:card\" content=\"summary_large_image\" \/>\r\n<meta name=\"twitter:label1\" content=\"Dur\u00e9e de lecture estim\u00e9e\" \/>\n\t<meta name=\"twitter:data1\" content=\"2 minutes\" \/>\r\n<script type=\"application\/ld+json\" class=\"yoast-schema-graph\">{\"@context\":\"https:\/\/schema.org\",\"@graph\":[{\"@type\":\"WebPage\",\"@id\":\"https:\/\/kedemoseducation.com\/product\/grade-5-reading-textbook-bal\/\",\"url\":\"https:\/\/kedemoseducation.com\/product\/grade-5-reading-textbook-bal\/\",\"name\":\"Grade 5 Reading Textbook - Kedemos Education\",\"isPartOf\":{\"@id\":\"https:\/\/kedemoseducation.com\/fr\/#website\"},\"primaryImageOfPage\":{\"@id\":\"https:\/\/kedemoseducation.com\/product\/grade-5-reading-textbook-bal\/#primaryimage\"},\"image\":{\"@id\":\"https:\/\/kedemoseducation.com\/product\/grade-5-reading-textbook-bal\/#primaryimage\"},\"thumbnailUrl\":\"https:\/\/i0.wp.com\/kedemoseducation.com\/wp-content\/uploads\/2022\/05\/Lecture-EB5-BAL.jpg?fit=600%2C800&ssl=1\",\"datePublished\":\"2022-05-05T06:19:21+00:00\",\"dateModified\":\"2026-02-17T09:38:02+00:00\",\"description\":\"This Grade 5 reading textbook is part of a comprehensive and structured collection designed to help students learn French as a first language.\",\"breadcrumb\":{\"@id\":\"https:\/\/kedemoseducation.com\/product\/grade-5-reading-textbook-bal\/#breadcrumb\"},\"inLanguage\":\"fr-FR\",\"potentialAction\":[{\"@type\":\"ReadAction\",\"target\":[\"https:\/\/kedemoseducation.com\/product\/grade-5-reading-textbook-bal\/\"]}]},{\"@type\":\"ImageObject\",\"inLanguage\":\"fr-FR\",\"@id\":\"https:\/\/kedemoseducation.com\/product\/grade-5-reading-textbook-bal\/#primaryimage\",\"url\":\"https:\/\/i0.wp.com\/kedemoseducation.com\/wp-content\/uploads\/2022\/05\/Lecture-EB5-BAL.jpg?fit=600%2C800&ssl=1\",\"contentUrl\":\"https:\/\/i0.wp.com\/kedemoseducation.com\/wp-content\/uploads\/2022\/05\/Lecture-EB5-BAL.jpg?fit=600%2C800&ssl=1\",\"width\":600,\"height\":800,\"caption\":\"Livre de Lecture CM2 \/ EB5\u00a0 - La Bo\u00eete aux Lettres\"},{\"@type\":\"BreadcrumbList\",\"@id\":\"https:\/\/kedemoseducation.com\/product\/grade-5-reading-textbook-bal\/#breadcrumb\",\"itemListElement\":[{\"@type\":\"ListItem\",\"position\":1,\"name\":\"Home\",\"item\":\"https:\/\/kedemoseducation.com\/\"},{\"@type\":\"ListItem\",\"position\":2,\"name\":\"All Products\",\"item\":\"https:\/\/kedemoseducation.com\/fr\/shop-2\/tous-les-produits\/\"},{\"@type\":\"ListItem\",\"position\":3,\"name\":\"School Books\",\"item\":\"https:\/\/kedemoseducation.com\/fr\/categorie-de-produit\/manuels-scolaires\/\"},{\"@type\":\"ListItem\",\"position\":4,\"name\":\"French\",\"item\":\"https:\/\/kedemoseducation.com\/en\/product-category\/school-books\/french\/\"},{\"@type\":\"ListItem\",\"position\":5,\"name\":\"Primary school\",\"item\":\"https:\/\/kedemoseducation.com\/en\/product-category\/school-books\/french\/primary-school\/\"},{\"@type\":\"ListItem\",\"position\":6,\"name\":\"La Bo\u00eete aux Lettres\",\"item\":\"https:\/\/kedemoseducation.com\/en\/product-category\/school-books\/french\/primary-school\/la-boite-aux-lettres\/\"},{\"@type\":\"ListItem\",\"position\":7,\"name\":\"Grade 5\",\"item\":\"https:\/\/kedemoseducation.com\/en\/product-category\/school-books\/french\/primary-school\/la-boite-aux-lettres\/grade-5-la-boite-aux-lettres\/\"},{\"@type\":\"ListItem\",\"position\":8,\"name\":\"Grade 5 &#8211; Reading Textbook\"}]},{\"@type\":\"WebSite\",\"@id\":\"https:\/\/kedemoseducation.com\/fr\/#website\",\"url\":\"https:\/\/kedemoseducation.com\/fr\/\",\"name\":\"Kedemos Education\",\"description\":\"The Pleasure of Learning\",\"publisher\":{\"@id\":\"https:\/\/kedemoseducation.com\/fr\/#organization\"},\"potentialAction\":[{\"@type\":\"SearchAction\",\"target\":{\"@type\":\"EntryPoint\",\"urlTemplate\":\"https:\/\/kedemoseducation.com\/fr\/?s={search_term_string}\"},\"query-input\":{\"@type\":\"PropertyValueSpecification\",\"valueRequired\":true,\"valueName\":\"search_term_string\"}}],\"inLanguage\":\"fr-FR\"},{\"@type\":\"Organization\",\"@id\":\"https:\/\/kedemoseducation.com\/fr\/#organization\",\"name\":\"Kedemos Education\",\"url\":\"https:\/\/kedemoseducation.com\/fr\/\",\"logo\":{\"@type\":\"ImageObject\",\"inLanguage\":\"fr-FR\",\"@id\":\"https:\/\/kedemoseducation.com\/fr\/#\/schema\/logo\/image\/\",\"url\":\"https:\/\/kedemoseducation.com\/wp-content\/uploads\/2023\/06\/logo-kedemos-education.png\",\"contentUrl\":\"https:\/\/kedemoseducation.com\/wp-content\/uploads\/2023\/06\/logo-kedemos-education.png\",\"width\":2362,\"height\":903,\"caption\":\"Kedemos Education\"},\"image\":{\"@id\":\"https:\/\/kedemoseducation.com\/fr\/#\/schema\/logo\/image\/\"},\"sameAs\":[\"https:\/\/www.facebook.com\/Kedemoseducation\",\"https:\/\/www.instagram.com\/kedemoseducation\/\",\"https:\/\/www.linkedin.com\/company\/kedemos-education\/\"]}]}<\/script>\r\n<!-- \/ Yoast SEO plugin. -->","yoast_head_json":{"title":"CM2 \/ EB5 Livre de Lecture - K\u00e9d\u00e9mos Education","description":"Ce livre de lecture pour la classe de CM2 \/ EB5 s'int\u00e8gre dans une collection compl\u00e8te pour l'apprentissage du fran\u00e7ais et propose des activit\u00e9s vari\u00e9es.","robots":{"index":"index","follow":"follow","max-snippet":"max-snippet:-1","max-image-preview":"max-image-preview:large","max-video-preview":"max-video-preview:-1"},"canonical":"https:\/\/kedemoseducation.com\/fr\/product\/cm2-eb5-livre-de-lecture-bal\/","og_locale":"fr_FR","og_type":"article","og_title":"https:\/\/kedemoseducation.com\/fr\/categorie-produit\/academic\/french\/la-boite-aux-lettres-french\/cm2-eb5\/ %","og_description":"This Grade 5 reading textbook is part of a comprehensive and structured collection designed to help students learn French as a first language.","og_url":"https:\/\/kedemoseducation.com\/fr\/product\/cm2-eb5-livre-de-lecture-bal\/","og_site_name":"Kedemos Education","article_publisher":"https:\/\/www.facebook.com\/Kedemoseducation","article_modified_time":"2026-02-17T09:38:02+00:00","og_image":[{"width":600,"height":800,"url":"https:\/\/kedemoseducation.com\/wp-content\/uploads\/2022\/05\/Lecture-EB5-BAL.jpg","type":"image\/jpeg"}],"twitter_card":"summary_large_image","twitter_misc":{"Dur\u00e9e de lecture estim\u00e9e":"2 minutes"},"schema":{"@context":"https:\/\/schema.org","@graph":[{"@type":"WebPage","@id":"https:\/\/kedemoseducation.com\/product\/grade-5-reading-textbook-bal\/","url":"https:\/\/kedemoseducation.com\/product\/grade-5-reading-textbook-bal\/","name":"CM2 \/ EB5 Livre de Lecture - K\u00e9d\u00e9mos Education","isPartOf":{"@id":"https:\/\/kedemoseducation.com\/fr\/#website"},"primaryImageOfPage":{"@id":"https:\/\/kedemoseducation.com\/product\/grade-5-reading-textbook-bal\/#primaryimage"},"image":{"@id":"https:\/\/kedemoseducation.com\/product\/grade-5-reading-textbook-bal\/#primaryimage"},"thumbnailUrl":"https:\/\/i0.wp.com\/kedemoseducation.com\/wp-content\/uploads\/2022\/05\/Lecture-EB5-BAL.jpg?fit=600%2C800&ssl=1","datePublished":"2022-05-05T06:19:21+00:00","dateModified":"2026-02-17T09:38:02+00:00","description":"Ce livre de lecture pour la classe de CM2 \/ EB5 s'int\u00e8gre dans une collection compl\u00e8te pour l'apprentissage du fran\u00e7ais et propose des activit\u00e9s vari\u00e9es.","breadcrumb":{"@id":"https:\/\/kedemoseducation.com\/product\/grade-5-reading-textbook-bal\/#breadcrumb"},"inLanguage":"fr-FR","potentialAction":[{"@type":"ReadAction","target":["https:\/\/kedemoseducation.com\/product\/grade-5-reading-textbook-bal\/"]}]},{"@type":"ImageObject","inLanguage":"fr-FR","@id":"https:\/\/kedemoseducation.com\/product\/grade-5-reading-textbook-bal\/#primaryimage","url":"https:\/\/i0.wp.com\/kedemoseducation.com\/wp-content\/uploads\/2022\/05\/Lecture-EB5-BAL.jpg?fit=600%2C800&ssl=1","contentUrl":"https:\/\/i0.wp.com\/kedemoseducation.com\/wp-content\/uploads\/2022\/05\/Lecture-EB5-BAL.jpg?fit=600%2C800&ssl=1","width":600,"height":800,"caption":"Livre de Lecture CM2 \/ EB5\u00a0 - La Bo\u00eete aux Lettres"},{"@type":"BreadcrumbList","@id":"https:\/\/kedemoseducation.com\/product\/grade-5-reading-textbook-bal\/#breadcrumb","itemListElement":[{"@type":"ListItem","position":1,"name":"Home","item":"https:\/\/kedemoseducation.com\/"},{"@type":"ListItem","position":2,"name":"All Products","item":"https:\/\/kedemoseducation.com\/fr\/shop-2\/tous-les-produits\/"},{"@type":"ListItem","position":3,"name":"School Books","item":"https:\/\/kedemoseducation.com\/fr\/categorie-de-produit\/manuels-scolaires\/"},{"@type":"ListItem","position":4,"name":"French","item":"https:\/\/kedemoseducation.com\/en\/product-category\/school-books\/french\/"},{"@type":"ListItem","position":5,"name":"Primary school","item":"https:\/\/kedemoseducation.com\/en\/product-category\/school-books\/french\/primary-school\/"},{"@type":"ListItem","position":6,"name":"La Bo\u00eete aux Lettres","item":"https:\/\/kedemoseducation.com\/en\/product-category\/school-books\/french\/primary-school\/la-boite-aux-lettres\/"},{"@type":"ListItem","position":7,"name":"Grade 5","item":"https:\/\/kedemoseducation.com\/en\/product-category\/school-books\/french\/primary-school\/la-boite-aux-lettres\/grade-5-la-boite-aux-lettres\/"},{"@type":"ListItem","position":8,"name":"Grade 5 &#8211; Reading Textbook"}]},{"@type":"WebSite","@id":"https:\/\/kedemoseducation.com\/fr\/#website","url":"https:\/\/kedemoseducation.com\/fr\/","name":"K\u00e9d\u00e9mos Education","description":"Le plaisir d'apprendre","publisher":{"@id":"https:\/\/kedemoseducation.com\/fr\/#organization"},"potentialAction":[{"@type":"SearchAction","target":{"@type":"EntryPoint","urlTemplate":"https:\/\/kedemoseducation.com\/fr\/?s={search_term_string}"},"query-input":{"@type":"PropertyValueSpecification","valueRequired":true,"valueName":"search_term_string"}}],"inLanguage":"fr-FR"},{"@type":"Organization","@id":"https:\/\/kedemoseducation.com\/fr\/#organization","name":"K\u00e9d\u00e9mos Education","url":"https:\/\/kedemoseducation.com\/fr\/","logo":{"@type":"ImageObject","inLanguage":"fr-FR","@id":"https:\/\/kedemoseducation.com\/fr\/#\/schema\/logo\/image\/","url":"https:\/\/kedemoseducation.com\/wp-content\/uploads\/2023\/06\/logo-kedemos-education.png","contentUrl":"https:\/\/kedemoseducation.com\/wp-content\/uploads\/2023\/06\/logo-kedemos-education.png","width":2362,"height":903,"caption":"Kedemos Education"},"image":{"@id":"https:\/\/kedemoseducation.com\/fr\/#\/schema\/logo\/image\/"},"sameAs":["https:\/\/www.facebook.com\/Kedemoseducation","https:\/\/www.instagram.com\/kedemoseducation\/","https:\/\/www.linkedin.com\/company\/kedemos-education\/"]}]}},"jetpack_sharing_enabled":true,"_links":{"self":[{"href":"https:\/\/kedemoseducation.com\/fr\/wp-json\/wp\/v2\/product\/335","targetHints":{"allow":["GET"]}}],"collection":[{"href":"https:\/\/kedemoseducation.com\/fr\/wp-json\/wp\/v2\/product"}],"about":[{"href":"https:\/\/kedemoseducation.com\/fr\/wp-json\/wp\/v2\/types\/product"}],"replies":[{"embeddable":true,"href":"https:\/\/kedemoseducation.com\/fr\/wp-json\/wp\/v2\/comments?post=335"}],"wp:featuredmedia":[{"embeddable":true,"href":"https:\/\/kedemoseducation.com\/fr\/wp-json\/wp\/v2\/media\/7291"}],"wp:attachment":[{"href":"https:\/\/kedemoseducation.com\/fr\/wp-json\/wp\/v2\/media?parent=335"}],"wp:term":[{"taxonomy":"product_brand","embeddable":true,"href":"https:\/\/kedemoseducation.com\/fr\/wp-json\/wp\/v2\/product_brand?post=335"},{"taxonomy":"product_cat","embeddable":true,"href":"https:\/\/kedemoseducation.com\/fr\/wp-json\/wp\/v2\/product_cat?post=335"},{"taxonomy":"product_tag","embeddable":true,"href":"https:\/\/kedemoseducation.com\/fr\/wp-json\/wp\/v2\/product_tag?post=335"}],"curies":[{"name":"wp","href":"https:\/\/api.w.org\/{rel}","templated":true}]}}