{"id":334,"date":"2022-05-05T06:19:20","date_gmt":"2022-05-05T06:19:20","guid":{"rendered":"https:\/\/eshop.classperts.com\/?post_type=product&#038;p=334"},"modified":"2026-02-17T11:38:30","modified_gmt":"2026-02-17T09:38:30","slug":"grade-5-grammar-workbook-bal","status":"publish","type":"product","link":"https:\/\/kedemoseducation.com\/fr\/product\/cm2-eb5-fichier-de-grammaire-bal-2\/","title":{"rendered":"CM2 \/ EB5 - Fichier de Grammaire"},"content":{"rendered":"<h1><strong>CM2 \/ EB5 Fichier de grammaire - La Bo\u00eete aux Lettres<\/strong><\/h1>\n<h2><b>Pr\u00e9sentation de la m\u00e9thode du CM2 \/ EB5<\/b><\/h2>\n<p><span style=\"font-weight: 400;\">Ce fichier de grammaire de la classe de CM2 \/ EB5 fait partie de la collection La Bo\u00eete aux Lettres.\u00a0<\/span><\/p>\n<p><span style=\"font-weight: 400;\">La Bo\u00eete aux Lettres pour la classe de CM2 \/ EB5 est une m\u00e9thode compl\u00e8te d'apprentissage du fran\u00e7ais. Elle prolonge nos m\u00e9thodes des classes pr\u00e9c\u00e9dentes. L\u2019esprit, les contenus et les pratiques p\u00e9dagogiques y sont repris et \u00e9largis. Nos m\u00e9thodes mettent l'accent sur l'expression orale. En effet, l\u2019oral est la base de l\u2019am\u00e9lioration de la qualit\u00e9 de la lecture et des performances en production \u00e9crite.<\/span><\/p>\n<p><span style=\"font-weight: 400;\">La collection La Bo\u00eete aux Lettres pour la classe de CM2 \/ EB5 repose sur les principes m\u00e9thodologiques suivants :<\/span><\/p>\n<ul>\n<li style=\"font-weight: 400;\" aria-level=\"1\"><span style=\"font-weight: 400;\">Priorit\u00e9 accord\u00e9e \u00e0 la communication orale.<\/span><\/li>\n<li style=\"font-weight: 400;\" aria-level=\"1\"><span style=\"font-weight: 400;\">Projets de classe pour favoriser le travail en groupe, l'interdisciplinarit\u00e9, l\u2019ouverture culturelle et la r\u00e9alisation d'activit\u00e9s communes.<\/span><\/li>\n<li style=\"font-weight: 400;\" aria-level=\"1\"><span style=\"font-weight: 400;\">Textes de lecture narratifs et extraits de pi\u00e8ces de th\u00e9\u00e2tre adapt\u00e9s au niveau linguistique et psychologique des enfants.<\/span><\/li>\n<li style=\"font-weight: 400;\" aria-level=\"1\"><span style=\"font-weight: 400;\">Perfectionnement de la qualit\u00e9 de la lecture.<\/span><\/li>\n<li style=\"font-weight: 400;\" aria-level=\"1\"><span style=\"font-weight: 400;\">Initiation \u00e0 l'organisation interne des textes.<\/span><\/li>\n<li style=\"font-weight: 400;\" aria-level=\"1\"><span style=\"font-weight: 400;\">Travail portant sur la typologie des textes : textes injonctifs-prescriptifs et informatifs.<\/span><\/li>\n<li style=\"font-weight: 400;\" aria-level=\"1\"><span style=\"font-weight: 400;\">Perfectionnement de la production \u00e9crite \u00e0 travers des le\u00e7ons syst\u00e9matiques portant sur diff\u00e9rents types d'\u00e9crits.<\/span><\/li>\n<li style=\"font-weight: 400;\" aria-level=\"1\"><span style=\"font-weight: 400;\">Insistance sur l\u2019enrichissement lexical dans chaque unit\u00e9.<\/span><\/li>\n<\/ul>\n<p><span style=\"font-weight: 400;\">La Bo\u00eete aux Lettres pour la classe de CM2 \/ EB5 est compos\u00e9e des trois volets suivants : un <a href=\"https:\/\/kedemoseducation.com\/fr\/product\/cm2-eb5-livre-de-lecture-bal\/\">livre de lecture<\/a>, un <a href=\"https:\/\/kedemoseducation.com\/fr\/product\/cm2-eb5-fichier-de-grammaire-bal\/\">cahier d\u2019expression<\/a><span> et un fichier de grammaire.<\/span><\/p>\n<h3><b>Fichier de Grammaire CM2 \/ EB5<\/b><\/h3>\n<p><span style=\"font-weight: 400;\">Ce fichier de grammaire pour la classe de CM2 \/ EB5 propose des le\u00e7ons de grammaire, des le\u00e7ons portant sur le verbe et des le\u00e7ons d'orthographe pour :<\/span><\/p>\n<ul>\n<li style=\"font-weight: 400;\" aria-level=\"1\"><span style=\"font-weight: 400;\">Se familiariser avec les concepts grammaticaux et les r\u00e8gles de base.<\/span><\/li>\n<li style=\"font-weight: 400;\" aria-level=\"1\"><span style=\"font-weight: 400;\">S\u2019entra\u00eener \u00e0 la reconnaissance et \u00e0 l\u2019application de ces concepts et r\u00e8gles \u00e0 l\u2019oral et \u00e0 l\u2019\u00e9crit.<\/span><\/li>\n<li style=\"font-weight: 400;\" aria-level=\"1\"><span style=\"font-weight: 400;\">Associer une meilleure expression orale et \u00e9crite \u00e0 une r\u00e9flexion approfondie sur le fonctionnement de la langue.<\/span><\/li>\n<\/ul>\n<p><span style=\"font-weight: 400;\">Ce fichier de grammaire propose aussi des activit\u00e9s d'expression orale en rapport avec le contenu grammatical \u00e9tudi\u00e9 ainsi que des jeux linguistiques.<\/span><\/p>","protected":false},"excerpt":{"rendered":"<p><span style=\"font-weight: 400;\">Ce manuel propose un apprentissage syst\u00e9matique et efficace de la grammaire et de l\u2019orthographe, ainsi que des le\u00e7ons portant sur le verbe.\u00a0<\/span><\/p>\n<p><span style=\"font-weight: 400;\">Il accompagne le livre de lecture du CM2 \/ EB5. Pour acc\u00e9der \u00e0 la collection compl\u00e8te de La Bo\u00eete aux Lettres pour le CM2 \/ EB5, veuillez cliquer <a href=\"https:\/\/kedemoseducation.com\/fr\/product-category\/school-books\/french\/primary-school\/la-boite-aux-lettres\/grade-5-la-boite-aux-lettres\/\">ici<\/a>.<\/span><\/p>","protected":false},"featured_media":7292,"comment_status":"closed","ping_status":"closed","template":"","meta":{"_monsterinsights_skip_tracking":false,"_monsterinsights_sitenote_active":false,"_monsterinsights_sitenote_note":"","_monsterinsights_sitenote_category":0},"product_brand":[],"product_cat":[17,32,16,38],"product_tag":[64,65,75,338],"class_list":{"0":"post-334","1":"product","2":"type-product","3":"status-publish","4":"has-post-thumbnail","6":"product_cat-french","7":"product_cat-la-boite-aux-lettres","8":"product_cat-school-books","9":"product_cat-grade-5-la-boite-aux-lettres","10":"product_tag-primaire","11":"product_tag-grade-5","12":"product_tag-la-boite-aux-lettres","13":"product_tag-grammar-workbook","14":"pa_grade-grade-5","16":"first","17":"instock","18":"shipping-taxable","19":"purchasable","20":"product-type-simple"},"yoast_head":"<!-- This site is optimized with the Yoast SEO plugin v26.4 - https:\/\/yoast.com\/wordpress\/plugins\/seo\/ -->\r\n<title>Grade 5 Grammar Workbook - Kedemos Education<\/title>\r\n<meta name=\"description\" content=\"This Grade 5 grammar workbook provides a progressive approach to grammar, spelling, and verb lessons, reinforcing both oral and written language skills.\" \/>\r\n<meta name=\"robots\" content=\"index, follow, max-snippet:-1, max-image-preview:large, max-video-preview:-1\" \/>\r\n<link rel=\"canonical\" href=\"https:\/\/kedemoseducation.com\/fr\/product\/cm2-eb5-fichier-de-grammaire-bal-2\/\" \/>\r\n<meta property=\"og:locale\" content=\"fr_FR\" \/>\r\n<meta property=\"og:type\" content=\"article\" \/>\r\n<meta property=\"og:title\" content=\"Grade 5 Grammar Workbook - Kedemos Education\" \/>\r\n<meta property=\"og:description\" content=\"This Grade 5 grammar workbook provides a progressive approach to grammar, spelling, and verb lessons, reinforcing both oral and written language skills.\" \/>\r\n<meta property=\"og:url\" content=\"https:\/\/kedemoseducation.com\/fr\/product\/cm2-eb5-fichier-de-grammaire-bal-2\/\" \/>\r\n<meta property=\"og:site_name\" content=\"Kedemos Education\" \/>\r\n<meta property=\"article:publisher\" content=\"https:\/\/www.facebook.com\/Kedemoseducation\" \/>\r\n<meta property=\"article:modified_time\" content=\"2026-02-17T09:38:30+00:00\" \/>\r\n<meta property=\"og:image\" content=\"https:\/\/kedemoseducation.com\/wp-content\/uploads\/2022\/05\/Grammaire-EB5-BAL.jpg\" \/>\r\n\t<meta property=\"og:image:width\" content=\"600\" \/>\r\n\t<meta property=\"og:image:height\" content=\"800\" \/>\r\n\t<meta property=\"og:image:type\" content=\"image\/jpeg\" \/>\r\n<meta name=\"twitter:card\" content=\"summary_large_image\" \/>\r\n<meta name=\"twitter:label1\" content=\"Dur\u00e9e de lecture estim\u00e9e\" \/>\n\t<meta name=\"twitter:data1\" content=\"2 minutes\" \/>\r\n<script type=\"application\/ld+json\" class=\"yoast-schema-graph\">{\"@context\":\"https:\/\/schema.org\",\"@graph\":[{\"@type\":\"WebPage\",\"@id\":\"https:\/\/kedemoseducation.com\/product\/grade-5-grammar-workbook-bal\/\",\"url\":\"https:\/\/kedemoseducation.com\/product\/grade-5-grammar-workbook-bal\/\",\"name\":\"Grade 5 Grammar Workbook - Kedemos Education\",\"isPartOf\":{\"@id\":\"https:\/\/kedemoseducation.com\/fr\/#website\"},\"primaryImageOfPage\":{\"@id\":\"https:\/\/kedemoseducation.com\/product\/grade-5-grammar-workbook-bal\/#primaryimage\"},\"image\":{\"@id\":\"https:\/\/kedemoseducation.com\/product\/grade-5-grammar-workbook-bal\/#primaryimage\"},\"thumbnailUrl\":\"https:\/\/i0.wp.com\/kedemoseducation.com\/wp-content\/uploads\/2022\/05\/Grammaire-EB5-BAL.jpg?fit=600%2C800&ssl=1\",\"datePublished\":\"2022-05-05T06:19:20+00:00\",\"dateModified\":\"2026-02-17T09:38:30+00:00\",\"description\":\"This Grade 5 grammar workbook provides a progressive approach to grammar, spelling, and verb lessons, reinforcing both oral and written language skills.\",\"breadcrumb\":{\"@id\":\"https:\/\/kedemoseducation.com\/product\/grade-5-grammar-workbook-bal\/#breadcrumb\"},\"inLanguage\":\"fr-FR\",\"potentialAction\":[{\"@type\":\"ReadAction\",\"target\":[\"https:\/\/kedemoseducation.com\/product\/grade-5-grammar-workbook-bal\/\"]}]},{\"@type\":\"ImageObject\",\"inLanguage\":\"fr-FR\",\"@id\":\"https:\/\/kedemoseducation.com\/product\/grade-5-grammar-workbook-bal\/#primaryimage\",\"url\":\"https:\/\/i0.wp.com\/kedemoseducation.com\/wp-content\/uploads\/2022\/05\/Grammaire-EB5-BAL.jpg?fit=600%2C800&ssl=1\",\"contentUrl\":\"https:\/\/i0.wp.com\/kedemoseducation.com\/wp-content\/uploads\/2022\/05\/Grammaire-EB5-BAL.jpg?fit=600%2C800&ssl=1\",\"width\":600,\"height\":800,\"caption\":\"Fichier de Grammaire CM2 \/ EB5 - La Bo\u00eete aux Lettres\"},{\"@type\":\"BreadcrumbList\",\"@id\":\"https:\/\/kedemoseducation.com\/product\/grade-5-grammar-workbook-bal\/#breadcrumb\",\"itemListElement\":[{\"@type\":\"ListItem\",\"position\":1,\"name\":\"Home\",\"item\":\"https:\/\/kedemoseducation.com\/\"},{\"@type\":\"ListItem\",\"position\":2,\"name\":\"All Products\",\"item\":\"https:\/\/kedemoseducation.com\/fr\/shop-2\/tous-les-produits\/\"},{\"@type\":\"ListItem\",\"position\":3,\"name\":\"School Books\",\"item\":\"https:\/\/kedemoseducation.com\/fr\/categorie-de-produit\/manuels-scolaires\/\"},{\"@type\":\"ListItem\",\"position\":4,\"name\":\"French\",\"item\":\"https:\/\/kedemoseducation.com\/en\/product-category\/school-books\/french\/\"},{\"@type\":\"ListItem\",\"position\":5,\"name\":\"Primary school\",\"item\":\"https:\/\/kedemoseducation.com\/en\/product-category\/school-books\/french\/primary-school\/\"},{\"@type\":\"ListItem\",\"position\":6,\"name\":\"La Bo\u00eete aux Lettres\",\"item\":\"https:\/\/kedemoseducation.com\/en\/product-category\/school-books\/french\/primary-school\/la-boite-aux-lettres\/\"},{\"@type\":\"ListItem\",\"position\":7,\"name\":\"Grade 5\",\"item\":\"https:\/\/kedemoseducation.com\/en\/product-category\/school-books\/french\/primary-school\/la-boite-aux-lettres\/grade-5-la-boite-aux-lettres\/\"},{\"@type\":\"ListItem\",\"position\":8,\"name\":\"Grade 5 &#8211; Grammar Workbook\"}]},{\"@type\":\"WebSite\",\"@id\":\"https:\/\/kedemoseducation.com\/fr\/#website\",\"url\":\"https:\/\/kedemoseducation.com\/fr\/\",\"name\":\"Kedemos Education\",\"description\":\"The Pleasure of Learning\",\"publisher\":{\"@id\":\"https:\/\/kedemoseducation.com\/fr\/#organization\"},\"potentialAction\":[{\"@type\":\"SearchAction\",\"target\":{\"@type\":\"EntryPoint\",\"urlTemplate\":\"https:\/\/kedemoseducation.com\/fr\/?s={search_term_string}\"},\"query-input\":{\"@type\":\"PropertyValueSpecification\",\"valueRequired\":true,\"valueName\":\"search_term_string\"}}],\"inLanguage\":\"fr-FR\"},{\"@type\":\"Organization\",\"@id\":\"https:\/\/kedemoseducation.com\/fr\/#organization\",\"name\":\"Kedemos Education\",\"url\":\"https:\/\/kedemoseducation.com\/fr\/\",\"logo\":{\"@type\":\"ImageObject\",\"inLanguage\":\"fr-FR\",\"@id\":\"https:\/\/kedemoseducation.com\/fr\/#\/schema\/logo\/image\/\",\"url\":\"https:\/\/kedemoseducation.com\/wp-content\/uploads\/2023\/06\/logo-kedemos-education.png\",\"contentUrl\":\"https:\/\/kedemoseducation.com\/wp-content\/uploads\/2023\/06\/logo-kedemos-education.png\",\"width\":2362,\"height\":903,\"caption\":\"Kedemos Education\"},\"image\":{\"@id\":\"https:\/\/kedemoseducation.com\/fr\/#\/schema\/logo\/image\/\"},\"sameAs\":[\"https:\/\/www.facebook.com\/Kedemoseducation\",\"https:\/\/www.instagram.com\/kedemoseducation\/\",\"https:\/\/www.linkedin.com\/company\/kedemos-education\/\"]}]}<\/script>\r\n<!-- \/ Yoast SEO plugin. -->","yoast_head_json":{"title":"CM2 \/ EB5 Fichier de Grammaire - K\u00e9d\u00e9mos Education","description":"Ce fichier de grammaire propose un apprentissage syst\u00e9matique de la grammaire, de l\u2019orthographe et du verbe, afin de renforcer les comp\u00e9tences en expression orale et \u00e9crite.","robots":{"index":"index","follow":"follow","max-snippet":"max-snippet:-1","max-image-preview":"max-image-preview:large","max-video-preview":"max-video-preview:-1"},"canonical":"https:\/\/kedemoseducation.com\/fr\/product\/cm2-eb5-fichier-de-grammaire-bal-2\/","og_locale":"fr_FR","og_type":"article","og_title":"Grade 5 Grammar Workbook - Kedemos Education","og_description":"This Grade 5 grammar workbook provides a progressive approach to grammar, spelling, and verb lessons, reinforcing both oral and written language skills.","og_url":"https:\/\/kedemoseducation.com\/fr\/product\/cm2-eb5-fichier-de-grammaire-bal-2\/","og_site_name":"Kedemos Education","article_publisher":"https:\/\/www.facebook.com\/Kedemoseducation","article_modified_time":"2026-02-17T09:38:30+00:00","og_image":[{"width":600,"height":800,"url":"https:\/\/kedemoseducation.com\/wp-content\/uploads\/2022\/05\/Grammaire-EB5-BAL.jpg","type":"image\/jpeg"}],"twitter_card":"summary_large_image","twitter_misc":{"Dur\u00e9e de lecture estim\u00e9e":"2 minutes"},"schema":{"@context":"https:\/\/schema.org","@graph":[{"@type":"WebPage","@id":"https:\/\/kedemoseducation.com\/product\/grade-5-grammar-workbook-bal\/","url":"https:\/\/kedemoseducation.com\/product\/grade-5-grammar-workbook-bal\/","name":"CM2 \/ EB5 Fichier de Grammaire - K\u00e9d\u00e9mos Education","isPartOf":{"@id":"https:\/\/kedemoseducation.com\/fr\/#website"},"primaryImageOfPage":{"@id":"https:\/\/kedemoseducation.com\/product\/grade-5-grammar-workbook-bal\/#primaryimage"},"image":{"@id":"https:\/\/kedemoseducation.com\/product\/grade-5-grammar-workbook-bal\/#primaryimage"},"thumbnailUrl":"https:\/\/i0.wp.com\/kedemoseducation.com\/wp-content\/uploads\/2022\/05\/Grammaire-EB5-BAL.jpg?fit=600%2C800&ssl=1","datePublished":"2022-05-05T06:19:20+00:00","dateModified":"2026-02-17T09:38:30+00:00","description":"Ce fichier de grammaire propose un apprentissage syst\u00e9matique de la grammaire, de l\u2019orthographe et du verbe, afin de renforcer les comp\u00e9tences en expression orale et \u00e9crite.","breadcrumb":{"@id":"https:\/\/kedemoseducation.com\/product\/grade-5-grammar-workbook-bal\/#breadcrumb"},"inLanguage":"fr-FR","potentialAction":[{"@type":"ReadAction","target":["https:\/\/kedemoseducation.com\/product\/grade-5-grammar-workbook-bal\/"]}]},{"@type":"ImageObject","inLanguage":"fr-FR","@id":"https:\/\/kedemoseducation.com\/product\/grade-5-grammar-workbook-bal\/#primaryimage","url":"https:\/\/i0.wp.com\/kedemoseducation.com\/wp-content\/uploads\/2022\/05\/Grammaire-EB5-BAL.jpg?fit=600%2C800&ssl=1","contentUrl":"https:\/\/i0.wp.com\/kedemoseducation.com\/wp-content\/uploads\/2022\/05\/Grammaire-EB5-BAL.jpg?fit=600%2C800&ssl=1","width":600,"height":800,"caption":"Fichier de Grammaire CM2 \/ EB5 - La Bo\u00eete aux Lettres"},{"@type":"BreadcrumbList","@id":"https:\/\/kedemoseducation.com\/product\/grade-5-grammar-workbook-bal\/#breadcrumb","itemListElement":[{"@type":"ListItem","position":1,"name":"Home","item":"https:\/\/kedemoseducation.com\/"},{"@type":"ListItem","position":2,"name":"All Products","item":"https:\/\/kedemoseducation.com\/fr\/shop-2\/tous-les-produits\/"},{"@type":"ListItem","position":3,"name":"School Books","item":"https:\/\/kedemoseducation.com\/fr\/categorie-de-produit\/manuels-scolaires\/"},{"@type":"ListItem","position":4,"name":"French","item":"https:\/\/kedemoseducation.com\/en\/product-category\/school-books\/french\/"},{"@type":"ListItem","position":5,"name":"Primary school","item":"https:\/\/kedemoseducation.com\/en\/product-category\/school-books\/french\/primary-school\/"},{"@type":"ListItem","position":6,"name":"La Bo\u00eete aux Lettres","item":"https:\/\/kedemoseducation.com\/en\/product-category\/school-books\/french\/primary-school\/la-boite-aux-lettres\/"},{"@type":"ListItem","position":7,"name":"Grade 5","item":"https:\/\/kedemoseducation.com\/en\/product-category\/school-books\/french\/primary-school\/la-boite-aux-lettres\/grade-5-la-boite-aux-lettres\/"},{"@type":"ListItem","position":8,"name":"Grade 5 &#8211; Grammar Workbook"}]},{"@type":"WebSite","@id":"https:\/\/kedemoseducation.com\/fr\/#website","url":"https:\/\/kedemoseducation.com\/fr\/","name":"K\u00e9d\u00e9mos Education","description":"Le plaisir d'apprendre","publisher":{"@id":"https:\/\/kedemoseducation.com\/fr\/#organization"},"potentialAction":[{"@type":"SearchAction","target":{"@type":"EntryPoint","urlTemplate":"https:\/\/kedemoseducation.com\/fr\/?s={search_term_string}"},"query-input":{"@type":"PropertyValueSpecification","valueRequired":true,"valueName":"search_term_string"}}],"inLanguage":"fr-FR"},{"@type":"Organization","@id":"https:\/\/kedemoseducation.com\/fr\/#organization","name":"K\u00e9d\u00e9mos Education","url":"https:\/\/kedemoseducation.com\/fr\/","logo":{"@type":"ImageObject","inLanguage":"fr-FR","@id":"https:\/\/kedemoseducation.com\/fr\/#\/schema\/logo\/image\/","url":"https:\/\/kedemoseducation.com\/wp-content\/uploads\/2023\/06\/logo-kedemos-education.png","contentUrl":"https:\/\/kedemoseducation.com\/wp-content\/uploads\/2023\/06\/logo-kedemos-education.png","width":2362,"height":903,"caption":"Kedemos Education"},"image":{"@id":"https:\/\/kedemoseducation.com\/fr\/#\/schema\/logo\/image\/"},"sameAs":["https:\/\/www.facebook.com\/Kedemoseducation","https:\/\/www.instagram.com\/kedemoseducation\/","https:\/\/www.linkedin.com\/company\/kedemos-education\/"]}]}},"jetpack_sharing_enabled":true,"_links":{"self":[{"href":"https:\/\/kedemoseducation.com\/fr\/wp-json\/wp\/v2\/product\/334","targetHints":{"allow":["GET"]}}],"collection":[{"href":"https:\/\/kedemoseducation.com\/fr\/wp-json\/wp\/v2\/product"}],"about":[{"href":"https:\/\/kedemoseducation.com\/fr\/wp-json\/wp\/v2\/types\/product"}],"replies":[{"embeddable":true,"href":"https:\/\/kedemoseducation.com\/fr\/wp-json\/wp\/v2\/comments?post=334"}],"wp:featuredmedia":[{"embeddable":true,"href":"https:\/\/kedemoseducation.com\/fr\/wp-json\/wp\/v2\/media\/7292"}],"wp:attachment":[{"href":"https:\/\/kedemoseducation.com\/fr\/wp-json\/wp\/v2\/media?parent=334"}],"wp:term":[{"taxonomy":"product_brand","embeddable":true,"href":"https:\/\/kedemoseducation.com\/fr\/wp-json\/wp\/v2\/product_brand?post=334"},{"taxonomy":"product_cat","embeddable":true,"href":"https:\/\/kedemoseducation.com\/fr\/wp-json\/wp\/v2\/product_cat?post=334"},{"taxonomy":"product_tag","embeddable":true,"href":"https:\/\/kedemoseducation.com\/fr\/wp-json\/wp\/v2\/product_tag?post=334"}],"curies":[{"name":"wp","href":"https:\/\/api.w.org\/{rel}","templated":true}]}}