{"id":326,"date":"2022-05-05T06:19:17","date_gmt":"2022-05-05T06:19:17","guid":{"rendered":"https:\/\/eshop.classperts.com\/?post_type=product&#038;p=326"},"modified":"2026-02-12T14:41:19","modified_gmt":"2026-02-12T12:41:19","slug":"grade-3-expression-workbook-bal","status":"publish","type":"product","link":"https:\/\/kedemoseducation.com\/fr\/product\/ce2-eb3-cahier-dexpression-bal\/","title":{"rendered":"CE2 \/ EB3 - Cahier d'Expression"},"content":{"rendered":"<h1><strong>CE2 \/ EB3 Cahier d\u2019expression - La Bo\u00eete aux Lettres<\/strong><\/h1>\n<h2><b>Pr\u00e9sentation de la m\u00e9thode du CE2 \/ EB3<\/b><\/h2>\n<p><span style=\"font-weight: 400;\">Ce cahier d\u2019expression de la classe de CE2 \/ EB3 fait partie de la collection La Bo\u00eete aux Lettres.\u00a0<\/span><\/p>\n<p>La Bo\u00eete aux Lettres pour la classe de CE2 \/ EB3 est une m\u00e9thode compl\u00e8te d'apprentissage du fran\u00e7ais. Elle prolonge nos m\u00e9thodes des classes pr\u00e9c\u00e9dentes. Ainsi, l\u2019esprit, les contenus et les pratiques p\u00e9dagogiques y sont repris et \u00e9largis. Nos m\u00e9thodes mettent l'accent sur l'expression orale. En effet, l\u2019oral est la base pour am\u00e9liorer la qualit\u00e9 de la lecture et les performances en production \u00e9crite.<\/p>\n<p><span style=\"font-weight: 400;\">La collection La Bo\u00eete aux Lettres pour la classe de CE2 \/ EB3 repose sur les principes m\u00e9thodologiques suivants :<\/span><\/p>\n<ul>\n<li style=\"font-weight: 400;\" aria-level=\"1\"><span style=\"font-weight: 400;\">Priorit\u00e9 accord\u00e9e \u00e0 la communication orale.<\/span><\/li>\n<li style=\"font-weight: 400;\" aria-level=\"1\"><span style=\"font-weight: 400;\">Projets de classe pour favoriser le travail en groupe, l'interdisciplinarit\u00e9, l\u2019ouverture culturelle et la r\u00e9alisation d'activit\u00e9s communes.<\/span><\/li>\n<li style=\"font-weight: 400;\" aria-level=\"1\"><span style=\"font-weight: 400;\">Textes de lecture narratifs courts, int\u00e9ressants et illustr\u00e9s.<\/span><\/li>\n<li style=\"font-weight: 400;\" aria-level=\"1\"><span style=\"font-weight: 400;\">Perfectionnement des comp\u00e9tences en lecture.<\/span><\/li>\n<li style=\"font-weight: 400;\" aria-level=\"1\"><span style=\"font-weight: 400;\">Initiation \u00e0 l'organisation interne des textes.<\/span><\/li>\n<li style=\"font-weight: 400;\" aria-level=\"1\"><span style=\"font-weight: 400;\">Pr\u00e9sentation de textes injonctifs-prescriptifs et informatifs.<\/span><\/li>\n<li style=\"font-weight: 400;\" aria-level=\"1\"><span style=\"font-weight: 400;\">Des supports iconographiques en marge des textes pour pr\u00e9senter les mots difficiles.\u00a0<\/span><\/li>\n<li style=\"font-weight: 400;\" aria-level=\"1\"><span style=\"font-weight: 400;\">Insistance sur l\u2019enrichissement lexical \u00e0 travers des activit\u00e9s vari\u00e9es dans chaque unit\u00e9.<\/span><\/li>\n<\/ul>\n<p><span style=\"font-weight: 400;\">La Bo\u00eete aux Lettres pour la classe de CE2 \/ EB3 est compos\u00e9e des quatre volets suivants : un <a href=\"https:\/\/kedemoseducation.com\/fr\/produit\/grade-3-reading-textbook-bal\/\">livre de lecture<\/a>, un cahier d'expression, un <a href=\"https:\/\/kedemoseducation.com\/fr\/produit\/grade-3-grammar-workbook-bal\/\">fichier de grammaire<\/a><span> et un <\/span> <a href=\"https:\/\/kedemoseducation.com\/fr\/produit\/grade-3-writing-copybook-bal\/\">cahier d'\u00e9criture<\/span><\/a>.\u00a0<\/span><\/p>\n<h3><b>Cahier d\u2019expression<\/b><\/h3>\n<p><span style=\"font-weight: 400;\">Ce cahier d\u2019expression pour la classe de CE2 \/ EB3 prolonge le livre de lecture. Il est compos\u00e9 de 20 unit\u00e9s et comprend 6 projets de classe. Il propose des exercices portant sur :<\/span><\/p>\n<ul>\n<li style=\"font-weight: 400;\" aria-level=\"1\"><span style=\"font-weight: 400;\">La compr\u00e9hension \u00e9crite.\u00a0<\/span><\/li>\n<li style=\"font-weight: 400;\" aria-level=\"1\"><span style=\"font-weight: 400;\">L\u2019expression orale.\u00a0<\/span><\/li>\n<li style=\"font-weight: 400;\" aria-level=\"1\"><span style=\"font-weight: 400;\">La phon\u00e9tique.\u00a0<\/span><\/li>\n<li style=\"font-weight: 400;\" aria-level=\"1\"><span style=\"font-weight: 400;\">Le vocabulaire.\u00a0<\/span><\/li>\n<li style=\"font-weight: 400;\" aria-level=\"1\"><span style=\"font-weight: 400;\">La production \u00e9crite : r\u00e9daction de r\u00e9ponses, travail sur la phras\u00e9ologie et composition de paragraphes structur\u00e9s.<\/span><\/li>\n<\/ul>\n<p><span style=\"font-weight: 400;\">Enfin, ce cahier propose des fiches d'\u00e9valuation en expression orale, en vocabulaire, en phon\u00e9tique et en lecture.<\/span><\/p>","protected":false},"excerpt":{"rendered":"<p>Ce cahier d\u2019expression propose des exercices de compr\u00e9hension et de production \u00e9crites, de langage, de phon\u00e9tique et de vocabulaire, ainsi que des fiches d\u2019\u00e9valuation et 6 projets de classe.<\/p>\n<p>Il accompagne le livre de lecture du CE2 \/ EB3. Pour acc\u00e9der \u00e0 la collection compl\u00e8te de La Bo\u00eete aux Lettres pour le CE2 \/ EB3, veuillez cliquer <a href=\"https:\/\/kedemoseducation.com\/fr\/product-category\/school-books\/french\/primary-school\/la-boite-aux-lettres\/grade-3-la-boite-aux-lettres\/\">ici<\/a>.<\/p>","protected":false},"featured_media":7284,"comment_status":"closed","ping_status":"closed","template":"","meta":{"_monsterinsights_skip_tracking":false,"_monsterinsights_sitenote_active":false,"_monsterinsights_sitenote_note":"","_monsterinsights_sitenote_category":0},"product_brand":[],"product_cat":[17,32,16,36],"product_tag":[64,71,75,101,102],"class_list":{"0":"post-326","1":"product","2":"type-product","3":"status-publish","4":"has-post-thumbnail","6":"product_cat-french","7":"product_cat-la-boite-aux-lettres","8":"product_cat-school-books","9":"product_cat-grade-3-la-boite-aux-lettres","10":"product_tag-primaire","11":"product_tag-grade-3","12":"product_tag-la-boite-aux-lettres","13":"product_tag-cahier-dexpression","14":"product_tag-expression","15":"pa_grade-grade-3","17":"first","18":"instock","19":"shipping-taxable","20":"purchasable","21":"product-type-simple"},"yoast_head":"<!-- This site is optimized with the Yoast SEO plugin v26.4 - https:\/\/yoast.com\/wordpress\/plugins\/seo\/ -->\r\n<title>Grade 3 Expression Workbook - Kedemos Education<\/title>\r\n<meta name=\"description\" content=\"This Grade 3 expression workbook provides exercises for written comprehension, oral expression, phonics, vocabulary, and writing skills development..\" \/>\r\n<meta name=\"robots\" content=\"index, follow, max-snippet:-1, max-image-preview:large, max-video-preview:-1\" \/>\r\n<link rel=\"canonical\" href=\"https:\/\/kedemoseducation.com\/fr\/product\/ce2-eb3-cahier-dexpression-bal\/\" \/>\r\n<meta property=\"og:locale\" content=\"fr_FR\" \/>\r\n<meta property=\"og:type\" content=\"article\" \/>\r\n<meta property=\"og:title\" content=\"Grade 3 Expression Workbook - Kedemos Education\" \/>\r\n<meta property=\"og:description\" content=\"This Grade 3 expression workbook provides exercises for written comprehension, oral expression, phonics, vocabulary, and writing skills development..\" \/>\r\n<meta property=\"og:url\" content=\"https:\/\/kedemoseducation.com\/fr\/product\/ce2-eb3-cahier-dexpression-bal\/\" \/>\r\n<meta property=\"og:site_name\" content=\"Kedemos Education\" \/>\r\n<meta property=\"article:publisher\" content=\"https:\/\/www.facebook.com\/Kedemoseducation\" \/>\r\n<meta property=\"article:modified_time\" content=\"2026-02-12T12:41:19+00:00\" \/>\r\n<meta property=\"og:image\" content=\"https:\/\/kedemoseducation.com\/wp-content\/uploads\/2022\/05\/Expression-EB3-BAL-1.jpg\" \/>\r\n\t<meta property=\"og:image:width\" content=\"600\" \/>\r\n\t<meta property=\"og:image:height\" content=\"800\" \/>\r\n\t<meta property=\"og:image:type\" content=\"image\/jpeg\" \/>\r\n<meta name=\"twitter:card\" content=\"summary_large_image\" \/>\r\n<meta name=\"twitter:label1\" content=\"Dur\u00e9e de lecture estim\u00e9e\" \/>\n\t<meta name=\"twitter:data1\" content=\"2 minutes\" \/>\r\n<script type=\"application\/ld+json\" class=\"yoast-schema-graph\">{\"@context\":\"https:\/\/schema.org\",\"@graph\":[{\"@type\":\"WebPage\",\"@id\":\"https:\/\/kedemoseducation.com\/product\/grade-3-expression-workbook-bal\/\",\"url\":\"https:\/\/kedemoseducation.com\/product\/grade-3-expression-workbook-bal\/\",\"name\":\"Grade 3 Expression Workbook - Kedemos Education\",\"isPartOf\":{\"@id\":\"https:\/\/kedemoseducation.com\/fr\/#website\"},\"primaryImageOfPage\":{\"@id\":\"https:\/\/kedemoseducation.com\/product\/grade-3-expression-workbook-bal\/#primaryimage\"},\"image\":{\"@id\":\"https:\/\/kedemoseducation.com\/product\/grade-3-expression-workbook-bal\/#primaryimage\"},\"thumbnailUrl\":\"https:\/\/i0.wp.com\/kedemoseducation.com\/wp-content\/uploads\/2022\/05\/Expression-EB3-BAL-1.jpg?fit=600%2C800&ssl=1\",\"datePublished\":\"2022-05-05T06:19:17+00:00\",\"dateModified\":\"2026-02-12T12:41:19+00:00\",\"description\":\"This Grade 3 expression workbook provides exercises for written comprehension, oral expression, phonics, vocabulary, and writing skills development..\",\"breadcrumb\":{\"@id\":\"https:\/\/kedemoseducation.com\/product\/grade-3-expression-workbook-bal\/#breadcrumb\"},\"inLanguage\":\"fr-FR\",\"potentialAction\":[{\"@type\":\"ReadAction\",\"target\":[\"https:\/\/kedemoseducation.com\/product\/grade-3-expression-workbook-bal\/\"]}]},{\"@type\":\"ImageObject\",\"inLanguage\":\"fr-FR\",\"@id\":\"https:\/\/kedemoseducation.com\/product\/grade-3-expression-workbook-bal\/#primaryimage\",\"url\":\"https:\/\/i0.wp.com\/kedemoseducation.com\/wp-content\/uploads\/2022\/05\/Expression-EB3-BAL-1.jpg?fit=600%2C800&ssl=1\",\"contentUrl\":\"https:\/\/i0.wp.com\/kedemoseducation.com\/wp-content\/uploads\/2022\/05\/Expression-EB3-BAL-1.jpg?fit=600%2C800&ssl=1\",\"width\":600,\"height\":800,\"caption\":\"Cahier d\u2019Expression CE2 \/ EB3 - La Bo\u00eete aux Lettres Grade 3 Expression Workbook\"},{\"@type\":\"BreadcrumbList\",\"@id\":\"https:\/\/kedemoseducation.com\/product\/grade-3-expression-workbook-bal\/#breadcrumb\",\"itemListElement\":[{\"@type\":\"ListItem\",\"position\":1,\"name\":\"Home\",\"item\":\"https:\/\/kedemoseducation.com\/\"},{\"@type\":\"ListItem\",\"position\":2,\"name\":\"All Products\",\"item\":\"https:\/\/kedemoseducation.com\/fr\/shop-2\/tous-les-produits\/\"},{\"@type\":\"ListItem\",\"position\":3,\"name\":\"School Books\",\"item\":\"https:\/\/kedemoseducation.com\/fr\/categorie-de-produit\/manuels-scolaires\/\"},{\"@type\":\"ListItem\",\"position\":4,\"name\":\"Grade 3 &#8211; Expression Workbook\"}]},{\"@type\":\"WebSite\",\"@id\":\"https:\/\/kedemoseducation.com\/fr\/#website\",\"url\":\"https:\/\/kedemoseducation.com\/fr\/\",\"name\":\"Kedemos Education\",\"description\":\"The Pleasure of Learning\",\"publisher\":{\"@id\":\"https:\/\/kedemoseducation.com\/fr\/#organization\"},\"potentialAction\":[{\"@type\":\"SearchAction\",\"target\":{\"@type\":\"EntryPoint\",\"urlTemplate\":\"https:\/\/kedemoseducation.com\/fr\/?s={search_term_string}\"},\"query-input\":{\"@type\":\"PropertyValueSpecification\",\"valueRequired\":true,\"valueName\":\"search_term_string\"}}],\"inLanguage\":\"fr-FR\"},{\"@type\":\"Organization\",\"@id\":\"https:\/\/kedemoseducation.com\/fr\/#organization\",\"name\":\"Kedemos Education\",\"url\":\"https:\/\/kedemoseducation.com\/fr\/\",\"logo\":{\"@type\":\"ImageObject\",\"inLanguage\":\"fr-FR\",\"@id\":\"https:\/\/kedemoseducation.com\/fr\/#\/schema\/logo\/image\/\",\"url\":\"https:\/\/kedemoseducation.com\/wp-content\/uploads\/2023\/06\/logo-kedemos-education.png\",\"contentUrl\":\"https:\/\/kedemoseducation.com\/wp-content\/uploads\/2023\/06\/logo-kedemos-education.png\",\"width\":2362,\"height\":903,\"caption\":\"Kedemos Education\"},\"image\":{\"@id\":\"https:\/\/kedemoseducation.com\/fr\/#\/schema\/logo\/image\/\"},\"sameAs\":[\"https:\/\/www.facebook.com\/Kedemoseducation\",\"https:\/\/www.instagram.com\/kedemoseducation\/\",\"https:\/\/www.linkedin.com\/company\/kedemos-education\/\"]}]}<\/script>\r\n<!-- \/ Yoast SEO plugin. -->","yoast_head_json":{"title":"CE2 \/ EB3 Cahier d'Expression - K\u00e9d\u00e9mos Education","description":"Ce cahier d'expression pour le CE2 \/ EB3 propose des exercices de compr\u00e9hension et de production \u00e9crites, de langage, de phon\u00e9tique et de vocabulaire.","robots":{"index":"index","follow":"follow","max-snippet":"max-snippet:-1","max-image-preview":"max-image-preview:large","max-video-preview":"max-video-preview:-1"},"canonical":"https:\/\/kedemoseducation.com\/fr\/product\/ce2-eb3-cahier-dexpression-bal\/","og_locale":"fr_FR","og_type":"article","og_title":"Grade 3 Expression Workbook - Kedemos Education","og_description":"This Grade 3 expression workbook provides exercises for written comprehension, oral expression, phonics, vocabulary, and writing skills development..","og_url":"https:\/\/kedemoseducation.com\/fr\/product\/ce2-eb3-cahier-dexpression-bal\/","og_site_name":"Kedemos Education","article_publisher":"https:\/\/www.facebook.com\/Kedemoseducation","article_modified_time":"2026-02-12T12:41:19+00:00","og_image":[{"width":600,"height":800,"url":"https:\/\/kedemoseducation.com\/wp-content\/uploads\/2022\/05\/Expression-EB3-BAL-1.jpg","type":"image\/jpeg"}],"twitter_card":"summary_large_image","twitter_misc":{"Dur\u00e9e de lecture estim\u00e9e":"2 minutes"},"schema":{"@context":"https:\/\/schema.org","@graph":[{"@type":"WebPage","@id":"https:\/\/kedemoseducation.com\/product\/grade-3-expression-workbook-bal\/","url":"https:\/\/kedemoseducation.com\/product\/grade-3-expression-workbook-bal\/","name":"CE2 \/ EB3 Cahier d'Expression - K\u00e9d\u00e9mos Education","isPartOf":{"@id":"https:\/\/kedemoseducation.com\/fr\/#website"},"primaryImageOfPage":{"@id":"https:\/\/kedemoseducation.com\/product\/grade-3-expression-workbook-bal\/#primaryimage"},"image":{"@id":"https:\/\/kedemoseducation.com\/product\/grade-3-expression-workbook-bal\/#primaryimage"},"thumbnailUrl":"https:\/\/i0.wp.com\/kedemoseducation.com\/wp-content\/uploads\/2022\/05\/Expression-EB3-BAL-1.jpg?fit=600%2C800&ssl=1","datePublished":"2022-05-05T06:19:17+00:00","dateModified":"2026-02-12T12:41:19+00:00","description":"Ce cahier d'expression pour le CE2 \/ EB3 propose des exercices de compr\u00e9hension et de production \u00e9crites, de langage, de phon\u00e9tique et de vocabulaire.","breadcrumb":{"@id":"https:\/\/kedemoseducation.com\/product\/grade-3-expression-workbook-bal\/#breadcrumb"},"inLanguage":"fr-FR","potentialAction":[{"@type":"ReadAction","target":["https:\/\/kedemoseducation.com\/product\/grade-3-expression-workbook-bal\/"]}]},{"@type":"ImageObject","inLanguage":"fr-FR","@id":"https:\/\/kedemoseducation.com\/product\/grade-3-expression-workbook-bal\/#primaryimage","url":"https:\/\/i0.wp.com\/kedemoseducation.com\/wp-content\/uploads\/2022\/05\/Expression-EB3-BAL-1.jpg?fit=600%2C800&ssl=1","contentUrl":"https:\/\/i0.wp.com\/kedemoseducation.com\/wp-content\/uploads\/2022\/05\/Expression-EB3-BAL-1.jpg?fit=600%2C800&ssl=1","width":600,"height":800,"caption":"Cahier d\u2019Expression CE2 \/ EB3 - La Bo\u00eete aux Lettres Grade 3 Expression Workbook"},{"@type":"BreadcrumbList","@id":"https:\/\/kedemoseducation.com\/product\/grade-3-expression-workbook-bal\/#breadcrumb","itemListElement":[{"@type":"ListItem","position":1,"name":"Home","item":"https:\/\/kedemoseducation.com\/"},{"@type":"ListItem","position":2,"name":"All Products","item":"https:\/\/kedemoseducation.com\/fr\/shop-2\/tous-les-produits\/"},{"@type":"ListItem","position":3,"name":"School Books","item":"https:\/\/kedemoseducation.com\/fr\/categorie-de-produit\/manuels-scolaires\/"},{"@type":"ListItem","position":4,"name":"Grade 3 &#8211; Expression Workbook"}]},{"@type":"WebSite","@id":"https:\/\/kedemoseducation.com\/fr\/#website","url":"https:\/\/kedemoseducation.com\/fr\/","name":"K\u00e9d\u00e9mos Education","description":"Le plaisir d'apprendre","publisher":{"@id":"https:\/\/kedemoseducation.com\/fr\/#organization"},"potentialAction":[{"@type":"SearchAction","target":{"@type":"EntryPoint","urlTemplate":"https:\/\/kedemoseducation.com\/fr\/?s={search_term_string}"},"query-input":{"@type":"PropertyValueSpecification","valueRequired":true,"valueName":"search_term_string"}}],"inLanguage":"fr-FR"},{"@type":"Organization","@id":"https:\/\/kedemoseducation.com\/fr\/#organization","name":"K\u00e9d\u00e9mos Education","url":"https:\/\/kedemoseducation.com\/fr\/","logo":{"@type":"ImageObject","inLanguage":"fr-FR","@id":"https:\/\/kedemoseducation.com\/fr\/#\/schema\/logo\/image\/","url":"https:\/\/kedemoseducation.com\/wp-content\/uploads\/2023\/06\/logo-kedemos-education.png","contentUrl":"https:\/\/kedemoseducation.com\/wp-content\/uploads\/2023\/06\/logo-kedemos-education.png","width":2362,"height":903,"caption":"Kedemos Education"},"image":{"@id":"https:\/\/kedemoseducation.com\/fr\/#\/schema\/logo\/image\/"},"sameAs":["https:\/\/www.facebook.com\/Kedemoseducation","https:\/\/www.instagram.com\/kedemoseducation\/","https:\/\/www.linkedin.com\/company\/kedemos-education\/"]}]}},"jetpack_sharing_enabled":true,"_links":{"self":[{"href":"https:\/\/kedemoseducation.com\/fr\/wp-json\/wp\/v2\/product\/326","targetHints":{"allow":["GET"]}}],"collection":[{"href":"https:\/\/kedemoseducation.com\/fr\/wp-json\/wp\/v2\/product"}],"about":[{"href":"https:\/\/kedemoseducation.com\/fr\/wp-json\/wp\/v2\/types\/product"}],"replies":[{"embeddable":true,"href":"https:\/\/kedemoseducation.com\/fr\/wp-json\/wp\/v2\/comments?post=326"}],"wp:featuredmedia":[{"embeddable":true,"href":"https:\/\/kedemoseducation.com\/fr\/wp-json\/wp\/v2\/media\/7284"}],"wp:attachment":[{"href":"https:\/\/kedemoseducation.com\/fr\/wp-json\/wp\/v2\/media?parent=326"}],"wp:term":[{"taxonomy":"product_brand","embeddable":true,"href":"https:\/\/kedemoseducation.com\/fr\/wp-json\/wp\/v2\/product_brand?post=326"},{"taxonomy":"product_cat","embeddable":true,"href":"https:\/\/kedemoseducation.com\/fr\/wp-json\/wp\/v2\/product_cat?post=326"},{"taxonomy":"product_tag","embeddable":true,"href":"https:\/\/kedemoseducation.com\/fr\/wp-json\/wp\/v2\/product_tag?post=326"}],"curies":[{"name":"wp","href":"https:\/\/api.w.org\/{rel}","templated":true}]}}