{"id":292,"date":"2022-05-05T06:18:10","date_gmt":"2022-05-05T03:18:10","guid":{"rendered":"https:\/\/eshop.classperts.com\/?post_type=product&#038;p=292"},"modified":"2026-02-06T14:13:07","modified_gmt":"2026-02-06T12:13:07","slug":"kg3-math-book","status":"publish","type":"product","link":"https:\/\/kedemoseducation.com\/fr\/product\/grande-section-livres-de-maths-bac\/","title":{"rendered":"Grande Section - Livres de Maths \u2013 La Bo\u00eete aux Chiffres"},"content":{"rendered":"<h1><strong>Grande Section Maths - La Bo\u00eete aux Chiffres<\/strong><\/h1>\n<h2><b>Pr\u00e9sentation de la M\u00e9thode de la Grande Section<\/b><\/h2>\n<p><span style=\"font-weight: 400;\">Ce livre de math\u00e9matiques et de d\u00e9couverte du monde est destin\u00e9 aux \u00e9l\u00e8ves de la Grande Section. La collection \u00ab La Bo\u00eete aux Chiffres \u00bb compl\u00e8te et prolonge la collection \u00ab La Bo\u00eete aux Lettres \u00bb pour l\u2019apprentissage du fran\u00e7ais comme premi\u00e8re langue en <a href=\"https:\/\/kedemoseducation.com\/fr\/product-category\/school-books\/french\/kindergarten\/la-boite-aux-lettres-kindergarten\/\">Grande Section<\/a>.<\/span><\/p>\n<p><span style=\"font-weight: 400;\">Ce livre prolonge les apprentissages des <a href=\"https:\/\/kedemoseducation.com\/fr\/produit\/petite-section-aec\/\">Petite Section<\/a> et <a href=\"https:\/\/kedemoseducation.com\/fr\/produit\/moyenne-section-aec\/\">Moyenne Section<\/a>. Il reprend l\u2019\u00e9tude des concepts fondamentaux, la conception g\u00e9n\u00e9rale ainsi que la pr\u00e9sentation des fiches p\u00e9dagogiques.<\/span><\/p>\n<p><span style=\"font-weight: 400;\">L'ambition de cet ouvrage est de faire assimiler les notions fondamentales : apprendre \u00e0 observer, reconna\u00eetre, discerner, localiser, comparer, classer, compter et calculer.<\/span><\/p>\n<p><b>Livre de maths GS<\/b><\/p>\n<p><span style=\"font-weight: 400;\">Chacune des pages de maths du pr\u00e9sent manuel de GS comprend :<\/span><\/p>\n<ul>\n<li style=\"font-weight: 400;\" aria-level=\"1\"><span style=\"font-weight: 400;\">Dans l'encadr\u00e9 du haut, la pr\u00e9sentation d'un fait,pouvant correspondre \u00e0 une premi\u00e8re approche ou \u00e0 la r\u00e9vision d\u2019une acquisition ant\u00e9rieure.<\/span><\/li>\n<li style=\"font-weight: 400;\" aria-level=\"1\"><span style=\"font-weight: 400;\">Des exercices \u00e0 difficult\u00e9 progressive.<\/span><\/li>\n<li style=\"font-weight: 400;\" aria-level=\"1\"><span style=\"font-weight: 400;\">Au bas de la page, un algorithme ou une frise \u00e0 compl\u00e9ter.<\/span><\/li>\n<\/ul>\n<p><span style=\"font-weight: 400;\">Les pages d'\u00e9veil scientifique comprennent une premi\u00e8re partie intitul\u00e9e \u00ab Je d\u00e9couvre \u00bb, suivie d\u2019un ou de deux exercices regroup\u00e9s sous la rubrique \u00ab Maintenant, je sais \u00bb.<\/span><\/p>","protected":false},"excerpt":{"rendered":"<p>Le manuel de maths La Bo\u00eete aux Chiffres pour la Grande Section constitue une suite naturelle des acquis de la <a href=\"https:\/\/kedemoseducation.com\/fr\/produit\/moyenne-section-aec\/\">Moyenne Section<\/a>.<\/p>\n<p>Vous y trouverez une progression rigoureuse dans l'acquisition des concepts math\u00e9matiques, ainsi que des fiches d'\u00e9veil scientifique et de d\u00e9couverte du monde.<\/p>","protected":false},"featured_media":7245,"comment_status":"closed","ping_status":"closed","template":"","meta":{"_monsterinsights_skip_tracking":false,"_monsterinsights_sitenote_active":false,"_monsterinsights_sitenote_note":"","_monsterinsights_sitenote_category":0},"product_brand":[],"product_cat":[393,33,130,16,126,330],"product_tag":[56,75,79,80,81,128,129,179],"class_list":{"0":"post-292","1":"product","2":"type-product","3":"status-publish","4":"has-post-thumbnail","6":"product_cat-la-boite-aux-chiffres","7":"product_cat-kg3-la-boite-aux-lettres","8":"product_cat-french-math-books","9":"product_cat-school-books","10":"product_cat-math","11":"product_cat-la-boite-aux-lettres-kindergarten","12":"product_tag-maternelle","13":"product_tag-la-boite-aux-lettres","14":"product_tag-grande-section","15":"product_tag-kg3","16":"product_tag-gs","17":"product_tag-maths","18":"product_tag-prescolaire","19":"product_tag-la-boite-aux-chiffres","20":"pa_grade-kg3","22":"first","23":"instock","24":"shipping-taxable","25":"purchasable","26":"product-type-simple"},"yoast_head":"<!-- This site is optimized with the Yoast SEO plugin v26.4 - https:\/\/yoast.com\/wordpress\/plugins\/seo\/ -->\r\n<title>KG3 - Math Book - La Bo\u00eete aux Chiffres - Kedemos Education<\/title>\r\n<meta name=\"description\" content=\"KG3 math book provides a rigorous and structured progression in the acquisition of mathematical concepts, along with worksheets that promote world discovery.\" \/>\r\n<meta name=\"robots\" content=\"index, follow, max-snippet:-1, max-image-preview:large, max-video-preview:-1\" \/>\r\n<link rel=\"canonical\" href=\"https:\/\/kedemoseducation.com\/fr\/product\/grande-section-livres-de-maths-bac\/\" \/>\r\n<meta property=\"og:locale\" content=\"fr_FR\" \/>\r\n<meta property=\"og:type\" content=\"article\" \/>\r\n<meta property=\"og:title\" content=\"KG3 - Math Book - La Bo\u00eete aux Chiffres - Kedemos Education\" \/>\r\n<meta property=\"og:description\" content=\"KG3 math book provides a rigorous and structured progression in the acquisition of mathematical concepts, along with worksheets that promote world discovery.\" \/>\r\n<meta property=\"og:url\" content=\"https:\/\/kedemoseducation.com\/fr\/product\/grande-section-livres-de-maths-bac\/\" \/>\r\n<meta property=\"og:site_name\" content=\"Kedemos Education\" \/>\r\n<meta property=\"article:publisher\" content=\"https:\/\/www.facebook.com\/Kedemoseducation\" \/>\r\n<meta property=\"article:modified_time\" content=\"2026-02-06T12:13:07+00:00\" \/>\r\n<meta property=\"og:image\" content=\"https:\/\/kedemoseducation.com\/wp-content\/uploads\/2022\/05\/BOC-1.jpg\" \/>\r\n\t<meta property=\"og:image:width\" content=\"600\" \/>\r\n\t<meta property=\"og:image:height\" content=\"800\" \/>\r\n\t<meta property=\"og:image:type\" content=\"image\/jpeg\" \/>\r\n<meta name=\"twitter:card\" content=\"summary_large_image\" \/>\r\n<meta name=\"twitter:label1\" content=\"Dur\u00e9e de lecture estim\u00e9e\" \/>\n\t<meta name=\"twitter:data1\" content=\"2 minutes\" \/>\r\n<script type=\"application\/ld+json\" class=\"yoast-schema-graph\">{\"@context\":\"https:\/\/schema.org\",\"@graph\":[{\"@type\":\"WebPage\",\"@id\":\"https:\/\/kedemoseducation.com\/product\/kg3-math-book\/\",\"url\":\"https:\/\/kedemoseducation.com\/product\/kg3-math-book\/\",\"name\":\"KG3 - Math Book - La Bo\u00eete aux Chiffres - Kedemos Education\",\"isPartOf\":{\"@id\":\"https:\/\/kedemoseducation.com\/fr\/#website\"},\"primaryImageOfPage\":{\"@id\":\"https:\/\/kedemoseducation.com\/product\/kg3-math-book\/#primaryimage\"},\"image\":{\"@id\":\"https:\/\/kedemoseducation.com\/product\/kg3-math-book\/#primaryimage\"},\"thumbnailUrl\":\"https:\/\/i0.wp.com\/kedemoseducation.com\/wp-content\/uploads\/2022\/05\/BOC-1.jpg?fit=600%2C800&ssl=1\",\"datePublished\":\"2022-05-05T03:18:10+00:00\",\"dateModified\":\"2026-02-06T12:13:07+00:00\",\"description\":\"KG3 math book provides a rigorous and structured progression in the acquisition of mathematical concepts, along with worksheets that promote world discovery.\",\"breadcrumb\":{\"@id\":\"https:\/\/kedemoseducation.com\/product\/kg3-math-book\/#breadcrumb\"},\"inLanguage\":\"fr-FR\",\"potentialAction\":[{\"@type\":\"ReadAction\",\"target\":[\"https:\/\/kedemoseducation.com\/product\/kg3-math-book\/\"]}]},{\"@type\":\"ImageObject\",\"inLanguage\":\"fr-FR\",\"@id\":\"https:\/\/kedemoseducation.com\/product\/kg3-math-book\/#primaryimage\",\"url\":\"https:\/\/i0.wp.com\/kedemoseducation.com\/wp-content\/uploads\/2022\/05\/BOC-1.jpg?fit=600%2C800&ssl=1\",\"contentUrl\":\"https:\/\/i0.wp.com\/kedemoseducation.com\/wp-content\/uploads\/2022\/05\/BOC-1.jpg?fit=600%2C800&ssl=1\",\"width\":600,\"height\":800,\"caption\":\"KG3 Math Book\"},{\"@type\":\"BreadcrumbList\",\"@id\":\"https:\/\/kedemoseducation.com\/product\/kg3-math-book\/#breadcrumb\",\"itemListElement\":[{\"@type\":\"ListItem\",\"position\":1,\"name\":\"Home\",\"item\":\"https:\/\/kedemoseducation.com\/\"},{\"@type\":\"ListItem\",\"position\":2,\"name\":\"All Products\",\"item\":\"https:\/\/kedemoseducation.com\/fr\/shop-2\/tous-les-produits\/\"},{\"@type\":\"ListItem\",\"position\":3,\"name\":\"School Books\",\"item\":\"https:\/\/kedemoseducation.com\/fr\/categorie-de-produit\/manuels-scolaires\/\"},{\"@type\":\"ListItem\",\"position\":4,\"name\":\"KG3 &#8211; Math Book &#8211; La Bo\u00eete aux Chiffres\"}]},{\"@type\":\"WebSite\",\"@id\":\"https:\/\/kedemoseducation.com\/fr\/#website\",\"url\":\"https:\/\/kedemoseducation.com\/fr\/\",\"name\":\"Kedemos Education\",\"description\":\"The Pleasure of Learning\",\"publisher\":{\"@id\":\"https:\/\/kedemoseducation.com\/fr\/#organization\"},\"potentialAction\":[{\"@type\":\"SearchAction\",\"target\":{\"@type\":\"EntryPoint\",\"urlTemplate\":\"https:\/\/kedemoseducation.com\/fr\/?s={search_term_string}\"},\"query-input\":{\"@type\":\"PropertyValueSpecification\",\"valueRequired\":true,\"valueName\":\"search_term_string\"}}],\"inLanguage\":\"fr-FR\"},{\"@type\":\"Organization\",\"@id\":\"https:\/\/kedemoseducation.com\/fr\/#organization\",\"name\":\"Kedemos Education\",\"url\":\"https:\/\/kedemoseducation.com\/fr\/\",\"logo\":{\"@type\":\"ImageObject\",\"inLanguage\":\"fr-FR\",\"@id\":\"https:\/\/kedemoseducation.com\/fr\/#\/schema\/logo\/image\/\",\"url\":\"https:\/\/kedemoseducation.com\/wp-content\/uploads\/2023\/06\/logo-kedemos-education.png\",\"contentUrl\":\"https:\/\/kedemoseducation.com\/wp-content\/uploads\/2023\/06\/logo-kedemos-education.png\",\"width\":2362,\"height\":903,\"caption\":\"Kedemos Education\"},\"image\":{\"@id\":\"https:\/\/kedemoseducation.com\/fr\/#\/schema\/logo\/image\/\"},\"sameAs\":[\"https:\/\/www.facebook.com\/Kedemoseducation\",\"https:\/\/www.instagram.com\/kedemoseducation\/\",\"https:\/\/www.linkedin.com\/company\/kedemos-education\/\"]}]}<\/script>\r\n<!-- \/ Yoast SEO plugin. -->","yoast_head_json":{"title":"Grande Section - Livres de Maths \u2013 La Bo\u00eete aux Chiffres - K\u00e9d\u00e9mos Education","description":"Vous y trouverez une progression rigoureuse dans l'acquisition des concepts math\u00e9matiques, ainsi que des fiches d'\u00e9veil scientifique et de d\u00e9couverte du monde.","robots":{"index":"index","follow":"follow","max-snippet":"max-snippet:-1","max-image-preview":"max-image-preview:large","max-video-preview":"max-video-preview:-1"},"canonical":"https:\/\/kedemoseducation.com\/fr\/product\/grande-section-livres-de-maths-bac\/","og_locale":"fr_FR","og_type":"article","og_title":"KG3 - Math Book - La Bo\u00eete aux Chiffres - Kedemos Education","og_description":"KG3 math book provides a rigorous and structured progression in the acquisition of mathematical concepts, along with worksheets that promote world discovery.","og_url":"https:\/\/kedemoseducation.com\/fr\/product\/grande-section-livres-de-maths-bac\/","og_site_name":"Kedemos Education","article_publisher":"https:\/\/www.facebook.com\/Kedemoseducation","article_modified_time":"2026-02-06T12:13:07+00:00","og_image":[{"width":600,"height":800,"url":"https:\/\/kedemoseducation.com\/wp-content\/uploads\/2022\/05\/BOC-1.jpg","type":"image\/jpeg"}],"twitter_card":"summary_large_image","twitter_misc":{"Dur\u00e9e de lecture estim\u00e9e":"2 minutes"},"schema":{"@context":"https:\/\/schema.org","@graph":[{"@type":"WebPage","@id":"https:\/\/kedemoseducation.com\/product\/kg3-math-book\/","url":"https:\/\/kedemoseducation.com\/product\/kg3-math-book\/","name":"Grande Section - Livres de Maths \u2013 La Bo\u00eete aux Chiffres - K\u00e9d\u00e9mos Education","isPartOf":{"@id":"https:\/\/kedemoseducation.com\/fr\/#website"},"primaryImageOfPage":{"@id":"https:\/\/kedemoseducation.com\/product\/kg3-math-book\/#primaryimage"},"image":{"@id":"https:\/\/kedemoseducation.com\/product\/kg3-math-book\/#primaryimage"},"thumbnailUrl":"https:\/\/i0.wp.com\/kedemoseducation.com\/wp-content\/uploads\/2022\/05\/BOC-1.jpg?fit=600%2C800&ssl=1","datePublished":"2022-05-05T03:18:10+00:00","dateModified":"2026-02-06T12:13:07+00:00","description":"Vous y trouverez une progression rigoureuse dans l'acquisition des concepts math\u00e9matiques, ainsi que des fiches d'\u00e9veil scientifique et de d\u00e9couverte du monde.","breadcrumb":{"@id":"https:\/\/kedemoseducation.com\/product\/kg3-math-book\/#breadcrumb"},"inLanguage":"fr-FR","potentialAction":[{"@type":"ReadAction","target":["https:\/\/kedemoseducation.com\/product\/kg3-math-book\/"]}]},{"@type":"ImageObject","inLanguage":"fr-FR","@id":"https:\/\/kedemoseducation.com\/product\/kg3-math-book\/#primaryimage","url":"https:\/\/i0.wp.com\/kedemoseducation.com\/wp-content\/uploads\/2022\/05\/BOC-1.jpg?fit=600%2C800&ssl=1","contentUrl":"https:\/\/i0.wp.com\/kedemoseducation.com\/wp-content\/uploads\/2022\/05\/BOC-1.jpg?fit=600%2C800&ssl=1","width":600,"height":800,"caption":"KG3 Math Book"},{"@type":"BreadcrumbList","@id":"https:\/\/kedemoseducation.com\/product\/kg3-math-book\/#breadcrumb","itemListElement":[{"@type":"ListItem","position":1,"name":"Home","item":"https:\/\/kedemoseducation.com\/"},{"@type":"ListItem","position":2,"name":"All Products","item":"https:\/\/kedemoseducation.com\/fr\/shop-2\/tous-les-produits\/"},{"@type":"ListItem","position":3,"name":"School Books","item":"https:\/\/kedemoseducation.com\/fr\/categorie-de-produit\/manuels-scolaires\/"},{"@type":"ListItem","position":4,"name":"KG3 &#8211; Math Book &#8211; La Bo\u00eete aux Chiffres"}]},{"@type":"WebSite","@id":"https:\/\/kedemoseducation.com\/fr\/#website","url":"https:\/\/kedemoseducation.com\/fr\/","name":"K\u00e9d\u00e9mos Education","description":"Le plaisir d'apprendre","publisher":{"@id":"https:\/\/kedemoseducation.com\/fr\/#organization"},"potentialAction":[{"@type":"SearchAction","target":{"@type":"EntryPoint","urlTemplate":"https:\/\/kedemoseducation.com\/fr\/?s={search_term_string}"},"query-input":{"@type":"PropertyValueSpecification","valueRequired":true,"valueName":"search_term_string"}}],"inLanguage":"fr-FR"},{"@type":"Organization","@id":"https:\/\/kedemoseducation.com\/fr\/#organization","name":"K\u00e9d\u00e9mos Education","url":"https:\/\/kedemoseducation.com\/fr\/","logo":{"@type":"ImageObject","inLanguage":"fr-FR","@id":"https:\/\/kedemoseducation.com\/fr\/#\/schema\/logo\/image\/","url":"https:\/\/kedemoseducation.com\/wp-content\/uploads\/2023\/06\/logo-kedemos-education.png","contentUrl":"https:\/\/kedemoseducation.com\/wp-content\/uploads\/2023\/06\/logo-kedemos-education.png","width":2362,"height":903,"caption":"Kedemos Education"},"image":{"@id":"https:\/\/kedemoseducation.com\/fr\/#\/schema\/logo\/image\/"},"sameAs":["https:\/\/www.facebook.com\/Kedemoseducation","https:\/\/www.instagram.com\/kedemoseducation\/","https:\/\/www.linkedin.com\/company\/kedemos-education\/"]}]}},"jetpack_sharing_enabled":true,"_links":{"self":[{"href":"https:\/\/kedemoseducation.com\/fr\/wp-json\/wp\/v2\/product\/292","targetHints":{"allow":["GET"]}}],"collection":[{"href":"https:\/\/kedemoseducation.com\/fr\/wp-json\/wp\/v2\/product"}],"about":[{"href":"https:\/\/kedemoseducation.com\/fr\/wp-json\/wp\/v2\/types\/product"}],"replies":[{"embeddable":true,"href":"https:\/\/kedemoseducation.com\/fr\/wp-json\/wp\/v2\/comments?post=292"}],"wp:featuredmedia":[{"embeddable":true,"href":"https:\/\/kedemoseducation.com\/fr\/wp-json\/wp\/v2\/media\/7245"}],"wp:attachment":[{"href":"https:\/\/kedemoseducation.com\/fr\/wp-json\/wp\/v2\/media?parent=292"}],"wp:term":[{"taxonomy":"product_brand","embeddable":true,"href":"https:\/\/kedemoseducation.com\/fr\/wp-json\/wp\/v2\/product_brand?post=292"},{"taxonomy":"product_cat","embeddable":true,"href":"https:\/\/kedemoseducation.com\/fr\/wp-json\/wp\/v2\/product_cat?post=292"},{"taxonomy":"product_tag","embeddable":true,"href":"https:\/\/kedemoseducation.com\/fr\/wp-json\/wp\/v2\/product_tag?post=292"}],"curies":[{"name":"wp","href":"https:\/\/api.w.org\/{rel}","templated":true}]}}