{"id":291,"date":"2022-05-05T06:18:09","date_gmt":"2022-05-05T03:18:09","guid":{"rendered":"https:\/\/eshop.classperts.com\/?post_type=product&#038;p=291"},"modified":"2026-02-17T16:07:13","modified_gmt":"2026-02-17T14:07:13","slug":"kg3-math-book-aec","status":"publish","type":"product","link":"https:\/\/kedemoseducation.com\/fr\/product\/grande-section-manuel-de-maths-aec\/","title":{"rendered":"Grande Section - Manuel de Maths"},"content":{"rendered":"<h1><b>Grande Section Manuel de Maths - Arc-en-ciel<\/b><\/h1>\n<h2><b>Pr\u00e9sentation de la M\u00e9thode de la Grande Section<\/b><\/h2>\n<p>Le pr\u00e9sent manuel de maths de la collection Arc-en-ciel est destin\u00e9 \u00e0 la Grande Section. Il prolonge les apprentissages des <a href=\"https:\/\/kedemoseducation.com\/fr\/produit\/petite-section-aec\/\">Petite Section<\/a> et <a href=\"https:\/\/kedemoseducation.com\/fr\/produit\/moyenne-section-aec\/\">Moyenne Section<\/a>, dont il reprend les concepts fondamentaux, la conception g\u00e9n\u00e9rale, ainsi que la pr\u00e9sentation des fiches. Vous y trouverez une approche p\u00e9dagogique originale, bas\u00e9e sur une \u00e9troite compl\u00e9mentarit\u00e9 entre l\u2019apprentissage du fran\u00e7ais et celui des math\u00e9matiques : les m\u00eames illustrations et le m\u00eame lexique que dans le manuel de lecture sont utilis\u00e9s afin d\u2019en assurer une meilleure assimilation.<\/p>\n<p><span style=\"font-weight: 400;\">L'ambition de cet ouvrage est de faire assimiler les notions fondamentales : apprendre \u00e0 observer, reconna\u00eetre, discerner, localiser, comparer, classer, compter et calculer.<\/span><\/p>\n<h3><b>Manuel de maths<\/b><\/h3>\n<p><span style=\"font-weight: 400;\">Chaque le\u00e7on de ce manuel de maths de la collection Arc-en-ciel pour la GS comprend :<\/span><\/p>\n<ul>\n<li style=\"font-weight: 400;\" aria-level=\"1\"><span style=\"font-weight: 400;\">Dans l'encadr\u00e9 sup\u00e9rieur, la pr\u00e9sentation d'un \u00ab fait \u00bb, pouvant correspondre \u00e0 une premi\u00e8re approche ou \u00e0 une phase de r\u00e9vision.<\/span><\/li>\n<li style=\"font-weight: 400;\" aria-level=\"1\"><span style=\"font-weight: 400;\">Des exercices \u00e0 difficult\u00e9 progressive.<\/span><\/li>\n<li style=\"font-weight: 400;\" aria-level=\"1\"><span style=\"font-weight: 400;\">Au bas de la plupart des pages, un algorithme ou une frise \u00e0 compl\u00e9ter.<\/span><\/li>\n<\/ul>","protected":false},"excerpt":{"rendered":"<p><span style=\"font-weight: 400;\">Ce manuel de maths de la collection Arc-en-ciel pour la Grande Section constitue une suite naturelle des acquis de la <a href=\"https:\/\/kedemoseducation.com\/fr\/produit\/moyenne-section-aec\/\">Moyenne Section<\/a>.<\/span><\/p>\n<p><span style=\"font-weight: 400;\">Vous y trouverez une approche p\u00e9dagogique originale, bas\u00e9e sur une \u00e9troite compl\u00e9mentarit\u00e9 entre l\u2019apprentissage du fran\u00e7ais et celui des maths : les m\u00eames illustrations et le m\u00eame lexique que dans le manuel de lecture sont utilis\u00e9s afin d\u2019en assurer une meilleure assimilation.<\/span><\/p>","protected":false},"featured_media":7241,"comment_status":"closed","ping_status":"closed","template":"","meta":{"_monsterinsights_skip_tracking":false,"_monsterinsights_sitenote_active":false,"_monsterinsights_sitenote_note":"","_monsterinsights_sitenote_category":0},"product_brand":[],"product_cat":[17,130,326,371,16,355,126],"product_tag":[340,57,80,331],"class_list":{"0":"post-291","1":"product","2":"type-product","3":"status-publish","4":"has-post-thumbnail","6":"product_cat-french","7":"product_cat-french-math-books","8":"product_cat-kindergarten","9":"product_cat-kg3-le-nouvel-arc-en-ciel","10":"product_cat-school-books","11":"product_cat-arc-en-ciel-french-math-books","12":"product_cat-math","13":"product_tag-math-book","14":"product_tag-arc-en-ciel","15":"product_tag-kg3","16":"product_tag-kindergarten","17":"pa_grade-kg3","19":"first","20":"instock","21":"shipping-taxable","22":"purchasable","23":"product-type-simple"},"yoast_head":"<!-- This site is optimized with the Yoast SEO plugin v26.4 - https:\/\/yoast.com\/wordpress\/plugins\/seo\/ -->\r\n<title>KG3 Math Book - Arc-en-ciel - Kedemos Education<\/title>\r\n<meta name=\"description\" content=\"This KG3 math book provides an original approach to mathematics and introduces the basics: observing, recognizing, locating, comparing, classifying, counting, and calculating.\" \/>\r\n<meta name=\"robots\" content=\"index, follow, max-snippet:-1, max-image-preview:large, max-video-preview:-1\" \/>\r\n<link rel=\"canonical\" href=\"https:\/\/kedemoseducation.com\/fr\/product\/grande-section-livre-de-maths-aec\/\" \/>\r\n<meta property=\"og:locale\" content=\"fr_FR\" \/>\r\n<meta property=\"og:type\" content=\"article\" \/>\r\n<meta property=\"og:title\" content=\"Kedemos Education KedemosEducation\" \/>\r\n<meta property=\"og:description\" content=\"This KG3 math book provides an original approach to mathematics and introduces the basics: observing, recognizing, locating, comparing, classifying, counting, and calculating.\" \/>\r\n<meta property=\"og:url\" content=\"https:\/\/kedemoseducation.com\/fr\/product\/grande-section-livre-de-maths-aec\/\" \/>\r\n<meta property=\"og:site_name\" content=\"Kedemos Education\" \/>\r\n<meta property=\"article:publisher\" content=\"https:\/\/www.facebook.com\/Kedemoseducation\" \/>\r\n<meta property=\"article:modified_time\" content=\"2026-02-17T14:07:13+00:00\" \/>\r\n<meta property=\"og:image\" content=\"https:\/\/i0.wp.com\/kedemoseducation.com\/wp-content\/uploads\/2023\/06\/Kedemos-full-logo.png?fit=378%2C133&ssl=1\" \/>\r\n\t<meta property=\"og:image:width\" content=\"378\" \/>\r\n\t<meta property=\"og:image:height\" content=\"133\" \/>\r\n\t<meta property=\"og:image:type\" content=\"image\/png\" \/>\r\n<meta name=\"twitter:card\" content=\"summary_large_image\" \/>\r\n<meta name=\"twitter:label1\" content=\"Dur\u00e9e de lecture estim\u00e9e\" \/>\n\t<meta name=\"twitter:data1\" content=\"1 minute\" \/>\r\n<script type=\"application\/ld+json\" class=\"yoast-schema-graph\">{\"@context\":\"https:\/\/schema.org\",\"@graph\":[{\"@type\":\"WebPage\",\"@id\":\"https:\/\/kedemoseducation.com\/product\/grande-section-livre-de-maths-aec\/\",\"url\":\"https:\/\/kedemoseducation.com\/product\/grande-section-livre-de-maths-aec\/\",\"name\":\"KG3 Math Book - Arc-en-ciel - Kedemos Education\",\"isPartOf\":{\"@id\":\"https:\/\/kedemoseducation.com\/fr\/#website\"},\"primaryImageOfPage\":{\"@id\":\"https:\/\/kedemoseducation.com\/product\/grande-section-livre-de-maths-aec\/#primaryimage\"},\"image\":{\"@id\":\"https:\/\/kedemoseducation.com\/product\/grande-section-livre-de-maths-aec\/#primaryimage\"},\"thumbnailUrl\":\"https:\/\/i0.wp.com\/kedemoseducation.com\/wp-content\/uploads\/2022\/05\/Maths-GS-aec-1.jpg?fit=600%2C800&ssl=1\",\"datePublished\":\"2022-05-05T03:18:09+00:00\",\"dateModified\":\"2026-02-17T14:07:13+00:00\",\"description\":\"This KG3 math book provides an original approach to mathematics and introduces the basics: observing, recognizing, locating, comparing, classifying, counting, and calculating.\",\"breadcrumb\":{\"@id\":\"https:\/\/kedemoseducation.com\/product\/grande-section-livre-de-maths-aec\/#breadcrumb\"},\"inLanguage\":\"fr-FR\",\"potentialAction\":[{\"@type\":\"ReadAction\",\"target\":[\"https:\/\/kedemoseducation.com\/product\/grande-section-livre-de-maths-aec\/\"]}]},{\"@type\":\"ImageObject\",\"inLanguage\":\"fr-FR\",\"@id\":\"https:\/\/kedemoseducation.com\/product\/grande-section-livre-de-maths-aec\/#primaryimage\",\"url\":\"https:\/\/i0.wp.com\/kedemoseducation.com\/wp-content\/uploads\/2022\/05\/Maths-GS-aec-1.jpg?fit=600%2C800&ssl=1\",\"contentUrl\":\"https:\/\/i0.wp.com\/kedemoseducation.com\/wp-content\/uploads\/2022\/05\/Maths-GS-aec-1.jpg?fit=600%2C800&ssl=1\",\"width\":600,\"height\":800,\"caption\":\"KG3 Math Book\"},{\"@type\":\"BreadcrumbList\",\"@id\":\"https:\/\/kedemoseducation.com\/product\/grande-section-livre-de-maths-aec\/#breadcrumb\",\"itemListElement\":[{\"@type\":\"ListItem\",\"position\":1,\"name\":\"Home\",\"item\":\"https:\/\/kedemoseducation.com\/\"},{\"@type\":\"ListItem\",\"position\":2,\"name\":\"All Products\",\"item\":\"https:\/\/kedemoseducation.com\/fr\/shop-2\/tous-les-produits\/\"},{\"@type\":\"ListItem\",\"position\":3,\"name\":\"School Books\",\"item\":\"https:\/\/kedemoseducation.com\/fr\/categorie-de-produit\/manuels-scolaires\/\"},{\"@type\":\"ListItem\",\"position\":4,\"name\":\"KG3 &#8211; Math Book\"}]},{\"@type\":\"WebSite\",\"@id\":\"https:\/\/kedemoseducation.com\/fr\/#website\",\"url\":\"https:\/\/kedemoseducation.com\/fr\/\",\"name\":\"Kedemos Education\",\"description\":\"The Pleasure of Learning\",\"publisher\":{\"@id\":\"https:\/\/kedemoseducation.com\/fr\/#organization\"},\"potentialAction\":[{\"@type\":\"SearchAction\",\"target\":{\"@type\":\"EntryPoint\",\"urlTemplate\":\"https:\/\/kedemoseducation.com\/fr\/?s={search_term_string}\"},\"query-input\":{\"@type\":\"PropertyValueSpecification\",\"valueRequired\":true,\"valueName\":\"search_term_string\"}}],\"inLanguage\":\"fr-FR\"},{\"@type\":\"Organization\",\"@id\":\"https:\/\/kedemoseducation.com\/fr\/#organization\",\"name\":\"Kedemos Education\",\"url\":\"https:\/\/kedemoseducation.com\/fr\/\",\"logo\":{\"@type\":\"ImageObject\",\"inLanguage\":\"fr-FR\",\"@id\":\"https:\/\/kedemoseducation.com\/fr\/#\/schema\/logo\/image\/\",\"url\":\"https:\/\/kedemoseducation.com\/wp-content\/uploads\/2023\/06\/logo-kedemos-education.png\",\"contentUrl\":\"https:\/\/kedemoseducation.com\/wp-content\/uploads\/2023\/06\/logo-kedemos-education.png\",\"width\":2362,\"height\":903,\"caption\":\"Kedemos Education\"},\"image\":{\"@id\":\"https:\/\/kedemoseducation.com\/fr\/#\/schema\/logo\/image\/\"},\"sameAs\":[\"https:\/\/www.facebook.com\/Kedemoseducation\",\"https:\/\/www.instagram.com\/kedemoseducation\/\",\"https:\/\/www.linkedin.com\/company\/kedemos-education\/\"]}]}<\/script>\r\n<!-- \/ Yoast SEO plugin. -->","yoast_head_json":{"title":"Grande Section Livre de maths -Arc en ciel - K\u00e9d\u00e9mos Education","description":"Ce livre de maths pour la Grande Section introduit les bases : observer, reconna\u00eetre, localiser, comparer, classer, compter et calculer.","robots":{"index":"index","follow":"follow","max-snippet":"max-snippet:-1","max-image-preview":"max-image-preview:large","max-video-preview":"max-video-preview:-1"},"canonical":"https:\/\/kedemoseducation.com\/fr\/product\/grande-section-livre-de-maths-aec\/","og_locale":"fr_FR","og_type":"article","og_title":"Kedemos Education KedemosEducation","og_description":"This KG3 math book provides an original approach to mathematics and introduces the basics: observing, recognizing, locating, comparing, classifying, counting, and calculating.","og_url":"https:\/\/kedemoseducation.com\/fr\/product\/grande-section-livre-de-maths-aec\/","og_site_name":"Kedemos Education","article_publisher":"https:\/\/www.facebook.com\/Kedemoseducation","article_modified_time":"2026-02-17T14:07:13+00:00","og_image":[{"width":378,"height":133,"url":"https:\/\/i0.wp.com\/kedemoseducation.com\/wp-content\/uploads\/2023\/06\/Kedemos-full-logo.png?fit=378%2C133&ssl=1","type":"image\/png"}],"twitter_card":"summary_large_image","twitter_misc":{"Dur\u00e9e de lecture estim\u00e9e":"1 minute"},"schema":{"@context":"https:\/\/schema.org","@graph":[{"@type":"WebPage","@id":"https:\/\/kedemoseducation.com\/product\/grande-section-livre-de-maths-aec\/","url":"https:\/\/kedemoseducation.com\/product\/grande-section-livre-de-maths-aec\/","name":"Grande Section Livre de maths -Arc en ciel - K\u00e9d\u00e9mos Education","isPartOf":{"@id":"https:\/\/kedemoseducation.com\/fr\/#website"},"primaryImageOfPage":{"@id":"https:\/\/kedemoseducation.com\/product\/grande-section-livre-de-maths-aec\/#primaryimage"},"image":{"@id":"https:\/\/kedemoseducation.com\/product\/grande-section-livre-de-maths-aec\/#primaryimage"},"thumbnailUrl":"https:\/\/i0.wp.com\/kedemoseducation.com\/wp-content\/uploads\/2022\/05\/Maths-GS-aec-1.jpg?fit=600%2C800&ssl=1","datePublished":"2022-05-05T03:18:09+00:00","dateModified":"2026-02-17T14:07:13+00:00","description":"Ce livre de maths pour la Grande Section introduit les bases : observer, reconna\u00eetre, localiser, comparer, classer, compter et calculer.","breadcrumb":{"@id":"https:\/\/kedemoseducation.com\/product\/grande-section-livre-de-maths-aec\/#breadcrumb"},"inLanguage":"fr-FR","potentialAction":[{"@type":"ReadAction","target":["https:\/\/kedemoseducation.com\/product\/grande-section-livre-de-maths-aec\/"]}]},{"@type":"ImageObject","inLanguage":"fr-FR","@id":"https:\/\/kedemoseducation.com\/product\/grande-section-livre-de-maths-aec\/#primaryimage","url":"https:\/\/i0.wp.com\/kedemoseducation.com\/wp-content\/uploads\/2022\/05\/Maths-GS-aec-1.jpg?fit=600%2C800&ssl=1","contentUrl":"https:\/\/i0.wp.com\/kedemoseducation.com\/wp-content\/uploads\/2022\/05\/Maths-GS-aec-1.jpg?fit=600%2C800&ssl=1","width":600,"height":800,"caption":"KG3 Math Book"},{"@type":"BreadcrumbList","@id":"https:\/\/kedemoseducation.com\/product\/grande-section-livre-de-maths-aec\/#breadcrumb","itemListElement":[{"@type":"ListItem","position":1,"name":"Home","item":"https:\/\/kedemoseducation.com\/"},{"@type":"ListItem","position":2,"name":"All Products","item":"https:\/\/kedemoseducation.com\/fr\/shop-2\/tous-les-produits\/"},{"@type":"ListItem","position":3,"name":"School Books","item":"https:\/\/kedemoseducation.com\/fr\/categorie-de-produit\/manuels-scolaires\/"},{"@type":"ListItem","position":4,"name":"KG3 &#8211; Math Book"}]},{"@type":"WebSite","@id":"https:\/\/kedemoseducation.com\/fr\/#website","url":"https:\/\/kedemoseducation.com\/fr\/","name":"K\u00e9d\u00e9mos Education","description":"Le plaisir d'apprendre","publisher":{"@id":"https:\/\/kedemoseducation.com\/fr\/#organization"},"potentialAction":[{"@type":"SearchAction","target":{"@type":"EntryPoint","urlTemplate":"https:\/\/kedemoseducation.com\/fr\/?s={search_term_string}"},"query-input":{"@type":"PropertyValueSpecification","valueRequired":true,"valueName":"search_term_string"}}],"inLanguage":"fr-FR"},{"@type":"Organization","@id":"https:\/\/kedemoseducation.com\/fr\/#organization","name":"K\u00e9d\u00e9mos Education","url":"https:\/\/kedemoseducation.com\/fr\/","logo":{"@type":"ImageObject","inLanguage":"fr-FR","@id":"https:\/\/kedemoseducation.com\/fr\/#\/schema\/logo\/image\/","url":"https:\/\/kedemoseducation.com\/wp-content\/uploads\/2023\/06\/logo-kedemos-education.png","contentUrl":"https:\/\/kedemoseducation.com\/wp-content\/uploads\/2023\/06\/logo-kedemos-education.png","width":2362,"height":903,"caption":"Kedemos Education"},"image":{"@id":"https:\/\/kedemoseducation.com\/fr\/#\/schema\/logo\/image\/"},"sameAs":["https:\/\/www.facebook.com\/Kedemoseducation","https:\/\/www.instagram.com\/kedemoseducation\/","https:\/\/www.linkedin.com\/company\/kedemos-education\/"]}]}},"jetpack_sharing_enabled":true,"_links":{"self":[{"href":"https:\/\/kedemoseducation.com\/fr\/wp-json\/wp\/v2\/product\/291","targetHints":{"allow":["GET"]}}],"collection":[{"href":"https:\/\/kedemoseducation.com\/fr\/wp-json\/wp\/v2\/product"}],"about":[{"href":"https:\/\/kedemoseducation.com\/fr\/wp-json\/wp\/v2\/types\/product"}],"replies":[{"embeddable":true,"href":"https:\/\/kedemoseducation.com\/fr\/wp-json\/wp\/v2\/comments?post=291"}],"wp:featuredmedia":[{"embeddable":true,"href":"https:\/\/kedemoseducation.com\/fr\/wp-json\/wp\/v2\/media\/7241"}],"wp:attachment":[{"href":"https:\/\/kedemoseducation.com\/fr\/wp-json\/wp\/v2\/media?parent=291"}],"wp:term":[{"taxonomy":"product_brand","embeddable":true,"href":"https:\/\/kedemoseducation.com\/fr\/wp-json\/wp\/v2\/product_brand?post=291"},{"taxonomy":"product_cat","embeddable":true,"href":"https:\/\/kedemoseducation.com\/fr\/wp-json\/wp\/v2\/product_cat?post=291"},{"taxonomy":"product_tag","embeddable":true,"href":"https:\/\/kedemoseducation.com\/fr\/wp-json\/wp\/v2\/product_tag?post=291"}],"curies":[{"name":"wp","href":"https:\/\/api.w.org\/{rel}","templated":true}]}}