{"id":286,"date":"2022-05-05T06:18:06","date_gmt":"2022-05-05T06:18:06","guid":{"rendered":"https:\/\/eshop.classperts.com\/?post_type=product&#038;p=286"},"modified":"2026-03-10T14:57:00","modified_gmt":"2026-03-10T12:57:00","slug":"francais-plus-4-students-book","status":"publish","type":"product","link":"https:\/\/kedemoseducation.com\/fr\/product\/francais-plus-4-students-book\/","title":{"rendered":"Fran\u00e7ais Plus 4 - Livre de l'\u00e9l\u00e8ve"},"content":{"rendered":"<h1><b>Fran\u00e7ais Langue \u00c9trang\u00e8re (FLE) - Fran\u00e7ais Plus 4 Livre de l'\u00e9l\u00e8ve<\/b><\/h1>\n<h2><strong>Pr\u00e9sentation de la M\u00e9thode<\/strong><\/h2>\n<p>Le manuel Fran\u00e7ais Plus 4 est le septi\u00e8me ouvrage de la collection Fran\u00e7ais Plus. Il s\u2019inscrit dans le prolongement direct des niveaux pr\u00e9c\u00e9dents et vise notamment \u00e0 pr\u00e9parer les \u00e9l\u00e8ves aux \u00e9preuves du DELF Junior A1 et A2.<\/p>\n<p>La collection Fran\u00e7ais Plus constitue une m\u00e9thode compl\u00e8te d\u2019apprentissage du fran\u00e7ais langue \u00e9trang\u00e8re (FLE). Elle s\u2019adresse aux \u00e9l\u00e8ves dont la langue maternelle n\u2019est pas le fran\u00e7ais. Le livre Fran\u00e7ais Plus 4 propose une d\u00e9marche active et dynamique pour l\u2019apprentissage du fran\u00e7ais, \u00e0 l\u2019oral comme \u00e0 l\u2019\u00e9crit.<\/p>\n<p>Ce manuel a \u00e9t\u00e9 con\u00e7u selon l\u2019approche recommand\u00e9e par le Cadre europ\u00e9en commun de r\u00e9f\u00e9rence pour les langues (CECR, 2000). Il propose un apprentissage progressif fond\u00e9 sur les quatre comp\u00e9tences fondamentales : la compr\u00e9hension et l\u2019expression orales, ainsi que la compr\u00e9hension et l\u2019expression \u00e9crites. Il d\u00e9veloppe \u00e9galement la connaissance du fonctionnement de la langue, la culture g\u00e9n\u00e9rale et certains aspects de civilisation. L\u2019objectif est de permettre \u00e0 l\u2019\u00e9l\u00e8ve de communiquer \u00e0 l\u2019oral et \u00e0 l\u2019\u00e9crit, tout en se pr\u00e9parant aux examens DELF Junior A1 et A2.<\/p>\n<p>Le manuel Fran\u00e7ais Plus 4 adopte une progression p\u00e9dagogique couvrant 60 \u00e0 80 heures d\u2019enseignement, \u00e0 raison de 2 \u00e0 3 heures par semaine. La m\u00e9thode comprend deux volets : le livre de l\u2019\u00e9l\u00e8ve et le cahier d\u2019activit\u00e9s.<\/p>\n<h3><b>Fran\u00e7ais Plus 4 - Livre de l'\u00e9l\u00e8ve<\/b><\/h3>\n<p>Le livre de l\u2019\u00e9l\u00e8ve est compos\u00e9 de dix le\u00e7ons. Chaque le\u00e7on comprend :<\/p>\n<ul>\n<li aria-level=\"1\">Une double page d\u2019introduction avec une grande illustration, un lexique d\u00e9taill\u00e9 et des questions destin\u00e9es \u00e0 encourager la prise de parole.<\/li>\n<li aria-level=\"1\">Une rubrique de compr\u00e9hension orale bas\u00e9e sur un dialogue enregistr\u00e9, accompagn\u00e9e de questions.<\/li>\n<li aria-level=\"1\">Des activit\u00e9s de production orale qui prolongent le dialogue enregistr\u00e9.<\/li>\n<li aria-level=\"1\">Un texte de lecture (compr\u00e9hension \u00e9crite) suivi de questions.<\/li>\n<li aria-level=\"1\">Un exercice de production \u00e9crite.<\/li>\n<li aria-level=\"1\">Une s\u00e9ance de phon\u00e9tique.<\/li>\n<li aria-level=\"1\">Une rubrique proposant des activit\u00e9s de grammaire, de conjugaison et d\u2019orthographe.<\/li>\n<\/ul>\n<p>Apr\u00e8s chaque deux le\u00e7ons, un bilan des acquis permet aux \u00e9l\u00e8ves de consolider leurs apprentissages.<\/p>\n<p>\u00c0 la fin du livre de l\u2019\u00e9l\u00e8ve, un dictionnaire fran\u00e7ais-anglais est propos\u00e9 afin de faciliter la compr\u00e9hension du vocabulaire de base utilis\u00e9 dans chacun des th\u00e8mes.<\/p>","protected":false},"excerpt":{"rendered":"<p><span style=\"font-weight: 400;\">La collection Fran\u00e7ais Plus est une m\u00e9thode d\u2019apprentissage du fran\u00e7ais langue \u00e9trang\u00e8re (FLE) destin\u00e9e aux apprenants arabophones et anglophones.<\/span><span style=\"font-weight: 400;\"><br \/>\n<\/span><span style=\"font-weight: 400;\"> Le livre de l\u2019\u00e9l\u00e8ve Fran\u00e7ais Plus 4, accompagn\u00e9 de son cahier d\u2019activit\u00e9s, pr\u00e9pare les \u00e9l\u00e8ves aux \u00e9preuves du DELF Junior A1 et A2.<\/span><\/p>\n<p><span style=\"font-weight: 400;\">Pour acc\u00e9der \u00e0 la collection compl\u00e8te Fran\u00e7ais Plus, veuillez cliquer <a href=\"https:\/\/kedemoseducation.com\/fr\/categorie-de-produit\/manuels-scolaires\/francais-langue-etrangere\/\">ici<\/a>.<\/span><\/p>","protected":false},"featured_media":7350,"comment_status":"closed","ping_status":"closed","template":"","meta":{"_monsterinsights_skip_tracking":false,"_monsterinsights_sitenote_active":false,"_monsterinsights_sitenote_note":"","_monsterinsights_sitenote_category":0},"product_brand":[],"product_cat":[117],"product_tag":[119,125,411],"class_list":{"0":"post-286","1":"product","2":"type-product","3":"status-publish","4":"has-post-thumbnail","6":"product_cat-french-as-a-foreign-language","7":"product_tag-francais-plus","8":"product_tag-delf-junior","9":"product_tag-french-as-a-foreign-language","10":"pa_grade-grade-4","12":"first","13":"instock","14":"shipping-taxable","15":"purchasable","16":"product-type-simple"},"yoast_head":"<!-- This site is optimized with the Yoast SEO plugin v26.4 - https:\/\/yoast.com\/wordpress\/plugins\/seo\/ -->\r\n<title>Fran\u00e7ais Plus 4 \u2013 Student\u2019s Book - Kedemos Education<\/title>\r\n<meta name=\"description\" content=\"The \u201cFran\u00e7ais Plus 4\u201d textbook helps students communicate more easily in French while preparing them for the DELF Junior A1 and A2 exams.\" \/>\r\n<meta name=\"robots\" content=\"index, follow, max-snippet:-1, max-image-preview:large, max-video-preview:-1\" \/>\r\n<link rel=\"canonical\" href=\"https:\/\/kedemoseducation.com\/fr\/product\/francais-plus-4-students-book\/\" \/>\r\n<meta property=\"og:locale\" content=\"fr_FR\" \/>\r\n<meta property=\"og:type\" content=\"article\" \/>\r\n<meta property=\"og:title\" content=\"Fran\u00e7ais Plus 4 \u2013 Student\u2019s Book - Kedemos Education\" \/>\r\n<meta property=\"og:description\" content=\"The \u201cFran\u00e7ais Plus 4\u201d textbook helps students communicate more easily in French while preparing them for the DELF Junior A1 and A2 exams.\" \/>\r\n<meta property=\"og:url\" content=\"https:\/\/kedemoseducation.com\/fr\/product\/francais-plus-4-students-book\/\" \/>\r\n<meta property=\"og:site_name\" content=\"Kedemos Education\" \/>\r\n<meta property=\"article:publisher\" content=\"https:\/\/www.facebook.com\/Kedemoseducation\" \/>\r\n<meta property=\"article:modified_time\" content=\"2026-03-10T12:57:00+00:00\" \/>\r\n<meta property=\"og:image\" content=\"https:\/\/kedemoseducation.com\/wp-content\/uploads\/2022\/05\/Francais-plus-4.jpg\" \/>\r\n\t<meta property=\"og:image:width\" content=\"600\" \/>\r\n\t<meta property=\"og:image:height\" content=\"800\" \/>\r\n\t<meta property=\"og:image:type\" content=\"image\/jpeg\" \/>\r\n<meta name=\"twitter:card\" content=\"summary_large_image\" \/>\r\n<meta name=\"twitter:label1\" content=\"Dur\u00e9e de lecture estim\u00e9e\" \/>\n\t<meta name=\"twitter:data1\" content=\"2 minutes\" \/>\r\n<script type=\"application\/ld+json\" class=\"yoast-schema-graph\">{\"@context\":\"https:\/\/schema.org\",\"@graph\":[{\"@type\":\"WebPage\",\"@id\":\"https:\/\/kedemoseducation.com\/product\/francais-plus-4-students-book\/\",\"url\":\"https:\/\/kedemoseducation.com\/product\/francais-plus-4-students-book\/\",\"name\":\"Fran\u00e7ais Plus 4 \u2013 Student\u2019s Book - Kedemos Education\",\"isPartOf\":{\"@id\":\"https:\/\/kedemoseducation.com\/fr\/#website\"},\"primaryImageOfPage\":{\"@id\":\"https:\/\/kedemoseducation.com\/product\/francais-plus-4-students-book\/#primaryimage\"},\"image\":{\"@id\":\"https:\/\/kedemoseducation.com\/product\/francais-plus-4-students-book\/#primaryimage\"},\"thumbnailUrl\":\"https:\/\/i0.wp.com\/kedemoseducation.com\/wp-content\/uploads\/2022\/05\/Francais-plus-4.jpg?fit=600%2C800&ssl=1\",\"datePublished\":\"2022-05-05T06:18:06+00:00\",\"dateModified\":\"2026-03-10T12:57:00+00:00\",\"description\":\"The \u201cFran\u00e7ais Plus 4\u201d textbook helps students communicate more easily in French while preparing them for the DELF Junior A1 and A2 exams.\",\"breadcrumb\":{\"@id\":\"https:\/\/kedemoseducation.com\/product\/francais-plus-4-students-book\/#breadcrumb\"},\"inLanguage\":\"fr-FR\",\"potentialAction\":[{\"@type\":\"ReadAction\",\"target\":[\"https:\/\/kedemoseducation.com\/product\/francais-plus-4-students-book\/\"]}]},{\"@type\":\"ImageObject\",\"inLanguage\":\"fr-FR\",\"@id\":\"https:\/\/kedemoseducation.com\/product\/francais-plus-4-students-book\/#primaryimage\",\"url\":\"https:\/\/i0.wp.com\/kedemoseducation.com\/wp-content\/uploads\/2022\/05\/Francais-plus-4.jpg?fit=600%2C800&ssl=1\",\"contentUrl\":\"https:\/\/i0.wp.com\/kedemoseducation.com\/wp-content\/uploads\/2022\/05\/Francais-plus-4.jpg?fit=600%2C800&ssl=1\",\"width\":600,\"height\":800,\"caption\":\"Fran\u00e7ais Langue \u00c9trang\u00e8re (FLE) - Fran\u00e7ais Plus 4\"},{\"@type\":\"BreadcrumbList\",\"@id\":\"https:\/\/kedemoseducation.com\/product\/francais-plus-4-students-book\/#breadcrumb\",\"itemListElement\":[{\"@type\":\"ListItem\",\"position\":1,\"name\":\"Home\",\"item\":\"https:\/\/kedemoseducation.com\/\"},{\"@type\":\"ListItem\",\"position\":2,\"name\":\"All Products\",\"item\":\"https:\/\/kedemoseducation.com\/fr\/shop-2\/tous-les-produits\/\"},{\"@type\":\"ListItem\",\"position\":3,\"name\":\"School Books\",\"item\":\"https:\/\/kedemoseducation.com\/fr\/categorie-de-produit\/manuels-scolaires\/\"},{\"@type\":\"ListItem\",\"position\":4,\"name\":\"French as a Foreign Language\",\"item\":\"https:\/\/kedemoseducation.com\/fr\/categorie-de-produit\/manuels-scolaires\/francais-langue-etrangere\/\"},{\"@type\":\"ListItem\",\"position\":5,\"name\":\"Fran\u00e7ais Plus 4 \u2013 Student\u2019s Book\"}]},{\"@type\":\"WebSite\",\"@id\":\"https:\/\/kedemoseducation.com\/fr\/#website\",\"url\":\"https:\/\/kedemoseducation.com\/fr\/\",\"name\":\"Kedemos Education\",\"description\":\"The Pleasure of Learning\",\"publisher\":{\"@id\":\"https:\/\/kedemoseducation.com\/fr\/#organization\"},\"potentialAction\":[{\"@type\":\"SearchAction\",\"target\":{\"@type\":\"EntryPoint\",\"urlTemplate\":\"https:\/\/kedemoseducation.com\/fr\/?s={search_term_string}\"},\"query-input\":{\"@type\":\"PropertyValueSpecification\",\"valueRequired\":true,\"valueName\":\"search_term_string\"}}],\"inLanguage\":\"fr-FR\"},{\"@type\":\"Organization\",\"@id\":\"https:\/\/kedemoseducation.com\/fr\/#organization\",\"name\":\"Kedemos Education\",\"url\":\"https:\/\/kedemoseducation.com\/fr\/\",\"logo\":{\"@type\":\"ImageObject\",\"inLanguage\":\"fr-FR\",\"@id\":\"https:\/\/kedemoseducation.com\/fr\/#\/schema\/logo\/image\/\",\"url\":\"https:\/\/kedemoseducation.com\/wp-content\/uploads\/2023\/06\/logo-kedemos-education.png\",\"contentUrl\":\"https:\/\/kedemoseducation.com\/wp-content\/uploads\/2023\/06\/logo-kedemos-education.png\",\"width\":2362,\"height\":903,\"caption\":\"Kedemos Education\"},\"image\":{\"@id\":\"https:\/\/kedemoseducation.com\/fr\/#\/schema\/logo\/image\/\"},\"sameAs\":[\"https:\/\/www.facebook.com\/Kedemoseducation\",\"https:\/\/www.instagram.com\/kedemoseducation\/\",\"https:\/\/www.linkedin.com\/company\/kedemos-education\/\"]}]}<\/script>\r\n<!-- \/ Yoast SEO plugin. -->","yoast_head_json":{"title":"Fran\u00e7ais Plus 4 - Livre de l'\u00e9l\u00e8ve - K\u00e9d\u00e9mos Education","description":"Le manuel Fran\u00e7ais Plus 4 permet \u00e0 l'\u00e9l\u00e8ve de communiquer facilement en fran\u00e7ais et de pr\u00e9parer les \u00e9preuves du DELF Junior A1 et A2.","robots":{"index":"index","follow":"follow","max-snippet":"max-snippet:-1","max-image-preview":"max-image-preview:large","max-video-preview":"max-video-preview:-1"},"canonical":"https:\/\/kedemoseducation.com\/fr\/product\/francais-plus-4-students-book\/","og_locale":"fr_FR","og_type":"article","og_title":"Fran\u00e7ais Plus 4 \u2013 Student\u2019s Book - Kedemos Education","og_description":"The \u201cFran\u00e7ais Plus 4\u201d textbook helps students communicate more easily in French while preparing them for the DELF Junior A1 and A2 exams.","og_url":"https:\/\/kedemoseducation.com\/fr\/product\/francais-plus-4-students-book\/","og_site_name":"Kedemos Education","article_publisher":"https:\/\/www.facebook.com\/Kedemoseducation","article_modified_time":"2026-03-10T12:57:00+00:00","og_image":[{"width":600,"height":800,"url":"https:\/\/kedemoseducation.com\/wp-content\/uploads\/2022\/05\/Francais-plus-4.jpg","type":"image\/jpeg"}],"twitter_card":"summary_large_image","twitter_misc":{"Dur\u00e9e de lecture estim\u00e9e":"2 minutes"},"schema":{"@context":"https:\/\/schema.org","@graph":[{"@type":"WebPage","@id":"https:\/\/kedemoseducation.com\/product\/francais-plus-4-students-book\/","url":"https:\/\/kedemoseducation.com\/product\/francais-plus-4-students-book\/","name":"Fran\u00e7ais Plus 4 - Livre de l'\u00e9l\u00e8ve - K\u00e9d\u00e9mos Education","isPartOf":{"@id":"https:\/\/kedemoseducation.com\/fr\/#website"},"primaryImageOfPage":{"@id":"https:\/\/kedemoseducation.com\/product\/francais-plus-4-students-book\/#primaryimage"},"image":{"@id":"https:\/\/kedemoseducation.com\/product\/francais-plus-4-students-book\/#primaryimage"},"thumbnailUrl":"https:\/\/i0.wp.com\/kedemoseducation.com\/wp-content\/uploads\/2022\/05\/Francais-plus-4.jpg?fit=600%2C800&ssl=1","datePublished":"2022-05-05T06:18:06+00:00","dateModified":"2026-03-10T12:57:00+00:00","description":"Le manuel Fran\u00e7ais Plus 4 permet \u00e0 l'\u00e9l\u00e8ve de communiquer facilement en fran\u00e7ais et de pr\u00e9parer les \u00e9preuves du DELF Junior A1 et A2.","breadcrumb":{"@id":"https:\/\/kedemoseducation.com\/product\/francais-plus-4-students-book\/#breadcrumb"},"inLanguage":"fr-FR","potentialAction":[{"@type":"ReadAction","target":["https:\/\/kedemoseducation.com\/product\/francais-plus-4-students-book\/"]}]},{"@type":"ImageObject","inLanguage":"fr-FR","@id":"https:\/\/kedemoseducation.com\/product\/francais-plus-4-students-book\/#primaryimage","url":"https:\/\/i0.wp.com\/kedemoseducation.com\/wp-content\/uploads\/2022\/05\/Francais-plus-4.jpg?fit=600%2C800&ssl=1","contentUrl":"https:\/\/i0.wp.com\/kedemoseducation.com\/wp-content\/uploads\/2022\/05\/Francais-plus-4.jpg?fit=600%2C800&ssl=1","width":600,"height":800,"caption":"Fran\u00e7ais Langue \u00c9trang\u00e8re (FLE) - Fran\u00e7ais Plus 4"},{"@type":"BreadcrumbList","@id":"https:\/\/kedemoseducation.com\/product\/francais-plus-4-students-book\/#breadcrumb","itemListElement":[{"@type":"ListItem","position":1,"name":"Home","item":"https:\/\/kedemoseducation.com\/"},{"@type":"ListItem","position":2,"name":"All Products","item":"https:\/\/kedemoseducation.com\/fr\/shop-2\/tous-les-produits\/"},{"@type":"ListItem","position":3,"name":"School Books","item":"https:\/\/kedemoseducation.com\/fr\/categorie-de-produit\/manuels-scolaires\/"},{"@type":"ListItem","position":4,"name":"French as a Foreign Language","item":"https:\/\/kedemoseducation.com\/fr\/categorie-de-produit\/manuels-scolaires\/francais-langue-etrangere\/"},{"@type":"ListItem","position":5,"name":"Fran\u00e7ais Plus 4 \u2013 Student\u2019s Book"}]},{"@type":"WebSite","@id":"https:\/\/kedemoseducation.com\/fr\/#website","url":"https:\/\/kedemoseducation.com\/fr\/","name":"K\u00e9d\u00e9mos Education","description":"Le plaisir d'apprendre","publisher":{"@id":"https:\/\/kedemoseducation.com\/fr\/#organization"},"potentialAction":[{"@type":"SearchAction","target":{"@type":"EntryPoint","urlTemplate":"https:\/\/kedemoseducation.com\/fr\/?s={search_term_string}"},"query-input":{"@type":"PropertyValueSpecification","valueRequired":true,"valueName":"search_term_string"}}],"inLanguage":"fr-FR"},{"@type":"Organization","@id":"https:\/\/kedemoseducation.com\/fr\/#organization","name":"K\u00e9d\u00e9mos Education","url":"https:\/\/kedemoseducation.com\/fr\/","logo":{"@type":"ImageObject","inLanguage":"fr-FR","@id":"https:\/\/kedemoseducation.com\/fr\/#\/schema\/logo\/image\/","url":"https:\/\/kedemoseducation.com\/wp-content\/uploads\/2023\/06\/logo-kedemos-education.png","contentUrl":"https:\/\/kedemoseducation.com\/wp-content\/uploads\/2023\/06\/logo-kedemos-education.png","width":2362,"height":903,"caption":"Kedemos Education"},"image":{"@id":"https:\/\/kedemoseducation.com\/fr\/#\/schema\/logo\/image\/"},"sameAs":["https:\/\/www.facebook.com\/Kedemoseducation","https:\/\/www.instagram.com\/kedemoseducation\/","https:\/\/www.linkedin.com\/company\/kedemos-education\/"]}]}},"jetpack_sharing_enabled":true,"_links":{"self":[{"href":"https:\/\/kedemoseducation.com\/fr\/wp-json\/wp\/v2\/product\/286","targetHints":{"allow":["GET"]}}],"collection":[{"href":"https:\/\/kedemoseducation.com\/fr\/wp-json\/wp\/v2\/product"}],"about":[{"href":"https:\/\/kedemoseducation.com\/fr\/wp-json\/wp\/v2\/types\/product"}],"replies":[{"embeddable":true,"href":"https:\/\/kedemoseducation.com\/fr\/wp-json\/wp\/v2\/comments?post=286"}],"wp:featuredmedia":[{"embeddable":true,"href":"https:\/\/kedemoseducation.com\/fr\/wp-json\/wp\/v2\/media\/7350"}],"wp:attachment":[{"href":"https:\/\/kedemoseducation.com\/fr\/wp-json\/wp\/v2\/media?parent=286"}],"wp:term":[{"taxonomy":"product_brand","embeddable":true,"href":"https:\/\/kedemoseducation.com\/fr\/wp-json\/wp\/v2\/product_brand?post=286"},{"taxonomy":"product_cat","embeddable":true,"href":"https:\/\/kedemoseducation.com\/fr\/wp-json\/wp\/v2\/product_cat?post=286"},{"taxonomy":"product_tag","embeddable":true,"href":"https:\/\/kedemoseducation.com\/fr\/wp-json\/wp\/v2\/product_tag?post=286"}],"curies":[{"name":"wp","href":"https:\/\/api.w.org\/{rel}","templated":true}]}}