{"id":285,"date":"2025-12-23T10:46:10","date_gmt":"2025-12-23T08:46:10","guid":{"rendered":"https:\/\/eshop.classperts.com\/?post_type=product&#038;p=285"},"modified":"2026-03-10T12:11:03","modified_gmt":"2026-03-10T10:11:03","slug":"francais-plus-3-exercise-workbook","status":"publish","type":"product","link":"https:\/\/kedemoseducation.com\/fr\/product\/francais-plus-3-cahier-dexercices\/","title":{"rendered":"Fran\u00e7ais Plus 3 - Cahier d'exercices"},"content":{"rendered":"<h1>French as a Foreign Language &#8211; Fran\u00e7ais Plus 3 Exercise Workbook<\/h1>\n<h2>Pr\u00e9sentation de la M\u00e9thode<\/h2>\n<p>Le manuel Fran\u00e7ais Plus 3 est le sixi\u00e8me de la collection Fran\u00e7ais Plus. Celle-ci est une m\u00e9thode compl\u00e8te d\u2019apprentissage du fran\u00e7ais en langue \u00e9trang\u00e8re. Elle est donc destin\u00e9e aux \u00e9l\u00e8ves dont la premi\u00e8re langue n\u2019est pas le fran\u00e7ais.<\/p>\n<p>Ce livre est destin\u00e9 aux classes primaires. Il propose une d\u00e9marche active et dynamique pour l\u2019apprentissage du fran\u00e7ais, \u00e0 l\u2019oral comme \u00e0 l\u2019\u00e9crit. Ax\u00e9e sur la motivation et le plaisir d\u2019apprendre, la m\u00e9thode Fran\u00e7ais Plus vise \u00e0 construire et \u00e0 d\u00e9velopper les comp\u00e9tences n\u00e9cessaires \u00e0 l\u2019acquisition de la langue.<\/p>\n<p>Afin de faciliter l\u2019apprentissage du fran\u00e7ais, chaque manuel de la m\u00e9thode Fran\u00e7ais Plus int\u00e8gre et consolide l\u2019ensemble de la syntaxe, du lexique et de la grammaire \u00e9tudi\u00e9s dans les niveaux pr\u00e9c\u00e9dents.<\/p>\n<p>Ce manuel de la collection Fran\u00e7ais Plus comprend deux volets : le livre de l\u2019\u00e9l\u00e8ve et le cahier d\u2019exercices.<\/p>\n<h3><strong>Fran\u00e7ais Plus 3 - Cahier d'exercices<\/strong><\/h3>\n<p>Le manuel Fran\u00e7ais Plus 3 est le sixi\u00e8me de la collection Fran\u00e7ais Plus. Celle-ci est une m\u00e9thode compl\u00e8te d\u2019apprentissage du fran\u00e7ais en langue \u00e9trang\u00e8re. Elle est donc destin\u00e9e aux \u00e9l\u00e8ves dont la premi\u00e8re langue n\u2019est pas le fran\u00e7ais.<\/p>\n<p>Ce livre est destin\u00e9 aux classes primaires. Il propose une d\u00e9marche active et dynamique pour l\u2019apprentissage du fran\u00e7ais, \u00e0 l\u2019oral comme \u00e0 l\u2019\u00e9crit. Ax\u00e9e sur la motivation et le plaisir d\u2019apprendre, la m\u00e9thode Fran\u00e7ais Plus vise \u00e0 construire et \u00e0 d\u00e9velopper les comp\u00e9tences n\u00e9cessaires \u00e0 l\u2019acquisition de la langue.<\/p>\n<p>Afin de faciliter l\u2019apprentissage du fran\u00e7ais, chaque manuel de la m\u00e9thode Fran\u00e7ais Plus int\u00e8gre et consolide l\u2019ensemble de la syntaxe, du lexique et de la grammaire \u00e9tudi\u00e9s dans les niveaux pr\u00e9c\u00e9dents.<\/p>\n<p>Ce manuel de la collection Fran\u00e7ais Plus comprend deux volets : le livre de l\u2019\u00e9l\u00e8ve et le cahier d\u2019exercices.<\/p>","protected":false},"excerpt":{"rendered":"<p>La collection Fran\u00e7ais Plus est une m\u00e9thode compl\u00e8te d\u2019apprentissage du fran\u00e7ais langue \u00e9trang\u00e8re (FLE). Ce cahier d\u2019exercices accompagne le livre de l\u2019\u00e9l\u00e8ve. Pour acc\u00e9der \u00e0 la collection compl\u00e8te Fran\u00e7ais Plus, cliquez <a href=\"https:\/\/kedemoseducation.com\/fr\/product-category\/school-books\/french-as-a-foreign-language\/\">ici<\/a>.<\/p>","protected":false},"featured_media":7348,"comment_status":"closed","ping_status":"closed","template":"","meta":{"_monsterinsights_skip_tracking":false,"_monsterinsights_sitenote_active":false,"_monsterinsights_sitenote_note":"","_monsterinsights_sitenote_category":0},"product_brand":[],"product_cat":[117],"product_tag":[119,120],"class_list":{"0":"post-285","1":"product","2":"type-product","3":"status-publish","4":"has-post-thumbnail","6":"product_cat-french-as-a-foreign-language","7":"product_tag-francais-plus","8":"product_tag-fle","9":"pa_grade-grade-3","11":"first","12":"instock","13":"shipping-taxable","14":"purchasable","15":"product-type-simple"},"yoast_head":"<!-- This site is optimized with the Yoast SEO plugin v26.4 - https:\/\/yoast.com\/wordpress\/plugins\/seo\/ -->\r\n<title>Fran\u00e7ais Plus 3 - Exercise Workbook - Kedemos Education<\/title>\r\n<meta name=\"description\" content=\"The Fran\u00e7ais Plus 3 Workbook complements the student\u2019s book and provides additional activities to support learning French as a foreign language.\" \/>\r\n<meta name=\"robots\" content=\"index, follow, max-snippet:-1, max-image-preview:large, max-video-preview:-1\" \/>\r\n<link rel=\"canonical\" href=\"https:\/\/kedemoseducation.com\/fr\/product\/francais-plus-3-cahier-dexercices\/\" \/>\r\n<meta property=\"og:locale\" content=\"fr_FR\" \/>\r\n<meta property=\"og:type\" content=\"article\" \/>\r\n<meta property=\"og:title\" content=\"Fran\u00e7ais Plus 3 - Exercise Workbook - Kedemos Education\" \/>\r\n<meta property=\"og:description\" content=\"The Fran\u00e7ais Plus 3 Workbook complements the student\u2019s book and provides additional activities to support learning French as a foreign language.\" \/>\r\n<meta property=\"og:url\" content=\"https:\/\/kedemoseducation.com\/fr\/product\/francais-plus-3-cahier-dexercices\/\" \/>\r\n<meta property=\"og:site_name\" content=\"Kedemos Education\" \/>\r\n<meta property=\"article:publisher\" content=\"https:\/\/www.facebook.com\/Kedemoseducation\" \/>\r\n<meta property=\"article:modified_time\" content=\"2026-03-10T10:11:03+00:00\" \/>\r\n<meta property=\"og:image\" content=\"https:\/\/kedemoseducation.com\/wp-content\/uploads\/2022\/05\/Francais-plus-3-exercices.jpg\" \/>\r\n\t<meta property=\"og:image:width\" content=\"600\" \/>\r\n\t<meta property=\"og:image:height\" content=\"800\" \/>\r\n\t<meta property=\"og:image:type\" content=\"image\/jpeg\" \/>\r\n<meta name=\"twitter:card\" content=\"summary_large_image\" \/>\r\n<meta name=\"twitter:label1\" content=\"Dur\u00e9e de lecture estim\u00e9e\" \/>\n\t<meta name=\"twitter:data1\" content=\"2 minutes\" \/>\r\n<script type=\"application\/ld+json\" class=\"yoast-schema-graph\">{\"@context\":\"https:\/\/schema.org\",\"@graph\":[{\"@type\":\"WebPage\",\"@id\":\"https:\/\/kedemoseducation.com\/product\/francais-plus-3-exercise-workbook\/\",\"url\":\"https:\/\/kedemoseducation.com\/product\/francais-plus-3-exercise-workbook\/\",\"name\":\"Fran\u00e7ais Plus 3 - Exercise Workbook - Kedemos Education\",\"isPartOf\":{\"@id\":\"https:\/\/kedemoseducation.com\/fr\/#website\"},\"primaryImageOfPage\":{\"@id\":\"https:\/\/kedemoseducation.com\/product\/francais-plus-3-exercise-workbook\/#primaryimage\"},\"image\":{\"@id\":\"https:\/\/kedemoseducation.com\/product\/francais-plus-3-exercise-workbook\/#primaryimage\"},\"thumbnailUrl\":\"https:\/\/i0.wp.com\/kedemoseducation.com\/wp-content\/uploads\/2022\/05\/Francais-plus-3-exercices.jpg?fit=600%2C800&ssl=1\",\"datePublished\":\"2025-12-23T08:46:10+00:00\",\"dateModified\":\"2026-03-10T10:11:03+00:00\",\"description\":\"The Fran\u00e7ais Plus 3 Workbook complements the student\u2019s book and provides additional activities to support learning French as a foreign language.\",\"breadcrumb\":{\"@id\":\"https:\/\/kedemoseducation.com\/product\/francais-plus-3-exercise-workbook\/#breadcrumb\"},\"inLanguage\":\"fr-FR\",\"potentialAction\":[{\"@type\":\"ReadAction\",\"target\":[\"https:\/\/kedemoseducation.com\/product\/francais-plus-3-exercise-workbook\/\"]}]},{\"@type\":\"ImageObject\",\"inLanguage\":\"fr-FR\",\"@id\":\"https:\/\/kedemoseducation.com\/product\/francais-plus-3-exercise-workbook\/#primaryimage\",\"url\":\"https:\/\/i0.wp.com\/kedemoseducation.com\/wp-content\/uploads\/2022\/05\/Francais-plus-3-exercices.jpg?fit=600%2C800&ssl=1\",\"contentUrl\":\"https:\/\/i0.wp.com\/kedemoseducation.com\/wp-content\/uploads\/2022\/05\/Francais-plus-3-exercices.jpg?fit=600%2C800&ssl=1\",\"width\":600,\"height\":800,\"caption\":\"Fran\u00e7ais Langue \u00c9trang\u00e8re (FLE) - Fran\u00e7ais Plus 3 Cahier d'exercices\"},{\"@type\":\"BreadcrumbList\",\"@id\":\"https:\/\/kedemoseducation.com\/product\/francais-plus-3-exercise-workbook\/#breadcrumb\",\"itemListElement\":[{\"@type\":\"ListItem\",\"position\":1,\"name\":\"Home\",\"item\":\"https:\/\/kedemoseducation.com\/\"},{\"@type\":\"ListItem\",\"position\":2,\"name\":\"All Products\",\"item\":\"https:\/\/kedemoseducation.com\/fr\/shop-2\/tous-les-produits\/\"},{\"@type\":\"ListItem\",\"position\":3,\"name\":\"School Books\",\"item\":\"https:\/\/kedemoseducation.com\/fr\/categorie-de-produit\/manuels-scolaires\/\"},{\"@type\":\"ListItem\",\"position\":4,\"name\":\"French as a Foreign Language\",\"item\":\"https:\/\/kedemoseducation.com\/fr\/categorie-de-produit\/manuels-scolaires\/francais-langue-etrangere\/\"},{\"@type\":\"ListItem\",\"position\":5,\"name\":\"Fran\u00e7ais Plus 3 &#8211; Exercise Workbook\"}]},{\"@type\":\"WebSite\",\"@id\":\"https:\/\/kedemoseducation.com\/fr\/#website\",\"url\":\"https:\/\/kedemoseducation.com\/fr\/\",\"name\":\"Kedemos Education\",\"description\":\"The Pleasure of Learning\",\"publisher\":{\"@id\":\"https:\/\/kedemoseducation.com\/fr\/#organization\"},\"potentialAction\":[{\"@type\":\"SearchAction\",\"target\":{\"@type\":\"EntryPoint\",\"urlTemplate\":\"https:\/\/kedemoseducation.com\/fr\/?s={search_term_string}\"},\"query-input\":{\"@type\":\"PropertyValueSpecification\",\"valueRequired\":true,\"valueName\":\"search_term_string\"}}],\"inLanguage\":\"fr-FR\"},{\"@type\":\"Organization\",\"@id\":\"https:\/\/kedemoseducation.com\/fr\/#organization\",\"name\":\"Kedemos Education\",\"url\":\"https:\/\/kedemoseducation.com\/fr\/\",\"logo\":{\"@type\":\"ImageObject\",\"inLanguage\":\"fr-FR\",\"@id\":\"https:\/\/kedemoseducation.com\/fr\/#\/schema\/logo\/image\/\",\"url\":\"https:\/\/kedemoseducation.com\/wp-content\/uploads\/2023\/06\/logo-kedemos-education.png\",\"contentUrl\":\"https:\/\/kedemoseducation.com\/wp-content\/uploads\/2023\/06\/logo-kedemos-education.png\",\"width\":2362,\"height\":903,\"caption\":\"Kedemos Education\"},\"image\":{\"@id\":\"https:\/\/kedemoseducation.com\/fr\/#\/schema\/logo\/image\/\"},\"sameAs\":[\"https:\/\/www.facebook.com\/Kedemoseducation\",\"https:\/\/www.instagram.com\/kedemoseducation\/\",\"https:\/\/www.linkedin.com\/company\/kedemos-education\/\"]}]}<\/script>\r\n<!-- \/ Yoast SEO plugin. -->","yoast_head_json":{"title":"Fran\u00e7ais Plus 3 - Cahier d'exercices - K\u00e9d\u00e9mos Education","description":"Le cahier d\u2019exercices Fran\u00e7ais Plus 3 accompagne le livre de l\u2019\u00e9l\u00e8ve et contribue \u00e0 renforcer l\u2019apprentissage du fran\u00e7ais langue \u00e9trang\u00e8re (FLE).","robots":{"index":"index","follow":"follow","max-snippet":"max-snippet:-1","max-image-preview":"max-image-preview:large","max-video-preview":"max-video-preview:-1"},"canonical":"https:\/\/kedemoseducation.com\/fr\/product\/francais-plus-3-cahier-dexercices\/","og_locale":"fr_FR","og_type":"article","og_title":"Fran\u00e7ais Plus 3 - Exercise Workbook - Kedemos Education","og_description":"The Fran\u00e7ais Plus 3 Workbook complements the student\u2019s book and provides additional activities to support learning French as a foreign language.","og_url":"https:\/\/kedemoseducation.com\/fr\/product\/francais-plus-3-cahier-dexercices\/","og_site_name":"Kedemos Education","article_publisher":"https:\/\/www.facebook.com\/Kedemoseducation","article_modified_time":"2026-03-10T10:11:03+00:00","og_image":[{"width":600,"height":800,"url":"https:\/\/kedemoseducation.com\/wp-content\/uploads\/2022\/05\/Francais-plus-3-exercices.jpg","type":"image\/jpeg"}],"twitter_card":"summary_large_image","twitter_misc":{"Dur\u00e9e de lecture estim\u00e9e":"2 minutes"},"schema":{"@context":"https:\/\/schema.org","@graph":[{"@type":"WebPage","@id":"https:\/\/kedemoseducation.com\/product\/francais-plus-3-exercise-workbook\/","url":"https:\/\/kedemoseducation.com\/product\/francais-plus-3-exercise-workbook\/","name":"Fran\u00e7ais Plus 3 - Cahier d'exercices - K\u00e9d\u00e9mos Education","isPartOf":{"@id":"https:\/\/kedemoseducation.com\/fr\/#website"},"primaryImageOfPage":{"@id":"https:\/\/kedemoseducation.com\/product\/francais-plus-3-exercise-workbook\/#primaryimage"},"image":{"@id":"https:\/\/kedemoseducation.com\/product\/francais-plus-3-exercise-workbook\/#primaryimage"},"thumbnailUrl":"https:\/\/i0.wp.com\/kedemoseducation.com\/wp-content\/uploads\/2022\/05\/Francais-plus-3-exercices.jpg?fit=600%2C800&ssl=1","datePublished":"2025-12-23T08:46:10+00:00","dateModified":"2026-03-10T10:11:03+00:00","description":"Le cahier d\u2019exercices Fran\u00e7ais Plus 3 accompagne le livre de l\u2019\u00e9l\u00e8ve et contribue \u00e0 renforcer l\u2019apprentissage du fran\u00e7ais langue \u00e9trang\u00e8re (FLE).","breadcrumb":{"@id":"https:\/\/kedemoseducation.com\/product\/francais-plus-3-exercise-workbook\/#breadcrumb"},"inLanguage":"fr-FR","potentialAction":[{"@type":"ReadAction","target":["https:\/\/kedemoseducation.com\/product\/francais-plus-3-exercise-workbook\/"]}]},{"@type":"ImageObject","inLanguage":"fr-FR","@id":"https:\/\/kedemoseducation.com\/product\/francais-plus-3-exercise-workbook\/#primaryimage","url":"https:\/\/i0.wp.com\/kedemoseducation.com\/wp-content\/uploads\/2022\/05\/Francais-plus-3-exercices.jpg?fit=600%2C800&ssl=1","contentUrl":"https:\/\/i0.wp.com\/kedemoseducation.com\/wp-content\/uploads\/2022\/05\/Francais-plus-3-exercices.jpg?fit=600%2C800&ssl=1","width":600,"height":800,"caption":"Fran\u00e7ais Langue \u00c9trang\u00e8re (FLE) - Fran\u00e7ais Plus 3 Cahier d'exercices"},{"@type":"BreadcrumbList","@id":"https:\/\/kedemoseducation.com\/product\/francais-plus-3-exercise-workbook\/#breadcrumb","itemListElement":[{"@type":"ListItem","position":1,"name":"Home","item":"https:\/\/kedemoseducation.com\/"},{"@type":"ListItem","position":2,"name":"All Products","item":"https:\/\/kedemoseducation.com\/fr\/shop-2\/tous-les-produits\/"},{"@type":"ListItem","position":3,"name":"School Books","item":"https:\/\/kedemoseducation.com\/fr\/categorie-de-produit\/manuels-scolaires\/"},{"@type":"ListItem","position":4,"name":"French as a Foreign Language","item":"https:\/\/kedemoseducation.com\/fr\/categorie-de-produit\/manuels-scolaires\/francais-langue-etrangere\/"},{"@type":"ListItem","position":5,"name":"Fran\u00e7ais Plus 3 &#8211; Exercise Workbook"}]},{"@type":"WebSite","@id":"https:\/\/kedemoseducation.com\/fr\/#website","url":"https:\/\/kedemoseducation.com\/fr\/","name":"K\u00e9d\u00e9mos Education","description":"Le plaisir d'apprendre","publisher":{"@id":"https:\/\/kedemoseducation.com\/fr\/#organization"},"potentialAction":[{"@type":"SearchAction","target":{"@type":"EntryPoint","urlTemplate":"https:\/\/kedemoseducation.com\/fr\/?s={search_term_string}"},"query-input":{"@type":"PropertyValueSpecification","valueRequired":true,"valueName":"search_term_string"}}],"inLanguage":"fr-FR"},{"@type":"Organization","@id":"https:\/\/kedemoseducation.com\/fr\/#organization","name":"K\u00e9d\u00e9mos Education","url":"https:\/\/kedemoseducation.com\/fr\/","logo":{"@type":"ImageObject","inLanguage":"fr-FR","@id":"https:\/\/kedemoseducation.com\/fr\/#\/schema\/logo\/image\/","url":"https:\/\/kedemoseducation.com\/wp-content\/uploads\/2023\/06\/logo-kedemos-education.png","contentUrl":"https:\/\/kedemoseducation.com\/wp-content\/uploads\/2023\/06\/logo-kedemos-education.png","width":2362,"height":903,"caption":"Kedemos Education"},"image":{"@id":"https:\/\/kedemoseducation.com\/fr\/#\/schema\/logo\/image\/"},"sameAs":["https:\/\/www.facebook.com\/Kedemoseducation","https:\/\/www.instagram.com\/kedemoseducation\/","https:\/\/www.linkedin.com\/company\/kedemos-education\/"]}]}},"jetpack_sharing_enabled":true,"_links":{"self":[{"href":"https:\/\/kedemoseducation.com\/fr\/wp-json\/wp\/v2\/product\/285","targetHints":{"allow":["GET"]}}],"collection":[{"href":"https:\/\/kedemoseducation.com\/fr\/wp-json\/wp\/v2\/product"}],"about":[{"href":"https:\/\/kedemoseducation.com\/fr\/wp-json\/wp\/v2\/types\/product"}],"replies":[{"embeddable":true,"href":"https:\/\/kedemoseducation.com\/fr\/wp-json\/wp\/v2\/comments?post=285"}],"wp:featuredmedia":[{"embeddable":true,"href":"https:\/\/kedemoseducation.com\/fr\/wp-json\/wp\/v2\/media\/7348"}],"wp:attachment":[{"href":"https:\/\/kedemoseducation.com\/fr\/wp-json\/wp\/v2\/media?parent=285"}],"wp:term":[{"taxonomy":"product_brand","embeddable":true,"href":"https:\/\/kedemoseducation.com\/fr\/wp-json\/wp\/v2\/product_brand?post=285"},{"taxonomy":"product_cat","embeddable":true,"href":"https:\/\/kedemoseducation.com\/fr\/wp-json\/wp\/v2\/product_cat?post=285"},{"taxonomy":"product_tag","embeddable":true,"href":"https:\/\/kedemoseducation.com\/fr\/wp-json\/wp\/v2\/product_tag?post=285"}],"curies":[{"name":"wp","href":"https:\/\/api.w.org\/{rel}","templated":true}]}}