{"id":281,"date":"2025-12-23T10:46:14","date_gmt":"2025-12-23T08:46:14","guid":{"rendered":"https:\/\/eshop.classperts.com\/?post_type=product&#038;p=281"},"modified":"2026-03-09T10:52:39","modified_gmt":"2026-03-09T08:52:39","slug":"francais-plus-1-exercise-workbook","status":"publish","type":"product","link":"https:\/\/kedemoseducation.com\/fr\/product\/francais-plus-1-cahier-dexercices\/","title":{"rendered":"Fran\u00e7ais Plus 1 \u2013 Cahier d\u2019exercices"},"content":{"rendered":"<h1><b>Fran\u00e7ais Langue \u00c9trang\u00e8re (FLE) - Fran\u00e7ais Plus 1 Cahier d'exercices\u00a0<\/b><\/h1>\n<h2><strong>Pr\u00e9sentation de la M\u00e9thode\u00a0<\/strong><\/h2>\n<p><span style=\"font-weight: 400;\">Le manuel Fran\u00e7ais Plus 1, accompagn\u00e9 de son cahier d\u2019exercices, est le quatri\u00e8me ouvrage de la collection Fran\u00e7ais Plus. Cette collection constitue une m\u00e9thode compl\u00e8te d\u2019apprentissage du fran\u00e7ais langue \u00e9trang\u00e8re (FLE). Elle s\u2019adresse aux \u00e9l\u00e8ves dont la langue maternelle n\u2019est pas le fran\u00e7ais.<\/span><\/p>\n<p><span style=\"font-weight: 400;\">Ce livre est destin\u00e9 aux classes primaires. Il propose une d\u00e9marche active et dynamique pour l\u2019apprentissage du fran\u00e7ais, \u00e0 l\u2019oral comme \u00e0 l\u2019\u00e9crit. Fond\u00e9e sur la motivation et le plaisir d\u2019apprendre, la m\u00e9thode Fran\u00e7ais Plus vise \u00e0 construire et \u00e0 d\u00e9velopper les comp\u00e9tences n\u00e9cessaires \u00e0 l\u2019acquisition de la langue.<\/span><\/p>\n<p><span style=\"font-weight: 400;\">Ce manuel de la collection Fran\u00e7ais Plus comprend deux volets : <a href=\"https:\/\/kedemoseducation.com\/fr\/product\/francais-plus-1-students-book\/\">livre de l\u2019\u00e9l\u00e8ve<\/a> et le cahier d\u2019exercices.<\/span><\/p>\n<h3><b>Fran\u00e7ais Plus 1 \u2013 Cahier d\u2019exercices<\/b><\/h3>\n<p><span style=\"font-weight: 400;\">Le cahier d\u2019exercices prolonge le travail propos\u00e9 dans le livre de l\u2019\u00e9l\u00e8ve. Il met en \u0153uvre les activit\u00e9s suivantes :<\/span><\/p>\n<ul>\n<li style=\"font-weight: 400;\" aria-level=\"1\"><span style=\"font-weight: 400;\">Compr\u00e9hension orale : Ces exercices se trouvent au d\u00e9but de chaque le\u00e7on. Leur objectif est de v\u00e9rifier l\u2019acquisition des structures et du vocabulaire d\u00e9j\u00e0 appris.<\/span><\/li>\n<li style=\"font-weight: 400;\" aria-level=\"1\"><span style=\"font-weight: 400;\">Compr\u00e9hension \u00e9crite : Apr\u00e8s la lecture d\u2019un court texte ou de plusieurs phrases, l\u2019\u00e9l\u00e8ve montre qu\u2019il en a compris le sens.<\/span><\/li>\n<li style=\"font-weight: 400;\" aria-level=\"1\"><span style=\"font-weight: 400;\">Expression \u00e9crite : Ces exercices permettent de r\u00e9utiliser les connaissances pr\u00e9sent\u00e9es dans le livre de l\u2019\u00e9l\u00e8ve.<\/span><\/li>\n<li style=\"font-weight: 400;\" aria-level=\"1\"><span style=\"font-weight: 400;\">Grammaire : Ces activit\u00e9s visent \u00e0 structurer et \u00e0 v\u00e9rifier les apprentissages grammaticaux.<\/span><\/li>\n<\/ul>\n<p>Le cahier d\u2019exercices comprend \u00e9galement des fiches d\u2019\u00e9valuation destin\u00e9es \u00e0 mesurer les progr\u00e8s des \u00e9l\u00e8ves.<\/p>","protected":false},"excerpt":{"rendered":"<p><span style=\"font-weight: 400;\">La collection Fran\u00e7ais Plus est une m\u00e9thode d\u2019apprentissage du fran\u00e7ais langue \u00e9trang\u00e8re (FLE) destin\u00e9e aux apprenants arabophones et anglophones.<\/span><\/p>\n<p><span style=\"font-weight: 400;\">Ce manuel accompagne le livre de l\u2019\u00e9l\u00e8ve et permet de consolider les apprentissages propos\u00e9s dans la m\u00e9thode. Pour acc\u00e9der \u00e0 la collection compl\u00e8te Fran\u00e7ais Plus, veuillez cliquer ici. <a href=\"https:\/\/kedemoseducation.com\/fr\/product-category\/school-books\/french-as-a-foreign-language\/\">ici<\/a>.<\/span><\/p>","protected":false},"featured_media":7342,"comment_status":"closed","ping_status":"closed","template":"","meta":{"_monsterinsights_skip_tracking":false,"_monsterinsights_sitenote_active":false,"_monsterinsights_sitenote_note":"","_monsterinsights_sitenote_category":0},"product_brand":[],"product_cat":[16,117],"product_tag":[64,118,119,120,146],"class_list":{"0":"post-281","1":"product","2":"type-product","3":"status-publish","4":"has-post-thumbnail","6":"product_cat-school-books","7":"product_cat-french-as-a-foreign-language","8":"product_tag-primaire","9":"product_tag-francais-en-langue-etrangere","10":"product_tag-francais-plus","11":"product_tag-fle","12":"product_tag-cahier-dexercices","13":"pa_grade-grade-1","15":"first","16":"instock","17":"shipping-taxable","18":"purchasable","19":"product-type-simple"},"yoast_head":"<!-- This site is optimized with the Yoast SEO plugin v26.4 - https:\/\/yoast.com\/wordpress\/plugins\/seo\/ -->\r\n<title>Fran\u00e7ais Plus 1 Exercise Workbook - Kedemos Education<\/title>\r\n<meta name=\"description\" content=\"The Fran\u00e7ais Plus 1 exercise workbook complements the student\u2019s book and provides additional activities that support and reinforce the learning of French as a foreign language.\" \/>\r\n<meta name=\"robots\" content=\"index, follow, max-snippet:-1, max-image-preview:large, max-video-preview:-1\" \/>\r\n<link rel=\"canonical\" href=\"https:\/\/kedemoseducation.com\/fr\/product\/francais-plus-1-cahier-dexercices\/\" \/>\r\n<meta property=\"og:locale\" content=\"fr_FR\" \/>\r\n<meta property=\"og:type\" content=\"article\" \/>\r\n<meta property=\"og:title\" content=\"Fran\u00e7ais Plus 1 Exercise Workbook - Kedemos Education\" \/>\r\n<meta property=\"og:description\" content=\"The Fran\u00e7ais Plus 1 exercise workbook complements the student\u2019s book and provides additional activities that support and reinforce the learning of French as a foreign language.\" \/>\r\n<meta property=\"og:url\" content=\"https:\/\/kedemoseducation.com\/fr\/product\/francais-plus-1-cahier-dexercices\/\" \/>\r\n<meta property=\"og:site_name\" content=\"Kedemos Education\" \/>\r\n<meta property=\"article:publisher\" content=\"https:\/\/www.facebook.com\/Kedemoseducation\" \/>\r\n<meta property=\"article:modified_time\" content=\"2026-03-09T08:52:39+00:00\" \/>\r\n<meta property=\"og:image\" content=\"https:\/\/kedemoseducation.com\/wp-content\/uploads\/2022\/05\/Francais-plus-1-exercices.jpg\" \/>\r\n\t<meta property=\"og:image:width\" content=\"600\" \/>\r\n\t<meta property=\"og:image:height\" content=\"800\" \/>\r\n\t<meta property=\"og:image:type\" content=\"image\/jpeg\" \/>\r\n<meta name=\"twitter:card\" content=\"summary_large_image\" \/>\r\n<meta name=\"twitter:label1\" content=\"Dur\u00e9e de lecture estim\u00e9e\" \/>\n\t<meta name=\"twitter:data1\" content=\"2 minutes\" \/>\r\n<script type=\"application\/ld+json\" class=\"yoast-schema-graph\">{\"@context\":\"https:\/\/schema.org\",\"@graph\":[{\"@type\":\"WebPage\",\"@id\":\"https:\/\/kedemoseducation.com\/product\/francais-plus-1-exercise-workbook\/\",\"url\":\"https:\/\/kedemoseducation.com\/product\/francais-plus-1-exercise-workbook\/\",\"name\":\"Fran\u00e7ais Plus 1 Exercise Workbook - Kedemos Education\",\"isPartOf\":{\"@id\":\"https:\/\/kedemoseducation.com\/fr\/#website\"},\"primaryImageOfPage\":{\"@id\":\"https:\/\/kedemoseducation.com\/product\/francais-plus-1-exercise-workbook\/#primaryimage\"},\"image\":{\"@id\":\"https:\/\/kedemoseducation.com\/product\/francais-plus-1-exercise-workbook\/#primaryimage\"},\"thumbnailUrl\":\"https:\/\/i0.wp.com\/kedemoseducation.com\/wp-content\/uploads\/2022\/05\/Francais-plus-1-exercices.jpg?fit=600%2C800&ssl=1\",\"datePublished\":\"2025-12-23T08:46:14+00:00\",\"dateModified\":\"2026-03-09T08:52:39+00:00\",\"description\":\"The Fran\u00e7ais Plus 1 exercise workbook complements the student\u2019s book and provides additional activities that support and reinforce the learning of French as a foreign language.\",\"breadcrumb\":{\"@id\":\"https:\/\/kedemoseducation.com\/product\/francais-plus-1-exercise-workbook\/#breadcrumb\"},\"inLanguage\":\"fr-FR\",\"potentialAction\":[{\"@type\":\"ReadAction\",\"target\":[\"https:\/\/kedemoseducation.com\/product\/francais-plus-1-exercise-workbook\/\"]}]},{\"@type\":\"ImageObject\",\"inLanguage\":\"fr-FR\",\"@id\":\"https:\/\/kedemoseducation.com\/product\/francais-plus-1-exercise-workbook\/#primaryimage\",\"url\":\"https:\/\/i0.wp.com\/kedemoseducation.com\/wp-content\/uploads\/2022\/05\/Francais-plus-1-exercices.jpg?fit=600%2C800&ssl=1\",\"contentUrl\":\"https:\/\/i0.wp.com\/kedemoseducation.com\/wp-content\/uploads\/2022\/05\/Francais-plus-1-exercices.jpg?fit=600%2C800&ssl=1\",\"width\":600,\"height\":800,\"caption\":\"Fran\u00e7ais Plus 1 \u2013 Exercise Workbook\"},{\"@type\":\"BreadcrumbList\",\"@id\":\"https:\/\/kedemoseducation.com\/product\/francais-plus-1-exercise-workbook\/#breadcrumb\",\"itemListElement\":[{\"@type\":\"ListItem\",\"position\":1,\"name\":\"Home\",\"item\":\"https:\/\/kedemoseducation.com\/\"},{\"@type\":\"ListItem\",\"position\":2,\"name\":\"All Products\",\"item\":\"https:\/\/kedemoseducation.com\/fr\/shop-2\/tous-les-produits\/\"},{\"@type\":\"ListItem\",\"position\":3,\"name\":\"School Books\",\"item\":\"https:\/\/kedemoseducation.com\/fr\/categorie-de-produit\/manuels-scolaires\/\"},{\"@type\":\"ListItem\",\"position\":4,\"name\":\"Fran\u00e7ais Plus 1 \u2013 Exercise Workbook\"}]},{\"@type\":\"WebSite\",\"@id\":\"https:\/\/kedemoseducation.com\/fr\/#website\",\"url\":\"https:\/\/kedemoseducation.com\/fr\/\",\"name\":\"Kedemos Education\",\"description\":\"The Pleasure of Learning\",\"publisher\":{\"@id\":\"https:\/\/kedemoseducation.com\/fr\/#organization\"},\"potentialAction\":[{\"@type\":\"SearchAction\",\"target\":{\"@type\":\"EntryPoint\",\"urlTemplate\":\"https:\/\/kedemoseducation.com\/fr\/?s={search_term_string}\"},\"query-input\":{\"@type\":\"PropertyValueSpecification\",\"valueRequired\":true,\"valueName\":\"search_term_string\"}}],\"inLanguage\":\"fr-FR\"},{\"@type\":\"Organization\",\"@id\":\"https:\/\/kedemoseducation.com\/fr\/#organization\",\"name\":\"Kedemos Education\",\"url\":\"https:\/\/kedemoseducation.com\/fr\/\",\"logo\":{\"@type\":\"ImageObject\",\"inLanguage\":\"fr-FR\",\"@id\":\"https:\/\/kedemoseducation.com\/fr\/#\/schema\/logo\/image\/\",\"url\":\"https:\/\/kedemoseducation.com\/wp-content\/uploads\/2023\/06\/logo-kedemos-education.png\",\"contentUrl\":\"https:\/\/kedemoseducation.com\/wp-content\/uploads\/2023\/06\/logo-kedemos-education.png\",\"width\":2362,\"height\":903,\"caption\":\"Kedemos Education\"},\"image\":{\"@id\":\"https:\/\/kedemoseducation.com\/fr\/#\/schema\/logo\/image\/\"},\"sameAs\":[\"https:\/\/www.facebook.com\/Kedemoseducation\",\"https:\/\/www.instagram.com\/kedemoseducation\/\",\"https:\/\/www.linkedin.com\/company\/kedemos-education\/\"]}]}<\/script>\r\n<!-- \/ Yoast SEO plugin. -->","yoast_head_json":{"title":"Fran\u00e7ais Plus 1 Cahier d\u2019exercices - K\u00e9d\u00e9mos Education","description":"Le cahier d\u2019exercices Fran\u00e7ais Plus 1 accompagne le livre de l\u2019\u00e9l\u00e8ve et contribue \u00e0 renforcer l\u2019apprentissage du fran\u00e7ais langue \u00e9trang\u00e8re (FLE).","robots":{"index":"index","follow":"follow","max-snippet":"max-snippet:-1","max-image-preview":"max-image-preview:large","max-video-preview":"max-video-preview:-1"},"canonical":"https:\/\/kedemoseducation.com\/fr\/product\/francais-plus-1-cahier-dexercices\/","og_locale":"fr_FR","og_type":"article","og_title":"Fran\u00e7ais Plus 1 Exercise Workbook - Kedemos Education","og_description":"The Fran\u00e7ais Plus 1 exercise workbook complements the student\u2019s book and provides additional activities that support and reinforce the learning of French as a foreign language.","og_url":"https:\/\/kedemoseducation.com\/fr\/product\/francais-plus-1-cahier-dexercices\/","og_site_name":"Kedemos Education","article_publisher":"https:\/\/www.facebook.com\/Kedemoseducation","article_modified_time":"2026-03-09T08:52:39+00:00","og_image":[{"width":600,"height":800,"url":"https:\/\/kedemoseducation.com\/wp-content\/uploads\/2022\/05\/Francais-plus-1-exercices.jpg","type":"image\/jpeg"}],"twitter_card":"summary_large_image","twitter_misc":{"Dur\u00e9e de lecture estim\u00e9e":"2 minutes"},"schema":{"@context":"https:\/\/schema.org","@graph":[{"@type":"WebPage","@id":"https:\/\/kedemoseducation.com\/product\/francais-plus-1-exercise-workbook\/","url":"https:\/\/kedemoseducation.com\/product\/francais-plus-1-exercise-workbook\/","name":"Fran\u00e7ais Plus 1 Cahier d\u2019exercices - K\u00e9d\u00e9mos Education","isPartOf":{"@id":"https:\/\/kedemoseducation.com\/fr\/#website"},"primaryImageOfPage":{"@id":"https:\/\/kedemoseducation.com\/product\/francais-plus-1-exercise-workbook\/#primaryimage"},"image":{"@id":"https:\/\/kedemoseducation.com\/product\/francais-plus-1-exercise-workbook\/#primaryimage"},"thumbnailUrl":"https:\/\/i0.wp.com\/kedemoseducation.com\/wp-content\/uploads\/2022\/05\/Francais-plus-1-exercices.jpg?fit=600%2C800&ssl=1","datePublished":"2025-12-23T08:46:14+00:00","dateModified":"2026-03-09T08:52:39+00:00","description":"Le cahier d\u2019exercices Fran\u00e7ais Plus 1 accompagne le livre de l\u2019\u00e9l\u00e8ve et contribue \u00e0 renforcer l\u2019apprentissage du fran\u00e7ais langue \u00e9trang\u00e8re (FLE).","breadcrumb":{"@id":"https:\/\/kedemoseducation.com\/product\/francais-plus-1-exercise-workbook\/#breadcrumb"},"inLanguage":"fr-FR","potentialAction":[{"@type":"ReadAction","target":["https:\/\/kedemoseducation.com\/product\/francais-plus-1-exercise-workbook\/"]}]},{"@type":"ImageObject","inLanguage":"fr-FR","@id":"https:\/\/kedemoseducation.com\/product\/francais-plus-1-exercise-workbook\/#primaryimage","url":"https:\/\/i0.wp.com\/kedemoseducation.com\/wp-content\/uploads\/2022\/05\/Francais-plus-1-exercices.jpg?fit=600%2C800&ssl=1","contentUrl":"https:\/\/i0.wp.com\/kedemoseducation.com\/wp-content\/uploads\/2022\/05\/Francais-plus-1-exercices.jpg?fit=600%2C800&ssl=1","width":600,"height":800,"caption":"Fran\u00e7ais Plus 1 \u2013 Exercise Workbook"},{"@type":"BreadcrumbList","@id":"https:\/\/kedemoseducation.com\/product\/francais-plus-1-exercise-workbook\/#breadcrumb","itemListElement":[{"@type":"ListItem","position":1,"name":"Home","item":"https:\/\/kedemoseducation.com\/"},{"@type":"ListItem","position":2,"name":"All Products","item":"https:\/\/kedemoseducation.com\/fr\/shop-2\/tous-les-produits\/"},{"@type":"ListItem","position":3,"name":"School Books","item":"https:\/\/kedemoseducation.com\/fr\/categorie-de-produit\/manuels-scolaires\/"},{"@type":"ListItem","position":4,"name":"Fran\u00e7ais Plus 1 \u2013 Exercise Workbook"}]},{"@type":"WebSite","@id":"https:\/\/kedemoseducation.com\/fr\/#website","url":"https:\/\/kedemoseducation.com\/fr\/","name":"K\u00e9d\u00e9mos Education","description":"Le plaisir d'apprendre","publisher":{"@id":"https:\/\/kedemoseducation.com\/fr\/#organization"},"potentialAction":[{"@type":"SearchAction","target":{"@type":"EntryPoint","urlTemplate":"https:\/\/kedemoseducation.com\/fr\/?s={search_term_string}"},"query-input":{"@type":"PropertyValueSpecification","valueRequired":true,"valueName":"search_term_string"}}],"inLanguage":"fr-FR"},{"@type":"Organization","@id":"https:\/\/kedemoseducation.com\/fr\/#organization","name":"K\u00e9d\u00e9mos Education","url":"https:\/\/kedemoseducation.com\/fr\/","logo":{"@type":"ImageObject","inLanguage":"fr-FR","@id":"https:\/\/kedemoseducation.com\/fr\/#\/schema\/logo\/image\/","url":"https:\/\/kedemoseducation.com\/wp-content\/uploads\/2023\/06\/logo-kedemos-education.png","contentUrl":"https:\/\/kedemoseducation.com\/wp-content\/uploads\/2023\/06\/logo-kedemos-education.png","width":2362,"height":903,"caption":"Kedemos Education"},"image":{"@id":"https:\/\/kedemoseducation.com\/fr\/#\/schema\/logo\/image\/"},"sameAs":["https:\/\/www.facebook.com\/Kedemoseducation","https:\/\/www.instagram.com\/kedemoseducation\/","https:\/\/www.linkedin.com\/company\/kedemos-education\/"]}]}},"jetpack_sharing_enabled":true,"_links":{"self":[{"href":"https:\/\/kedemoseducation.com\/fr\/wp-json\/wp\/v2\/product\/281","targetHints":{"allow":["GET"]}}],"collection":[{"href":"https:\/\/kedemoseducation.com\/fr\/wp-json\/wp\/v2\/product"}],"about":[{"href":"https:\/\/kedemoseducation.com\/fr\/wp-json\/wp\/v2\/types\/product"}],"replies":[{"embeddable":true,"href":"https:\/\/kedemoseducation.com\/fr\/wp-json\/wp\/v2\/comments?post=281"}],"wp:featuredmedia":[{"embeddable":true,"href":"https:\/\/kedemoseducation.com\/fr\/wp-json\/wp\/v2\/media\/7342"}],"wp:attachment":[{"href":"https:\/\/kedemoseducation.com\/fr\/wp-json\/wp\/v2\/media?parent=281"}],"wp:term":[{"taxonomy":"product_brand","embeddable":true,"href":"https:\/\/kedemoseducation.com\/fr\/wp-json\/wp\/v2\/product_brand?post=281"},{"taxonomy":"product_cat","embeddable":true,"href":"https:\/\/kedemoseducation.com\/fr\/wp-json\/wp\/v2\/product_cat?post=281"},{"taxonomy":"product_tag","embeddable":true,"href":"https:\/\/kedemoseducation.com\/fr\/wp-json\/wp\/v2\/product_tag?post=281"}],"curies":[{"name":"wp","href":"https:\/\/api.w.org\/{rel}","templated":true}]}}