{"id":279,"date":"2022-05-05T06:18:03","date_gmt":"2022-05-05T06:18:03","guid":{"rendered":"https:\/\/eshop.classperts.com\/?post_type=product&#038;p=279"},"modified":"2026-03-04T10:57:15","modified_gmt":"2026-03-04T08:57:15","slug":"francais-plus-pre-junior","status":"publish","type":"product","link":"https:\/\/kedemoseducation.com\/fr\/product\/francais-plus-pre-junior\/","title":{"rendered":"Fran\u00e7ais Plus Pr\u00e9-Junior"},"content":{"rendered":"<h1><b>Fran\u00e7ais Langue \u00c9trang\u00e8re (FLE) - Fran\u00e7ais Plus Pr\u00e9-Junior<\/b><\/h1>\n<h2><strong>Pr\u00e9sentation de la M\u00e9thode<\/strong><\/h2>\n<p><span style=\"font-weight: 400;\">Le manuel Fran\u00e7ais Plus Pr\u00e9-Junior est le deuxi\u00e8me ouvrage de la collection Fran\u00e7ais Plus. Cette collection constitue une m\u00e9thode compl\u00e8te d\u2019apprentissage du fran\u00e7ais langue \u00e9trang\u00e8re (FLE). Elle s\u2019adresse donc aux \u00e9l\u00e8ves dont la langue maternelle n\u2019est pas le fran\u00e7ais.<\/span><\/p>\n<p><span style=\"font-weight: 400;\">Gr\u00e2ce \u00e0 ses tr\u00e8s nombreuses illustrations, Fran\u00e7ais Plus Pr\u00e9-Junior propose une premi\u00e8re approche structur\u00e9e de l\u2019apprentissage du fran\u00e7ais. Il s\u2019adresse \u00e0 des enfants qui savent d\u00e9j\u00e0 lire en anglais ou qui sont en train d\u2019apprendre \u00e0 lire dans cette langue.<\/span><\/p>\n<p><span style=\"font-weight: 400;\">La progression repose sur l\u2019identification et l\u2019apprentissage des phon\u00e8mes fran\u00e7ais diff\u00e9rents de ceux de l\u2019anglais, comme par exemple les phon\u00e8mes i, u, \u00e9, oi, on, an, etc.<\/span><\/p>\n<h3><strong>Fran\u00e7ais Plus Pr\u00e9-Junior<\/strong><\/h3>\n<p><span style=\"font-weight: 400;\">Ce manuel comprend :<\/span><\/p>\n<ul>\n<li style=\"font-weight: 400;\" aria-level=\"1\">Dix-sept le\u00e7ons, chacune portant sur une structure de la langue ainsi que sur une correspondance phon\u00e8me-graph\u00e8me.<\/li>\n<\/ul>\n<p>Ces le\u00e7ons suivent toutes la m\u00eame organisation :<\/p>\n<ul>\n<li style=\"font-weight: 400;\" aria-level=\"1\">Une pr\u00e9sentation des objectifs. Celle-ci se fait en deux \u00e9tapes : d\u2019abord sous forme de bande dessin\u00e9e, puis \u00e0 travers des petites illustrations qui prolongent la situation<\/li>\n<li style=\"font-weight: 400;\" aria-level=\"1\">Une rubrique de phon\u00e9tique.<\/li>\n<li style=\"font-weight: 400;\" aria-level=\"1\">Une activit\u00e9 visant \u00e0 encourager les enfants \u00e0 r\u00e9utiliser oralement les structures et le vocabulaire d\u00e9j\u00e0 pr\u00e9sent\u00e9s<\/li>\n<li style=\"font-weight: 400;\" aria-level=\"1\">Des exercices \u00e9crits portant sur les objectifs de la le\u00e7on.<\/li>\n<\/ul>\n<p>Le manuel propose \u00e9galement :<\/p>\n<ul>\n<li style=\"font-weight: 400;\" aria-level=\"1\">Six pages de vocabulaire compl\u00e9mentaire.<\/li>\n<li style=\"font-weight: 400;\" aria-level=\"1\">Six pages de chansons et de comptines, dont certaines sont accompagn\u00e9es d\u2019une gestuelle.<\/li>\n<li aria-level=\"1\">Dix pages d\u2019exercices de r\u00e9vision permettant de consolider les acquis.<\/li>\n<\/ul>","protected":false},"excerpt":{"rendered":"<p><span style=\"font-weight: 400;\">La collection Fran\u00e7ais Plus est une m\u00e9thode d\u2019apprentissage du fran\u00e7ais langue \u00e9trang\u00e8re (FLE) destin\u00e9e aux apprenants arabophones et anglophones.\n Elle propose une approche p\u00e9dagogique originale qui d\u00e9veloppe la compr\u00e9hension orale, l\u2019expression orale, la compr\u00e9hension \u00e9crite et l\u2019expression \u00e9crite.<\/span><\/p>\n<p><span style=\"font-weight: 400;\">Pour acc\u00e9der \u00e0 la collection compl\u00e8te Fran\u00e7ais Plus, veuillez cliquer ici.<\/span><\/p>","protected":false},"featured_media":7335,"comment_status":"closed","ping_status":"closed","template":"","meta":{"_monsterinsights_skip_tracking":false,"_monsterinsights_sitenote_active":false,"_monsterinsights_sitenote_note":"","_monsterinsights_sitenote_category":0},"product_brand":[],"product_cat":[16,117],"product_tag":[56,118,119,120,122],"class_list":{"0":"post-279","1":"product","2":"type-product","3":"status-publish","4":"has-post-thumbnail","6":"product_cat-school-books","7":"product_cat-french-as-a-foreign-language","8":"product_tag-maternelle","9":"product_tag-francais-en-langue-etrangere","10":"product_tag-francais-plus","11":"product_tag-fle","12":"product_tag-pre-junior","13":"pa_grade-kg3","15":"first","16":"instock","17":"shipping-taxable","18":"purchasable","19":"product-type-simple"},"yoast_head":"<!-- This site is optimized with the Yoast SEO plugin v26.4 - https:\/\/yoast.com\/wordpress\/plugins\/seo\/ -->\r\n<title>Fran\u00e7ais Plus Pr\u00e9-Junior - Kedemos Education<\/title>\r\n<meta name=\"description\" content=\"The \u201cFran\u00e7ais Plus Pr\u00e9-Junior\u201d textbook introduces children who read or are learning to read in English to French through phonics and structured lessons.\" \/>\r\n<meta name=\"robots\" content=\"index, follow, max-snippet:-1, max-image-preview:large, max-video-preview:-1\" \/>\r\n<link rel=\"canonical\" href=\"https:\/\/kedemoseducation.com\/fr\/product\/francais-plus-pre-junior\/\" \/>\r\n<meta property=\"og:locale\" content=\"fr_FR\" \/>\r\n<meta property=\"og:type\" content=\"article\" \/>\r\n<meta property=\"og:title\" content=\"Fran\u00e7ais Plus Pr\u00e9-Junior - Kedemos Education\" \/>\r\n<meta property=\"og:description\" content=\"The \u201cFran\u00e7ais Plus Pr\u00e9-Junior\u201d textbook introduces children who read or are learning to read in English to French through phonics and structured lessons.\" \/>\r\n<meta property=\"og:url\" content=\"https:\/\/kedemoseducation.com\/fr\/product\/francais-plus-pre-junior\/\" \/>\r\n<meta property=\"og:site_name\" content=\"Kedemos Education\" \/>\r\n<meta property=\"article:publisher\" content=\"https:\/\/www.facebook.com\/Kedemoseducation\" \/>\r\n<meta property=\"article:modified_time\" content=\"2026-03-04T08:57:15+00:00\" \/>\r\n<meta property=\"og:image\" content=\"https:\/\/kedemoseducation.com\/wp-content\/uploads\/2022\/05\/Francais-plus-pre-junior.jpg\" \/>\r\n\t<meta property=\"og:image:width\" content=\"600\" \/>\r\n\t<meta property=\"og:image:height\" content=\"800\" \/>\r\n\t<meta property=\"og:image:type\" content=\"image\/jpeg\" \/>\r\n<meta name=\"twitter:card\" content=\"summary_large_image\" \/>\r\n<meta name=\"twitter:label1\" content=\"Dur\u00e9e de lecture estim\u00e9e\" \/>\n\t<meta name=\"twitter:data1\" content=\"2 minutes\" \/>\r\n<script type=\"application\/ld+json\" class=\"yoast-schema-graph\">{\"@context\":\"https:\/\/schema.org\",\"@graph\":[{\"@type\":\"WebPage\",\"@id\":\"https:\/\/kedemoseducation.com\/product\/francais-plus-pre-junior\/\",\"url\":\"https:\/\/kedemoseducation.com\/product\/francais-plus-pre-junior\/\",\"name\":\"Fran\u00e7ais Plus Pr\u00e9-Junior - Kedemos Education\",\"isPartOf\":{\"@id\":\"https:\/\/kedemoseducation.com\/fr\/#website\"},\"primaryImageOfPage\":{\"@id\":\"https:\/\/kedemoseducation.com\/product\/francais-plus-pre-junior\/#primaryimage\"},\"image\":{\"@id\":\"https:\/\/kedemoseducation.com\/product\/francais-plus-pre-junior\/#primaryimage\"},\"thumbnailUrl\":\"https:\/\/i0.wp.com\/kedemoseducation.com\/wp-content\/uploads\/2022\/05\/Francais-plus-pre-junior.jpg?fit=600%2C800&ssl=1\",\"datePublished\":\"2022-05-05T06:18:03+00:00\",\"dateModified\":\"2026-03-04T08:57:15+00:00\",\"description\":\"The \u201cFran\u00e7ais Plus Pr\u00e9-Junior\u201d textbook introduces children who read or are learning to read in English to French through phonics and structured lessons.\",\"breadcrumb\":{\"@id\":\"https:\/\/kedemoseducation.com\/product\/francais-plus-pre-junior\/#breadcrumb\"},\"inLanguage\":\"fr-FR\",\"potentialAction\":[{\"@type\":\"ReadAction\",\"target\":[\"https:\/\/kedemoseducation.com\/product\/francais-plus-pre-junior\/\"]}]},{\"@type\":\"ImageObject\",\"inLanguage\":\"fr-FR\",\"@id\":\"https:\/\/kedemoseducation.com\/product\/francais-plus-pre-junior\/#primaryimage\",\"url\":\"https:\/\/i0.wp.com\/kedemoseducation.com\/wp-content\/uploads\/2022\/05\/Francais-plus-pre-junior.jpg?fit=600%2C800&ssl=1\",\"contentUrl\":\"https:\/\/i0.wp.com\/kedemoseducation.com\/wp-content\/uploads\/2022\/05\/Francais-plus-pre-junior.jpg?fit=600%2C800&ssl=1\",\"width\":600,\"height\":800,\"caption\":\"Fran\u00e7ais Langue \u00c9trang\u00e8re (FLE) - Fran\u00e7ais Plus Pr\u00e9-Junior\"},{\"@type\":\"BreadcrumbList\",\"@id\":\"https:\/\/kedemoseducation.com\/product\/francais-plus-pre-junior\/#breadcrumb\",\"itemListElement\":[{\"@type\":\"ListItem\",\"position\":1,\"name\":\"Home\",\"item\":\"https:\/\/kedemoseducation.com\/\"},{\"@type\":\"ListItem\",\"position\":2,\"name\":\"All Products\",\"item\":\"https:\/\/kedemoseducation.com\/fr\/shop-2\/tous-les-produits\/\"},{\"@type\":\"ListItem\",\"position\":3,\"name\":\"School Books\",\"item\":\"https:\/\/kedemoseducation.com\/fr\/categorie-de-produit\/manuels-scolaires\/\"},{\"@type\":\"ListItem\",\"position\":4,\"name\":\"Fran\u00e7ais Plus Pr\u00e9-Junior\"}]},{\"@type\":\"WebSite\",\"@id\":\"https:\/\/kedemoseducation.com\/fr\/#website\",\"url\":\"https:\/\/kedemoseducation.com\/fr\/\",\"name\":\"Kedemos Education\",\"description\":\"The Pleasure of Learning\",\"publisher\":{\"@id\":\"https:\/\/kedemoseducation.com\/fr\/#organization\"},\"potentialAction\":[{\"@type\":\"SearchAction\",\"target\":{\"@type\":\"EntryPoint\",\"urlTemplate\":\"https:\/\/kedemoseducation.com\/fr\/?s={search_term_string}\"},\"query-input\":{\"@type\":\"PropertyValueSpecification\",\"valueRequired\":true,\"valueName\":\"search_term_string\"}}],\"inLanguage\":\"fr-FR\"},{\"@type\":\"Organization\",\"@id\":\"https:\/\/kedemoseducation.com\/fr\/#organization\",\"name\":\"Kedemos Education\",\"url\":\"https:\/\/kedemoseducation.com\/fr\/\",\"logo\":{\"@type\":\"ImageObject\",\"inLanguage\":\"fr-FR\",\"@id\":\"https:\/\/kedemoseducation.com\/fr\/#\/schema\/logo\/image\/\",\"url\":\"https:\/\/kedemoseducation.com\/wp-content\/uploads\/2023\/06\/logo-kedemos-education.png\",\"contentUrl\":\"https:\/\/kedemoseducation.com\/wp-content\/uploads\/2023\/06\/logo-kedemos-education.png\",\"width\":2362,\"height\":903,\"caption\":\"Kedemos Education\"},\"image\":{\"@id\":\"https:\/\/kedemoseducation.com\/fr\/#\/schema\/logo\/image\/\"},\"sameAs\":[\"https:\/\/www.facebook.com\/Kedemoseducation\",\"https:\/\/www.instagram.com\/kedemoseducation\/\",\"https:\/\/www.linkedin.com\/company\/kedemos-education\/\"]}]}<\/script>\r\n<!-- \/ Yoast SEO plugin. -->","yoast_head_json":{"title":"Fran\u00e7ais Plus Pr\u00e9-Junior - K\u00e9d\u00e9mos Education","description":"Le manuel Fran\u00e7ais Plus Pr\u00e9-Junior s\u2019adresse aux enfants qui savent d\u00e9j\u00e0 lire en anglais ou qui sont en train d\u2019apprendre \u00e0 lire dans cette langue.","robots":{"index":"index","follow":"follow","max-snippet":"max-snippet:-1","max-image-preview":"max-image-preview:large","max-video-preview":"max-video-preview:-1"},"canonical":"https:\/\/kedemoseducation.com\/fr\/product\/francais-plus-pre-junior\/","og_locale":"fr_FR","og_type":"article","og_title":"Fran\u00e7ais Plus Pr\u00e9-Junior - Kedemos Education","og_description":"The \u201cFran\u00e7ais Plus Pr\u00e9-Junior\u201d textbook introduces children who read or are learning to read in English to French through phonics and structured lessons.","og_url":"https:\/\/kedemoseducation.com\/fr\/product\/francais-plus-pre-junior\/","og_site_name":"Kedemos Education","article_publisher":"https:\/\/www.facebook.com\/Kedemoseducation","article_modified_time":"2026-03-04T08:57:15+00:00","og_image":[{"width":600,"height":800,"url":"https:\/\/kedemoseducation.com\/wp-content\/uploads\/2022\/05\/Francais-plus-pre-junior.jpg","type":"image\/jpeg"}],"twitter_card":"summary_large_image","twitter_misc":{"Dur\u00e9e de lecture estim\u00e9e":"2 minutes"},"schema":{"@context":"https:\/\/schema.org","@graph":[{"@type":"WebPage","@id":"https:\/\/kedemoseducation.com\/product\/francais-plus-pre-junior\/","url":"https:\/\/kedemoseducation.com\/product\/francais-plus-pre-junior\/","name":"Fran\u00e7ais Plus Pr\u00e9-Junior - K\u00e9d\u00e9mos Education","isPartOf":{"@id":"https:\/\/kedemoseducation.com\/fr\/#website"},"primaryImageOfPage":{"@id":"https:\/\/kedemoseducation.com\/product\/francais-plus-pre-junior\/#primaryimage"},"image":{"@id":"https:\/\/kedemoseducation.com\/product\/francais-plus-pre-junior\/#primaryimage"},"thumbnailUrl":"https:\/\/i0.wp.com\/kedemoseducation.com\/wp-content\/uploads\/2022\/05\/Francais-plus-pre-junior.jpg?fit=600%2C800&ssl=1","datePublished":"2022-05-05T06:18:03+00:00","dateModified":"2026-03-04T08:57:15+00:00","description":"Le manuel Fran\u00e7ais Plus Pr\u00e9-Junior s\u2019adresse aux enfants qui savent d\u00e9j\u00e0 lire en anglais ou qui sont en train d\u2019apprendre \u00e0 lire dans cette langue.","breadcrumb":{"@id":"https:\/\/kedemoseducation.com\/product\/francais-plus-pre-junior\/#breadcrumb"},"inLanguage":"fr-FR","potentialAction":[{"@type":"ReadAction","target":["https:\/\/kedemoseducation.com\/product\/francais-plus-pre-junior\/"]}]},{"@type":"ImageObject","inLanguage":"fr-FR","@id":"https:\/\/kedemoseducation.com\/product\/francais-plus-pre-junior\/#primaryimage","url":"https:\/\/i0.wp.com\/kedemoseducation.com\/wp-content\/uploads\/2022\/05\/Francais-plus-pre-junior.jpg?fit=600%2C800&ssl=1","contentUrl":"https:\/\/i0.wp.com\/kedemoseducation.com\/wp-content\/uploads\/2022\/05\/Francais-plus-pre-junior.jpg?fit=600%2C800&ssl=1","width":600,"height":800,"caption":"Fran\u00e7ais Langue \u00c9trang\u00e8re (FLE) - Fran\u00e7ais Plus Pr\u00e9-Junior"},{"@type":"BreadcrumbList","@id":"https:\/\/kedemoseducation.com\/product\/francais-plus-pre-junior\/#breadcrumb","itemListElement":[{"@type":"ListItem","position":1,"name":"Home","item":"https:\/\/kedemoseducation.com\/"},{"@type":"ListItem","position":2,"name":"All Products","item":"https:\/\/kedemoseducation.com\/fr\/shop-2\/tous-les-produits\/"},{"@type":"ListItem","position":3,"name":"School Books","item":"https:\/\/kedemoseducation.com\/fr\/categorie-de-produit\/manuels-scolaires\/"},{"@type":"ListItem","position":4,"name":"Fran\u00e7ais Plus Pr\u00e9-Junior"}]},{"@type":"WebSite","@id":"https:\/\/kedemoseducation.com\/fr\/#website","url":"https:\/\/kedemoseducation.com\/fr\/","name":"K\u00e9d\u00e9mos Education","description":"Le plaisir d'apprendre","publisher":{"@id":"https:\/\/kedemoseducation.com\/fr\/#organization"},"potentialAction":[{"@type":"SearchAction","target":{"@type":"EntryPoint","urlTemplate":"https:\/\/kedemoseducation.com\/fr\/?s={search_term_string}"},"query-input":{"@type":"PropertyValueSpecification","valueRequired":true,"valueName":"search_term_string"}}],"inLanguage":"fr-FR"},{"@type":"Organization","@id":"https:\/\/kedemoseducation.com\/fr\/#organization","name":"K\u00e9d\u00e9mos Education","url":"https:\/\/kedemoseducation.com\/fr\/","logo":{"@type":"ImageObject","inLanguage":"fr-FR","@id":"https:\/\/kedemoseducation.com\/fr\/#\/schema\/logo\/image\/","url":"https:\/\/kedemoseducation.com\/wp-content\/uploads\/2023\/06\/logo-kedemos-education.png","contentUrl":"https:\/\/kedemoseducation.com\/wp-content\/uploads\/2023\/06\/logo-kedemos-education.png","width":2362,"height":903,"caption":"Kedemos Education"},"image":{"@id":"https:\/\/kedemoseducation.com\/fr\/#\/schema\/logo\/image\/"},"sameAs":["https:\/\/www.facebook.com\/Kedemoseducation","https:\/\/www.instagram.com\/kedemoseducation\/","https:\/\/www.linkedin.com\/company\/kedemos-education\/"]}]}},"jetpack_sharing_enabled":true,"_links":{"self":[{"href":"https:\/\/kedemoseducation.com\/fr\/wp-json\/wp\/v2\/product\/279","targetHints":{"allow":["GET"]}}],"collection":[{"href":"https:\/\/kedemoseducation.com\/fr\/wp-json\/wp\/v2\/product"}],"about":[{"href":"https:\/\/kedemoseducation.com\/fr\/wp-json\/wp\/v2\/types\/product"}],"replies":[{"embeddable":true,"href":"https:\/\/kedemoseducation.com\/fr\/wp-json\/wp\/v2\/comments?post=279"}],"wp:featuredmedia":[{"embeddable":true,"href":"https:\/\/kedemoseducation.com\/fr\/wp-json\/wp\/v2\/media\/7335"}],"wp:attachment":[{"href":"https:\/\/kedemoseducation.com\/fr\/wp-json\/wp\/v2\/media?parent=279"}],"wp:term":[{"taxonomy":"product_brand","embeddable":true,"href":"https:\/\/kedemoseducation.com\/fr\/wp-json\/wp\/v2\/product_brand?post=279"},{"taxonomy":"product_cat","embeddable":true,"href":"https:\/\/kedemoseducation.com\/fr\/wp-json\/wp\/v2\/product_cat?post=279"},{"taxonomy":"product_tag","embeddable":true,"href":"https:\/\/kedemoseducation.com\/fr\/wp-json\/wp\/v2\/product_tag?post=279"}],"curies":[{"name":"wp","href":"https:\/\/api.w.org\/{rel}","templated":true}]}}