{"id":277,"date":"2022-05-05T06:18:02","date_gmt":"2022-05-05T06:18:02","guid":{"rendered":"https:\/\/eshop.classperts.com\/?post_type=product&#038;p=277"},"modified":"2026-03-04T10:54:42","modified_gmt":"2026-03-04T08:54:42","slug":"francais-plus-abc","status":"publish","type":"product","link":"https:\/\/kedemoseducation.com\/fr\/product\/francais-plus-abc\/","title":{"rendered":"Fran\u00e7ais Plus abc"},"content":{"rendered":"<h1><b>Fran\u00e7ais Langue \u00c9trang\u00e8re (FLE) - Fran\u00e7ais Plus abc<\/b><\/h1>\n<h1><b>Pr\u00e9sentation de la M\u00e9thode<\/b><\/h1>\n<p><span style=\"font-weight: 400;\">Le manuel Fran\u00e7ais Plus abc est le premier ouvrage de la collection Fran\u00e7ais Plus. Cette collection constitue une m\u00e9thode compl\u00e8te d\u2019apprentissage du fran\u00e7ais langue \u00e9trang\u00e8re (FLE). Elle s\u2019adresse donc aux \u00e9l\u00e8ves dont la langue maternelle n\u2019est pas le fran\u00e7ais.<\/span><\/p>\n<p><span style=\"font-weight: 400;\">Ce livre est destin\u00e9 aux enfants des classes maternelles et constitue une premi\u00e8re initiation \u00e0 l\u2019apprentissage du fran\u00e7ais.<\/span><\/p>\n<h3><b>Fran\u00e7ais Plus abc<\/b><\/h3>\n<p><span style=\"font-weight: 400;\">Dans le livre abc, les lettres de l\u2019alphabet sont pr\u00e9sent\u00e9es. Pour chaque lettre, vous trouverez :<\/span><\/p>\n<ul>\n<li style=\"font-weight: 400;\" aria-level=\"1\"><span style=\"font-weight: 400;\">5 ou 6 illustrations repr\u00e9sentant des mots ou des phrases qui commencent par cette lettre de l\u2019alphabet. Parfois, ces mots contiennent \u00e9galement la lettre au milieu du mot.<\/span><\/li>\n<li style=\"font-weight: 400;\" aria-level=\"1\"><span style=\"font-weight: 400;\">Certains mots ou situations permettent de mener des activit\u00e9s d\u2019expression orale.<\/span><\/li>\n<li style=\"font-weight: 400;\" aria-level=\"1\"><span style=\"font-weight: 400;\">D\u2019autres peuvent \u00eatre r\u00e9utilis\u00e9s sous forme de jeux.<\/span><\/li>\n<li style=\"font-weight: 400;\" aria-level=\"1\"><span style=\"font-weight: 400;\">Deux lignes d\u2019initiation \u00e0 l\u2019\u00e9criture de chaque lettre. Le trac\u00e9 des lettres pr\u00e9sent\u00e9 suit l\u2019usage anglo-saxon et comprend uniquement les lettres minuscules.<\/span><\/li>\n<\/ul>\n<p><span style=\"font-weight: 400;\">On trouve \u00e9galement dans ce manuel de FLE :<\/span><\/p>\n<ul>\n<li style=\"font-weight: 400;\" aria-level=\"1\"><span style=\"font-weight: 400;\">Des pages d\u2019exercices permettant une r\u00e9capitulation rapide des acquis.<\/span><\/li>\n<li style=\"font-weight: 400;\" aria-level=\"1\"><span style=\"font-weight: 400;\">Des pages de chansons et de comptines, dont certaines sont accompagn\u00e9es d\u2019une gestuelle.<\/span><\/li>\n<\/ul>","protected":false},"excerpt":{"rendered":"<p><span style=\"font-weight: 400;\">La collection Fran\u00e7ais Plus est une m\u00e9thode d\u2019apprentissage du fran\u00e7ais langue \u00e9trang\u00e8re (FLE) destin\u00e9e aux apprenants arabophones et anglophones.\n Elle propose une approche p\u00e9dagogique originale qui d\u00e9veloppe la compr\u00e9hension orale, l\u2019expression orale, la compr\u00e9hension \u00e9crite et l\u2019expression \u00e9crite.<\/span><\/p>\n<p><span style=\"font-weight: 400;\">Pour acc\u00e9der \u00e0 la collection compl\u00e8te Fran\u00e7ais Plus, veuillez cliquer ici.<\/span><\/p>","protected":false},"featured_media":7334,"comment_status":"closed","ping_status":"closed","template":"","meta":{"_monsterinsights_skip_tracking":false,"_monsterinsights_sitenote_active":false,"_monsterinsights_sitenote_note":"","_monsterinsights_sitenote_category":0},"product_brand":[],"product_cat":[16,117],"product_tag":[56,118,119,120,121],"class_list":{"0":"post-277","1":"product","2":"type-product","3":"status-publish","4":"has-post-thumbnail","6":"product_cat-school-books","7":"product_cat-french-as-a-foreign-language","8":"product_tag-maternelle","9":"product_tag-francais-en-langue-etrangere","10":"product_tag-francais-plus","11":"product_tag-fle","12":"product_tag-abc","13":"pa_grade-kg2","15":"first","16":"instock","17":"shipping-taxable","18":"purchasable","19":"product-type-simple"},"yoast_head":"<!-- This site is optimized with the Yoast SEO plugin v26.4 - https:\/\/yoast.com\/wordpress\/plugins\/seo\/ -->\r\n<title>Fran\u00e7ais Plus abc - Kedemos Education<\/title>\r\n<meta name=\"description\" content=\"The \u201cFran\u00e7ais Plus abc\u201d textbook introduces preschool children to French as a foreign language through alphabet activities, vocabulary, and oral expression.\" \/>\r\n<meta name=\"robots\" content=\"index, follow, max-snippet:-1, max-image-preview:large, max-video-preview:-1\" \/>\r\n<link rel=\"canonical\" href=\"https:\/\/kedemoseducation.com\/fr\/product\/francais-plus-abc\/\" \/>\r\n<meta property=\"og:locale\" content=\"fr_FR\" \/>\r\n<meta property=\"og:type\" content=\"article\" \/>\r\n<meta property=\"og:title\" content=\"Fran\u00e7ais Plus abc - Kedemos Education\" \/>\r\n<meta property=\"og:description\" content=\"The \u201cFran\u00e7ais Plus abc\u201d textbook introduces preschool children to French as a foreign language through alphabet activities, vocabulary, and oral expression.\" \/>\r\n<meta property=\"og:url\" content=\"https:\/\/kedemoseducation.com\/fr\/product\/francais-plus-abc\/\" \/>\r\n<meta property=\"og:site_name\" content=\"Kedemos Education\" \/>\r\n<meta property=\"article:publisher\" content=\"https:\/\/www.facebook.com\/Kedemoseducation\" \/>\r\n<meta property=\"article:modified_time\" content=\"2026-03-04T08:54:42+00:00\" \/>\r\n<meta property=\"og:image\" content=\"https:\/\/kedemoseducation.com\/wp-content\/uploads\/2022\/05\/Francais-plus-abc-1.jpg\" \/>\r\n\t<meta property=\"og:image:width\" content=\"600\" \/>\r\n\t<meta property=\"og:image:height\" content=\"800\" \/>\r\n\t<meta property=\"og:image:type\" content=\"image\/jpeg\" \/>\r\n<meta name=\"twitter:card\" content=\"summary_large_image\" \/>\r\n<meta name=\"twitter:label1\" content=\"Dur\u00e9e de lecture estim\u00e9e\" \/>\n\t<meta name=\"twitter:data1\" content=\"2 minutes\" \/>\r\n<script type=\"application\/ld+json\" class=\"yoast-schema-graph\">{\"@context\":\"https:\/\/schema.org\",\"@graph\":[{\"@type\":\"WebPage\",\"@id\":\"https:\/\/kedemoseducation.com\/product\/francais-plus-abc\/\",\"url\":\"https:\/\/kedemoseducation.com\/product\/francais-plus-abc\/\",\"name\":\"Fran\u00e7ais Plus abc - Kedemos Education\",\"isPartOf\":{\"@id\":\"https:\/\/kedemoseducation.com\/fr\/#website\"},\"primaryImageOfPage\":{\"@id\":\"https:\/\/kedemoseducation.com\/product\/francais-plus-abc\/#primaryimage\"},\"image\":{\"@id\":\"https:\/\/kedemoseducation.com\/product\/francais-plus-abc\/#primaryimage\"},\"thumbnailUrl\":\"https:\/\/i0.wp.com\/kedemoseducation.com\/wp-content\/uploads\/2022\/05\/Francais-plus-abc-1.jpg?fit=600%2C800&ssl=1\",\"datePublished\":\"2022-05-05T06:18:02+00:00\",\"dateModified\":\"2026-03-04T08:54:42+00:00\",\"description\":\"The \u201cFran\u00e7ais Plus abc\u201d textbook introduces preschool children to French as a foreign language through alphabet activities, vocabulary, and oral expression.\",\"breadcrumb\":{\"@id\":\"https:\/\/kedemoseducation.com\/product\/francais-plus-abc\/#breadcrumb\"},\"inLanguage\":\"fr-FR\",\"potentialAction\":[{\"@type\":\"ReadAction\",\"target\":[\"https:\/\/kedemoseducation.com\/product\/francais-plus-abc\/\"]}]},{\"@type\":\"ImageObject\",\"inLanguage\":\"fr-FR\",\"@id\":\"https:\/\/kedemoseducation.com\/product\/francais-plus-abc\/#primaryimage\",\"url\":\"https:\/\/i0.wp.com\/kedemoseducation.com\/wp-content\/uploads\/2022\/05\/Francais-plus-abc-1.jpg?fit=600%2C800&ssl=1\",\"contentUrl\":\"https:\/\/i0.wp.com\/kedemoseducation.com\/wp-content\/uploads\/2022\/05\/Francais-plus-abc-1.jpg?fit=600%2C800&ssl=1\",\"width\":600,\"height\":800,\"caption\":\"Fran\u00e7ais Langue \u00c9trang\u00e8re (FLE) - Fran\u00e7ais Plus abc\"},{\"@type\":\"BreadcrumbList\",\"@id\":\"https:\/\/kedemoseducation.com\/product\/francais-plus-abc\/#breadcrumb\",\"itemListElement\":[{\"@type\":\"ListItem\",\"position\":1,\"name\":\"Home\",\"item\":\"https:\/\/kedemoseducation.com\/\"},{\"@type\":\"ListItem\",\"position\":2,\"name\":\"All Products\",\"item\":\"https:\/\/kedemoseducation.com\/fr\/shop-2\/tous-les-produits\/\"},{\"@type\":\"ListItem\",\"position\":3,\"name\":\"School Books\",\"item\":\"https:\/\/kedemoseducation.com\/fr\/categorie-de-produit\/manuels-scolaires\/\"},{\"@type\":\"ListItem\",\"position\":4,\"name\":\"Fran\u00e7ais Plus abc\"}]},{\"@type\":\"WebSite\",\"@id\":\"https:\/\/kedemoseducation.com\/fr\/#website\",\"url\":\"https:\/\/kedemoseducation.com\/fr\/\",\"name\":\"Kedemos Education\",\"description\":\"The Pleasure of Learning\",\"publisher\":{\"@id\":\"https:\/\/kedemoseducation.com\/fr\/#organization\"},\"potentialAction\":[{\"@type\":\"SearchAction\",\"target\":{\"@type\":\"EntryPoint\",\"urlTemplate\":\"https:\/\/kedemoseducation.com\/fr\/?s={search_term_string}\"},\"query-input\":{\"@type\":\"PropertyValueSpecification\",\"valueRequired\":true,\"valueName\":\"search_term_string\"}}],\"inLanguage\":\"fr-FR\"},{\"@type\":\"Organization\",\"@id\":\"https:\/\/kedemoseducation.com\/fr\/#organization\",\"name\":\"Kedemos Education\",\"url\":\"https:\/\/kedemoseducation.com\/fr\/\",\"logo\":{\"@type\":\"ImageObject\",\"inLanguage\":\"fr-FR\",\"@id\":\"https:\/\/kedemoseducation.com\/fr\/#\/schema\/logo\/image\/\",\"url\":\"https:\/\/kedemoseducation.com\/wp-content\/uploads\/2023\/06\/logo-kedemos-education.png\",\"contentUrl\":\"https:\/\/kedemoseducation.com\/wp-content\/uploads\/2023\/06\/logo-kedemos-education.png\",\"width\":2362,\"height\":903,\"caption\":\"Kedemos Education\"},\"image\":{\"@id\":\"https:\/\/kedemoseducation.com\/fr\/#\/schema\/logo\/image\/\"},\"sameAs\":[\"https:\/\/www.facebook.com\/Kedemoseducation\",\"https:\/\/www.instagram.com\/kedemoseducation\/\",\"https:\/\/www.linkedin.com\/company\/kedemos-education\/\"]}]}<\/script>\r\n<!-- \/ Yoast SEO plugin. -->","yoast_head_json":{"title":"Fran\u00e7ais Plus abc - K\u00e9d\u00e9mos Education","description":"Le manuel Fran\u00e7ais Plus abc initie les \u00e9l\u00e8ves de maternelle \u00e0 l\u2019apprentissage du fran\u00e7ais langue \u00e9trang\u00e8re (FLE) \u00e0 travers l\u2019alphabet et des activit\u00e9s ludiques.","robots":{"index":"index","follow":"follow","max-snippet":"max-snippet:-1","max-image-preview":"max-image-preview:large","max-video-preview":"max-video-preview:-1"},"canonical":"https:\/\/kedemoseducation.com\/fr\/product\/francais-plus-abc\/","og_locale":"fr_FR","og_type":"article","og_title":"Fran\u00e7ais Plus abc - Kedemos Education","og_description":"The \u201cFran\u00e7ais Plus abc\u201d textbook introduces preschool children to French as a foreign language through alphabet activities, vocabulary, and oral expression.","og_url":"https:\/\/kedemoseducation.com\/fr\/product\/francais-plus-abc\/","og_site_name":"Kedemos Education","article_publisher":"https:\/\/www.facebook.com\/Kedemoseducation","article_modified_time":"2026-03-04T08:54:42+00:00","og_image":[{"width":600,"height":800,"url":"https:\/\/kedemoseducation.com\/wp-content\/uploads\/2022\/05\/Francais-plus-abc-1.jpg","type":"image\/jpeg"}],"twitter_card":"summary_large_image","twitter_misc":{"Dur\u00e9e de lecture estim\u00e9e":"2 minutes"},"schema":{"@context":"https:\/\/schema.org","@graph":[{"@type":"WebPage","@id":"https:\/\/kedemoseducation.com\/product\/francais-plus-abc\/","url":"https:\/\/kedemoseducation.com\/product\/francais-plus-abc\/","name":"Fran\u00e7ais Plus abc - K\u00e9d\u00e9mos Education","isPartOf":{"@id":"https:\/\/kedemoseducation.com\/fr\/#website"},"primaryImageOfPage":{"@id":"https:\/\/kedemoseducation.com\/product\/francais-plus-abc\/#primaryimage"},"image":{"@id":"https:\/\/kedemoseducation.com\/product\/francais-plus-abc\/#primaryimage"},"thumbnailUrl":"https:\/\/i0.wp.com\/kedemoseducation.com\/wp-content\/uploads\/2022\/05\/Francais-plus-abc-1.jpg?fit=600%2C800&ssl=1","datePublished":"2022-05-05T06:18:02+00:00","dateModified":"2026-03-04T08:54:42+00:00","description":"Le manuel Fran\u00e7ais Plus abc initie les \u00e9l\u00e8ves de maternelle \u00e0 l\u2019apprentissage du fran\u00e7ais langue \u00e9trang\u00e8re (FLE) \u00e0 travers l\u2019alphabet et des activit\u00e9s ludiques.","breadcrumb":{"@id":"https:\/\/kedemoseducation.com\/product\/francais-plus-abc\/#breadcrumb"},"inLanguage":"fr-FR","potentialAction":[{"@type":"ReadAction","target":["https:\/\/kedemoseducation.com\/product\/francais-plus-abc\/"]}]},{"@type":"ImageObject","inLanguage":"fr-FR","@id":"https:\/\/kedemoseducation.com\/product\/francais-plus-abc\/#primaryimage","url":"https:\/\/i0.wp.com\/kedemoseducation.com\/wp-content\/uploads\/2022\/05\/Francais-plus-abc-1.jpg?fit=600%2C800&ssl=1","contentUrl":"https:\/\/i0.wp.com\/kedemoseducation.com\/wp-content\/uploads\/2022\/05\/Francais-plus-abc-1.jpg?fit=600%2C800&ssl=1","width":600,"height":800,"caption":"Fran\u00e7ais Langue \u00c9trang\u00e8re (FLE) - Fran\u00e7ais Plus abc"},{"@type":"BreadcrumbList","@id":"https:\/\/kedemoseducation.com\/product\/francais-plus-abc\/#breadcrumb","itemListElement":[{"@type":"ListItem","position":1,"name":"Home","item":"https:\/\/kedemoseducation.com\/"},{"@type":"ListItem","position":2,"name":"All Products","item":"https:\/\/kedemoseducation.com\/fr\/shop-2\/tous-les-produits\/"},{"@type":"ListItem","position":3,"name":"School Books","item":"https:\/\/kedemoseducation.com\/fr\/categorie-de-produit\/manuels-scolaires\/"},{"@type":"ListItem","position":4,"name":"Fran\u00e7ais Plus abc"}]},{"@type":"WebSite","@id":"https:\/\/kedemoseducation.com\/fr\/#website","url":"https:\/\/kedemoseducation.com\/fr\/","name":"K\u00e9d\u00e9mos Education","description":"Le plaisir d'apprendre","publisher":{"@id":"https:\/\/kedemoseducation.com\/fr\/#organization"},"potentialAction":[{"@type":"SearchAction","target":{"@type":"EntryPoint","urlTemplate":"https:\/\/kedemoseducation.com\/fr\/?s={search_term_string}"},"query-input":{"@type":"PropertyValueSpecification","valueRequired":true,"valueName":"search_term_string"}}],"inLanguage":"fr-FR"},{"@type":"Organization","@id":"https:\/\/kedemoseducation.com\/fr\/#organization","name":"K\u00e9d\u00e9mos Education","url":"https:\/\/kedemoseducation.com\/fr\/","logo":{"@type":"ImageObject","inLanguage":"fr-FR","@id":"https:\/\/kedemoseducation.com\/fr\/#\/schema\/logo\/image\/","url":"https:\/\/kedemoseducation.com\/wp-content\/uploads\/2023\/06\/logo-kedemos-education.png","contentUrl":"https:\/\/kedemoseducation.com\/wp-content\/uploads\/2023\/06\/logo-kedemos-education.png","width":2362,"height":903,"caption":"Kedemos Education"},"image":{"@id":"https:\/\/kedemoseducation.com\/fr\/#\/schema\/logo\/image\/"},"sameAs":["https:\/\/www.facebook.com\/Kedemoseducation","https:\/\/www.instagram.com\/kedemoseducation\/","https:\/\/www.linkedin.com\/company\/kedemos-education\/"]}]}},"jetpack_sharing_enabled":true,"_links":{"self":[{"href":"https:\/\/kedemoseducation.com\/fr\/wp-json\/wp\/v2\/product\/277","targetHints":{"allow":["GET"]}}],"collection":[{"href":"https:\/\/kedemoseducation.com\/fr\/wp-json\/wp\/v2\/product"}],"about":[{"href":"https:\/\/kedemoseducation.com\/fr\/wp-json\/wp\/v2\/types\/product"}],"replies":[{"embeddable":true,"href":"https:\/\/kedemoseducation.com\/fr\/wp-json\/wp\/v2\/comments?post=277"}],"wp:featuredmedia":[{"embeddable":true,"href":"https:\/\/kedemoseducation.com\/fr\/wp-json\/wp\/v2\/media\/7334"}],"wp:attachment":[{"href":"https:\/\/kedemoseducation.com\/fr\/wp-json\/wp\/v2\/media?parent=277"}],"wp:term":[{"taxonomy":"product_brand","embeddable":true,"href":"https:\/\/kedemoseducation.com\/fr\/wp-json\/wp\/v2\/product_brand?post=277"},{"taxonomy":"product_cat","embeddable":true,"href":"https:\/\/kedemoseducation.com\/fr\/wp-json\/wp\/v2\/product_cat?post=277"},{"taxonomy":"product_tag","embeddable":true,"href":"https:\/\/kedemoseducation.com\/fr\/wp-json\/wp\/v2\/product_tag?post=277"}],"curies":[{"name":"wp","href":"https:\/\/api.w.org\/{rel}","templated":true}]}}