{"id":276,"date":"2022-05-05T06:18:01","date_gmt":"2022-05-05T06:18:01","guid":{"rendered":"https:\/\/eshop.classperts.com\/?post_type=product&#038;p=276"},"modified":"2026-02-18T16:22:16","modified_gmt":"2026-02-18T14:22:16","slug":"grade-9-textes-expression-grammaire-textbook","status":"publish","type":"product","link":"https:\/\/kedemoseducation.com\/fr\/product\/3e-eb9-manuel-textes-expression-grammaire\/","title":{"rendered":"3\u1d49 \/ EB9 - Manuel Textes, Expression, Grammaire"},"content":{"rendered":"<h1><strong>Manuel de \u201cTextes et Expression\u201d 3\u1d49 \/ EB9 - Le Fran\u00e7ais au Coll\u00e8ge<\/strong><\/h1>\n<h2><b>Pr\u00e9sentation de la m\u00e9thode de la 3\u1d49 \/ EB9<\/b><\/h2>\n<p><span style=\"font-weight: 400;\">Ce livre de Textes, Expression, Grammaire de la 3\u1d49 \/ EB9 fait partie de la collection Le Fran\u00e7ais au Coll\u00e8ge.\u00a0<\/span><\/p>\n<p><span style=\"font-weight: 400;\">\u201cLe Fran\u00e7ais au Coll\u00e8ge\u201d constitue le prolongement naturel des manuels \u00ab Arc-en-ciel \u00bb des classes pr\u00e9c\u00e9dentes. Il s\u2019appuie ainsi sur les principes m\u00e9thodologiques qui ont fait leurs preuves au primaire, les approfondit et les \u00e9largit.<\/span><\/p>\n<p><span style=\"font-weight: 400;\">La m\u00e9thode Le Fran\u00e7ais au Coll\u00e8ge pour la 3\u1d49 \/ EB9 propose :<\/span><\/p>\n<ul>\n<li style=\"font-weight: 400;\" aria-level=\"1\"><span style=\"font-weight: 400;\">Des types de textes vari\u00e9s et illustr\u00e9s.<\/span><\/li>\n<li style=\"font-weight: 400;\" aria-level=\"1\"><span style=\"font-weight: 400;\">Des images pour faciliter la compr\u00e9hension.<\/span><\/li>\n<li style=\"font-weight: 400;\" aria-level=\"1\"><span style=\"font-weight: 400;\">Un travail sur les techniques d'\u00e9criture de diff\u00e9rents types.<\/span><\/li>\n<li style=\"font-weight: 400;\" aria-level=\"1\"><span style=\"font-weight: 400;\">Des exercices de compr\u00e9hension et d\u2019expression orales.<\/span><\/li>\n<li style=\"font-weight: 400;\" aria-level=\"1\"><span style=\"font-weight: 400;\">Un enrichissement culturel.<\/span><\/li>\n<li style=\"font-weight: 400;\" aria-level=\"1\"><span style=\"font-weight: 400;\">Des le\u00e7ons et des activit\u00e9s de langue, de vocabulaire, de grammaire et d\u2019orthographe.<\/span><\/li>\n<li style=\"font-weight: 400;\" aria-level=\"1\"><span style=\"font-weight: 400;\">Des textes de pr\u00e9paration aux examens.<\/span><\/li>\n<\/ul>\n<p>Le Fran\u00e7ais au Coll\u00e8ge pour la 3\u1d49 \/ EB9 comprend les manuels suivants : un livre de Textes, Expression, Grammaire et un <a href=\"https:\/\/kedemoseducation.com\/fr\/product\/3e-eb9-cahier-dactivites\/\">Cahier d'activit\u00e9s<\/a>.<\/p>\n<h3><b>Le Livre de Textes, Expression, Grammaire<\/b><\/h3>\n<p><span style=\"font-weight: 400;\">Ce manuel de 3\u1d49 \/ EB9 est divis\u00e9 en trois parties :\u00a0<\/span><\/p>\n<ol>\n<li><span style=\"font-weight: 400;\">La premi\u00e8re partie comprend des textes et des exercices d\u2019expression \u00e9crite.\u00a0<\/span><\/li>\n<li><span style=\"font-weight: 400;\">La deuxi\u00e8me partie est consacr\u00e9e \u00e0 la grammaire, \u00e0 la conjugaison et \u00e0 l\u2019orthographe.\u00a0<\/span><\/li>\n<li><span style=\"font-weight: 400;\">La troisi\u00e8me et derni\u00e8re partie propose un m\u00e9mento de grammaire.<\/span><\/li>\n<\/ol>\n<p><span style=\"font-weight: 400;\">La partie \u00ab Textes et Expression \u00bb d\u00e9veloppe 8 th\u00e8mes. Chaque th\u00e8me comprend 2 unit\u00e9s dans lesquelles les \u00e9l\u00e8ves trouveront :<\/span><\/p>\n<ul>\n<li style=\"font-weight: 400;\" aria-level=\"1\"><span style=\"font-weight: 400;\">Une activit\u00e9 d\u2019expression orale.<\/span><\/li>\n<li style=\"font-weight: 400;\" aria-level=\"1\"><span style=\"font-weight: 400;\">Une \u00e9tude de texte avec questions.<\/span><\/li>\n<li style=\"font-weight: 400;\" aria-level=\"1\"><span style=\"font-weight: 400;\">Deux rubriques : \u00ab Techniques de l'expression \u00bb et \u00ab Texte et grammaire \u00bb.<\/span><\/li>\n<li style=\"font-weight: 400;\" aria-level=\"1\"><span style=\"font-weight: 400;\">Un texte d\u2019\u00e9valuation et de pr\u00e9paration aux examens.<\/span><\/li>\n<li style=\"font-weight: 400;\" aria-level=\"1\"><span style=\"font-weight: 400;\">Des documents pour favoriser l'ouverture culturelle.<\/span><\/li>\n<li style=\"font-weight: 400;\" aria-level=\"1\"><span style=\"font-weight: 400;\">Un po\u00e8me.<\/span><\/li>\n<\/ul>","protected":false},"excerpt":{"rendered":"<p><span style=\"font-weight: 400;\">Ce livre pr\u00e9sente successivement les diff\u00e9rents types de textes (narratif, informatif-explicatif, argumentatif, descriptif, injonctif) pour en permettre une exploitation tant au niveau des caract\u00e9ristiques de chaque type qu\u2019\u00e0 celui de la production d\u2019\u00e9crits.<\/span><\/p>\n<p><span style=\"font-weight: 400;\">Ce manuel est accompagn\u00e9 d'un cahier d'activit\u00e9s. Pour acc\u00e9der \u00e0 la collection compl\u00e8te Le Fran\u00e7ais au Coll\u00e8ge pour la 3\u1d49 \/ EB9, veuillez cliquer <a href=\"https:\/\/kedemoseducation.com\/fr\/product-category\/school-books\/french\/middle-school\/le-francais-au-college\/grade-9-le-francais-au-college\/\">ici<\/a>.<\/span><\/p>","protected":false},"featured_media":7308,"comment_status":"closed","ping_status":"closed","template":"","meta":{"_monsterinsights_skip_tracking":false,"_monsterinsights_sitenote_active":false,"_monsterinsights_sitenote_note":"","_monsterinsights_sitenote_category":0},"product_brand":[],"product_cat":[17,262,16,31,329],"product_tag":[113,148,297,306],"class_list":{"0":"post-276","1":"product","2":"type-product","3":"status-publish","4":"has-post-thumbnail","6":"product_cat-french","7":"product_cat-le-francais-au-college","8":"product_cat-school-books","9":"product_cat-grade-9-le-francais-au-college","10":"product_cat-middle-school","11":"product_tag-grade-9","12":"product_tag-francais-au-college","13":"product_tag-middle-school","14":"product_tag-textes-et-expression","15":"pa_grade-grade-9","17":"first","18":"instock","19":"shipping-taxable","20":"purchasable","21":"product-type-simple"},"yoast_head":"<!-- This site is optimized with the Yoast SEO plugin v26.4 - https:\/\/yoast.com\/wordpress\/plugins\/seo\/ -->\r\n<title>Grade 9 \u201cTextes, Expression, Grammaire\u201d Textbook - Kedemos Education<\/title>\r\n<meta name=\"description\" content=\"This Grade 9 \u201cTextes, Expression, Grammaire\u201d textbook is part of a comprehensive method designed to help students learn and perfect French.\" \/>\r\n<meta name=\"robots\" content=\"index, follow, max-snippet:-1, max-image-preview:large, max-video-preview:-1\" \/>\r\n<link rel=\"canonical\" href=\"https:\/\/kedemoseducation.com\/fr\/product\/3e-eb9-manuel-textes-expression-grammaire\/\" \/>\r\n<meta property=\"og:locale\" content=\"fr_FR\" \/>\r\n<meta property=\"og:type\" content=\"article\" \/>\r\n<meta property=\"og:title\" content=\"Grade 9 \u201cTextes, Expression, Grammaire\u201d Textbook - Kedemos Education\" \/>\r\n<meta property=\"og:description\" content=\"This Grade 9 \u201cTextes, Expression, Grammaire\u201d textbook is part of a comprehensive method designed to help students learn and perfect French.\" \/>\r\n<meta property=\"og:url\" content=\"https:\/\/kedemoseducation.com\/fr\/product\/3e-eb9-manuel-textes-expression-grammaire\/\" \/>\r\n<meta property=\"og:site_name\" content=\"Kedemos Education\" \/>\r\n<meta property=\"article:publisher\" content=\"https:\/\/www.facebook.com\/Kedemoseducation\" \/>\r\n<meta property=\"article:modified_time\" content=\"2026-02-18T14:22:16+00:00\" \/>\r\n<meta property=\"og:image\" content=\"https:\/\/kedemoseducation.com\/wp-content\/uploads\/2022\/05\/Lecture-EB9.jpg\" \/>\r\n\t<meta property=\"og:image:width\" content=\"600\" \/>\r\n\t<meta property=\"og:image:height\" content=\"800\" \/>\r\n\t<meta property=\"og:image:type\" content=\"image\/jpeg\" \/>\r\n<meta name=\"twitter:card\" content=\"summary_large_image\" \/>\r\n<meta name=\"twitter:label1\" content=\"Dur\u00e9e de lecture estim\u00e9e\" \/>\n\t<meta name=\"twitter:data1\" content=\"2 minutes\" \/>\r\n<script type=\"application\/ld+json\" class=\"yoast-schema-graph\">{\"@context\":\"https:\/\/schema.org\",\"@graph\":[{\"@type\":\"WebPage\",\"@id\":\"https:\/\/kedemoseducation.com\/product\/3e-eb9-manuel-textes-expression-grammaire\/\",\"url\":\"https:\/\/kedemoseducation.com\/product\/3e-eb9-manuel-textes-expression-grammaire\/\",\"name\":\"Grade 9 \u201cTextes, Expression, Grammaire\u201d Textbook - Kedemos Education\",\"isPartOf\":{\"@id\":\"https:\/\/kedemoseducation.com\/fr\/#website\"},\"primaryImageOfPage\":{\"@id\":\"https:\/\/kedemoseducation.com\/product\/3e-eb9-manuel-textes-expression-grammaire\/#primaryimage\"},\"image\":{\"@id\":\"https:\/\/kedemoseducation.com\/product\/3e-eb9-manuel-textes-expression-grammaire\/#primaryimage\"},\"thumbnailUrl\":\"https:\/\/i0.wp.com\/kedemoseducation.com\/wp-content\/uploads\/2022\/05\/Lecture-EB9.jpg?fit=600%2C800&ssl=1\",\"datePublished\":\"2022-05-05T06:18:01+00:00\",\"dateModified\":\"2026-02-18T14:22:16+00:00\",\"description\":\"This Grade 9 \u201cTextes, Expression, Grammaire\u201d textbook is part of a comprehensive method designed to help students learn and perfect French.\",\"breadcrumb\":{\"@id\":\"https:\/\/kedemoseducation.com\/product\/3e-eb9-manuel-textes-expression-grammaire\/#breadcrumb\"},\"inLanguage\":\"fr-FR\",\"potentialAction\":[{\"@type\":\"ReadAction\",\"target\":[\"https:\/\/kedemoseducation.com\/product\/3e-eb9-manuel-textes-expression-grammaire\/\"]}]},{\"@type\":\"ImageObject\",\"inLanguage\":\"fr-FR\",\"@id\":\"https:\/\/kedemoseducation.com\/product\/3e-eb9-manuel-textes-expression-grammaire\/#primaryimage\",\"url\":\"https:\/\/i0.wp.com\/kedemoseducation.com\/wp-content\/uploads\/2022\/05\/Lecture-EB9.jpg?fit=600%2C800&ssl=1\",\"contentUrl\":\"https:\/\/i0.wp.com\/kedemoseducation.com\/wp-content\/uploads\/2022\/05\/Lecture-EB9.jpg?fit=600%2C800&ssl=1\",\"width\":600,\"height\":800,\"caption\":\"Grade 9 Textbook\u00a0- Le Fran\u00e7ais au Coll\u00e8ge\"},{\"@type\":\"BreadcrumbList\",\"@id\":\"https:\/\/kedemoseducation.com\/product\/3e-eb9-manuel-textes-expression-grammaire\/#breadcrumb\",\"itemListElement\":[{\"@type\":\"ListItem\",\"position\":1,\"name\":\"Home\",\"item\":\"https:\/\/kedemoseducation.com\/\"},{\"@type\":\"ListItem\",\"position\":2,\"name\":\"All Products\",\"item\":\"https:\/\/kedemoseducation.com\/fr\/shop-2\/tous-les-produits\/\"},{\"@type\":\"ListItem\",\"position\":3,\"name\":\"School Books\",\"item\":\"https:\/\/kedemoseducation.com\/fr\/categorie-de-produit\/manuels-scolaires\/\"},{\"@type\":\"ListItem\",\"position\":4,\"name\":\"Grade 9 &#8211; \u201cTextes, Expression, Grammaire\u201d Textbook\"}]},{\"@type\":\"WebSite\",\"@id\":\"https:\/\/kedemoseducation.com\/fr\/#website\",\"url\":\"https:\/\/kedemoseducation.com\/fr\/\",\"name\":\"Kedemos Education\",\"description\":\"The Pleasure of Learning\",\"publisher\":{\"@id\":\"https:\/\/kedemoseducation.com\/fr\/#organization\"},\"potentialAction\":[{\"@type\":\"SearchAction\",\"target\":{\"@type\":\"EntryPoint\",\"urlTemplate\":\"https:\/\/kedemoseducation.com\/fr\/?s={search_term_string}\"},\"query-input\":{\"@type\":\"PropertyValueSpecification\",\"valueRequired\":true,\"valueName\":\"search_term_string\"}}],\"inLanguage\":\"fr-FR\"},{\"@type\":\"Organization\",\"@id\":\"https:\/\/kedemoseducation.com\/fr\/#organization\",\"name\":\"Kedemos Education\",\"url\":\"https:\/\/kedemoseducation.com\/fr\/\",\"logo\":{\"@type\":\"ImageObject\",\"inLanguage\":\"fr-FR\",\"@id\":\"https:\/\/kedemoseducation.com\/fr\/#\/schema\/logo\/image\/\",\"url\":\"https:\/\/kedemoseducation.com\/wp-content\/uploads\/2023\/06\/logo-kedemos-education.png\",\"contentUrl\":\"https:\/\/kedemoseducation.com\/wp-content\/uploads\/2023\/06\/logo-kedemos-education.png\",\"width\":2362,\"height\":903,\"caption\":\"Kedemos Education\"},\"image\":{\"@id\":\"https:\/\/kedemoseducation.com\/fr\/#\/schema\/logo\/image\/\"},\"sameAs\":[\"https:\/\/www.facebook.com\/Kedemoseducation\",\"https:\/\/www.instagram.com\/kedemoseducation\/\",\"https:\/\/www.linkedin.com\/company\/kedemos-education\/\"]}]}<\/script>\r\n<!-- \/ Yoast SEO plugin. -->","yoast_head_json":{"title":"3\u1d49 \/ EB9 Manuel Textes, Expression, Grammaire - K\u00e9d\u00e9mos Education","description":"Le livre de Textes,Expression et Grammaire pour la 3\u1d49 \/ EB9 de la collection \u201cLe Fran\u00e7ais au Coll\u00e8ge\u201d propose une m\u00e9thode compl\u00e8te de perfectionnement du fran\u00e7ais.","robots":{"index":"index","follow":"follow","max-snippet":"max-snippet:-1","max-image-preview":"max-image-preview:large","max-video-preview":"max-video-preview:-1"},"canonical":"https:\/\/kedemoseducation.com\/fr\/product\/3e-eb9-manuel-textes-expression-grammaire\/","og_locale":"fr_FR","og_type":"article","og_title":"Grade 9 \u201cTextes, Expression, Grammaire\u201d Textbook - Kedemos Education","og_description":"This Grade 9 \u201cTextes, Expression, Grammaire\u201d textbook is part of a comprehensive method designed to help students learn and perfect French.","og_url":"https:\/\/kedemoseducation.com\/fr\/product\/3e-eb9-manuel-textes-expression-grammaire\/","og_site_name":"Kedemos Education","article_publisher":"https:\/\/www.facebook.com\/Kedemoseducation","article_modified_time":"2026-02-18T14:22:16+00:00","og_image":[{"width":600,"height":800,"url":"https:\/\/kedemoseducation.com\/wp-content\/uploads\/2022\/05\/Lecture-EB9.jpg","type":"image\/jpeg"}],"twitter_card":"summary_large_image","twitter_misc":{"Dur\u00e9e de lecture estim\u00e9e":"2 minutes"},"schema":{"@context":"https:\/\/schema.org","@graph":[{"@type":"WebPage","@id":"https:\/\/kedemoseducation.com\/product\/3e-eb9-manuel-textes-expression-grammaire\/","url":"https:\/\/kedemoseducation.com\/product\/3e-eb9-manuel-textes-expression-grammaire\/","name":"3\u1d49 \/ EB9 Manuel Textes, Expression, Grammaire - K\u00e9d\u00e9mos Education","isPartOf":{"@id":"https:\/\/kedemoseducation.com\/fr\/#website"},"primaryImageOfPage":{"@id":"https:\/\/kedemoseducation.com\/product\/3e-eb9-manuel-textes-expression-grammaire\/#primaryimage"},"image":{"@id":"https:\/\/kedemoseducation.com\/product\/3e-eb9-manuel-textes-expression-grammaire\/#primaryimage"},"thumbnailUrl":"https:\/\/i0.wp.com\/kedemoseducation.com\/wp-content\/uploads\/2022\/05\/Lecture-EB9.jpg?fit=600%2C800&ssl=1","datePublished":"2022-05-05T06:18:01+00:00","dateModified":"2026-02-18T14:22:16+00:00","description":"Le livre de Textes,Expression et Grammaire pour la 3\u1d49 \/ EB9 de la collection \u201cLe Fran\u00e7ais au Coll\u00e8ge\u201d propose une m\u00e9thode compl\u00e8te de perfectionnement du fran\u00e7ais.","breadcrumb":{"@id":"https:\/\/kedemoseducation.com\/product\/3e-eb9-manuel-textes-expression-grammaire\/#breadcrumb"},"inLanguage":"fr-FR","potentialAction":[{"@type":"ReadAction","target":["https:\/\/kedemoseducation.com\/product\/3e-eb9-manuel-textes-expression-grammaire\/"]}]},{"@type":"ImageObject","inLanguage":"fr-FR","@id":"https:\/\/kedemoseducation.com\/product\/3e-eb9-manuel-textes-expression-grammaire\/#primaryimage","url":"https:\/\/i0.wp.com\/kedemoseducation.com\/wp-content\/uploads\/2022\/05\/Lecture-EB9.jpg?fit=600%2C800&ssl=1","contentUrl":"https:\/\/i0.wp.com\/kedemoseducation.com\/wp-content\/uploads\/2022\/05\/Lecture-EB9.jpg?fit=600%2C800&ssl=1","width":600,"height":800,"caption":"Grade 9 Textbook\u00a0- Le Fran\u00e7ais au Coll\u00e8ge"},{"@type":"BreadcrumbList","@id":"https:\/\/kedemoseducation.com\/product\/3e-eb9-manuel-textes-expression-grammaire\/#breadcrumb","itemListElement":[{"@type":"ListItem","position":1,"name":"Home","item":"https:\/\/kedemoseducation.com\/"},{"@type":"ListItem","position":2,"name":"All Products","item":"https:\/\/kedemoseducation.com\/fr\/shop-2\/tous-les-produits\/"},{"@type":"ListItem","position":3,"name":"School Books","item":"https:\/\/kedemoseducation.com\/fr\/categorie-de-produit\/manuels-scolaires\/"},{"@type":"ListItem","position":4,"name":"Grade 9 &#8211; \u201cTextes, Expression, Grammaire\u201d Textbook"}]},{"@type":"WebSite","@id":"https:\/\/kedemoseducation.com\/fr\/#website","url":"https:\/\/kedemoseducation.com\/fr\/","name":"K\u00e9d\u00e9mos Education","description":"Le plaisir d'apprendre","publisher":{"@id":"https:\/\/kedemoseducation.com\/fr\/#organization"},"potentialAction":[{"@type":"SearchAction","target":{"@type":"EntryPoint","urlTemplate":"https:\/\/kedemoseducation.com\/fr\/?s={search_term_string}"},"query-input":{"@type":"PropertyValueSpecification","valueRequired":true,"valueName":"search_term_string"}}],"inLanguage":"fr-FR"},{"@type":"Organization","@id":"https:\/\/kedemoseducation.com\/fr\/#organization","name":"K\u00e9d\u00e9mos Education","url":"https:\/\/kedemoseducation.com\/fr\/","logo":{"@type":"ImageObject","inLanguage":"fr-FR","@id":"https:\/\/kedemoseducation.com\/fr\/#\/schema\/logo\/image\/","url":"https:\/\/kedemoseducation.com\/wp-content\/uploads\/2023\/06\/logo-kedemos-education.png","contentUrl":"https:\/\/kedemoseducation.com\/wp-content\/uploads\/2023\/06\/logo-kedemos-education.png","width":2362,"height":903,"caption":"Kedemos Education"},"image":{"@id":"https:\/\/kedemoseducation.com\/fr\/#\/schema\/logo\/image\/"},"sameAs":["https:\/\/www.facebook.com\/Kedemoseducation","https:\/\/www.instagram.com\/kedemoseducation\/","https:\/\/www.linkedin.com\/company\/kedemos-education\/"]}]}},"jetpack_sharing_enabled":true,"_links":{"self":[{"href":"https:\/\/kedemoseducation.com\/fr\/wp-json\/wp\/v2\/product\/276","targetHints":{"allow":["GET"]}}],"collection":[{"href":"https:\/\/kedemoseducation.com\/fr\/wp-json\/wp\/v2\/product"}],"about":[{"href":"https:\/\/kedemoseducation.com\/fr\/wp-json\/wp\/v2\/types\/product"}],"replies":[{"embeddable":true,"href":"https:\/\/kedemoseducation.com\/fr\/wp-json\/wp\/v2\/comments?post=276"}],"wp:featuredmedia":[{"embeddable":true,"href":"https:\/\/kedemoseducation.com\/fr\/wp-json\/wp\/v2\/media\/7308"}],"wp:attachment":[{"href":"https:\/\/kedemoseducation.com\/fr\/wp-json\/wp\/v2\/media?parent=276"}],"wp:term":[{"taxonomy":"product_brand","embeddable":true,"href":"https:\/\/kedemoseducation.com\/fr\/wp-json\/wp\/v2\/product_brand?post=276"},{"taxonomy":"product_cat","embeddable":true,"href":"https:\/\/kedemoseducation.com\/fr\/wp-json\/wp\/v2\/product_cat?post=276"},{"taxonomy":"product_tag","embeddable":true,"href":"https:\/\/kedemoseducation.com\/fr\/wp-json\/wp\/v2\/product_tag?post=276"}],"curies":[{"name":"wp","href":"https:\/\/api.w.org\/{rel}","templated":true}]}}