{"id":275,"date":"2022-05-05T06:18:01","date_gmt":"2022-05-05T06:18:01","guid":{"rendered":"https:\/\/eshop.classperts.com\/?post_type=product&#038;p=275"},"modified":"2026-02-19T09:34:39","modified_gmt":"2026-02-19T07:34:39","slug":"grade-9-activities-workbook","status":"publish","type":"product","link":"https:\/\/kedemoseducation.com\/fr\/product\/3e-eb9-cahier-dactivites\/","title":{"rendered":"3\u1d49 \/ EB9 - Cahier d'activit\u00e9s"},"content":{"rendered":"<h1><strong>Cahier d'activit\u00e9s 3\u1d49 \/ EB9 - Le Fran\u00e7ais au Coll\u00e8ge<\/strong><\/h1>\n<h2><b>Pr\u00e9sentation de la m\u00e9thode de la 3\u1d49 \/ EB9<\/b><\/h2>\n<p><span style=\"font-weight: 400;\">Ce cahier d'activit\u00e9s de la 3\u1d49 \/ EB9 fait partie de la collection Le Fran\u00e7ais au Coll\u00e8ge.\u00a0<\/span><\/p>\n<p><span style=\"font-weight: 400;\">\u201cLe Fran\u00e7ais au Coll\u00e8ge\u201d constitue le prolongement naturel des manuels \u00ab Arc-en-ciel \u00bb des classes pr\u00e9c\u00e9dentes. Il s\u2019appuie ainsi sur les principes m\u00e9thodologiques qui ont fait leurs preuves au primaire, les approfondit et les \u00e9largit.<\/span><\/p>\n<p><span style=\"font-weight: 400;\">La m\u00e9thode Le Fran\u00e7ais au Coll\u00e8ge pour la 3\u1d49 \/ EB9 propose :<\/span><\/p>\n<ul>\n<li style=\"font-weight: 400;\" aria-level=\"1\"><span style=\"font-weight: 400;\">Des types de textes vari\u00e9s et illustr\u00e9s.<\/span><\/li>\n<li style=\"font-weight: 400;\" aria-level=\"1\"><span style=\"font-weight: 400;\">Des images pour faciliter la compr\u00e9hension.<\/span><\/li>\n<li style=\"font-weight: 400;\" aria-level=\"1\"><span style=\"font-weight: 400;\">Un travail sur les techniques d'\u00e9criture de diff\u00e9rents types.<\/span><\/li>\n<li style=\"font-weight: 400;\" aria-level=\"1\"><span style=\"font-weight: 400;\">Des exercices de compr\u00e9hension et d\u2019expression orales.<\/span><\/li>\n<li style=\"font-weight: 400;\" aria-level=\"1\"><span style=\"font-weight: 400;\">Un enrichissement culturel.<\/span><\/li>\n<li style=\"font-weight: 400;\" aria-level=\"1\"><span style=\"font-weight: 400;\">Des le\u00e7ons et des activit\u00e9s de langue, de vocabulaire, de grammaire et d\u2019orthographe.<\/span><\/li>\n<li style=\"font-weight: 400;\" aria-level=\"1\"><span style=\"font-weight: 400;\">Des textes de pr\u00e9paration aux examens.<\/span><\/li>\n<\/ul>\n<p><span style=\"font-weight: 400;\">\u201cLe Fran\u00e7ais au Coll\u00e8ge<\/span><span style=\"font-weight: 400;\">\u201d for Grade 9 includes the following two books: a \u201cTextes, Expression, Grammaire\u201d textbook, and an activity workbook.<\/span><\/p>\n<p><b>Le cahier d'activit\u00e9s<\/b><\/p>\n<p><span style=\"font-weight: 400;\">Ce cahier d'activit\u00e9s pour la 3\u1d49 \/ EB9 prolonge le manuel \u00abTextes, Expression, Grammaire \u00bb. Chacune des unit\u00e9s propose des exercices sur :<\/span><\/p>\n<ul>\n<li style=\"font-weight: 400;\" aria-level=\"1\"><span style=\"font-weight: 400;\">La compr\u00e9hension \u00e9crite du texte \u00e9tudi\u00e9.<\/span><\/li>\n<li style=\"font-weight: 400;\" aria-level=\"1\"><span style=\"font-weight: 400;\">L'analyse du texte \u00e9tudi\u00e9.<\/span><\/li>\n<li style=\"font-weight: 400;\" aria-level=\"1\"><span style=\"font-weight: 400;\">Les techniques de l'expression.<\/span><\/li>\n<li style=\"font-weight: 400;\" aria-level=\"1\"><span style=\"font-weight: 400;\">Le vocabulaire.<\/span><\/li>\n<li style=\"font-weight: 400;\" aria-level=\"1\"><span style=\"font-weight: 400;\">La grammaire et la conjugaison.<\/span><\/li>\n<li style=\"font-weight: 400;\" aria-level=\"1\"><span style=\"font-weight: 400;\">L'orthographe.<\/span><\/li>\n<li style=\"font-weight: 400;\" aria-level=\"1\"><span style=\"font-weight: 400;\">La production \u00e9crite : composition de phrases, de paragraphes et de types de textes vari\u00e9s.<\/span><\/li>\n<\/ul>\n<p><span style=\"font-weight: 400;\">On trouvera en outre dans une unit\u00e9 sur deux, soit une fois par th\u00e8me :<\/span><\/p>\n<ul>\n<li style=\"font-weight: 400;\" aria-level=\"1\"><span style=\"font-weight: 400;\">Une fiche d'exploitation du texte d'\u00e9coute.<\/span><\/li>\n<li style=\"font-weight: 400;\" aria-level=\"1\"><span style=\"font-weight: 400;\">Une fiche de vocabulaire (\u00ab La vie des mots \u00bb).<\/span><\/li>\n<li style=\"font-weight: 400;\" aria-level=\"1\"><span style=\"font-weight: 400;\">Un tableau proposant un champ lexical possible du th\u00e8me.<\/span><\/li>\n<\/ul>","protected":false},"excerpt":{"rendered":"<p>Ce cahier d\u2019activit\u00e9s propose des exercices de compr\u00e9hension \u00e9crite, d\u2019analyse de texte, de techniques d\u2019expression, de vocabulaire, de grammaire et de production \u00e9crite. Il accompagne le <a href=\"https:\/\/kedemoseducation.com\/fr\/product\/3e-eb9-manuel-textes-expression-grammaire\/\">manuel \u00ab Textes, Expression, Grammaire \u00bb de la 3\u1d49 \/ EB9<\/a> de la collection \u00ab Le Fran\u00e7ais au Coll\u00e8ge \u00bb.<\/p>","protected":false},"featured_media":7309,"comment_status":"closed","ping_status":"closed","template":"","meta":{"_monsterinsights_skip_tracking":false,"_monsterinsights_sitenote_active":false,"_monsterinsights_sitenote_note":"","_monsterinsights_sitenote_category":0},"product_brand":[],"product_cat":[17,262,16,31,329],"product_tag":[113,148,297,300],"class_list":{"0":"post-275","1":"product","2":"type-product","3":"status-publish","4":"has-post-thumbnail","6":"product_cat-french","7":"product_cat-le-francais-au-college","8":"product_cat-school-books","9":"product_cat-grade-9-le-francais-au-college","10":"product_cat-middle-school","11":"product_tag-grade-9","12":"product_tag-francais-au-college","13":"product_tag-middle-school","14":"product_tag-activities-workbook","15":"pa_grade-grade-9","17":"first","18":"instock","19":"shipping-taxable","20":"purchasable","21":"product-type-simple"},"yoast_head":"<!-- This site is optimized with the Yoast SEO plugin v26.4 - https:\/\/yoast.com\/wordpress\/plugins\/seo\/ -->\r\n<title>Grade 9\u00a0Activities Workbook - Kedemos Education<\/title>\r\n<meta name=\"description\" content=\"This Grade 9 activities workbook provides exercises in written comprehension, expression techniques, vocabulary, and text analysis.\" \/>\r\n<meta name=\"robots\" content=\"index, follow, max-snippet:-1, max-image-preview:large, max-video-preview:-1\" \/>\r\n<link rel=\"canonical\" href=\"https:\/\/kedemoseducation.com\/fr\/product\/3e-eb9-cahier-dactivites\/\" \/>\r\n<meta property=\"og:locale\" content=\"fr_FR\" \/>\r\n<meta property=\"og:type\" content=\"article\" \/>\r\n<meta property=\"og:title\" content=\"Grade 9\u00a0Activities Workbook - Kedemos Education\" \/>\r\n<meta property=\"og:description\" content=\"This Grade 9 activities workbook provides exercises in written comprehension, expression techniques, vocabulary, and text analysis.\" \/>\r\n<meta property=\"og:url\" content=\"https:\/\/kedemoseducation.com\/fr\/product\/3e-eb9-cahier-dactivites\/\" \/>\r\n<meta property=\"og:site_name\" content=\"Kedemos Education\" \/>\r\n<meta property=\"article:publisher\" content=\"https:\/\/www.facebook.com\/Kedemoseducation\" \/>\r\n<meta property=\"article:modified_time\" content=\"2026-02-19T07:34:39+00:00\" \/>\r\n<meta property=\"og:image\" content=\"https:\/\/kedemoseducation.com\/wp-content\/uploads\/2022\/05\/Activite-EB9-aec.jpg\" \/>\r\n\t<meta property=\"og:image:width\" content=\"600\" \/>\r\n\t<meta property=\"og:image:height\" content=\"800\" \/>\r\n\t<meta property=\"og:image:type\" content=\"image\/jpeg\" \/>\r\n<meta name=\"twitter:card\" content=\"summary_large_image\" \/>\r\n<meta name=\"twitter:label1\" content=\"Dur\u00e9e de lecture estim\u00e9e\" \/>\n\t<meta name=\"twitter:data1\" content=\"2 minutes\" \/>\r\n<script type=\"application\/ld+json\" class=\"yoast-schema-graph\">{\"@context\":\"https:\/\/schema.org\",\"@graph\":[{\"@type\":\"WebPage\",\"@id\":\"https:\/\/kedemoseducation.com\/product\/grade-9-activities-workbook\/\",\"url\":\"https:\/\/kedemoseducation.com\/product\/grade-9-activities-workbook\/\",\"name\":\"Grade 9\u00a0Activities Workbook - Kedemos Education\",\"isPartOf\":{\"@id\":\"https:\/\/kedemoseducation.com\/fr\/#website\"},\"primaryImageOfPage\":{\"@id\":\"https:\/\/kedemoseducation.com\/product\/grade-9-activities-workbook\/#primaryimage\"},\"image\":{\"@id\":\"https:\/\/kedemoseducation.com\/product\/grade-9-activities-workbook\/#primaryimage\"},\"thumbnailUrl\":\"https:\/\/i0.wp.com\/kedemoseducation.com\/wp-content\/uploads\/2022\/05\/Activite-EB9-aec.jpg?fit=600%2C800&ssl=1\",\"datePublished\":\"2022-05-05T06:18:01+00:00\",\"dateModified\":\"2026-02-19T07:34:39+00:00\",\"description\":\"This Grade 9 activities workbook provides exercises in written comprehension, expression techniques, vocabulary, and text analysis.\",\"breadcrumb\":{\"@id\":\"https:\/\/kedemoseducation.com\/product\/grade-9-activities-workbook\/#breadcrumb\"},\"inLanguage\":\"fr-FR\",\"potentialAction\":[{\"@type\":\"ReadAction\",\"target\":[\"https:\/\/kedemoseducation.com\/product\/grade-9-activities-workbook\/\"]}]},{\"@type\":\"ImageObject\",\"inLanguage\":\"fr-FR\",\"@id\":\"https:\/\/kedemoseducation.com\/product\/grade-9-activities-workbook\/#primaryimage\",\"url\":\"https:\/\/i0.wp.com\/kedemoseducation.com\/wp-content\/uploads\/2022\/05\/Activite-EB9-aec.jpg?fit=600%2C800&ssl=1\",\"contentUrl\":\"https:\/\/i0.wp.com\/kedemoseducation.com\/wp-content\/uploads\/2022\/05\/Activite-EB9-aec.jpg?fit=600%2C800&ssl=1\",\"width\":600,\"height\":800,\"caption\":\"Grade 9 \u201cTextes, Expression, Grammaire\u201d textbook - Le Fran\u00e7ais au Coll\u00e8ge\"},{\"@type\":\"BreadcrumbList\",\"@id\":\"https:\/\/kedemoseducation.com\/product\/grade-9-activities-workbook\/#breadcrumb\",\"itemListElement\":[{\"@type\":\"ListItem\",\"position\":1,\"name\":\"Home\",\"item\":\"https:\/\/kedemoseducation.com\/\"},{\"@type\":\"ListItem\",\"position\":2,\"name\":\"All Products\",\"item\":\"https:\/\/kedemoseducation.com\/fr\/shop-2\/tous-les-produits\/\"},{\"@type\":\"ListItem\",\"position\":3,\"name\":\"School Books\",\"item\":\"https:\/\/kedemoseducation.com\/fr\/categorie-de-produit\/manuels-scolaires\/\"},{\"@type\":\"ListItem\",\"position\":4,\"name\":\"Grade 9 &#8211; Activities Workbook\"}]},{\"@type\":\"WebSite\",\"@id\":\"https:\/\/kedemoseducation.com\/fr\/#website\",\"url\":\"https:\/\/kedemoseducation.com\/fr\/\",\"name\":\"Kedemos Education\",\"description\":\"The Pleasure of Learning\",\"publisher\":{\"@id\":\"https:\/\/kedemoseducation.com\/fr\/#organization\"},\"potentialAction\":[{\"@type\":\"SearchAction\",\"target\":{\"@type\":\"EntryPoint\",\"urlTemplate\":\"https:\/\/kedemoseducation.com\/fr\/?s={search_term_string}\"},\"query-input\":{\"@type\":\"PropertyValueSpecification\",\"valueRequired\":true,\"valueName\":\"search_term_string\"}}],\"inLanguage\":\"fr-FR\"},{\"@type\":\"Organization\",\"@id\":\"https:\/\/kedemoseducation.com\/fr\/#organization\",\"name\":\"Kedemos Education\",\"url\":\"https:\/\/kedemoseducation.com\/fr\/\",\"logo\":{\"@type\":\"ImageObject\",\"inLanguage\":\"fr-FR\",\"@id\":\"https:\/\/kedemoseducation.com\/fr\/#\/schema\/logo\/image\/\",\"url\":\"https:\/\/kedemoseducation.com\/wp-content\/uploads\/2023\/06\/logo-kedemos-education.png\",\"contentUrl\":\"https:\/\/kedemoseducation.com\/wp-content\/uploads\/2023\/06\/logo-kedemos-education.png\",\"width\":2362,\"height\":903,\"caption\":\"Kedemos Education\"},\"image\":{\"@id\":\"https:\/\/kedemoseducation.com\/fr\/#\/schema\/logo\/image\/\"},\"sameAs\":[\"https:\/\/www.facebook.com\/Kedemoseducation\",\"https:\/\/www.instagram.com\/kedemoseducation\/\",\"https:\/\/www.linkedin.com\/company\/kedemos-education\/\"]}]}<\/script>\r\n<!-- \/ Yoast SEO plugin. -->","yoast_head_json":{"title":"3\u1d49 \/ EB9 Cahier D\u2019activit\u00e9s - K\u00e9d\u00e9mos Education","description":"Le cahier d'activit\u00e9s de la collection Le Fran\u00e7ais au Coll\u00e8ge pour la 3\u1d49 \/ EB9 propose des exercices de compr\u00e9hension, d'expression et de grammaire.","robots":{"index":"index","follow":"follow","max-snippet":"max-snippet:-1","max-image-preview":"max-image-preview:large","max-video-preview":"max-video-preview:-1"},"canonical":"https:\/\/kedemoseducation.com\/fr\/product\/3e-eb9-cahier-dactivites\/","og_locale":"fr_FR","og_type":"article","og_title":"Grade 9\u00a0Activities Workbook - Kedemos Education","og_description":"This Grade 9 activities workbook provides exercises in written comprehension, expression techniques, vocabulary, and text analysis.","og_url":"https:\/\/kedemoseducation.com\/fr\/product\/3e-eb9-cahier-dactivites\/","og_site_name":"Kedemos Education","article_publisher":"https:\/\/www.facebook.com\/Kedemoseducation","article_modified_time":"2026-02-19T07:34:39+00:00","og_image":[{"width":600,"height":800,"url":"https:\/\/kedemoseducation.com\/wp-content\/uploads\/2022\/05\/Activite-EB9-aec.jpg","type":"image\/jpeg"}],"twitter_card":"summary_large_image","twitter_misc":{"Dur\u00e9e de lecture estim\u00e9e":"2 minutes"},"schema":{"@context":"https:\/\/schema.org","@graph":[{"@type":"WebPage","@id":"https:\/\/kedemoseducation.com\/product\/grade-9-activities-workbook\/","url":"https:\/\/kedemoseducation.com\/product\/grade-9-activities-workbook\/","name":"3\u1d49 \/ EB9 Cahier D\u2019activit\u00e9s - K\u00e9d\u00e9mos Education","isPartOf":{"@id":"https:\/\/kedemoseducation.com\/fr\/#website"},"primaryImageOfPage":{"@id":"https:\/\/kedemoseducation.com\/product\/grade-9-activities-workbook\/#primaryimage"},"image":{"@id":"https:\/\/kedemoseducation.com\/product\/grade-9-activities-workbook\/#primaryimage"},"thumbnailUrl":"https:\/\/i0.wp.com\/kedemoseducation.com\/wp-content\/uploads\/2022\/05\/Activite-EB9-aec.jpg?fit=600%2C800&ssl=1","datePublished":"2022-05-05T06:18:01+00:00","dateModified":"2026-02-19T07:34:39+00:00","description":"Le cahier d'activit\u00e9s de la collection Le Fran\u00e7ais au Coll\u00e8ge pour la 3\u1d49 \/ EB9 propose des exercices de compr\u00e9hension, d'expression et de grammaire.","breadcrumb":{"@id":"https:\/\/kedemoseducation.com\/product\/grade-9-activities-workbook\/#breadcrumb"},"inLanguage":"fr-FR","potentialAction":[{"@type":"ReadAction","target":["https:\/\/kedemoseducation.com\/product\/grade-9-activities-workbook\/"]}]},{"@type":"ImageObject","inLanguage":"fr-FR","@id":"https:\/\/kedemoseducation.com\/product\/grade-9-activities-workbook\/#primaryimage","url":"https:\/\/i0.wp.com\/kedemoseducation.com\/wp-content\/uploads\/2022\/05\/Activite-EB9-aec.jpg?fit=600%2C800&ssl=1","contentUrl":"https:\/\/i0.wp.com\/kedemoseducation.com\/wp-content\/uploads\/2022\/05\/Activite-EB9-aec.jpg?fit=600%2C800&ssl=1","width":600,"height":800,"caption":"Grade 9 \u201cTextes, Expression, Grammaire\u201d textbook - Le Fran\u00e7ais au Coll\u00e8ge"},{"@type":"BreadcrumbList","@id":"https:\/\/kedemoseducation.com\/product\/grade-9-activities-workbook\/#breadcrumb","itemListElement":[{"@type":"ListItem","position":1,"name":"Home","item":"https:\/\/kedemoseducation.com\/"},{"@type":"ListItem","position":2,"name":"All Products","item":"https:\/\/kedemoseducation.com\/fr\/shop-2\/tous-les-produits\/"},{"@type":"ListItem","position":3,"name":"School Books","item":"https:\/\/kedemoseducation.com\/fr\/categorie-de-produit\/manuels-scolaires\/"},{"@type":"ListItem","position":4,"name":"Grade 9 &#8211; Activities Workbook"}]},{"@type":"WebSite","@id":"https:\/\/kedemoseducation.com\/fr\/#website","url":"https:\/\/kedemoseducation.com\/fr\/","name":"K\u00e9d\u00e9mos Education","description":"Le plaisir d'apprendre","publisher":{"@id":"https:\/\/kedemoseducation.com\/fr\/#organization"},"potentialAction":[{"@type":"SearchAction","target":{"@type":"EntryPoint","urlTemplate":"https:\/\/kedemoseducation.com\/fr\/?s={search_term_string}"},"query-input":{"@type":"PropertyValueSpecification","valueRequired":true,"valueName":"search_term_string"}}],"inLanguage":"fr-FR"},{"@type":"Organization","@id":"https:\/\/kedemoseducation.com\/fr\/#organization","name":"K\u00e9d\u00e9mos Education","url":"https:\/\/kedemoseducation.com\/fr\/","logo":{"@type":"ImageObject","inLanguage":"fr-FR","@id":"https:\/\/kedemoseducation.com\/fr\/#\/schema\/logo\/image\/","url":"https:\/\/kedemoseducation.com\/wp-content\/uploads\/2023\/06\/logo-kedemos-education.png","contentUrl":"https:\/\/kedemoseducation.com\/wp-content\/uploads\/2023\/06\/logo-kedemos-education.png","width":2362,"height":903,"caption":"Kedemos Education"},"image":{"@id":"https:\/\/kedemoseducation.com\/fr\/#\/schema\/logo\/image\/"},"sameAs":["https:\/\/www.facebook.com\/Kedemoseducation","https:\/\/www.instagram.com\/kedemoseducation\/","https:\/\/www.linkedin.com\/company\/kedemos-education\/"]}]}},"jetpack_sharing_enabled":true,"_links":{"self":[{"href":"https:\/\/kedemoseducation.com\/fr\/wp-json\/wp\/v2\/product\/275","targetHints":{"allow":["GET"]}}],"collection":[{"href":"https:\/\/kedemoseducation.com\/fr\/wp-json\/wp\/v2\/product"}],"about":[{"href":"https:\/\/kedemoseducation.com\/fr\/wp-json\/wp\/v2\/types\/product"}],"replies":[{"embeddable":true,"href":"https:\/\/kedemoseducation.com\/fr\/wp-json\/wp\/v2\/comments?post=275"}],"wp:featuredmedia":[{"embeddable":true,"href":"https:\/\/kedemoseducation.com\/fr\/wp-json\/wp\/v2\/media\/7309"}],"wp:attachment":[{"href":"https:\/\/kedemoseducation.com\/fr\/wp-json\/wp\/v2\/media?parent=275"}],"wp:term":[{"taxonomy":"product_brand","embeddable":true,"href":"https:\/\/kedemoseducation.com\/fr\/wp-json\/wp\/v2\/product_brand?post=275"},{"taxonomy":"product_cat","embeddable":true,"href":"https:\/\/kedemoseducation.com\/fr\/wp-json\/wp\/v2\/product_cat?post=275"},{"taxonomy":"product_tag","embeddable":true,"href":"https:\/\/kedemoseducation.com\/fr\/wp-json\/wp\/v2\/product_tag?post=275"}],"curies":[{"name":"wp","href":"https:\/\/api.w.org\/{rel}","templated":true}]}}