{"id":273,"date":"2022-05-05T06:18:00","date_gmt":"2022-05-05T06:18:00","guid":{"rendered":"https:\/\/eshop.classperts.com\/?post_type=product&#038;p=273"},"modified":"2026-02-18T15:34:48","modified_gmt":"2026-02-18T13:34:48","slug":"grade-8-grammar-workbook","status":"publish","type":"product","link":"https:\/\/kedemoseducation.com\/fr\/product\/4e-eb8-manuel-de-grammaire\/","title":{"rendered":"4\u1d49 \/ EB8 - Manuel de Grammaire"},"content":{"rendered":"<h1><strong>Manuel de Grammaire 4\u1d49 \/ EB8 - Le Fran\u00e7ais au Coll\u00e8ge<\/strong><\/h1>\n<h2><b>Pr\u00e9sentation de la m\u00e9thode de la 4\u1d49 \/ EB8<\/b><\/h2>\n<p><span style=\"font-weight: 400;\">Ce manuel de grammaire de la 4\u1d49 \/ EB8 fait partie de la collection Le Fran\u00e7ais au Coll\u00e8ge.\u00a0<\/span><\/p>\n<p><span style=\"font-weight: 400;\">La m\u00e9thode \u00ab Le Fran\u00e7ais au Coll\u00e8ge \u00bb pour la 4\u1d49 \/ EB8 propose :<\/span><\/p>\n<ul>\n<li style=\"font-weight: 400;\" aria-level=\"1\"><span style=\"font-weight: 400;\">Des textes de lecture vari\u00e9s et illustr\u00e9s, adapt\u00e9s au d\u00e9veloppement psychologique et linguistique des \u00e9l\u00e8ves. Ils visent \u00e0 d\u00e9velopper leurs capacit\u00e9s d\u2019analyse et \u00e0 les initier aux techniques d\u2019expression et aux figures de style.<\/span><\/li>\n<li style=\"font-weight: 400;\" aria-level=\"1\"><span style=\"font-weight: 400;\">Des images destin\u00e9es \u00e0 faciliter la compr\u00e9hension et l\u2019expression orale.<\/span><\/li>\n<li style=\"font-weight: 400;\" aria-level=\"1\"><span style=\"font-weight: 400;\">Un travail sur diff\u00e9rentes techniques d\u2019\u00e9criture afin de d\u00e9velopper la capacit\u00e9 des \u00e9l\u00e8ves \u00e0 produire divers types de textes (descriptifs, informatifs, etc.).<\/span><\/li>\n<li style=\"font-weight: 400;\" aria-level=\"1\"><span style=\"font-weight: 400;\">Des exercices de compr\u00e9hension et d\u2019expression orales.<\/span><\/li>\n<li style=\"font-weight: 400;\" aria-level=\"1\"><span style=\"font-weight: 400;\">Un enrichissement culturel \u00e0 travers des textes et des documents pr\u00e9sentant de grands auteurs.<\/span><\/li>\n<li style=\"font-weight: 400;\" aria-level=\"1\"><span style=\"font-weight: 400;\">Un travail sur diff\u00e9rentes techniques d\u2019\u00e9criture afin de d\u00e9velopper la capacit\u00e9 des \u00e9l\u00e8ves \u00e0 produire divers types de textes (descriptifs, informatifs, etc.).<\/span><\/li>\n<\/ul>\n<p>Le Fran\u00e7ais au Coll\u00e8ge pour la 4\u1d49 \/ EB8 comprend les manuels suivants : un <a href=\"https:\/\/kedemoseducation.com\/fr\/product\/4e-eb8-manuel-de-textes-et-expression\/\">livre de Textes et Expression<\/a>, un <a href=\"https:\/\/kedemoseducation.com\/fr\/product\/4e-eb8-cahier-dactivites\/\">Cahier d'activit\u00e9s<\/a><span> et un fichier de grammaire.<\/p>\n<h3><b>Le manuel de grammaire<\/b><\/h3>\n<p>Ce manuel de grammaire propose des le\u00e7ons de grammaire, de conjugaison et d'orthographe. Ces le\u00e7ons permettent de :<\/p>\n<ul>\n<li aria-level=\"1\">Identifier les notions et les r\u00e8gles de grammaire.<\/li>\n<li aria-level=\"1\">S\u2019entra\u00eener au r\u00e9emploi de ces r\u00e8gles \u00e0 travers une vari\u00e9t\u00e9 d\u2019exercices.<\/li>\n<li aria-level=\"1\">Perfectionner leurs comp\u00e9tences linguistiques en r\u00e9fl\u00e9chissant au fonctionnement de la langue.<\/li>\n<li aria-level=\"1\">Participer \u00e0 des activit\u00e9s li\u00e9es \u00e0 la langue.<\/li>\n<\/ul>","protected":false},"excerpt":{"rendered":"<p>Ce manuel propose des le\u00e7ons et des exercices portant sur la connaissance de la langue : vocabulaire, grammaire, conjugaison et orthographe. Il accompagne le <a href=\"https:\/\/kedemoseducation.com\/fr\/product\/4e-eb8-manuel-de-textes-et-expression\/\">livre de Textes et Expression de la 4\u1d49 \/ EB8.<\/a><\/p>","protected":false},"featured_media":7306,"comment_status":"closed","ping_status":"closed","template":"","meta":{"_monsterinsights_skip_tracking":false,"_monsterinsights_sitenote_active":false,"_monsterinsights_sitenote_note":"","_monsterinsights_sitenote_category":0},"product_brand":[],"product_cat":[17,262,16,30],"product_tag":[108,148,338],"class_list":{"0":"post-273","1":"product","2":"type-product","3":"status-publish","4":"has-post-thumbnail","6":"product_cat-french","7":"product_cat-le-francais-au-college","8":"product_cat-school-books","9":"product_cat-grade-8-le-francais-au-college","10":"product_tag-grade-8","11":"product_tag-francais-au-college","12":"product_tag-grammar-workbook","13":"pa_grade-grade-8","15":"first","16":"instock","17":"shipping-taxable","18":"purchasable","19":"product-type-simple"},"yoast_head":"<!-- This site is optimized with the Yoast SEO plugin v26.4 - https:\/\/yoast.com\/wordpress\/plugins\/seo\/ -->\r\n<title>Grade 8 Grammar Workbook - Kedemos Education<\/title>\r\n<meta name=\"description\" content=\"This Grade 8 grammar workbook provides grammar, conjugation, and spelling lessons to strengthen students\u2019 mastery of French language skills.\" \/>\r\n<meta name=\"robots\" content=\"index, follow, max-snippet:-1, max-image-preview:large, max-video-preview:-1\" \/>\r\n<link rel=\"canonical\" href=\"https:\/\/kedemoseducation.com\/fr\/product\/4e-eb8-manuel-de-grammaire\/\" \/>\r\n<meta property=\"og:locale\" content=\"fr_FR\" \/>\r\n<meta property=\"og:type\" content=\"article\" \/>\r\n<meta property=\"og:title\" content=\"Grade 8 Grammar Workbook - Kedemos Education\" \/>\r\n<meta property=\"og:description\" content=\"This Grade 8 grammar workbook provides grammar, conjugation, and spelling lessons to strengthen students\u2019 mastery of French language skills.\" \/>\r\n<meta property=\"og:url\" content=\"https:\/\/kedemoseducation.com\/fr\/product\/4e-eb8-manuel-de-grammaire\/\" \/>\r\n<meta property=\"og:site_name\" content=\"Kedemos Education\" \/>\r\n<meta property=\"article:publisher\" content=\"https:\/\/www.facebook.com\/Kedemoseducation\" \/>\r\n<meta property=\"article:modified_time\" content=\"2026-02-18T13:34:48+00:00\" \/>\r\n<meta property=\"og:image\" content=\"https:\/\/kedemoseducation.com\/wp-content\/uploads\/2022\/05\/Grammaire-EB8-aec.jpg\" \/>\r\n\t<meta property=\"og:image:width\" content=\"600\" \/>\r\n\t<meta property=\"og:image:height\" content=\"800\" \/>\r\n\t<meta property=\"og:image:type\" content=\"image\/jpeg\" \/>\r\n<meta name=\"twitter:card\" content=\"summary_large_image\" \/>\r\n<meta name=\"twitter:label1\" content=\"Dur\u00e9e de lecture estim\u00e9e\" \/>\n\t<meta name=\"twitter:data1\" content=\"2 minutes\" \/>\r\n<script type=\"application\/ld+json\" class=\"yoast-schema-graph\">{\"@context\":\"https:\/\/schema.org\",\"@graph\":[{\"@type\":\"WebPage\",\"@id\":\"https:\/\/kedemoseducation.com\/product\/grade-8-grammar-workbook\/\",\"url\":\"https:\/\/kedemoseducation.com\/product\/grade-8-grammar-workbook\/\",\"name\":\"Grade 8 Grammar Workbook - Kedemos Education\",\"isPartOf\":{\"@id\":\"https:\/\/kedemoseducation.com\/fr\/#website\"},\"primaryImageOfPage\":{\"@id\":\"https:\/\/kedemoseducation.com\/product\/grade-8-grammar-workbook\/#primaryimage\"},\"image\":{\"@id\":\"https:\/\/kedemoseducation.com\/product\/grade-8-grammar-workbook\/#primaryimage\"},\"thumbnailUrl\":\"https:\/\/i0.wp.com\/kedemoseducation.com\/wp-content\/uploads\/2022\/05\/Grammaire-EB8-aec.jpg?fit=600%2C800&ssl=1\",\"datePublished\":\"2022-05-05T06:18:00+00:00\",\"dateModified\":\"2026-02-18T13:34:48+00:00\",\"description\":\"This Grade 8 grammar workbook provides grammar, conjugation, and spelling lessons to strengthen students\u2019 mastery of French language skills.\",\"breadcrumb\":{\"@id\":\"https:\/\/kedemoseducation.com\/product\/grade-8-grammar-workbook\/#breadcrumb\"},\"inLanguage\":\"fr-FR\",\"potentialAction\":[{\"@type\":\"ReadAction\",\"target\":[\"https:\/\/kedemoseducation.com\/product\/grade-8-grammar-workbook\/\"]}]},{\"@type\":\"ImageObject\",\"inLanguage\":\"fr-FR\",\"@id\":\"https:\/\/kedemoseducation.com\/product\/grade-8-grammar-workbook\/#primaryimage\",\"url\":\"https:\/\/i0.wp.com\/kedemoseducation.com\/wp-content\/uploads\/2022\/05\/Grammaire-EB8-aec.jpg?fit=600%2C800&ssl=1\",\"contentUrl\":\"https:\/\/i0.wp.com\/kedemoseducation.com\/wp-content\/uploads\/2022\/05\/Grammaire-EB8-aec.jpg?fit=600%2C800&ssl=1\",\"width\":600,\"height\":800,\"caption\":\"Grade 8 Grammar Copybook - Le Fran\u00e7ais au Coll\u00e8ge\"},{\"@type\":\"BreadcrumbList\",\"@id\":\"https:\/\/kedemoseducation.com\/product\/grade-8-grammar-workbook\/#breadcrumb\",\"itemListElement\":[{\"@type\":\"ListItem\",\"position\":1,\"name\":\"Home\",\"item\":\"https:\/\/kedemoseducation.com\/\"},{\"@type\":\"ListItem\",\"position\":2,\"name\":\"All Products\",\"item\":\"https:\/\/kedemoseducation.com\/fr\/shop-2\/tous-les-produits\/\"},{\"@type\":\"ListItem\",\"position\":3,\"name\":\"School Books\",\"item\":\"https:\/\/kedemoseducation.com\/fr\/categorie-de-produit\/manuels-scolaires\/\"},{\"@type\":\"ListItem\",\"position\":4,\"name\":\"Grade 8 &#8211; Grammar Workbook\"}]},{\"@type\":\"WebSite\",\"@id\":\"https:\/\/kedemoseducation.com\/fr\/#website\",\"url\":\"https:\/\/kedemoseducation.com\/fr\/\",\"name\":\"Kedemos Education\",\"description\":\"The Pleasure of Learning\",\"publisher\":{\"@id\":\"https:\/\/kedemoseducation.com\/fr\/#organization\"},\"potentialAction\":[{\"@type\":\"SearchAction\",\"target\":{\"@type\":\"EntryPoint\",\"urlTemplate\":\"https:\/\/kedemoseducation.com\/fr\/?s={search_term_string}\"},\"query-input\":{\"@type\":\"PropertyValueSpecification\",\"valueRequired\":true,\"valueName\":\"search_term_string\"}}],\"inLanguage\":\"fr-FR\"},{\"@type\":\"Organization\",\"@id\":\"https:\/\/kedemoseducation.com\/fr\/#organization\",\"name\":\"Kedemos Education\",\"url\":\"https:\/\/kedemoseducation.com\/fr\/\",\"logo\":{\"@type\":\"ImageObject\",\"inLanguage\":\"fr-FR\",\"@id\":\"https:\/\/kedemoseducation.com\/fr\/#\/schema\/logo\/image\/\",\"url\":\"https:\/\/kedemoseducation.com\/wp-content\/uploads\/2023\/06\/logo-kedemos-education.png\",\"contentUrl\":\"https:\/\/kedemoseducation.com\/wp-content\/uploads\/2023\/06\/logo-kedemos-education.png\",\"width\":2362,\"height\":903,\"caption\":\"Kedemos Education\"},\"image\":{\"@id\":\"https:\/\/kedemoseducation.com\/fr\/#\/schema\/logo\/image\/\"},\"sameAs\":[\"https:\/\/www.facebook.com\/Kedemoseducation\",\"https:\/\/www.instagram.com\/kedemoseducation\/\",\"https:\/\/www.linkedin.com\/company\/kedemos-education\/\"]}]}<\/script>\r\n<!-- \/ Yoast SEO plugin. -->","yoast_head_json":{"title":"4\u1d49 \/ EB8 Manuel de Grammaire - K\u00e9d\u00e9mos Education","description":"Le manuel de grammaire pour la 4\u1d49 \/ EB8 de la collection \u00ab Le Fran\u00e7ais au Coll\u00e8ge \u00bb propose des le\u00e7ons de grammaire, de conjugaison et d'orthographe afin de renforcer la ma\u00eetrise de la langue fran\u00e7aise.","robots":{"index":"index","follow":"follow","max-snippet":"max-snippet:-1","max-image-preview":"max-image-preview:large","max-video-preview":"max-video-preview:-1"},"canonical":"https:\/\/kedemoseducation.com\/fr\/product\/4e-eb8-manuel-de-grammaire\/","og_locale":"fr_FR","og_type":"article","og_title":"Grade 8 Grammar Workbook - Kedemos Education","og_description":"This Grade 8 grammar workbook provides grammar, conjugation, and spelling lessons to strengthen students\u2019 mastery of French language skills.","og_url":"https:\/\/kedemoseducation.com\/fr\/product\/4e-eb8-manuel-de-grammaire\/","og_site_name":"Kedemos Education","article_publisher":"https:\/\/www.facebook.com\/Kedemoseducation","article_modified_time":"2026-02-18T13:34:48+00:00","og_image":[{"width":600,"height":800,"url":"https:\/\/kedemoseducation.com\/wp-content\/uploads\/2022\/05\/Grammaire-EB8-aec.jpg","type":"image\/jpeg"}],"twitter_card":"summary_large_image","twitter_misc":{"Dur\u00e9e de lecture estim\u00e9e":"2 minutes"},"schema":{"@context":"https:\/\/schema.org","@graph":[{"@type":"WebPage","@id":"https:\/\/kedemoseducation.com\/product\/grade-8-grammar-workbook\/","url":"https:\/\/kedemoseducation.com\/product\/grade-8-grammar-workbook\/","name":"4\u1d49 \/ EB8 Manuel de Grammaire - K\u00e9d\u00e9mos Education","isPartOf":{"@id":"https:\/\/kedemoseducation.com\/fr\/#website"},"primaryImageOfPage":{"@id":"https:\/\/kedemoseducation.com\/product\/grade-8-grammar-workbook\/#primaryimage"},"image":{"@id":"https:\/\/kedemoseducation.com\/product\/grade-8-grammar-workbook\/#primaryimage"},"thumbnailUrl":"https:\/\/i0.wp.com\/kedemoseducation.com\/wp-content\/uploads\/2022\/05\/Grammaire-EB8-aec.jpg?fit=600%2C800&ssl=1","datePublished":"2022-05-05T06:18:00+00:00","dateModified":"2026-02-18T13:34:48+00:00","description":"Le manuel de grammaire pour la 4\u1d49 \/ EB8 de la collection \u00ab Le Fran\u00e7ais au Coll\u00e8ge \u00bb propose des le\u00e7ons de grammaire, de conjugaison et d'orthographe afin de renforcer la ma\u00eetrise de la langue fran\u00e7aise.","breadcrumb":{"@id":"https:\/\/kedemoseducation.com\/product\/grade-8-grammar-workbook\/#breadcrumb"},"inLanguage":"fr-FR","potentialAction":[{"@type":"ReadAction","target":["https:\/\/kedemoseducation.com\/product\/grade-8-grammar-workbook\/"]}]},{"@type":"ImageObject","inLanguage":"fr-FR","@id":"https:\/\/kedemoseducation.com\/product\/grade-8-grammar-workbook\/#primaryimage","url":"https:\/\/i0.wp.com\/kedemoseducation.com\/wp-content\/uploads\/2022\/05\/Grammaire-EB8-aec.jpg?fit=600%2C800&ssl=1","contentUrl":"https:\/\/i0.wp.com\/kedemoseducation.com\/wp-content\/uploads\/2022\/05\/Grammaire-EB8-aec.jpg?fit=600%2C800&ssl=1","width":600,"height":800,"caption":"Grade 8 Grammar Copybook - Le Fran\u00e7ais au Coll\u00e8ge"},{"@type":"BreadcrumbList","@id":"https:\/\/kedemoseducation.com\/product\/grade-8-grammar-workbook\/#breadcrumb","itemListElement":[{"@type":"ListItem","position":1,"name":"Home","item":"https:\/\/kedemoseducation.com\/"},{"@type":"ListItem","position":2,"name":"All Products","item":"https:\/\/kedemoseducation.com\/fr\/shop-2\/tous-les-produits\/"},{"@type":"ListItem","position":3,"name":"School Books","item":"https:\/\/kedemoseducation.com\/fr\/categorie-de-produit\/manuels-scolaires\/"},{"@type":"ListItem","position":4,"name":"Grade 8 &#8211; Grammar Workbook"}]},{"@type":"WebSite","@id":"https:\/\/kedemoseducation.com\/fr\/#website","url":"https:\/\/kedemoseducation.com\/fr\/","name":"K\u00e9d\u00e9mos Education","description":"Le plaisir d'apprendre","publisher":{"@id":"https:\/\/kedemoseducation.com\/fr\/#organization"},"potentialAction":[{"@type":"SearchAction","target":{"@type":"EntryPoint","urlTemplate":"https:\/\/kedemoseducation.com\/fr\/?s={search_term_string}"},"query-input":{"@type":"PropertyValueSpecification","valueRequired":true,"valueName":"search_term_string"}}],"inLanguage":"fr-FR"},{"@type":"Organization","@id":"https:\/\/kedemoseducation.com\/fr\/#organization","name":"K\u00e9d\u00e9mos Education","url":"https:\/\/kedemoseducation.com\/fr\/","logo":{"@type":"ImageObject","inLanguage":"fr-FR","@id":"https:\/\/kedemoseducation.com\/fr\/#\/schema\/logo\/image\/","url":"https:\/\/kedemoseducation.com\/wp-content\/uploads\/2023\/06\/logo-kedemos-education.png","contentUrl":"https:\/\/kedemoseducation.com\/wp-content\/uploads\/2023\/06\/logo-kedemos-education.png","width":2362,"height":903,"caption":"Kedemos Education"},"image":{"@id":"https:\/\/kedemoseducation.com\/fr\/#\/schema\/logo\/image\/"},"sameAs":["https:\/\/www.facebook.com\/Kedemoseducation","https:\/\/www.instagram.com\/kedemoseducation\/","https:\/\/www.linkedin.com\/company\/kedemos-education\/"]}]}},"jetpack_sharing_enabled":true,"_links":{"self":[{"href":"https:\/\/kedemoseducation.com\/fr\/wp-json\/wp\/v2\/product\/273","targetHints":{"allow":["GET"]}}],"collection":[{"href":"https:\/\/kedemoseducation.com\/fr\/wp-json\/wp\/v2\/product"}],"about":[{"href":"https:\/\/kedemoseducation.com\/fr\/wp-json\/wp\/v2\/types\/product"}],"replies":[{"embeddable":true,"href":"https:\/\/kedemoseducation.com\/fr\/wp-json\/wp\/v2\/comments?post=273"}],"wp:featuredmedia":[{"embeddable":true,"href":"https:\/\/kedemoseducation.com\/fr\/wp-json\/wp\/v2\/media\/7306"}],"wp:attachment":[{"href":"https:\/\/kedemoseducation.com\/fr\/wp-json\/wp\/v2\/media?parent=273"}],"wp:term":[{"taxonomy":"product_brand","embeddable":true,"href":"https:\/\/kedemoseducation.com\/fr\/wp-json\/wp\/v2\/product_brand?post=273"},{"taxonomy":"product_cat","embeddable":true,"href":"https:\/\/kedemoseducation.com\/fr\/wp-json\/wp\/v2\/product_cat?post=273"},{"taxonomy":"product_tag","embeddable":true,"href":"https:\/\/kedemoseducation.com\/fr\/wp-json\/wp\/v2\/product_tag?post=273"}],"curies":[{"name":"wp","href":"https:\/\/api.w.org\/{rel}","templated":true}]}}