{"id":272,"date":"2022-05-05T06:17:59","date_gmt":"2022-05-05T06:17:59","guid":{"rendered":"https:\/\/eshop.classperts.com\/?post_type=product&#038;p=272"},"modified":"2026-02-18T15:44:38","modified_gmt":"2026-02-18T13:44:38","slug":"grade-8-activities-workbook","status":"publish","type":"product","link":"https:\/\/kedemoseducation.com\/fr\/product\/4e-eb8-cahier-dactivites\/","title":{"rendered":"4\u1d49 \/ EB8 - Cahier d'activit\u00e9s"},"content":{"rendered":"<h1><strong>Cahier d'activit\u00e9s 4\u1d49 \/ EB8 - Le Fran\u00e7ais au Coll\u00e8ge<\/strong><\/h1>\n<h2><b>Pr\u00e9sentation de la m\u00e9thode de la 4\u1d49 \/ EB8<\/b><\/h2>\n<p><span style=\"font-weight: 400;\">Ce cahier d'activit\u00e9s de la 4\u1d49 \/ EB8 fait partie de la collection Le Fran\u00e7ais au Coll\u00e8ge.\u00a0<\/span><\/p>\n<p><span style=\"font-weight: 400;\">Cette derni\u00e8re constitue la suite naturelle des ouvrages \u00ab Arc-en-ciel \u00bb des classes pr\u00e9c\u00e9dentes. Elle reprend, approfondit et \u00e9largit ainsi les principes m\u00e9thodologiques qui ont auparavant d\u00e9montr\u00e9 leur efficacit\u00e9.<\/span><\/p>\n<p><span style=\"font-weight: 400;\">La m\u00e9thode \u00ab Le Fran\u00e7ais au Coll\u00e8ge \u00bb pour la 4\u1d49 \/ EB8 propose :<\/span><\/p>\n<ul>\n<li style=\"font-weight: 400;\" aria-level=\"1\"><span style=\"font-weight: 400;\">Des textes de lecture vari\u00e9s et illustr\u00e9s, adapt\u00e9s au d\u00e9veloppement psychologique et linguistique des \u00e9l\u00e8ves. Ils visent \u00e0 d\u00e9velopper leurs capacit\u00e9s d\u2019analyse et \u00e0 les initier aux techniques d\u2019expression et aux figures de style.<\/span><\/li>\n<li style=\"font-weight: 400;\" aria-level=\"1\"><span style=\"font-weight: 400;\">Des images destin\u00e9es \u00e0 faciliter la compr\u00e9hension et l\u2019expression orale.<\/span><\/li>\n<li style=\"font-weight: 400;\" aria-level=\"1\"><span style=\"font-weight: 400;\">Un travail sur diff\u00e9rentes techniques d\u2019\u00e9criture afin de d\u00e9velopper la capacit\u00e9 des \u00e9l\u00e8ves \u00e0 produire divers types de textes (descriptifs, informatifs, etc.).<\/span><\/li>\n<li style=\"font-weight: 400;\" aria-level=\"1\"><span style=\"font-weight: 400;\">Des exercices de compr\u00e9hension et d\u2019expression orales.<\/span><\/li>\n<li style=\"font-weight: 400;\" aria-level=\"1\"><span style=\"font-weight: 400;\">Un enrichissement culturel \u00e0 travers des textes et des documents pr\u00e9sentant de grands auteurs.<\/span><\/li>\n<li style=\"font-weight: 400;\" aria-level=\"1\"><span style=\"font-weight: 400;\">Un travail sur diff\u00e9rentes techniques d\u2019\u00e9criture afin de d\u00e9velopper la capacit\u00e9 des \u00e9l\u00e8ves \u00e0 produire divers types de textes (descriptifs, informatifs, etc.).<\/span><\/li>\n<\/ul>\n<p>Le Fran\u00e7ais au Coll\u00e8ge pour la 4\u1d49 \/ EB8 comprend les manuels suivants : un <a href=\"https:\/\/kedemoseducation.com\/fr\/product\/4e-eb8-manuel-de-textes-et-expression\/\">livre de Textes et Expression<\/a>, an activity workbook, and a <a href=\"https:\/\/kedemoseducation.com\/fr\/product\/grade-8-grammar-copybook\/\">fichier de grammaire<\/a>.<\/p>\n<h3><b>Le cahier d'activit\u00e9s<\/b><\/h3>\n<p><span style=\"font-weight: 400;\">Ce cahier pour la 4\u1d49 \/ EB8 prolonge le manuel \u00ab Textes et Expression \u00bb. Chacune des unit\u00e9s propose des exercices sur :<\/span><\/p>\n<ul>\n<li style=\"font-weight: 400;\" aria-level=\"1\"><span style=\"font-weight: 400;\">Compr\u00e9hension \u00e9crite d\u2019un texte donn\u00e9.<\/span><\/li>\n<li style=\"font-weight: 400;\" aria-level=\"1\"><span style=\"font-weight: 400;\">Compr\u00e9hension orale d\u2019un document audio.<\/span><\/li>\n<li style=\"font-weight: 400;\" aria-level=\"1\"><span style=\"font-weight: 400;\">Enrichissement du vocabulaire.<\/span><\/li>\n<li style=\"font-weight: 400;\" aria-level=\"1\"><span style=\"font-weight: 400;\">Production \u00e9crite : composition de phrases, de paragraphes et de diff\u00e9rents types de textes (narratif, descriptif, informatif, argumentatif, etc.).<\/span><\/li>\n<li style=\"font-weight: 400;\" aria-level=\"1\"><span style=\"font-weight: 400;\">\u00c9valuation et auto\u00e9valuation.<\/span><\/li>\n<\/ul>\n<h3><b>Courte description<\/b><\/h3>","protected":false},"excerpt":{"rendered":"<p><span style=\"font-weight: 400;\">Ce cahier d\u2019activit\u00e9s propose des exercices portant sur la compr\u00e9hension \u00e9crite et orale, le vocabulaire et la production d\u2019\u00e9crits. Il accompagne le <a href=\"https:\/\/kedemoseducation.com\/fr\/product\/4e-eb8-manuel-de-textes-et-expression\/\">livre de Textes et Expression de la 4\u1d49 \/ EB8<\/a>.<\/span><\/p>","protected":false},"featured_media":7307,"comment_status":"closed","ping_status":"closed","template":"","meta":{"_monsterinsights_skip_tracking":false,"_monsterinsights_sitenote_active":false,"_monsterinsights_sitenote_note":"","_monsterinsights_sitenote_category":0},"product_brand":[],"product_cat":[17,262,16,30,329],"product_tag":[108,109,297,300],"class_list":{"0":"post-272","1":"product","2":"type-product","3":"status-publish","4":"has-post-thumbnail","6":"product_cat-french","7":"product_cat-le-francais-au-college","8":"product_cat-school-books","9":"product_cat-grade-8-le-francais-au-college","10":"product_cat-middle-school","11":"product_tag-grade-8","12":"product_tag-le-francais-au-college","13":"product_tag-middle-school","14":"product_tag-activities-workbook","15":"pa_grade-grade-8","17":"first","18":"instock","19":"shipping-taxable","20":"purchasable","21":"product-type-simple"},"yoast_head":"<!-- This site is optimized with the Yoast SEO plugin v26.4 - https:\/\/yoast.com\/wordpress\/plugins\/seo\/ -->\r\n<title>Grade 8 Activities Workbook - Kedemos Education<\/title>\r\n<meta name=\"description\" content=\"The Grade 8 activities workbook provides written and oral comprehension, vocabulary, and writing exercises to strengthen students\u2019 language skills.\" \/>\r\n<meta name=\"robots\" content=\"index, follow, max-snippet:-1, max-image-preview:large, max-video-preview:-1\" \/>\r\n<link rel=\"canonical\" href=\"https:\/\/kedemoseducation.com\/fr\/product\/4e-eb8-cahier-dactivites\/\" \/>\r\n<meta property=\"og:locale\" content=\"fr_FR\" \/>\r\n<meta property=\"og:type\" content=\"article\" \/>\r\n<meta property=\"og:title\" content=\"Grade 8 Activities Workbook - Kedemos Education\" \/>\r\n<meta property=\"og:description\" content=\"The Grade 8 activities workbook provides written and oral comprehension, vocabulary, and writing exercises to strengthen students\u2019 language skills.\" \/>\r\n<meta property=\"og:url\" content=\"https:\/\/kedemoseducation.com\/fr\/product\/4e-eb8-cahier-dactivites\/\" \/>\r\n<meta property=\"og:site_name\" content=\"Kedemos Education\" \/>\r\n<meta property=\"article:publisher\" content=\"https:\/\/www.facebook.com\/Kedemoseducation\" \/>\r\n<meta property=\"article:modified_time\" content=\"2026-02-18T13:44:38+00:00\" \/>\r\n<meta property=\"og:image\" content=\"https:\/\/kedemoseducation.com\/wp-content\/uploads\/2022\/05\/Activite-EB8-aec.jpg\" \/>\r\n\t<meta property=\"og:image:width\" content=\"600\" \/>\r\n\t<meta property=\"og:image:height\" content=\"800\" \/>\r\n\t<meta property=\"og:image:type\" content=\"image\/jpeg\" \/>\r\n<meta name=\"twitter:card\" content=\"summary_large_image\" \/>\r\n<meta name=\"twitter:label1\" content=\"Dur\u00e9e de lecture estim\u00e9e\" \/>\n\t<meta name=\"twitter:data1\" content=\"2 minutes\" \/>\r\n<script type=\"application\/ld+json\" class=\"yoast-schema-graph\">{\"@context\":\"https:\/\/schema.org\",\"@graph\":[{\"@type\":\"WebPage\",\"@id\":\"https:\/\/kedemoseducation.com\/product\/4e-eb8-cahier-dactivites\/\",\"url\":\"https:\/\/kedemoseducation.com\/product\/4e-eb8-cahier-dactivites\/\",\"name\":\"Grade 8 Activities Workbook - Kedemos Education\",\"isPartOf\":{\"@id\":\"https:\/\/kedemoseducation.com\/fr\/#website\"},\"primaryImageOfPage\":{\"@id\":\"https:\/\/kedemoseducation.com\/product\/4e-eb8-cahier-dactivites\/#primaryimage\"},\"image\":{\"@id\":\"https:\/\/kedemoseducation.com\/product\/4e-eb8-cahier-dactivites\/#primaryimage\"},\"thumbnailUrl\":\"https:\/\/i0.wp.com\/kedemoseducation.com\/wp-content\/uploads\/2022\/05\/Activite-EB8-aec.jpg?fit=600%2C800&ssl=1\",\"datePublished\":\"2022-05-05T06:17:59+00:00\",\"dateModified\":\"2026-02-18T13:44:38+00:00\",\"description\":\"The Grade 8 activities workbook provides written and oral comprehension, vocabulary, and writing exercises to strengthen students\u2019 language skills.\",\"breadcrumb\":{\"@id\":\"https:\/\/kedemoseducation.com\/product\/4e-eb8-cahier-dactivites\/#breadcrumb\"},\"inLanguage\":\"fr-FR\",\"potentialAction\":[{\"@type\":\"ReadAction\",\"target\":[\"https:\/\/kedemoseducation.com\/product\/4e-eb8-cahier-dactivites\/\"]}]},{\"@type\":\"ImageObject\",\"inLanguage\":\"fr-FR\",\"@id\":\"https:\/\/kedemoseducation.com\/product\/4e-eb8-cahier-dactivites\/#primaryimage\",\"url\":\"https:\/\/i0.wp.com\/kedemoseducation.com\/wp-content\/uploads\/2022\/05\/Activite-EB8-aec.jpg?fit=600%2C800&ssl=1\",\"contentUrl\":\"https:\/\/i0.wp.com\/kedemoseducation.com\/wp-content\/uploads\/2022\/05\/Activite-EB8-aec.jpg?fit=600%2C800&ssl=1\",\"width\":600,\"height\":800,\"caption\":\"Grade 8 Activities workbook\u00a0- Le Fran\u00e7ais au Coll\u00e8ge\u00a0\"},{\"@type\":\"BreadcrumbList\",\"@id\":\"https:\/\/kedemoseducation.com\/product\/4e-eb8-cahier-dactivites\/#breadcrumb\",\"itemListElement\":[{\"@type\":\"ListItem\",\"position\":1,\"name\":\"Home\",\"item\":\"https:\/\/kedemoseducation.com\/\"},{\"@type\":\"ListItem\",\"position\":2,\"name\":\"All Products\",\"item\":\"https:\/\/kedemoseducation.com\/fr\/shop-2\/tous-les-produits\/\"},{\"@type\":\"ListItem\",\"position\":3,\"name\":\"School Books\",\"item\":\"https:\/\/kedemoseducation.com\/fr\/categorie-de-produit\/manuels-scolaires\/\"},{\"@type\":\"ListItem\",\"position\":4,\"name\":\"Grade 8 &#8211; Activities Workbook\"}]},{\"@type\":\"WebSite\",\"@id\":\"https:\/\/kedemoseducation.com\/fr\/#website\",\"url\":\"https:\/\/kedemoseducation.com\/fr\/\",\"name\":\"Kedemos Education\",\"description\":\"The Pleasure of Learning\",\"publisher\":{\"@id\":\"https:\/\/kedemoseducation.com\/fr\/#organization\"},\"potentialAction\":[{\"@type\":\"SearchAction\",\"target\":{\"@type\":\"EntryPoint\",\"urlTemplate\":\"https:\/\/kedemoseducation.com\/fr\/?s={search_term_string}\"},\"query-input\":{\"@type\":\"PropertyValueSpecification\",\"valueRequired\":true,\"valueName\":\"search_term_string\"}}],\"inLanguage\":\"fr-FR\"},{\"@type\":\"Organization\",\"@id\":\"https:\/\/kedemoseducation.com\/fr\/#organization\",\"name\":\"Kedemos Education\",\"url\":\"https:\/\/kedemoseducation.com\/fr\/\",\"logo\":{\"@type\":\"ImageObject\",\"inLanguage\":\"fr-FR\",\"@id\":\"https:\/\/kedemoseducation.com\/fr\/#\/schema\/logo\/image\/\",\"url\":\"https:\/\/kedemoseducation.com\/wp-content\/uploads\/2023\/06\/logo-kedemos-education.png\",\"contentUrl\":\"https:\/\/kedemoseducation.com\/wp-content\/uploads\/2023\/06\/logo-kedemos-education.png\",\"width\":2362,\"height\":903,\"caption\":\"Kedemos Education\"},\"image\":{\"@id\":\"https:\/\/kedemoseducation.com\/fr\/#\/schema\/logo\/image\/\"},\"sameAs\":[\"https:\/\/www.facebook.com\/Kedemoseducation\",\"https:\/\/www.instagram.com\/kedemoseducation\/\",\"https:\/\/www.linkedin.com\/company\/kedemos-education\/\"]}]}<\/script>\r\n<!-- \/ Yoast SEO plugin. -->","yoast_head_json":{"title":"4\u1d49 \/ EB8  Cahier d'activit\u00e9s - K\u00e9d\u00e9mos Education","description":"Le cahier d'activit\u00e9s pour la 4\u1d49 \/ EB8 de la collection \u00ab Le Fran\u00e7ais au Coll\u00e8ge \u00bb propose des exercices de compr\u00e9hension \u00e9crite et orale, de vocabulaire et de production d'\u00e9crits.","robots":{"index":"index","follow":"follow","max-snippet":"max-snippet:-1","max-image-preview":"max-image-preview:large","max-video-preview":"max-video-preview:-1"},"canonical":"https:\/\/kedemoseducation.com\/fr\/product\/4e-eb8-cahier-dactivites\/","og_locale":"fr_FR","og_type":"article","og_title":"Grade 8 Activities Workbook - Kedemos Education","og_description":"The Grade 8 activities workbook provides written and oral comprehension, vocabulary, and writing exercises to strengthen students\u2019 language skills.","og_url":"https:\/\/kedemoseducation.com\/fr\/product\/4e-eb8-cahier-dactivites\/","og_site_name":"Kedemos Education","article_publisher":"https:\/\/www.facebook.com\/Kedemoseducation","article_modified_time":"2026-02-18T13:44:38+00:00","og_image":[{"width":600,"height":800,"url":"https:\/\/kedemoseducation.com\/wp-content\/uploads\/2022\/05\/Activite-EB8-aec.jpg","type":"image\/jpeg"}],"twitter_card":"summary_large_image","twitter_misc":{"Dur\u00e9e de lecture estim\u00e9e":"2 minutes"},"schema":{"@context":"https:\/\/schema.org","@graph":[{"@type":"WebPage","@id":"https:\/\/kedemoseducation.com\/product\/4e-eb8-cahier-dactivites\/","url":"https:\/\/kedemoseducation.com\/product\/4e-eb8-cahier-dactivites\/","name":"4\u1d49 \/ EB8  Cahier d'activit\u00e9s - K\u00e9d\u00e9mos Education","isPartOf":{"@id":"https:\/\/kedemoseducation.com\/fr\/#website"},"primaryImageOfPage":{"@id":"https:\/\/kedemoseducation.com\/product\/4e-eb8-cahier-dactivites\/#primaryimage"},"image":{"@id":"https:\/\/kedemoseducation.com\/product\/4e-eb8-cahier-dactivites\/#primaryimage"},"thumbnailUrl":"https:\/\/i0.wp.com\/kedemoseducation.com\/wp-content\/uploads\/2022\/05\/Activite-EB8-aec.jpg?fit=600%2C800&ssl=1","datePublished":"2022-05-05T06:17:59+00:00","dateModified":"2026-02-18T13:44:38+00:00","description":"Le cahier d'activit\u00e9s pour la 4\u1d49 \/ EB8 de la collection \u00ab Le Fran\u00e7ais au Coll\u00e8ge \u00bb propose des exercices de compr\u00e9hension \u00e9crite et orale, de vocabulaire et de production d'\u00e9crits.","breadcrumb":{"@id":"https:\/\/kedemoseducation.com\/product\/4e-eb8-cahier-dactivites\/#breadcrumb"},"inLanguage":"fr-FR","potentialAction":[{"@type":"ReadAction","target":["https:\/\/kedemoseducation.com\/product\/4e-eb8-cahier-dactivites\/"]}]},{"@type":"ImageObject","inLanguage":"fr-FR","@id":"https:\/\/kedemoseducation.com\/product\/4e-eb8-cahier-dactivites\/#primaryimage","url":"https:\/\/i0.wp.com\/kedemoseducation.com\/wp-content\/uploads\/2022\/05\/Activite-EB8-aec.jpg?fit=600%2C800&ssl=1","contentUrl":"https:\/\/i0.wp.com\/kedemoseducation.com\/wp-content\/uploads\/2022\/05\/Activite-EB8-aec.jpg?fit=600%2C800&ssl=1","width":600,"height":800,"caption":"Grade 8 Activities workbook\u00a0- Le Fran\u00e7ais au Coll\u00e8ge\u00a0"},{"@type":"BreadcrumbList","@id":"https:\/\/kedemoseducation.com\/product\/4e-eb8-cahier-dactivites\/#breadcrumb","itemListElement":[{"@type":"ListItem","position":1,"name":"Home","item":"https:\/\/kedemoseducation.com\/"},{"@type":"ListItem","position":2,"name":"All Products","item":"https:\/\/kedemoseducation.com\/fr\/shop-2\/tous-les-produits\/"},{"@type":"ListItem","position":3,"name":"School Books","item":"https:\/\/kedemoseducation.com\/fr\/categorie-de-produit\/manuels-scolaires\/"},{"@type":"ListItem","position":4,"name":"Grade 8 &#8211; Activities Workbook"}]},{"@type":"WebSite","@id":"https:\/\/kedemoseducation.com\/fr\/#website","url":"https:\/\/kedemoseducation.com\/fr\/","name":"K\u00e9d\u00e9mos Education","description":"Le plaisir d'apprendre","publisher":{"@id":"https:\/\/kedemoseducation.com\/fr\/#organization"},"potentialAction":[{"@type":"SearchAction","target":{"@type":"EntryPoint","urlTemplate":"https:\/\/kedemoseducation.com\/fr\/?s={search_term_string}"},"query-input":{"@type":"PropertyValueSpecification","valueRequired":true,"valueName":"search_term_string"}}],"inLanguage":"fr-FR"},{"@type":"Organization","@id":"https:\/\/kedemoseducation.com\/fr\/#organization","name":"K\u00e9d\u00e9mos Education","url":"https:\/\/kedemoseducation.com\/fr\/","logo":{"@type":"ImageObject","inLanguage":"fr-FR","@id":"https:\/\/kedemoseducation.com\/fr\/#\/schema\/logo\/image\/","url":"https:\/\/kedemoseducation.com\/wp-content\/uploads\/2023\/06\/logo-kedemos-education.png","contentUrl":"https:\/\/kedemoseducation.com\/wp-content\/uploads\/2023\/06\/logo-kedemos-education.png","width":2362,"height":903,"caption":"Kedemos Education"},"image":{"@id":"https:\/\/kedemoseducation.com\/fr\/#\/schema\/logo\/image\/"},"sameAs":["https:\/\/www.facebook.com\/Kedemoseducation","https:\/\/www.instagram.com\/kedemoseducation\/","https:\/\/www.linkedin.com\/company\/kedemos-education\/"]}]}},"jetpack_sharing_enabled":true,"_links":{"self":[{"href":"https:\/\/kedemoseducation.com\/fr\/wp-json\/wp\/v2\/product\/272","targetHints":{"allow":["GET"]}}],"collection":[{"href":"https:\/\/kedemoseducation.com\/fr\/wp-json\/wp\/v2\/product"}],"about":[{"href":"https:\/\/kedemoseducation.com\/fr\/wp-json\/wp\/v2\/types\/product"}],"replies":[{"embeddable":true,"href":"https:\/\/kedemoseducation.com\/fr\/wp-json\/wp\/v2\/comments?post=272"}],"wp:featuredmedia":[{"embeddable":true,"href":"https:\/\/kedemoseducation.com\/fr\/wp-json\/wp\/v2\/media\/7307"}],"wp:attachment":[{"href":"https:\/\/kedemoseducation.com\/fr\/wp-json\/wp\/v2\/media?parent=272"}],"wp:term":[{"taxonomy":"product_brand","embeddable":true,"href":"https:\/\/kedemoseducation.com\/fr\/wp-json\/wp\/v2\/product_brand?post=272"},{"taxonomy":"product_cat","embeddable":true,"href":"https:\/\/kedemoseducation.com\/fr\/wp-json\/wp\/v2\/product_cat?post=272"},{"taxonomy":"product_tag","embeddable":true,"href":"https:\/\/kedemoseducation.com\/fr\/wp-json\/wp\/v2\/product_tag?post=272"}],"curies":[{"name":"wp","href":"https:\/\/api.w.org\/{rel}","templated":true}]}}