{"id":271,"date":"2022-05-05T06:17:58","date_gmt":"2022-05-05T06:17:58","guid":{"rendered":"https:\/\/eshop.classperts.com\/?post_type=product&#038;p=271"},"modified":"2026-02-18T11:31:32","modified_gmt":"2026-02-18T09:31:32","slug":"grade-7-textes-et-expression-textbook","status":"publish","type":"product","link":"https:\/\/kedemoseducation.com\/fr\/product\/5e-eb7-manuel-textes-et-expression\/","title":{"rendered":"5\u1d49 \/ EB7 - Manuel de \u201cTextes et Expression\u201d"},"content":{"rendered":"<h1><strong>Manuel de \u201cTextes et Expression\u201d 5\u1d49 \/ EB7 - Le Fran\u00e7ais au Coll\u00e8ge<\/strong><\/h1>\n<h2><strong>Pr\u00e9sentation de la m\u00e9thode 5\u1d49 \/ EB7<\/strong><\/h2>\n<p>Ce livre de Textes et expression de la 5\u1d49 \/ EB7 fait partie de la collection \u00ab Le Fran\u00e7ais au Coll\u00e8ge \u00bb.<\/p>\n<p>\u201cLe Fran\u00e7ais au Coll\u00e8ge\u201d constitue le prolongement naturel des manuels \u00ab Arc-en-ciel \u00bb des classes pr\u00e9c\u00e9dentes. Il s\u2019appuie ainsi sur les principes m\u00e9thodologiques qui ont fait leurs preuves au primaire, les approfondit et les \u00e9largit.<\/p>\n<p>La m\u00e9thode \u00ab Le Fran\u00e7ais au Coll\u00e8ge \u00bb pour la 5\u1d49 \/ EB7 propose :<\/p>\n<ul>\n<li style=\"font-weight: 400;\" aria-level=\"1\">Des textes de lecture vari\u00e9s et illustr\u00e9s, adapt\u00e9s au d\u00e9veloppement psychologique et linguistique des \u00e9l\u00e8ves. Ils visent \u00e0 d\u00e9velopper leurs comp\u00e9tences d\u2019analyse et \u00e0 les initier aux techniques de l\u2019expression ainsi qu\u2019aux figures de style.<\/li>\n<li style=\"font-weight: 400;\" aria-level=\"1\">Des images qui facilitent la compr\u00e9hension et encouragent l\u2019expression orale.<\/li>\n<li style=\"font-weight: 400;\" aria-level=\"1\">Un travail sur les techniques d\u2019\u00e9criture \u00e0 travers diff\u00e9rents types de textes, permettant aux \u00e9l\u00e8ves de r\u00e9diger des textes descriptifs, informatifs et d\u2019autres formes d\u2019\u00e9crits.<\/li>\n<li style=\"font-weight: 400;\" aria-level=\"1\">Des exercices de compr\u00e9hension et d\u2019expression orales.<\/li>\n<li style=\"font-weight: 400;\" aria-level=\"1\">Un enrichissement culturel gr\u00e2ce \u00e0 des textes et des documents pr\u00e9sentant de grands auteurs.<\/li>\n<li style=\"font-weight: 400;\" aria-level=\"1\">Des le\u00e7ons et des activit\u00e9s de langue, de vocabulaire, de grammaire et d\u2019orthographe adapt\u00e9es au niveau des \u00e9l\u00e8ves, leur permettant d\u2019apprendre efficacement le fran\u00e7ais oral et \u00e9crit et de d\u00e9velopper leur r\u00e9flexion linguistique.<\/li>\n<\/ul>\n<p>\u00ab Le Fran\u00e7ais au Coll\u00e8ge \u00bb pour la 5\u1d49 \/ EB7 comprend les manuels suivants : un livre de Textes et expression, un cahier d'activit\u00e9s et un manuel de grammaire.<\/p>\n<h3><strong>Le manuel de \u201cTextes et Expression\u201d pour la 5\u1d49 \/ EB7<\/strong><\/h3>\n<p>Ce livre de la 5\u1d49 \/ EB7 d\u00e9veloppe neuf th\u00e8mes en 20 unit\u00e9s. On trouvera dans chacune des unit\u00e9s les activit\u00e9s suivantes :<\/p>\n<ul>\n<li style=\"font-weight: 400;\" aria-level=\"1\">Une \u00e9tude de texte avec questions.<\/li>\n<li style=\"font-weight: 400;\" aria-level=\"1\">Deux rubriques : \u00ab Techniques de l'expression \u00bb et \u00ab Texte et grammaire \u00bb.<\/li>\n<li style=\"font-weight: 400;\" aria-level=\"1\">Un texte informatif accompagn\u00e9 de questions.<\/li>\n<li style=\"font-weight: 400;\" aria-level=\"1\">Une page d'expression orale.<\/li>\n<li style=\"font-weight: 400;\" aria-level=\"1\">Une le\u00e7on d'expression \u00e9crite.<\/li>\n<li style=\"font-weight: 400;\" aria-level=\"1\">Dans certaines unit\u00e9s, une le\u00e7on sur les concepts lexicaux.<\/li>\n<li style=\"font-weight: 400;\" aria-level=\"1\">Des documents pour favoriser l'ouverture culturelle.<\/li>\n<\/ul>","protected":false},"excerpt":{"rendered":"<p>Ce livre propose un floril\u00e8ge de textes vari\u00e9s (narratifs, descriptifs, informatifs-explicatifs, argumentatifs, injonctifs,\u2026) qui ont pour objectif la reconnaissance et l\u2019analyse des diff\u00e9rents types de textes, et l\u2019initiation des \u00e9l\u00e8ves \u00e0 la composition de ces diff\u00e9rents types d\u2019\u00e9crits.<\/p>\n<p>Ce manuel est accompagn\u00e9 d'un cahier d'activit\u00e9s et d'un manuel de grammaire. Pour acc\u00e9der \u00e0 la collection compl\u00e8te \u00ab Le Fran\u00e7ais au Coll\u00e8ge \u00bb pour la 5\u1d49 \/ EB7, veuillez cliquer <a href=\"https:\/\/kedemoseducation.com\/fr\/product-category\/school-books\/french\/middle-school\/le-francais-au-college\/grade-7-le-francais-au-college\/\">ici<\/a>.<\/p>","protected":false},"featured_media":7302,"comment_status":"closed","ping_status":"closed","template":"","meta":{"_monsterinsights_skip_tracking":false,"_monsterinsights_sitenote_active":false,"_monsterinsights_sitenote_note":"","_monsterinsights_sitenote_category":0},"product_brand":[],"product_cat":[17,29,262,16,329],"product_tag":[103,148,292,297,306],"class_list":{"0":"post-271","1":"product","2":"type-product","3":"status-publish","4":"has-post-thumbnail","6":"product_cat-french","7":"product_cat-grade-7-le-francais-au-college","8":"product_cat-le-francais-au-college","9":"product_cat-school-books","10":"product_cat-middle-school","11":"product_tag-grade-7","12":"product_tag-francais-au-college","13":"product_tag-grammar-copybook","14":"product_tag-middle-school","15":"product_tag-textes-et-expression","16":"pa_grade-grade-7","18":"first","19":"instock","20":"shipping-taxable","21":"purchasable","22":"product-type-simple"},"yoast_head":"<!-- This site is optimized with the Yoast SEO plugin v26.4 - https:\/\/yoast.com\/wordpress\/plugins\/seo\/ -->\r\n<title>Grade 7 - \u201cTextes et Expression\u201d Textbook - Kedemos Education<\/title>\r\n<meta name=\"description\" content=\"This Grade 7 textbook from the collection \u201cLe Fran\u00e7ais au Coll\u00e8ge\u201d is part of a comprehensive method for learning French as a first language.\" \/>\r\n<meta name=\"robots\" content=\"index, follow, max-snippet:-1, max-image-preview:large, max-video-preview:-1\" \/>\r\n<link rel=\"canonical\" href=\"https:\/\/kedemoseducation.com\/fr\/product\/5\u1d49-eb7-manuel-textes-et-expression\/\" \/>\r\n<meta property=\"og:locale\" content=\"fr_FR\" \/>\r\n<meta property=\"og:type\" content=\"article\" \/>\r\n<meta property=\"og:title\" content=\"Grade 7 - \u201cTextes et Expression\u201d Textbook - Kedemos Education\" \/>\r\n<meta property=\"og:description\" content=\"This Grade 7 textbook from the collection \u201cLe Fran\u00e7ais au Coll\u00e8ge\u201d is part of a comprehensive method for learning French as a first language.\" \/>\r\n<meta property=\"og:url\" content=\"https:\/\/kedemoseducation.com\/fr\/product\/5\u1d49-eb7-manuel-textes-et-expression\/\" \/>\r\n<meta property=\"og:site_name\" content=\"Kedemos Education\" \/>\r\n<meta property=\"article:publisher\" content=\"https:\/\/www.facebook.com\/Kedemoseducation\" \/>\r\n<meta property=\"article:modified_time\" content=\"2026-02-18T09:31:32+00:00\" \/>\r\n<meta property=\"og:image\" content=\"https:\/\/kedemoseducation.com\/wp-content\/uploads\/2022\/05\/Lecture-EB7.jpg\" \/>\r\n\t<meta property=\"og:image:width\" content=\"600\" \/>\r\n\t<meta property=\"og:image:height\" content=\"800\" \/>\r\n\t<meta property=\"og:image:type\" content=\"image\/jpeg\" \/>\r\n<meta name=\"twitter:card\" content=\"summary_large_image\" \/>\r\n<meta name=\"twitter:label1\" content=\"Dur\u00e9e de lecture estim\u00e9e\" \/>\n\t<meta name=\"twitter:data1\" content=\"2 minutes\" \/>\r\n<script type=\"application\/ld+json\" class=\"yoast-schema-graph\">{\"@context\":\"https:\/\/schema.org\",\"@graph\":[{\"@type\":\"WebPage\",\"@id\":\"https:\/\/kedemoseducation.com\/product\/5\u1d49-eb7-manuel-textes-et-expression\/\",\"url\":\"https:\/\/kedemoseducation.com\/product\/5\u1d49-eb7-manuel-textes-et-expression\/\",\"name\":\"Grade 7 - \u201cTextes et Expression\u201d Textbook - Kedemos Education\",\"isPartOf\":{\"@id\":\"https:\/\/kedemoseducation.com\/fr\/#website\"},\"primaryImageOfPage\":{\"@id\":\"https:\/\/kedemoseducation.com\/product\/5\u1d49-eb7-manuel-textes-et-expression\/#primaryimage\"},\"image\":{\"@id\":\"https:\/\/kedemoseducation.com\/product\/5\u1d49-eb7-manuel-textes-et-expression\/#primaryimage\"},\"thumbnailUrl\":\"https:\/\/i0.wp.com\/kedemoseducation.com\/wp-content\/uploads\/2022\/05\/Lecture-EB7.jpg?fit=600%2C800&ssl=1\",\"datePublished\":\"2022-05-05T06:17:58+00:00\",\"dateModified\":\"2026-02-18T09:31:32+00:00\",\"description\":\"This Grade 7 textbook from the collection \u201cLe Fran\u00e7ais au Coll\u00e8ge\u201d is part of a comprehensive method for learning French as a first language.\",\"breadcrumb\":{\"@id\":\"https:\/\/kedemoseducation.com\/product\/5\u1d49-eb7-manuel-textes-et-expression\/#breadcrumb\"},\"inLanguage\":\"fr-FR\",\"potentialAction\":[{\"@type\":\"ReadAction\",\"target\":[\"https:\/\/kedemoseducation.com\/product\/5\u1d49-eb7-manuel-textes-et-expression\/\"]}]},{\"@type\":\"ImageObject\",\"inLanguage\":\"fr-FR\",\"@id\":\"https:\/\/kedemoseducation.com\/product\/5\u1d49-eb7-manuel-textes-et-expression\/#primaryimage\",\"url\":\"https:\/\/i0.wp.com\/kedemoseducation.com\/wp-content\/uploads\/2022\/05\/Lecture-EB7.jpg?fit=600%2C800&ssl=1\",\"contentUrl\":\"https:\/\/i0.wp.com\/kedemoseducation.com\/wp-content\/uploads\/2022\/05\/Lecture-EB7.jpg?fit=600%2C800&ssl=1\",\"width\":600,\"height\":800,\"caption\":\"\u201cTextes et Expression\u201d Textbook for Grade 7 - Le Fran\u00e7ais au Coll\u00e8ge\"},{\"@type\":\"BreadcrumbList\",\"@id\":\"https:\/\/kedemoseducation.com\/product\/5\u1d49-eb7-manuel-textes-et-expression\/#breadcrumb\",\"itemListElement\":[{\"@type\":\"ListItem\",\"position\":1,\"name\":\"Home\",\"item\":\"https:\/\/kedemoseducation.com\/\"},{\"@type\":\"ListItem\",\"position\":2,\"name\":\"All Products\",\"item\":\"https:\/\/kedemoseducation.com\/fr\/shop-2\/tous-les-produits\/\"},{\"@type\":\"ListItem\",\"position\":3,\"name\":\"School Books\",\"item\":\"https:\/\/kedemoseducation.com\/fr\/categorie-de-produit\/manuels-scolaires\/\"},{\"@type\":\"ListItem\",\"position\":4,\"name\":\"Grade 7 &#8211; \u201cTextes et Expression\u201d Textbook\"}]},{\"@type\":\"WebSite\",\"@id\":\"https:\/\/kedemoseducation.com\/fr\/#website\",\"url\":\"https:\/\/kedemoseducation.com\/fr\/\",\"name\":\"Kedemos Education\",\"description\":\"The Pleasure of Learning\",\"publisher\":{\"@id\":\"https:\/\/kedemoseducation.com\/fr\/#organization\"},\"potentialAction\":[{\"@type\":\"SearchAction\",\"target\":{\"@type\":\"EntryPoint\",\"urlTemplate\":\"https:\/\/kedemoseducation.com\/fr\/?s={search_term_string}\"},\"query-input\":{\"@type\":\"PropertyValueSpecification\",\"valueRequired\":true,\"valueName\":\"search_term_string\"}}],\"inLanguage\":\"fr-FR\"},{\"@type\":\"Organization\",\"@id\":\"https:\/\/kedemoseducation.com\/fr\/#organization\",\"name\":\"Kedemos Education\",\"url\":\"https:\/\/kedemoseducation.com\/fr\/\",\"logo\":{\"@type\":\"ImageObject\",\"inLanguage\":\"fr-FR\",\"@id\":\"https:\/\/kedemoseducation.com\/fr\/#\/schema\/logo\/image\/\",\"url\":\"https:\/\/kedemoseducation.com\/wp-content\/uploads\/2023\/06\/logo-kedemos-education.png\",\"contentUrl\":\"https:\/\/kedemoseducation.com\/wp-content\/uploads\/2023\/06\/logo-kedemos-education.png\",\"width\":2362,\"height\":903,\"caption\":\"Kedemos Education\"},\"image\":{\"@id\":\"https:\/\/kedemoseducation.com\/fr\/#\/schema\/logo\/image\/\"},\"sameAs\":[\"https:\/\/www.facebook.com\/Kedemoseducation\",\"https:\/\/www.instagram.com\/kedemoseducation\/\",\"https:\/\/www.linkedin.com\/company\/kedemos-education\/\"]}]}<\/script>\r\n<!-- \/ Yoast SEO plugin. -->","yoast_head_json":{"title":"5\u1d49 \/ EB7 - Manuel \u201cTextes et Expression\u201d - K\u00e9d\u00e9mos Education","description":"Le livre de Textes et expression pour la 5\u1d49 \/ EB7 de la collection \u00ab Le Fran\u00e7ais au Coll\u00e8ge \u00bb pr\u00e9sente une m\u00e9thode compl\u00e8te d'apprentissage du fran\u00e7ais.","robots":{"index":"index","follow":"follow","max-snippet":"max-snippet:-1","max-image-preview":"max-image-preview:large","max-video-preview":"max-video-preview:-1"},"canonical":"https:\/\/kedemoseducation.com\/fr\/product\/5\u1d49-eb7-manuel-textes-et-expression\/","og_locale":"fr_FR","og_type":"article","og_title":"Grade 7 - \u201cTextes et Expression\u201d Textbook - Kedemos Education","og_description":"This Grade 7 textbook from the collection \u201cLe Fran\u00e7ais au Coll\u00e8ge\u201d is part of a comprehensive method for learning French as a first language.","og_url":"https:\/\/kedemoseducation.com\/fr\/product\/5\u1d49-eb7-manuel-textes-et-expression\/","og_site_name":"Kedemos Education","article_publisher":"https:\/\/www.facebook.com\/Kedemoseducation","article_modified_time":"2026-02-18T09:31:32+00:00","og_image":[{"width":600,"height":800,"url":"https:\/\/kedemoseducation.com\/wp-content\/uploads\/2022\/05\/Lecture-EB7.jpg","type":"image\/jpeg"}],"twitter_card":"summary_large_image","twitter_misc":{"Dur\u00e9e de lecture estim\u00e9e":"2 minutes"},"schema":{"@context":"https:\/\/schema.org","@graph":[{"@type":"WebPage","@id":"https:\/\/kedemoseducation.com\/product\/5\u1d49-eb7-manuel-textes-et-expression\/","url":"https:\/\/kedemoseducation.com\/product\/5\u1d49-eb7-manuel-textes-et-expression\/","name":"5\u1d49 \/ EB7 - Manuel \u201cTextes et Expression\u201d - K\u00e9d\u00e9mos Education","isPartOf":{"@id":"https:\/\/kedemoseducation.com\/fr\/#website"},"primaryImageOfPage":{"@id":"https:\/\/kedemoseducation.com\/product\/5\u1d49-eb7-manuel-textes-et-expression\/#primaryimage"},"image":{"@id":"https:\/\/kedemoseducation.com\/product\/5\u1d49-eb7-manuel-textes-et-expression\/#primaryimage"},"thumbnailUrl":"https:\/\/i0.wp.com\/kedemoseducation.com\/wp-content\/uploads\/2022\/05\/Lecture-EB7.jpg?fit=600%2C800&ssl=1","datePublished":"2022-05-05T06:17:58+00:00","dateModified":"2026-02-18T09:31:32+00:00","description":"Le livre de Textes et expression pour la 5\u1d49 \/ EB7 de la collection \u00ab Le Fran\u00e7ais au Coll\u00e8ge \u00bb pr\u00e9sente une m\u00e9thode compl\u00e8te d'apprentissage du fran\u00e7ais.","breadcrumb":{"@id":"https:\/\/kedemoseducation.com\/product\/5\u1d49-eb7-manuel-textes-et-expression\/#breadcrumb"},"inLanguage":"fr-FR","potentialAction":[{"@type":"ReadAction","target":["https:\/\/kedemoseducation.com\/product\/5\u1d49-eb7-manuel-textes-et-expression\/"]}]},{"@type":"ImageObject","inLanguage":"fr-FR","@id":"https:\/\/kedemoseducation.com\/product\/5\u1d49-eb7-manuel-textes-et-expression\/#primaryimage","url":"https:\/\/i0.wp.com\/kedemoseducation.com\/wp-content\/uploads\/2022\/05\/Lecture-EB7.jpg?fit=600%2C800&ssl=1","contentUrl":"https:\/\/i0.wp.com\/kedemoseducation.com\/wp-content\/uploads\/2022\/05\/Lecture-EB7.jpg?fit=600%2C800&ssl=1","width":600,"height":800,"caption":"\u201cTextes et Expression\u201d Textbook for Grade 7 - Le Fran\u00e7ais au Coll\u00e8ge"},{"@type":"BreadcrumbList","@id":"https:\/\/kedemoseducation.com\/product\/5\u1d49-eb7-manuel-textes-et-expression\/#breadcrumb","itemListElement":[{"@type":"ListItem","position":1,"name":"Home","item":"https:\/\/kedemoseducation.com\/"},{"@type":"ListItem","position":2,"name":"All Products","item":"https:\/\/kedemoseducation.com\/fr\/shop-2\/tous-les-produits\/"},{"@type":"ListItem","position":3,"name":"School Books","item":"https:\/\/kedemoseducation.com\/fr\/categorie-de-produit\/manuels-scolaires\/"},{"@type":"ListItem","position":4,"name":"Grade 7 &#8211; \u201cTextes et Expression\u201d Textbook"}]},{"@type":"WebSite","@id":"https:\/\/kedemoseducation.com\/fr\/#website","url":"https:\/\/kedemoseducation.com\/fr\/","name":"K\u00e9d\u00e9mos Education","description":"Le plaisir d'apprendre","publisher":{"@id":"https:\/\/kedemoseducation.com\/fr\/#organization"},"potentialAction":[{"@type":"SearchAction","target":{"@type":"EntryPoint","urlTemplate":"https:\/\/kedemoseducation.com\/fr\/?s={search_term_string}"},"query-input":{"@type":"PropertyValueSpecification","valueRequired":true,"valueName":"search_term_string"}}],"inLanguage":"fr-FR"},{"@type":"Organization","@id":"https:\/\/kedemoseducation.com\/fr\/#organization","name":"K\u00e9d\u00e9mos Education","url":"https:\/\/kedemoseducation.com\/fr\/","logo":{"@type":"ImageObject","inLanguage":"fr-FR","@id":"https:\/\/kedemoseducation.com\/fr\/#\/schema\/logo\/image\/","url":"https:\/\/kedemoseducation.com\/wp-content\/uploads\/2023\/06\/logo-kedemos-education.png","contentUrl":"https:\/\/kedemoseducation.com\/wp-content\/uploads\/2023\/06\/logo-kedemos-education.png","width":2362,"height":903,"caption":"Kedemos Education"},"image":{"@id":"https:\/\/kedemoseducation.com\/fr\/#\/schema\/logo\/image\/"},"sameAs":["https:\/\/www.facebook.com\/Kedemoseducation","https:\/\/www.instagram.com\/kedemoseducation\/","https:\/\/www.linkedin.com\/company\/kedemos-education\/"]}]}},"jetpack_sharing_enabled":true,"_links":{"self":[{"href":"https:\/\/kedemoseducation.com\/fr\/wp-json\/wp\/v2\/product\/271","targetHints":{"allow":["GET"]}}],"collection":[{"href":"https:\/\/kedemoseducation.com\/fr\/wp-json\/wp\/v2\/product"}],"about":[{"href":"https:\/\/kedemoseducation.com\/fr\/wp-json\/wp\/v2\/types\/product"}],"replies":[{"embeddable":true,"href":"https:\/\/kedemoseducation.com\/fr\/wp-json\/wp\/v2\/comments?post=271"}],"wp:featuredmedia":[{"embeddable":true,"href":"https:\/\/kedemoseducation.com\/fr\/wp-json\/wp\/v2\/media\/7302"}],"wp:attachment":[{"href":"https:\/\/kedemoseducation.com\/fr\/wp-json\/wp\/v2\/media?parent=271"}],"wp:term":[{"taxonomy":"product_brand","embeddable":true,"href":"https:\/\/kedemoseducation.com\/fr\/wp-json\/wp\/v2\/product_brand?post=271"},{"taxonomy":"product_cat","embeddable":true,"href":"https:\/\/kedemoseducation.com\/fr\/wp-json\/wp\/v2\/product_cat?post=271"},{"taxonomy":"product_tag","embeddable":true,"href":"https:\/\/kedemoseducation.com\/fr\/wp-json\/wp\/v2\/product_tag?post=271"}],"curies":[{"name":"wp","href":"https:\/\/api.w.org\/{rel}","templated":true}]}}