{"id":269,"date":"2022-05-05T06:17:57","date_gmt":"2022-05-05T06:17:57","guid":{"rendered":"https:\/\/eshop.classperts.com\/?post_type=product&#038;p=269"},"modified":"2026-02-18T13:33:11","modified_gmt":"2026-02-18T11:33:11","slug":"grade-7-activities-workbook","status":"publish","type":"product","link":"https:\/\/kedemoseducation.com\/fr\/product\/5e-eb7-cahier-dactivites\/","title":{"rendered":"5\u1d49 \/ EB7 - Cahier D'activit\u00e9s"},"content":{"rendered":"<h1>Cahier D'activit\u00e9s 5\u1d49 \/ EB7 - Le Fran\u00e7ais au Coll\u00e8ge<\/h1>\n<h2>Pr\u00e9sentation de la m\u00e9thode 5\u1d49 \/ EB7<\/h2>\n<p>Ce cahier d'activit\u00e9s de la 5\u1d49 \/ EB7 fait partie de la collection Le Fran\u00e7ais au Coll\u00e8ge.<\/p>\n<p><span style=\"font-weight: 400;\">\u201cLe Fran\u00e7ais au Coll\u00e8ge\u201d constitue le prolongement naturel des manuels \u00ab Arc-en-ciel \u00bb des classes pr\u00e9c\u00e9dentes. Il s\u2019appuie ainsi sur les principes m\u00e9thodologiques qui ont fait leurs preuves au primaire, les approfondit et les \u00e9largit.<\/span><\/p>\n<p><span style=\"font-weight: 400;\">La m\u00e9thode \u00ab Le Fran\u00e7ais au Coll\u00e8ge \u00bb pour la 5\u1d49 \/ EB7 propose :<\/span><\/p>\n<ul>\n<li style=\"font-weight: 400;\" aria-level=\"1\"><span style=\"font-weight: 400;\">Des textes de lecture vari\u00e9s et illustr\u00e9s, adapt\u00e9s au d\u00e9veloppement psychologique et linguistique des \u00e9l\u00e8ves. Ils visent \u00e0 d\u00e9velopper leurs comp\u00e9tences d\u2019analyse et \u00e0 les initier aux techniques de l\u2019expression ainsi qu\u2019aux figures de style.<\/span><\/li>\n<li style=\"font-weight: 400;\" aria-level=\"1\"><span style=\"font-weight: 400;\">Des images qui facilitent la compr\u00e9hension et encouragent l\u2019expression orale.<\/span><\/li>\n<li style=\"font-weight: 400;\" aria-level=\"1\"><span style=\"font-weight: 400;\">Un travail sur les techniques d\u2019\u00e9criture \u00e0 travers diff\u00e9rents types de textes, permettant aux \u00e9l\u00e8ves de r\u00e9diger des textes descriptifs, informatifs et d\u2019autres formes d\u2019\u00e9crits.<\/span><\/li>\n<li style=\"font-weight: 400;\" aria-level=\"1\"><span style=\"font-weight: 400;\">Des exercices de compr\u00e9hension et d\u2019expression orales.<\/span><\/li>\n<li style=\"font-weight: 400;\" aria-level=\"1\"><span style=\"font-weight: 400;\">Un enrichissement culturel gr\u00e2ce \u00e0 des textes et des documents pr\u00e9sentant de grands auteurs.<\/span><\/li>\n<li style=\"font-weight: 400;\" aria-level=\"1\"><span style=\"font-weight: 400;\">Des le\u00e7ons et des activit\u00e9s de langue, de vocabulaire, de grammaire et d\u2019orthographe adapt\u00e9es au niveau des \u00e9l\u00e8ves, leur permettant d\u2019apprendre efficacement le fran\u00e7ais oral et \u00e9crit et de d\u00e9velopper leur r\u00e9flexion linguistique.<\/span><\/li>\n<\/ul>\n<p><span style=\"font-weight: 400;\">\u201cLe Fran\u00e7ais au Coll\u00e8ge<\/span><span style=\"font-weight: 400;\">\u201d for Grade 7 includes the following three books: a \u201cTextes et Expression\u201d textbook, an activity workbook, and a grammar workbook.<\/span><\/p>\n<h3><strong>Le cahier d'activit\u00e9s<\/strong><\/h3>\n<p>Ce cahier d\u2019activit\u00e9s pour la 5\u1d49 \/ EB7 prolonge le manuel \u00abTextes et Expressions \u00bb. Chacune des unit\u00e9s propose des exercices sur :<\/p>\n<ul>\n<li style=\"font-weight: 400;\" aria-level=\"1\">Compr\u00e9hension \u00e9crite d\u2019un texte donn\u00e9.<\/li>\n<li style=\"font-weight: 400;\" aria-level=\"1\">Compr\u00e9hension orale d\u2019un document audio.<\/li>\n<li style=\"font-weight: 400;\" aria-level=\"1\">Enrichissement du vocabulaire.<\/li>\n<li style=\"font-weight: 400;\" aria-level=\"1\">Production \u00e9crite : composition de phrases, de paragraphes et de diff\u00e9rents types de textes (narratif, descriptif, informatif, argumentatif, etc.).<\/li>\n<li style=\"font-weight: 400;\" aria-level=\"1\">\u00c9valuation et auto\u00e9valuation.<\/li>\n<\/ul>","protected":false},"excerpt":{"rendered":"<p>Ce cahier d\u2019activit\u00e9s propose des exercices de compr\u00e9hension \u00e9crite et orale, de vocabulaire et de production \u00e9crite. Il accompagne le <a href=\"https:\/\/kedemoseducation.com\/fr\/product\/5e-eb7-manuel-textes-et-expression\/\">livre de Textes et Expression de la 5\u1d49 \/ EB7.<\/a>.<\/p>","protected":false},"featured_media":7304,"comment_status":"closed","ping_status":"closed","template":"","meta":{"_monsterinsights_skip_tracking":false,"_monsterinsights_sitenote_active":false,"_monsterinsights_sitenote_note":"","_monsterinsights_sitenote_category":0},"product_brand":[],"product_cat":[17,29,262,16],"product_tag":[103,148,297,300],"class_list":{"0":"post-269","1":"product","2":"type-product","3":"status-publish","4":"has-post-thumbnail","6":"product_cat-french","7":"product_cat-grade-7-le-francais-au-college","8":"product_cat-le-francais-au-college","9":"product_cat-school-books","10":"product_tag-grade-7","11":"product_tag-francais-au-college","12":"product_tag-middle-school","13":"product_tag-activities-workbook","14":"pa_grade-grade-7","16":"first","17":"instock","18":"shipping-taxable","19":"purchasable","20":"product-type-simple"},"yoast_head":"<!-- This site is optimized with the Yoast SEO plugin v26.4 - https:\/\/yoast.com\/wordpress\/plugins\/seo\/ -->\r\n<title>Grade 7 Activities Workbook - Kedemos Education<\/title>\r\n<meta name=\"description\" content=\"The Grade 7 activities workbook provides written and oral comprehension exercises, as well as vocabulary exercises, to strengthen students\u2019 writing and language skills.\" \/>\r\n<meta name=\"robots\" content=\"index, follow, max-snippet:-1, max-image-preview:large, max-video-preview:-1\" \/>\r\n<link rel=\"canonical\" href=\"https:\/\/kedemoseducation.com\/fr\/product\/5e-eb7-cahier-dactivites\/\" \/>\r\n<meta property=\"og:locale\" content=\"fr_FR\" \/>\r\n<meta property=\"og:type\" content=\"article\" \/>\r\n<meta property=\"og:title\" content=\"Grade 7 Activities Workbook - Kedemos Education\" \/>\r\n<meta property=\"og:description\" content=\"The Grade 7 activities workbook provides written and oral comprehension exercises, as well as vocabulary exercises, to strengthen students\u2019 writing and language skills.\" \/>\r\n<meta property=\"og:url\" content=\"https:\/\/kedemoseducation.com\/fr\/product\/5e-eb7-cahier-dactivites\/\" \/>\r\n<meta property=\"og:site_name\" content=\"Kedemos Education\" \/>\r\n<meta property=\"article:publisher\" content=\"https:\/\/www.facebook.com\/Kedemoseducation\" \/>\r\n<meta property=\"article:modified_time\" content=\"2026-02-18T11:33:11+00:00\" \/>\r\n<meta property=\"og:image\" content=\"https:\/\/kedemoseducation.com\/wp-content\/uploads\/2022\/05\/Activite-EB7-aec.jpg\" \/>\r\n\t<meta property=\"og:image:width\" content=\"600\" \/>\r\n\t<meta property=\"og:image:height\" content=\"800\" \/>\r\n\t<meta property=\"og:image:type\" content=\"image\/jpeg\" \/>\r\n<meta name=\"twitter:card\" content=\"summary_large_image\" \/>\r\n<meta name=\"twitter:label1\" content=\"Dur\u00e9e de lecture estim\u00e9e\" \/>\n\t<meta name=\"twitter:data1\" content=\"2 minutes\" \/>\r\n<script type=\"application\/ld+json\" class=\"yoast-schema-graph\">{\"@context\":\"https:\/\/schema.org\",\"@graph\":[{\"@type\":\"WebPage\",\"@id\":\"https:\/\/kedemoseducation.com\/product\/5e-eb7-cahier-dactivites\/\",\"url\":\"https:\/\/kedemoseducation.com\/product\/5e-eb7-cahier-dactivites\/\",\"name\":\"Grade 7 Activities Workbook - Kedemos Education\",\"isPartOf\":{\"@id\":\"https:\/\/kedemoseducation.com\/fr\/#website\"},\"primaryImageOfPage\":{\"@id\":\"https:\/\/kedemoseducation.com\/product\/5e-eb7-cahier-dactivites\/#primaryimage\"},\"image\":{\"@id\":\"https:\/\/kedemoseducation.com\/product\/5e-eb7-cahier-dactivites\/#primaryimage\"},\"thumbnailUrl\":\"https:\/\/i0.wp.com\/kedemoseducation.com\/wp-content\/uploads\/2022\/05\/Activite-EB7-aec.jpg?fit=600%2C800&ssl=1\",\"datePublished\":\"2022-05-05T06:17:57+00:00\",\"dateModified\":\"2026-02-18T11:33:11+00:00\",\"description\":\"The Grade 7 activities workbook provides written and oral comprehension exercises, as well as vocabulary exercises, to strengthen students\u2019 writing and language skills.\",\"breadcrumb\":{\"@id\":\"https:\/\/kedemoseducation.com\/product\/5e-eb7-cahier-dactivites\/#breadcrumb\"},\"inLanguage\":\"fr-FR\",\"potentialAction\":[{\"@type\":\"ReadAction\",\"target\":[\"https:\/\/kedemoseducation.com\/product\/5e-eb7-cahier-dactivites\/\"]}]},{\"@type\":\"ImageObject\",\"inLanguage\":\"fr-FR\",\"@id\":\"https:\/\/kedemoseducation.com\/product\/5e-eb7-cahier-dactivites\/#primaryimage\",\"url\":\"https:\/\/i0.wp.com\/kedemoseducation.com\/wp-content\/uploads\/2022\/05\/Activite-EB7-aec.jpg?fit=600%2C800&ssl=1\",\"contentUrl\":\"https:\/\/i0.wp.com\/kedemoseducation.com\/wp-content\/uploads\/2022\/05\/Activite-EB7-aec.jpg?fit=600%2C800&ssl=1\",\"width\":600,\"height\":800,\"caption\":\"Activities Workbook for Grade 7 - Le Fran\u00e7ais au Coll\u00e8ge\"},{\"@type\":\"BreadcrumbList\",\"@id\":\"https:\/\/kedemoseducation.com\/product\/5e-eb7-cahier-dactivites\/#breadcrumb\",\"itemListElement\":[{\"@type\":\"ListItem\",\"position\":1,\"name\":\"Home\",\"item\":\"https:\/\/kedemoseducation.com\/\"},{\"@type\":\"ListItem\",\"position\":2,\"name\":\"All Products\",\"item\":\"https:\/\/kedemoseducation.com\/fr\/shop-2\/tous-les-produits\/\"},{\"@type\":\"ListItem\",\"position\":3,\"name\":\"School Books\",\"item\":\"https:\/\/kedemoseducation.com\/fr\/categorie-de-produit\/manuels-scolaires\/\"},{\"@type\":\"ListItem\",\"position\":4,\"name\":\"French\",\"item\":\"https:\/\/kedemoseducation.com\/en\/product-category\/school-books\/french\/\"},{\"@type\":\"ListItem\",\"position\":5,\"name\":\"Grade 7 &#8211; Activities Workbook\"}]},{\"@type\":\"WebSite\",\"@id\":\"https:\/\/kedemoseducation.com\/fr\/#website\",\"url\":\"https:\/\/kedemoseducation.com\/fr\/\",\"name\":\"Kedemos Education\",\"description\":\"The Pleasure of Learning\",\"publisher\":{\"@id\":\"https:\/\/kedemoseducation.com\/fr\/#organization\"},\"potentialAction\":[{\"@type\":\"SearchAction\",\"target\":{\"@type\":\"EntryPoint\",\"urlTemplate\":\"https:\/\/kedemoseducation.com\/fr\/?s={search_term_string}\"},\"query-input\":{\"@type\":\"PropertyValueSpecification\",\"valueRequired\":true,\"valueName\":\"search_term_string\"}}],\"inLanguage\":\"fr-FR\"},{\"@type\":\"Organization\",\"@id\":\"https:\/\/kedemoseducation.com\/fr\/#organization\",\"name\":\"Kedemos Education\",\"url\":\"https:\/\/kedemoseducation.com\/fr\/\",\"logo\":{\"@type\":\"ImageObject\",\"inLanguage\":\"fr-FR\",\"@id\":\"https:\/\/kedemoseducation.com\/fr\/#\/schema\/logo\/image\/\",\"url\":\"https:\/\/kedemoseducation.com\/wp-content\/uploads\/2023\/06\/logo-kedemos-education.png\",\"contentUrl\":\"https:\/\/kedemoseducation.com\/wp-content\/uploads\/2023\/06\/logo-kedemos-education.png\",\"width\":2362,\"height\":903,\"caption\":\"Kedemos Education\"},\"image\":{\"@id\":\"https:\/\/kedemoseducation.com\/fr\/#\/schema\/logo\/image\/\"},\"sameAs\":[\"https:\/\/www.facebook.com\/Kedemoseducation\",\"https:\/\/www.instagram.com\/kedemoseducation\/\",\"https:\/\/www.linkedin.com\/company\/kedemos-education\/\"]}]}<\/script>\r\n<!-- \/ Yoast SEO plugin. -->","yoast_head_json":{"title":"5\u1d49 \/ EB7 Cahier D'activit\u00e9s - K\u00e9d\u00e9mos Education","description":"Le cahier d'activit\u00e9s pour la 5\u1d49 \/ EB7 de la collection \u00ab Le Fran\u00e7ais au Coll\u00e8ge \u00bb propose des exercices de compr\u00e9hension \u00e9crite et orale, de vocabulaire et de production \u00e9crite.","robots":{"index":"index","follow":"follow","max-snippet":"max-snippet:-1","max-image-preview":"max-image-preview:large","max-video-preview":"max-video-preview:-1"},"canonical":"https:\/\/kedemoseducation.com\/fr\/product\/5e-eb7-cahier-dactivites\/","og_locale":"fr_FR","og_type":"article","og_title":"Grade 7 Activities Workbook - Kedemos Education","og_description":"The Grade 7 activities workbook provides written and oral comprehension exercises, as well as vocabulary exercises, to strengthen students\u2019 writing and language skills.","og_url":"https:\/\/kedemoseducation.com\/fr\/product\/5e-eb7-cahier-dactivites\/","og_site_name":"Kedemos Education","article_publisher":"https:\/\/www.facebook.com\/Kedemoseducation","article_modified_time":"2026-02-18T11:33:11+00:00","og_image":[{"width":600,"height":800,"url":"https:\/\/kedemoseducation.com\/wp-content\/uploads\/2022\/05\/Activite-EB7-aec.jpg","type":"image\/jpeg"}],"twitter_card":"summary_large_image","twitter_misc":{"Dur\u00e9e de lecture estim\u00e9e":"2 minutes"},"schema":{"@context":"https:\/\/schema.org","@graph":[{"@type":"WebPage","@id":"https:\/\/kedemoseducation.com\/product\/5e-eb7-cahier-dactivites\/","url":"https:\/\/kedemoseducation.com\/product\/5e-eb7-cahier-dactivites\/","name":"5\u1d49 \/ EB7 Cahier D'activit\u00e9s - K\u00e9d\u00e9mos Education","isPartOf":{"@id":"https:\/\/kedemoseducation.com\/fr\/#website"},"primaryImageOfPage":{"@id":"https:\/\/kedemoseducation.com\/product\/5e-eb7-cahier-dactivites\/#primaryimage"},"image":{"@id":"https:\/\/kedemoseducation.com\/product\/5e-eb7-cahier-dactivites\/#primaryimage"},"thumbnailUrl":"https:\/\/i0.wp.com\/kedemoseducation.com\/wp-content\/uploads\/2022\/05\/Activite-EB7-aec.jpg?fit=600%2C800&ssl=1","datePublished":"2022-05-05T06:17:57+00:00","dateModified":"2026-02-18T11:33:11+00:00","description":"Le cahier d'activit\u00e9s pour la 5\u1d49 \/ EB7 de la collection \u00ab Le Fran\u00e7ais au Coll\u00e8ge \u00bb propose des exercices de compr\u00e9hension \u00e9crite et orale, de vocabulaire et de production \u00e9crite.","breadcrumb":{"@id":"https:\/\/kedemoseducation.com\/product\/5e-eb7-cahier-dactivites\/#breadcrumb"},"inLanguage":"fr-FR","potentialAction":[{"@type":"ReadAction","target":["https:\/\/kedemoseducation.com\/product\/5e-eb7-cahier-dactivites\/"]}]},{"@type":"ImageObject","inLanguage":"fr-FR","@id":"https:\/\/kedemoseducation.com\/product\/5e-eb7-cahier-dactivites\/#primaryimage","url":"https:\/\/i0.wp.com\/kedemoseducation.com\/wp-content\/uploads\/2022\/05\/Activite-EB7-aec.jpg?fit=600%2C800&ssl=1","contentUrl":"https:\/\/i0.wp.com\/kedemoseducation.com\/wp-content\/uploads\/2022\/05\/Activite-EB7-aec.jpg?fit=600%2C800&ssl=1","width":600,"height":800,"caption":"Activities Workbook for Grade 7 - Le Fran\u00e7ais au Coll\u00e8ge"},{"@type":"BreadcrumbList","@id":"https:\/\/kedemoseducation.com\/product\/5e-eb7-cahier-dactivites\/#breadcrumb","itemListElement":[{"@type":"ListItem","position":1,"name":"Home","item":"https:\/\/kedemoseducation.com\/"},{"@type":"ListItem","position":2,"name":"All Products","item":"https:\/\/kedemoseducation.com\/fr\/shop-2\/tous-les-produits\/"},{"@type":"ListItem","position":3,"name":"School Books","item":"https:\/\/kedemoseducation.com\/fr\/categorie-de-produit\/manuels-scolaires\/"},{"@type":"ListItem","position":4,"name":"French","item":"https:\/\/kedemoseducation.com\/en\/product-category\/school-books\/french\/"},{"@type":"ListItem","position":5,"name":"Grade 7 &#8211; Activities Workbook"}]},{"@type":"WebSite","@id":"https:\/\/kedemoseducation.com\/fr\/#website","url":"https:\/\/kedemoseducation.com\/fr\/","name":"K\u00e9d\u00e9mos Education","description":"Le plaisir d'apprendre","publisher":{"@id":"https:\/\/kedemoseducation.com\/fr\/#organization"},"potentialAction":[{"@type":"SearchAction","target":{"@type":"EntryPoint","urlTemplate":"https:\/\/kedemoseducation.com\/fr\/?s={search_term_string}"},"query-input":{"@type":"PropertyValueSpecification","valueRequired":true,"valueName":"search_term_string"}}],"inLanguage":"fr-FR"},{"@type":"Organization","@id":"https:\/\/kedemoseducation.com\/fr\/#organization","name":"K\u00e9d\u00e9mos Education","url":"https:\/\/kedemoseducation.com\/fr\/","logo":{"@type":"ImageObject","inLanguage":"fr-FR","@id":"https:\/\/kedemoseducation.com\/fr\/#\/schema\/logo\/image\/","url":"https:\/\/kedemoseducation.com\/wp-content\/uploads\/2023\/06\/logo-kedemos-education.png","contentUrl":"https:\/\/kedemoseducation.com\/wp-content\/uploads\/2023\/06\/logo-kedemos-education.png","width":2362,"height":903,"caption":"Kedemos Education"},"image":{"@id":"https:\/\/kedemoseducation.com\/fr\/#\/schema\/logo\/image\/"},"sameAs":["https:\/\/www.facebook.com\/Kedemoseducation","https:\/\/www.instagram.com\/kedemoseducation\/","https:\/\/www.linkedin.com\/company\/kedemos-education\/"]}]}},"jetpack_sharing_enabled":true,"_links":{"self":[{"href":"https:\/\/kedemoseducation.com\/fr\/wp-json\/wp\/v2\/product\/269","targetHints":{"allow":["GET"]}}],"collection":[{"href":"https:\/\/kedemoseducation.com\/fr\/wp-json\/wp\/v2\/product"}],"about":[{"href":"https:\/\/kedemoseducation.com\/fr\/wp-json\/wp\/v2\/types\/product"}],"replies":[{"embeddable":true,"href":"https:\/\/kedemoseducation.com\/fr\/wp-json\/wp\/v2\/comments?post=269"}],"wp:featuredmedia":[{"embeddable":true,"href":"https:\/\/kedemoseducation.com\/fr\/wp-json\/wp\/v2\/media\/7304"}],"wp:attachment":[{"href":"https:\/\/kedemoseducation.com\/fr\/wp-json\/wp\/v2\/media?parent=269"}],"wp:term":[{"taxonomy":"product_brand","embeddable":true,"href":"https:\/\/kedemoseducation.com\/fr\/wp-json\/wp\/v2\/product_brand?post=269"},{"taxonomy":"product_cat","embeddable":true,"href":"https:\/\/kedemoseducation.com\/fr\/wp-json\/wp\/v2\/product_cat?post=269"},{"taxonomy":"product_tag","embeddable":true,"href":"https:\/\/kedemoseducation.com\/fr\/wp-json\/wp\/v2\/product_tag?post=269"}],"curies":[{"name":"wp","href":"https:\/\/api.w.org\/{rel}","templated":true}]}}