{"id":266,"date":"2022-05-05T06:17:55","date_gmt":"2022-05-05T06:17:55","guid":{"rendered":"https:\/\/eshop.classperts.com\/?post_type=product&#038;p=266"},"modified":"2025-12-26T09:49:32","modified_gmt":"2025-12-26T07:49:32","slug":"conte-the-toy-box","status":"publish","type":"product","link":"https:\/\/kedemoseducation.com\/fr\/product\/conte-the-toy-box\/","title":{"rendered":"The Toy Box"},"content":{"rendered":"<h1><span style=\"font-weight: 400; color: #000000;\">Conte The Toy Box<\/span><\/h1>\n<p><span style=\"color: #000000;\"><span style=\"font-weight: 400;\">Le conte <\/span><i><span style=\"font-weight: 400;\">The Toy Box<\/span><\/i><span style=\"font-weight: 400;\"> est le troisi\u00e8me de la <span style=\"color: #3366ff;\"><a style=\"color: #3366ff;\" href=\"https:\/\/kedemoseducation.com\/fr\/produit\/bundle-rainbow-stories\/\">collection <\/a><\/span><\/span><i><span style=\"font-weight: 400;\"><span style=\"color: #3366ff;\"><a style=\"color: #3366ff;\" href=\"https:\/\/kedemoseducation.com\/fr\/produit\/bundle-rainbow-stories\/\">Rainbow<\/a> <a style=\"color: #3366ff;\" href=\"https:\/\/kedemoseducation.com\/fr\/produit\/bundle-rainbow-stories\/\">Storie<\/a>s<\/span>. <\/span><\/i><span style=\"font-weight: 400;\">Il raconte l&#8217;histoire de Adam, sa s\u0153ur et leurs jouets, et d\u00e9note l\u2019importance du partage.<\/span><\/span><\/p>\n<p><span style=\"color: #000000;\"><i><span style=\"font-weight: 400;\">The Toy Box<\/span><\/i><span style=\"font-weight: 400;\"> is the third tale of the <span style=\"color: #3366ff;\"><a style=\"color: #3366ff;\" href=\"https:\/\/kedemoseducation.com\/fr\/produit\/bundle-rainbow-stories\/\">collection <\/a><\/span><i><span style=\"color: #3366ff;\"><a style=\"color: #3366ff;\" href=\"https:\/\/kedemoseducation.com\/fr\/produit\/bundle-rainbow-stories\/\">Rainbow<\/a> <a style=\"color: #3366ff;\" href=\"https:\/\/kedemoseducation.com\/fr\/produit\/bundle-rainbow-stories\/\">Contes<\/a><\/span>.\u00a0 <\/i><\/span><span style=\"font-weight: 400;\">It tells the story of Adam, his sister and their toys, unveiling the importance of sharing.<\/span><\/span><\/p>\n<p><span style=\"color: #000000;\"><b>Contes Rainbow<\/b><\/span><\/p>\n<p><span style=\"color: #000000;\"><span style=\"font-weight: 400;\">La <span style=\"color: #3366ff;\"><a style=\"color: #3366ff;\" href=\"https:\/\/kedemoseducation.com\/fr\/produit\/bundle-rainbow-stories\/\">collection <\/a><\/span><\/span><span style=\"color: #3366ff;\"><a style=\"color: #3366ff;\" href=\"https:\/\/kedemoseducation.com\/fr\/produit\/bundle-rainbow-stories\/\"><i><span style=\"font-weight: 400;\">Rainbow<\/span><\/i> <\/a><i><span style=\"font-weight: 400;\">Contes <\/span><\/i><\/span><span style=\"font-weight: 400;\">est d\u00e9di\u00e9e aux \u00e9l\u00e8ves de la <span style=\"color: #3366ff;\"><a style=\"color: #3366ff;\" href=\"https:\/\/kedemoseducation.com\/fr\/produit\/nursery-small-kit\/\">TPS\/Cr\u00e8che<\/a><\/span>, soit les enfants de 2 \u00e0 4 ans. Elle comprend 8 contes divertissants pour les tout petits, sous forme d\u2019histoires th\u00e9matiques :<\/span><\/span><\/p>\n<ul>\n<li style=\"font-weight: 400;\" aria-level=\"1\"><span style=\"color: #3366ff;\"><a style=\"color: #3366ff;\" href=\"https:\/\/kedemoseducation.com\/fr\/produit\/le-conte-lolas-day\/\"><span style=\"font-weight: 400;\">Lola&#8217;s Day<\/span><\/a><\/span><\/li>\n<li style=\"font-weight: 400;\" aria-level=\"1\"><span style=\"color: #3366ff;\"><a style=\"color: #3366ff;\" href=\"https:\/\/kedemoseducation.com\/fr\/produit\/what-does-sam-want\/\"><span style=\"font-weight: 400;\">What Does Sam Want?<\/span><\/a><\/span><\/li>\n<li style=\"font-weight: 400;\" aria-level=\"1\"><span style=\"color: #3366ff;\"><a style=\"color: #3366ff;\" href=\"https:\/\/kedemoseducation.com\/fr\/produit\/conte-the-toy-box\/\"><span style=\"font-weight: 400;\">The Toy Box<\/span><\/a><\/span><\/li>\n<li style=\"font-weight: 400;\" aria-level=\"1\"><span style=\"color: #3366ff;\"><a style=\"color: #3366ff;\" href=\"https:\/\/kedemoseducation.com\/fr\/?attachment_id=7675\/\"><span style=\"font-weight: 400;\">Where is Rex?<\/span><\/a><\/span><\/li>\n<li style=\"font-weight: 400;\" aria-level=\"1\"><span style=\"color: #3366ff;\"><a style=\"color: #3366ff;\" href=\"https:\/\/kedemoseducation.com\/fr\/produit\/conte-the-snowman\/\"><span style=\"font-weight: 400;\">The Snowman<\/span><\/a><\/span><\/li>\n<li style=\"font-weight: 400;\" aria-level=\"1\"><span style=\"color: #3366ff;\"><a style=\"color: #3366ff;\" href=\"https:\/\/kedemoseducation.com\/fr\/produit\/bens-bath\/\"><span style=\"font-weight: 400;\">Ben&#8217;s Bath<\/span><\/a><\/span><\/li>\n<li style=\"font-weight: 400;\" aria-level=\"1\"><span style=\"color: #3366ff;\"><a style=\"color: #3366ff;\" href=\"https:\/\/kedemoseducation.com\/fr\/produit\/the-cake\/\"><span style=\"font-weight: 400;\">The Cake<\/span><\/a><\/span><\/li>\n<li style=\"font-weight: 400;\" aria-level=\"1\"><span style=\"font-weight: 400; color: #000000;\"><span style=\"color: #3366ff;\"><a style=\"color: #3366ff;\" href=\"https:\/\/kedemoseducation.com\/fr\/produit\/on-the-farm\/\">On the Farm<\/a><\/span>.<\/span><\/li>\n<\/ul>\n<p><span style=\"font-weight: 400; color: #000000;\">Nos contes ont pour but d\u2019inspirer les enfants tout en les divertissant. Faciles \u00e0 comprendre et \u00e9tant parfaitement adapt\u00e9s \u00e0 leur \u00e2ge, nos histoires sont \u00e9troitement li\u00e9es aux exp\u00e9riences journali\u00e8res des tout petits, et au monde qui les fascine.\u00a0<\/span><\/p>\n<p><span style=\"font-weight: 400; color: #000000;\">Chacun de ces 8 contes est illustr\u00e9 par de belles images en couleurs. Les textes sont courts et de grande taille. En marge de page, vous trouverez aussi des mots de vocabulaire avec des dessins \u00e0 colorier.<\/span><\/p>\n<p><span style=\"font-weight: 400; color: #000000;\">Les contes peuvent \u00eatre achet\u00e9s individuellement en grand format, en <span style=\"color: #3366ff;\"><a style=\"color: #3366ff;\" href=\"https:\/\/kedemoseducation.com\/fr\/produit\/bundle-rainbow-stories\/\">bouquet de contes en grand format<\/a><\/span>, ou en bouquet avec <span style=\"color: #3366ff;\">l<a style=\"color: #3366ff;\" href=\"https:\/\/www.instagram.com\/p\/Cr98xy1IaEJ\/\">e fichier pour la TPS<\/a><\/span>, en petit format. Il convient de signaler que le th\u00e8me de chaque conte est en rapport direct avec les apprentissages dans le fichier (si achet\u00e9s en bouquet) : en effet, le bo\u00eetier comprend une m\u00e9thode globale d\u2019apprentissage.<\/span><\/p>","protected":false},"excerpt":{"rendered":"<p><span style=\"font-weight: 400;\">La collection\u00a0<\/span><i><span style=\"font-weight: 400;\">Les contes arc-en-ciel<\/span><\/i><span style=\"font-weight: 400;\">\u00a0qui est d\u00e9di\u00e9e \u00e0 la TPS\/Cr\u00e8che. Elle comprend 8 histoires captivantes.<\/span><\/p>","protected":false},"featured_media":7674,"comment_status":"closed","ping_status":"closed","template":"","meta":{"_monsterinsights_skip_tracking":false,"_monsterinsights_sitenote_active":false,"_monsterinsights_sitenote_note":"","_monsterinsights_sitenote_category":0},"product_brand":[],"product_cat":[155,158,151],"product_tag":[344],"class_list":{"0":"post-266","1":"product","2":"type-product","3":"status-publish","4":"has-post-thumbnail","6":"product_cat-english-stories","7":"product_cat-rainbow-stories","8":"product_cat-storybooks-for-children","9":"product_tag-2-3-years-old","10":"pa_grade-nursery","12":"first","13":"instock","14":"shipping-taxable","15":"purchasable","16":"product-type-simple"},"yoast_head":"<!-- This site is optimized with the Yoast SEO plugin v26.4 - https:\/\/yoast.com\/wordpress\/plugins\/seo\/ -->\r\n<title>Conte The Toy Box - Kedemos Education<\/title>\r\n<meta name=\"description\" content=\"Le conte The Toy Box est le troisi\u00e8me de la collection Les contes arc-en-ciel. Celle-ci est d\u00e9di\u00e9e \u00e0 la TPS\/Cr\u00e8che,\" \/>\r\n<meta name=\"robots\" content=\"index, follow, max-snippet:-1, max-image-preview:large, max-video-preview:-1\" \/>\r\n<link rel=\"canonical\" href=\"https:\/\/kedemoseducation.com\/fr\/product\/conte-the-toy-box\/\" \/>\r\n<meta property=\"og:locale\" content=\"fr_FR\" \/>\r\n<meta property=\"og:type\" content=\"article\" \/>\r\n<meta property=\"og:title\" content=\"Conte The Toy Box - Kedemos Education\" \/>\r\n<meta property=\"og:description\" content=\"Le conte The Toy Box est le troisi\u00e8me de la collection Les contes arc-en-ciel. Celle-ci est d\u00e9di\u00e9e \u00e0 la TPS\/Cr\u00e8che,\" \/>\r\n<meta property=\"og:url\" content=\"https:\/\/kedemoseducation.com\/fr\/product\/conte-the-toy-box\/\" \/>\r\n<meta property=\"og:site_name\" content=\"Kedemos Education\" \/>\r\n<meta property=\"article:publisher\" content=\"https:\/\/www.facebook.com\/Kedemoseducation\" \/>\r\n<meta property=\"article:modified_time\" content=\"2025-12-26T07:49:32+00:00\" \/>\r\n<meta property=\"og:image\" content=\"https:\/\/kedemoseducation.com\/wp-content\/uploads\/2022\/05\/the-toy-box.jpg\" \/>\r\n\t<meta property=\"og:image:width\" content=\"600\" \/>\r\n\t<meta property=\"og:image:height\" content=\"800\" \/>\r\n\t<meta property=\"og:image:type\" content=\"image\/jpeg\" \/>\r\n<meta name=\"twitter:card\" content=\"summary_large_image\" \/>\r\n<meta name=\"twitter:label1\" content=\"Dur\u00e9e de lecture estim\u00e9e\" \/>\n\t<meta name=\"twitter:data1\" content=\"2 minutes\" \/>\r\n<script type=\"application\/ld+json\" class=\"yoast-schema-graph\">{\"@context\":\"https:\/\/schema.org\",\"@graph\":[{\"@type\":\"WebPage\",\"@id\":\"https:\/\/kedemoseducation.com\/fr\/product\/conte-the-toy-box\/\",\"url\":\"https:\/\/kedemoseducation.com\/fr\/product\/conte-the-toy-box\/\",\"name\":\"Conte The Toy Box - Kedemos Education\",\"isPartOf\":{\"@id\":\"https:\/\/kedemoseducation.com\/fr\/#website\"},\"primaryImageOfPage\":{\"@id\":\"https:\/\/kedemoseducation.com\/fr\/product\/conte-the-toy-box\/#primaryimage\"},\"image\":{\"@id\":\"https:\/\/kedemoseducation.com\/fr\/product\/conte-the-toy-box\/#primaryimage\"},\"thumbnailUrl\":\"https:\/\/i0.wp.com\/kedemoseducation.com\/wp-content\/uploads\/2022\/05\/the-toy-box.jpg?fit=600%2C800&ssl=1\",\"datePublished\":\"2022-05-05T06:17:55+00:00\",\"dateModified\":\"2025-12-26T07:49:32+00:00\",\"description\":\"Le conte The Toy Box est le troisi\u00e8me de la collection Les contes arc-en-ciel. Celle-ci est d\u00e9di\u00e9e \u00e0 la TPS\/Cr\u00e8che,\",\"breadcrumb\":{\"@id\":\"https:\/\/kedemoseducation.com\/fr\/product\/conte-the-toy-box\/#breadcrumb\"},\"inLanguage\":\"fr-FR\",\"potentialAction\":[{\"@type\":\"ReadAction\",\"target\":[\"https:\/\/kedemoseducation.com\/fr\/product\/conte-the-toy-box\/\"]}]},{\"@type\":\"ImageObject\",\"inLanguage\":\"fr-FR\",\"@id\":\"https:\/\/kedemoseducation.com\/fr\/product\/conte-the-toy-box\/#primaryimage\",\"url\":\"https:\/\/i0.wp.com\/kedemoseducation.com\/wp-content\/uploads\/2022\/05\/the-toy-box.jpg?fit=600%2C800&ssl=1\",\"contentUrl\":\"https:\/\/i0.wp.com\/kedemoseducation.com\/wp-content\/uploads\/2022\/05\/the-toy-box.jpg?fit=600%2C800&ssl=1\",\"width\":600,\"height\":800},{\"@type\":\"BreadcrumbList\",\"@id\":\"https:\/\/kedemoseducation.com\/fr\/product\/conte-the-toy-box\/#breadcrumb\",\"itemListElement\":[{\"@type\":\"ListItem\",\"position\":1,\"name\":\"Home\",\"item\":\"https:\/\/kedemoseducation.com\/\"},{\"@type\":\"ListItem\",\"position\":2,\"name\":\"All Products\",\"item\":\"https:\/\/kedemoseducation.com\/fr\/shop-2\/tous-les-produits\/\"},{\"@type\":\"ListItem\",\"position\":3,\"name\":\"Stories\",\"item\":\"https:\/\/kedemoseducation.com\/en\/product-category\/storybooks-for-children\/\"},{\"@type\":\"ListItem\",\"position\":4,\"name\":\"English\",\"item\":\"https:\/\/kedemoseducation.com\/fr\/categorie-de-produit\/contes-pour-enfants\/contes-anglais\/\"},{\"@type\":\"ListItem\",\"position\":5,\"name\":\"Rainbow Stories\",\"item\":\"https:\/\/kedemoseducation.com\/fr\/categorie-de-produit\/contes-pour-enfants\/contes-anglais\/contes-rainbow\/\"},{\"@type\":\"ListItem\",\"position\":6,\"name\":\"The Toy Box\"}]},{\"@type\":\"WebSite\",\"@id\":\"https:\/\/kedemoseducation.com\/fr\/#website\",\"url\":\"https:\/\/kedemoseducation.com\/fr\/\",\"name\":\"Kedemos Education\",\"description\":\"The Pleasure of Learning\",\"publisher\":{\"@id\":\"https:\/\/kedemoseducation.com\/fr\/#organization\"},\"potentialAction\":[{\"@type\":\"SearchAction\",\"target\":{\"@type\":\"EntryPoint\",\"urlTemplate\":\"https:\/\/kedemoseducation.com\/fr\/?s={search_term_string}\"},\"query-input\":{\"@type\":\"PropertyValueSpecification\",\"valueRequired\":true,\"valueName\":\"search_term_string\"}}],\"inLanguage\":\"fr-FR\"},{\"@type\":\"Organization\",\"@id\":\"https:\/\/kedemoseducation.com\/fr\/#organization\",\"name\":\"Kedemos Education\",\"url\":\"https:\/\/kedemoseducation.com\/fr\/\",\"logo\":{\"@type\":\"ImageObject\",\"inLanguage\":\"fr-FR\",\"@id\":\"https:\/\/kedemoseducation.com\/fr\/#\/schema\/logo\/image\/\",\"url\":\"https:\/\/kedemoseducation.com\/wp-content\/uploads\/2023\/06\/logo-kedemos-education.png\",\"contentUrl\":\"https:\/\/kedemoseducation.com\/wp-content\/uploads\/2023\/06\/logo-kedemos-education.png\",\"width\":2362,\"height\":903,\"caption\":\"Kedemos Education\"},\"image\":{\"@id\":\"https:\/\/kedemoseducation.com\/fr\/#\/schema\/logo\/image\/\"},\"sameAs\":[\"https:\/\/www.facebook.com\/Kedemoseducation\",\"https:\/\/www.instagram.com\/kedemoseducation\/\",\"https:\/\/www.linkedin.com\/company\/kedemos-education\/\"]}]}<\/script>\r\n<!-- \/ Yoast SEO plugin. -->","yoast_head_json":{"title":"Conte The Toy Box - Kedemos Education","description":"Le conte The Toy Box est le troisi\u00e8me de la collection Les contes arc-en-ciel. Celle-ci est d\u00e9di\u00e9e \u00e0 la TPS\/Cr\u00e8che,","robots":{"index":"index","follow":"follow","max-snippet":"max-snippet:-1","max-image-preview":"max-image-preview:large","max-video-preview":"max-video-preview:-1"},"canonical":"https:\/\/kedemoseducation.com\/fr\/product\/conte-the-toy-box\/","og_locale":"fr_FR","og_type":"article","og_title":"Conte The Toy Box - Kedemos Education","og_description":"Le conte The Toy Box est le troisi\u00e8me de la collection Les contes arc-en-ciel. Celle-ci est d\u00e9di\u00e9e \u00e0 la TPS\/Cr\u00e8che,","og_url":"https:\/\/kedemoseducation.com\/fr\/product\/conte-the-toy-box\/","og_site_name":"Kedemos Education","article_publisher":"https:\/\/www.facebook.com\/Kedemoseducation","article_modified_time":"2025-12-26T07:49:32+00:00","og_image":[{"width":600,"height":800,"url":"https:\/\/kedemoseducation.com\/wp-content\/uploads\/2022\/05\/the-toy-box.jpg","type":"image\/jpeg"}],"twitter_card":"summary_large_image","twitter_misc":{"Dur\u00e9e de lecture estim\u00e9e":"2 minutes"},"schema":{"@context":"https:\/\/schema.org","@graph":[{"@type":"WebPage","@id":"https:\/\/kedemoseducation.com\/fr\/product\/conte-the-toy-box\/","url":"https:\/\/kedemoseducation.com\/fr\/product\/conte-the-toy-box\/","name":"Conte The Toy Box - Kedemos Education","isPartOf":{"@id":"https:\/\/kedemoseducation.com\/fr\/#website"},"primaryImageOfPage":{"@id":"https:\/\/kedemoseducation.com\/fr\/product\/conte-the-toy-box\/#primaryimage"},"image":{"@id":"https:\/\/kedemoseducation.com\/fr\/product\/conte-the-toy-box\/#primaryimage"},"thumbnailUrl":"https:\/\/i0.wp.com\/kedemoseducation.com\/wp-content\/uploads\/2022\/05\/the-toy-box.jpg?fit=600%2C800&ssl=1","datePublished":"2022-05-05T06:17:55+00:00","dateModified":"2025-12-26T07:49:32+00:00","description":"Le conte The Toy Box est le troisi\u00e8me de la collection Les contes arc-en-ciel. Celle-ci est d\u00e9di\u00e9e \u00e0 la TPS\/Cr\u00e8che,","breadcrumb":{"@id":"https:\/\/kedemoseducation.com\/fr\/product\/conte-the-toy-box\/#breadcrumb"},"inLanguage":"fr-FR","potentialAction":[{"@type":"ReadAction","target":["https:\/\/kedemoseducation.com\/fr\/product\/conte-the-toy-box\/"]}]},{"@type":"ImageObject","inLanguage":"fr-FR","@id":"https:\/\/kedemoseducation.com\/fr\/product\/conte-the-toy-box\/#primaryimage","url":"https:\/\/i0.wp.com\/kedemoseducation.com\/wp-content\/uploads\/2022\/05\/the-toy-box.jpg?fit=600%2C800&ssl=1","contentUrl":"https:\/\/i0.wp.com\/kedemoseducation.com\/wp-content\/uploads\/2022\/05\/the-toy-box.jpg?fit=600%2C800&ssl=1","width":600,"height":800},{"@type":"BreadcrumbList","@id":"https:\/\/kedemoseducation.com\/fr\/product\/conte-the-toy-box\/#breadcrumb","itemListElement":[{"@type":"ListItem","position":1,"name":"Home","item":"https:\/\/kedemoseducation.com\/"},{"@type":"ListItem","position":2,"name":"All Products","item":"https:\/\/kedemoseducation.com\/fr\/shop-2\/tous-les-produits\/"},{"@type":"ListItem","position":3,"name":"Stories","item":"https:\/\/kedemoseducation.com\/en\/product-category\/storybooks-for-children\/"},{"@type":"ListItem","position":4,"name":"English","item":"https:\/\/kedemoseducation.com\/fr\/categorie-de-produit\/contes-pour-enfants\/contes-anglais\/"},{"@type":"ListItem","position":5,"name":"Rainbow Stories","item":"https:\/\/kedemoseducation.com\/fr\/categorie-de-produit\/contes-pour-enfants\/contes-anglais\/contes-rainbow\/"},{"@type":"ListItem","position":6,"name":"The Toy Box"}]},{"@type":"WebSite","@id":"https:\/\/kedemoseducation.com\/fr\/#website","url":"https:\/\/kedemoseducation.com\/fr\/","name":"K\u00e9d\u00e9mos Education","description":"Le plaisir d'apprendre","publisher":{"@id":"https:\/\/kedemoseducation.com\/fr\/#organization"},"potentialAction":[{"@type":"SearchAction","target":{"@type":"EntryPoint","urlTemplate":"https:\/\/kedemoseducation.com\/fr\/?s={search_term_string}"},"query-input":{"@type":"PropertyValueSpecification","valueRequired":true,"valueName":"search_term_string"}}],"inLanguage":"fr-FR"},{"@type":"Organization","@id":"https:\/\/kedemoseducation.com\/fr\/#organization","name":"K\u00e9d\u00e9mos Education","url":"https:\/\/kedemoseducation.com\/fr\/","logo":{"@type":"ImageObject","inLanguage":"fr-FR","@id":"https:\/\/kedemoseducation.com\/fr\/#\/schema\/logo\/image\/","url":"https:\/\/kedemoseducation.com\/wp-content\/uploads\/2023\/06\/logo-kedemos-education.png","contentUrl":"https:\/\/kedemoseducation.com\/wp-content\/uploads\/2023\/06\/logo-kedemos-education.png","width":2362,"height":903,"caption":"Kedemos Education"},"image":{"@id":"https:\/\/kedemoseducation.com\/fr\/#\/schema\/logo\/image\/"},"sameAs":["https:\/\/www.facebook.com\/Kedemoseducation","https:\/\/www.instagram.com\/kedemoseducation\/","https:\/\/www.linkedin.com\/company\/kedemos-education\/"]}]}},"jetpack_sharing_enabled":true,"_links":{"self":[{"href":"https:\/\/kedemoseducation.com\/fr\/wp-json\/wp\/v2\/product\/266","targetHints":{"allow":["GET"]}}],"collection":[{"href":"https:\/\/kedemoseducation.com\/fr\/wp-json\/wp\/v2\/product"}],"about":[{"href":"https:\/\/kedemoseducation.com\/fr\/wp-json\/wp\/v2\/types\/product"}],"replies":[{"embeddable":true,"href":"https:\/\/kedemoseducation.com\/fr\/wp-json\/wp\/v2\/comments?post=266"}],"wp:featuredmedia":[{"embeddable":true,"href":"https:\/\/kedemoseducation.com\/fr\/wp-json\/wp\/v2\/media\/7674"}],"wp:attachment":[{"href":"https:\/\/kedemoseducation.com\/fr\/wp-json\/wp\/v2\/media?parent=266"}],"wp:term":[{"taxonomy":"product_brand","embeddable":true,"href":"https:\/\/kedemoseducation.com\/fr\/wp-json\/wp\/v2\/product_brand?post=266"},{"taxonomy":"product_cat","embeddable":true,"href":"https:\/\/kedemoseducation.com\/fr\/wp-json\/wp\/v2\/product_cat?post=266"},{"taxonomy":"product_tag","embeddable":true,"href":"https:\/\/kedemoseducation.com\/fr\/wp-json\/wp\/v2\/product_tag?post=266"}],"curies":[{"name":"wp","href":"https:\/\/api.w.org\/{rel}","templated":true}]}}