{"id":2501,"date":"2023-04-25T14:08:34","date_gmt":"2023-04-25T11:08:34","guid":{"rendered":"https:\/\/kedemoseducation.com\/?post_type=product&#038;p=2501"},"modified":"2026-02-24T15:52:18","modified_gmt":"2026-02-24T13:52:18","slug":"level-6-informatics-and-robotics","status":"publish","type":"product","link":"https:\/\/kedemoseducation.com\/fr\/product\/niveau-6-informatique-et-robotique\/","title":{"rendered":"Informatique et Robotique - Niveau 6"},"content":{"rendered":"<h2><b>De l\u2019Informatique \u00e0 la Robotique &#8211; Level 6 Informatics and Robotics<\/b><\/h2>\n<p>Le manuel Manuel Informatique et Robotique Niveau 6 fait partie de la collection De l\u2019Informatique \u00e0 la Robotique. C\u2019est une collection de 6 niveaux, con\u00e7ue par des enseignants soucieux d\u2019\u00e9veiller l\u2019int\u00e9r\u00eat des \u00e9l\u00e8ves. L\u2019informatique a acc\u00e9l\u00e9r\u00e9 le mouvement dans tous les secteurs \u00e0 travers le monde. Ainsi, de nouvelles formes de communication et de relations sociales se sont d\u00e9velopp\u00e9es.<\/p>\n<p>Par cons\u00e9quent, la ma\u00eetrise du traitement de l\u2019information s\u2019av\u00e8re essentielle, et l\u2019informatique est devenue un des grands bassins d\u2019emploi \u00e0 travers le monde. Aujourd\u2019hui, de nombreux \u00e9l\u00e8ves participent activement \u00e0 son essor.<\/p>\n<p><b>Informatique Niveau 6<\/b><\/p>\n<p>Dans le manuel de cette collection. Les techniques de la robotique y sont d\u00e9velopp\u00e9es, n\u00e9cessitant la manipulation du robot Arduino fournit aux \u00e9tablissements scolaires avec la m\u00e9thode.<\/p>\n<p>Chaque le\u00e7on s\u2019articule autour de 3 parties, \u00e0 savoir une le\u00e7on intitul\u00e9e \u201cJ\u2019observe et j\u2019apprends\u201d, une partie intitul\u00e9e \u201cJ\u2019applique\u201d et une troisi\u00e8me partie intitul\u00e9e \u201cMaintenant, je sais faire\u201d.<\/p>\n<p>Chaque chapitre regroupe plusieurs le\u00e7ons suivie d\u2019une double page d\u2019exercices pratiques qui exploitent les connaissances et les comp\u00e9tences acquises par les \u00e9l\u00e8ves.<\/p>\n<p>Une page d\u2019\u00e9valuation vient aussi cl\u00f4turer chaque chapitre.<\/p>","protected":false},"excerpt":{"rendered":"<p><span style=\"font-weight: 400; color: #000000;\">Dans un monde o\u00f9 la technologie ne fait que s\u2019imposer, cette collection est une excellente ressource pour initier les \u00e9l\u00e8ves aux concepts fondamentaux de l\u2019informatique de mani\u00e8re ludique et p\u00e9dagogique.<\/span><\/p>","protected":false},"featured_media":5304,"comment_status":"closed","ping_status":"closed","template":"","meta":{"_monsterinsights_skip_tracking":false,"_monsterinsights_sitenote_active":false,"_monsterinsights_sitenote_note":"","_monsterinsights_sitenote_category":0},"product_brand":[],"product_cat":[16,252],"product_tag":[257,402,406],"class_list":{"0":"post-2501","1":"product","2":"type-product","3":"status-publish","4":"has-post-thumbnail","6":"product_cat-school-books","7":"product_cat-technology-and-robotics","8":"product_tag-de-linformatique-a-la-robotique","9":"product_tag-informatics-and-robotics","10":"product_tag-level-6","11":"pa_grade-grade-6","13":"first","14":"instock","15":"shipping-taxable","16":"purchasable","17":"product-type-simple"},"yoast_head":"<!-- This site is optimized with the Yoast SEO plugin v26.4 - https:\/\/yoast.com\/wordpress\/plugins\/seo\/ -->\r\n<title>Level 6 informatics and robotics - Kedemos Education<\/title>\r\n<meta name=\"description\" content=\"The level 6 informatics and Robotics book introduces students to the fundamental concepts of informatics in a fun and educational way.\" \/>\r\n<meta name=\"robots\" content=\"index, follow, max-snippet:-1, max-image-preview:large, max-video-preview:-1\" \/>\r\n<link rel=\"canonical\" href=\"https:\/\/kedemoseducation.com\/fr\/product\/niveau-6-informatique-et-robotique\/\" \/>\r\n<meta property=\"og:locale\" content=\"fr_FR\" \/>\r\n<meta property=\"og:type\" content=\"article\" \/>\r\n<meta property=\"og:title\" content=\"Level 6 informatics and robotics - Kedemos Education\" \/>\r\n<meta property=\"og:description\" content=\"The level 6 informatics and Robotics book introduces students to the fundamental concepts of informatics in a fun and educational way.\" \/>\r\n<meta property=\"og:url\" content=\"https:\/\/kedemoseducation.com\/fr\/product\/niveau-6-informatique-et-robotique\/\" \/>\r\n<meta property=\"og:site_name\" content=\"Kedemos Education\" \/>\r\n<meta property=\"article:publisher\" content=\"https:\/\/www.facebook.com\/Kedemoseducation\" \/>\r\n<meta property=\"article:modified_time\" content=\"2026-02-24T13:52:18+00:00\" \/>\r\n<meta property=\"og:image\" content=\"https:\/\/kedemoseducation.com\/wp-content\/uploads\/2023\/09\/Informatique-6.jpg\" \/>\r\n\t<meta property=\"og:image:width\" content=\"600\" \/>\r\n\t<meta property=\"og:image:height\" content=\"800\" \/>\r\n\t<meta property=\"og:image:type\" content=\"image\/jpeg\" \/>\r\n<meta name=\"twitter:card\" content=\"summary_large_image\" \/>\r\n<meta name=\"twitter:label1\" content=\"Dur\u00e9e de lecture estim\u00e9e\" \/>\n\t<meta name=\"twitter:data1\" content=\"2 minutes\" \/>\r\n<script type=\"application\/ld+json\" class=\"yoast-schema-graph\">{\"@context\":\"https:\/\/schema.org\",\"@graph\":[{\"@type\":\"WebPage\",\"@id\":\"https:\/\/kedemoseducation.com\/product\/level-6-informatics-and-robotics\/\",\"url\":\"https:\/\/kedemoseducation.com\/product\/level-6-informatics-and-robotics\/\",\"name\":\"Level 6 informatics and robotics - Kedemos Education\",\"isPartOf\":{\"@id\":\"https:\/\/kedemoseducation.com\/fr\/#website\"},\"primaryImageOfPage\":{\"@id\":\"https:\/\/kedemoseducation.com\/product\/level-6-informatics-and-robotics\/#primaryimage\"},\"image\":{\"@id\":\"https:\/\/kedemoseducation.com\/product\/level-6-informatics-and-robotics\/#primaryimage\"},\"thumbnailUrl\":\"https:\/\/i0.wp.com\/kedemoseducation.com\/wp-content\/uploads\/2023\/09\/Informatique-6.jpg?fit=600%2C800&ssl=1\",\"datePublished\":\"2023-04-25T11:08:34+00:00\",\"dateModified\":\"2026-02-24T13:52:18+00:00\",\"description\":\"The level 6 informatics and Robotics book introduces students to the fundamental concepts of informatics in a fun and educational way.\",\"breadcrumb\":{\"@id\":\"https:\/\/kedemoseducation.com\/product\/level-6-informatics-and-robotics\/#breadcrumb\"},\"inLanguage\":\"fr-FR\",\"potentialAction\":[{\"@type\":\"ReadAction\",\"target\":[\"https:\/\/kedemoseducation.com\/product\/level-6-informatics-and-robotics\/\"]}]},{\"@type\":\"ImageObject\",\"inLanguage\":\"fr-FR\",\"@id\":\"https:\/\/kedemoseducation.com\/product\/level-6-informatics-and-robotics\/#primaryimage\",\"url\":\"https:\/\/i0.wp.com\/kedemoseducation.com\/wp-content\/uploads\/2023\/09\/Informatique-6.jpg?fit=600%2C800&ssl=1\",\"contentUrl\":\"https:\/\/i0.wp.com\/kedemoseducation.com\/wp-content\/uploads\/2023\/09\/Informatique-6.jpg?fit=600%2C800&ssl=1\",\"width\":600,\"height\":800,\"caption\":\"Informatique Niveau 6\"},{\"@type\":\"BreadcrumbList\",\"@id\":\"https:\/\/kedemoseducation.com\/product\/level-6-informatics-and-robotics\/#breadcrumb\",\"itemListElement\":[{\"@type\":\"ListItem\",\"position\":1,\"name\":\"Home\",\"item\":\"https:\/\/kedemoseducation.com\/\"},{\"@type\":\"ListItem\",\"position\":2,\"name\":\"All Products\",\"item\":\"https:\/\/kedemoseducation.com\/fr\/shop-2\/tous-les-produits\/\"},{\"@type\":\"ListItem\",\"position\":3,\"name\":\"School Books\",\"item\":\"https:\/\/kedemoseducation.com\/fr\/categorie-de-produit\/manuels-scolaires\/\"},{\"@type\":\"ListItem\",\"position\":4,\"name\":\"Technology and Robotics\",\"item\":\"https:\/\/kedemoseducation.com\/fr\/categorie-de-produit\/manuels-scolaires\/informatique-et-robotique\/\"},{\"@type\":\"ListItem\",\"position\":5,\"name\":\"Informatics and Robotics &#8211; Level 6\"}]},{\"@type\":\"WebSite\",\"@id\":\"https:\/\/kedemoseducation.com\/fr\/#website\",\"url\":\"https:\/\/kedemoseducation.com\/fr\/\",\"name\":\"Kedemos Education\",\"description\":\"The Pleasure of Learning\",\"publisher\":{\"@id\":\"https:\/\/kedemoseducation.com\/fr\/#organization\"},\"potentialAction\":[{\"@type\":\"SearchAction\",\"target\":{\"@type\":\"EntryPoint\",\"urlTemplate\":\"https:\/\/kedemoseducation.com\/fr\/?s={search_term_string}\"},\"query-input\":{\"@type\":\"PropertyValueSpecification\",\"valueRequired\":true,\"valueName\":\"search_term_string\"}}],\"inLanguage\":\"fr-FR\"},{\"@type\":\"Organization\",\"@id\":\"https:\/\/kedemoseducation.com\/fr\/#organization\",\"name\":\"Kedemos Education\",\"url\":\"https:\/\/kedemoseducation.com\/fr\/\",\"logo\":{\"@type\":\"ImageObject\",\"inLanguage\":\"fr-FR\",\"@id\":\"https:\/\/kedemoseducation.com\/fr\/#\/schema\/logo\/image\/\",\"url\":\"https:\/\/kedemoseducation.com\/wp-content\/uploads\/2023\/06\/logo-kedemos-education.png\",\"contentUrl\":\"https:\/\/kedemoseducation.com\/wp-content\/uploads\/2023\/06\/logo-kedemos-education.png\",\"width\":2362,\"height\":903,\"caption\":\"Kedemos Education\"},\"image\":{\"@id\":\"https:\/\/kedemoseducation.com\/fr\/#\/schema\/logo\/image\/\"},\"sameAs\":[\"https:\/\/www.facebook.com\/Kedemoseducation\",\"https:\/\/www.instagram.com\/kedemoseducation\/\",\"https:\/\/www.linkedin.com\/company\/kedemos-education\/\"]}]}<\/script>\r\n<!-- \/ Yoast SEO plugin. -->","yoast_head_json":{"title":"Niveau 6 Informatique et Robotique - K\u00e9d\u00e9mos Education","description":"Le manuel d\u2019informatique et de robotique Niveau 6 initie les \u00e9l\u00e8ves aux concepts fondamentaux de l\u2019informatique de mani\u00e8re ludique et p\u00e9dagogique.","robots":{"index":"index","follow":"follow","max-snippet":"max-snippet:-1","max-image-preview":"max-image-preview:large","max-video-preview":"max-video-preview:-1"},"canonical":"https:\/\/kedemoseducation.com\/fr\/product\/niveau-6-informatique-et-robotique\/","og_locale":"fr_FR","og_type":"article","og_title":"Level 6 informatics and robotics - Kedemos Education","og_description":"The level 6 informatics and Robotics book introduces students to the fundamental concepts of informatics in a fun and educational way.","og_url":"https:\/\/kedemoseducation.com\/fr\/product\/niveau-6-informatique-et-robotique\/","og_site_name":"Kedemos Education","article_publisher":"https:\/\/www.facebook.com\/Kedemoseducation","article_modified_time":"2026-02-24T13:52:18+00:00","og_image":[{"width":600,"height":800,"url":"https:\/\/kedemoseducation.com\/wp-content\/uploads\/2023\/09\/Informatique-6.jpg","type":"image\/jpeg"}],"twitter_card":"summary_large_image","twitter_misc":{"Dur\u00e9e de lecture estim\u00e9e":"2 minutes"},"schema":{"@context":"https:\/\/schema.org","@graph":[{"@type":"WebPage","@id":"https:\/\/kedemoseducation.com\/product\/level-6-informatics-and-robotics\/","url":"https:\/\/kedemoseducation.com\/product\/level-6-informatics-and-robotics\/","name":"Niveau 6 Informatique et Robotique - K\u00e9d\u00e9mos Education","isPartOf":{"@id":"https:\/\/kedemoseducation.com\/fr\/#website"},"primaryImageOfPage":{"@id":"https:\/\/kedemoseducation.com\/product\/level-6-informatics-and-robotics\/#primaryimage"},"image":{"@id":"https:\/\/kedemoseducation.com\/product\/level-6-informatics-and-robotics\/#primaryimage"},"thumbnailUrl":"https:\/\/i0.wp.com\/kedemoseducation.com\/wp-content\/uploads\/2023\/09\/Informatique-6.jpg?fit=600%2C800&ssl=1","datePublished":"2023-04-25T11:08:34+00:00","dateModified":"2026-02-24T13:52:18+00:00","description":"Le manuel d\u2019informatique et de robotique Niveau 6 initie les \u00e9l\u00e8ves aux concepts fondamentaux de l\u2019informatique de mani\u00e8re ludique et p\u00e9dagogique.","breadcrumb":{"@id":"https:\/\/kedemoseducation.com\/product\/level-6-informatics-and-robotics\/#breadcrumb"},"inLanguage":"fr-FR","potentialAction":[{"@type":"ReadAction","target":["https:\/\/kedemoseducation.com\/product\/level-6-informatics-and-robotics\/"]}]},{"@type":"ImageObject","inLanguage":"fr-FR","@id":"https:\/\/kedemoseducation.com\/product\/level-6-informatics-and-robotics\/#primaryimage","url":"https:\/\/i0.wp.com\/kedemoseducation.com\/wp-content\/uploads\/2023\/09\/Informatique-6.jpg?fit=600%2C800&ssl=1","contentUrl":"https:\/\/i0.wp.com\/kedemoseducation.com\/wp-content\/uploads\/2023\/09\/Informatique-6.jpg?fit=600%2C800&ssl=1","width":600,"height":800,"caption":"Informatique Niveau 6"},{"@type":"BreadcrumbList","@id":"https:\/\/kedemoseducation.com\/product\/level-6-informatics-and-robotics\/#breadcrumb","itemListElement":[{"@type":"ListItem","position":1,"name":"Home","item":"https:\/\/kedemoseducation.com\/"},{"@type":"ListItem","position":2,"name":"All Products","item":"https:\/\/kedemoseducation.com\/fr\/shop-2\/tous-les-produits\/"},{"@type":"ListItem","position":3,"name":"School Books","item":"https:\/\/kedemoseducation.com\/fr\/categorie-de-produit\/manuels-scolaires\/"},{"@type":"ListItem","position":4,"name":"Technology and Robotics","item":"https:\/\/kedemoseducation.com\/fr\/categorie-de-produit\/manuels-scolaires\/informatique-et-robotique\/"},{"@type":"ListItem","position":5,"name":"Informatics and Robotics &#8211; Level 6"}]},{"@type":"WebSite","@id":"https:\/\/kedemoseducation.com\/fr\/#website","url":"https:\/\/kedemoseducation.com\/fr\/","name":"K\u00e9d\u00e9mos Education","description":"Le plaisir d'apprendre","publisher":{"@id":"https:\/\/kedemoseducation.com\/fr\/#organization"},"potentialAction":[{"@type":"SearchAction","target":{"@type":"EntryPoint","urlTemplate":"https:\/\/kedemoseducation.com\/fr\/?s={search_term_string}"},"query-input":{"@type":"PropertyValueSpecification","valueRequired":true,"valueName":"search_term_string"}}],"inLanguage":"fr-FR"},{"@type":"Organization","@id":"https:\/\/kedemoseducation.com\/fr\/#organization","name":"K\u00e9d\u00e9mos Education","url":"https:\/\/kedemoseducation.com\/fr\/","logo":{"@type":"ImageObject","inLanguage":"fr-FR","@id":"https:\/\/kedemoseducation.com\/fr\/#\/schema\/logo\/image\/","url":"https:\/\/kedemoseducation.com\/wp-content\/uploads\/2023\/06\/logo-kedemos-education.png","contentUrl":"https:\/\/kedemoseducation.com\/wp-content\/uploads\/2023\/06\/logo-kedemos-education.png","width":2362,"height":903,"caption":"Kedemos Education"},"image":{"@id":"https:\/\/kedemoseducation.com\/fr\/#\/schema\/logo\/image\/"},"sameAs":["https:\/\/www.facebook.com\/Kedemoseducation","https:\/\/www.instagram.com\/kedemoseducation\/","https:\/\/www.linkedin.com\/company\/kedemos-education\/"]}]}},"jetpack_sharing_enabled":true,"_links":{"self":[{"href":"https:\/\/kedemoseducation.com\/fr\/wp-json\/wp\/v2\/product\/2501","targetHints":{"allow":["GET"]}}],"collection":[{"href":"https:\/\/kedemoseducation.com\/fr\/wp-json\/wp\/v2\/product"}],"about":[{"href":"https:\/\/kedemoseducation.com\/fr\/wp-json\/wp\/v2\/types\/product"}],"replies":[{"embeddable":true,"href":"https:\/\/kedemoseducation.com\/fr\/wp-json\/wp\/v2\/comments?post=2501"}],"wp:featuredmedia":[{"embeddable":true,"href":"https:\/\/kedemoseducation.com\/fr\/wp-json\/wp\/v2\/media\/5304"}],"wp:attachment":[{"href":"https:\/\/kedemoseducation.com\/fr\/wp-json\/wp\/v2\/media?parent=2501"}],"wp:term":[{"taxonomy":"product_brand","embeddable":true,"href":"https:\/\/kedemoseducation.com\/fr\/wp-json\/wp\/v2\/product_brand?post=2501"},{"taxonomy":"product_cat","embeddable":true,"href":"https:\/\/kedemoseducation.com\/fr\/wp-json\/wp\/v2\/product_cat?post=2501"},{"taxonomy":"product_tag","embeddable":true,"href":"https:\/\/kedemoseducation.com\/fr\/wp-json\/wp\/v2\/product_tag?post=2501"}],"curies":[{"name":"wp","href":"https:\/\/api.w.org\/{rel}","templated":true}]}}