{"id":2456,"date":"2023-04-24T09:42:20","date_gmt":"2023-04-24T06:42:20","guid":{"rendered":"https:\/\/kedemoseducation.com\/?post_type=product&#038;p=2456"},"modified":"2026-03-16T13:46:49","modified_gmt":"2026-03-16T11:46:49","slug":"le-nouveau-francais-plus-3-workbook","status":"publish","type":"product","link":"https:\/\/kedemoseducation.com\/fr\/product\/le-nouveau-francais-plus-3-le-cahier-dexercice\/","title":{"rendered":"Le Nouveau Fran\u00e7ais Plus 3 - Le cahier d\u2019exercice"},"content":{"rendered":"<h1><b>Fran\u00e7ais Langue \u00c9trang\u00e8re (FLE) - Le Nouveau Fran\u00e7ais Plus  3 Le cahier d'exercices<\/b><\/h1>\n<h2><strong>Pr\u00e9sentation de la M\u00e9thode<\/strong><\/h2>\n<p>Le Nouveau Fran\u00e7ais Plus 3 follows Le Nouveau Fran\u00e7ais Plus 2 and is part of a comprehensive method for learning spoken and written French as a foreign language (FLE). It is intended for elementary school students whose first language is not French.<\/p>\n<p>Ax\u00e9e sur la motivation et le plaisir d\u2019apprendre, la m\u00e9thode Le Nouveau Fran\u00e7ais Plus a \u00e9t\u00e9 con\u00e7ue pour d\u00e9velopper les comp\u00e9tences sur lesquelles repose l\u2019apprentissage d\u2019une langue.<\/p>\n<p>Ce manuel de la collection Le Nouveau Fran\u00e7ais Plus comprend deux volets : le <a href=\"https:\/\/kedemoseducation.com\/fr\/product\/le-nouveau-francais-plus-3-le-livre-de-leleve\/\">livre de l\u2019\u00e9l\u00e8ve<\/a> et le cahier d\u2019exercices.<\/p>\n<h3><b>Le Nouveau Fran\u00e7ais Plus 3 - Le cahier d\u2019exercice<\/b><\/h3>\n<p>Il s\u2019agit l\u00e0 du compl\u00e9ment indispensable du livre de l\u2019\u00e9l\u00e8ve, qui met en jeu les comp\u00e9tences suivantes :<\/p>\n<ul>\n<li aria-level=\"1\">La compr\u00e9hension orale : Ces exercices se trouvent au d\u00e9but de chaque le\u00e7on pour contr\u00f4ler l'acquisition du lexique d\u00e9j\u00e0 appris ;<\/li>\n<li aria-level=\"1\">La compr\u00e9hension \u00e9crite : Suite \u00e0 la lecture d'un texte court, l'\u00e9l\u00e8ve montrera qu'il en a compris le sens ;<\/li>\n<li aria-level=\"1\">Expression \u00e9crite : Ces exercices permettent de r\u00e9utiliser les connaissances pr\u00e9sent\u00e9es dans le livre de l\u2019\u00e9l\u00e8ve.<\/li>\n<li aria-level=\"1\">La syst\u00e9matisation grammaticale : Ces exercices simples visent \u00e0 codifier et \u00e0 v\u00e9rifier la bonne acquisition des apprentissages.<\/li>\n<\/ul>\n<p>L\u2019on trouvera \u00e9galement dans le cahier d'exercices des fiches d'\u00e9valuation des acquisitions.<\/p>","protected":false},"excerpt":{"rendered":"<p data-start=\"1450\" data-end=\"1683\">La collection Le Nouveau Fran\u00e7ais Plus est une m\u00e9thode d\u2019apprentissage du fran\u00e7ais langue \u00e9trang\u00e8re (FLE) destin\u00e9e aux apprenants arabophones et anglophones. Ce manuel accompagne le livre de l'\u00e9l\u00e8ve. Pour acc\u00e9der \u00e0 la collection compl\u00e8te Fran\u00e7ais Plus, veuillez cliquer <a href=\"https:\/\/kedemoseducation.com\/fr\/product-category\/school-books\/french-as-a-foreign-language\/\">ici<\/a>.<\/p>","protected":false},"featured_media":5274,"comment_status":"closed","ping_status":"closed","template":"","meta":{"_monsterinsights_skip_tracking":false,"_monsterinsights_sitenote_active":false,"_monsterinsights_sitenote_note":"","_monsterinsights_sitenote_category":0},"product_brand":[],"product_cat":[16,117],"product_tag":[118,120],"class_list":{"0":"post-2456","1":"product","2":"type-product","3":"status-publish","4":"has-post-thumbnail","6":"product_cat-school-books","7":"product_cat-french-as-a-foreign-language","8":"product_tag-francais-en-langue-etrangere","9":"product_tag-fle","10":"pa_grade-grade-3","12":"first","13":"instock","14":"shipping-taxable","15":"purchasable","16":"product-type-simple"},"yoast_head":"<!-- This site is optimized with the Yoast SEO plugin v26.4 - https:\/\/yoast.com\/wordpress\/plugins\/seo\/ -->\r\n<title>Nouveau Fran\u00e7ais Plus 3 Workbook - Kedemos Education<\/title>\r\n<meta name=\"description\" content=\"The Le Nouveau Fran\u00e7ais Plus 3 workbook complements the student\u2019s book and provides additional activities to support learning French as a foreign language.\" \/>\r\n<meta name=\"robots\" content=\"index, follow, max-snippet:-1, max-image-preview:large, max-video-preview:-1\" \/>\r\n<link rel=\"canonical\" href=\"https:\/\/kedemoseducation.com\/fr\/product\/le-nouveau-francais-plus-3-le-cahier-dexercice\/\" \/>\r\n<meta property=\"og:locale\" content=\"fr_FR\" \/>\r\n<meta property=\"og:type\" content=\"article\" \/>\r\n<meta property=\"og:title\" content=\"Nouveau Fran\u00e7ais Plus 3 Workbook - Kedemos Education\" \/>\r\n<meta property=\"og:description\" content=\"The Le Nouveau Fran\u00e7ais Plus 3 workbook complements the student\u2019s book and provides additional activities to support learning French as a foreign language.\" \/>\r\n<meta property=\"og:url\" content=\"https:\/\/kedemoseducation.com\/fr\/product\/le-nouveau-francais-plus-3-le-cahier-dexercice\/\" \/>\r\n<meta property=\"og:site_name\" content=\"Kedemos Education\" \/>\r\n<meta property=\"article:publisher\" content=\"https:\/\/www.facebook.com\/Kedemoseducation\" \/>\r\n<meta property=\"article:modified_time\" content=\"2026-03-16T11:46:49+00:00\" \/>\r\n<meta property=\"og:image\" content=\"https:\/\/kedemoseducation.com\/wp-content\/uploads\/2023\/09\/Le-Nouveau-Francais-plus-3-exercices.jpg\" \/>\r\n\t<meta property=\"og:image:width\" content=\"600\" \/>\r\n\t<meta property=\"og:image:height\" content=\"800\" \/>\r\n\t<meta property=\"og:image:type\" content=\"image\/jpeg\" \/>\r\n<meta name=\"twitter:card\" content=\"summary_large_image\" \/>\r\n<meta name=\"twitter:label1\" content=\"Dur\u00e9e de lecture estim\u00e9e\" \/>\n\t<meta name=\"twitter:data1\" content=\"2 minutes\" \/>\r\n<script type=\"application\/ld+json\" class=\"yoast-schema-graph\">{\"@context\":\"https:\/\/schema.org\",\"@graph\":[{\"@type\":\"WebPage\",\"@id\":\"https:\/\/kedemoseducation.com\/product\/le-nouveau-francais-plus-3-workbook\/\",\"url\":\"https:\/\/kedemoseducation.com\/product\/le-nouveau-francais-plus-3-workbook\/\",\"name\":\"Nouveau Fran\u00e7ais Plus 3 Workbook - Kedemos Education\",\"isPartOf\":{\"@id\":\"https:\/\/kedemoseducation.com\/fr\/#website\"},\"primaryImageOfPage\":{\"@id\":\"https:\/\/kedemoseducation.com\/product\/le-nouveau-francais-plus-3-workbook\/#primaryimage\"},\"image\":{\"@id\":\"https:\/\/kedemoseducation.com\/product\/le-nouveau-francais-plus-3-workbook\/#primaryimage\"},\"thumbnailUrl\":\"https:\/\/i0.wp.com\/kedemoseducation.com\/wp-content\/uploads\/2023\/09\/Le-Nouveau-Francais-plus-3-exercices.jpg?fit=600%2C800&ssl=1\",\"datePublished\":\"2023-04-24T06:42:20+00:00\",\"dateModified\":\"2026-03-16T11:46:49+00:00\",\"description\":\"The Le Nouveau Fran\u00e7ais Plus 3 workbook complements the student\u2019s book and provides additional activities to support learning French as a foreign language.\",\"breadcrumb\":{\"@id\":\"https:\/\/kedemoseducation.com\/product\/le-nouveau-francais-plus-3-workbook\/#breadcrumb\"},\"inLanguage\":\"fr-FR\",\"potentialAction\":[{\"@type\":\"ReadAction\",\"target\":[\"https:\/\/kedemoseducation.com\/product\/le-nouveau-francais-plus-3-workbook\/\"]}]},{\"@type\":\"ImageObject\",\"inLanguage\":\"fr-FR\",\"@id\":\"https:\/\/kedemoseducation.com\/product\/le-nouveau-francais-plus-3-workbook\/#primaryimage\",\"url\":\"https:\/\/i0.wp.com\/kedemoseducation.com\/wp-content\/uploads\/2023\/09\/Le-Nouveau-Francais-plus-3-exercices.jpg?fit=600%2C800&ssl=1\",\"contentUrl\":\"https:\/\/i0.wp.com\/kedemoseducation.com\/wp-content\/uploads\/2023\/09\/Le-Nouveau-Francais-plus-3-exercices.jpg?fit=600%2C800&ssl=1\",\"width\":600,\"height\":800,\"caption\":\"Nouveau Fran\u00e7ais plus 3\"},{\"@type\":\"BreadcrumbList\",\"@id\":\"https:\/\/kedemoseducation.com\/product\/le-nouveau-francais-plus-3-workbook\/#breadcrumb\",\"itemListElement\":[{\"@type\":\"ListItem\",\"position\":1,\"name\":\"Home\",\"item\":\"https:\/\/kedemoseducation.com\/\"},{\"@type\":\"ListItem\",\"position\":2,\"name\":\"All Products\",\"item\":\"https:\/\/kedemoseducation.com\/fr\/shop-2\/tous-les-produits\/\"},{\"@type\":\"ListItem\",\"position\":3,\"name\":\"School Books\",\"item\":\"https:\/\/kedemoseducation.com\/fr\/categorie-de-produit\/manuels-scolaires\/\"},{\"@type\":\"ListItem\",\"position\":4,\"name\":\"French as a Foreign Language\",\"item\":\"https:\/\/kedemoseducation.com\/fr\/categorie-de-produit\/manuels-scolaires\/francais-langue-etrangere\/\"},{\"@type\":\"ListItem\",\"position\":5,\"name\":\"Le Nouveau Fran\u00e7ais Plus 3 &#8211; Workbook\"}]},{\"@type\":\"WebSite\",\"@id\":\"https:\/\/kedemoseducation.com\/fr\/#website\",\"url\":\"https:\/\/kedemoseducation.com\/fr\/\",\"name\":\"Kedemos Education\",\"description\":\"The Pleasure of Learning\",\"publisher\":{\"@id\":\"https:\/\/kedemoseducation.com\/fr\/#organization\"},\"potentialAction\":[{\"@type\":\"SearchAction\",\"target\":{\"@type\":\"EntryPoint\",\"urlTemplate\":\"https:\/\/kedemoseducation.com\/fr\/?s={search_term_string}\"},\"query-input\":{\"@type\":\"PropertyValueSpecification\",\"valueRequired\":true,\"valueName\":\"search_term_string\"}}],\"inLanguage\":\"fr-FR\"},{\"@type\":\"Organization\",\"@id\":\"https:\/\/kedemoseducation.com\/fr\/#organization\",\"name\":\"Kedemos Education\",\"url\":\"https:\/\/kedemoseducation.com\/fr\/\",\"logo\":{\"@type\":\"ImageObject\",\"inLanguage\":\"fr-FR\",\"@id\":\"https:\/\/kedemoseducation.com\/fr\/#\/schema\/logo\/image\/\",\"url\":\"https:\/\/kedemoseducation.com\/wp-content\/uploads\/2023\/06\/logo-kedemos-education.png\",\"contentUrl\":\"https:\/\/kedemoseducation.com\/wp-content\/uploads\/2023\/06\/logo-kedemos-education.png\",\"width\":2362,\"height\":903,\"caption\":\"Kedemos Education\"},\"image\":{\"@id\":\"https:\/\/kedemoseducation.com\/fr\/#\/schema\/logo\/image\/\"},\"sameAs\":[\"https:\/\/www.facebook.com\/Kedemoseducation\",\"https:\/\/www.instagram.com\/kedemoseducation\/\",\"https:\/\/www.linkedin.com\/company\/kedemos-education\/\"]}]}<\/script>\r\n<!-- \/ Yoast SEO plugin. -->","yoast_head_json":{"title":"Le Nouveau Fran\u00e7ais Plus 3 - Le cahier d\u2019exercice - K\u00e9d\u00e9mos Education","description":"Le cahier d'exercices Le nouveau Fran\u00e7ais Plus 3 accompagne le livre de l'\u00e9l\u00e8ve et permet un meilleur apprentissage du fran\u00e7ais, langue \u00e9trang\u00e8re (FLE).","robots":{"index":"index","follow":"follow","max-snippet":"max-snippet:-1","max-image-preview":"max-image-preview:large","max-video-preview":"max-video-preview:-1"},"canonical":"https:\/\/kedemoseducation.com\/fr\/product\/le-nouveau-francais-plus-3-le-cahier-dexercice\/","og_locale":"fr_FR","og_type":"article","og_title":"Nouveau Fran\u00e7ais Plus 3 Workbook - Kedemos Education","og_description":"The Le Nouveau Fran\u00e7ais Plus 3 workbook complements the student\u2019s book and provides additional activities to support learning French as a foreign language.","og_url":"https:\/\/kedemoseducation.com\/fr\/product\/le-nouveau-francais-plus-3-le-cahier-dexercice\/","og_site_name":"Kedemos Education","article_publisher":"https:\/\/www.facebook.com\/Kedemoseducation","article_modified_time":"2026-03-16T11:46:49+00:00","og_image":[{"width":600,"height":800,"url":"https:\/\/kedemoseducation.com\/wp-content\/uploads\/2023\/09\/Le-Nouveau-Francais-plus-3-exercices.jpg","type":"image\/jpeg"}],"twitter_card":"summary_large_image","twitter_misc":{"Dur\u00e9e de lecture estim\u00e9e":"2 minutes"},"schema":{"@context":"https:\/\/schema.org","@graph":[{"@type":"WebPage","@id":"https:\/\/kedemoseducation.com\/product\/le-nouveau-francais-plus-3-workbook\/","url":"https:\/\/kedemoseducation.com\/product\/le-nouveau-francais-plus-3-workbook\/","name":"Le Nouveau Fran\u00e7ais Plus 3 - Le cahier d\u2019exercice - K\u00e9d\u00e9mos Education","isPartOf":{"@id":"https:\/\/kedemoseducation.com\/fr\/#website"},"primaryImageOfPage":{"@id":"https:\/\/kedemoseducation.com\/product\/le-nouveau-francais-plus-3-workbook\/#primaryimage"},"image":{"@id":"https:\/\/kedemoseducation.com\/product\/le-nouveau-francais-plus-3-workbook\/#primaryimage"},"thumbnailUrl":"https:\/\/i0.wp.com\/kedemoseducation.com\/wp-content\/uploads\/2023\/09\/Le-Nouveau-Francais-plus-3-exercices.jpg?fit=600%2C800&ssl=1","datePublished":"2023-04-24T06:42:20+00:00","dateModified":"2026-03-16T11:46:49+00:00","description":"Le cahier d'exercices Le nouveau Fran\u00e7ais Plus 3 accompagne le livre de l'\u00e9l\u00e8ve et permet un meilleur apprentissage du fran\u00e7ais, langue \u00e9trang\u00e8re (FLE).","breadcrumb":{"@id":"https:\/\/kedemoseducation.com\/product\/le-nouveau-francais-plus-3-workbook\/#breadcrumb"},"inLanguage":"fr-FR","potentialAction":[{"@type":"ReadAction","target":["https:\/\/kedemoseducation.com\/product\/le-nouveau-francais-plus-3-workbook\/"]}]},{"@type":"ImageObject","inLanguage":"fr-FR","@id":"https:\/\/kedemoseducation.com\/product\/le-nouveau-francais-plus-3-workbook\/#primaryimage","url":"https:\/\/i0.wp.com\/kedemoseducation.com\/wp-content\/uploads\/2023\/09\/Le-Nouveau-Francais-plus-3-exercices.jpg?fit=600%2C800&ssl=1","contentUrl":"https:\/\/i0.wp.com\/kedemoseducation.com\/wp-content\/uploads\/2023\/09\/Le-Nouveau-Francais-plus-3-exercices.jpg?fit=600%2C800&ssl=1","width":600,"height":800,"caption":"Nouveau Fran\u00e7ais plus 3"},{"@type":"BreadcrumbList","@id":"https:\/\/kedemoseducation.com\/product\/le-nouveau-francais-plus-3-workbook\/#breadcrumb","itemListElement":[{"@type":"ListItem","position":1,"name":"Home","item":"https:\/\/kedemoseducation.com\/"},{"@type":"ListItem","position":2,"name":"All Products","item":"https:\/\/kedemoseducation.com\/fr\/shop-2\/tous-les-produits\/"},{"@type":"ListItem","position":3,"name":"School Books","item":"https:\/\/kedemoseducation.com\/fr\/categorie-de-produit\/manuels-scolaires\/"},{"@type":"ListItem","position":4,"name":"French as a Foreign Language","item":"https:\/\/kedemoseducation.com\/fr\/categorie-de-produit\/manuels-scolaires\/francais-langue-etrangere\/"},{"@type":"ListItem","position":5,"name":"Le Nouveau Fran\u00e7ais Plus 3 &#8211; Workbook"}]},{"@type":"WebSite","@id":"https:\/\/kedemoseducation.com\/fr\/#website","url":"https:\/\/kedemoseducation.com\/fr\/","name":"K\u00e9d\u00e9mos Education","description":"Le plaisir d'apprendre","publisher":{"@id":"https:\/\/kedemoseducation.com\/fr\/#organization"},"potentialAction":[{"@type":"SearchAction","target":{"@type":"EntryPoint","urlTemplate":"https:\/\/kedemoseducation.com\/fr\/?s={search_term_string}"},"query-input":{"@type":"PropertyValueSpecification","valueRequired":true,"valueName":"search_term_string"}}],"inLanguage":"fr-FR"},{"@type":"Organization","@id":"https:\/\/kedemoseducation.com\/fr\/#organization","name":"K\u00e9d\u00e9mos Education","url":"https:\/\/kedemoseducation.com\/fr\/","logo":{"@type":"ImageObject","inLanguage":"fr-FR","@id":"https:\/\/kedemoseducation.com\/fr\/#\/schema\/logo\/image\/","url":"https:\/\/kedemoseducation.com\/wp-content\/uploads\/2023\/06\/logo-kedemos-education.png","contentUrl":"https:\/\/kedemoseducation.com\/wp-content\/uploads\/2023\/06\/logo-kedemos-education.png","width":2362,"height":903,"caption":"Kedemos Education"},"image":{"@id":"https:\/\/kedemoseducation.com\/fr\/#\/schema\/logo\/image\/"},"sameAs":["https:\/\/www.facebook.com\/Kedemoseducation","https:\/\/www.instagram.com\/kedemoseducation\/","https:\/\/www.linkedin.com\/company\/kedemos-education\/"]}]}},"jetpack_sharing_enabled":true,"_links":{"self":[{"href":"https:\/\/kedemoseducation.com\/fr\/wp-json\/wp\/v2\/product\/2456","targetHints":{"allow":["GET"]}}],"collection":[{"href":"https:\/\/kedemoseducation.com\/fr\/wp-json\/wp\/v2\/product"}],"about":[{"href":"https:\/\/kedemoseducation.com\/fr\/wp-json\/wp\/v2\/types\/product"}],"replies":[{"embeddable":true,"href":"https:\/\/kedemoseducation.com\/fr\/wp-json\/wp\/v2\/comments?post=2456"}],"wp:featuredmedia":[{"embeddable":true,"href":"https:\/\/kedemoseducation.com\/fr\/wp-json\/wp\/v2\/media\/5274"}],"wp:attachment":[{"href":"https:\/\/kedemoseducation.com\/fr\/wp-json\/wp\/v2\/media?parent=2456"}],"wp:term":[{"taxonomy":"product_brand","embeddable":true,"href":"https:\/\/kedemoseducation.com\/fr\/wp-json\/wp\/v2\/product_brand?post=2456"},{"taxonomy":"product_cat","embeddable":true,"href":"https:\/\/kedemoseducation.com\/fr\/wp-json\/wp\/v2\/product_cat?post=2456"},{"taxonomy":"product_tag","embeddable":true,"href":"https:\/\/kedemoseducation.com\/fr\/wp-json\/wp\/v2\/product_tag?post=2456"}],"curies":[{"name":"wp","href":"https:\/\/api.w.org\/{rel}","templated":true}]}}