{"id":238,"date":"2022-05-05T06:17:39","date_gmt":"2022-05-05T06:17:39","guid":{"rendered":"https:\/\/eshop.classperts.com\/?post_type=product&#038;p=238"},"modified":"2026-02-20T14:26:51","modified_gmt":"2026-02-20T12:26:51","slug":"kg2-letters-workbook-rainbow","status":"publish","type":"product","link":"https:\/\/kedemoseducation.com\/fr\/product\/moyenne-section-apprendre-les-letters-rainbow\/","title":{"rendered":"Moyenne Section - Apprendre les Lettres Anglais"},"content":{"rendered":"<h1>Rainbow Colors - Apprendre les Letters Moyenne Section<\/h1>\n<h2><strong>Pr\u00e9sentation de la m\u00e9thode KG2 - Rainbow Colors<\/strong><\/h2>\n<p data-start=\"181\" data-end=\"369\">Le pr\u00e9sent cahier fait partie de la collection Rainbow Colors. Destin\u00e9 \u00e0 la Moyenne Section (MS - KG2),<\/p>\n<p data-start=\"371\" data-end=\"590\">il s'int\u00e8gre dans une m\u00e9thode compl\u00e8te des apprentissages de base de l\u2019anglais. Cette derni\u00e8re comprend le fichier, le cahier \u00ab Letters \u00bb, dix contes de petit format, et les paroles des chansons et comptines. La m\u00e9thode pour la MS (KG2) est divis\u00e9e en th\u00e8mes li\u00e9s \u00e0 la vie quotidienne des enfants.<\/p>\n<p>Le cahier \u00ab Letters \u00bb prolonge le fichier de la <a href=\"https:\/\/kedemoseducation.com\/fr\/product\/fichier-moyenne-section-rainbow-colors\/\">fichier de la Moyenne Section<\/a>. Son objectif est d\u2019apprendre aux \u00e9l\u00e8ves \u00e0 \u00e9crire les lettres en minuscule et en majuscule de fa\u00e7on ludique.<\/p>","protected":false},"excerpt":{"rendered":"<p><span style=\"font-weight: 400;\">Ce cahier apprend aux \u00e9l\u00e8ves \u00e0 \u00e9crire les lettres en minuscule et en majuscule de fa\u00e7on ludique. Il accompagne le <a href=\"https:\/\/kedemoseducation.com\/fr\/product\/fichier-moyenne-section-rainbow-colors\/\">fichier de la Moyenne Section<\/a>.<\/span><\/p>","protected":false},"featured_media":7317,"comment_status":"closed","ping_status":"closed","template":"","meta":{"_monsterinsights_skip_tracking":false,"_monsterinsights_sitenote_active":false,"_monsterinsights_sitenote_note":"","_monsterinsights_sitenote_category":0},"product_brand":[],"product_cat":[16,46,43],"product_tag":[55,60,90,137],"class_list":{"0":"post-238","1":"product","2":"type-product","3":"status-publish","4":"has-post-thumbnail","6":"product_cat-school-books","7":"product_cat-kg2-rainbow-colors","8":"product_cat-english","9":"product_tag-moyenne-section","10":"product_tag-kg2","11":"product_tag-rainbow","12":"product_tag-letters","13":"pa_grade-kg2","15":"first","16":"instock","17":"shipping-taxable","18":"purchasable","19":"product-type-simple"},"yoast_head":"<!-- This site is optimized with the Yoast SEO plugin v26.4 - https:\/\/yoast.com\/wordpress\/plugins\/seo\/ -->\r\n<title>KG2 Letters Workbook - Kedemos Education<\/title>\r\n<meta name=\"description\" content=\"The KG2 Letters workbook from the \u201cRainbow Colors\u201d collection helps students write lowercase and uppercase letters through fun activities.\" \/>\r\n<meta name=\"robots\" content=\"index, follow, max-snippet:-1, max-image-preview:large, max-video-preview:-1\" \/>\r\n<link rel=\"canonical\" href=\"https:\/\/kedemoseducation.com\/fr\/product\/moyenne-section-apprendre-les-letters-rainbow\/\" \/>\r\n<meta property=\"og:locale\" content=\"fr_FR\" \/>\r\n<meta property=\"og:type\" content=\"article\" \/>\r\n<meta property=\"og:title\" content=\"KG2 Letters Workbook - Kedemos Education\" \/>\r\n<meta property=\"og:description\" content=\"The KG2 Letters workbook from the \u201cRainbow Colors\u201d collection helps students write lowercase and uppercase letters through fun activities.\" \/>\r\n<meta property=\"og:url\" content=\"https:\/\/kedemoseducation.com\/fr\/product\/moyenne-section-apprendre-les-letters-rainbow\/\" \/>\r\n<meta property=\"og:site_name\" content=\"Kedemos Education\" \/>\r\n<meta property=\"article:publisher\" content=\"https:\/\/www.facebook.com\/Kedemoseducation\" \/>\r\n<meta property=\"article:modified_time\" content=\"2026-02-20T12:26:51+00:00\" \/>\r\n<meta property=\"og:image\" content=\"https:\/\/kedemoseducation.com\/wp-content\/uploads\/2022\/05\/KG2-Letters-Rainbow.jpg\" \/>\r\n\t<meta property=\"og:image:width\" content=\"600\" \/>\r\n\t<meta property=\"og:image:height\" content=\"800\" \/>\r\n\t<meta property=\"og:image:type\" content=\"image\/jpeg\" \/>\r\n<meta name=\"twitter:card\" content=\"summary_large_image\" \/>\r\n<meta name=\"twitter:label1\" content=\"Dur\u00e9e de lecture estim\u00e9e\" \/>\n\t<meta name=\"twitter:data1\" content=\"1 minute\" \/>\r\n<script type=\"application\/ld+json\" class=\"yoast-schema-graph\">{\"@context\":\"https:\/\/schema.org\",\"@graph\":[{\"@type\":\"WebPage\",\"@id\":\"https:\/\/kedemoseducation.com\/product\/kg2-letters-workbook-rainbow\/\",\"url\":\"https:\/\/kedemoseducation.com\/product\/kg2-letters-workbook-rainbow\/\",\"name\":\"KG2 Letters Workbook - Kedemos Education\",\"isPartOf\":{\"@id\":\"https:\/\/kedemoseducation.com\/fr\/#website\"},\"primaryImageOfPage\":{\"@id\":\"https:\/\/kedemoseducation.com\/product\/kg2-letters-workbook-rainbow\/#primaryimage\"},\"image\":{\"@id\":\"https:\/\/kedemoseducation.com\/product\/kg2-letters-workbook-rainbow\/#primaryimage\"},\"thumbnailUrl\":\"https:\/\/i0.wp.com\/kedemoseducation.com\/wp-content\/uploads\/2022\/05\/KG2-Letters-Rainbow.jpg?fit=600%2C800&ssl=1\",\"datePublished\":\"2022-05-05T06:17:39+00:00\",\"dateModified\":\"2026-02-20T12:26:51+00:00\",\"description\":\"The KG2 Letters workbook from the \u201cRainbow Colors\u201d collection helps students write lowercase and uppercase letters through fun activities.\",\"breadcrumb\":{\"@id\":\"https:\/\/kedemoseducation.com\/product\/kg2-letters-workbook-rainbow\/#breadcrumb\"},\"inLanguage\":\"fr-FR\",\"potentialAction\":[{\"@type\":\"ReadAction\",\"target\":[\"https:\/\/kedemoseducation.com\/product\/kg2-letters-workbook-rainbow\/\"]}]},{\"@type\":\"ImageObject\",\"inLanguage\":\"fr-FR\",\"@id\":\"https:\/\/kedemoseducation.com\/product\/kg2-letters-workbook-rainbow\/#primaryimage\",\"url\":\"https:\/\/i0.wp.com\/kedemoseducation.com\/wp-content\/uploads\/2022\/05\/KG2-Letters-Rainbow.jpg?fit=600%2C800&ssl=1\",\"contentUrl\":\"https:\/\/i0.wp.com\/kedemoseducation.com\/wp-content\/uploads\/2022\/05\/KG2-Letters-Rainbow.jpg?fit=600%2C800&ssl=1\",\"width\":600,\"height\":800,\"caption\":\"Rainbow - Letters Copybook KG2\"},{\"@type\":\"BreadcrumbList\",\"@id\":\"https:\/\/kedemoseducation.com\/product\/kg2-letters-workbook-rainbow\/#breadcrumb\",\"itemListElement\":[{\"@type\":\"ListItem\",\"position\":1,\"name\":\"Home\",\"item\":\"https:\/\/kedemoseducation.com\/\"},{\"@type\":\"ListItem\",\"position\":2,\"name\":\"All Products\",\"item\":\"https:\/\/kedemoseducation.com\/fr\/shop-2\/tous-les-produits\/\"},{\"@type\":\"ListItem\",\"position\":3,\"name\":\"School Books\",\"item\":\"https:\/\/kedemoseducation.com\/fr\/categorie-de-produit\/manuels-scolaires\/\"},{\"@type\":\"ListItem\",\"position\":4,\"name\":\"KG2 &#8211; Letters Workbook\"}]},{\"@type\":\"WebSite\",\"@id\":\"https:\/\/kedemoseducation.com\/fr\/#website\",\"url\":\"https:\/\/kedemoseducation.com\/fr\/\",\"name\":\"Kedemos Education\",\"description\":\"The Pleasure of Learning\",\"publisher\":{\"@id\":\"https:\/\/kedemoseducation.com\/fr\/#organization\"},\"potentialAction\":[{\"@type\":\"SearchAction\",\"target\":{\"@type\":\"EntryPoint\",\"urlTemplate\":\"https:\/\/kedemoseducation.com\/fr\/?s={search_term_string}\"},\"query-input\":{\"@type\":\"PropertyValueSpecification\",\"valueRequired\":true,\"valueName\":\"search_term_string\"}}],\"inLanguage\":\"fr-FR\"},{\"@type\":\"Organization\",\"@id\":\"https:\/\/kedemoseducation.com\/fr\/#organization\",\"name\":\"Kedemos Education\",\"url\":\"https:\/\/kedemoseducation.com\/fr\/\",\"logo\":{\"@type\":\"ImageObject\",\"inLanguage\":\"fr-FR\",\"@id\":\"https:\/\/kedemoseducation.com\/fr\/#\/schema\/logo\/image\/\",\"url\":\"https:\/\/kedemoseducation.com\/wp-content\/uploads\/2023\/06\/logo-kedemos-education.png\",\"contentUrl\":\"https:\/\/kedemoseducation.com\/wp-content\/uploads\/2023\/06\/logo-kedemos-education.png\",\"width\":2362,\"height\":903,\"caption\":\"Kedemos Education\"},\"image\":{\"@id\":\"https:\/\/kedemoseducation.com\/fr\/#\/schema\/logo\/image\/\"},\"sameAs\":[\"https:\/\/www.facebook.com\/Kedemoseducation\",\"https:\/\/www.instagram.com\/kedemoseducation\/\",\"https:\/\/www.linkedin.com\/company\/kedemos-education\/\"]}]}<\/script>\r\n<!-- \/ Yoast SEO plugin. -->","yoast_head_json":{"title":"Moyenne Seciton Apprendre les Letters - K\u00e9d\u00e9mos Education","description":"Le fichier Letters pour la MS (KG2) de la collection Rainbow Colors s'int\u00e8gre dans une m\u00e9thode d'apprentissage de l\u2019anglais et apprend aux \u00e9l\u00e8ves \u00e0 \u00e9crire.","robots":{"index":"index","follow":"follow","max-snippet":"max-snippet:-1","max-image-preview":"max-image-preview:large","max-video-preview":"max-video-preview:-1"},"canonical":"https:\/\/kedemoseducation.com\/fr\/product\/moyenne-section-apprendre-les-letters-rainbow\/","og_locale":"fr_FR","og_type":"article","og_title":"KG2 Letters Workbook - Kedemos Education","og_description":"The KG2 Letters workbook from the \u201cRainbow Colors\u201d collection helps students write lowercase and uppercase letters through fun activities.","og_url":"https:\/\/kedemoseducation.com\/fr\/product\/moyenne-section-apprendre-les-letters-rainbow\/","og_site_name":"Kedemos Education","article_publisher":"https:\/\/www.facebook.com\/Kedemoseducation","article_modified_time":"2026-02-20T12:26:51+00:00","og_image":[{"width":600,"height":800,"url":"https:\/\/kedemoseducation.com\/wp-content\/uploads\/2022\/05\/KG2-Letters-Rainbow.jpg","type":"image\/jpeg"}],"twitter_card":"summary_large_image","twitter_misc":{"Dur\u00e9e de lecture estim\u00e9e":"1 minute"},"schema":{"@context":"https:\/\/schema.org","@graph":[{"@type":"WebPage","@id":"https:\/\/kedemoseducation.com\/product\/kg2-letters-workbook-rainbow\/","url":"https:\/\/kedemoseducation.com\/product\/kg2-letters-workbook-rainbow\/","name":"Moyenne Seciton Apprendre les Letters - K\u00e9d\u00e9mos Education","isPartOf":{"@id":"https:\/\/kedemoseducation.com\/fr\/#website"},"primaryImageOfPage":{"@id":"https:\/\/kedemoseducation.com\/product\/kg2-letters-workbook-rainbow\/#primaryimage"},"image":{"@id":"https:\/\/kedemoseducation.com\/product\/kg2-letters-workbook-rainbow\/#primaryimage"},"thumbnailUrl":"https:\/\/i0.wp.com\/kedemoseducation.com\/wp-content\/uploads\/2022\/05\/KG2-Letters-Rainbow.jpg?fit=600%2C800&ssl=1","datePublished":"2022-05-05T06:17:39+00:00","dateModified":"2026-02-20T12:26:51+00:00","description":"Le fichier Letters pour la MS (KG2) de la collection Rainbow Colors s'int\u00e8gre dans une m\u00e9thode d'apprentissage de l\u2019anglais et apprend aux \u00e9l\u00e8ves \u00e0 \u00e9crire.","breadcrumb":{"@id":"https:\/\/kedemoseducation.com\/product\/kg2-letters-workbook-rainbow\/#breadcrumb"},"inLanguage":"fr-FR","potentialAction":[{"@type":"ReadAction","target":["https:\/\/kedemoseducation.com\/product\/kg2-letters-workbook-rainbow\/"]}]},{"@type":"ImageObject","inLanguage":"fr-FR","@id":"https:\/\/kedemoseducation.com\/product\/kg2-letters-workbook-rainbow\/#primaryimage","url":"https:\/\/i0.wp.com\/kedemoseducation.com\/wp-content\/uploads\/2022\/05\/KG2-Letters-Rainbow.jpg?fit=600%2C800&ssl=1","contentUrl":"https:\/\/i0.wp.com\/kedemoseducation.com\/wp-content\/uploads\/2022\/05\/KG2-Letters-Rainbow.jpg?fit=600%2C800&ssl=1","width":600,"height":800,"caption":"Rainbow - Letters Copybook KG2"},{"@type":"BreadcrumbList","@id":"https:\/\/kedemoseducation.com\/product\/kg2-letters-workbook-rainbow\/#breadcrumb","itemListElement":[{"@type":"ListItem","position":1,"name":"Home","item":"https:\/\/kedemoseducation.com\/"},{"@type":"ListItem","position":2,"name":"All Products","item":"https:\/\/kedemoseducation.com\/fr\/shop-2\/tous-les-produits\/"},{"@type":"ListItem","position":3,"name":"School Books","item":"https:\/\/kedemoseducation.com\/fr\/categorie-de-produit\/manuels-scolaires\/"},{"@type":"ListItem","position":4,"name":"KG2 &#8211; Letters Workbook"}]},{"@type":"WebSite","@id":"https:\/\/kedemoseducation.com\/fr\/#website","url":"https:\/\/kedemoseducation.com\/fr\/","name":"K\u00e9d\u00e9mos Education","description":"Le plaisir d'apprendre","publisher":{"@id":"https:\/\/kedemoseducation.com\/fr\/#organization"},"potentialAction":[{"@type":"SearchAction","target":{"@type":"EntryPoint","urlTemplate":"https:\/\/kedemoseducation.com\/fr\/?s={search_term_string}"},"query-input":{"@type":"PropertyValueSpecification","valueRequired":true,"valueName":"search_term_string"}}],"inLanguage":"fr-FR"},{"@type":"Organization","@id":"https:\/\/kedemoseducation.com\/fr\/#organization","name":"K\u00e9d\u00e9mos Education","url":"https:\/\/kedemoseducation.com\/fr\/","logo":{"@type":"ImageObject","inLanguage":"fr-FR","@id":"https:\/\/kedemoseducation.com\/fr\/#\/schema\/logo\/image\/","url":"https:\/\/kedemoseducation.com\/wp-content\/uploads\/2023\/06\/logo-kedemos-education.png","contentUrl":"https:\/\/kedemoseducation.com\/wp-content\/uploads\/2023\/06\/logo-kedemos-education.png","width":2362,"height":903,"caption":"Kedemos Education"},"image":{"@id":"https:\/\/kedemoseducation.com\/fr\/#\/schema\/logo\/image\/"},"sameAs":["https:\/\/www.facebook.com\/Kedemoseducation","https:\/\/www.instagram.com\/kedemoseducation\/","https:\/\/www.linkedin.com\/company\/kedemos-education\/"]}]}},"jetpack_sharing_enabled":true,"_links":{"self":[{"href":"https:\/\/kedemoseducation.com\/fr\/wp-json\/wp\/v2\/product\/238","targetHints":{"allow":["GET"]}}],"collection":[{"href":"https:\/\/kedemoseducation.com\/fr\/wp-json\/wp\/v2\/product"}],"about":[{"href":"https:\/\/kedemoseducation.com\/fr\/wp-json\/wp\/v2\/types\/product"}],"replies":[{"embeddable":true,"href":"https:\/\/kedemoseducation.com\/fr\/wp-json\/wp\/v2\/comments?post=238"}],"wp:featuredmedia":[{"embeddable":true,"href":"https:\/\/kedemoseducation.com\/fr\/wp-json\/wp\/v2\/media\/7317"}],"wp:attachment":[{"href":"https:\/\/kedemoseducation.com\/fr\/wp-json\/wp\/v2\/media?parent=238"}],"wp:term":[{"taxonomy":"product_brand","embeddable":true,"href":"https:\/\/kedemoseducation.com\/fr\/wp-json\/wp\/v2\/product_brand?post=238"},{"taxonomy":"product_cat","embeddable":true,"href":"https:\/\/kedemoseducation.com\/fr\/wp-json\/wp\/v2\/product_cat?post=238"},{"taxonomy":"product_tag","embeddable":true,"href":"https:\/\/kedemoseducation.com\/fr\/wp-json\/wp\/v2\/product_tag?post=238"}],"curies":[{"name":"wp","href":"https:\/\/api.w.org\/{rel}","templated":true}]}}