{"id":237,"date":"2022-05-05T06:17:39","date_gmt":"2022-05-05T06:17:39","guid":{"rendered":"https:\/\/eshop.classperts.com\/?post_type=product&#038;p=237"},"modified":"2026-02-20T10:26:40","modified_gmt":"2026-02-20T08:26:40","slug":"kg2-workbook-rainbow-colors","status":"publish","type":"product","link":"https:\/\/kedemoseducation.com\/fr\/product\/fichier-moyenne-section-rainbow-colors\/","title":{"rendered":"Fichier Moyenne Section - Anglais"},"content":{"rendered":"<h1>Rainbow Colors - Fichier Moyenne Section<\/h1>\n<h2>Pr\u00e9sentation de la m\u00e9thode KG2 - Rainbow Colors<\/h2>\n<p>Le pr\u00e9sent fichier fait partie de la collection \u00ab Rainbow Colors \u00bb. Destin\u00e9 \u00e0 la Moyenne Section (MS - KG2), il s'int\u00e8gre dans une m\u00e9thode compl\u00e8te d\u2019apprentissage des bases de l\u2019anglais.<\/p>\n<p>La m\u00e9thode pour la MS est divis\u00e9e en th\u00e8mes li\u00e9s \u00e0 la vie quotidienne des enfants. Elle comprend :<\/p>\n<ul>\n<li aria-level=\"1\">Un fichier \u00e0 pages d\u00e9tachables. Ce fichier propose des activit\u00e9s de vocabulaire et d'\u00e9veil sensoriel, une initiation aux activit\u00e9s de math\u00e9matiques et de logique, du graphisme, des activit\u00e9s artistiques ainsi que des fiches d\u2019\u00ab \u00e9valuation \u00bb des acquis.<\/li>\n<li aria-level=\"1\">Un cahier \u00ab Letters \u00bb, destin\u00e9 \u00e0 apprendre \u00e0 \u00e9crire les lettres en minuscules et en majuscules.<\/li>\n<li aria-level=\"1\"><a href=\"https:\/\/kedemoseducation.com\/fr\/product-category\/storybooks-for-children\/english-stories\/my-colorful-stories\/green-series-my-colorful-stories\/\">Dix contes de petit format<\/a>. Ces contes permettent aux enfants d\u2019explorer l\u2019univers de la fiction, du fantastique et de l\u2019imaginaire. Ils d\u00e9veloppent progressivement les comp\u00e9tences en expression orale, enrichissent le vocabulaire et renforcent les capacit\u00e9s de compr\u00e9hension. De plus, les enfants peuvent partager le plaisir du conte avec leurs parents tout en observant de belles illustrations et en \u00e9largissant leur vocabulaire. Ces contes constituent une partie int\u00e9grante de la collection \u00ab Rainbow Colors \u00bb.<\/li>\n<li aria-level=\"1\">Les paroles des chansons et des comptines, permettant de partager des moments de complicit\u00e9 et de joie tout en d\u00e9veloppant les comp\u00e9tences linguistiques.<\/li>\n<\/ul>\n<p>Enfin, l'enfant dispose d\u2019un code QR int\u00e9gr\u00e9 \u00e0 son fichier de Moyenne Section (KG2). Il pourra ainsi \u00e9couter :<\/p>\n<ul>\n<li aria-level=\"1\">Les contes.<\/li>\n<li aria-level=\"1\">Les chansons.<\/li>\n<li aria-level=\"1\">Les comptines.<\/li>\n<\/ul>","protected":false},"excerpt":{"rendered":"<p>Ce fichier pour la Moyenne Section, color\u00e9 et \u00e0 pages d\u00e9tachables, est accompagn\u00e9 de <a href=\"https:\/\/kedemoseducation.com\/fr\/product-category\/storybooks-for-children\/english-stories\/my-colorful-stories\/green-series-my-colorful-stories\/\">10 contes en petit format<\/a><\/p>\n<p>En compl\u00e9ment pour la Moyenne Section, vous trouverez \u00e9galement le cahier \u00ab Letters \u00bb.<\/p>","protected":false},"featured_media":7316,"comment_status":"closed","ping_status":"closed","template":"","meta":{"_monsterinsights_skip_tracking":false,"_monsterinsights_sitenote_active":false,"_monsterinsights_sitenote_note":"","_monsterinsights_sitenote_category":0},"product_brand":[],"product_cat":[16,46,43],"product_tag":[60,399,400],"class_list":{"0":"post-237","1":"product","2":"type-product","3":"status-publish","4":"has-post-thumbnail","6":"product_cat-school-books","7":"product_cat-kg2-rainbow-colors","8":"product_cat-english","9":"product_tag-kg2","10":"product_tag-rainbow-colors","11":"product_tag-workbook","12":"pa_grade-kg2","14":"first","15":"instock","16":"shipping-taxable","17":"purchasable","18":"product-type-simple"},"yoast_head":"<!-- This site is optimized with the Yoast SEO plugin v26.4 - https:\/\/yoast.com\/wordpress\/plugins\/seo\/ -->\r\n<title>KG2 Workbook - Kedemos Education<\/title>\r\n<meta name=\"description\" content=\"This English workbook for KG2 students is part of the \u201cRainbow Colors\u201d collection and supports early English language learning.\" \/>\r\n<meta name=\"robots\" content=\"index, follow, max-snippet:-1, max-image-preview:large, max-video-preview:-1\" \/>\r\n<link rel=\"canonical\" href=\"https:\/\/kedemoseducation.com\/fr\/product\/moyenne-section-anglais\/\" \/>\r\n<meta property=\"og:locale\" content=\"fr_FR\" \/>\r\n<meta property=\"og:type\" content=\"article\" \/>\r\n<meta property=\"og:title\" content=\"KG2 Workbook - Kedemos Education\" \/>\r\n<meta property=\"og:description\" content=\"This English workbook for KG2 students is part of the \u201cRainbow Colors\u201d collection and supports early English language learning.\" \/>\r\n<meta property=\"og:url\" content=\"https:\/\/kedemoseducation.com\/fr\/product\/moyenne-section-anglais\/\" \/>\r\n<meta property=\"og:site_name\" content=\"Kedemos Education\" \/>\r\n<meta property=\"article:publisher\" content=\"https:\/\/www.facebook.com\/Kedemoseducation\" \/>\r\n<meta property=\"article:modified_time\" content=\"2026-02-20T08:26:40+00:00\" \/>\r\n<meta property=\"og:image\" content=\"https:\/\/kedemoseducation.com\/wp-content\/uploads\/2022\/05\/KG2.jpg\" \/>\r\n\t<meta property=\"og:image:width\" content=\"600\" \/>\r\n\t<meta property=\"og:image:height\" content=\"800\" \/>\r\n\t<meta property=\"og:image:type\" content=\"image\/jpeg\" \/>\r\n<meta name=\"twitter:card\" content=\"summary_large_image\" \/>\r\n<meta name=\"twitter:label1\" content=\"Dur\u00e9e de lecture estim\u00e9e\" \/>\n\t<meta name=\"twitter:data1\" content=\"2 minutes\" \/>\r\n<script type=\"application\/ld+json\" class=\"yoast-schema-graph\">{\"@context\":\"https:\/\/schema.org\",\"@graph\":[{\"@type\":\"WebPage\",\"@id\":\"https:\/\/kedemoseducation.com\/product\/moyenne-section-anglais\/\",\"url\":\"https:\/\/kedemoseducation.com\/product\/moyenne-section-anglais\/\",\"name\":\"KG2 Workbook - Kedemos Education\",\"isPartOf\":{\"@id\":\"https:\/\/kedemoseducation.com\/fr\/#website\"},\"primaryImageOfPage\":{\"@id\":\"https:\/\/kedemoseducation.com\/product\/moyenne-section-anglais\/#primaryimage\"},\"image\":{\"@id\":\"https:\/\/kedemoseducation.com\/product\/moyenne-section-anglais\/#primaryimage\"},\"thumbnailUrl\":\"https:\/\/i0.wp.com\/kedemoseducation.com\/wp-content\/uploads\/2022\/05\/KG2.jpg?fit=600%2C800&ssl=1\",\"datePublished\":\"2022-05-05T06:17:39+00:00\",\"dateModified\":\"2026-02-20T08:26:40+00:00\",\"description\":\"This English workbook for KG2 students is part of the \u201cRainbow Colors\u201d collection and supports early English language learning.\",\"breadcrumb\":{\"@id\":\"https:\/\/kedemoseducation.com\/product\/moyenne-section-anglais\/#breadcrumb\"},\"inLanguage\":\"fr-FR\",\"potentialAction\":[{\"@type\":\"ReadAction\",\"target\":[\"https:\/\/kedemoseducation.com\/product\/moyenne-section-anglais\/\"]}]},{\"@type\":\"ImageObject\",\"inLanguage\":\"fr-FR\",\"@id\":\"https:\/\/kedemoseducation.com\/product\/moyenne-section-anglais\/#primaryimage\",\"url\":\"https:\/\/i0.wp.com\/kedemoseducation.com\/wp-content\/uploads\/2022\/05\/KG2.jpg?fit=600%2C800&ssl=1\",\"contentUrl\":\"https:\/\/i0.wp.com\/kedemoseducation.com\/wp-content\/uploads\/2022\/05\/KG2.jpg?fit=600%2C800&ssl=1\",\"width\":600,\"height\":800,\"caption\":\"Rainbow Colors - KG2 Workbook\"},{\"@type\":\"BreadcrumbList\",\"@id\":\"https:\/\/kedemoseducation.com\/product\/moyenne-section-anglais\/#breadcrumb\",\"itemListElement\":[{\"@type\":\"ListItem\",\"position\":1,\"name\":\"Home\",\"item\":\"https:\/\/kedemoseducation.com\/\"},{\"@type\":\"ListItem\",\"position\":2,\"name\":\"All Products\",\"item\":\"https:\/\/kedemoseducation.com\/fr\/shop-2\/tous-les-produits\/\"},{\"@type\":\"ListItem\",\"position\":3,\"name\":\"School Books\",\"item\":\"https:\/\/kedemoseducation.com\/fr\/categorie-de-produit\/manuels-scolaires\/\"},{\"@type\":\"ListItem\",\"position\":4,\"name\":\"KG2 Workbook &#8211; English\"}]},{\"@type\":\"WebSite\",\"@id\":\"https:\/\/kedemoseducation.com\/fr\/#website\",\"url\":\"https:\/\/kedemoseducation.com\/fr\/\",\"name\":\"Kedemos Education\",\"description\":\"The Pleasure of Learning\",\"publisher\":{\"@id\":\"https:\/\/kedemoseducation.com\/fr\/#organization\"},\"potentialAction\":[{\"@type\":\"SearchAction\",\"target\":{\"@type\":\"EntryPoint\",\"urlTemplate\":\"https:\/\/kedemoseducation.com\/fr\/?s={search_term_string}\"},\"query-input\":{\"@type\":\"PropertyValueSpecification\",\"valueRequired\":true,\"valueName\":\"search_term_string\"}}],\"inLanguage\":\"fr-FR\"},{\"@type\":\"Organization\",\"@id\":\"https:\/\/kedemoseducation.com\/fr\/#organization\",\"name\":\"Kedemos Education\",\"url\":\"https:\/\/kedemoseducation.com\/fr\/\",\"logo\":{\"@type\":\"ImageObject\",\"inLanguage\":\"fr-FR\",\"@id\":\"https:\/\/kedemoseducation.com\/fr\/#\/schema\/logo\/image\/\",\"url\":\"https:\/\/kedemoseducation.com\/wp-content\/uploads\/2023\/06\/logo-kedemos-education.png\",\"contentUrl\":\"https:\/\/kedemoseducation.com\/wp-content\/uploads\/2023\/06\/logo-kedemos-education.png\",\"width\":2362,\"height\":903,\"caption\":\"Kedemos Education\"},\"image\":{\"@id\":\"https:\/\/kedemoseducation.com\/fr\/#\/schema\/logo\/image\/\"},\"sameAs\":[\"https:\/\/www.facebook.com\/Kedemoseducation\",\"https:\/\/www.instagram.com\/kedemoseducation\/\",\"https:\/\/www.linkedin.com\/company\/kedemos-education\/\"]}]}<\/script>\r\n<!-- \/ Yoast SEO plugin. -->","yoast_head_json":{"title":"Fichier-\u00e9l\u00e8ve Moyenne Section - K\u00e9d\u00e9mos Education","description":"Le fichier MS (KG2) de la collection \u00ab Rainbow Colors \u00bb propose des activit\u00e9s ludiques pour d\u00e9velopper les bases de l\u2019anglais.","robots":{"index":"index","follow":"follow","max-snippet":"max-snippet:-1","max-image-preview":"max-image-preview:large","max-video-preview":"max-video-preview:-1"},"canonical":"https:\/\/kedemoseducation.com\/fr\/product\/moyenne-section-anglais\/","og_locale":"fr_FR","og_type":"article","og_title":"KG2 Workbook - Kedemos Education","og_description":"This English workbook for KG2 students is part of the \u201cRainbow Colors\u201d collection and supports early English language learning.","og_url":"https:\/\/kedemoseducation.com\/fr\/product\/moyenne-section-anglais\/","og_site_name":"Kedemos Education","article_publisher":"https:\/\/www.facebook.com\/Kedemoseducation","article_modified_time":"2026-02-20T08:26:40+00:00","og_image":[{"width":600,"height":800,"url":"https:\/\/kedemoseducation.com\/wp-content\/uploads\/2022\/05\/KG2.jpg","type":"image\/jpeg"}],"twitter_card":"summary_large_image","twitter_misc":{"Dur\u00e9e de lecture estim\u00e9e":"2 minutes"},"schema":{"@context":"https:\/\/schema.org","@graph":[{"@type":"WebPage","@id":"https:\/\/kedemoseducation.com\/product\/moyenne-section-anglais\/","url":"https:\/\/kedemoseducation.com\/product\/moyenne-section-anglais\/","name":"Fichier-\u00e9l\u00e8ve Moyenne Section - K\u00e9d\u00e9mos Education","isPartOf":{"@id":"https:\/\/kedemoseducation.com\/fr\/#website"},"primaryImageOfPage":{"@id":"https:\/\/kedemoseducation.com\/product\/moyenne-section-anglais\/#primaryimage"},"image":{"@id":"https:\/\/kedemoseducation.com\/product\/moyenne-section-anglais\/#primaryimage"},"thumbnailUrl":"https:\/\/i0.wp.com\/kedemoseducation.com\/wp-content\/uploads\/2022\/05\/KG2.jpg?fit=600%2C800&ssl=1","datePublished":"2022-05-05T06:17:39+00:00","dateModified":"2026-02-20T08:26:40+00:00","description":"Le fichier MS (KG2) de la collection \u00ab Rainbow Colors \u00bb propose des activit\u00e9s ludiques pour d\u00e9velopper les bases de l\u2019anglais.","breadcrumb":{"@id":"https:\/\/kedemoseducation.com\/product\/moyenne-section-anglais\/#breadcrumb"},"inLanguage":"fr-FR","potentialAction":[{"@type":"ReadAction","target":["https:\/\/kedemoseducation.com\/product\/moyenne-section-anglais\/"]}]},{"@type":"ImageObject","inLanguage":"fr-FR","@id":"https:\/\/kedemoseducation.com\/product\/moyenne-section-anglais\/#primaryimage","url":"https:\/\/i0.wp.com\/kedemoseducation.com\/wp-content\/uploads\/2022\/05\/KG2.jpg?fit=600%2C800&ssl=1","contentUrl":"https:\/\/i0.wp.com\/kedemoseducation.com\/wp-content\/uploads\/2022\/05\/KG2.jpg?fit=600%2C800&ssl=1","width":600,"height":800,"caption":"Rainbow Colors - KG2 Workbook"},{"@type":"BreadcrumbList","@id":"https:\/\/kedemoseducation.com\/product\/moyenne-section-anglais\/#breadcrumb","itemListElement":[{"@type":"ListItem","position":1,"name":"Home","item":"https:\/\/kedemoseducation.com\/"},{"@type":"ListItem","position":2,"name":"All Products","item":"https:\/\/kedemoseducation.com\/fr\/shop-2\/tous-les-produits\/"},{"@type":"ListItem","position":3,"name":"School Books","item":"https:\/\/kedemoseducation.com\/fr\/categorie-de-produit\/manuels-scolaires\/"},{"@type":"ListItem","position":4,"name":"KG2 Workbook &#8211; English"}]},{"@type":"WebSite","@id":"https:\/\/kedemoseducation.com\/fr\/#website","url":"https:\/\/kedemoseducation.com\/fr\/","name":"K\u00e9d\u00e9mos Education","description":"Le plaisir d'apprendre","publisher":{"@id":"https:\/\/kedemoseducation.com\/fr\/#organization"},"potentialAction":[{"@type":"SearchAction","target":{"@type":"EntryPoint","urlTemplate":"https:\/\/kedemoseducation.com\/fr\/?s={search_term_string}"},"query-input":{"@type":"PropertyValueSpecification","valueRequired":true,"valueName":"search_term_string"}}],"inLanguage":"fr-FR"},{"@type":"Organization","@id":"https:\/\/kedemoseducation.com\/fr\/#organization","name":"K\u00e9d\u00e9mos Education","url":"https:\/\/kedemoseducation.com\/fr\/","logo":{"@type":"ImageObject","inLanguage":"fr-FR","@id":"https:\/\/kedemoseducation.com\/fr\/#\/schema\/logo\/image\/","url":"https:\/\/kedemoseducation.com\/wp-content\/uploads\/2023\/06\/logo-kedemos-education.png","contentUrl":"https:\/\/kedemoseducation.com\/wp-content\/uploads\/2023\/06\/logo-kedemos-education.png","width":2362,"height":903,"caption":"Kedemos Education"},"image":{"@id":"https:\/\/kedemoseducation.com\/fr\/#\/schema\/logo\/image\/"},"sameAs":["https:\/\/www.facebook.com\/Kedemoseducation","https:\/\/www.instagram.com\/kedemoseducation\/","https:\/\/www.linkedin.com\/company\/kedemos-education\/"]}]}},"jetpack_sharing_enabled":true,"_links":{"self":[{"href":"https:\/\/kedemoseducation.com\/fr\/wp-json\/wp\/v2\/product\/237","targetHints":{"allow":["GET"]}}],"collection":[{"href":"https:\/\/kedemoseducation.com\/fr\/wp-json\/wp\/v2\/product"}],"about":[{"href":"https:\/\/kedemoseducation.com\/fr\/wp-json\/wp\/v2\/types\/product"}],"replies":[{"embeddable":true,"href":"https:\/\/kedemoseducation.com\/fr\/wp-json\/wp\/v2\/comments?post=237"}],"wp:featuredmedia":[{"embeddable":true,"href":"https:\/\/kedemoseducation.com\/fr\/wp-json\/wp\/v2\/media\/7316"}],"wp:attachment":[{"href":"https:\/\/kedemoseducation.com\/fr\/wp-json\/wp\/v2\/media?parent=237"}],"wp:term":[{"taxonomy":"product_brand","embeddable":true,"href":"https:\/\/kedemoseducation.com\/fr\/wp-json\/wp\/v2\/product_brand?post=237"},{"taxonomy":"product_cat","embeddable":true,"href":"https:\/\/kedemoseducation.com\/fr\/wp-json\/wp\/v2\/product_cat?post=237"},{"taxonomy":"product_tag","embeddable":true,"href":"https:\/\/kedemoseducation.com\/fr\/wp-json\/wp\/v2\/product_tag?post=237"}],"curies":[{"name":"wp","href":"https:\/\/api.w.org\/{rel}","templated":true}]}}