{"id":236,"date":"2022-05-05T06:17:38","date_gmt":"2022-05-05T06:17:38","guid":{"rendered":"https:\/\/eshop.classperts.com\/?post_type=product&#038;p=236"},"modified":"2026-02-20T14:58:40","modified_gmt":"2026-02-20T12:58:40","slug":"kg3-reading-textbook-rainbow-colors","status":"publish","type":"product","link":"https:\/\/kedemoseducation.com\/fr\/product\/grande-section-livre-de-lecture-rainbow-colors\/","title":{"rendered":"Grande Section - Livre de Lecture"},"content":{"rendered":"<h1>Rainbow Colors - Livre de lecture GS (KG3)<\/h1>\n<h2><strong>Pr\u00e9sentation de la m\u00e9thode GS Language - Rainbow<\/strong><\/h2>\n<p>Le livre de langage (\u00ab Language \u00bb) fait partie de la collection \u00ab Rainbow Colors \u00bb. Destin\u00e9 \u00e0 la Grande Section (GS - KG3), il s'int\u00e8gre dans une m\u00e9thode compl\u00e8te d\u2019apprentissage des bases de l\u2019anglais.<\/p>\n<p>La collection Rainbow Colors pour la Grande Section comprend les quatre manuels suivants : un livre de \u00ab Reading \u00bb (lecture), un <a href=\"https:\/\/kedemoseducation.com\/fr\/product\/grande-section-livre-de-langage-rainbow-colors\/\">livre de \u00ab Language \u00bb (langage)<\/a>, d'un <a href=\"https:\/\/kedemoseducation.com\/fr\/product\/grande-section-livre-dentrainement-rainbow-colors\/\">livre de \u00ab Practice \u00bb (entra\u00eenement)<\/a><span> et un <\/span> <a href=\"https:\/\/kedemoseducation.com\/fr\/product\/grande-section-cahier-decriture-rainbow-colors\/\">cahier de \u00ab Handwriting \u00bb (\u00e9criture)<\/a>.<\/p>\n<p>Le livre de lecture suit une progression claire et logique. Il pr\u00e9sente des situations et de courtes histoires pour apprendre aux enfants \u00e0 lire. Vous y trouverez \u00e9galement des fiches d'\u00e9valuation des acquisitions.<\/p>\n<p>La m\u00e9thode Rainbow Colors pour la Grande Section (KG3) contient aussi :<\/p>\n<ul>\n<li aria-level=\"1\">un livre avec <a href=\"https:\/\/kedemoseducation.com\/fr\/product-category\/storybooks-for-children\/english-stories\/12-adventure-stories\/\">12 contes<\/a>, chacun introduisant un th\u00e8me diff\u00e9rent. Ces contes permettent de contextualiser l\u2019apprentissage de la langue et de le rendre plus motivant pour les \u00e9l\u00e8ves.<\/li>\n<li aria-level=\"1\">Les paroles des chansons et des comptines, permettant de partager des moments de complicit\u00e9 et de joie tout en d\u00e9veloppant les comp\u00e9tences linguistiques.<\/li>\n<li aria-level=\"1\">Des enregistrements audio des contes, des chansons et des comptines, offrant un soutien auditif \u00e0 l\u2019apprentissage de la langue. Gr\u00e2ce \u00e0 cette approche multisensorielle, les \u00e9l\u00e8ves d\u00e9veloppent leur compr\u00e9hension, am\u00e9liorent leur prononciation et renforcent leurs comp\u00e9tences linguistiques globales.<\/li>\n<\/ul>\n<p>Enfin, l'enfant dispose d\u2019un code QR int\u00e9gr\u00e9 \u00e0 son livre de langage de Grande Section (KG3). Il pourra ainsi \u00e9couter :<\/p>\n<ul>\n<li aria-level=\"1\">Les contes.<\/li>\n<li aria-level=\"1\">Les chansons.<\/li>\n<li aria-level=\"1\">Les comptines.<\/li>\n<li aria-level=\"1\">Les dialogues.<\/li>\n<\/ul>","protected":false},"excerpt":{"rendered":"<p>La collection \u00ab Rainbow Colors \u00bb pour la Grande Section propose une m\u00e9thode structur\u00e9e et motivante pour l\u2019apprentissage de l\u2019anglais \u00e0 travers des activit\u00e9s vari\u00e9es de lecture et d\u2019expression orale.<\/p>\n<p>Ce livre est accompagn\u00e9 d\u2019un cahier de \u00ab Language \u00bb, d\u2019un cahier de \u00ab Practice \u00bb et d\u2019un cahier de \u00ab Handwriting \u00bb. Pour acc\u00e9der \u00e0 la collection compl\u00e8te \u00ab Rainbow Colors \u00bb pour la Grande section, veuillez cliquer <a href=\"https:\/\/kedemoseducation.com\/fr\/product-category\/school-books\/english\/kg3-rainbow-colors\/\">ici<\/a>.<\/p>","protected":false},"featured_media":7318,"comment_status":"closed","ping_status":"closed","template":"","meta":{"_monsterinsights_skip_tracking":false,"_monsterinsights_sitenote_active":false,"_monsterinsights_sitenote_note":"","_monsterinsights_sitenote_category":0},"product_brand":[],"product_cat":[16,47,43],"product_tag":[80,336,399],"class_list":{"0":"post-236","1":"product","2":"type-product","3":"status-publish","4":"has-post-thumbnail","6":"product_cat-school-books","7":"product_cat-kg3-rainbow-colors","8":"product_cat-english","9":"product_tag-kg3","10":"product_tag-reading-textbook","11":"product_tag-rainbow-colors","12":"pa_grade-kg3","14":"first","15":"instock","16":"shipping-taxable","17":"purchasable","18":"product-type-simple"},"yoast_head":"<!-- This site is optimized with the Yoast SEO plugin v26.4 - https:\/\/yoast.com\/wordpress\/plugins\/seo\/ -->\r\n<title>KG3 Reading Textbook - Kedemos Education<\/title>\r\n<meta name=\"description\" content=\"The KG3 Reading textbook from the \u201cRainbow Colors\u201d collection develops early reading skills through stories, songs, and audio support.\" \/>\r\n<meta name=\"robots\" content=\"index, follow, max-snippet:-1, max-image-preview:large, max-video-preview:-1\" \/>\r\n<link rel=\"canonical\" href=\"https:\/\/kedemoseducation.com\/fr\/product\/grande-section-livre-de-lecture-rainbow-colors\/\" \/>\r\n<meta property=\"og:locale\" content=\"fr_FR\" \/>\r\n<meta property=\"og:type\" content=\"article\" \/>\r\n<meta property=\"og:title\" content=\"KG3 Reading Textbook - Kedemos Education\" \/>\r\n<meta property=\"og:description\" content=\"The KG3 Reading textbook from the \u201cRainbow Colors\u201d collection develops early reading skills through stories, songs, and audio support.\" \/>\r\n<meta property=\"og:url\" content=\"https:\/\/kedemoseducation.com\/fr\/product\/grande-section-livre-de-lecture-rainbow-colors\/\" \/>\r\n<meta property=\"og:site_name\" content=\"Kedemos Education\" \/>\r\n<meta property=\"article:publisher\" content=\"https:\/\/www.facebook.com\/Kedemoseducation\" \/>\r\n<meta property=\"article:modified_time\" content=\"2026-02-20T12:58:40+00:00\" \/>\r\n<meta property=\"og:image\" content=\"https:\/\/kedemoseducation.com\/wp-content\/uploads\/2022\/05\/New-KG3-Reading-Rainbow.jpg\" \/>\r\n\t<meta property=\"og:image:width\" content=\"600\" \/>\r\n\t<meta property=\"og:image:height\" content=\"800\" \/>\r\n\t<meta property=\"og:image:type\" content=\"image\/jpeg\" \/>\r\n<meta name=\"twitter:card\" content=\"summary_large_image\" \/>\r\n<meta name=\"twitter:label1\" content=\"Dur\u00e9e de lecture estim\u00e9e\" \/>\n\t<meta name=\"twitter:data1\" content=\"2 minutes\" \/>\r\n<script type=\"application\/ld+json\" class=\"yoast-schema-graph\">{\"@context\":\"https:\/\/schema.org\",\"@graph\":[{\"@type\":\"WebPage\",\"@id\":\"https:\/\/kedemoseducation.com\/product\/kg3-reading-textbook-rainbow-colors\/\",\"url\":\"https:\/\/kedemoseducation.com\/product\/kg3-reading-textbook-rainbow-colors\/\",\"name\":\"KG3 Reading Textbook - Kedemos Education\",\"isPartOf\":{\"@id\":\"https:\/\/kedemoseducation.com\/fr\/#website\"},\"primaryImageOfPage\":{\"@id\":\"https:\/\/kedemoseducation.com\/product\/kg3-reading-textbook-rainbow-colors\/#primaryimage\"},\"image\":{\"@id\":\"https:\/\/kedemoseducation.com\/product\/kg3-reading-textbook-rainbow-colors\/#primaryimage\"},\"thumbnailUrl\":\"https:\/\/i0.wp.com\/kedemoseducation.com\/wp-content\/uploads\/2022\/05\/New-KG3-Reading-Rainbow.jpg?fit=600%2C800&ssl=1\",\"datePublished\":\"2022-05-05T06:17:38+00:00\",\"dateModified\":\"2026-02-20T12:58:40+00:00\",\"description\":\"The KG3 Reading textbook from the \u201cRainbow Colors\u201d collection develops early reading skills through stories, songs, and audio support.\",\"breadcrumb\":{\"@id\":\"https:\/\/kedemoseducation.com\/product\/kg3-reading-textbook-rainbow-colors\/#breadcrumb\"},\"inLanguage\":\"fr-FR\",\"potentialAction\":[{\"@type\":\"ReadAction\",\"target\":[\"https:\/\/kedemoseducation.com\/product\/kg3-reading-textbook-rainbow-colors\/\"]}]},{\"@type\":\"ImageObject\",\"inLanguage\":\"fr-FR\",\"@id\":\"https:\/\/kedemoseducation.com\/product\/kg3-reading-textbook-rainbow-colors\/#primaryimage\",\"url\":\"https:\/\/i0.wp.com\/kedemoseducation.com\/wp-content\/uploads\/2022\/05\/New-KG3-Reading-Rainbow.jpg?fit=600%2C800&ssl=1\",\"contentUrl\":\"https:\/\/i0.wp.com\/kedemoseducation.com\/wp-content\/uploads\/2022\/05\/New-KG3-Reading-Rainbow.jpg?fit=600%2C800&ssl=1\",\"width\":600,\"height\":800,\"caption\":\"Rainbow - Reading KG3\"},{\"@type\":\"BreadcrumbList\",\"@id\":\"https:\/\/kedemoseducation.com\/product\/kg3-reading-textbook-rainbow-colors\/#breadcrumb\",\"itemListElement\":[{\"@type\":\"ListItem\",\"position\":1,\"name\":\"Home\",\"item\":\"https:\/\/kedemoseducation.com\/\"},{\"@type\":\"ListItem\",\"position\":2,\"name\":\"All Products\",\"item\":\"https:\/\/kedemoseducation.com\/fr\/shop-2\/tous-les-produits\/\"},{\"@type\":\"ListItem\",\"position\":3,\"name\":\"School Books\",\"item\":\"https:\/\/kedemoseducation.com\/fr\/categorie-de-produit\/manuels-scolaires\/\"},{\"@type\":\"ListItem\",\"position\":4,\"name\":\"KG3 &#8211; Reading Textbook\"}]},{\"@type\":\"WebSite\",\"@id\":\"https:\/\/kedemoseducation.com\/fr\/#website\",\"url\":\"https:\/\/kedemoseducation.com\/fr\/\",\"name\":\"Kedemos Education\",\"description\":\"The Pleasure of Learning\",\"publisher\":{\"@id\":\"https:\/\/kedemoseducation.com\/fr\/#organization\"},\"potentialAction\":[{\"@type\":\"SearchAction\",\"target\":{\"@type\":\"EntryPoint\",\"urlTemplate\":\"https:\/\/kedemoseducation.com\/fr\/?s={search_term_string}\"},\"query-input\":{\"@type\":\"PropertyValueSpecification\",\"valueRequired\":true,\"valueName\":\"search_term_string\"}}],\"inLanguage\":\"fr-FR\"},{\"@type\":\"Organization\",\"@id\":\"https:\/\/kedemoseducation.com\/fr\/#organization\",\"name\":\"Kedemos Education\",\"url\":\"https:\/\/kedemoseducation.com\/fr\/\",\"logo\":{\"@type\":\"ImageObject\",\"inLanguage\":\"fr-FR\",\"@id\":\"https:\/\/kedemoseducation.com\/fr\/#\/schema\/logo\/image\/\",\"url\":\"https:\/\/kedemoseducation.com\/wp-content\/uploads\/2023\/06\/logo-kedemos-education.png\",\"contentUrl\":\"https:\/\/kedemoseducation.com\/wp-content\/uploads\/2023\/06\/logo-kedemos-education.png\",\"width\":2362,\"height\":903,\"caption\":\"Kedemos Education\"},\"image\":{\"@id\":\"https:\/\/kedemoseducation.com\/fr\/#\/schema\/logo\/image\/\"},\"sameAs\":[\"https:\/\/www.facebook.com\/Kedemoseducation\",\"https:\/\/www.instagram.com\/kedemoseducation\/\",\"https:\/\/www.linkedin.com\/company\/kedemos-education\/\"]}]}<\/script>\r\n<!-- \/ Yoast SEO plugin. -->","yoast_head_json":{"title":"Grande Section - Livre de Lecture - K\u00e9d\u00e9mos Education","description":"Le livre de lecture GS (KG3) de la collection \u00ab Rainbow Colors \u00bb d\u00e9veloppe l\u2019expression orale et le vocabulaire en anglais.","robots":{"index":"index","follow":"follow","max-snippet":"max-snippet:-1","max-image-preview":"max-image-preview:large","max-video-preview":"max-video-preview:-1"},"canonical":"https:\/\/kedemoseducation.com\/fr\/product\/grande-section-livre-de-lecture-rainbow-colors\/","og_locale":"fr_FR","og_type":"article","og_title":"KG3 Reading Textbook - Kedemos Education","og_description":"The KG3 Reading textbook from the \u201cRainbow Colors\u201d collection develops early reading skills through stories, songs, and audio support.","og_url":"https:\/\/kedemoseducation.com\/fr\/product\/grande-section-livre-de-lecture-rainbow-colors\/","og_site_name":"Kedemos Education","article_publisher":"https:\/\/www.facebook.com\/Kedemoseducation","article_modified_time":"2026-02-20T12:58:40+00:00","og_image":[{"width":600,"height":800,"url":"https:\/\/kedemoseducation.com\/wp-content\/uploads\/2022\/05\/New-KG3-Reading-Rainbow.jpg","type":"image\/jpeg"}],"twitter_card":"summary_large_image","twitter_misc":{"Dur\u00e9e de lecture estim\u00e9e":"2 minutes"},"schema":{"@context":"https:\/\/schema.org","@graph":[{"@type":"WebPage","@id":"https:\/\/kedemoseducation.com\/product\/kg3-reading-textbook-rainbow-colors\/","url":"https:\/\/kedemoseducation.com\/product\/kg3-reading-textbook-rainbow-colors\/","name":"Grande Section - Livre de Lecture - K\u00e9d\u00e9mos Education","isPartOf":{"@id":"https:\/\/kedemoseducation.com\/fr\/#website"},"primaryImageOfPage":{"@id":"https:\/\/kedemoseducation.com\/product\/kg3-reading-textbook-rainbow-colors\/#primaryimage"},"image":{"@id":"https:\/\/kedemoseducation.com\/product\/kg3-reading-textbook-rainbow-colors\/#primaryimage"},"thumbnailUrl":"https:\/\/i0.wp.com\/kedemoseducation.com\/wp-content\/uploads\/2022\/05\/New-KG3-Reading-Rainbow.jpg?fit=600%2C800&ssl=1","datePublished":"2022-05-05T06:17:38+00:00","dateModified":"2026-02-20T12:58:40+00:00","description":"Le livre de lecture GS (KG3) de la collection \u00ab Rainbow Colors \u00bb d\u00e9veloppe l\u2019expression orale et le vocabulaire en anglais.","breadcrumb":{"@id":"https:\/\/kedemoseducation.com\/product\/kg3-reading-textbook-rainbow-colors\/#breadcrumb"},"inLanguage":"fr-FR","potentialAction":[{"@type":"ReadAction","target":["https:\/\/kedemoseducation.com\/product\/kg3-reading-textbook-rainbow-colors\/"]}]},{"@type":"ImageObject","inLanguage":"fr-FR","@id":"https:\/\/kedemoseducation.com\/product\/kg3-reading-textbook-rainbow-colors\/#primaryimage","url":"https:\/\/i0.wp.com\/kedemoseducation.com\/wp-content\/uploads\/2022\/05\/New-KG3-Reading-Rainbow.jpg?fit=600%2C800&ssl=1","contentUrl":"https:\/\/i0.wp.com\/kedemoseducation.com\/wp-content\/uploads\/2022\/05\/New-KG3-Reading-Rainbow.jpg?fit=600%2C800&ssl=1","width":600,"height":800,"caption":"Rainbow - Reading KG3"},{"@type":"BreadcrumbList","@id":"https:\/\/kedemoseducation.com\/product\/kg3-reading-textbook-rainbow-colors\/#breadcrumb","itemListElement":[{"@type":"ListItem","position":1,"name":"Home","item":"https:\/\/kedemoseducation.com\/"},{"@type":"ListItem","position":2,"name":"All Products","item":"https:\/\/kedemoseducation.com\/fr\/shop-2\/tous-les-produits\/"},{"@type":"ListItem","position":3,"name":"School Books","item":"https:\/\/kedemoseducation.com\/fr\/categorie-de-produit\/manuels-scolaires\/"},{"@type":"ListItem","position":4,"name":"KG3 &#8211; Reading Textbook"}]},{"@type":"WebSite","@id":"https:\/\/kedemoseducation.com\/fr\/#website","url":"https:\/\/kedemoseducation.com\/fr\/","name":"K\u00e9d\u00e9mos Education","description":"Le plaisir d'apprendre","publisher":{"@id":"https:\/\/kedemoseducation.com\/fr\/#organization"},"potentialAction":[{"@type":"SearchAction","target":{"@type":"EntryPoint","urlTemplate":"https:\/\/kedemoseducation.com\/fr\/?s={search_term_string}"},"query-input":{"@type":"PropertyValueSpecification","valueRequired":true,"valueName":"search_term_string"}}],"inLanguage":"fr-FR"},{"@type":"Organization","@id":"https:\/\/kedemoseducation.com\/fr\/#organization","name":"K\u00e9d\u00e9mos Education","url":"https:\/\/kedemoseducation.com\/fr\/","logo":{"@type":"ImageObject","inLanguage":"fr-FR","@id":"https:\/\/kedemoseducation.com\/fr\/#\/schema\/logo\/image\/","url":"https:\/\/kedemoseducation.com\/wp-content\/uploads\/2023\/06\/logo-kedemos-education.png","contentUrl":"https:\/\/kedemoseducation.com\/wp-content\/uploads\/2023\/06\/logo-kedemos-education.png","width":2362,"height":903,"caption":"Kedemos Education"},"image":{"@id":"https:\/\/kedemoseducation.com\/fr\/#\/schema\/logo\/image\/"},"sameAs":["https:\/\/www.facebook.com\/Kedemoseducation","https:\/\/www.instagram.com\/kedemoseducation\/","https:\/\/www.linkedin.com\/company\/kedemos-education\/"]}]}},"jetpack_sharing_enabled":true,"_links":{"self":[{"href":"https:\/\/kedemoseducation.com\/fr\/wp-json\/wp\/v2\/product\/236","targetHints":{"allow":["GET"]}}],"collection":[{"href":"https:\/\/kedemoseducation.com\/fr\/wp-json\/wp\/v2\/product"}],"about":[{"href":"https:\/\/kedemoseducation.com\/fr\/wp-json\/wp\/v2\/types\/product"}],"replies":[{"embeddable":true,"href":"https:\/\/kedemoseducation.com\/fr\/wp-json\/wp\/v2\/comments?post=236"}],"wp:featuredmedia":[{"embeddable":true,"href":"https:\/\/kedemoseducation.com\/fr\/wp-json\/wp\/v2\/media\/7318"}],"wp:attachment":[{"href":"https:\/\/kedemoseducation.com\/fr\/wp-json\/wp\/v2\/media?parent=236"}],"wp:term":[{"taxonomy":"product_brand","embeddable":true,"href":"https:\/\/kedemoseducation.com\/fr\/wp-json\/wp\/v2\/product_brand?post=236"},{"taxonomy":"product_cat","embeddable":true,"href":"https:\/\/kedemoseducation.com\/fr\/wp-json\/wp\/v2\/product_cat?post=236"},{"taxonomy":"product_tag","embeddable":true,"href":"https:\/\/kedemoseducation.com\/fr\/wp-json\/wp\/v2\/product_tag?post=236"}],"curies":[{"name":"wp","href":"https:\/\/api.w.org\/{rel}","templated":true}]}}