{"id":233,"date":"2022-05-05T06:17:36","date_gmt":"2022-05-05T06:17:36","guid":{"rendered":"https:\/\/eshop.classperts.com\/?post_type=product&#038;p=233"},"modified":"2026-02-20T11:17:05","modified_gmt":"2026-02-20T09:17:05","slug":"kg3-english-math-book-rainbow","status":"publish","type":"product","link":"https:\/\/kedemoseducation.com\/fr\/product\/grande-section-manuel-de-maths-anglais-rainbow\/","title":{"rendered":"Grande Section - Manuel de Maths Anglais"},"content":{"rendered":"<h1>Manuel de Maths Anglais GS - Rainbow Colors<\/h1>\n<h2><strong>Pr\u00e9sentation de la m\u00e9thode KG3 Maths<\/strong><\/h2>\n<p>Le pr\u00e9sent livre de math\u00e9matiques fait partie de la collection \u00ab Rainbow Colors \u00bb. Il prolonge les manuels et les fiches de math\u00e9matiques de la <a href=\"https:\/\/kedemoseducation.com\/fr\/product\/fichier-petite-section-anglais-rainbow-colors\/\">Petite Section <\/a>et <a href=\"https:\/\/kedemoseducation.com\/fr\/product\/fichier-moyenne-section-rainbow-colors\/\">Moyenne Section<\/a> au cours desquelles les enfants ont acquis les concepts math\u00e9matiques de base et d\u00e9velopp\u00e9 les premi\u00e8res comp\u00e9tences de pr\u00e9paration aux math\u00e9matiques (math readiness).<\/p>\n<p>On retrouve dans le livre de Maths pour la GS toutes les notions apprises au cours des deux ann\u00e9es pr\u00e9c\u00e9dentes. Cette reprise permet aux enfants de revoir ce qu'ils ont sans doute oubli\u00e9 pendant les vacances d'\u00e9t\u00e9<\/p>\n<p>Par ailleurs, ce manuel offre aux \u00e9l\u00e8ves une base solide et structur\u00e9e. \u00c0 travers des activit\u00e9s vari\u00e9es, ils apprennent \u00e0 observer, calculer, r\u00e9fl\u00e9chir, analyser, reconna\u00eetre, distinguer, int\u00e9grer, comparer, classer et compter. Par cons\u00e9quent, cette d\u00e9marche renforce leur capacit\u00e9 \u00e0 synth\u00e9tiser les informations, \u00e0 affiner leur sens de l\u2019observation et \u00e0 d\u00e9velopper leur raisonnement logique.<\/p>\n<p>Chaque page de ce livre pr\u00e9sente :<\/p>\n<ul>\n<li aria-level=\"1\">L\u2019objectif, clairement indiqu\u00e9 dans l\u2019encadr\u00e9 situ\u00e9 en haut de la page.<\/li>\n<li aria-level=\"1\">Une progression d\u2019exercices allant du plus simple au plus complexe.<\/li>\n<li aria-level=\"1\">Des activit\u00e9s compl\u00e9mentaires pr\u00e9sent\u00e9es dans des encadr\u00e9s au bas de la page.<\/li>\n<\/ul>\n<p>Ainsi, les enfants apprennent tout en prenant plaisir \u00e0 travailler. En outre, en avan\u00e7ant \u00e0 leur propre rythme, ils tirent pleinement profit de ce manuel.<\/p>","protected":false},"excerpt":{"rendered":"<p><span style=\"font-weight: 400;\">Le manuel de maths de la collection Rainbow Colors pour la Grande Section (KG3) constitue une suite naturelle des acquis en Moyenne Section (KG2).<\/span><\/p>\n<p><span style=\"font-weight: 400;\">Vous y trouverez une approche originale, bas\u00e9e sur une \u00e9troite compl\u00e9mentarit\u00e9 entre l\u2019apprentissage de l'anglais et celui des maths : m\u00eames illustrations et m\u00eame lexique que dans le manuel de lecture pour en assurer une meilleure fixation.<\/span><\/p>","protected":false},"featured_media":7330,"comment_status":"closed","ping_status":"closed","template":"","meta":{"_monsterinsights_skip_tracking":false,"_monsterinsights_sitenote_active":false,"_monsterinsights_sitenote_note":"","_monsterinsights_sitenote_category":0},"product_brand":[],"product_cat":[127,16,126,47],"product_tag":[340,80,90],"class_list":{"0":"post-233","1":"product","2":"type-product","3":"status-publish","4":"has-post-thumbnail","6":"product_cat-english-math","7":"product_cat-school-books","8":"product_cat-math","9":"product_cat-kg3-rainbow-colors","10":"product_tag-math-book","11":"product_tag-kg3","12":"product_tag-rainbow","13":"pa_grade-kg3","15":"first","16":"instock","17":"shipping-taxable","18":"purchasable","19":"product-type-simple"},"yoast_head":"<!-- This site is optimized with the Yoast SEO plugin v26.4 - https:\/\/yoast.com\/wordpress\/plugins\/seo\/ -->\r\n<title>KG3 English Math Book - Kedemos Education<\/title>\r\n<meta name=\"description\" content=\"This KG3 English Math book from the \u201cRainbow Colors\u201d collection reinforces early math concepts while supporting English learning.\" \/>\r\n<meta name=\"robots\" content=\"index, follow, max-snippet:-1, max-image-preview:large, max-video-preview:-1\" \/>\r\n<link rel=\"canonical\" href=\"https:\/\/kedemoseducation.com\/fr\/product\/grande-section-manuel-de-maths-anglais-rainbow\/\" \/>\r\n<meta property=\"og:locale\" content=\"fr_FR\" \/>\r\n<meta property=\"og:type\" content=\"article\" \/>\r\n<meta property=\"og:title\" content=\"KG3 English Math Book - Kedemos Education\" \/>\r\n<meta property=\"og:description\" content=\"This KG3 English Math book from the \u201cRainbow Colors\u201d collection reinforces early math concepts while supporting English learning.\" \/>\r\n<meta property=\"og:url\" content=\"https:\/\/kedemoseducation.com\/fr\/product\/grande-section-manuel-de-maths-anglais-rainbow\/\" \/>\r\n<meta property=\"og:site_name\" content=\"Kedemos Education\" \/>\r\n<meta property=\"article:publisher\" content=\"https:\/\/www.facebook.com\/Kedemoseducation\" \/>\r\n<meta property=\"article:modified_time\" content=\"2026-02-20T09:17:05+00:00\" \/>\r\n<meta property=\"og:image\" content=\"https:\/\/kedemoseducation.com\/wp-content\/uploads\/2022\/05\/Maths-KG3.jpg\" \/>\r\n\t<meta property=\"og:image:width\" content=\"600\" \/>\r\n\t<meta property=\"og:image:height\" content=\"800\" \/>\r\n\t<meta property=\"og:image:type\" content=\"image\/jpeg\" \/>\r\n<meta name=\"twitter:card\" content=\"summary_large_image\" \/>\r\n<meta name=\"twitter:label1\" content=\"Dur\u00e9e de lecture estim\u00e9e\" \/>\n\t<meta name=\"twitter:data1\" content=\"2 minutes\" \/>\r\n<script type=\"application\/ld+json\" class=\"yoast-schema-graph\">{\"@context\":\"https:\/\/schema.org\",\"@graph\":[{\"@type\":\"WebPage\",\"@id\":\"https:\/\/kedemoseducation.com\/product\/kg3-english-math-book-rainbow\/\",\"url\":\"https:\/\/kedemoseducation.com\/product\/kg3-english-math-book-rainbow\/\",\"name\":\"KG3 English Math Book - Kedemos Education\",\"isPartOf\":{\"@id\":\"https:\/\/kedemoseducation.com\/fr\/#website\"},\"primaryImageOfPage\":{\"@id\":\"https:\/\/kedemoseducation.com\/product\/kg3-english-math-book-rainbow\/#primaryimage\"},\"image\":{\"@id\":\"https:\/\/kedemoseducation.com\/product\/kg3-english-math-book-rainbow\/#primaryimage\"},\"thumbnailUrl\":\"https:\/\/i0.wp.com\/kedemoseducation.com\/wp-content\/uploads\/2022\/05\/Maths-KG3.jpg?fit=600%2C800&ssl=1\",\"datePublished\":\"2022-05-05T06:17:36+00:00\",\"dateModified\":\"2026-02-20T09:17:05+00:00\",\"description\":\"This KG3 English Math book from the \u201cRainbow Colors\u201d collection reinforces early math concepts while supporting English learning.\",\"breadcrumb\":{\"@id\":\"https:\/\/kedemoseducation.com\/product\/kg3-english-math-book-rainbow\/#breadcrumb\"},\"inLanguage\":\"fr-FR\",\"potentialAction\":[{\"@type\":\"ReadAction\",\"target\":[\"https:\/\/kedemoseducation.com\/product\/kg3-english-math-book-rainbow\/\"]}]},{\"@type\":\"ImageObject\",\"inLanguage\":\"fr-FR\",\"@id\":\"https:\/\/kedemoseducation.com\/product\/kg3-english-math-book-rainbow\/#primaryimage\",\"url\":\"https:\/\/i0.wp.com\/kedemoseducation.com\/wp-content\/uploads\/2022\/05\/Maths-KG3.jpg?fit=600%2C800&ssl=1\",\"contentUrl\":\"https:\/\/i0.wp.com\/kedemoseducation.com\/wp-content\/uploads\/2022\/05\/Maths-KG3.jpg?fit=600%2C800&ssl=1\",\"width\":600,\"height\":800,\"caption\":\"Rainbow - Math KG3\"},{\"@type\":\"BreadcrumbList\",\"@id\":\"https:\/\/kedemoseducation.com\/product\/kg3-english-math-book-rainbow\/#breadcrumb\",\"itemListElement\":[{\"@type\":\"ListItem\",\"position\":1,\"name\":\"Home\",\"item\":\"https:\/\/kedemoseducation.com\/\"},{\"@type\":\"ListItem\",\"position\":2,\"name\":\"All Products\",\"item\":\"https:\/\/kedemoseducation.com\/fr\/shop-2\/tous-les-produits\/\"},{\"@type\":\"ListItem\",\"position\":3,\"name\":\"School Books\",\"item\":\"https:\/\/kedemoseducation.com\/fr\/categorie-de-produit\/manuels-scolaires\/\"},{\"@type\":\"ListItem\",\"position\":4,\"name\":\"KG3 &#8211; English Math Book\"}]},{\"@type\":\"WebSite\",\"@id\":\"https:\/\/kedemoseducation.com\/fr\/#website\",\"url\":\"https:\/\/kedemoseducation.com\/fr\/\",\"name\":\"Kedemos Education\",\"description\":\"The Pleasure of Learning\",\"publisher\":{\"@id\":\"https:\/\/kedemoseducation.com\/fr\/#organization\"},\"potentialAction\":[{\"@type\":\"SearchAction\",\"target\":{\"@type\":\"EntryPoint\",\"urlTemplate\":\"https:\/\/kedemoseducation.com\/fr\/?s={search_term_string}\"},\"query-input\":{\"@type\":\"PropertyValueSpecification\",\"valueRequired\":true,\"valueName\":\"search_term_string\"}}],\"inLanguage\":\"fr-FR\"},{\"@type\":\"Organization\",\"@id\":\"https:\/\/kedemoseducation.com\/fr\/#organization\",\"name\":\"Kedemos Education\",\"url\":\"https:\/\/kedemoseducation.com\/fr\/\",\"logo\":{\"@type\":\"ImageObject\",\"inLanguage\":\"fr-FR\",\"@id\":\"https:\/\/kedemoseducation.com\/fr\/#\/schema\/logo\/image\/\",\"url\":\"https:\/\/kedemoseducation.com\/wp-content\/uploads\/2023\/06\/logo-kedemos-education.png\",\"contentUrl\":\"https:\/\/kedemoseducation.com\/wp-content\/uploads\/2023\/06\/logo-kedemos-education.png\",\"width\":2362,\"height\":903,\"caption\":\"Kedemos Education\"},\"image\":{\"@id\":\"https:\/\/kedemoseducation.com\/fr\/#\/schema\/logo\/image\/\"},\"sameAs\":[\"https:\/\/www.facebook.com\/Kedemoseducation\",\"https:\/\/www.instagram.com\/kedemoseducation\/\",\"https:\/\/www.linkedin.com\/company\/kedemos-education\/\"]}]}<\/script>\r\n<!-- \/ Yoast SEO plugin. -->","yoast_head_json":{"title":"Grande Section Manuel de Maths - K\u00e9d\u00e9mos Education","description":"Le livre de maths pour la Grande Section (KG3) de la collection Rainbow Colors d\u00e9veloppe les concepts de base et s'int\u00e8gre \u00e0 une m\u00e9thode d'apprentissage de l\u2019anglais.","robots":{"index":"index","follow":"follow","max-snippet":"max-snippet:-1","max-image-preview":"max-image-preview:large","max-video-preview":"max-video-preview:-1"},"canonical":"https:\/\/kedemoseducation.com\/fr\/product\/grande-section-manuel-de-maths-anglais-rainbow\/","og_locale":"fr_FR","og_type":"article","og_title":"KG3 English Math Book - Kedemos Education","og_description":"This KG3 English Math book from the \u201cRainbow Colors\u201d collection reinforces early math concepts while supporting English learning.","og_url":"https:\/\/kedemoseducation.com\/fr\/product\/grande-section-manuel-de-maths-anglais-rainbow\/","og_site_name":"Kedemos Education","article_publisher":"https:\/\/www.facebook.com\/Kedemoseducation","article_modified_time":"2026-02-20T09:17:05+00:00","og_image":[{"width":600,"height":800,"url":"https:\/\/kedemoseducation.com\/wp-content\/uploads\/2022\/05\/Maths-KG3.jpg","type":"image\/jpeg"}],"twitter_card":"summary_large_image","twitter_misc":{"Dur\u00e9e de lecture estim\u00e9e":"2 minutes"},"schema":{"@context":"https:\/\/schema.org","@graph":[{"@type":"WebPage","@id":"https:\/\/kedemoseducation.com\/product\/kg3-english-math-book-rainbow\/","url":"https:\/\/kedemoseducation.com\/product\/kg3-english-math-book-rainbow\/","name":"Grande Section Manuel de Maths - K\u00e9d\u00e9mos Education","isPartOf":{"@id":"https:\/\/kedemoseducation.com\/fr\/#website"},"primaryImageOfPage":{"@id":"https:\/\/kedemoseducation.com\/product\/kg3-english-math-book-rainbow\/#primaryimage"},"image":{"@id":"https:\/\/kedemoseducation.com\/product\/kg3-english-math-book-rainbow\/#primaryimage"},"thumbnailUrl":"https:\/\/i0.wp.com\/kedemoseducation.com\/wp-content\/uploads\/2022\/05\/Maths-KG3.jpg?fit=600%2C800&ssl=1","datePublished":"2022-05-05T06:17:36+00:00","dateModified":"2026-02-20T09:17:05+00:00","description":"Le livre de maths pour la Grande Section (KG3) de la collection Rainbow Colors d\u00e9veloppe les concepts de base et s'int\u00e8gre \u00e0 une m\u00e9thode d'apprentissage de l\u2019anglais.","breadcrumb":{"@id":"https:\/\/kedemoseducation.com\/product\/kg3-english-math-book-rainbow\/#breadcrumb"},"inLanguage":"fr-FR","potentialAction":[{"@type":"ReadAction","target":["https:\/\/kedemoseducation.com\/product\/kg3-english-math-book-rainbow\/"]}]},{"@type":"ImageObject","inLanguage":"fr-FR","@id":"https:\/\/kedemoseducation.com\/product\/kg3-english-math-book-rainbow\/#primaryimage","url":"https:\/\/i0.wp.com\/kedemoseducation.com\/wp-content\/uploads\/2022\/05\/Maths-KG3.jpg?fit=600%2C800&ssl=1","contentUrl":"https:\/\/i0.wp.com\/kedemoseducation.com\/wp-content\/uploads\/2022\/05\/Maths-KG3.jpg?fit=600%2C800&ssl=1","width":600,"height":800,"caption":"Rainbow - Math KG3"},{"@type":"BreadcrumbList","@id":"https:\/\/kedemoseducation.com\/product\/kg3-english-math-book-rainbow\/#breadcrumb","itemListElement":[{"@type":"ListItem","position":1,"name":"Home","item":"https:\/\/kedemoseducation.com\/"},{"@type":"ListItem","position":2,"name":"All Products","item":"https:\/\/kedemoseducation.com\/fr\/shop-2\/tous-les-produits\/"},{"@type":"ListItem","position":3,"name":"School Books","item":"https:\/\/kedemoseducation.com\/fr\/categorie-de-produit\/manuels-scolaires\/"},{"@type":"ListItem","position":4,"name":"KG3 &#8211; English Math Book"}]},{"@type":"WebSite","@id":"https:\/\/kedemoseducation.com\/fr\/#website","url":"https:\/\/kedemoseducation.com\/fr\/","name":"K\u00e9d\u00e9mos Education","description":"Le plaisir d'apprendre","publisher":{"@id":"https:\/\/kedemoseducation.com\/fr\/#organization"},"potentialAction":[{"@type":"SearchAction","target":{"@type":"EntryPoint","urlTemplate":"https:\/\/kedemoseducation.com\/fr\/?s={search_term_string}"},"query-input":{"@type":"PropertyValueSpecification","valueRequired":true,"valueName":"search_term_string"}}],"inLanguage":"fr-FR"},{"@type":"Organization","@id":"https:\/\/kedemoseducation.com\/fr\/#organization","name":"K\u00e9d\u00e9mos Education","url":"https:\/\/kedemoseducation.com\/fr\/","logo":{"@type":"ImageObject","inLanguage":"fr-FR","@id":"https:\/\/kedemoseducation.com\/fr\/#\/schema\/logo\/image\/","url":"https:\/\/kedemoseducation.com\/wp-content\/uploads\/2023\/06\/logo-kedemos-education.png","contentUrl":"https:\/\/kedemoseducation.com\/wp-content\/uploads\/2023\/06\/logo-kedemos-education.png","width":2362,"height":903,"caption":"Kedemos Education"},"image":{"@id":"https:\/\/kedemoseducation.com\/fr\/#\/schema\/logo\/image\/"},"sameAs":["https:\/\/www.facebook.com\/Kedemoseducation","https:\/\/www.instagram.com\/kedemoseducation\/","https:\/\/www.linkedin.com\/company\/kedemos-education\/"]}]}},"jetpack_sharing_enabled":true,"_links":{"self":[{"href":"https:\/\/kedemoseducation.com\/fr\/wp-json\/wp\/v2\/product\/233","targetHints":{"allow":["GET"]}}],"collection":[{"href":"https:\/\/kedemoseducation.com\/fr\/wp-json\/wp\/v2\/product"}],"about":[{"href":"https:\/\/kedemoseducation.com\/fr\/wp-json\/wp\/v2\/types\/product"}],"replies":[{"embeddable":true,"href":"https:\/\/kedemoseducation.com\/fr\/wp-json\/wp\/v2\/comments?post=233"}],"wp:featuredmedia":[{"embeddable":true,"href":"https:\/\/kedemoseducation.com\/fr\/wp-json\/wp\/v2\/media\/7330"}],"wp:attachment":[{"href":"https:\/\/kedemoseducation.com\/fr\/wp-json\/wp\/v2\/media?parent=233"}],"wp:term":[{"taxonomy":"product_brand","embeddable":true,"href":"https:\/\/kedemoseducation.com\/fr\/wp-json\/wp\/v2\/product_brand?post=233"},{"taxonomy":"product_cat","embeddable":true,"href":"https:\/\/kedemoseducation.com\/fr\/wp-json\/wp\/v2\/product_cat?post=233"},{"taxonomy":"product_tag","embeddable":true,"href":"https:\/\/kedemoseducation.com\/fr\/wp-json\/wp\/v2\/product_tag?post=233"}],"curies":[{"name":"wp","href":"https:\/\/api.w.org\/{rel}","templated":true}]}}