{"id":231,"date":"2022-05-05T06:17:35","date_gmt":"2022-05-05T06:17:35","guid":{"rendered":"https:\/\/eshop.classperts.com\/?post_type=product&#038;p=231"},"modified":"2026-04-08T11:49:46","modified_gmt":"2026-04-08T08:49:46","slug":"ataallam-houroufi-kg2-arabic","status":"publish","type":"product","link":"https:\/\/kedemoseducation.com\/fr\/product\/ataallam-houroufi-moyenne-section-arabe\/","title":{"rendered":"Moyenne Section \u2013 J'apprend mes Lettres Arabe |  \u0627\u0644\u0631\u0648\u0636\u0629 \u0627\u0644\u062b\u0627\u0646\u064a\u0629 \u2013 \u0623\u062a\u0639\u0644\u0645 \u062d\u0631\u0648\u0641\u064a"},"content":{"rendered":"<h1><b>Alwan Kaws Kouzah, Ata'allam Houroufi \u2013 Moyenne Section Arabe<\/b><\/h1>\n<h2><b>Pr\u00e9sentation de la m\u00e9thode de la Moyenne Section - Ata'allam Houroufi\u00a0<\/b><\/h2>\n<p><span style=\"font-weight: 400;\">Ce cahier d'\u00e9criture arabe, \u201cAta'allam Houroufi\u201d (J'apprend mes Lettres), est destin\u00e9 \u00e0 la Moyenne Section. Il prolonge le fichier de la MS de la collection Alwan Kaws Kouzah.<\/span><\/p>\n<p><span style=\"font-weight: 400;\">\u00c0 l'\u00e9cole, les enfants commencent \u00e0 apprendre l\u2019arabe litt\u00e9raire. Tr\u00e8s diff\u00e9rent de la langue parl\u00e9e, il est alors consid\u00e9r\u00e9 comme une langue \u00e9trang\u00e8re.<\/span><\/p>\n<p><span style=\"font-weight: 400;\">Apprendre aux enfants de 3-4 ans \u00e0 \u00e9crire les lettres en arabe sous toutes leurs formes est difficile, mais pas impossible.<\/span><\/p>\n<p><span style=\"font-weight: 400;\">Pour faciliter cet apprentissage, cette m\u00e9thode est bas\u00e9e sur l\u2019audition des lettres. \u00c0 travers les sons du d\u00e9but des mots, les \u00e9l\u00e8ves reconnaissent la lettre dont il s\u2019agit. Ensuite, des exercices entra\u00eenent \u00e0 l'\u00e9criture de ces lettres.<\/span><\/p>\n<p><span style=\"font-weight: 400;\">Pour l\u2019introduction des lettres s\u00e9par\u00e9es, cette m\u00e9thode est bas\u00e9e sur l\u2019audition des lettres \u00e0 la fin des mots. Les enfants apprennent alors \u00e0 \u00e9crire les lettres sous une autre forme.<\/span><\/p>\n<p><span style=\"font-weight: 400;\">Ce fichier pr\u00e9sente donc 2 mani\u00e8res d\u2019\u00e9crire les lettres. Les autres formes d'\u00e9criture des lettres, plus complexes, sont r\u00e9serv\u00e9es \u00e0 la classe de Grande Section.<\/span><\/p>","protected":false},"excerpt":{"rendered":"<p><span style=\"font-weight: 400;\">Ce cahier d'\u00e9criture arabe, \u201cAta'allam Houroufi\u201d (J'apprend mes Lettres), est destin\u00e9 \u00e0 la Moyenne Section. Il prolonge le fichier de la MS de la collection Alwan Kaws Kouzah.<\/span><\/p>\n<p><span style=\"font-weight: 400;\">\u00c0 l'\u00e9cole, les enfants commencent \u00e0 apprendre l\u2019arabe litt\u00e9raire. Tr\u00e8s diff\u00e9rent de la langue parl\u00e9e, il est alors consid\u00e9r\u00e9 comme une langue \u00e9trang\u00e8re.<\/span><\/p>\n<p><span style=\"font-weight: 400;\">Pour acc\u00e9der \u00e0 la collection compl\u00e8te Alwan Kawz Kouzah pour la Moyenne Section, veuillez cliquer <a href=\"https:\/\/kedemoseducation.com\/fr\/categorie-de-produit\/manuels-scolaires\/arabe\/moyenne-section-arabe\/\">ici<\/a>.<\/span><\/p>","protected":false},"featured_media":7312,"comment_status":"closed","ping_status":"closed","template":"","meta":{"_monsterinsights_skip_tracking":false,"_monsterinsights_sitenote_active":false,"_monsterinsights_sitenote_note":"","_monsterinsights_sitenote_category":0},"product_brand":[],"product_cat":[16,135,85],"product_tag":[60,136,137,138,394,415,416],"class_list":{"0":"post-231","1":"product","2":"type-product","3":"status-publish","4":"has-post-thumbnail","6":"product_cat-school-books","7":"product_cat-kg2-arabic","8":"product_cat-arabic","9":"product_tag-kg2","10":"product_tag-136","11":"product_tag-letters","12":"product_tag-138","13":"product_tag-kanz-al-alwan","14":"product_tag-ataallam-houroufi","15":"product_tag-kg2-arabic","16":"pa_grade-kg2","18":"first","19":"instock","20":"shipping-taxable","21":"purchasable","22":"product-type-simple"},"yoast_head":"<!-- This site is optimized with the Yoast SEO plugin v26.4 - https:\/\/yoast.com\/wordpress\/plugins\/seo\/ -->\r\n<title>Ata&#039;allam Houroufi (\u0623\u062a\u0639\u0644\u0645 \u062d\u0631\u0648\u0641\u064a) \u2013 KG2 Arabic - Kedemos Education<\/title>\r\n<meta name=\"description\" content=\"This Arabic writing workbook Ata&#039;allam Houroufi teaches 3 and 4-year-old children to write Arabic letters in all their forms, in a fun and simple way.\" \/>\r\n<meta name=\"robots\" content=\"index, follow, max-snippet:-1, max-image-preview:large, max-video-preview:-1\" \/>\r\n<link rel=\"canonical\" href=\"https:\/\/kedemoseducation.com\/fr\/product\/ataallam-houroufi-moyenne-section-arabe\/\" \/>\r\n<meta property=\"og:locale\" content=\"fr_FR\" \/>\r\n<meta property=\"og:type\" content=\"article\" \/>\r\n<meta property=\"og:title\" content=\"Ata&#039;allam Houroufi (\u0623\u062a\u0639\u0644\u0645 \u062d\u0631\u0648\u0641\u064a) \u2013 KG2 Arabic - Kedemos Education\" \/>\r\n<meta property=\"og:description\" content=\"This Arabic writing workbook Ata&#039;allam Houroufi teaches 3 and 4-year-old children to write Arabic letters in all their forms, in a fun and simple way.\" \/>\r\n<meta property=\"og:url\" content=\"https:\/\/kedemoseducation.com\/fr\/product\/ataallam-houroufi-moyenne-section-arabe\/\" \/>\r\n<meta property=\"og:site_name\" content=\"Kedemos Education\" \/>\r\n<meta property=\"article:publisher\" content=\"https:\/\/www.facebook.com\/Kedemoseducation\" \/>\r\n<meta property=\"article:modified_time\" content=\"2026-04-08T08:49:46+00:00\" \/>\r\n<meta property=\"og:image\" content=\"https:\/\/kedemoseducation.com\/wp-content\/uploads\/2022\/05\/Ata3alm-houroufi-arabe1.jpg\" \/>\r\n\t<meta property=\"og:image:width\" content=\"600\" \/>\r\n\t<meta property=\"og:image:height\" content=\"800\" \/>\r\n\t<meta property=\"og:image:type\" content=\"image\/jpeg\" \/>\r\n<meta name=\"twitter:card\" content=\"summary_large_image\" \/>\r\n<meta name=\"twitter:label1\" content=\"Dur\u00e9e de lecture estim\u00e9e\" \/>\n\t<meta name=\"twitter:data1\" content=\"1 minute\" \/>\r\n<script type=\"application\/ld+json\" class=\"yoast-schema-graph\">{\"@context\":\"https:\/\/schema.org\",\"@graph\":[{\"@type\":\"WebPage\",\"@id\":\"https:\/\/kedemoseducation.com\/product\/ataallam-houroufi-moyenne-section-arabe\/\",\"url\":\"https:\/\/kedemoseducation.com\/product\/ataallam-houroufi-moyenne-section-arabe\/\",\"name\":\"Ata'allam Houroufi (\u0623\u062a\u0639\u0644\u0645 \u062d\u0631\u0648\u0641\u064a) \u2013 KG2 Arabic - Kedemos Education\",\"isPartOf\":{\"@id\":\"https:\/\/kedemoseducation.com\/fr\/#website\"},\"primaryImageOfPage\":{\"@id\":\"https:\/\/kedemoseducation.com\/product\/ataallam-houroufi-moyenne-section-arabe\/#primaryimage\"},\"image\":{\"@id\":\"https:\/\/kedemoseducation.com\/product\/ataallam-houroufi-moyenne-section-arabe\/#primaryimage\"},\"thumbnailUrl\":\"https:\/\/i0.wp.com\/kedemoseducation.com\/wp-content\/uploads\/2022\/05\/Ata3alm-houroufi-arabe1.jpg?fit=600%2C800&ssl=1\",\"datePublished\":\"2022-05-05T06:17:35+00:00\",\"dateModified\":\"2026-04-08T08:49:46+00:00\",\"description\":\"This Arabic writing workbook Ata'allam Houroufi teaches 3 and 4-year-old children to write Arabic letters in all their forms, in a fun and simple way.\",\"breadcrumb\":{\"@id\":\"https:\/\/kedemoseducation.com\/product\/ataallam-houroufi-moyenne-section-arabe\/#breadcrumb\"},\"inLanguage\":\"fr-FR\",\"potentialAction\":[{\"@type\":\"ReadAction\",\"target\":[\"https:\/\/kedemoseducation.com\/product\/ataallam-houroufi-moyenne-section-arabe\/\"]}]},{\"@type\":\"ImageObject\",\"inLanguage\":\"fr-FR\",\"@id\":\"https:\/\/kedemoseducation.com\/product\/ataallam-houroufi-moyenne-section-arabe\/#primaryimage\",\"url\":\"https:\/\/i0.wp.com\/kedemoseducation.com\/wp-content\/uploads\/2022\/05\/Ata3alm-houroufi-arabe1.jpg?fit=600%2C800&ssl=1\",\"contentUrl\":\"https:\/\/i0.wp.com\/kedemoseducation.com\/wp-content\/uploads\/2022\/05\/Ata3alm-houroufi-arabe1.jpg?fit=600%2C800&ssl=1\",\"width\":600,\"height\":800,\"caption\":\"Alwan Kaws Kouzah \u2013 Ata'allam Houroufi KG2 Arabic\"},{\"@type\":\"BreadcrumbList\",\"@id\":\"https:\/\/kedemoseducation.com\/product\/ataallam-houroufi-moyenne-section-arabe\/#breadcrumb\",\"itemListElement\":[{\"@type\":\"ListItem\",\"position\":1,\"name\":\"Home\",\"item\":\"https:\/\/kedemoseducation.com\/\"},{\"@type\":\"ListItem\",\"position\":2,\"name\":\"All Products\",\"item\":\"https:\/\/kedemoseducation.com\/fr\/shop-2\/tous-les-produits\/\"},{\"@type\":\"ListItem\",\"position\":3,\"name\":\"School Books\",\"item\":\"https:\/\/kedemoseducation.com\/fr\/categorie-de-produit\/manuels-scolaires\/\"},{\"@type\":\"ListItem\",\"position\":4,\"name\":\"Arabic\",\"item\":\"https:\/\/kedemoseducation.com\/fr\/categorie-de-produit\/manuels-scolaires\/arabe\/\"},{\"@type\":\"ListItem\",\"position\":5,\"name\":\"KG2\",\"item\":\"https:\/\/kedemoseducation.com\/fr\/categorie-de-produit\/manuels-scolaires\/arabe\/moyenne-section-arabe\/\"},{\"@type\":\"ListItem\",\"position\":6,\"name\":\"KG2 &#8211; I Learn My Letters Arabic | \u0627\u0644\u0631\u0648\u0636\u0629 \u0627\u0644\u062b\u0627\u0646\u064a\u0629 &#8211; \u0623\u062a\u0639\u0644\u0645 \u062d\u0631\u0648\u0641\u064a\"}]},{\"@type\":\"WebSite\",\"@id\":\"https:\/\/kedemoseducation.com\/fr\/#website\",\"url\":\"https:\/\/kedemoseducation.com\/fr\/\",\"name\":\"Kedemos Education\",\"description\":\"The Pleasure of Learning\",\"publisher\":{\"@id\":\"https:\/\/kedemoseducation.com\/fr\/#organization\"},\"potentialAction\":[{\"@type\":\"SearchAction\",\"target\":{\"@type\":\"EntryPoint\",\"urlTemplate\":\"https:\/\/kedemoseducation.com\/fr\/?s={search_term_string}\"},\"query-input\":{\"@type\":\"PropertyValueSpecification\",\"valueRequired\":true,\"valueName\":\"search_term_string\"}}],\"inLanguage\":\"fr-FR\"},{\"@type\":\"Organization\",\"@id\":\"https:\/\/kedemoseducation.com\/fr\/#organization\",\"name\":\"Kedemos Education\",\"url\":\"https:\/\/kedemoseducation.com\/fr\/\",\"logo\":{\"@type\":\"ImageObject\",\"inLanguage\":\"fr-FR\",\"@id\":\"https:\/\/kedemoseducation.com\/fr\/#\/schema\/logo\/image\/\",\"url\":\"https:\/\/kedemoseducation.com\/wp-content\/uploads\/2023\/06\/logo-kedemos-education.png\",\"contentUrl\":\"https:\/\/kedemoseducation.com\/wp-content\/uploads\/2023\/06\/logo-kedemos-education.png\",\"width\":2362,\"height\":903,\"caption\":\"Kedemos Education\"},\"image\":{\"@id\":\"https:\/\/kedemoseducation.com\/fr\/#\/schema\/logo\/image\/\"},\"sameAs\":[\"https:\/\/www.facebook.com\/Kedemoseducation\",\"https:\/\/www.instagram.com\/kedemoseducation\/\",\"https:\/\/www.linkedin.com\/company\/kedemos-education\/\"]}]}<\/script>\r\n<!-- \/ Yoast SEO plugin. -->","yoast_head_json":{"title":"Ata'allam Houroufi (\u0623\u062a\u0639\u0644\u0645 \u062d\u0631\u0648\u0641\u064a) \u2013 KG2 Arabic - Kedemos Education","description":"This Arabic writing workbook Ata'allam Houroufi teaches 3 and 4-year-old children to write Arabic letters in all their forms, in a fun and simple way.","robots":{"index":"index","follow":"follow","max-snippet":"max-snippet:-1","max-image-preview":"max-image-preview:large","max-video-preview":"max-video-preview:-1"},"canonical":"https:\/\/kedemoseducation.com\/fr\/product\/ataallam-houroufi-moyenne-section-arabe\/","og_locale":"fr_FR","og_type":"article","og_title":"Ata'allam Houroufi (\u0623\u062a\u0639\u0644\u0645 \u062d\u0631\u0648\u0641\u064a) \u2013 KG2 Arabic - Kedemos Education","og_description":"This Arabic writing workbook Ata'allam Houroufi teaches 3 and 4-year-old children to write Arabic letters in all their forms, in a fun and simple way.","og_url":"https:\/\/kedemoseducation.com\/fr\/product\/ataallam-houroufi-moyenne-section-arabe\/","og_site_name":"Kedemos Education","article_publisher":"https:\/\/www.facebook.com\/Kedemoseducation","article_modified_time":"2026-04-08T08:49:46+00:00","og_image":[{"width":600,"height":800,"url":"https:\/\/kedemoseducation.com\/wp-content\/uploads\/2022\/05\/Ata3alm-houroufi-arabe1.jpg","type":"image\/jpeg"}],"twitter_card":"summary_large_image","twitter_misc":{"Dur\u00e9e de lecture estim\u00e9e":"1 minute"},"schema":{"@context":"https:\/\/schema.org","@graph":[{"@type":"WebPage","@id":"https:\/\/kedemoseducation.com\/product\/ataallam-houroufi-moyenne-section-arabe\/","url":"https:\/\/kedemoseducation.com\/product\/ataallam-houroufi-moyenne-section-arabe\/","name":"Ata'allam Houroufi (\u0623\u062a\u0639\u0644\u0645 \u062d\u0631\u0648\u0641\u064a) \u2013 KG2 Arabic - Kedemos Education","isPartOf":{"@id":"https:\/\/kedemoseducation.com\/fr\/#website"},"primaryImageOfPage":{"@id":"https:\/\/kedemoseducation.com\/product\/ataallam-houroufi-moyenne-section-arabe\/#primaryimage"},"image":{"@id":"https:\/\/kedemoseducation.com\/product\/ataallam-houroufi-moyenne-section-arabe\/#primaryimage"},"thumbnailUrl":"https:\/\/i0.wp.com\/kedemoseducation.com\/wp-content\/uploads\/2022\/05\/Ata3alm-houroufi-arabe1.jpg?fit=600%2C800&ssl=1","datePublished":"2022-05-05T06:17:35+00:00","dateModified":"2026-04-08T08:49:46+00:00","description":"This Arabic writing workbook Ata'allam Houroufi teaches 3 and 4-year-old children to write Arabic letters in all their forms, in a fun and simple way.","breadcrumb":{"@id":"https:\/\/kedemoseducation.com\/product\/ataallam-houroufi-moyenne-section-arabe\/#breadcrumb"},"inLanguage":"fr-FR","potentialAction":[{"@type":"ReadAction","target":["https:\/\/kedemoseducation.com\/product\/ataallam-houroufi-moyenne-section-arabe\/"]}]},{"@type":"ImageObject","inLanguage":"fr-FR","@id":"https:\/\/kedemoseducation.com\/product\/ataallam-houroufi-moyenne-section-arabe\/#primaryimage","url":"https:\/\/i0.wp.com\/kedemoseducation.com\/wp-content\/uploads\/2022\/05\/Ata3alm-houroufi-arabe1.jpg?fit=600%2C800&ssl=1","contentUrl":"https:\/\/i0.wp.com\/kedemoseducation.com\/wp-content\/uploads\/2022\/05\/Ata3alm-houroufi-arabe1.jpg?fit=600%2C800&ssl=1","width":600,"height":800,"caption":"Alwan Kaws Kouzah \u2013 Ata'allam Houroufi KG2 Arabic"},{"@type":"BreadcrumbList","@id":"https:\/\/kedemoseducation.com\/product\/ataallam-houroufi-moyenne-section-arabe\/#breadcrumb","itemListElement":[{"@type":"ListItem","position":1,"name":"Home","item":"https:\/\/kedemoseducation.com\/"},{"@type":"ListItem","position":2,"name":"All Products","item":"https:\/\/kedemoseducation.com\/fr\/shop-2\/tous-les-produits\/"},{"@type":"ListItem","position":3,"name":"School Books","item":"https:\/\/kedemoseducation.com\/fr\/categorie-de-produit\/manuels-scolaires\/"},{"@type":"ListItem","position":4,"name":"Arabic","item":"https:\/\/kedemoseducation.com\/fr\/categorie-de-produit\/manuels-scolaires\/arabe\/"},{"@type":"ListItem","position":5,"name":"KG2","item":"https:\/\/kedemoseducation.com\/fr\/categorie-de-produit\/manuels-scolaires\/arabe\/moyenne-section-arabe\/"},{"@type":"ListItem","position":6,"name":"KG2 &#8211; I Learn My Letters Arabic | \u0627\u0644\u0631\u0648\u0636\u0629 \u0627\u0644\u062b\u0627\u0646\u064a\u0629 &#8211; \u0623\u062a\u0639\u0644\u0645 \u062d\u0631\u0648\u0641\u064a"}]},{"@type":"WebSite","@id":"https:\/\/kedemoseducation.com\/fr\/#website","url":"https:\/\/kedemoseducation.com\/fr\/","name":"K\u00e9d\u00e9mos Education","description":"Le plaisir d'apprendre","publisher":{"@id":"https:\/\/kedemoseducation.com\/fr\/#organization"},"potentialAction":[{"@type":"SearchAction","target":{"@type":"EntryPoint","urlTemplate":"https:\/\/kedemoseducation.com\/fr\/?s={search_term_string}"},"query-input":{"@type":"PropertyValueSpecification","valueRequired":true,"valueName":"search_term_string"}}],"inLanguage":"fr-FR"},{"@type":"Organization","@id":"https:\/\/kedemoseducation.com\/fr\/#organization","name":"K\u00e9d\u00e9mos Education","url":"https:\/\/kedemoseducation.com\/fr\/","logo":{"@type":"ImageObject","inLanguage":"fr-FR","@id":"https:\/\/kedemoseducation.com\/fr\/#\/schema\/logo\/image\/","url":"https:\/\/kedemoseducation.com\/wp-content\/uploads\/2023\/06\/logo-kedemos-education.png","contentUrl":"https:\/\/kedemoseducation.com\/wp-content\/uploads\/2023\/06\/logo-kedemos-education.png","width":2362,"height":903,"caption":"Kedemos Education"},"image":{"@id":"https:\/\/kedemoseducation.com\/fr\/#\/schema\/logo\/image\/"},"sameAs":["https:\/\/www.facebook.com\/Kedemoseducation","https:\/\/www.instagram.com\/kedemoseducation\/","https:\/\/www.linkedin.com\/company\/kedemos-education\/"]}]}},"jetpack_sharing_enabled":true,"_links":{"self":[{"href":"https:\/\/kedemoseducation.com\/fr\/wp-json\/wp\/v2\/product\/231","targetHints":{"allow":["GET"]}}],"collection":[{"href":"https:\/\/kedemoseducation.com\/fr\/wp-json\/wp\/v2\/product"}],"about":[{"href":"https:\/\/kedemoseducation.com\/fr\/wp-json\/wp\/v2\/types\/product"}],"replies":[{"embeddable":true,"href":"https:\/\/kedemoseducation.com\/fr\/wp-json\/wp\/v2\/comments?post=231"}],"wp:featuredmedia":[{"embeddable":true,"href":"https:\/\/kedemoseducation.com\/fr\/wp-json\/wp\/v2\/media\/7312"}],"wp:attachment":[{"href":"https:\/\/kedemoseducation.com\/fr\/wp-json\/wp\/v2\/media?parent=231"}],"wp:term":[{"taxonomy":"product_brand","embeddable":true,"href":"https:\/\/kedemoseducation.com\/fr\/wp-json\/wp\/v2\/product_brand?post=231"},{"taxonomy":"product_cat","embeddable":true,"href":"https:\/\/kedemoseducation.com\/fr\/wp-json\/wp\/v2\/product_cat?post=231"},{"taxonomy":"product_tag","embeddable":true,"href":"https:\/\/kedemoseducation.com\/fr\/wp-json\/wp\/v2\/product_tag?post=231"}],"curies":[{"name":"wp","href":"https:\/\/api.w.org\/{rel}","templated":true}]}}