{"id":230,"date":"2022-05-05T06:17:35","date_gmt":"2022-05-05T06:17:35","guid":{"rendered":"https:\/\/eshop.classperts.com\/?post_type=product&#038;p=230"},"modified":"2026-04-08T11:33:09","modified_gmt":"2026-04-08T08:33:09","slug":"kg2-arabic","status":"publish","type":"product","link":"https:\/\/kedemoseducation.com\/fr\/product\/moyenne-section-arabe-2\/","title":{"rendered":"Moyenne Section - Arabe | \u0627\u0644\u0631\u0648\u0636\u0629 \u0627\u0644\u062b\u0627\u0646\u064a\u0629"},"content":{"rendered":"<h1><b>Alwan Kaws Kouzah \u2013 Moyenne Section Arabe\u00a0<\/b><\/h1>\n<h2><b>Pr\u00e9sentation de la m\u00e9thode de la Moyenne Section<\/b><\/h2>\n<p class=\"translation-block\"><span style=\"font-weight: 400\">Le pr\u00e9sent fichier fait partie de la collection <a href=\"https:\/\/kedemoseducation.com\/fr\/categorie-de-produit\/manuels-scolaires\/arabe\/\" target=\"_self\">Alwan Kaws Kouzah<\/a>. Destin\u00e9 \u00e0 la Moyenne Section (MS), il s'int\u00e8gre dans une m\u00e9thode compl\u00e8te des apprentissages de base de l\u2019arabe. La m\u00e9thode pour la Moyenne Section est divis\u00e9e en dix th\u00e8mes li\u00e9s \u00e0 la vie quotidienne des enfants. Elle comprend :\n<\/span><\/p>\n<ol>\n<li style=\"font-weight: 400;\" aria-level=\"1\"><span style=\"font-weight: 400;\">Un fichier de 80 pages. Le fichier propose des activit\u00e9s de vocabulaire et d'\u00e9veil sensoriel, une initiation aux activit\u00e9s de maths et de logique, du graphisme et des activit\u00e9s artistiques.<\/span><\/li>\n<li style=\"font-weight: 400;\" aria-level=\"1\"><span style=\"font-weight: 400;\">Trois contes pour que l\u2019enfant puisse partager avec ses parents le plaisir du conte, celui d'observer de belles images et de perfectionner son vocabulaire.<\/span><\/li>\n<li style=\"font-weight: 400;\" aria-level=\"1\"><span style=\"font-weight: 400;\">Un plan de toutes les activit\u00e9s afin de permettre aux parents de suivre la progression de leurs enfants.<\/span><\/li>\n<li style=\"font-weight: 400;\" aria-level=\"1\"><span style=\"font-weight: 400;\">Les paroles des chansons et des comptines pour partager des moments de complicit\u00e9 et de joie.<\/span><\/li>\n<\/ol>\n<p><span style=\"font-weight: 400;\">Enfin, la premi\u00e8re page du manuel contient un code QR. L'enfant pourra ainsi \u00e9couter :<\/span><\/p>\n<ul>\n<li style=\"font-weight: 400;\" aria-level=\"1\"><span style=\"font-weight: 400;\">Les contes.<\/span><\/li>\n<li style=\"font-weight: 400;\" aria-level=\"1\"><span style=\"font-weight: 400;\">Les chansons.<\/span><\/li>\n<\/ul>\n<p><span style=\"font-weight: 400;\">Pour acc\u00e9der au cahier d'\u00e9criture de cette m\u00e9thode, veuillez cliquer <a href=\"https:\/\/kedemoseducation.com\/fr\/product\/ataallam-houroufi-moyenne-section-arabe\/\">ici<\/a>.<\/span><\/p>","protected":false},"excerpt":{"rendered":"<p><span style=\"font-weight: 400;\">Ce fichier d\u2019arabe pour la Moyenne Section est divis\u00e9 en dix th\u00e8mes li\u00e9s \u00e0 la vie quotidienne des enfants. Ces derniers profiteront de nombreuses activit\u00e9s int\u00e9ressantes, de contes divertissants et de chansons et comptines.<\/span><\/p>\n<p><span style=\"font-weight: 400;\">Pour acc\u00e9der \u00e0 la collection compl\u00e8te Alwan Kawz Kouzah pour la Moyenne Section, veuillez cliquer <a href=\"https:\/\/kedemoseducation.com\/fr\/categorie-de-produit\/manuels-scolaires\/arabe\/\">ici<\/a>.<\/span><\/p>\n<p>&nbsp;<\/p>","protected":false},"featured_media":7311,"comment_status":"closed","ping_status":"closed","template":"","meta":{"_monsterinsights_skip_tracking":false,"_monsterinsights_sitenote_active":false,"_monsterinsights_sitenote_note":"","_monsterinsights_sitenote_category":0},"product_brand":[],"product_cat":[135,16,85],"product_tag":[394,414,60],"class_list":{"0":"post-230","1":"product","2":"type-product","3":"status-publish","4":"has-post-thumbnail","6":"product_cat-kg2-arabic","7":"product_cat-school-books","8":"product_cat-arabic","9":"product_tag-kanz-al-alwan","10":"product_tag-arabic-workbook","11":"product_tag-kg2","12":"pa_grade-kg2","14":"first","15":"instock","16":"shipping-taxable","17":"purchasable","18":"product-type-simple"},"yoast_head":"<!-- This site is optimized with the Yoast SEO plugin v26.4 - https:\/\/yoast.com\/wordpress\/plugins\/seo\/ -->\r\n<title>KG2 Arabic\u00a0 - Kedemos Education<\/title>\r\n<meta name=\"description\" content=\"This Arabic workbook for KG2 is divided into ten themes related to children\u2019s everyday lives and proposes many interesting activities.\" \/>\r\n<meta name=\"robots\" content=\"index, follow, max-snippet:-1, max-image-preview:large, max-video-preview:-1\" \/>\r\n<link rel=\"canonical\" href=\"https:\/\/kedemoseducation.com\/fr\/product\/moyenne-section-arabe-2\/\" \/>\r\n<meta property=\"og:locale\" content=\"fr_FR\" \/>\r\n<meta property=\"og:type\" content=\"article\" \/>\r\n<meta property=\"og:title\" content=\"KG2 Arabic\u00a0 - Kedemos Education\" \/>\r\n<meta property=\"og:description\" content=\"This Arabic workbook for KG2 is divided into ten themes related to children\u2019s everyday lives and proposes many interesting activities.\" \/>\r\n<meta property=\"og:url\" content=\"https:\/\/kedemoseducation.com\/fr\/product\/moyenne-section-arabe-2\/\" \/>\r\n<meta property=\"og:site_name\" content=\"Kedemos Education\" \/>\r\n<meta property=\"article:publisher\" content=\"https:\/\/www.facebook.com\/Kedemoseducation\" \/>\r\n<meta property=\"article:modified_time\" content=\"2026-04-08T08:33:09+00:00\" \/>\r\n<meta property=\"og:image\" content=\"https:\/\/kedemoseducation.com\/wp-content\/uploads\/2022\/05\/MS-arabe1.jpg\" \/>\r\n\t<meta property=\"og:image:width\" content=\"600\" \/>\r\n\t<meta property=\"og:image:height\" content=\"800\" \/>\r\n\t<meta property=\"og:image:type\" content=\"image\/jpeg\" \/>\r\n<meta name=\"twitter:card\" content=\"summary_large_image\" \/>\r\n<meta name=\"twitter:label1\" content=\"Dur\u00e9e de lecture estim\u00e9e\" \/>\n\t<meta name=\"twitter:data1\" content=\"1 minute\" \/>\r\n<script type=\"application\/ld+json\" class=\"yoast-schema-graph\">{\"@context\":\"https:\/\/schema.org\",\"@graph\":[{\"@type\":\"WebPage\",\"@id\":\"https:\/\/kedemoseducation.com\/product\/kg2-arabic\/\",\"url\":\"https:\/\/kedemoseducation.com\/product\/kg2-arabic\/\",\"name\":\"KG2 Arabic\u00a0 - Kedemos Education\",\"isPartOf\":{\"@id\":\"https:\/\/kedemoseducation.com\/fr\/#website\"},\"primaryImageOfPage\":{\"@id\":\"https:\/\/kedemoseducation.com\/product\/kg2-arabic\/#primaryimage\"},\"image\":{\"@id\":\"https:\/\/kedemoseducation.com\/product\/kg2-arabic\/#primaryimage\"},\"thumbnailUrl\":\"https:\/\/i0.wp.com\/kedemoseducation.com\/wp-content\/uploads\/2022\/05\/MS-arabe1.jpg?fit=600%2C800&ssl=1\",\"datePublished\":\"2022-05-05T06:17:35+00:00\",\"dateModified\":\"2026-04-08T08:33:09+00:00\",\"description\":\"This Arabic workbook for KG2 is divided into ten themes related to children\u2019s everyday lives and proposes many interesting activities.\",\"breadcrumb\":{\"@id\":\"https:\/\/kedemoseducation.com\/product\/kg2-arabic\/#breadcrumb\"},\"inLanguage\":\"fr-FR\",\"potentialAction\":[{\"@type\":\"ReadAction\",\"target\":[\"https:\/\/kedemoseducation.com\/product\/kg2-arabic\/\"]}]},{\"@type\":\"ImageObject\",\"inLanguage\":\"fr-FR\",\"@id\":\"https:\/\/kedemoseducation.com\/product\/kg2-arabic\/#primaryimage\",\"url\":\"https:\/\/i0.wp.com\/kedemoseducation.com\/wp-content\/uploads\/2022\/05\/MS-arabe1.jpg?fit=600%2C800&ssl=1\",\"contentUrl\":\"https:\/\/i0.wp.com\/kedemoseducation.com\/wp-content\/uploads\/2022\/05\/MS-arabe1.jpg?fit=600%2C800&ssl=1\",\"width\":600,\"height\":800,\"caption\":\"Alwan Kaws Kouzah \u2013 KG2 Arabe\"},{\"@type\":\"BreadcrumbList\",\"@id\":\"https:\/\/kedemoseducation.com\/product\/kg2-arabic\/#breadcrumb\",\"itemListElement\":[{\"@type\":\"ListItem\",\"position\":1,\"name\":\"Home\",\"item\":\"https:\/\/kedemoseducation.com\/\"},{\"@type\":\"ListItem\",\"position\":2,\"name\":\"All Products\",\"item\":\"https:\/\/kedemoseducation.com\/fr\/shop-2\/tous-les-produits\/\"},{\"@type\":\"ListItem\",\"position\":3,\"name\":\"School Books\",\"item\":\"https:\/\/kedemoseducation.com\/fr\/categorie-de-produit\/manuels-scolaires\/\"},{\"@type\":\"ListItem\",\"position\":4,\"name\":\"Arabic\",\"item\":\"https:\/\/kedemoseducation.com\/fr\/categorie-de-produit\/manuels-scolaires\/arabe\/\"},{\"@type\":\"ListItem\",\"position\":5,\"name\":\"KG2\",\"item\":\"https:\/\/kedemoseducation.com\/fr\/categorie-de-produit\/manuels-scolaires\/arabe\/moyenne-section-arabe\/\"},{\"@type\":\"ListItem\",\"position\":6,\"name\":\"Arabic &#8211; KG2 | \u0627\u0644\u0631\u0648\u0636\u0629 \u0627\u0644\u062b\u0627\u0646\u064a\u0629\"}]},{\"@type\":\"WebSite\",\"@id\":\"https:\/\/kedemoseducation.com\/fr\/#website\",\"url\":\"https:\/\/kedemoseducation.com\/fr\/\",\"name\":\"Kedemos Education\",\"description\":\"The Pleasure of Learning\",\"publisher\":{\"@id\":\"https:\/\/kedemoseducation.com\/fr\/#organization\"},\"potentialAction\":[{\"@type\":\"SearchAction\",\"target\":{\"@type\":\"EntryPoint\",\"urlTemplate\":\"https:\/\/kedemoseducation.com\/fr\/?s={search_term_string}\"},\"query-input\":{\"@type\":\"PropertyValueSpecification\",\"valueRequired\":true,\"valueName\":\"search_term_string\"}}],\"inLanguage\":\"fr-FR\"},{\"@type\":\"Organization\",\"@id\":\"https:\/\/kedemoseducation.com\/fr\/#organization\",\"name\":\"Kedemos Education\",\"url\":\"https:\/\/kedemoseducation.com\/fr\/\",\"logo\":{\"@type\":\"ImageObject\",\"inLanguage\":\"fr-FR\",\"@id\":\"https:\/\/kedemoseducation.com\/fr\/#\/schema\/logo\/image\/\",\"url\":\"https:\/\/kedemoseducation.com\/wp-content\/uploads\/2023\/06\/logo-kedemos-education.png\",\"contentUrl\":\"https:\/\/kedemoseducation.com\/wp-content\/uploads\/2023\/06\/logo-kedemos-education.png\",\"width\":2362,\"height\":903,\"caption\":\"Kedemos Education\"},\"image\":{\"@id\":\"https:\/\/kedemoseducation.com\/fr\/#\/schema\/logo\/image\/\"},\"sameAs\":[\"https:\/\/www.facebook.com\/Kedemoseducation\",\"https:\/\/www.instagram.com\/kedemoseducation\/\",\"https:\/\/www.linkedin.com\/company\/kedemos-education\/\"]}]}<\/script>\r\n<!-- \/ Yoast SEO plugin. -->","yoast_head_json":{"title":"Moyenne Section Arabe\u00a0 - Kedemos Education","description":"Ce fichier d\u2019arabe pour la Moyenne Section est divis\u00e9 en dix th\u00e8mes li\u00e9s \u00e0 la vie quotidienne des enfants et propose plusieurs activit\u00e9s int\u00e9ressantes.","robots":{"index":"index","follow":"follow","max-snippet":"max-snippet:-1","max-image-preview":"max-image-preview:large","max-video-preview":"max-video-preview:-1"},"canonical":"https:\/\/kedemoseducation.com\/fr\/product\/moyenne-section-arabe-2\/","og_locale":"fr_FR","og_type":"article","og_title":"KG2 Arabic\u00a0 - Kedemos Education","og_description":"This Arabic workbook for KG2 is divided into ten themes related to children\u2019s everyday lives and proposes many interesting activities.","og_url":"https:\/\/kedemoseducation.com\/fr\/product\/moyenne-section-arabe-2\/","og_site_name":"Kedemos Education","article_publisher":"https:\/\/www.facebook.com\/Kedemoseducation","article_modified_time":"2026-04-08T08:33:09+00:00","og_image":[{"width":600,"height":800,"url":"https:\/\/kedemoseducation.com\/wp-content\/uploads\/2022\/05\/MS-arabe1.jpg","type":"image\/jpeg"}],"twitter_card":"summary_large_image","twitter_misc":{"Dur\u00e9e de lecture estim\u00e9e":"1 minute"},"schema":{"@context":"https:\/\/schema.org","@graph":[{"@type":"WebPage","@id":"https:\/\/kedemoseducation.com\/product\/kg2-arabic\/","url":"https:\/\/kedemoseducation.com\/product\/kg2-arabic\/","name":"Moyenne Section Arabe\u00a0 - Kedemos Education","isPartOf":{"@id":"https:\/\/kedemoseducation.com\/fr\/#website"},"primaryImageOfPage":{"@id":"https:\/\/kedemoseducation.com\/product\/kg2-arabic\/#primaryimage"},"image":{"@id":"https:\/\/kedemoseducation.com\/product\/kg2-arabic\/#primaryimage"},"thumbnailUrl":"https:\/\/i0.wp.com\/kedemoseducation.com\/wp-content\/uploads\/2022\/05\/MS-arabe1.jpg?fit=600%2C800&ssl=1","datePublished":"2022-05-05T06:17:35+00:00","dateModified":"2026-04-08T08:33:09+00:00","description":"Ce fichier d\u2019arabe pour la Moyenne Section est divis\u00e9 en dix th\u00e8mes li\u00e9s \u00e0 la vie quotidienne des enfants et propose plusieurs activit\u00e9s int\u00e9ressantes.","breadcrumb":{"@id":"https:\/\/kedemoseducation.com\/product\/kg2-arabic\/#breadcrumb"},"inLanguage":"fr-FR","potentialAction":[{"@type":"ReadAction","target":["https:\/\/kedemoseducation.com\/product\/kg2-arabic\/"]}]},{"@type":"ImageObject","inLanguage":"fr-FR","@id":"https:\/\/kedemoseducation.com\/product\/kg2-arabic\/#primaryimage","url":"https:\/\/i0.wp.com\/kedemoseducation.com\/wp-content\/uploads\/2022\/05\/MS-arabe1.jpg?fit=600%2C800&ssl=1","contentUrl":"https:\/\/i0.wp.com\/kedemoseducation.com\/wp-content\/uploads\/2022\/05\/MS-arabe1.jpg?fit=600%2C800&ssl=1","width":600,"height":800,"caption":"Alwan Kaws Kouzah \u2013 KG2 Arabe"},{"@type":"BreadcrumbList","@id":"https:\/\/kedemoseducation.com\/product\/kg2-arabic\/#breadcrumb","itemListElement":[{"@type":"ListItem","position":1,"name":"Home","item":"https:\/\/kedemoseducation.com\/"},{"@type":"ListItem","position":2,"name":"All Products","item":"https:\/\/kedemoseducation.com\/fr\/shop-2\/tous-les-produits\/"},{"@type":"ListItem","position":3,"name":"School Books","item":"https:\/\/kedemoseducation.com\/fr\/categorie-de-produit\/manuels-scolaires\/"},{"@type":"ListItem","position":4,"name":"Arabic","item":"https:\/\/kedemoseducation.com\/fr\/categorie-de-produit\/manuels-scolaires\/arabe\/"},{"@type":"ListItem","position":5,"name":"KG2","item":"https:\/\/kedemoseducation.com\/fr\/categorie-de-produit\/manuels-scolaires\/arabe\/moyenne-section-arabe\/"},{"@type":"ListItem","position":6,"name":"Arabic &#8211; KG2 | \u0627\u0644\u0631\u0648\u0636\u0629 \u0627\u0644\u062b\u0627\u0646\u064a\u0629"}]},{"@type":"WebSite","@id":"https:\/\/kedemoseducation.com\/fr\/#website","url":"https:\/\/kedemoseducation.com\/fr\/","name":"K\u00e9d\u00e9mos Education","description":"Le plaisir d'apprendre","publisher":{"@id":"https:\/\/kedemoseducation.com\/fr\/#organization"},"potentialAction":[{"@type":"SearchAction","target":{"@type":"EntryPoint","urlTemplate":"https:\/\/kedemoseducation.com\/fr\/?s={search_term_string}"},"query-input":{"@type":"PropertyValueSpecification","valueRequired":true,"valueName":"search_term_string"}}],"inLanguage":"fr-FR"},{"@type":"Organization","@id":"https:\/\/kedemoseducation.com\/fr\/#organization","name":"K\u00e9d\u00e9mos Education","url":"https:\/\/kedemoseducation.com\/fr\/","logo":{"@type":"ImageObject","inLanguage":"fr-FR","@id":"https:\/\/kedemoseducation.com\/fr\/#\/schema\/logo\/image\/","url":"https:\/\/kedemoseducation.com\/wp-content\/uploads\/2023\/06\/logo-kedemos-education.png","contentUrl":"https:\/\/kedemoseducation.com\/wp-content\/uploads\/2023\/06\/logo-kedemos-education.png","width":2362,"height":903,"caption":"Kedemos Education"},"image":{"@id":"https:\/\/kedemoseducation.com\/fr\/#\/schema\/logo\/image\/"},"sameAs":["https:\/\/www.facebook.com\/Kedemoseducation","https:\/\/www.instagram.com\/kedemoseducation\/","https:\/\/www.linkedin.com\/company\/kedemos-education\/"]}]}},"jetpack_sharing_enabled":true,"_links":{"self":[{"href":"https:\/\/kedemoseducation.com\/fr\/wp-json\/wp\/v2\/product\/230","targetHints":{"allow":["GET"]}}],"collection":[{"href":"https:\/\/kedemoseducation.com\/fr\/wp-json\/wp\/v2\/product"}],"about":[{"href":"https:\/\/kedemoseducation.com\/fr\/wp-json\/wp\/v2\/types\/product"}],"replies":[{"embeddable":true,"href":"https:\/\/kedemoseducation.com\/fr\/wp-json\/wp\/v2\/comments?post=230"}],"wp:featuredmedia":[{"embeddable":true,"href":"https:\/\/kedemoseducation.com\/fr\/wp-json\/wp\/v2\/media\/7311"}],"wp:attachment":[{"href":"https:\/\/kedemoseducation.com\/fr\/wp-json\/wp\/v2\/media?parent=230"}],"wp:term":[{"taxonomy":"product_brand","embeddable":true,"href":"https:\/\/kedemoseducation.com\/fr\/wp-json\/wp\/v2\/product_brand?post=230"},{"taxonomy":"product_cat","embeddable":true,"href":"https:\/\/kedemoseducation.com\/fr\/wp-json\/wp\/v2\/product_cat?post=230"},{"taxonomy":"product_tag","embeddable":true,"href":"https:\/\/kedemoseducation.com\/fr\/wp-json\/wp\/v2\/product_tag?post=230"}],"curies":[{"name":"wp","href":"https:\/\/api.w.org\/{rel}","templated":true}]}}