{"id":229,"date":"2022-05-05T06:17:34","date_gmt":"2022-05-05T06:17:34","guid":{"rendered":"https:\/\/eshop.classperts.com\/?post_type=product&#038;p=229"},"modified":"2026-04-01T15:24:47","modified_gmt":"2026-04-01T12:24:47","slug":"kg1-arabic","status":"publish","type":"product","link":"https:\/\/kedemoseducation.com\/fr\/product\/kg1-arabic\/","title":{"rendered":"Petite Section - Arabe | \u0627\u0644\u0631\u0648\u0636\u0629 \u0627\u0644\u0623\u0648\u0644\u0649"},"content":{"rendered":"<h1><b>Alwan Kaws Kouzah \u2013 Petite Section Arabe\u00a0<\/b><\/h1>\n<h2><b>Pr\u00e9sentation de la m\u00e9thode de la Petite Section<\/b><\/h2>\n<p class=\"translation-block\">Le pr\u00e9sent fichier fait partie de la collection <a href=\"https:\/\/kedemoseducation.com\/fr\/categorie-de-produit\/manuels-scolaires\/arabe\/\" target=\"_self\">Alwan Kaws Kouzah<\/a>. Destin\u00e9 \u00e0 la Petite Section (PS), il s'int\u00e8gre dans une m\u00e9thode compl\u00e8te des apprentissages de base de la langue arabe. La m\u00e9thode pour la Petite Section est divis\u00e9e en neuf th\u00e8mes li\u00e9s \u00e0 la vie quotidienne des enfants. Elle comprend :<\/p>\n<ol>\n<li aria-level=\"1\">Un fichier de 80 pages d\u00e9tachables. Le fichier propose des activit\u00e9s de vocabulaire et d'\u00e9veil sensoriel, une initiation aux activit\u00e9s de maths et de logique, du graphisme et des activit\u00e9s artistiques.<\/li>\n<li aria-level=\"1\">Trois contes pour que l\u2019enfant puisse partager avec ses parents le plaisir du conte, celui d'observer de belles images et de perfectionner son vocabulaire.<\/li>\n<li aria-level=\"1\">Un plan de toutes les activit\u00e9s afin de permettre aux parents de suivre la progression de leurs enfants.<\/li>\n<li aria-level=\"1\">Les paroles des chansons et des comptines pour partager des moments de complicit\u00e9 et de joie.<\/li>\n<\/ol>\n<p>Enfin, la premi\u00e8re page du manuel contient un code QR. L'enfant pourra ainsi \u00e9couter :<\/p>\n<ul>\n<li aria-level=\"1\">Les contes.<\/li>\n<li aria-level=\"1\">Les chansons.<\/li>\n<\/ul>","protected":false},"excerpt":{"rendered":"<p><span style=\"font-weight: 400;\">Ce fichier d\u2019arabe pour la Petite Section propose des activit\u00e9s de vocabulaire et d'\u00e9veil sensoriel, une initiation aux activit\u00e9s de maths et de logique, du graphisme et des activit\u00e9s artistiques. Il propose aussi des chansons et des comptines.\u00a0<\/span><\/p>","protected":false},"featured_media":7310,"comment_status":"closed","ping_status":"closed","template":"","meta":{"_monsterinsights_skip_tracking":false,"_monsterinsights_sitenote_active":false,"_monsterinsights_sitenote_note":"","_monsterinsights_sitenote_category":0},"product_brand":[],"product_cat":[86,16,85],"product_tag":[58,88,367,394],"class_list":{"0":"post-229","1":"product","2":"type-product","3":"status-publish","4":"has-post-thumbnail","6":"product_cat-kg1-arabic","7":"product_cat-school-books","8":"product_cat-arabic","9":"product_tag-kg1","10":"product_tag-88","11":"product_tag-arabic","12":"product_tag-kanz-al-alwan","13":"pa_grade-kg1","15":"first","16":"instock","17":"shipping-taxable","18":"purchasable","19":"product-type-simple"},"yoast_head":"<!-- This site is optimized with the Yoast SEO plugin v26.4 - https:\/\/yoast.com\/wordpress\/plugins\/seo\/ -->\r\n<title>KG1 Arabic\u00a0 - Kedemos Education<\/title>\r\n<meta name=\"description\" content=\"This Arabic workbook for KG1 offers a variety of activities, engaging stories, as well as many engaging songs and rhymes.\" \/>\r\n<meta name=\"robots\" content=\"index, follow, max-snippet:-1, max-image-preview:large, max-video-preview:-1\" \/>\r\n<link rel=\"canonical\" href=\"https:\/\/kedemoseducation.com\/fr\/product\/kg1-arabic\/\" \/>\r\n<meta property=\"og:locale\" content=\"fr_FR\" \/>\r\n<meta property=\"og:type\" content=\"article\" \/>\r\n<meta property=\"og:title\" content=\"KG1 Arabic\u00a0 - Kedemos Education\" \/>\r\n<meta property=\"og:description\" content=\"This Arabic workbook for KG1 offers a variety of activities, engaging stories, as well as many engaging songs and rhymes.\" \/>\r\n<meta property=\"og:url\" content=\"https:\/\/kedemoseducation.com\/fr\/product\/kg1-arabic\/\" \/>\r\n<meta property=\"og:site_name\" content=\"Kedemos Education\" \/>\r\n<meta property=\"article:publisher\" content=\"https:\/\/www.facebook.com\/Kedemoseducation\" \/>\r\n<meta property=\"article:modified_time\" content=\"2026-04-01T12:24:47+00:00\" \/>\r\n<meta property=\"og:image\" content=\"https:\/\/kedemoseducation.com\/wp-content\/uploads\/2022\/05\/PS-arabe1.jpg\" \/>\r\n\t<meta property=\"og:image:width\" content=\"600\" \/>\r\n\t<meta property=\"og:image:height\" content=\"800\" \/>\r\n\t<meta property=\"og:image:type\" content=\"image\/jpeg\" \/>\r\n<meta name=\"twitter:card\" content=\"summary_large_image\" \/>\r\n<meta name=\"twitter:label1\" content=\"Dur\u00e9e de lecture estim\u00e9e\" \/>\n\t<meta name=\"twitter:data1\" content=\"1 minute\" \/>\r\n<script type=\"application\/ld+json\" class=\"yoast-schema-graph\">{\"@context\":\"https:\/\/schema.org\",\"@graph\":[{\"@type\":\"WebPage\",\"@id\":\"https:\/\/kedemoseducation.com\/product\/kg1-arabic\/\",\"url\":\"https:\/\/kedemoseducation.com\/product\/kg1-arabic\/\",\"name\":\"KG1 Arabic\u00a0 - Kedemos Education\",\"isPartOf\":{\"@id\":\"https:\/\/kedemoseducation.com\/fr\/#website\"},\"primaryImageOfPage\":{\"@id\":\"https:\/\/kedemoseducation.com\/product\/kg1-arabic\/#primaryimage\"},\"image\":{\"@id\":\"https:\/\/kedemoseducation.com\/product\/kg1-arabic\/#primaryimage\"},\"thumbnailUrl\":\"https:\/\/i0.wp.com\/kedemoseducation.com\/wp-content\/uploads\/2022\/05\/PS-arabe1.jpg?fit=600%2C800&ssl=1\",\"datePublished\":\"2022-05-05T06:17:34+00:00\",\"dateModified\":\"2026-04-01T12:24:47+00:00\",\"description\":\"This Arabic workbook for KG1 offers a variety of activities, engaging stories, as well as many engaging songs and rhymes.\",\"breadcrumb\":{\"@id\":\"https:\/\/kedemoseducation.com\/product\/kg1-arabic\/#breadcrumb\"},\"inLanguage\":\"fr-FR\",\"potentialAction\":[{\"@type\":\"ReadAction\",\"target\":[\"https:\/\/kedemoseducation.com\/product\/kg1-arabic\/\"]}]},{\"@type\":\"ImageObject\",\"inLanguage\":\"fr-FR\",\"@id\":\"https:\/\/kedemoseducation.com\/product\/kg1-arabic\/#primaryimage\",\"url\":\"https:\/\/i0.wp.com\/kedemoseducation.com\/wp-content\/uploads\/2022\/05\/PS-arabe1.jpg?fit=600%2C800&ssl=1\",\"contentUrl\":\"https:\/\/i0.wp.com\/kedemoseducation.com\/wp-content\/uploads\/2022\/05\/PS-arabe1.jpg?fit=600%2C800&ssl=1\",\"width\":600,\"height\":800,\"caption\":\"Alwan Kaws Kouzah \u2013 KG1 Arabic\"},{\"@type\":\"BreadcrumbList\",\"@id\":\"https:\/\/kedemoseducation.com\/product\/kg1-arabic\/#breadcrumb\",\"itemListElement\":[{\"@type\":\"ListItem\",\"position\":1,\"name\":\"Home\",\"item\":\"https:\/\/kedemoseducation.com\/\"},{\"@type\":\"ListItem\",\"position\":2,\"name\":\"All Products\",\"item\":\"https:\/\/kedemoseducation.com\/fr\/shop-2\/tous-les-produits\/\"},{\"@type\":\"ListItem\",\"position\":3,\"name\":\"School Books\",\"item\":\"https:\/\/kedemoseducation.com\/fr\/categorie-de-produit\/manuels-scolaires\/\"},{\"@type\":\"ListItem\",\"position\":4,\"name\":\"Arabic\",\"item\":\"https:\/\/kedemoseducation.com\/fr\/categorie-de-produit\/manuels-scolaires\/arabe\/\"},{\"@type\":\"ListItem\",\"position\":5,\"name\":\"KG1\",\"item\":\"https:\/\/kedemoseducation.com\/fr\/categorie-de-produit\/manuels-scolaires\/arabe\/petite-section-arabe\/\"},{\"@type\":\"ListItem\",\"position\":6,\"name\":\"Arabic &#8211; KG1 | \u0627\u0644\u0631\u0648\u0636\u0629 \u0627\u0644\u0623\u0648\u0644\u0649\"}]},{\"@type\":\"WebSite\",\"@id\":\"https:\/\/kedemoseducation.com\/fr\/#website\",\"url\":\"https:\/\/kedemoseducation.com\/fr\/\",\"name\":\"Kedemos Education\",\"description\":\"The Pleasure of Learning\",\"publisher\":{\"@id\":\"https:\/\/kedemoseducation.com\/fr\/#organization\"},\"potentialAction\":[{\"@type\":\"SearchAction\",\"target\":{\"@type\":\"EntryPoint\",\"urlTemplate\":\"https:\/\/kedemoseducation.com\/fr\/?s={search_term_string}\"},\"query-input\":{\"@type\":\"PropertyValueSpecification\",\"valueRequired\":true,\"valueName\":\"search_term_string\"}}],\"inLanguage\":\"fr-FR\"},{\"@type\":\"Organization\",\"@id\":\"https:\/\/kedemoseducation.com\/fr\/#organization\",\"name\":\"Kedemos Education\",\"url\":\"https:\/\/kedemoseducation.com\/fr\/\",\"logo\":{\"@type\":\"ImageObject\",\"inLanguage\":\"fr-FR\",\"@id\":\"https:\/\/kedemoseducation.com\/fr\/#\/schema\/logo\/image\/\",\"url\":\"https:\/\/kedemoseducation.com\/wp-content\/uploads\/2023\/06\/logo-kedemos-education.png\",\"contentUrl\":\"https:\/\/kedemoseducation.com\/wp-content\/uploads\/2023\/06\/logo-kedemos-education.png\",\"width\":2362,\"height\":903,\"caption\":\"Kedemos Education\"},\"image\":{\"@id\":\"https:\/\/kedemoseducation.com\/fr\/#\/schema\/logo\/image\/\"},\"sameAs\":[\"https:\/\/www.facebook.com\/Kedemoseducation\",\"https:\/\/www.instagram.com\/kedemoseducation\/\",\"https:\/\/www.linkedin.com\/company\/kedemos-education\/\"]}]}<\/script>\r\n<!-- \/ Yoast SEO plugin. -->","yoast_head_json":{"title":"Petite Section Arabe\u00a0 - Kedemos Education","description":"Ce fichier d'arabe pour la Petite Section propose des activit\u00e9s diverses, des contes divertissants, ainsi que des chansons et des comptines.","robots":{"index":"index","follow":"follow","max-snippet":"max-snippet:-1","max-image-preview":"max-image-preview:large","max-video-preview":"max-video-preview:-1"},"canonical":"https:\/\/kedemoseducation.com\/fr\/product\/kg1-arabic\/","og_locale":"fr_FR","og_type":"article","og_title":"KG1 Arabic\u00a0 - Kedemos Education","og_description":"This Arabic workbook for KG1 offers a variety of activities, engaging stories, as well as many engaging songs and rhymes.","og_url":"https:\/\/kedemoseducation.com\/fr\/product\/kg1-arabic\/","og_site_name":"Kedemos Education","article_publisher":"https:\/\/www.facebook.com\/Kedemoseducation","article_modified_time":"2026-04-01T12:24:47+00:00","og_image":[{"width":600,"height":800,"url":"https:\/\/kedemoseducation.com\/wp-content\/uploads\/2022\/05\/PS-arabe1.jpg","type":"image\/jpeg"}],"twitter_card":"summary_large_image","twitter_misc":{"Dur\u00e9e de lecture estim\u00e9e":"1 minute"},"schema":{"@context":"https:\/\/schema.org","@graph":[{"@type":"WebPage","@id":"https:\/\/kedemoseducation.com\/product\/kg1-arabic\/","url":"https:\/\/kedemoseducation.com\/product\/kg1-arabic\/","name":"Petite Section Arabe\u00a0 - Kedemos Education","isPartOf":{"@id":"https:\/\/kedemoseducation.com\/fr\/#website"},"primaryImageOfPage":{"@id":"https:\/\/kedemoseducation.com\/product\/kg1-arabic\/#primaryimage"},"image":{"@id":"https:\/\/kedemoseducation.com\/product\/kg1-arabic\/#primaryimage"},"thumbnailUrl":"https:\/\/i0.wp.com\/kedemoseducation.com\/wp-content\/uploads\/2022\/05\/PS-arabe1.jpg?fit=600%2C800&ssl=1","datePublished":"2022-05-05T06:17:34+00:00","dateModified":"2026-04-01T12:24:47+00:00","description":"Ce fichier d'arabe pour la Petite Section propose des activit\u00e9s diverses, des contes divertissants, ainsi que des chansons et des comptines.","breadcrumb":{"@id":"https:\/\/kedemoseducation.com\/product\/kg1-arabic\/#breadcrumb"},"inLanguage":"fr-FR","potentialAction":[{"@type":"ReadAction","target":["https:\/\/kedemoseducation.com\/product\/kg1-arabic\/"]}]},{"@type":"ImageObject","inLanguage":"fr-FR","@id":"https:\/\/kedemoseducation.com\/product\/kg1-arabic\/#primaryimage","url":"https:\/\/i0.wp.com\/kedemoseducation.com\/wp-content\/uploads\/2022\/05\/PS-arabe1.jpg?fit=600%2C800&ssl=1","contentUrl":"https:\/\/i0.wp.com\/kedemoseducation.com\/wp-content\/uploads\/2022\/05\/PS-arabe1.jpg?fit=600%2C800&ssl=1","width":600,"height":800,"caption":"Alwan Kaws Kouzah \u2013 KG1 Arabic"},{"@type":"BreadcrumbList","@id":"https:\/\/kedemoseducation.com\/product\/kg1-arabic\/#breadcrumb","itemListElement":[{"@type":"ListItem","position":1,"name":"Home","item":"https:\/\/kedemoseducation.com\/"},{"@type":"ListItem","position":2,"name":"All Products","item":"https:\/\/kedemoseducation.com\/fr\/shop-2\/tous-les-produits\/"},{"@type":"ListItem","position":3,"name":"School Books","item":"https:\/\/kedemoseducation.com\/fr\/categorie-de-produit\/manuels-scolaires\/"},{"@type":"ListItem","position":4,"name":"Arabic","item":"https:\/\/kedemoseducation.com\/fr\/categorie-de-produit\/manuels-scolaires\/arabe\/"},{"@type":"ListItem","position":5,"name":"KG1","item":"https:\/\/kedemoseducation.com\/fr\/categorie-de-produit\/manuels-scolaires\/arabe\/petite-section-arabe\/"},{"@type":"ListItem","position":6,"name":"Arabic &#8211; KG1 | \u0627\u0644\u0631\u0648\u0636\u0629 \u0627\u0644\u0623\u0648\u0644\u0649"}]},{"@type":"WebSite","@id":"https:\/\/kedemoseducation.com\/fr\/#website","url":"https:\/\/kedemoseducation.com\/fr\/","name":"K\u00e9d\u00e9mos Education","description":"Le plaisir d'apprendre","publisher":{"@id":"https:\/\/kedemoseducation.com\/fr\/#organization"},"potentialAction":[{"@type":"SearchAction","target":{"@type":"EntryPoint","urlTemplate":"https:\/\/kedemoseducation.com\/fr\/?s={search_term_string}"},"query-input":{"@type":"PropertyValueSpecification","valueRequired":true,"valueName":"search_term_string"}}],"inLanguage":"fr-FR"},{"@type":"Organization","@id":"https:\/\/kedemoseducation.com\/fr\/#organization","name":"K\u00e9d\u00e9mos Education","url":"https:\/\/kedemoseducation.com\/fr\/","logo":{"@type":"ImageObject","inLanguage":"fr-FR","@id":"https:\/\/kedemoseducation.com\/fr\/#\/schema\/logo\/image\/","url":"https:\/\/kedemoseducation.com\/wp-content\/uploads\/2023\/06\/logo-kedemos-education.png","contentUrl":"https:\/\/kedemoseducation.com\/wp-content\/uploads\/2023\/06\/logo-kedemos-education.png","width":2362,"height":903,"caption":"Kedemos Education"},"image":{"@id":"https:\/\/kedemoseducation.com\/fr\/#\/schema\/logo\/image\/"},"sameAs":["https:\/\/www.facebook.com\/Kedemoseducation","https:\/\/www.instagram.com\/kedemoseducation\/","https:\/\/www.linkedin.com\/company\/kedemos-education\/"]}]}},"jetpack_sharing_enabled":true,"_links":{"self":[{"href":"https:\/\/kedemoseducation.com\/fr\/wp-json\/wp\/v2\/product\/229","targetHints":{"allow":["GET"]}}],"collection":[{"href":"https:\/\/kedemoseducation.com\/fr\/wp-json\/wp\/v2\/product"}],"about":[{"href":"https:\/\/kedemoseducation.com\/fr\/wp-json\/wp\/v2\/types\/product"}],"replies":[{"embeddable":true,"href":"https:\/\/kedemoseducation.com\/fr\/wp-json\/wp\/v2\/comments?post=229"}],"wp:featuredmedia":[{"embeddable":true,"href":"https:\/\/kedemoseducation.com\/fr\/wp-json\/wp\/v2\/media\/7310"}],"wp:attachment":[{"href":"https:\/\/kedemoseducation.com\/fr\/wp-json\/wp\/v2\/media?parent=229"}],"wp:term":[{"taxonomy":"product_brand","embeddable":true,"href":"https:\/\/kedemoseducation.com\/fr\/wp-json\/wp\/v2\/product_brand?post=229"},{"taxonomy":"product_cat","embeddable":true,"href":"https:\/\/kedemoseducation.com\/fr\/wp-json\/wp\/v2\/product_cat?post=229"},{"taxonomy":"product_tag","embeddable":true,"href":"https:\/\/kedemoseducation.com\/fr\/wp-json\/wp\/v2\/product_tag?post=229"}],"curies":[{"name":"wp","href":"https:\/\/api.w.org\/{rel}","templated":true}]}}