{"id":226,"date":"2022-05-05T06:17:32","date_gmt":"2022-05-05T06:17:32","guid":{"rendered":"https:\/\/eshop.classperts.com\/?post_type=product&#038;p=226"},"modified":"2025-12-26T09:48:25","modified_gmt":"2025-12-26T07:48:25","slug":"conte-le-gateau","status":"publish","type":"product","link":"https:\/\/kedemoseducation.com\/fr\/product\/conte-le-gateau\/","title":{"rendered":"Le g\u00e2teau"},"content":{"rendered":"<h1>Conte Le g\u00e2teau<\/h1>\n<p>Le conte Le g\u00e2teau est le septi\u00e8me de la collection <a href=\"https:\/\/www.instagram.com\/p\/Co88BEaMSEN\/\">Les <\/a>Contes Arc-En-Ciel. Il raconte l&#8217;histoire de Patty qui attend impatiemment le g\u00e2teau que pr\u00e9pare sa maman.<\/p>\n<p><strong>Contes Arc-En-Ciel<\/strong><\/p>\n<p>La collection Les Contes Arc-En-Ciel est d\u00e9di\u00e9e aux \u00e9l\u00e8ves de la <a href=\"https:\/\/kedemoseducation.com\/fr\/produit\/tps-grande-boite\/\">TPS\/Cr\u00e8che<\/a>, soit les enfants de 2 \u00e0 4 ans. Elle comprend <a href=\"https:\/\/kedemoseducation.com\/fr\/product\/bouquet-collection-les-contes-arc-en-ciel\/\">8 contes<\/a> divertissants pour les tout petits, sous forme d\u2019histoires th\u00e9matiques :<\/p>\n<ul>\n<li aria-level=\"1\"><a href=\"https:\/\/kedemoseducation.com\/fr\/produit\/conte-la-journee-de-lilou\/\">La journ\u00e9e de Lilou<\/a><\/li>\n<li aria-level=\"1\"><a href=\"https:\/\/kedemoseducation.com\/fr\/produit\/conte-que-veut-bebe\/\">Que veut B\u00e9b\u00e9 ?<\/a><\/li>\n<li aria-level=\"1\"><a href=\"https:\/\/kedemoseducation.com\/fr\/produit\/conte-le-coffre-a-jouets\/\">Le coffre \u00e0 jouets<\/a><\/li>\n<li aria-level=\"1\"><a href=\"https:\/\/kedemoseducation.com\/fr\/produit\/conte-ou-est-rex\/\">O\u00f9 est Rex ?<\/a><\/li>\n<li aria-level=\"1\"><a href=\"https:\/\/kedemoseducation.com\/fr\/produit\/conte-le-bonhomme-de-neige\/\">Le bonhomme de neige<\/a><\/li>\n<li aria-level=\"1\"><a href=\"https:\/\/kedemoseducation.com\/fr\/produit\/conte-le-bain-de-pipo\/\">Le bain de Pipo<\/a><\/li>\n<li aria-level=\"1\"><a href=\"https:\/\/kedemoseducation.com\/fr\/produit\/conte-le-gateau\/\">Le g\u00e2teau<\/a><\/li>\n<li aria-level=\"1\"><a href=\"https:\/\/kedemoseducation.com\/fr\/produit\/conte-a-la-ferme\/\">\u00c0 la ferme.<\/a><\/li>\n<\/ul>\n<p>Nos contes ont pour but d\u2019inspirer les enfants tout en les divertissant. Faciles \u00e0 comprendre et \u00e9tant parfaitement adapt\u00e9s \u00e0 leur \u00e2ge, nos histoires sont \u00e9troitement li\u00e9es aux exp\u00e9riences journali\u00e8res des tout petits, et au monde qui les fascine.<\/p>\n<p>Chacun de ces <a href=\"https:\/\/kedemoseducation.com\/fr\/product\/bouquet-collection-les-contes-arc-en-ciel\/\">8 contes e<\/a>st illustr\u00e9 par de belles images en couleurs. Les textes sont courts et de grande taille. En marge de page, vous trouverez aussi des mots de vocabulaire avec des dessins \u00e0 colorier.<\/p>\n<p>Les contes peuvent \u00eatre achet\u00e9s individuellement en grand format, <a href=\"https:\/\/kedemoseducation.com\/fr\/product\/bouquet-collection-les-contes-arc-en-ciel\/\">en bouquet de contes en grand format<\/a>, ou <a href=\"https:\/\/kedemoseducation.com\/fr\/produit\/toute-petite-section-petite-boite\/\">en bouquet avec le fichier pour la TPS<\/a>, en petit format. Il convient de signaler que le th\u00e8me de chaque conte est en rapport direct avec les apprentissages dans le fichier (si achet\u00e9s en bouquet) : en effet, le bo\u00eetier comprend une m\u00e9thode globale d\u2019apprentissage.<\/p>","protected":false},"excerpt":{"rendered":"<p><span style=\"color: #000000;\"><span style=\"font-weight: 400;\">La collection <\/span><i><span style=\"font-weight: 400;\">Les contes arc-en-ciel<\/span><\/i><span style=\"font-weight: 400;\"> qui est d\u00e9di\u00e9e \u00e0 la TPS\/Cr\u00e8che. Elle comprend 8 histoires captivantes.<\/span><\/span><\/p>","protected":false},"featured_media":7364,"comment_status":"closed","ping_status":"closed","template":"","meta":{"_monsterinsights_skip_tracking":false,"_monsterinsights_sitenote_active":false,"_monsterinsights_sitenote_note":"","_monsterinsights_sitenote_category":0},"product_brand":[],"product_cat":[159,169,151],"product_tag":[344],"class_list":{"0":"post-226","1":"product","2":"type-product","3":"status-publish","4":"has-post-thumbnail","6":"product_cat-french-storybooks","7":"product_cat-les-contes-arc-en-ciel","8":"product_cat-storybooks-for-children","9":"product_tag-2-3-years-old","10":"pa_grade-nursery","12":"first","13":"instock","14":"shipping-taxable","15":"purchasable","16":"product-type-simple"},"yoast_head":"<!-- This site is optimized with the Yoast SEO plugin v26.4 - https:\/\/yoast.com\/wordpress\/plugins\/seo\/ -->\r\n<title>Conte Le g\u00e2teau - Kedemos Education<\/title>\r\n<meta name=\"description\" content=\"Le conte Le g\u00e2teau est le septi\u00e8me de la collection Les contes arc-en-ciel. Celle-ci est d\u00e9di\u00e9e \u00e0 la TPS\/Cr\u00e8che.\" \/>\r\n<meta name=\"robots\" content=\"index, follow, max-snippet:-1, max-image-preview:large, max-video-preview:-1\" \/>\r\n<link rel=\"canonical\" href=\"https:\/\/kedemoseducation.com\/fr\/product\/conte-le-gateau\/\" \/>\r\n<meta property=\"og:locale\" content=\"fr_FR\" \/>\r\n<meta property=\"og:type\" content=\"article\" \/>\r\n<meta property=\"og:title\" content=\"Conte Le g\u00e2teau - Kedemos Education\" \/>\r\n<meta property=\"og:description\" content=\"Le conte Le g\u00e2teau est le septi\u00e8me de la collection Les contes arc-en-ciel. Celle-ci est d\u00e9di\u00e9e \u00e0 la TPS\/Cr\u00e8che.\" \/>\r\n<meta property=\"og:url\" content=\"https:\/\/kedemoseducation.com\/fr\/product\/conte-le-gateau\/\" \/>\r\n<meta property=\"og:site_name\" content=\"Kedemos Education\" \/>\r\n<meta property=\"article:publisher\" content=\"https:\/\/www.facebook.com\/Kedemoseducation\" \/>\r\n<meta property=\"article:modified_time\" content=\"2025-12-26T07:48:25+00:00\" \/>\r\n<meta property=\"og:image\" content=\"https:\/\/kedemoseducation.com\/wp-content\/uploads\/2022\/05\/le-gateau.jpg\" \/>\r\n\t<meta property=\"og:image:width\" content=\"600\" \/>\r\n\t<meta property=\"og:image:height\" content=\"800\" \/>\r\n\t<meta property=\"og:image:type\" content=\"image\/jpeg\" \/>\r\n<meta name=\"twitter:card\" content=\"summary_large_image\" \/>\r\n<meta name=\"twitter:label1\" content=\"Dur\u00e9e de lecture estim\u00e9e\" \/>\n\t<meta name=\"twitter:data1\" content=\"2 minutes\" \/>\r\n<script type=\"application\/ld+json\" class=\"yoast-schema-graph\">{\"@context\":\"https:\/\/schema.org\",\"@graph\":[{\"@type\":\"WebPage\",\"@id\":\"https:\/\/kedemoseducation.com\/en\/product\/conte-le-gateau\/\",\"url\":\"https:\/\/kedemoseducation.com\/en\/product\/conte-le-gateau\/\",\"name\":\"Conte Le g\u00e2teau - Kedemos Education\",\"isPartOf\":{\"@id\":\"https:\/\/kedemoseducation.com\/fr\/#website\"},\"primaryImageOfPage\":{\"@id\":\"https:\/\/kedemoseducation.com\/en\/product\/conte-le-gateau\/#primaryimage\"},\"image\":{\"@id\":\"https:\/\/kedemoseducation.com\/en\/product\/conte-le-gateau\/#primaryimage\"},\"thumbnailUrl\":\"https:\/\/i0.wp.com\/kedemoseducation.com\/wp-content\/uploads\/2022\/05\/le-gateau.jpg?fit=600%2C800&ssl=1\",\"datePublished\":\"2022-05-05T06:17:32+00:00\",\"dateModified\":\"2025-12-26T07:48:25+00:00\",\"description\":\"Le conte Le g\u00e2teau est le septi\u00e8me de la collection Les contes arc-en-ciel. Celle-ci est d\u00e9di\u00e9e \u00e0 la TPS\/Cr\u00e8che.\",\"breadcrumb\":{\"@id\":\"https:\/\/kedemoseducation.com\/en\/product\/conte-le-gateau\/#breadcrumb\"},\"inLanguage\":\"fr-FR\",\"potentialAction\":[{\"@type\":\"ReadAction\",\"target\":[\"https:\/\/kedemoseducation.com\/en\/product\/conte-le-gateau\/\"]}]},{\"@type\":\"ImageObject\",\"inLanguage\":\"fr-FR\",\"@id\":\"https:\/\/kedemoseducation.com\/en\/product\/conte-le-gateau\/#primaryimage\",\"url\":\"https:\/\/i0.wp.com\/kedemoseducation.com\/wp-content\/uploads\/2022\/05\/le-gateau.jpg?fit=600%2C800&ssl=1\",\"contentUrl\":\"https:\/\/i0.wp.com\/kedemoseducation.com\/wp-content\/uploads\/2022\/05\/le-gateau.jpg?fit=600%2C800&ssl=1\",\"width\":600,\"height\":800,\"caption\":\"Conte Le g\u00e2teau\"},{\"@type\":\"BreadcrumbList\",\"@id\":\"https:\/\/kedemoseducation.com\/en\/product\/conte-le-gateau\/#breadcrumb\",\"itemListElement\":[{\"@type\":\"ListItem\",\"position\":1,\"name\":\"Home\",\"item\":\"https:\/\/kedemoseducation.com\/\"},{\"@type\":\"ListItem\",\"position\":2,\"name\":\"All Products\",\"item\":\"https:\/\/kedemoseducation.com\/fr\/shop-2\/tous-les-produits\/\"},{\"@type\":\"ListItem\",\"position\":3,\"name\":\"Stories\",\"item\":\"https:\/\/kedemoseducation.com\/en\/product-category\/storybooks-for-children\/\"},{\"@type\":\"ListItem\",\"position\":4,\"name\":\"French\",\"item\":\"https:\/\/kedemoseducation.com\/en\/product-category\/storybooks-for-children\/french-storybooks\/\"},{\"@type\":\"ListItem\",\"position\":5,\"name\":\"Les contes arc-en-ciel\",\"item\":\"https:\/\/kedemoseducation.com\/en\/product-category\/storybooks-for-children\/french-storybooks\/les-contes-arc-en-ciel\/\"},{\"@type\":\"ListItem\",\"position\":6,\"name\":\"Le g\u00e2teau\"}]},{\"@type\":\"WebSite\",\"@id\":\"https:\/\/kedemoseducation.com\/fr\/#website\",\"url\":\"https:\/\/kedemoseducation.com\/fr\/\",\"name\":\"Kedemos Education\",\"description\":\"The Pleasure of Learning\",\"publisher\":{\"@id\":\"https:\/\/kedemoseducation.com\/fr\/#organization\"},\"potentialAction\":[{\"@type\":\"SearchAction\",\"target\":{\"@type\":\"EntryPoint\",\"urlTemplate\":\"https:\/\/kedemoseducation.com\/fr\/?s={search_term_string}\"},\"query-input\":{\"@type\":\"PropertyValueSpecification\",\"valueRequired\":true,\"valueName\":\"search_term_string\"}}],\"inLanguage\":\"fr-FR\"},{\"@type\":\"Organization\",\"@id\":\"https:\/\/kedemoseducation.com\/fr\/#organization\",\"name\":\"Kedemos Education\",\"url\":\"https:\/\/kedemoseducation.com\/fr\/\",\"logo\":{\"@type\":\"ImageObject\",\"inLanguage\":\"fr-FR\",\"@id\":\"https:\/\/kedemoseducation.com\/fr\/#\/schema\/logo\/image\/\",\"url\":\"https:\/\/kedemoseducation.com\/wp-content\/uploads\/2023\/06\/logo-kedemos-education.png\",\"contentUrl\":\"https:\/\/kedemoseducation.com\/wp-content\/uploads\/2023\/06\/logo-kedemos-education.png\",\"width\":2362,\"height\":903,\"caption\":\"Kedemos Education\"},\"image\":{\"@id\":\"https:\/\/kedemoseducation.com\/fr\/#\/schema\/logo\/image\/\"},\"sameAs\":[\"https:\/\/www.facebook.com\/Kedemoseducation\",\"https:\/\/www.instagram.com\/kedemoseducation\/\",\"https:\/\/www.linkedin.com\/company\/kedemos-education\/\"]}]}<\/script>\r\n<!-- \/ Yoast SEO plugin. -->","yoast_head_json":{"title":"Conte Le g\u00e2teau - Kedemos Education","description":"Le conte Le g\u00e2teau est le septi\u00e8me de la collection Les contes arc-en-ciel. Celle-ci est d\u00e9di\u00e9e \u00e0 la TPS\/Cr\u00e8che.","robots":{"index":"index","follow":"follow","max-snippet":"max-snippet:-1","max-image-preview":"max-image-preview:large","max-video-preview":"max-video-preview:-1"},"canonical":"https:\/\/kedemoseducation.com\/fr\/product\/conte-le-gateau\/","og_locale":"fr_FR","og_type":"article","og_title":"Conte Le g\u00e2teau - Kedemos Education","og_description":"Le conte Le g\u00e2teau est le septi\u00e8me de la collection Les contes arc-en-ciel. Celle-ci est d\u00e9di\u00e9e \u00e0 la TPS\/Cr\u00e8che.","og_url":"https:\/\/kedemoseducation.com\/fr\/product\/conte-le-gateau\/","og_site_name":"Kedemos Education","article_publisher":"https:\/\/www.facebook.com\/Kedemoseducation","article_modified_time":"2025-12-26T07:48:25+00:00","og_image":[{"width":600,"height":800,"url":"https:\/\/kedemoseducation.com\/wp-content\/uploads\/2022\/05\/le-gateau.jpg","type":"image\/jpeg"}],"twitter_card":"summary_large_image","twitter_misc":{"Dur\u00e9e de lecture estim\u00e9e":"2 minutes"},"schema":{"@context":"https:\/\/schema.org","@graph":[{"@type":"WebPage","@id":"https:\/\/kedemoseducation.com\/en\/product\/conte-le-gateau\/","url":"https:\/\/kedemoseducation.com\/en\/product\/conte-le-gateau\/","name":"Conte Le g\u00e2teau - Kedemos Education","isPartOf":{"@id":"https:\/\/kedemoseducation.com\/fr\/#website"},"primaryImageOfPage":{"@id":"https:\/\/kedemoseducation.com\/en\/product\/conte-le-gateau\/#primaryimage"},"image":{"@id":"https:\/\/kedemoseducation.com\/en\/product\/conte-le-gateau\/#primaryimage"},"thumbnailUrl":"https:\/\/i0.wp.com\/kedemoseducation.com\/wp-content\/uploads\/2022\/05\/le-gateau.jpg?fit=600%2C800&ssl=1","datePublished":"2022-05-05T06:17:32+00:00","dateModified":"2025-12-26T07:48:25+00:00","description":"Le conte Le g\u00e2teau est le septi\u00e8me de la collection Les contes arc-en-ciel. Celle-ci est d\u00e9di\u00e9e \u00e0 la TPS\/Cr\u00e8che.","breadcrumb":{"@id":"https:\/\/kedemoseducation.com\/en\/product\/conte-le-gateau\/#breadcrumb"},"inLanguage":"fr-FR","potentialAction":[{"@type":"ReadAction","target":["https:\/\/kedemoseducation.com\/en\/product\/conte-le-gateau\/"]}]},{"@type":"ImageObject","inLanguage":"fr-FR","@id":"https:\/\/kedemoseducation.com\/en\/product\/conte-le-gateau\/#primaryimage","url":"https:\/\/i0.wp.com\/kedemoseducation.com\/wp-content\/uploads\/2022\/05\/le-gateau.jpg?fit=600%2C800&ssl=1","contentUrl":"https:\/\/i0.wp.com\/kedemoseducation.com\/wp-content\/uploads\/2022\/05\/le-gateau.jpg?fit=600%2C800&ssl=1","width":600,"height":800,"caption":"Conte Le g\u00e2teau"},{"@type":"BreadcrumbList","@id":"https:\/\/kedemoseducation.com\/en\/product\/conte-le-gateau\/#breadcrumb","itemListElement":[{"@type":"ListItem","position":1,"name":"Home","item":"https:\/\/kedemoseducation.com\/"},{"@type":"ListItem","position":2,"name":"All Products","item":"https:\/\/kedemoseducation.com\/fr\/shop-2\/tous-les-produits\/"},{"@type":"ListItem","position":3,"name":"Stories","item":"https:\/\/kedemoseducation.com\/en\/product-category\/storybooks-for-children\/"},{"@type":"ListItem","position":4,"name":"French","item":"https:\/\/kedemoseducation.com\/en\/product-category\/storybooks-for-children\/french-storybooks\/"},{"@type":"ListItem","position":5,"name":"Les contes arc-en-ciel","item":"https:\/\/kedemoseducation.com\/en\/product-category\/storybooks-for-children\/french-storybooks\/les-contes-arc-en-ciel\/"},{"@type":"ListItem","position":6,"name":"Le g\u00e2teau"}]},{"@type":"WebSite","@id":"https:\/\/kedemoseducation.com\/fr\/#website","url":"https:\/\/kedemoseducation.com\/fr\/","name":"K\u00e9d\u00e9mos Education","description":"Le plaisir d'apprendre","publisher":{"@id":"https:\/\/kedemoseducation.com\/fr\/#organization"},"potentialAction":[{"@type":"SearchAction","target":{"@type":"EntryPoint","urlTemplate":"https:\/\/kedemoseducation.com\/fr\/?s={search_term_string}"},"query-input":{"@type":"PropertyValueSpecification","valueRequired":true,"valueName":"search_term_string"}}],"inLanguage":"fr-FR"},{"@type":"Organization","@id":"https:\/\/kedemoseducation.com\/fr\/#organization","name":"K\u00e9d\u00e9mos Education","url":"https:\/\/kedemoseducation.com\/fr\/","logo":{"@type":"ImageObject","inLanguage":"fr-FR","@id":"https:\/\/kedemoseducation.com\/fr\/#\/schema\/logo\/image\/","url":"https:\/\/kedemoseducation.com\/wp-content\/uploads\/2023\/06\/logo-kedemos-education.png","contentUrl":"https:\/\/kedemoseducation.com\/wp-content\/uploads\/2023\/06\/logo-kedemos-education.png","width":2362,"height":903,"caption":"Kedemos Education"},"image":{"@id":"https:\/\/kedemoseducation.com\/fr\/#\/schema\/logo\/image\/"},"sameAs":["https:\/\/www.facebook.com\/Kedemoseducation","https:\/\/www.instagram.com\/kedemoseducation\/","https:\/\/www.linkedin.com\/company\/kedemos-education\/"]}]}},"jetpack_sharing_enabled":true,"_links":{"self":[{"href":"https:\/\/kedemoseducation.com\/fr\/wp-json\/wp\/v2\/product\/226","targetHints":{"allow":["GET"]}}],"collection":[{"href":"https:\/\/kedemoseducation.com\/fr\/wp-json\/wp\/v2\/product"}],"about":[{"href":"https:\/\/kedemoseducation.com\/fr\/wp-json\/wp\/v2\/types\/product"}],"replies":[{"embeddable":true,"href":"https:\/\/kedemoseducation.com\/fr\/wp-json\/wp\/v2\/comments?post=226"}],"wp:featuredmedia":[{"embeddable":true,"href":"https:\/\/kedemoseducation.com\/fr\/wp-json\/wp\/v2\/media\/7364"}],"wp:attachment":[{"href":"https:\/\/kedemoseducation.com\/fr\/wp-json\/wp\/v2\/media?parent=226"}],"wp:term":[{"taxonomy":"product_brand","embeddable":true,"href":"https:\/\/kedemoseducation.com\/fr\/wp-json\/wp\/v2\/product_brand?post=226"},{"taxonomy":"product_cat","embeddable":true,"href":"https:\/\/kedemoseducation.com\/fr\/wp-json\/wp\/v2\/product_cat?post=226"},{"taxonomy":"product_tag","embeddable":true,"href":"https:\/\/kedemoseducation.com\/fr\/wp-json\/wp\/v2\/product_tag?post=226"}],"curies":[{"name":"wp","href":"https:\/\/api.w.org\/{rel}","templated":true}]}}