{"id":219,"date":"2022-05-05T06:17:27","date_gmt":"2022-05-05T06:17:27","guid":{"rendered":"https:\/\/eshop.classperts.com\/?post_type=product&#038;p=219"},"modified":"2026-02-20T13:26:56","modified_gmt":"2026-02-20T11:26:56","slug":"nursery-large-kit","status":"publish","type":"product","link":"https:\/\/kedemoseducation.com\/fr\/product\/nursery-grande-boite\/","title":{"rendered":"Toute Petite Section - Anglais | Grande Bo\u00eete"},"content":{"rendered":"<h1><strong>Rainbow for Nursery (Cr\u00e8che)<\/strong><\/h1>\n<h2><strong>Pr\u00e9sentation de la m\u00e9thode de la Nursery<\/strong><\/h2>\n<p><span style=\"font-weight: 400;\">La m\u00e9thode \u00ab Rainbow for Nursery \u00bb (TPS ou Cr\u00e8che) est destin\u00e9e aux enfants de 2 \u00e0 4 ans. Elle se pr\u00e9sente sous forme de bo\u00eetiers individuels pour chaque enfant. Chaque bo\u00eetier contient les outils n\u00e9cessaires au bon d\u00e9veloppement de nos tout-petits.<\/span><\/p>\n<p><span style=\"font-weight: 400;\">La m\u00e9thode pour la Nursery ou TPS existe en deux formats : la Petite Bo\u00eete et la Grande Bo\u00eete. Toutes deux contiennent les m\u00eames outils p\u00e9dagogiques :<\/span><\/p>\n<ul>\n<li style=\"font-weight: 400;\" aria-level=\"1\"><span style=\"font-weight: 400;\">Des fiches d\u2019activit\u00e9s.<\/span><\/li>\n<li style=\"font-weight: 400;\" aria-level=\"1\"><span style=\"font-weight: 400;\">De grandes enveloppes pour chacun des th\u00e8mes abord\u00e9s.<\/span><\/li>\n<li style=\"font-weight: 400;\" aria-level=\"1\"><a href=\"https:\/\/kedemoseducation.com\/fr\/product-category\/storybooks-for-children\/english-stories\/rainbow-stories\/\"><span style=\"font-weight: 400;\">Huit contes.<\/span><\/a><\/li>\n<li style=\"font-weight: 400;\" aria-level=\"1\"><span style=\"font-weight: 400;\">Deux CD.<\/span><\/li>\n<li style=\"font-weight: 400;\" aria-level=\"1\"><span style=\"font-weight: 400;\">Des autocollants.<\/span><\/li>\n<\/ul>\n<p><span style=\"font-weight: 400;\">La diff\u00e9rence est que la Grande Bo\u00eete comprend \u00e9galement du mat\u00e9riel artistique adapt\u00e9 aux enfants en bas \u00e2ge.<\/span><\/p>\n<p><strong>Le mat\u00e9riel artistique de la marque \u00ab Alpino Baby \u00bb comprend :<\/strong><\/p>\n<ul>\n<li style=\"font-weight: 400;\" aria-level=\"1\"><span style=\"font-weight: 400;\">Des crayons de couleur.<\/span><\/li>\n<li style=\"font-weight: 400;\" aria-level=\"1\"><span style=\"font-weight: 400;\">Des crayons-cire.<\/span><\/li>\n<li style=\"font-weight: 400;\" aria-level=\"1\"><span style=\"font-weight: 400;\">Des crayons \u00e0 papier.<\/span><\/li>\n<li style=\"font-weight: 400;\" aria-level=\"1\"><span style=\"font-weight: 400;\">Un taille-crayon.<\/span><\/li>\n<li style=\"font-weight: 400;\" aria-level=\"1\"><span style=\"font-weight: 400;\">De la peinture.<\/span><\/li>\n<li style=\"font-weight: 400;\" aria-level=\"1\"><span style=\"font-weight: 400;\">De la p\u00e2te \u00e0 modeler.<\/span><\/li>\n<\/ul>\n<p><span style=\"font-weight: 400;\">Les crayons sont \u00e9pais afin de faciliter la prise en main. Les formules de la peinture et de la p\u00e2te \u00e0 modeler rendent les taches faciles \u00e0 nettoyer. De plus, l\u2019ensemble du mat\u00e9riel est con\u00e7u pour \u00eatre s\u00fbr, m\u00eame si les enfants sont tent\u00e9s de le porter \u00e0 la bouche.<\/span><\/p>","protected":false},"excerpt":{"rendered":"<p><span style=\"font-weight: 400;\">Cette m\u00e9thode repose sur des activit\u00e9s particuli\u00e8rement motivantes, con\u00e7ues pour permettre aux tout-petits d\u2019apprendre en jouant et de s\u2019initier au langage tout en s\u2019amusant.<\/span><\/p>\n<p><span style=\"font-weight: 400;\">Pour acc\u00e9der \u00e0 la Grande Bo\u00eete de la Toute Petite Section, veuillez cliquer <a href=\"https:\/\/kedemoseducation.com\/fr\/product\/nursery-petite-boite\/\">ici<\/a>.<\/span><\/p>","protected":false},"featured_media":7314,"comment_status":"closed","ping_status":"closed","template":"","meta":{"_monsterinsights_skip_tracking":false,"_monsterinsights_sitenote_active":false,"_monsterinsights_sitenote_note":"","_monsterinsights_sitenote_category":0},"product_brand":[],"product_cat":[44,16,43],"product_tag":[90,94,95,96],"class_list":{"0":"post-219","1":"product","2":"type-product","3":"status-publish","4":"has-post-thumbnail","6":"product_cat-nursery-rainbow-colors","7":"product_cat-school-books","8":"product_cat-english","9":"product_tag-rainbow","10":"product_tag-alpino-baby","11":"product_tag-nursery","12":"product_tag-nursery-kit","13":"pa_grade-nursery","15":"first","16":"instock","17":"sale","18":"shipping-taxable","19":"purchasable","20":"product-type-simple"},"yoast_head":"<!-- This site is optimized with the Yoast SEO plugin v26.4 - https:\/\/yoast.com\/wordpress\/plugins\/seo\/ -->\r\n<title>Nursery - Large Kit - Kedemos Education<\/title>\r\n<meta name=\"description\" content=\"The Rainbow Colors Nursery Large Kit introduces toddlers to English through playful, age-appropriate learning activities.\" \/>\r\n<meta name=\"robots\" content=\"index, follow, max-snippet:-1, max-image-preview:large, max-video-preview:-1\" \/>\r\n<link rel=\"canonical\" href=\"https:\/\/kedemoseducation.com\/fr\/product\/nursery-grande-boite\/\" \/>\r\n<meta property=\"og:locale\" content=\"fr_FR\" \/>\r\n<meta property=\"og:type\" content=\"article\" \/>\r\n<meta property=\"og:title\" content=\"Nursery - Large Kit - Kedemos Education\" \/>\r\n<meta property=\"og:description\" content=\"The Rainbow Colors Nursery Large Kit introduces toddlers to English through playful, age-appropriate learning activities.\" \/>\r\n<meta property=\"og:url\" content=\"https:\/\/kedemoseducation.com\/fr\/product\/nursery-grande-boite\/\" \/>\r\n<meta property=\"og:site_name\" content=\"Kedemos Education\" \/>\r\n<meta property=\"article:publisher\" content=\"https:\/\/www.facebook.com\/Kedemoseducation\" \/>\r\n<meta property=\"article:modified_time\" content=\"2026-02-20T11:26:56+00:00\" \/>\r\n<meta property=\"og:image\" content=\"https:\/\/kedemoseducation.com\/wp-content\/uploads\/2022\/05\/Nursery-Grande-boite-kedemos-education.jpg\" \/>\r\n\t<meta property=\"og:image:width\" content=\"600\" \/>\r\n\t<meta property=\"og:image:height\" content=\"800\" \/>\r\n\t<meta property=\"og:image:type\" content=\"image\/jpeg\" \/>\r\n<meta name=\"twitter:card\" content=\"summary_large_image\" \/>\r\n<meta name=\"twitter:label1\" content=\"Dur\u00e9e de lecture estim\u00e9e\" \/>\n\t<meta name=\"twitter:data1\" content=\"1 minute\" \/>\r\n<script type=\"application\/ld+json\" class=\"yoast-schema-graph\">{\"@context\":\"https:\/\/schema.org\",\"@graph\":[{\"@type\":\"WebPage\",\"@id\":\"https:\/\/kedemoseducation.com\/product\/nursery-large-kit\/\",\"url\":\"https:\/\/kedemoseducation.com\/product\/nursery-large-kit\/\",\"name\":\"Nursery - Large Kit - Kedemos Education\",\"isPartOf\":{\"@id\":\"https:\/\/kedemoseducation.com\/fr\/#website\"},\"primaryImageOfPage\":{\"@id\":\"https:\/\/kedemoseducation.com\/product\/nursery-large-kit\/#primaryimage\"},\"image\":{\"@id\":\"https:\/\/kedemoseducation.com\/product\/nursery-large-kit\/#primaryimage\"},\"thumbnailUrl\":\"https:\/\/i0.wp.com\/kedemoseducation.com\/wp-content\/uploads\/2022\/05\/Nursery-Grande-boite-kedemos-education.jpg?fit=600%2C800&ssl=1\",\"datePublished\":\"2022-05-05T06:17:27+00:00\",\"dateModified\":\"2026-02-20T11:26:56+00:00\",\"description\":\"The Rainbow Colors Nursery Large Kit introduces toddlers to English through playful, age-appropriate learning activities.\",\"breadcrumb\":{\"@id\":\"https:\/\/kedemoseducation.com\/product\/nursery-large-kit\/#breadcrumb\"},\"inLanguage\":\"fr-FR\",\"potentialAction\":[{\"@type\":\"ReadAction\",\"target\":[\"https:\/\/kedemoseducation.com\/product\/nursery-large-kit\/\"]}]},{\"@type\":\"ImageObject\",\"inLanguage\":\"fr-FR\",\"@id\":\"https:\/\/kedemoseducation.com\/product\/nursery-large-kit\/#primaryimage\",\"url\":\"https:\/\/i0.wp.com\/kedemoseducation.com\/wp-content\/uploads\/2022\/05\/Nursery-Grande-boite-kedemos-education.jpg?fit=600%2C800&ssl=1\",\"contentUrl\":\"https:\/\/i0.wp.com\/kedemoseducation.com\/wp-content\/uploads\/2022\/05\/Nursery-Grande-boite-kedemos-education.jpg?fit=600%2C800&ssl=1\",\"width\":600,\"height\":800,\"caption\":\"Rainbow - Nursery (TPS ou Cr\u00e8che)\"},{\"@type\":\"BreadcrumbList\",\"@id\":\"https:\/\/kedemoseducation.com\/product\/nursery-large-kit\/#breadcrumb\",\"itemListElement\":[{\"@type\":\"ListItem\",\"position\":1,\"name\":\"Home\",\"item\":\"https:\/\/kedemoseducation.com\/\"},{\"@type\":\"ListItem\",\"position\":2,\"name\":\"All Products\",\"item\":\"https:\/\/kedemoseducation.com\/fr\/shop-2\/tous-les-produits\/\"},{\"@type\":\"ListItem\",\"position\":3,\"name\":\"School Books\",\"item\":\"https:\/\/kedemoseducation.com\/fr\/categorie-de-produit\/manuels-scolaires\/\"},{\"@type\":\"ListItem\",\"position\":4,\"name\":\"Nursery &#8211; Large Kit\"}]},{\"@type\":\"WebSite\",\"@id\":\"https:\/\/kedemoseducation.com\/fr\/#website\",\"url\":\"https:\/\/kedemoseducation.com\/fr\/\",\"name\":\"Kedemos Education\",\"description\":\"The Pleasure of Learning\",\"publisher\":{\"@id\":\"https:\/\/kedemoseducation.com\/fr\/#organization\"},\"potentialAction\":[{\"@type\":\"SearchAction\",\"target\":{\"@type\":\"EntryPoint\",\"urlTemplate\":\"https:\/\/kedemoseducation.com\/fr\/?s={search_term_string}\"},\"query-input\":{\"@type\":\"PropertyValueSpecification\",\"valueRequired\":true,\"valueName\":\"search_term_string\"}}],\"inLanguage\":\"fr-FR\"},{\"@type\":\"Organization\",\"@id\":\"https:\/\/kedemoseducation.com\/fr\/#organization\",\"name\":\"Kedemos Education\",\"url\":\"https:\/\/kedemoseducation.com\/fr\/\",\"logo\":{\"@type\":\"ImageObject\",\"inLanguage\":\"fr-FR\",\"@id\":\"https:\/\/kedemoseducation.com\/fr\/#\/schema\/logo\/image\/\",\"url\":\"https:\/\/kedemoseducation.com\/wp-content\/uploads\/2023\/06\/logo-kedemos-education.png\",\"contentUrl\":\"https:\/\/kedemoseducation.com\/wp-content\/uploads\/2023\/06\/logo-kedemos-education.png\",\"width\":2362,\"height\":903,\"caption\":\"Kedemos Education\"},\"image\":{\"@id\":\"https:\/\/kedemoseducation.com\/fr\/#\/schema\/logo\/image\/\"},\"sameAs\":[\"https:\/\/www.facebook.com\/Kedemoseducation\",\"https:\/\/www.instagram.com\/kedemoseducation\/\",\"https:\/\/www.linkedin.com\/company\/kedemos-education\/\"]}]}<\/script>\r\n<!-- \/ Yoast SEO plugin. -->","yoast_head_json":{"title":"Nursery- Grande Boite - K\u00e9d\u00e9mos Education","description":"Le Rainbow Colors Nursery Large Kit s\u2019int\u00e8gre dans une m\u00e9thode compl\u00e8te d\u2019apprentissage de l\u2019anglais pour les tout-petits.","robots":{"index":"index","follow":"follow","max-snippet":"max-snippet:-1","max-image-preview":"max-image-preview:large","max-video-preview":"max-video-preview:-1"},"canonical":"https:\/\/kedemoseducation.com\/fr\/product\/nursery-grande-boite\/","og_locale":"fr_FR","og_type":"article","og_title":"Nursery - Large Kit - Kedemos Education","og_description":"The Rainbow Colors Nursery Large Kit introduces toddlers to English through playful, age-appropriate learning activities.","og_url":"https:\/\/kedemoseducation.com\/fr\/product\/nursery-grande-boite\/","og_site_name":"Kedemos Education","article_publisher":"https:\/\/www.facebook.com\/Kedemoseducation","article_modified_time":"2026-02-20T11:26:56+00:00","og_image":[{"width":600,"height":800,"url":"https:\/\/kedemoseducation.com\/wp-content\/uploads\/2022\/05\/Nursery-Grande-boite-kedemos-education.jpg","type":"image\/jpeg"}],"twitter_card":"summary_large_image","twitter_misc":{"Dur\u00e9e de lecture estim\u00e9e":"1 minute"},"schema":{"@context":"https:\/\/schema.org","@graph":[{"@type":"WebPage","@id":"https:\/\/kedemoseducation.com\/product\/nursery-large-kit\/","url":"https:\/\/kedemoseducation.com\/product\/nursery-large-kit\/","name":"Nursery- Grande Boite - K\u00e9d\u00e9mos Education","isPartOf":{"@id":"https:\/\/kedemoseducation.com\/fr\/#website"},"primaryImageOfPage":{"@id":"https:\/\/kedemoseducation.com\/product\/nursery-large-kit\/#primaryimage"},"image":{"@id":"https:\/\/kedemoseducation.com\/product\/nursery-large-kit\/#primaryimage"},"thumbnailUrl":"https:\/\/i0.wp.com\/kedemoseducation.com\/wp-content\/uploads\/2022\/05\/Nursery-Grande-boite-kedemos-education.jpg?fit=600%2C800&ssl=1","datePublished":"2022-05-05T06:17:27+00:00","dateModified":"2026-02-20T11:26:56+00:00","description":"Le Rainbow Colors Nursery Large Kit s\u2019int\u00e8gre dans une m\u00e9thode compl\u00e8te d\u2019apprentissage de l\u2019anglais pour les tout-petits.","breadcrumb":{"@id":"https:\/\/kedemoseducation.com\/product\/nursery-large-kit\/#breadcrumb"},"inLanguage":"fr-FR","potentialAction":[{"@type":"ReadAction","target":["https:\/\/kedemoseducation.com\/product\/nursery-large-kit\/"]}]},{"@type":"ImageObject","inLanguage":"fr-FR","@id":"https:\/\/kedemoseducation.com\/product\/nursery-large-kit\/#primaryimage","url":"https:\/\/i0.wp.com\/kedemoseducation.com\/wp-content\/uploads\/2022\/05\/Nursery-Grande-boite-kedemos-education.jpg?fit=600%2C800&ssl=1","contentUrl":"https:\/\/i0.wp.com\/kedemoseducation.com\/wp-content\/uploads\/2022\/05\/Nursery-Grande-boite-kedemos-education.jpg?fit=600%2C800&ssl=1","width":600,"height":800,"caption":"Rainbow - Nursery (TPS ou Cr\u00e8che)"},{"@type":"BreadcrumbList","@id":"https:\/\/kedemoseducation.com\/product\/nursery-large-kit\/#breadcrumb","itemListElement":[{"@type":"ListItem","position":1,"name":"Home","item":"https:\/\/kedemoseducation.com\/"},{"@type":"ListItem","position":2,"name":"All Products","item":"https:\/\/kedemoseducation.com\/fr\/shop-2\/tous-les-produits\/"},{"@type":"ListItem","position":3,"name":"School Books","item":"https:\/\/kedemoseducation.com\/fr\/categorie-de-produit\/manuels-scolaires\/"},{"@type":"ListItem","position":4,"name":"Nursery &#8211; Large Kit"}]},{"@type":"WebSite","@id":"https:\/\/kedemoseducation.com\/fr\/#website","url":"https:\/\/kedemoseducation.com\/fr\/","name":"K\u00e9d\u00e9mos Education","description":"Le plaisir d'apprendre","publisher":{"@id":"https:\/\/kedemoseducation.com\/fr\/#organization"},"potentialAction":[{"@type":"SearchAction","target":{"@type":"EntryPoint","urlTemplate":"https:\/\/kedemoseducation.com\/fr\/?s={search_term_string}"},"query-input":{"@type":"PropertyValueSpecification","valueRequired":true,"valueName":"search_term_string"}}],"inLanguage":"fr-FR"},{"@type":"Organization","@id":"https:\/\/kedemoseducation.com\/fr\/#organization","name":"K\u00e9d\u00e9mos Education","url":"https:\/\/kedemoseducation.com\/fr\/","logo":{"@type":"ImageObject","inLanguage":"fr-FR","@id":"https:\/\/kedemoseducation.com\/fr\/#\/schema\/logo\/image\/","url":"https:\/\/kedemoseducation.com\/wp-content\/uploads\/2023\/06\/logo-kedemos-education.png","contentUrl":"https:\/\/kedemoseducation.com\/wp-content\/uploads\/2023\/06\/logo-kedemos-education.png","width":2362,"height":903,"caption":"Kedemos Education"},"image":{"@id":"https:\/\/kedemoseducation.com\/fr\/#\/schema\/logo\/image\/"},"sameAs":["https:\/\/www.facebook.com\/Kedemoseducation","https:\/\/www.instagram.com\/kedemoseducation\/","https:\/\/www.linkedin.com\/company\/kedemos-education\/"]}]}},"jetpack_sharing_enabled":true,"_links":{"self":[{"href":"https:\/\/kedemoseducation.com\/fr\/wp-json\/wp\/v2\/product\/219","targetHints":{"allow":["GET"]}}],"collection":[{"href":"https:\/\/kedemoseducation.com\/fr\/wp-json\/wp\/v2\/product"}],"about":[{"href":"https:\/\/kedemoseducation.com\/fr\/wp-json\/wp\/v2\/types\/product"}],"replies":[{"embeddable":true,"href":"https:\/\/kedemoseducation.com\/fr\/wp-json\/wp\/v2\/comments?post=219"}],"wp:featuredmedia":[{"embeddable":true,"href":"https:\/\/kedemoseducation.com\/fr\/wp-json\/wp\/v2\/media\/7314"}],"wp:attachment":[{"href":"https:\/\/kedemoseducation.com\/fr\/wp-json\/wp\/v2\/media?parent=219"}],"wp:term":[{"taxonomy":"product_brand","embeddable":true,"href":"https:\/\/kedemoseducation.com\/fr\/wp-json\/wp\/v2\/product_brand?post=219"},{"taxonomy":"product_cat","embeddable":true,"href":"https:\/\/kedemoseducation.com\/fr\/wp-json\/wp\/v2\/product_cat?post=219"},{"taxonomy":"product_tag","embeddable":true,"href":"https:\/\/kedemoseducation.com\/fr\/wp-json\/wp\/v2\/product_tag?post=219"}],"curies":[{"name":"wp","href":"https:\/\/api.w.org\/{rel}","templated":true}]}}