{"id":212,"date":"2022-05-05T06:17:24","date_gmt":"2022-05-05T06:17:24","guid":{"rendered":"https:\/\/eshop.classperts.com\/?post_type=product&#038;p=212"},"modified":"2025-12-26T09:51:59","modified_gmt":"2025-12-26T07:51:59","slug":"le-concours","status":"publish","type":"product","link":"https:\/\/kedemoseducation.com\/fr\/product\/le-concours\/","title":{"rendered":"Le concours"},"content":{"rendered":"<h1><strong><span style=\"color: #000000;\">Conte Le concours\u00a0<\/span><\/strong><\/h1>\n<p><span style=\"color: #000000;\"><span style=\"font-weight: 400;\">Le conte <\/span><i><span style=\"font-weight: 400;\">Le concours<\/span><\/i><span style=\"font-weight: 400;\"> est le septi\u00e8me de la collection <span style=\"color: #3366ff;\"><a style=\"color: #3366ff;\" href=\"https:\/\/www.instagram.com\/p\/CZwFjDLtipy\/\"><i>Contes en mille couleurs <\/i><\/a><\/span><span style=\"color: #3366ff;\">&#8211; S\u00e9rie Jaune<\/span> <\/span><i><span style=\"font-weight: 400;\">. <\/span><\/i><span style=\"font-weight: 400;\">Il raconte l&#8217;histoire des habitants de Joliville qui ne peuvent plus vivre dans cette ville tr\u00e8s pollu\u00e9e. Un concours \u00e9cologique de moyens de transport est alors organis\u00e9, et seuls les gagnants pourront circuler dans la ville. Qui va gagner le concours ?<\/span><\/span><\/p>\n<p><span style=\"color: #000000;\"><b>Contes en mille couleurs<\/b><\/span><\/p>\n<p><span style=\"color: #000000;\"><span style=\"font-weight: 400;\">La collection <\/span><span style=\"color: #3366ff;\"><a style=\"color: #3366ff;\" href=\"https:\/\/www.instagram.com\/p\/CZwFjDLtipy\/\"><i><span style=\"font-weight: 400;\">Contes en mille couleurs <\/span><\/i><\/a><\/span><span style=\"font-weight: 400;\"><span style=\"color: #3366ff;\">&#8211; S\u00e9rie Jaune<\/span> &#8211; est d\u00e9di\u00e9e aux \u00e9l\u00e8ves de la grande section (GS), soit les enfants de 5 \u00e0 6 ans. Elle comprend 10 contes divertissants pour les petits, sous forme d\u2019histoires th\u00e9matiques :<\/span><\/span><\/p>\n<ul>\n<li style=\"font-weight: 400;\" aria-level=\"1\"><span style=\"color: #3366ff;\"><a style=\"color: #3366ff;\" href=\"https:\/\/kedemoseducation.com\/fr\/produit\/un-doudou-tres-jaloux\/\"><span style=\"font-weight: 400;\">Un doudou tr\u00e8s jaloux<\/span><\/a><\/span><\/li>\n<li style=\"font-weight: 400;\" aria-level=\"1\"><span style=\"color: #3366ff;\"><a style=\"color: #3366ff;\" href=\"https:\/\/kedemoseducation.com\/fr\/produit\/la-maison-de-lili\/\"><span style=\"font-weight: 400;\">La maison de Lili<\/span><\/a><\/span><\/li>\n<li style=\"font-weight: 400;\" aria-level=\"1\"><span style=\"color: #3366ff;\"><a style=\"color: #3366ff;\" href=\"https:\/\/kedemoseducation.com\/fr\/produit\/micro-le-microbe\/\"><span style=\"font-weight: 400;\">Micro, le microbe<\/span><\/a><\/span><\/li>\n<li style=\"font-weight: 400;\" aria-level=\"1\"><span style=\"color: #3366ff;\"><a style=\"color: #3366ff;\" href=\"https:\/\/kedemoseducation.com\/fr\/produit\/le-grand-voyage-de-nino\/\"><span style=\"font-weight: 400;\">Le grand voyage de Nino<\/span><\/a><\/span><\/li>\n<li style=\"font-weight: 400;\" aria-level=\"1\"><span style=\"color: #3366ff;\"><a style=\"color: #3366ff;\" href=\"https:\/\/kedemoseducation.com\/fr\/produit\/qui-sera-mon-ami\/\"><span style=\"font-weight: 400;\">Qui sera mon ami ?<\/span><\/a><\/span><\/li>\n<li style=\"font-weight: 400;\" aria-level=\"1\"><span style=\"color: #3366ff;\"><a style=\"color: #3366ff;\" href=\"https:\/\/kedemoseducation.com\/fr\/produit\/un-gros-gourmand\/\"><span style=\"font-weight: 400;\">Un gros gourmand<\/span><\/a><\/span><\/li>\n<li aria-level=\"1\">Le concours<\/li>\n<li style=\"font-weight: 400;\" aria-level=\"1\"><span style=\"color: #3366ff;\"><a style=\"color: #3366ff;\" href=\"https:\/\/kedemoseducation.com\/fr\/produit\/la-fete-a-la-ferme\/\"><span style=\"font-weight: 400;\">La f\u00eate \u00e0 la ferme<\/span><\/a><\/span><\/li>\n<li style=\"font-weight: 400;\" aria-level=\"1\"><span style=\"color: #3366ff;\"><a style=\"color: #3366ff;\" href=\"https:\/\/kedemoseducation.com\/fr\/produit\/le-bon-docteur-ouplala\/\"><span style=\"font-weight: 400;\">Le bon docteur Ouplala<\/span><\/a><\/span><\/li>\n<li style=\"font-weight: 400;\" aria-level=\"1\"><span style=\"color: #3366ff;\"><a style=\"color: #3366ff;\" href=\"https:\/\/kedemoseducation.com\/fr\/produit\/les-sept-couleurs-de-larc-en-ciel\/\"><span style=\"font-weight: 400;\">Les sept couleurs de l\u2019arc-en-ciel.<\/span><\/a><\/span><\/li>\n<\/ul>\n<p><span style=\"font-weight: 400; color: #000000;\">Nos contes ont pour but d\u2019inspirer les enfants tout en les divertissant. Faciles \u00e0 comprendre et \u00e9tant parfaitement adapt\u00e9s \u00e0 leur \u00e2ge, nos histoires sont \u00e9troitement li\u00e9es aux exp\u00e9riences journali\u00e8res des tout petits, et au monde qui les fascine.\u00a0<\/span><\/p>\n<p><span style=\"font-weight: 400; color: #000000;\">Chacun de ces 10 contes est illustr\u00e9 par de belles images en couleurs. Les textes sont courts et de grande taille. En marge de page, vous trouverez aussi des mots de vocabulaire avec des dessins \u00e0 colorier.<\/span><\/p>\n<p><span style=\"font-weight: 400; color: #000000;\">Les contes sont disponibles uniquement en grand format, et peuvent \u00eatre achet\u00e9s individuellement ou <span style=\"color: #3366ff;\"><a style=\"color: #3366ff;\" href=\"https:\/\/kedemoseducation.com\/fr\/produit\/collection-contes-en-mille-couleurs-serie-jaune\/\">en bouquet de contes<\/a><\/span>. Il convient de signaler que le th\u00e8me de chaque conte est en rapport direct avec les apprentissages dans <span style=\"color: #3366ff;\"><a style=\"color: #3366ff;\" href=\"https:\/\/kedemoseducation.com\/fr\/produit\/grande-section-livre-de-lecture-bal\/\">le manuel pour la GS<\/a><\/span>.<\/span><\/p>","protected":false},"excerpt":{"rendered":"<p><span style=\"font-weight: 400;\">Cette collection de contes propose des albums tout en couleur, pour d\u00e9couvrir, lire et aimer des histoires courtes, passionnantes, et adapt\u00e9es au niveau linguistique, psychologique et affectif de nos enfants de 6 \u00e0 8 ans.<\/span><\/p>","protected":false},"featured_media":7442,"comment_status":"closed","ping_status":"closed","template":"","meta":{"_monsterinsights_skip_tracking":false,"_monsterinsights_sitenote_active":false,"_monsterinsights_sitenote_note":"","_monsterinsights_sitenote_category":0},"product_brand":[],"product_cat":[159,160,162,151],"product_tag":[313],"class_list":{"0":"post-212","1":"product","2":"type-product","3":"status-publish","4":"has-post-thumbnail","6":"product_cat-french-storybooks","7":"product_cat-contes-en-mille-couleurs","8":"product_cat-yellow-series","9":"product_cat-storybooks-for-children","10":"product_tag-5-7-years-old","12":"first","13":"instock","14":"shipping-taxable","15":"purchasable","16":"product-type-simple"},"yoast_head":"<!-- This site is optimized with the Yoast SEO plugin v26.4 - https:\/\/yoast.com\/wordpress\/plugins\/seo\/ -->\r\n<title>Le concours - Kedemos Education<\/title>\r\n<meta name=\"description\" content=\"Le conte &quot;Le concours&quot; : Face \u00e0 la pollution, les habitants de Joliville organisent un concours pour d\u00e9cider quels v\u00e9hicules peuvent circuler en ville.\" \/>\r\n<meta name=\"robots\" content=\"index, follow, max-snippet:-1, max-image-preview:large, max-video-preview:-1\" \/>\r\n<link rel=\"canonical\" href=\"https:\/\/kedemoseducation.com\/fr\/product\/le-concours\/\" \/>\r\n<meta property=\"og:locale\" content=\"fr_FR\" \/>\r\n<meta property=\"og:type\" content=\"article\" \/>\r\n<meta property=\"og:title\" content=\"Le concours - Kedemos Education\" \/>\r\n<meta property=\"og:description\" content=\"Le conte &quot;Le concours&quot; : Face \u00e0 la pollution, les habitants de Joliville organisent un concours pour d\u00e9cider quels v\u00e9hicules peuvent circuler en ville.\" \/>\r\n<meta property=\"og:url\" content=\"https:\/\/kedemoseducation.com\/fr\/product\/le-concours\/\" \/>\r\n<meta property=\"og:site_name\" content=\"Kedemos Education\" \/>\r\n<meta property=\"article:publisher\" content=\"https:\/\/www.facebook.com\/Kedemoseducation\" \/>\r\n<meta property=\"article:modified_time\" content=\"2025-12-26T07:51:59+00:00\" \/>\r\n<meta property=\"og:image\" content=\"https:\/\/kedemoseducation.com\/wp-content\/uploads\/2022\/05\/le-concours-1.jpg\" \/>\r\n\t<meta property=\"og:image:width\" content=\"600\" \/>\r\n\t<meta property=\"og:image:height\" content=\"800\" \/>\r\n\t<meta property=\"og:image:type\" content=\"image\/jpeg\" \/>\r\n<meta name=\"twitter:card\" content=\"summary_large_image\" \/>\r\n<meta name=\"twitter:label1\" content=\"Dur\u00e9e de lecture estim\u00e9e\" \/>\n\t<meta name=\"twitter:data1\" content=\"2 minutes\" \/>\r\n<script type=\"application\/ld+json\" class=\"yoast-schema-graph\">{\"@context\":\"https:\/\/schema.org\",\"@graph\":[{\"@type\":\"WebPage\",\"@id\":\"https:\/\/kedemoseducation.com\/en\/product\/le-concours\/\",\"url\":\"https:\/\/kedemoseducation.com\/en\/product\/le-concours\/\",\"name\":\"Le concours - Kedemos Education\",\"isPartOf\":{\"@id\":\"https:\/\/kedemoseducation.com\/fr\/#website\"},\"primaryImageOfPage\":{\"@id\":\"https:\/\/kedemoseducation.com\/en\/product\/le-concours\/#primaryimage\"},\"image\":{\"@id\":\"https:\/\/kedemoseducation.com\/en\/product\/le-concours\/#primaryimage\"},\"thumbnailUrl\":\"https:\/\/i0.wp.com\/kedemoseducation.com\/wp-content\/uploads\/2022\/05\/le-concours-1.jpg?fit=600%2C800&ssl=1\",\"datePublished\":\"2022-05-05T06:17:24+00:00\",\"dateModified\":\"2025-12-26T07:51:59+00:00\",\"description\":\"Le conte \\\"Le concours\\\" : Face \u00e0 la pollution, les habitants de Joliville organisent un concours pour d\u00e9cider quels v\u00e9hicules peuvent circuler en ville.\",\"breadcrumb\":{\"@id\":\"https:\/\/kedemoseducation.com\/en\/product\/le-concours\/#breadcrumb\"},\"inLanguage\":\"fr-FR\",\"potentialAction\":[{\"@type\":\"ReadAction\",\"target\":[\"https:\/\/kedemoseducation.com\/en\/product\/le-concours\/\"]}]},{\"@type\":\"ImageObject\",\"inLanguage\":\"fr-FR\",\"@id\":\"https:\/\/kedemoseducation.com\/en\/product\/le-concours\/#primaryimage\",\"url\":\"https:\/\/i0.wp.com\/kedemoseducation.com\/wp-content\/uploads\/2022\/05\/le-concours-1.jpg?fit=600%2C800&ssl=1\",\"contentUrl\":\"https:\/\/i0.wp.com\/kedemoseducation.com\/wp-content\/uploads\/2022\/05\/le-concours-1.jpg?fit=600%2C800&ssl=1\",\"width\":600,\"height\":800,\"caption\":\"Conte Le concours\u00a0\"},{\"@type\":\"BreadcrumbList\",\"@id\":\"https:\/\/kedemoseducation.com\/en\/product\/le-concours\/#breadcrumb\",\"itemListElement\":[{\"@type\":\"ListItem\",\"position\":1,\"name\":\"Home\",\"item\":\"https:\/\/kedemoseducation.com\/\"},{\"@type\":\"ListItem\",\"position\":2,\"name\":\"All Products\",\"item\":\"https:\/\/kedemoseducation.com\/fr\/shop-2\/tous-les-produits\/\"},{\"@type\":\"ListItem\",\"position\":3,\"name\":\"Stories\",\"item\":\"https:\/\/kedemoseducation.com\/en\/product-category\/storybooks-for-children\/\"},{\"@type\":\"ListItem\",\"position\":4,\"name\":\"French\",\"item\":\"https:\/\/kedemoseducation.com\/en\/product-category\/storybooks-for-children\/french-storybooks\/\"},{\"@type\":\"ListItem\",\"position\":5,\"name\":\"Contes en mille couleurs\",\"item\":\"https:\/\/kedemoseducation.com\/fr\/categorie-de-produit\/contes-pour-enfants\/contes-en-francais\/contes-en-mille-couleurs\/\"},{\"@type\":\"ListItem\",\"position\":6,\"name\":\"Yellow Series\",\"item\":\"https:\/\/kedemoseducation.com\/fr\/categorie-de-produit\/contes-pour-enfants\/contes-en-francais\/contes-en-mille-couleurs\/serie-jaune\/\"},{\"@type\":\"ListItem\",\"position\":7,\"name\":\"Le concours\"}]},{\"@type\":\"WebSite\",\"@id\":\"https:\/\/kedemoseducation.com\/fr\/#website\",\"url\":\"https:\/\/kedemoseducation.com\/fr\/\",\"name\":\"Kedemos Education\",\"description\":\"The Pleasure of Learning\",\"publisher\":{\"@id\":\"https:\/\/kedemoseducation.com\/fr\/#organization\"},\"potentialAction\":[{\"@type\":\"SearchAction\",\"target\":{\"@type\":\"EntryPoint\",\"urlTemplate\":\"https:\/\/kedemoseducation.com\/fr\/?s={search_term_string}\"},\"query-input\":{\"@type\":\"PropertyValueSpecification\",\"valueRequired\":true,\"valueName\":\"search_term_string\"}}],\"inLanguage\":\"fr-FR\"},{\"@type\":\"Organization\",\"@id\":\"https:\/\/kedemoseducation.com\/fr\/#organization\",\"name\":\"Kedemos Education\",\"url\":\"https:\/\/kedemoseducation.com\/fr\/\",\"logo\":{\"@type\":\"ImageObject\",\"inLanguage\":\"fr-FR\",\"@id\":\"https:\/\/kedemoseducation.com\/fr\/#\/schema\/logo\/image\/\",\"url\":\"https:\/\/kedemoseducation.com\/wp-content\/uploads\/2023\/06\/logo-kedemos-education.png\",\"contentUrl\":\"https:\/\/kedemoseducation.com\/wp-content\/uploads\/2023\/06\/logo-kedemos-education.png\",\"width\":2362,\"height\":903,\"caption\":\"Kedemos Education\"},\"image\":{\"@id\":\"https:\/\/kedemoseducation.com\/fr\/#\/schema\/logo\/image\/\"},\"sameAs\":[\"https:\/\/www.facebook.com\/Kedemoseducation\",\"https:\/\/www.instagram.com\/kedemoseducation\/\",\"https:\/\/www.linkedin.com\/company\/kedemos-education\/\"]}]}<\/script>\r\n<!-- \/ Yoast SEO plugin. -->","yoast_head_json":{"title":"Le concours - Kedemos Education","description":"Le conte \"Le concours\" : Face \u00e0 la pollution, les habitants de Joliville organisent un concours pour d\u00e9cider quels v\u00e9hicules peuvent circuler en ville.","robots":{"index":"index","follow":"follow","max-snippet":"max-snippet:-1","max-image-preview":"max-image-preview:large","max-video-preview":"max-video-preview:-1"},"canonical":"https:\/\/kedemoseducation.com\/fr\/product\/le-concours\/","og_locale":"fr_FR","og_type":"article","og_title":"Le concours - Kedemos Education","og_description":"Le conte \"Le concours\" : Face \u00e0 la pollution, les habitants de Joliville organisent un concours pour d\u00e9cider quels v\u00e9hicules peuvent circuler en ville.","og_url":"https:\/\/kedemoseducation.com\/fr\/product\/le-concours\/","og_site_name":"Kedemos Education","article_publisher":"https:\/\/www.facebook.com\/Kedemoseducation","article_modified_time":"2025-12-26T07:51:59+00:00","og_image":[{"width":600,"height":800,"url":"https:\/\/kedemoseducation.com\/wp-content\/uploads\/2022\/05\/le-concours-1.jpg","type":"image\/jpeg"}],"twitter_card":"summary_large_image","twitter_misc":{"Dur\u00e9e de lecture estim\u00e9e":"2 minutes"},"schema":{"@context":"https:\/\/schema.org","@graph":[{"@type":"WebPage","@id":"https:\/\/kedemoseducation.com\/en\/product\/le-concours\/","url":"https:\/\/kedemoseducation.com\/en\/product\/le-concours\/","name":"Le concours - Kedemos Education","isPartOf":{"@id":"https:\/\/kedemoseducation.com\/fr\/#website"},"primaryImageOfPage":{"@id":"https:\/\/kedemoseducation.com\/en\/product\/le-concours\/#primaryimage"},"image":{"@id":"https:\/\/kedemoseducation.com\/en\/product\/le-concours\/#primaryimage"},"thumbnailUrl":"https:\/\/i0.wp.com\/kedemoseducation.com\/wp-content\/uploads\/2022\/05\/le-concours-1.jpg?fit=600%2C800&ssl=1","datePublished":"2022-05-05T06:17:24+00:00","dateModified":"2025-12-26T07:51:59+00:00","description":"Le conte \"Le concours\" : Face \u00e0 la pollution, les habitants de Joliville organisent un concours pour d\u00e9cider quels v\u00e9hicules peuvent circuler en ville.","breadcrumb":{"@id":"https:\/\/kedemoseducation.com\/en\/product\/le-concours\/#breadcrumb"},"inLanguage":"fr-FR","potentialAction":[{"@type":"ReadAction","target":["https:\/\/kedemoseducation.com\/en\/product\/le-concours\/"]}]},{"@type":"ImageObject","inLanguage":"fr-FR","@id":"https:\/\/kedemoseducation.com\/en\/product\/le-concours\/#primaryimage","url":"https:\/\/i0.wp.com\/kedemoseducation.com\/wp-content\/uploads\/2022\/05\/le-concours-1.jpg?fit=600%2C800&ssl=1","contentUrl":"https:\/\/i0.wp.com\/kedemoseducation.com\/wp-content\/uploads\/2022\/05\/le-concours-1.jpg?fit=600%2C800&ssl=1","width":600,"height":800,"caption":"Conte Le concours\u00a0"},{"@type":"BreadcrumbList","@id":"https:\/\/kedemoseducation.com\/en\/product\/le-concours\/#breadcrumb","itemListElement":[{"@type":"ListItem","position":1,"name":"Home","item":"https:\/\/kedemoseducation.com\/"},{"@type":"ListItem","position":2,"name":"All Products","item":"https:\/\/kedemoseducation.com\/fr\/shop-2\/tous-les-produits\/"},{"@type":"ListItem","position":3,"name":"Stories","item":"https:\/\/kedemoseducation.com\/en\/product-category\/storybooks-for-children\/"},{"@type":"ListItem","position":4,"name":"French","item":"https:\/\/kedemoseducation.com\/en\/product-category\/storybooks-for-children\/french-storybooks\/"},{"@type":"ListItem","position":5,"name":"Contes en mille couleurs","item":"https:\/\/kedemoseducation.com\/fr\/categorie-de-produit\/contes-pour-enfants\/contes-en-francais\/contes-en-mille-couleurs\/"},{"@type":"ListItem","position":6,"name":"Yellow Series","item":"https:\/\/kedemoseducation.com\/fr\/categorie-de-produit\/contes-pour-enfants\/contes-en-francais\/contes-en-mille-couleurs\/serie-jaune\/"},{"@type":"ListItem","position":7,"name":"Le concours"}]},{"@type":"WebSite","@id":"https:\/\/kedemoseducation.com\/fr\/#website","url":"https:\/\/kedemoseducation.com\/fr\/","name":"K\u00e9d\u00e9mos Education","description":"Le plaisir d'apprendre","publisher":{"@id":"https:\/\/kedemoseducation.com\/fr\/#organization"},"potentialAction":[{"@type":"SearchAction","target":{"@type":"EntryPoint","urlTemplate":"https:\/\/kedemoseducation.com\/fr\/?s={search_term_string}"},"query-input":{"@type":"PropertyValueSpecification","valueRequired":true,"valueName":"search_term_string"}}],"inLanguage":"fr-FR"},{"@type":"Organization","@id":"https:\/\/kedemoseducation.com\/fr\/#organization","name":"K\u00e9d\u00e9mos Education","url":"https:\/\/kedemoseducation.com\/fr\/","logo":{"@type":"ImageObject","inLanguage":"fr-FR","@id":"https:\/\/kedemoseducation.com\/fr\/#\/schema\/logo\/image\/","url":"https:\/\/kedemoseducation.com\/wp-content\/uploads\/2023\/06\/logo-kedemos-education.png","contentUrl":"https:\/\/kedemoseducation.com\/wp-content\/uploads\/2023\/06\/logo-kedemos-education.png","width":2362,"height":903,"caption":"Kedemos Education"},"image":{"@id":"https:\/\/kedemoseducation.com\/fr\/#\/schema\/logo\/image\/"},"sameAs":["https:\/\/www.facebook.com\/Kedemoseducation","https:\/\/www.instagram.com\/kedemoseducation\/","https:\/\/www.linkedin.com\/company\/kedemos-education\/"]}]}},"jetpack_sharing_enabled":true,"_links":{"self":[{"href":"https:\/\/kedemoseducation.com\/fr\/wp-json\/wp\/v2\/product\/212","targetHints":{"allow":["GET"]}}],"collection":[{"href":"https:\/\/kedemoseducation.com\/fr\/wp-json\/wp\/v2\/product"}],"about":[{"href":"https:\/\/kedemoseducation.com\/fr\/wp-json\/wp\/v2\/types\/product"}],"replies":[{"embeddable":true,"href":"https:\/\/kedemoseducation.com\/fr\/wp-json\/wp\/v2\/comments?post=212"}],"wp:featuredmedia":[{"embeddable":true,"href":"https:\/\/kedemoseducation.com\/fr\/wp-json\/wp\/v2\/media\/7442"}],"wp:attachment":[{"href":"https:\/\/kedemoseducation.com\/fr\/wp-json\/wp\/v2\/media?parent=212"}],"wp:term":[{"taxonomy":"product_brand","embeddable":true,"href":"https:\/\/kedemoseducation.com\/fr\/wp-json\/wp\/v2\/product_brand?post=212"},{"taxonomy":"product_cat","embeddable":true,"href":"https:\/\/kedemoseducation.com\/fr\/wp-json\/wp\/v2\/product_cat?post=212"},{"taxonomy":"product_tag","embeddable":true,"href":"https:\/\/kedemoseducation.com\/fr\/wp-json\/wp\/v2\/product_tag?post=212"}],"curies":[{"name":"wp","href":"https:\/\/api.w.org\/{rel}","templated":true}]}}