{"id":207,"date":"2022-05-05T06:17:21","date_gmt":"2022-05-05T06:17:21","guid":{"rendered":"https:\/\/eshop.classperts.com\/?post_type=product&#038;p=207"},"modified":"2026-02-06T11:27:33","modified_gmt":"2026-02-06T09:27:33","slug":"kg3-exercise-workbook-bal","status":"publish","type":"product","link":"https:\/\/kedemoseducation.com\/fr\/product\/grande-section-cahier-dexercices-bal\/","title":{"rendered":"Grande Section \u2013 Cahier d\u2019Exercices"},"content":{"rendered":"<h1><strong>Cahier d\u2019exercices Grande Section - La Bo\u00eete aux Lettres\u00a0<\/strong><\/h1>\n<h2><strong>Pr\u00e9sentation de la M\u00e9thode de la Grande Section<\/strong><\/h2>\n<p><span style=\"font-weight: 400;\">Ce cahier d\u2019exercices pour la Grande Section fait partie de la collection La Bo\u00eete aux Lettres.<\/span><\/p>\n<p><span style=\"font-weight: 400;\">La collection La Bo\u00eete aux Lettres pour la Grande Section est bas\u00e9e sur la m\u00e9thode syllabique de lecture. Cette m\u00e9thode permet une progression claire et logique, allant du plus simple au plus complexe (de la lettre \u00e0 la syllabe, puis au mot, \u00e0 la phrase et au texte).<\/span><\/p>\n<p><span style=\"font-weight: 400;\">Ce livre de lecture pour la Grande Section prolonge et d\u00e9veloppe nos m\u00e9thodes de Petite et Moyenne Sections. L\u2019esprit, les contenus et les pratiques y sont donc repris et approfondis. Nos m\u00e9thodes mettent l'accent sur l'expression orale, qui constitue la base de l'apprentissage de la lecture et de l'initiation \u00e0 l'\u00e9crit.<\/span><\/p>\n<p><span style=\"font-weight: 400;\">La Bo\u00eete aux Lettres pour la GS est bas\u00e9e sur les principes m\u00e9thodologiques suivants :<\/span><\/p>\n<ul>\n<li><span style=\"font-weight: 400;\">Priorit\u00e9 accord\u00e9e \u00e0 l\u2019expression et \u00e0 la compr\u00e9hension orales \u00e0 travers des exercices vari\u00e9s.<\/span><\/li>\n<li><span style=\"font-weight: 400;\">Une abondance d\u2019illustrations : des images color\u00e9es et attractives renforcent la compr\u00e9hension et facilitent l'expression.<\/span><\/li>\n<li><span style=\"font-weight: 400;\">La participation active des enfants : des activit\u00e9s vari\u00e9es et interactives pour susciter leur int\u00e9r\u00eat.<\/span><\/li>\n<li><span style=\"font-weight: 400;\">L\u2019apprentissage des lettres et de leurs sons afin d\u2019initier les \u00e9l\u00e8ves \u00e0 la lecture.\u00a0<\/span><\/li>\n<li><span style=\"font-weight: 400;\">Des \u00e9valuations r\u00e9guli\u00e8res permettant de suivre les progr\u00e8s des enfants.<\/span><\/li>\n<\/ul>\n<p><span style=\"font-weight: 400;\">La Bo\u00eete aux Lettres pour la Grande Section est une m\u00e9thode compl\u00e8te d'apprentissage du fran\u00e7ais. Elle est compos\u00e9e des trois volets suivants : un <a href=\"https:\/\/kedemoseducation.com\/fr\/product\/grande-section-livre-de-lecture-bal\/\">livre de lecture<\/a>, un cahier d'exercices et un <a href=\"https:\/\/kedemoseducation.com\/fr\/product\/grande-section-cahier-decriture-bal\/\">cahier d'\u00e9criture<\/span><\/a>Cette collection est aussi accompagn\u00e9e de<a href=\"https:\/\/kedemoseducation.com\/fr\/categorie-de-produit\/contes-pour-enfants\/contes-en-francais\/contes-en-mille-couleurs\/serie-jaune\/\"> 10 contes.<\/a>\u00a0<\/span><\/p>\n<h3><b>Cahier d\u2019Exercices<\/b><\/h3>\n<p><span style=\"font-weight: 400;\">Ce cahier d'exercices pour la GS fait travailler et \u00e9value trois comp\u00e9tences : la compr\u00e9hension orale, la compr\u00e9hension \u00e9crite et l\u2019expression \u00e9crite. Il propose \u00e9galement des exercices vari\u00e9s portant sur les phon\u00e8mes et les graph\u00e8mes, ainsi que sur l'enrichissement lexical. Ce cahier d\u2019exercices accompagne le livre de lecture.<\/span><\/p>","protected":false},"excerpt":{"rendered":"<p><span style=\"font-weight: 400;\">Ce cahier d\u2019exercices de la collection La Bo\u00eete aux Lettres fait travailler la compr\u00e9hension orale ainsi que la compr\u00e9hension et l\u2019expression \u00e9crites.<\/span><\/p>\n<p><span style=\"font-weight: 400;\">Il accompagne le livre de lecture de la Grande Section. Pour acc\u00e9der \u00e0 la collection compl\u00e8te de La Bo\u00eete aux Lettres pour la GS, veuillez <a href=\"https:\/\/kedemoseducation.com\/fr\/product-category\/school-books\/french\/kindergarten\/la-boite-aux-lettres-kindergarten\/kg3-la-boite-aux-lettres\/\">cliquer ici.<\/a><\/span><\/p>","protected":false},"featured_media":7243,"comment_status":"closed","ping_status":"closed","template":"","meta":{"_monsterinsights_skip_tracking":false,"_monsterinsights_sitenote_active":false,"_monsterinsights_sitenote_note":"","_monsterinsights_sitenote_category":0},"product_brand":[],"product_cat":[17,33,16,330],"product_tag":[56,75,79,80],"class_list":{"0":"post-207","1":"product","2":"type-product","3":"status-publish","4":"has-post-thumbnail","6":"product_cat-french","7":"product_cat-kg3-la-boite-aux-lettres","8":"product_cat-school-books","9":"product_cat-la-boite-aux-lettres-kindergarten","10":"product_tag-maternelle","11":"product_tag-la-boite-aux-lettres","12":"product_tag-grande-section","13":"product_tag-kg3","14":"pa_grade-kg3","16":"first","17":"instock","18":"shipping-taxable","19":"purchasable","20":"product-type-simple"},"yoast_head":"<!-- This site is optimized with the Yoast SEO plugin v26.4 - https:\/\/yoast.com\/wordpress\/plugins\/seo\/ -->\r\n<title>Exercise workbook KG3 - Kedemos Education<\/title>\r\n<meta name=\"description\" content=\"This exercise workbook for KG3 focuses on oral comprehension, written comprehension, and written expression, as well as phonemes and graphemes.\" \/>\r\n<meta name=\"robots\" content=\"index, follow, max-snippet:-1, max-image-preview:large, max-video-preview:-1\" \/>\r\n<link rel=\"canonical\" href=\"https:\/\/kedemoseducation.com\/fr\/product\/grande-section-cahier-dexercices-bal\/\" \/>\r\n<meta property=\"og:locale\" content=\"fr_FR\" \/>\r\n<meta property=\"og:type\" content=\"article\" \/>\r\n<meta property=\"og:title\" content=\"Exercise workbook KG3 - Kedemos Education\" \/>\r\n<meta property=\"og:description\" content=\"This exercise workbook for KG3 focuses on oral comprehension, written comprehension, and written expression, as well as phonemes and graphemes.\" \/>\r\n<meta property=\"og:url\" content=\"https:\/\/kedemoseducation.com\/fr\/product\/grande-section-cahier-dexercices-bal\/\" \/>\r\n<meta property=\"og:site_name\" content=\"Kedemos Education\" \/>\r\n<meta property=\"article:publisher\" content=\"https:\/\/www.facebook.com\/Kedemoseducation\" \/>\r\n<meta property=\"article:modified_time\" content=\"2026-02-06T09:27:33+00:00\" \/>\r\n<meta property=\"og:image\" content=\"https:\/\/kedemoseducation.com\/wp-content\/uploads\/2022\/05\/Exercice-GS-BAL-1.jpg\" \/>\r\n\t<meta property=\"og:image:width\" content=\"600\" \/>\r\n\t<meta property=\"og:image:height\" content=\"800\" \/>\r\n\t<meta property=\"og:image:type\" content=\"image\/jpeg\" \/>\r\n<meta name=\"twitter:card\" content=\"summary_large_image\" \/>\r\n<meta name=\"twitter:label1\" content=\"Dur\u00e9e de lecture estim\u00e9e\" \/>\n\t<meta name=\"twitter:data1\" content=\"2 minutes\" \/>\r\n<script type=\"application\/ld+json\" class=\"yoast-schema-graph\">{\"@context\":\"https:\/\/schema.org\",\"@graph\":[{\"@type\":\"WebPage\",\"@id\":\"https:\/\/kedemoseducation.com\/product\/grande-section-cahier-dexercices-bal\/\",\"url\":\"https:\/\/kedemoseducation.com\/product\/grande-section-cahier-dexercices-bal\/\",\"name\":\"Exercise workbook KG3 - Kedemos Education\",\"isPartOf\":{\"@id\":\"https:\/\/kedemoseducation.com\/fr\/#website\"},\"primaryImageOfPage\":{\"@id\":\"https:\/\/kedemoseducation.com\/product\/grande-section-cahier-dexercices-bal\/#primaryimage\"},\"image\":{\"@id\":\"https:\/\/kedemoseducation.com\/product\/grande-section-cahier-dexercices-bal\/#primaryimage\"},\"thumbnailUrl\":\"https:\/\/i0.wp.com\/kedemoseducation.com\/wp-content\/uploads\/2022\/05\/Exercice-GS-BAL-1.jpg?fit=600%2C800&ssl=1\",\"datePublished\":\"2022-05-05T06:17:21+00:00\",\"dateModified\":\"2026-02-06T09:27:33+00:00\",\"description\":\"This exercise workbook for KG3 focuses on oral comprehension, written comprehension, and written expression, as well as phonemes and graphemes.\",\"breadcrumb\":{\"@id\":\"https:\/\/kedemoseducation.com\/product\/grande-section-cahier-dexercices-bal\/#breadcrumb\"},\"inLanguage\":\"fr-FR\",\"potentialAction\":[{\"@type\":\"ReadAction\",\"target\":[\"https:\/\/kedemoseducation.com\/product\/grande-section-cahier-dexercices-bal\/\"]}]},{\"@type\":\"ImageObject\",\"inLanguage\":\"fr-FR\",\"@id\":\"https:\/\/kedemoseducation.com\/product\/grande-section-cahier-dexercices-bal\/#primaryimage\",\"url\":\"https:\/\/i0.wp.com\/kedemoseducation.com\/wp-content\/uploads\/2022\/05\/Exercice-GS-BAL-1.jpg?fit=600%2C800&ssl=1\",\"contentUrl\":\"https:\/\/i0.wp.com\/kedemoseducation.com\/wp-content\/uploads\/2022\/05\/Exercice-GS-BAL-1.jpg?fit=600%2C800&ssl=1\",\"width\":600,\"height\":800,\"caption\":\"KG3 - Exercise Workbook\"},{\"@type\":\"BreadcrumbList\",\"@id\":\"https:\/\/kedemoseducation.com\/product\/grande-section-cahier-dexercices-bal\/#breadcrumb\",\"itemListElement\":[{\"@type\":\"ListItem\",\"position\":1,\"name\":\"Home\",\"item\":\"https:\/\/kedemoseducation.com\/\"},{\"@type\":\"ListItem\",\"position\":2,\"name\":\"All Products\",\"item\":\"https:\/\/kedemoseducation.com\/fr\/shop-2\/tous-les-produits\/\"},{\"@type\":\"ListItem\",\"position\":3,\"name\":\"School Books\",\"item\":\"https:\/\/kedemoseducation.com\/fr\/categorie-de-produit\/manuels-scolaires\/\"},{\"@type\":\"ListItem\",\"position\":4,\"name\":\"KG3 &#8211; Exercise Workbook\"}]},{\"@type\":\"WebSite\",\"@id\":\"https:\/\/kedemoseducation.com\/fr\/#website\",\"url\":\"https:\/\/kedemoseducation.com\/fr\/\",\"name\":\"Kedemos Education\",\"description\":\"The Pleasure of Learning\",\"publisher\":{\"@id\":\"https:\/\/kedemoseducation.com\/fr\/#organization\"},\"potentialAction\":[{\"@type\":\"SearchAction\",\"target\":{\"@type\":\"EntryPoint\",\"urlTemplate\":\"https:\/\/kedemoseducation.com\/fr\/?s={search_term_string}\"},\"query-input\":{\"@type\":\"PropertyValueSpecification\",\"valueRequired\":true,\"valueName\":\"search_term_string\"}}],\"inLanguage\":\"fr-FR\"},{\"@type\":\"Organization\",\"@id\":\"https:\/\/kedemoseducation.com\/fr\/#organization\",\"name\":\"Kedemos Education\",\"url\":\"https:\/\/kedemoseducation.com\/fr\/\",\"logo\":{\"@type\":\"ImageObject\",\"inLanguage\":\"fr-FR\",\"@id\":\"https:\/\/kedemoseducation.com\/fr\/#\/schema\/logo\/image\/\",\"url\":\"https:\/\/kedemoseducation.com\/wp-content\/uploads\/2023\/06\/logo-kedemos-education.png\",\"contentUrl\":\"https:\/\/kedemoseducation.com\/wp-content\/uploads\/2023\/06\/logo-kedemos-education.png\",\"width\":2362,\"height\":903,\"caption\":\"Kedemos Education\"},\"image\":{\"@id\":\"https:\/\/kedemoseducation.com\/fr\/#\/schema\/logo\/image\/\"},\"sameAs\":[\"https:\/\/www.facebook.com\/Kedemoseducation\",\"https:\/\/www.instagram.com\/kedemoseducation\/\",\"https:\/\/www.linkedin.com\/company\/kedemos-education\/\"]}]}<\/script>\r\n<!-- \/ Yoast SEO plugin. -->","yoast_head_json":{"title":"Grande Section \u2013 Cahier d\u2019Exercices - K\u00e9d\u00e9mos Education","description":"Ce cahier d\u2019exercices pour la Grande Section fait travailler la compr\u00e9hension orale, la compr\u00e9hension \u00e9crite et l\u2019expression \u00e9crite.","robots":{"index":"index","follow":"follow","max-snippet":"max-snippet:-1","max-image-preview":"max-image-preview:large","max-video-preview":"max-video-preview:-1"},"canonical":"https:\/\/kedemoseducation.com\/fr\/product\/grande-section-cahier-dexercices-bal\/","og_locale":"fr_FR","og_type":"article","og_title":"Exercise workbook KG3 - Kedemos Education","og_description":"This exercise workbook for KG3 focuses on oral comprehension, written comprehension, and written expression, as well as phonemes and graphemes.","og_url":"https:\/\/kedemoseducation.com\/fr\/product\/grande-section-cahier-dexercices-bal\/","og_site_name":"Kedemos Education","article_publisher":"https:\/\/www.facebook.com\/Kedemoseducation","article_modified_time":"2026-02-06T09:27:33+00:00","og_image":[{"width":600,"height":800,"url":"https:\/\/kedemoseducation.com\/wp-content\/uploads\/2022\/05\/Exercice-GS-BAL-1.jpg","type":"image\/jpeg"}],"twitter_card":"summary_large_image","twitter_misc":{"Dur\u00e9e de lecture estim\u00e9e":"2 minutes"},"schema":{"@context":"https:\/\/schema.org","@graph":[{"@type":"WebPage","@id":"https:\/\/kedemoseducation.com\/product\/grande-section-cahier-dexercices-bal\/","url":"https:\/\/kedemoseducation.com\/product\/grande-section-cahier-dexercices-bal\/","name":"Grande Section \u2013 Cahier d\u2019Exercices - K\u00e9d\u00e9mos Education","isPartOf":{"@id":"https:\/\/kedemoseducation.com\/fr\/#website"},"primaryImageOfPage":{"@id":"https:\/\/kedemoseducation.com\/product\/grande-section-cahier-dexercices-bal\/#primaryimage"},"image":{"@id":"https:\/\/kedemoseducation.com\/product\/grande-section-cahier-dexercices-bal\/#primaryimage"},"thumbnailUrl":"https:\/\/i0.wp.com\/kedemoseducation.com\/wp-content\/uploads\/2022\/05\/Exercice-GS-BAL-1.jpg?fit=600%2C800&ssl=1","datePublished":"2022-05-05T06:17:21+00:00","dateModified":"2026-02-06T09:27:33+00:00","description":"Ce cahier d\u2019exercices pour la Grande Section fait travailler la compr\u00e9hension orale, la compr\u00e9hension \u00e9crite et l\u2019expression \u00e9crite.","breadcrumb":{"@id":"https:\/\/kedemoseducation.com\/product\/grande-section-cahier-dexercices-bal\/#breadcrumb"},"inLanguage":"fr-FR","potentialAction":[{"@type":"ReadAction","target":["https:\/\/kedemoseducation.com\/product\/grande-section-cahier-dexercices-bal\/"]}]},{"@type":"ImageObject","inLanguage":"fr-FR","@id":"https:\/\/kedemoseducation.com\/product\/grande-section-cahier-dexercices-bal\/#primaryimage","url":"https:\/\/i0.wp.com\/kedemoseducation.com\/wp-content\/uploads\/2022\/05\/Exercice-GS-BAL-1.jpg?fit=600%2C800&ssl=1","contentUrl":"https:\/\/i0.wp.com\/kedemoseducation.com\/wp-content\/uploads\/2022\/05\/Exercice-GS-BAL-1.jpg?fit=600%2C800&ssl=1","width":600,"height":800,"caption":"KG3 - Exercise Workbook"},{"@type":"BreadcrumbList","@id":"https:\/\/kedemoseducation.com\/product\/grande-section-cahier-dexercices-bal\/#breadcrumb","itemListElement":[{"@type":"ListItem","position":1,"name":"Home","item":"https:\/\/kedemoseducation.com\/"},{"@type":"ListItem","position":2,"name":"All Products","item":"https:\/\/kedemoseducation.com\/fr\/shop-2\/tous-les-produits\/"},{"@type":"ListItem","position":3,"name":"School Books","item":"https:\/\/kedemoseducation.com\/fr\/categorie-de-produit\/manuels-scolaires\/"},{"@type":"ListItem","position":4,"name":"KG3 &#8211; Exercise Workbook"}]},{"@type":"WebSite","@id":"https:\/\/kedemoseducation.com\/fr\/#website","url":"https:\/\/kedemoseducation.com\/fr\/","name":"K\u00e9d\u00e9mos Education","description":"Le plaisir d'apprendre","publisher":{"@id":"https:\/\/kedemoseducation.com\/fr\/#organization"},"potentialAction":[{"@type":"SearchAction","target":{"@type":"EntryPoint","urlTemplate":"https:\/\/kedemoseducation.com\/fr\/?s={search_term_string}"},"query-input":{"@type":"PropertyValueSpecification","valueRequired":true,"valueName":"search_term_string"}}],"inLanguage":"fr-FR"},{"@type":"Organization","@id":"https:\/\/kedemoseducation.com\/fr\/#organization","name":"K\u00e9d\u00e9mos Education","url":"https:\/\/kedemoseducation.com\/fr\/","logo":{"@type":"ImageObject","inLanguage":"fr-FR","@id":"https:\/\/kedemoseducation.com\/fr\/#\/schema\/logo\/image\/","url":"https:\/\/kedemoseducation.com\/wp-content\/uploads\/2023\/06\/logo-kedemos-education.png","contentUrl":"https:\/\/kedemoseducation.com\/wp-content\/uploads\/2023\/06\/logo-kedemos-education.png","width":2362,"height":903,"caption":"Kedemos Education"},"image":{"@id":"https:\/\/kedemoseducation.com\/fr\/#\/schema\/logo\/image\/"},"sameAs":["https:\/\/www.facebook.com\/Kedemoseducation","https:\/\/www.instagram.com\/kedemoseducation\/","https:\/\/www.linkedin.com\/company\/kedemos-education\/"]}]}},"jetpack_sharing_enabled":true,"_links":{"self":[{"href":"https:\/\/kedemoseducation.com\/fr\/wp-json\/wp\/v2\/product\/207","targetHints":{"allow":["GET"]}}],"collection":[{"href":"https:\/\/kedemoseducation.com\/fr\/wp-json\/wp\/v2\/product"}],"about":[{"href":"https:\/\/kedemoseducation.com\/fr\/wp-json\/wp\/v2\/types\/product"}],"replies":[{"embeddable":true,"href":"https:\/\/kedemoseducation.com\/fr\/wp-json\/wp\/v2\/comments?post=207"}],"wp:featuredmedia":[{"embeddable":true,"href":"https:\/\/kedemoseducation.com\/fr\/wp-json\/wp\/v2\/media\/7243"}],"wp:attachment":[{"href":"https:\/\/kedemoseducation.com\/fr\/wp-json\/wp\/v2\/media?parent=207"}],"wp:term":[{"taxonomy":"product_brand","embeddable":true,"href":"https:\/\/kedemoseducation.com\/fr\/wp-json\/wp\/v2\/product_brand?post=207"},{"taxonomy":"product_cat","embeddable":true,"href":"https:\/\/kedemoseducation.com\/fr\/wp-json\/wp\/v2\/product_cat?post=207"},{"taxonomy":"product_tag","embeddable":true,"href":"https:\/\/kedemoseducation.com\/fr\/wp-json\/wp\/v2\/product_tag?post=207"}],"curies":[{"name":"wp","href":"https:\/\/api.w.org\/{rel}","templated":true}]}}