{"id":2020,"date":"2022-12-29T16:46:05","date_gmt":"2022-12-29T14:46:05","guid":{"rendered":"https:\/\/kedemoseducation.com\/?post_type=product&#038;p=2020"},"modified":"2026-02-05T15:06:49","modified_gmt":"2026-02-05T13:06:49","slug":"pour-apprendre-les-majuscules","status":"publish","type":"product","link":"https:\/\/kedemoseducation.com\/fr\/product\/pour-apprendre-les-majuscules\/","title":{"rendered":"Moyenne Section \u2013 Pour Apprendre les Majuscules"},"content":{"rendered":"<h1><b>Pour Apprendre les Majuscules \u2013 KG2<\/b><\/h1>\n<h2><b>Pr\u00e9sentation de la m\u00e9thode de la Moyenne Section<\/b><\/h2>\n<p class=\"translation-block\">Le pr\u00e9sent cahier \u00ab Pour Apprendre les Majuscules \u00bb, destin\u00e9 \u00e0 la Moyenne Section, fait partie de la collection Les Couleurs de l\u2019Arc-en-ciel. Il accompagne donc le fichier de MS de la m\u00eame collection. Il s\u2019int\u00e8gre dans une m\u00e9thode compl\u00e8te des apprentissages de base. Cette derni\u00e8re comprend le fichier, dix contes de petit format, un plan d\u2019activit\u00e9s, et les paroles des chansons et des comptines.<\/p>\n<p><span style=\"font-weight: 400;\">Ce cahier propose une m\u00e9thode d\u2019apprentissage de l\u2019\u00e9criture des lettres en majuscules \u00e0 travers des exercices d\u2019entra\u00eenement. L\u2019\u00e9l\u00e8ve est appel\u00e9 par exemple \u00e0 colorier les cases des lettres en majuscule, \u00e0 les retracer, \u00e0 relier les images des mots aux lettres en question, etc. L\u2019\u00e9l\u00e8ve est ainsi expos\u00e9 aux lettres majuscules de l\u2019alphabet, et les activit\u00e9s du cahier l\u2019aident \u00e0 se familiariser, petit \u00e0 petit, avec leur forme et \u00e9criture.<\/span><\/p>\n<p><span style=\"font-weight: 400;\">Il convient de signaler, \u00e0 cet effet, que la collection Les Couleurs de l\u2019Arc-en-ciel s\u2019articule autour des principes suivants :\u00a0\u00a0<\/span><\/p>\n<ul>\n<li style=\"font-weight: 400;\" aria-level=\"1\"><span style=\"font-weight: 400;\">La compr\u00e9hension orale.<\/span><\/li>\n<li style=\"font-weight: 400;\" aria-level=\"1\"><span style=\"font-weight: 400;\">L\u2019expression orale.<\/span><\/li>\n<li style=\"font-weight: 400;\" aria-level=\"1\"><span style=\"font-weight: 400;\">La richesse des images et des illustrations.<\/span><\/li>\n<li style=\"font-weight: 400;\" aria-level=\"1\"><span style=\"font-weight: 400;\">La participation active des enfants.<\/span><\/li>\n<li style=\"font-weight: 400;\" aria-level=\"1\"><span style=\"font-weight: 400;\">Les \u00e9valuations r\u00e9guli\u00e8res.<\/span><\/li>\n<\/ul>","protected":false},"excerpt":{"rendered":"<p><span style=\"font-weight: 400;\">Imagier d\u2019activit\u00e9s de fran\u00e7ais centr\u00e9 sur la reconnaissance et l\u2019\u00e9criture des lettres de l\u2019alphabet et l\u2019enrichissement lexical.<\/span><\/p>\n<p><span style=\"font-weight: 400;\">Ce manuel accompagne <a href=\"https:\/\/kedemoseducation.com\/fr\/product\/moyenne-section-aec\/\">fichier de la Moyenne Section<\/a>.<\/span><\/p>","protected":false},"featured_media":7234,"comment_status":"closed","ping_status":"closed","template":"","meta":{"_monsterinsights_skip_tracking":false,"_monsterinsights_sitenote_active":false,"_monsterinsights_sitenote_note":"","_monsterinsights_sitenote_category":0},"product_brand":[],"product_cat":[17,326,16,21,208],"product_tag":[52,53,54,55,56,57,59,60,199],"class_list":{"0":"post-2020","1":"product","2":"type-product","3":"status-publish","4":"has-post-thumbnail","6":"product_cat-french","7":"product_cat-kindergarten","8":"product_cat-school-books","9":"product_cat-kg2-les-couleurs-de-larc-en-ciel","10":"product_cat-les-couleurs-de-larc-en-ciel","11":"product_tag-petite-section","12":"product_tag-ps","13":"product_tag-les-couleurs-de-larc-en-ciel","14":"product_tag-moyenne-section","15":"product_tag-maternelle","16":"product_tag-arc-en-ciel","17":"product_tag-ms","18":"product_tag-kg2","19":"product_tag-pour-apprendre-les-majuscules","20":"pa_grade-kg2","22":"first","23":"instock","24":"shipping-taxable","25":"purchasable","26":"product-type-simple"},"yoast_head":"<!-- This site is optimized with the Yoast SEO plugin v26.4 - https:\/\/yoast.com\/wordpress\/plugins\/seo\/ -->\r\n<title>Pour Apprendre les Majuscules - Kedemos Education<\/title>\r\n<meta name=\"description\" content=\"Pour Apprendre les Majuscules is part of the Les Couleurs de l\u2019Arc-en-ciel collection and fits within a structured method for learning French.\" \/>\r\n<meta name=\"robots\" content=\"index, follow, max-snippet:-1, max-image-preview:large, max-video-preview:-1\" \/>\r\n<link rel=\"canonical\" href=\"https:\/\/kedemoseducation.com\/fr\/product\/pour-apprendre-les-majuscules\/\" \/>\r\n<meta property=\"og:locale\" content=\"fr_FR\" \/>\r\n<meta property=\"og:type\" content=\"article\" \/>\r\n<meta property=\"og:title\" content=\"Pour Apprendre les Majuscules - Kedemos Education\" \/>\r\n<meta property=\"og:description\" content=\"Pour Apprendre les Majuscules is part of the Les Couleurs de l\u2019Arc-en-ciel collection and fits within a structured method for learning French.\" \/>\r\n<meta property=\"og:url\" content=\"https:\/\/kedemoseducation.com\/fr\/product\/pour-apprendre-les-majuscules\/\" \/>\r\n<meta property=\"og:site_name\" content=\"Kedemos Education\" \/>\r\n<meta property=\"article:publisher\" content=\"https:\/\/www.facebook.com\/Kedemoseducation\" \/>\r\n<meta property=\"article:modified_time\" content=\"2026-02-05T13:06:49+00:00\" \/>\r\n<meta property=\"og:image\" content=\"https:\/\/kedemoseducation.com\/wp-content\/uploads\/2022\/12\/Pour-apprendre-les-majuscules-1.jpg\" \/>\r\n\t<meta property=\"og:image:width\" content=\"600\" \/>\r\n\t<meta property=\"og:image:height\" content=\"800\" \/>\r\n\t<meta property=\"og:image:type\" content=\"image\/jpeg\" \/>\r\n<meta name=\"twitter:card\" content=\"summary_large_image\" \/>\r\n<meta name=\"twitter:label1\" content=\"Dur\u00e9e de lecture estim\u00e9e\" \/>\n\t<meta name=\"twitter:data1\" content=\"1 minute\" \/>\r\n<script type=\"application\/ld+json\" class=\"yoast-schema-graph\">{\"@context\":\"https:\/\/schema.org\",\"@graph\":[{\"@type\":\"WebPage\",\"@id\":\"https:\/\/kedemoseducation.com\/product\/pour-apprendre-les-majuscules\/\",\"url\":\"https:\/\/kedemoseducation.com\/product\/pour-apprendre-les-majuscules\/\",\"name\":\"Pour Apprendre les Majuscules - Kedemos Education\",\"isPartOf\":{\"@id\":\"https:\/\/kedemoseducation.com\/fr\/#website\"},\"primaryImageOfPage\":{\"@id\":\"https:\/\/kedemoseducation.com\/product\/pour-apprendre-les-majuscules\/#primaryimage\"},\"image\":{\"@id\":\"https:\/\/kedemoseducation.com\/product\/pour-apprendre-les-majuscules\/#primaryimage\"},\"thumbnailUrl\":\"https:\/\/i0.wp.com\/kedemoseducation.com\/wp-content\/uploads\/2022\/12\/Pour-apprendre-les-majuscules-1.jpg?fit=600%2C800&ssl=1\",\"datePublished\":\"2022-12-29T14:46:05+00:00\",\"dateModified\":\"2026-02-05T13:06:49+00:00\",\"description\":\"Pour Apprendre les Majuscules is part of the Les Couleurs de l\u2019Arc-en-ciel collection and fits within a structured method for learning French.\",\"breadcrumb\":{\"@id\":\"https:\/\/kedemoseducation.com\/product\/pour-apprendre-les-majuscules\/#breadcrumb\"},\"inLanguage\":\"fr-FR\",\"potentialAction\":[{\"@type\":\"ReadAction\",\"target\":[\"https:\/\/kedemoseducation.com\/product\/pour-apprendre-les-majuscules\/\"]}]},{\"@type\":\"ImageObject\",\"inLanguage\":\"fr-FR\",\"@id\":\"https:\/\/kedemoseducation.com\/product\/pour-apprendre-les-majuscules\/#primaryimage\",\"url\":\"https:\/\/i0.wp.com\/kedemoseducation.com\/wp-content\/uploads\/2022\/12\/Pour-apprendre-les-majuscules-1.jpg?fit=600%2C800&ssl=1\",\"contentUrl\":\"https:\/\/i0.wp.com\/kedemoseducation.com\/wp-content\/uploads\/2022\/12\/Pour-apprendre-les-majuscules-1.jpg?fit=600%2C800&ssl=1\",\"width\":600,\"height\":800,\"caption\":\"pour apprendre les majuscules\"},{\"@type\":\"BreadcrumbList\",\"@id\":\"https:\/\/kedemoseducation.com\/product\/pour-apprendre-les-majuscules\/#breadcrumb\",\"itemListElement\":[{\"@type\":\"ListItem\",\"position\":1,\"name\":\"Home\",\"item\":\"https:\/\/kedemoseducation.com\/\"},{\"@type\":\"ListItem\",\"position\":2,\"name\":\"All Products\",\"item\":\"https:\/\/kedemoseducation.com\/fr\/shop-2\/tous-les-produits\/\"},{\"@type\":\"ListItem\",\"position\":3,\"name\":\"School Books\",\"item\":\"https:\/\/kedemoseducation.com\/fr\/categorie-de-produit\/manuels-scolaires\/\"},{\"@type\":\"ListItem\",\"position\":4,\"name\":\"KG2 &#8211; Pour Apprendre les Majuscules\"}]},{\"@type\":\"WebSite\",\"@id\":\"https:\/\/kedemoseducation.com\/fr\/#website\",\"url\":\"https:\/\/kedemoseducation.com\/fr\/\",\"name\":\"Kedemos Education\",\"description\":\"The Pleasure of Learning\",\"publisher\":{\"@id\":\"https:\/\/kedemoseducation.com\/fr\/#organization\"},\"potentialAction\":[{\"@type\":\"SearchAction\",\"target\":{\"@type\":\"EntryPoint\",\"urlTemplate\":\"https:\/\/kedemoseducation.com\/fr\/?s={search_term_string}\"},\"query-input\":{\"@type\":\"PropertyValueSpecification\",\"valueRequired\":true,\"valueName\":\"search_term_string\"}}],\"inLanguage\":\"fr-FR\"},{\"@type\":\"Organization\",\"@id\":\"https:\/\/kedemoseducation.com\/fr\/#organization\",\"name\":\"Kedemos Education\",\"url\":\"https:\/\/kedemoseducation.com\/fr\/\",\"logo\":{\"@type\":\"ImageObject\",\"inLanguage\":\"fr-FR\",\"@id\":\"https:\/\/kedemoseducation.com\/fr\/#\/schema\/logo\/image\/\",\"url\":\"https:\/\/kedemoseducation.com\/wp-content\/uploads\/2023\/06\/logo-kedemos-education.png\",\"contentUrl\":\"https:\/\/kedemoseducation.com\/wp-content\/uploads\/2023\/06\/logo-kedemos-education.png\",\"width\":2362,\"height\":903,\"caption\":\"Kedemos Education\"},\"image\":{\"@id\":\"https:\/\/kedemoseducation.com\/fr\/#\/schema\/logo\/image\/\"},\"sameAs\":[\"https:\/\/www.facebook.com\/Kedemoseducation\",\"https:\/\/www.instagram.com\/kedemoseducation\/\",\"https:\/\/www.linkedin.com\/company\/kedemos-education\/\"]}]}<\/script>\r\n<!-- \/ Yoast SEO plugin. -->","yoast_head_json":{"title":"Pour Apprendre les Majuscules - K\u00e9d\u00e9mos Education","description":"Pour Apprendre les Majuscules est de la Collection Les Couleur de l'Arc-en-ciel, s'int\u00e8gre dans une m\u00e9thode d'apprentissage du fran\u00e7ais.","robots":{"index":"index","follow":"follow","max-snippet":"max-snippet:-1","max-image-preview":"max-image-preview:large","max-video-preview":"max-video-preview:-1"},"canonical":"https:\/\/kedemoseducation.com\/fr\/product\/pour-apprendre-les-majuscules\/","og_locale":"fr_FR","og_type":"article","og_title":"Pour Apprendre les Majuscules - Kedemos Education","og_description":"Pour Apprendre les Majuscules is part of the Les Couleurs de l\u2019Arc-en-ciel collection and fits within a structured method for learning French.","og_url":"https:\/\/kedemoseducation.com\/fr\/product\/pour-apprendre-les-majuscules\/","og_site_name":"Kedemos Education","article_publisher":"https:\/\/www.facebook.com\/Kedemoseducation","article_modified_time":"2026-02-05T13:06:49+00:00","og_image":[{"width":600,"height":800,"url":"https:\/\/kedemoseducation.com\/wp-content\/uploads\/2022\/12\/Pour-apprendre-les-majuscules-1.jpg","type":"image\/jpeg"}],"twitter_card":"summary_large_image","twitter_misc":{"Dur\u00e9e de lecture estim\u00e9e":"1 minute"},"schema":{"@context":"https:\/\/schema.org","@graph":[{"@type":"WebPage","@id":"https:\/\/kedemoseducation.com\/product\/pour-apprendre-les-majuscules\/","url":"https:\/\/kedemoseducation.com\/product\/pour-apprendre-les-majuscules\/","name":"Pour Apprendre les Majuscules - K\u00e9d\u00e9mos Education","isPartOf":{"@id":"https:\/\/kedemoseducation.com\/fr\/#website"},"primaryImageOfPage":{"@id":"https:\/\/kedemoseducation.com\/product\/pour-apprendre-les-majuscules\/#primaryimage"},"image":{"@id":"https:\/\/kedemoseducation.com\/product\/pour-apprendre-les-majuscules\/#primaryimage"},"thumbnailUrl":"https:\/\/i0.wp.com\/kedemoseducation.com\/wp-content\/uploads\/2022\/12\/Pour-apprendre-les-majuscules-1.jpg?fit=600%2C800&ssl=1","datePublished":"2022-12-29T14:46:05+00:00","dateModified":"2026-02-05T13:06:49+00:00","description":"Pour Apprendre les Majuscules est de la Collection Les Couleur de l'Arc-en-ciel, s'int\u00e8gre dans une m\u00e9thode d'apprentissage du fran\u00e7ais.","breadcrumb":{"@id":"https:\/\/kedemoseducation.com\/product\/pour-apprendre-les-majuscules\/#breadcrumb"},"inLanguage":"fr-FR","potentialAction":[{"@type":"ReadAction","target":["https:\/\/kedemoseducation.com\/product\/pour-apprendre-les-majuscules\/"]}]},{"@type":"ImageObject","inLanguage":"fr-FR","@id":"https:\/\/kedemoseducation.com\/product\/pour-apprendre-les-majuscules\/#primaryimage","url":"https:\/\/i0.wp.com\/kedemoseducation.com\/wp-content\/uploads\/2022\/12\/Pour-apprendre-les-majuscules-1.jpg?fit=600%2C800&ssl=1","contentUrl":"https:\/\/i0.wp.com\/kedemoseducation.com\/wp-content\/uploads\/2022\/12\/Pour-apprendre-les-majuscules-1.jpg?fit=600%2C800&ssl=1","width":600,"height":800,"caption":"pour apprendre les majuscules"},{"@type":"BreadcrumbList","@id":"https:\/\/kedemoseducation.com\/product\/pour-apprendre-les-majuscules\/#breadcrumb","itemListElement":[{"@type":"ListItem","position":1,"name":"Home","item":"https:\/\/kedemoseducation.com\/"},{"@type":"ListItem","position":2,"name":"All Products","item":"https:\/\/kedemoseducation.com\/fr\/shop-2\/tous-les-produits\/"},{"@type":"ListItem","position":3,"name":"School Books","item":"https:\/\/kedemoseducation.com\/fr\/categorie-de-produit\/manuels-scolaires\/"},{"@type":"ListItem","position":4,"name":"KG2 &#8211; Pour Apprendre les Majuscules"}]},{"@type":"WebSite","@id":"https:\/\/kedemoseducation.com\/fr\/#website","url":"https:\/\/kedemoseducation.com\/fr\/","name":"K\u00e9d\u00e9mos Education","description":"Le plaisir d'apprendre","publisher":{"@id":"https:\/\/kedemoseducation.com\/fr\/#organization"},"potentialAction":[{"@type":"SearchAction","target":{"@type":"EntryPoint","urlTemplate":"https:\/\/kedemoseducation.com\/fr\/?s={search_term_string}"},"query-input":{"@type":"PropertyValueSpecification","valueRequired":true,"valueName":"search_term_string"}}],"inLanguage":"fr-FR"},{"@type":"Organization","@id":"https:\/\/kedemoseducation.com\/fr\/#organization","name":"K\u00e9d\u00e9mos Education","url":"https:\/\/kedemoseducation.com\/fr\/","logo":{"@type":"ImageObject","inLanguage":"fr-FR","@id":"https:\/\/kedemoseducation.com\/fr\/#\/schema\/logo\/image\/","url":"https:\/\/kedemoseducation.com\/wp-content\/uploads\/2023\/06\/logo-kedemos-education.png","contentUrl":"https:\/\/kedemoseducation.com\/wp-content\/uploads\/2023\/06\/logo-kedemos-education.png","width":2362,"height":903,"caption":"Kedemos Education"},"image":{"@id":"https:\/\/kedemoseducation.com\/fr\/#\/schema\/logo\/image\/"},"sameAs":["https:\/\/www.facebook.com\/Kedemoseducation","https:\/\/www.instagram.com\/kedemoseducation\/","https:\/\/www.linkedin.com\/company\/kedemos-education\/"]}]}},"jetpack_sharing_enabled":true,"_links":{"self":[{"href":"https:\/\/kedemoseducation.com\/fr\/wp-json\/wp\/v2\/product\/2020","targetHints":{"allow":["GET"]}}],"collection":[{"href":"https:\/\/kedemoseducation.com\/fr\/wp-json\/wp\/v2\/product"}],"about":[{"href":"https:\/\/kedemoseducation.com\/fr\/wp-json\/wp\/v2\/types\/product"}],"replies":[{"embeddable":true,"href":"https:\/\/kedemoseducation.com\/fr\/wp-json\/wp\/v2\/comments?post=2020"}],"wp:featuredmedia":[{"embeddable":true,"href":"https:\/\/kedemoseducation.com\/fr\/wp-json\/wp\/v2\/media\/7234"}],"wp:attachment":[{"href":"https:\/\/kedemoseducation.com\/fr\/wp-json\/wp\/v2\/media?parent=2020"}],"wp:term":[{"taxonomy":"product_brand","embeddable":true,"href":"https:\/\/kedemoseducation.com\/fr\/wp-json\/wp\/v2\/product_brand?post=2020"},{"taxonomy":"product_cat","embeddable":true,"href":"https:\/\/kedemoseducation.com\/fr\/wp-json\/wp\/v2\/product_cat?post=2020"},{"taxonomy":"product_tag","embeddable":true,"href":"https:\/\/kedemoseducation.com\/fr\/wp-json\/wp\/v2\/product_tag?post=2020"}],"curies":[{"name":"wp","href":"https:\/\/api.w.org\/{rel}","templated":true}]}}