{"id":2001,"date":"2022-12-09T13:59:02","date_gmt":"2022-12-09T11:59:02","guid":{"rendered":"https:\/\/kedemoseducation.com\/?post_type=product&#038;p=2001"},"modified":"2025-12-26T09:30:12","modified_gmt":"2025-12-26T07:30:12","slug":"conte-le-petit-poucet","status":"publish","type":"product","link":"https:\/\/kedemoseducation.com\/fr\/product\/conte-le-petit-poucet\/","title":{"rendered":"Le Petit Poucet"},"content":{"rendered":"<h1>Conte Le Petit Poucet<\/h1>\n<p>Le conte Le Petit Poucet est une adaptation du c\u00e9l\u00e8bre conte de Charles Perrault. Il raconte l\u2019histoire d\u2019un jeune gar\u00e7on surnomm\u00e9 Le Petit Poucet qui vit avec ses parents tr\u00e8s pauvres et ses sept fr\u00e8res. Un jour, le p\u00e8re d\u00e9cide d\u2019abandonner ses enfants dans la for\u00eat pour ne pas les voir mourir de faim. Quel sera le plan du petit poucet pour retrouver le chemin de la maison ? Qui vont-ils rencontrer ? Leur vie changera-t-elle pour toujours ?<\/p>\n<p><strong>Contes de toujours<\/strong><\/p>\n<p>La collection <a href=\"https:\/\/www.instagram.com\/p\/CqRzYuZIJmm\/\">Contes de toujours <\/a>est d\u00e9di\u00e9e aux enfants de 7 \u00e0 9 ans. Chaque conte est accompagn\u00e9 d\u2019une exploitation p\u00e9dagogique avec plusieurs pages de questions qui testent les connaissances et la compr\u00e9hension du conte lu.<\/p>\n<p>La collection comprend 6 albums divertissants pour les petits, sous forme d\u2019histoires th\u00e9matiques :<\/p>\n<p>&nbsp;<\/p>\n<ul>\n<li aria-level=\"1\"><a href=\"https:\/\/kedemoseducation.com\/fr\/produit\/ali-baba-et-les-40-voleurs\/\">Ali Baba et les 40 voleurs<\/a><\/li>\n<li aria-level=\"1\"><a href=\"https:\/\/kedemoseducation.com\/fr\/produit\/conte-cendrillon\/\">Cendrillon<\/a><\/li>\n<li aria-level=\"1\"><a href=\"https:\/\/kedemoseducation.com\/fr\/produit\/perrette-et-le-pot-de-lait\/\">Perrette et le pot au lait<\/a><\/li>\n<li aria-level=\"1\"><a href=\"https:\/\/kedemoseducation.com\/fr\/produit\/blanche-neige\/\">Blanche Neige<\/a><\/li>\n<li aria-level=\"1\"><a href=\"https:\/\/kedemoseducation.com\/fr\/produit\/la-chevre-et-les-biquets\/\">La ch\u00e8vre et les biquets<\/a><\/li>\n<li aria-level=\"1\"><a href=\"https:\/\/kedemoseducation.com\/fr\/produit\/conte-le-petit-poucet\/\">Le Petit Poucet.<\/a><\/li>\n<\/ul>\n<p>&nbsp;<\/p>\n<p>Nos contes ont pour but d\u2019inspirer les enfants tout en les divertissant. Faciles \u00e0 comprendre et \u00e9tant parfaitement adapt\u00e9s \u00e0 leur \u00e2ge, nos histoires sont \u00e9troitement li\u00e9es aux exp\u00e9riences journali\u00e8res des tout petits, et au monde qui les fascine.<\/p>\n<p>Chacun de ces 6 albums est illustr\u00e9 par de belles images en couleurs. Les textes sont de grande taille, et la d\u00e9finition des mots difficiles figure en marge de texte.<\/p>\n<p>Les contes sont disponibles uniquement en grand format, et peuvent \u00eatre achet\u00e9s individuellement ou en<a href=\"https:\/\/kedemoseducation.com\/fr\/product\/collection-contes-de-toujours\/\"> bouquet de contes<\/a>.<\/p>","protected":false},"excerpt":{"rendered":"<p>Des histoires qui font partie de notre patrimoine culturel et que tous les enfants devraient conna\u00eetre&#8230;.<\/p>\n<p>Un texte adapt\u00e9 au niveau linguistique des enfants.<\/p>\n<p>Des exercices de prolongement propres \u00e0 faire parler les enfants et \u00e0 les inciter \u00e0 \u00e9changer des avec leurs camarades tout en enrichissant leur vocabulaire.<\/p>","protected":false},"featured_media":7537,"comment_status":"closed","ping_status":"closed","template":"","meta":{"_monsterinsights_skip_tracking":false,"_monsterinsights_sitenote_active":false,"_monsterinsights_sitenote_note":"","_monsterinsights_sitenote_category":0},"product_brand":[],"product_cat":[159,151,197],"product_tag":[314],"class_list":{"0":"post-2001","1":"product","2":"type-product","3":"status-publish","4":"has-post-thumbnail","6":"product_cat-french-storybooks","7":"product_cat-storybooks-for-children","8":"product_cat-contes-de-toujours","9":"product_tag-7-10-years-old","10":"pa_grade-kg1","11":"pa_grade-kg2","12":"pa_grade-kg3","13":"pa_grade-grade-1","14":"pa_grade-grade-2","15":"pa_grade-grade-3","16":"pa_grade-grade-4","17":"pa_grade-grade-5","18":"pa_grade-grade-6","19":"pa_grade-grade-7","20":"pa_grade-grade-8","21":"pa_grade-grade-9","23":"first","24":"instock","25":"shipping-taxable","26":"purchasable","27":"product-type-simple"},"yoast_head":"<!-- This site is optimized with the Yoast SEO plugin v26.4 - https:\/\/yoast.com\/wordpress\/plugins\/seo\/ -->\r\n<title>Conte Le Petit Poucet - Kedemos Education<\/title>\r\n<meta name=\"description\" content=\"&quot;Le Petit Poucet&quot; : Une adaptation du conte de Charles Perrault sur un gar\u00e7on abandonn\u00e9 dans la for\u00eat avec ses fr\u00e8res par des parents pauvres.\" \/>\r\n<meta name=\"robots\" content=\"index, follow, max-snippet:-1, max-image-preview:large, max-video-preview:-1\" \/>\r\n<link rel=\"canonical\" href=\"https:\/\/kedemoseducation.com\/fr\/product\/conte-le-petit-poucet\/\" \/>\r\n<meta property=\"og:locale\" content=\"fr_FR\" \/>\r\n<meta property=\"og:type\" content=\"article\" \/>\r\n<meta property=\"og:title\" content=\"Conte Le Petit Poucet - Kedemos Education\" \/>\r\n<meta property=\"og:description\" content=\"&quot;Le Petit Poucet&quot; : Une adaptation du conte de Charles Perrault sur un gar\u00e7on abandonn\u00e9 dans la for\u00eat avec ses fr\u00e8res par des parents pauvres.\" \/>\r\n<meta property=\"og:url\" content=\"https:\/\/kedemoseducation.com\/fr\/product\/conte-le-petit-poucet\/\" \/>\r\n<meta property=\"og:site_name\" content=\"Kedemos Education\" \/>\r\n<meta property=\"article:publisher\" content=\"https:\/\/www.facebook.com\/Kedemoseducation\" \/>\r\n<meta property=\"article:modified_time\" content=\"2025-12-26T07:30:12+00:00\" \/>\r\n<meta property=\"og:image\" content=\"https:\/\/kedemoseducation.com\/wp-content\/uploads\/2022\/12\/Le-petit-poucet.jpg\" \/>\r\n\t<meta property=\"og:image:width\" content=\"600\" \/>\r\n\t<meta property=\"og:image:height\" content=\"800\" \/>\r\n\t<meta property=\"og:image:type\" content=\"image\/jpeg\" \/>\r\n<meta name=\"twitter:card\" content=\"summary_large_image\" \/>\r\n<meta name=\"twitter:label1\" content=\"Dur\u00e9e de lecture estim\u00e9e\" \/>\n\t<meta name=\"twitter:data1\" content=\"2 minutes\" \/>\r\n<script type=\"application\/ld+json\" class=\"yoast-schema-graph\">{\"@context\":\"https:\/\/schema.org\",\"@graph\":[{\"@type\":\"WebPage\",\"@id\":\"https:\/\/kedemoseducation.com\/en\/product\/conte-le-petit-poucet\/\",\"url\":\"https:\/\/kedemoseducation.com\/en\/product\/conte-le-petit-poucet\/\",\"name\":\"Conte Le Petit Poucet - Kedemos Education\",\"isPartOf\":{\"@id\":\"https:\/\/kedemoseducation.com\/fr\/#website\"},\"primaryImageOfPage\":{\"@id\":\"https:\/\/kedemoseducation.com\/en\/product\/conte-le-petit-poucet\/#primaryimage\"},\"image\":{\"@id\":\"https:\/\/kedemoseducation.com\/en\/product\/conte-le-petit-poucet\/#primaryimage\"},\"thumbnailUrl\":\"https:\/\/i0.wp.com\/kedemoseducation.com\/wp-content\/uploads\/2022\/12\/Le-petit-poucet.jpg?fit=600%2C800&ssl=1\",\"datePublished\":\"2022-12-09T11:59:02+00:00\",\"dateModified\":\"2025-12-26T07:30:12+00:00\",\"description\":\"\\\"Le Petit Poucet\\\" : Une adaptation du conte de Charles Perrault sur un gar\u00e7on abandonn\u00e9 dans la for\u00eat avec ses fr\u00e8res par des parents pauvres.\",\"breadcrumb\":{\"@id\":\"https:\/\/kedemoseducation.com\/en\/product\/conte-le-petit-poucet\/#breadcrumb\"},\"inLanguage\":\"fr-FR\",\"potentialAction\":[{\"@type\":\"ReadAction\",\"target\":[\"https:\/\/kedemoseducation.com\/en\/product\/conte-le-petit-poucet\/\"]}]},{\"@type\":\"ImageObject\",\"inLanguage\":\"fr-FR\",\"@id\":\"https:\/\/kedemoseducation.com\/en\/product\/conte-le-petit-poucet\/#primaryimage\",\"url\":\"https:\/\/i0.wp.com\/kedemoseducation.com\/wp-content\/uploads\/2022\/12\/Le-petit-poucet.jpg?fit=600%2C800&ssl=1\",\"contentUrl\":\"https:\/\/i0.wp.com\/kedemoseducation.com\/wp-content\/uploads\/2022\/12\/Le-petit-poucet.jpg?fit=600%2C800&ssl=1\",\"width\":600,\"height\":800,\"caption\":\"Conte Le Petit Poucet\"},{\"@type\":\"BreadcrumbList\",\"@id\":\"https:\/\/kedemoseducation.com\/en\/product\/conte-le-petit-poucet\/#breadcrumb\",\"itemListElement\":[{\"@type\":\"ListItem\",\"position\":1,\"name\":\"Home\",\"item\":\"https:\/\/kedemoseducation.com\/\"},{\"@type\":\"ListItem\",\"position\":2,\"name\":\"All Products\",\"item\":\"https:\/\/kedemoseducation.com\/fr\/shop-2\/tous-les-produits\/\"},{\"@type\":\"ListItem\",\"position\":3,\"name\":\"Stories\",\"item\":\"https:\/\/kedemoseducation.com\/en\/product-category\/storybooks-for-children\/\"},{\"@type\":\"ListItem\",\"position\":4,\"name\":\"Le Petit Poucet\"}]},{\"@type\":\"WebSite\",\"@id\":\"https:\/\/kedemoseducation.com\/fr\/#website\",\"url\":\"https:\/\/kedemoseducation.com\/fr\/\",\"name\":\"Kedemos Education\",\"description\":\"The Pleasure of Learning\",\"publisher\":{\"@id\":\"https:\/\/kedemoseducation.com\/fr\/#organization\"},\"potentialAction\":[{\"@type\":\"SearchAction\",\"target\":{\"@type\":\"EntryPoint\",\"urlTemplate\":\"https:\/\/kedemoseducation.com\/fr\/?s={search_term_string}\"},\"query-input\":{\"@type\":\"PropertyValueSpecification\",\"valueRequired\":true,\"valueName\":\"search_term_string\"}}],\"inLanguage\":\"fr-FR\"},{\"@type\":\"Organization\",\"@id\":\"https:\/\/kedemoseducation.com\/fr\/#organization\",\"name\":\"Kedemos Education\",\"url\":\"https:\/\/kedemoseducation.com\/fr\/\",\"logo\":{\"@type\":\"ImageObject\",\"inLanguage\":\"fr-FR\",\"@id\":\"https:\/\/kedemoseducation.com\/fr\/#\/schema\/logo\/image\/\",\"url\":\"https:\/\/kedemoseducation.com\/wp-content\/uploads\/2023\/06\/logo-kedemos-education.png\",\"contentUrl\":\"https:\/\/kedemoseducation.com\/wp-content\/uploads\/2023\/06\/logo-kedemos-education.png\",\"width\":2362,\"height\":903,\"caption\":\"Kedemos Education\"},\"image\":{\"@id\":\"https:\/\/kedemoseducation.com\/fr\/#\/schema\/logo\/image\/\"},\"sameAs\":[\"https:\/\/www.facebook.com\/Kedemoseducation\",\"https:\/\/www.instagram.com\/kedemoseducation\/\",\"https:\/\/www.linkedin.com\/company\/kedemos-education\/\"]}]}<\/script>\r\n<!-- \/ Yoast SEO plugin. -->","yoast_head_json":{"title":"Conte Le Petit Poucet - Kedemos Education","description":"\"Le Petit Poucet\" : Une adaptation du conte de Charles Perrault sur un gar\u00e7on abandonn\u00e9 dans la for\u00eat avec ses fr\u00e8res par des parents pauvres.","robots":{"index":"index","follow":"follow","max-snippet":"max-snippet:-1","max-image-preview":"max-image-preview:large","max-video-preview":"max-video-preview:-1"},"canonical":"https:\/\/kedemoseducation.com\/fr\/product\/conte-le-petit-poucet\/","og_locale":"fr_FR","og_type":"article","og_title":"Conte Le Petit Poucet - Kedemos Education","og_description":"\"Le Petit Poucet\" : Une adaptation du conte de Charles Perrault sur un gar\u00e7on abandonn\u00e9 dans la for\u00eat avec ses fr\u00e8res par des parents pauvres.","og_url":"https:\/\/kedemoseducation.com\/fr\/product\/conte-le-petit-poucet\/","og_site_name":"Kedemos Education","article_publisher":"https:\/\/www.facebook.com\/Kedemoseducation","article_modified_time":"2025-12-26T07:30:12+00:00","og_image":[{"width":600,"height":800,"url":"https:\/\/kedemoseducation.com\/wp-content\/uploads\/2022\/12\/Le-petit-poucet.jpg","type":"image\/jpeg"}],"twitter_card":"summary_large_image","twitter_misc":{"Dur\u00e9e de lecture estim\u00e9e":"2 minutes"},"schema":{"@context":"https:\/\/schema.org","@graph":[{"@type":"WebPage","@id":"https:\/\/kedemoseducation.com\/en\/product\/conte-le-petit-poucet\/","url":"https:\/\/kedemoseducation.com\/en\/product\/conte-le-petit-poucet\/","name":"Conte Le Petit Poucet - Kedemos Education","isPartOf":{"@id":"https:\/\/kedemoseducation.com\/fr\/#website"},"primaryImageOfPage":{"@id":"https:\/\/kedemoseducation.com\/en\/product\/conte-le-petit-poucet\/#primaryimage"},"image":{"@id":"https:\/\/kedemoseducation.com\/en\/product\/conte-le-petit-poucet\/#primaryimage"},"thumbnailUrl":"https:\/\/i0.wp.com\/kedemoseducation.com\/wp-content\/uploads\/2022\/12\/Le-petit-poucet.jpg?fit=600%2C800&ssl=1","datePublished":"2022-12-09T11:59:02+00:00","dateModified":"2025-12-26T07:30:12+00:00","description":"\"Le Petit Poucet\" : Une adaptation du conte de Charles Perrault sur un gar\u00e7on abandonn\u00e9 dans la for\u00eat avec ses fr\u00e8res par des parents pauvres.","breadcrumb":{"@id":"https:\/\/kedemoseducation.com\/en\/product\/conte-le-petit-poucet\/#breadcrumb"},"inLanguage":"fr-FR","potentialAction":[{"@type":"ReadAction","target":["https:\/\/kedemoseducation.com\/en\/product\/conte-le-petit-poucet\/"]}]},{"@type":"ImageObject","inLanguage":"fr-FR","@id":"https:\/\/kedemoseducation.com\/en\/product\/conte-le-petit-poucet\/#primaryimage","url":"https:\/\/i0.wp.com\/kedemoseducation.com\/wp-content\/uploads\/2022\/12\/Le-petit-poucet.jpg?fit=600%2C800&ssl=1","contentUrl":"https:\/\/i0.wp.com\/kedemoseducation.com\/wp-content\/uploads\/2022\/12\/Le-petit-poucet.jpg?fit=600%2C800&ssl=1","width":600,"height":800,"caption":"Conte Le Petit Poucet"},{"@type":"BreadcrumbList","@id":"https:\/\/kedemoseducation.com\/en\/product\/conte-le-petit-poucet\/#breadcrumb","itemListElement":[{"@type":"ListItem","position":1,"name":"Home","item":"https:\/\/kedemoseducation.com\/"},{"@type":"ListItem","position":2,"name":"All Products","item":"https:\/\/kedemoseducation.com\/fr\/shop-2\/tous-les-produits\/"},{"@type":"ListItem","position":3,"name":"Stories","item":"https:\/\/kedemoseducation.com\/en\/product-category\/storybooks-for-children\/"},{"@type":"ListItem","position":4,"name":"Le Petit Poucet"}]},{"@type":"WebSite","@id":"https:\/\/kedemoseducation.com\/fr\/#website","url":"https:\/\/kedemoseducation.com\/fr\/","name":"K\u00e9d\u00e9mos Education","description":"Le plaisir d'apprendre","publisher":{"@id":"https:\/\/kedemoseducation.com\/fr\/#organization"},"potentialAction":[{"@type":"SearchAction","target":{"@type":"EntryPoint","urlTemplate":"https:\/\/kedemoseducation.com\/fr\/?s={search_term_string}"},"query-input":{"@type":"PropertyValueSpecification","valueRequired":true,"valueName":"search_term_string"}}],"inLanguage":"fr-FR"},{"@type":"Organization","@id":"https:\/\/kedemoseducation.com\/fr\/#organization","name":"K\u00e9d\u00e9mos Education","url":"https:\/\/kedemoseducation.com\/fr\/","logo":{"@type":"ImageObject","inLanguage":"fr-FR","@id":"https:\/\/kedemoseducation.com\/fr\/#\/schema\/logo\/image\/","url":"https:\/\/kedemoseducation.com\/wp-content\/uploads\/2023\/06\/logo-kedemos-education.png","contentUrl":"https:\/\/kedemoseducation.com\/wp-content\/uploads\/2023\/06\/logo-kedemos-education.png","width":2362,"height":903,"caption":"Kedemos Education"},"image":{"@id":"https:\/\/kedemoseducation.com\/fr\/#\/schema\/logo\/image\/"},"sameAs":["https:\/\/www.facebook.com\/Kedemoseducation","https:\/\/www.instagram.com\/kedemoseducation\/","https:\/\/www.linkedin.com\/company\/kedemos-education\/"]}]}},"jetpack_sharing_enabled":true,"_links":{"self":[{"href":"https:\/\/kedemoseducation.com\/fr\/wp-json\/wp\/v2\/product\/2001","targetHints":{"allow":["GET"]}}],"collection":[{"href":"https:\/\/kedemoseducation.com\/fr\/wp-json\/wp\/v2\/product"}],"about":[{"href":"https:\/\/kedemoseducation.com\/fr\/wp-json\/wp\/v2\/types\/product"}],"replies":[{"embeddable":true,"href":"https:\/\/kedemoseducation.com\/fr\/wp-json\/wp\/v2\/comments?post=2001"}],"wp:featuredmedia":[{"embeddable":true,"href":"https:\/\/kedemoseducation.com\/fr\/wp-json\/wp\/v2\/media\/7537"}],"wp:attachment":[{"href":"https:\/\/kedemoseducation.com\/fr\/wp-json\/wp\/v2\/media?parent=2001"}],"wp:term":[{"taxonomy":"product_brand","embeddable":true,"href":"https:\/\/kedemoseducation.com\/fr\/wp-json\/wp\/v2\/product_brand?post=2001"},{"taxonomy":"product_cat","embeddable":true,"href":"https:\/\/kedemoseducation.com\/fr\/wp-json\/wp\/v2\/product_cat?post=2001"},{"taxonomy":"product_tag","embeddable":true,"href":"https:\/\/kedemoseducation.com\/fr\/wp-json\/wp\/v2\/product_tag?post=2001"}],"curies":[{"name":"wp","href":"https:\/\/api.w.org\/{rel}","templated":true}]}}