{"id":1994,"date":"2022-12-09T12:28:59","date_gmt":"2022-12-09T10:28:59","guid":{"rendered":"https:\/\/kedemoseducation.com\/?post_type=product&#038;p=1994"},"modified":"2025-12-26T09:30:14","modified_gmt":"2025-12-26T07:30:14","slug":"ali-baba-et-les-40-voleurs","status":"publish","type":"product","link":"https:\/\/kedemoseducation.com\/fr\/product\/ali-baba-et-les-40-voleurs\/","title":{"rendered":"Ali Baba et les 40 voleurs"},"content":{"rendered":"<h2>Conte Ali Baba et les quarante voleurs<\/h2>\n<p>Le conte Ali Baba et les 40 voleurs est une adaptation d\u2019une partie du c\u00e9l\u00e8bre livre Les Mille et une nuits. Il raconte l\u2019histoire d\u2019Ali Baba, un humble b\u00fbcheron, qui d\u00e9couvre un jour l\u2019entr\u00e9e d\u2019une caverne o\u00f9 des voleurs cachent de l\u2019or. Ali Baba s\u2019empare alors d\u2019une partie des richesses et rentre chez lui. L\u00e0, il raconte \u00e0 sa femme et \u00e0 son fr\u00e8re ce qu\u2019il a vu. Le second jour, son fr\u00e8re se rend \u00e0 la caverne pour prendre l\u2019or. Mais il est surpris par les voleurs ! Que va-t-il lui arriver ? Et que fera Ali Baba ?<\/p>\n<p><strong>Contes de toujours<\/strong><\/p>\n<p>La collection <a href=\"https:\/\/www.instagram.com\/p\/CqRzYuZIJmm\/\">Contes de toujours <\/a>est d\u00e9di\u00e9e aux enfants de 7 \u00e0 9 ans. Chaque conte est accompagn\u00e9 d\u2019une exploitation p\u00e9dagogique avec plusieurs pages de questions qui testent les connaissances et la compr\u00e9hension du conte lu.<\/p>\n<p>La collection comprend 6 albums divertissants pour les petits, sous forme d\u2019histoires th\u00e9matiques :<\/p>\n<p>&nbsp;<\/p>\n<ul>\n<li aria-level=\"1\"><a href=\"https:\/\/kedemoseducation.com\/fr\/produit\/ali-baba-et-les-40-voleurs\/\">Ali Baba et les 40 voleurs<\/a><\/li>\n<li aria-level=\"1\"><a href=\"https:\/\/kedemoseducation.com\/fr\/produit\/conte-cendrillon\/\">Cendrillon<\/a><\/li>\n<li aria-level=\"1\"><a href=\"https:\/\/kedemoseducation.com\/fr\/produit\/perrette-et-le-pot-de-lait\/\">Perrette et le pot au lait<\/a><\/li>\n<li aria-level=\"1\"><a href=\"https:\/\/kedemoseducation.com\/fr\/produit\/blanche-neige\/\">Blanche Neige<\/a><\/li>\n<li aria-level=\"1\"><a href=\"https:\/\/kedemoseducation.com\/fr\/produit\/la-chevre-et-les-biquets\/\">La ch\u00e8vre et les biquets<\/a><\/li>\n<li aria-level=\"1\"><a href=\"https:\/\/kedemoseducation.com\/fr\/produit\/conte-le-petit-poucet\/\">Le Petit Poucet.<\/a><\/li>\n<\/ul>\n<p>&nbsp;<\/p>\n<p>Nos contes ont pour but d\u2019inspirer les enfants tout en les divertissant. Faciles \u00e0 comprendre et \u00e9tant parfaitement adapt\u00e9s \u00e0 leur \u00e2ge, nos histoires sont \u00e9troitement li\u00e9es aux exp\u00e9riences journali\u00e8res des tout petits, et au monde qui les fascine.<\/p>\n<p>Chacun de ces 6 albums est illustr\u00e9 par de belles images en couleurs. Les textes sont de grande taille, et la d\u00e9finition des mots difficiles figure en marge de texte.<\/p>\n<p>Les contes sont disponibles uniquement en grand format, et peuvent \u00eatre achet\u00e9s individuellement ou en<a href=\"https:\/\/kedemoseducation.com\/fr\/product\/collection-contes-de-toujours\/\"> bouquet de contes<\/a>.<\/p>","protected":false},"excerpt":{"rendered":"<p>Des histoires qui font partie de notre patrimoine culturel et que tous les enfants devraient conna\u00eetre&#8230;.<\/p>\n<p>Un texte adapt\u00e9 au niveau linguistique des enfants.<\/p>\n<p>Des exercices de prolongement propres \u00e0 faire parler les enfants et \u00e0 les inciter \u00e0 \u00e9changer des avec leurs camarades tout en enrichissant leur vocabulaire.<\/p>","protected":false},"featured_media":7541,"comment_status":"closed","ping_status":"closed","template":"","meta":{"_monsterinsights_skip_tracking":false,"_monsterinsights_sitenote_active":false,"_monsterinsights_sitenote_note":"","_monsterinsights_sitenote_category":0},"product_brand":[],"product_cat":[159,151,197],"product_tag":[314],"class_list":{"0":"post-1994","1":"product","2":"type-product","3":"status-publish","4":"has-post-thumbnail","6":"product_cat-french-storybooks","7":"product_cat-storybooks-for-children","8":"product_cat-contes-de-toujours","9":"product_tag-7-10-years-old","10":"pa_grade-kg1","11":"pa_grade-kg2","12":"pa_grade-kg3","13":"pa_grade-grade-1","14":"pa_grade-grade-2","15":"pa_grade-grade-3","16":"pa_grade-grade-4","17":"pa_grade-grade-5","18":"pa_grade-grade-6","19":"pa_grade-grade-7","20":"pa_grade-grade-8","21":"pa_grade-grade-9","23":"first","24":"instock","25":"shipping-taxable","26":"purchasable","27":"product-type-simple"},"yoast_head":"<!-- This site is optimized with the Yoast SEO plugin v26.4 - https:\/\/yoast.com\/wordpress\/plugins\/seo\/ -->\r\n<title>Ali Baba et les 40 voleurs - Kedemos Education<\/title>\r\n<meta name=\"description\" content=\"&quot;Ali Baba et les 40 voleurs&quot; : L&#039;histoire d&#039;Ali Baba d\u00e9couvrant une caverne d&#039;or et son fr\u00e8re pris par les voleurs.\" \/>\r\n<meta name=\"robots\" content=\"index, follow, max-snippet:-1, max-image-preview:large, max-video-preview:-1\" \/>\r\n<link rel=\"canonical\" href=\"https:\/\/kedemoseducation.com\/fr\/product\/ali-baba-et-les-40-voleurs\/\" \/>\r\n<meta property=\"og:locale\" content=\"fr_FR\" \/>\r\n<meta property=\"og:type\" content=\"article\" \/>\r\n<meta property=\"og:title\" content=\"Ali Baba et les 40 voleurs - Kedemos Education\" \/>\r\n<meta property=\"og:description\" content=\"&quot;Ali Baba et les 40 voleurs&quot; : L&#039;histoire d&#039;Ali Baba d\u00e9couvrant une caverne d&#039;or et son fr\u00e8re pris par les voleurs.\" \/>\r\n<meta property=\"og:url\" content=\"https:\/\/kedemoseducation.com\/fr\/product\/ali-baba-et-les-40-voleurs\/\" \/>\r\n<meta property=\"og:site_name\" content=\"Kedemos Education\" \/>\r\n<meta property=\"article:publisher\" content=\"https:\/\/www.facebook.com\/Kedemoseducation\" \/>\r\n<meta property=\"article:modified_time\" content=\"2025-12-26T07:30:14+00:00\" \/>\r\n<meta property=\"og:image\" content=\"https:\/\/kedemoseducation.com\/wp-content\/uploads\/2022\/12\/Ali-Baba-et-les-40-voleurs.jpg\" \/>\r\n\t<meta property=\"og:image:width\" content=\"600\" \/>\r\n\t<meta property=\"og:image:height\" content=\"800\" \/>\r\n\t<meta property=\"og:image:type\" content=\"image\/jpeg\" \/>\r\n<meta name=\"twitter:card\" content=\"summary_large_image\" \/>\r\n<meta name=\"twitter:label1\" content=\"Dur\u00e9e de lecture estim\u00e9e\" \/>\n\t<meta name=\"twitter:data1\" content=\"2 minutes\" \/>\r\n<script type=\"application\/ld+json\" class=\"yoast-schema-graph\">{\"@context\":\"https:\/\/schema.org\",\"@graph\":[{\"@type\":\"WebPage\",\"@id\":\"https:\/\/kedemoseducation.com\/en\/product\/ali-baba-et-les-40-voleurs\/\",\"url\":\"https:\/\/kedemoseducation.com\/en\/product\/ali-baba-et-les-40-voleurs\/\",\"name\":\"Ali Baba et les 40 voleurs - Kedemos Education\",\"isPartOf\":{\"@id\":\"https:\/\/kedemoseducation.com\/fr\/#website\"},\"primaryImageOfPage\":{\"@id\":\"https:\/\/kedemoseducation.com\/en\/product\/ali-baba-et-les-40-voleurs\/#primaryimage\"},\"image\":{\"@id\":\"https:\/\/kedemoseducation.com\/en\/product\/ali-baba-et-les-40-voleurs\/#primaryimage\"},\"thumbnailUrl\":\"https:\/\/i0.wp.com\/kedemoseducation.com\/wp-content\/uploads\/2022\/12\/Ali-Baba-et-les-40-voleurs.jpg?fit=600%2C800&ssl=1\",\"datePublished\":\"2022-12-09T10:28:59+00:00\",\"dateModified\":\"2025-12-26T07:30:14+00:00\",\"description\":\"\\\"Ali Baba et les 40 voleurs\\\" : L'histoire d'Ali Baba d\u00e9couvrant une caverne d'or et son fr\u00e8re pris par les voleurs.\",\"breadcrumb\":{\"@id\":\"https:\/\/kedemoseducation.com\/en\/product\/ali-baba-et-les-40-voleurs\/#breadcrumb\"},\"inLanguage\":\"fr-FR\",\"potentialAction\":[{\"@type\":\"ReadAction\",\"target\":[\"https:\/\/kedemoseducation.com\/en\/product\/ali-baba-et-les-40-voleurs\/\"]}]},{\"@type\":\"ImageObject\",\"inLanguage\":\"fr-FR\",\"@id\":\"https:\/\/kedemoseducation.com\/en\/product\/ali-baba-et-les-40-voleurs\/#primaryimage\",\"url\":\"https:\/\/i0.wp.com\/kedemoseducation.com\/wp-content\/uploads\/2022\/12\/Ali-Baba-et-les-40-voleurs.jpg?fit=600%2C800&ssl=1\",\"contentUrl\":\"https:\/\/i0.wp.com\/kedemoseducation.com\/wp-content\/uploads\/2022\/12\/Ali-Baba-et-les-40-voleurs.jpg?fit=600%2C800&ssl=1\",\"width\":600,\"height\":800,\"caption\":\"Conte Ali Baba et les quarante voleurs\"},{\"@type\":\"BreadcrumbList\",\"@id\":\"https:\/\/kedemoseducation.com\/en\/product\/ali-baba-et-les-40-voleurs\/#breadcrumb\",\"itemListElement\":[{\"@type\":\"ListItem\",\"position\":1,\"name\":\"Home\",\"item\":\"https:\/\/kedemoseducation.com\/\"},{\"@type\":\"ListItem\",\"position\":2,\"name\":\"All Products\",\"item\":\"https:\/\/kedemoseducation.com\/fr\/shop-2\/tous-les-produits\/\"},{\"@type\":\"ListItem\",\"position\":3,\"name\":\"Stories\",\"item\":\"https:\/\/kedemoseducation.com\/en\/product-category\/storybooks-for-children\/\"},{\"@type\":\"ListItem\",\"position\":4,\"name\":\"French\",\"item\":\"https:\/\/kedemoseducation.com\/en\/product-category\/storybooks-for-children\/french-storybooks\/\"},{\"@type\":\"ListItem\",\"position\":5,\"name\":\"Ali Baba et les 40 voleurs\"}]},{\"@type\":\"WebSite\",\"@id\":\"https:\/\/kedemoseducation.com\/fr\/#website\",\"url\":\"https:\/\/kedemoseducation.com\/fr\/\",\"name\":\"Kedemos Education\",\"description\":\"The Pleasure of Learning\",\"publisher\":{\"@id\":\"https:\/\/kedemoseducation.com\/fr\/#organization\"},\"potentialAction\":[{\"@type\":\"SearchAction\",\"target\":{\"@type\":\"EntryPoint\",\"urlTemplate\":\"https:\/\/kedemoseducation.com\/fr\/?s={search_term_string}\"},\"query-input\":{\"@type\":\"PropertyValueSpecification\",\"valueRequired\":true,\"valueName\":\"search_term_string\"}}],\"inLanguage\":\"fr-FR\"},{\"@type\":\"Organization\",\"@id\":\"https:\/\/kedemoseducation.com\/fr\/#organization\",\"name\":\"Kedemos Education\",\"url\":\"https:\/\/kedemoseducation.com\/fr\/\",\"logo\":{\"@type\":\"ImageObject\",\"inLanguage\":\"fr-FR\",\"@id\":\"https:\/\/kedemoseducation.com\/fr\/#\/schema\/logo\/image\/\",\"url\":\"https:\/\/kedemoseducation.com\/wp-content\/uploads\/2023\/06\/logo-kedemos-education.png\",\"contentUrl\":\"https:\/\/kedemoseducation.com\/wp-content\/uploads\/2023\/06\/logo-kedemos-education.png\",\"width\":2362,\"height\":903,\"caption\":\"Kedemos Education\"},\"image\":{\"@id\":\"https:\/\/kedemoseducation.com\/fr\/#\/schema\/logo\/image\/\"},\"sameAs\":[\"https:\/\/www.facebook.com\/Kedemoseducation\",\"https:\/\/www.instagram.com\/kedemoseducation\/\",\"https:\/\/www.linkedin.com\/company\/kedemos-education\/\"]}]}<\/script>\r\n<!-- \/ Yoast SEO plugin. -->","yoast_head_json":{"title":"Ali Baba et les 40 voleurs - Kedemos Education","description":"\"Ali Baba et les 40 voleurs\" : L'histoire d'Ali Baba d\u00e9couvrant une caverne d'or et son fr\u00e8re pris par les voleurs.","robots":{"index":"index","follow":"follow","max-snippet":"max-snippet:-1","max-image-preview":"max-image-preview:large","max-video-preview":"max-video-preview:-1"},"canonical":"https:\/\/kedemoseducation.com\/fr\/product\/ali-baba-et-les-40-voleurs\/","og_locale":"fr_FR","og_type":"article","og_title":"Ali Baba et les 40 voleurs - Kedemos Education","og_description":"\"Ali Baba et les 40 voleurs\" : L'histoire d'Ali Baba d\u00e9couvrant une caverne d'or et son fr\u00e8re pris par les voleurs.","og_url":"https:\/\/kedemoseducation.com\/fr\/product\/ali-baba-et-les-40-voleurs\/","og_site_name":"Kedemos Education","article_publisher":"https:\/\/www.facebook.com\/Kedemoseducation","article_modified_time":"2025-12-26T07:30:14+00:00","og_image":[{"width":600,"height":800,"url":"https:\/\/kedemoseducation.com\/wp-content\/uploads\/2022\/12\/Ali-Baba-et-les-40-voleurs.jpg","type":"image\/jpeg"}],"twitter_card":"summary_large_image","twitter_misc":{"Dur\u00e9e de lecture estim\u00e9e":"2 minutes"},"schema":{"@context":"https:\/\/schema.org","@graph":[{"@type":"WebPage","@id":"https:\/\/kedemoseducation.com\/en\/product\/ali-baba-et-les-40-voleurs\/","url":"https:\/\/kedemoseducation.com\/en\/product\/ali-baba-et-les-40-voleurs\/","name":"Ali Baba et les 40 voleurs - Kedemos Education","isPartOf":{"@id":"https:\/\/kedemoseducation.com\/fr\/#website"},"primaryImageOfPage":{"@id":"https:\/\/kedemoseducation.com\/en\/product\/ali-baba-et-les-40-voleurs\/#primaryimage"},"image":{"@id":"https:\/\/kedemoseducation.com\/en\/product\/ali-baba-et-les-40-voleurs\/#primaryimage"},"thumbnailUrl":"https:\/\/i0.wp.com\/kedemoseducation.com\/wp-content\/uploads\/2022\/12\/Ali-Baba-et-les-40-voleurs.jpg?fit=600%2C800&ssl=1","datePublished":"2022-12-09T10:28:59+00:00","dateModified":"2025-12-26T07:30:14+00:00","description":"\"Ali Baba et les 40 voleurs\" : L'histoire d'Ali Baba d\u00e9couvrant une caverne d'or et son fr\u00e8re pris par les voleurs.","breadcrumb":{"@id":"https:\/\/kedemoseducation.com\/en\/product\/ali-baba-et-les-40-voleurs\/#breadcrumb"},"inLanguage":"fr-FR","potentialAction":[{"@type":"ReadAction","target":["https:\/\/kedemoseducation.com\/en\/product\/ali-baba-et-les-40-voleurs\/"]}]},{"@type":"ImageObject","inLanguage":"fr-FR","@id":"https:\/\/kedemoseducation.com\/en\/product\/ali-baba-et-les-40-voleurs\/#primaryimage","url":"https:\/\/i0.wp.com\/kedemoseducation.com\/wp-content\/uploads\/2022\/12\/Ali-Baba-et-les-40-voleurs.jpg?fit=600%2C800&ssl=1","contentUrl":"https:\/\/i0.wp.com\/kedemoseducation.com\/wp-content\/uploads\/2022\/12\/Ali-Baba-et-les-40-voleurs.jpg?fit=600%2C800&ssl=1","width":600,"height":800,"caption":"Conte Ali Baba et les quarante voleurs"},{"@type":"BreadcrumbList","@id":"https:\/\/kedemoseducation.com\/en\/product\/ali-baba-et-les-40-voleurs\/#breadcrumb","itemListElement":[{"@type":"ListItem","position":1,"name":"Home","item":"https:\/\/kedemoseducation.com\/"},{"@type":"ListItem","position":2,"name":"All Products","item":"https:\/\/kedemoseducation.com\/fr\/shop-2\/tous-les-produits\/"},{"@type":"ListItem","position":3,"name":"Stories","item":"https:\/\/kedemoseducation.com\/en\/product-category\/storybooks-for-children\/"},{"@type":"ListItem","position":4,"name":"French","item":"https:\/\/kedemoseducation.com\/en\/product-category\/storybooks-for-children\/french-storybooks\/"},{"@type":"ListItem","position":5,"name":"Ali Baba et les 40 voleurs"}]},{"@type":"WebSite","@id":"https:\/\/kedemoseducation.com\/fr\/#website","url":"https:\/\/kedemoseducation.com\/fr\/","name":"K\u00e9d\u00e9mos Education","description":"Le plaisir d'apprendre","publisher":{"@id":"https:\/\/kedemoseducation.com\/fr\/#organization"},"potentialAction":[{"@type":"SearchAction","target":{"@type":"EntryPoint","urlTemplate":"https:\/\/kedemoseducation.com\/fr\/?s={search_term_string}"},"query-input":{"@type":"PropertyValueSpecification","valueRequired":true,"valueName":"search_term_string"}}],"inLanguage":"fr-FR"},{"@type":"Organization","@id":"https:\/\/kedemoseducation.com\/fr\/#organization","name":"K\u00e9d\u00e9mos Education","url":"https:\/\/kedemoseducation.com\/fr\/","logo":{"@type":"ImageObject","inLanguage":"fr-FR","@id":"https:\/\/kedemoseducation.com\/fr\/#\/schema\/logo\/image\/","url":"https:\/\/kedemoseducation.com\/wp-content\/uploads\/2023\/06\/logo-kedemos-education.png","contentUrl":"https:\/\/kedemoseducation.com\/wp-content\/uploads\/2023\/06\/logo-kedemos-education.png","width":2362,"height":903,"caption":"Kedemos Education"},"image":{"@id":"https:\/\/kedemoseducation.com\/fr\/#\/schema\/logo\/image\/"},"sameAs":["https:\/\/www.facebook.com\/Kedemoseducation","https:\/\/www.instagram.com\/kedemoseducation\/","https:\/\/www.linkedin.com\/company\/kedemos-education\/"]}]}},"jetpack_sharing_enabled":true,"_links":{"self":[{"href":"https:\/\/kedemoseducation.com\/fr\/wp-json\/wp\/v2\/product\/1994","targetHints":{"allow":["GET"]}}],"collection":[{"href":"https:\/\/kedemoseducation.com\/fr\/wp-json\/wp\/v2\/product"}],"about":[{"href":"https:\/\/kedemoseducation.com\/fr\/wp-json\/wp\/v2\/types\/product"}],"replies":[{"embeddable":true,"href":"https:\/\/kedemoseducation.com\/fr\/wp-json\/wp\/v2\/comments?post=1994"}],"wp:featuredmedia":[{"embeddable":true,"href":"https:\/\/kedemoseducation.com\/fr\/wp-json\/wp\/v2\/media\/7541"}],"wp:attachment":[{"href":"https:\/\/kedemoseducation.com\/fr\/wp-json\/wp\/v2\/media?parent=1994"}],"wp:term":[{"taxonomy":"product_brand","embeddable":true,"href":"https:\/\/kedemoseducation.com\/fr\/wp-json\/wp\/v2\/product_brand?post=1994"},{"taxonomy":"product_cat","embeddable":true,"href":"https:\/\/kedemoseducation.com\/fr\/wp-json\/wp\/v2\/product_cat?post=1994"},{"taxonomy":"product_tag","embeddable":true,"href":"https:\/\/kedemoseducation.com\/fr\/wp-json\/wp\/v2\/product_tag?post=1994"}],"curies":[{"name":"wp","href":"https:\/\/api.w.org\/{rel}","templated":true}]}}