{"id":1956,"date":"2022-12-01T13:33:41","date_gmt":"2022-12-01T11:33:41","guid":{"rendered":"https:\/\/kedemoseducation.com\/?post_type=product&#038;p=1956"},"modified":"2025-12-26T09:30:16","modified_gmt":"2025-12-26T07:30:16","slug":"collection-contes-pour-lire-et-parler","status":"publish","type":"product","link":"https:\/\/kedemoseducation.com\/fr\/product\/collection-contes-pour-lire-et-parler\/","title":{"rendered":"Bouquet Conte pour lire et parler"},"content":{"rendered":"<h2>Collection Contes pour lire et parler<\/h2>\n<p>La collection <a href=\"https:\/\/www.instagram.com\/p\/CrNBqmoI1To\/\">Contes pour lire et parler<\/a> est une collection de contes d\u00e9di\u00e9e aux enfants de 5 \u00e0 7 ans. Chaque conte est accompagn\u00e9 d\u2019une exploitation p\u00e9dagogique avec plusieurs pages de questions qui ont pour objectif d\u2019encourager l\u2019apprentissage interactif de l\u2019enfant et de tester ses connaissances et sa compr\u00e9hension de l\u2019histoire lue. La collection comprend 4 albums divertissants et amusants pour les petits, sous forme d\u2019histoires th\u00e9matiques :<\/p>\n<ul>\n<li aria-level=\"1\"><a href=\"https:\/\/kedemoseducation.com\/fr\/product\/conte-les-amis-de-dino\/\">Les amis de Dino<\/a><\/li>\n<li aria-level=\"1\"><a href=\"https:\/\/kedemoseducation.com\/fr\/product\/conte-marilise-veut-une-maison-2\/\">Marilise veut une maison<\/a><\/li>\n<li aria-level=\"1\"><a href=\"https:\/\/kedemoseducation.com\/fr\/product\/conte-les-feuilles-dautomne\/\">Les feuilles d\u2019automne<\/a><\/li>\n<li aria-level=\"1\"><a href=\"https:\/\/kedemoseducation.com\/fr\/product\/conte-watou-lourson-blanc\/\">Watou et l\u2019ourson blanc.<\/a><\/li>\n<\/ul>\n<p>Nos contes ont pour but d\u2019inspirer les enfants tout en les divertissant. Faciles \u00e0 comprendre et \u00e9tant parfaitement adapt\u00e9s \u00e0 leur \u00e2ge, nos histoires sont \u00e9troitement li\u00e9es aux exp\u00e9riences journali\u00e8res des tout petits, et au monde qui les fascine, les passionne et les int\u00e9resse.Cela les encourage \u00e0 explorer, \u00e0 r\u00eaver et \u00e0 apprendre. De m\u00eame, ces contes stimulent l\u2019imagination des enfants et \u00e9veillent leur curiosit\u00e9.<\/p>\n<p>Chacun de ces 4 albums est illustr\u00e9 par de belles images en couleurs. Les textes sont de grande taille, ce qui les rend bien lisibles et compr\u00e9hensibles pour les enfants.<\/p>\n<p>Les contes sont disponibles uniquement en grand format, et peuvent \u00eatre achet\u00e9s individuellement ou <a href=\"https:\/\/kedemoseducation.com\/fr\/product\/collection-contes-pour-lire-et-parler\/\">bouquet de contes<\/a>.<\/p>","protected":false},"excerpt":{"rendered":"<p>Cette collection de contes propose des r\u00e9cits passionnants, faciles \u00e0 lire et \u00e0 comprendre. Chaque ouvrage comprend des exercices de prolongement propres \u00e0 faire parler l\u2019enfant, tout en enrichissant son vocabulaire.<\/p>","protected":false},"featured_media":7803,"comment_status":"closed","ping_status":"closed","template":"","meta":{"_monsterinsights_skip_tracking":false,"_monsterinsights_sitenote_active":false,"_monsterinsights_sitenote_note":"","_monsterinsights_sitenote_category":0},"product_brand":[],"product_cat":[159,151,170],"product_tag":[313,315,343],"class_list":{"0":"post-1956","1":"product","2":"type-product","3":"status-publish","4":"has-post-thumbnail","6":"product_cat-french-storybooks","7":"product_cat-storybooks-for-children","8":"product_cat-conte-pour-lire-et-parler","9":"product_tag-5-7-years-old","10":"product_tag-french-storybook-collections","11":"product_tag-storybook-bundles","12":"pa_grade-kg1","13":"pa_grade-kg2","14":"pa_grade-kg3","15":"pa_grade-grade-1","16":"pa_grade-grade-2","17":"pa_grade-grade-3","18":"pa_grade-grade-4","19":"pa_grade-grade-5","20":"pa_grade-grade-6","22":"first","23":"instock","24":"shipping-taxable","25":"purchasable","26":"product-type-simple"},"yoast_head":"<!-- This site is optimized with the Yoast SEO plugin v26.4 - https:\/\/yoast.com\/wordpress\/plugins\/seo\/ -->\r\n<title>Collection Contes pour lire et parler - Kedemos Education<\/title>\r\n<meta name=\"description\" content=\"La collection Contes pour 5-7 ans propose 4 albums avec questions pour un apprentissage interactif des contes pour enfants.\" \/>\r\n<meta name=\"robots\" content=\"index, follow, max-snippet:-1, max-image-preview:large, max-video-preview:-1\" \/>\r\n<link rel=\"canonical\" href=\"https:\/\/kedemoseducation.com\/fr\/product\/collection-contes-pour-lire-et-parler\/\" \/>\r\n<meta property=\"og:locale\" content=\"fr_FR\" \/>\r\n<meta property=\"og:type\" content=\"article\" \/>\r\n<meta property=\"og:title\" content=\"Collection Contes pour lire et parler - Kedemos Education\" \/>\r\n<meta property=\"og:description\" content=\"La collection Contes pour 5-7 ans propose 4 albums avec questions pour un apprentissage interactif des contes pour enfants.\" \/>\r\n<meta property=\"og:url\" content=\"https:\/\/kedemoseducation.com\/fr\/product\/collection-contes-pour-lire-et-parler\/\" \/>\r\n<meta property=\"og:site_name\" content=\"Kedemos Education\" \/>\r\n<meta property=\"article:publisher\" content=\"https:\/\/www.facebook.com\/Kedemoseducation\" \/>\r\n<meta property=\"article:modified_time\" content=\"2025-12-26T07:30:16+00:00\" \/>\r\n<meta property=\"og:image\" content=\"https:\/\/kedemoseducation.com\/wp-content\/uploads\/2022\/12\/conte-pour-lire-et-parler-new.jpg\" \/>\r\n\t<meta property=\"og:image:width\" content=\"600\" \/>\r\n\t<meta property=\"og:image:height\" content=\"800\" \/>\r\n\t<meta property=\"og:image:type\" content=\"image\/jpeg\" \/>\r\n<meta name=\"twitter:card\" content=\"summary_large_image\" \/>\r\n<meta name=\"twitter:label1\" content=\"Dur\u00e9e de lecture estim\u00e9e\" \/>\n\t<meta name=\"twitter:data1\" content=\"2 minutes\" \/>\r\n<script type=\"application\/ld+json\" class=\"yoast-schema-graph\">{\"@context\":\"https:\/\/schema.org\",\"@graph\":[{\"@type\":\"WebPage\",\"@id\":\"https:\/\/kedemoseducation.com\/fr\/product\/collection-contes-pour-lire-et-parler\/\",\"url\":\"https:\/\/kedemoseducation.com\/fr\/product\/collection-contes-pour-lire-et-parler\/\",\"name\":\"Collection Contes pour lire et parler - Kedemos Education\",\"isPartOf\":{\"@id\":\"https:\/\/kedemoseducation.com\/fr\/#website\"},\"primaryImageOfPage\":{\"@id\":\"https:\/\/kedemoseducation.com\/fr\/product\/collection-contes-pour-lire-et-parler\/#primaryimage\"},\"image\":{\"@id\":\"https:\/\/kedemoseducation.com\/fr\/product\/collection-contes-pour-lire-et-parler\/#primaryimage\"},\"thumbnailUrl\":\"https:\/\/i0.wp.com\/kedemoseducation.com\/wp-content\/uploads\/2022\/12\/conte-pour-lire-et-parler-new.jpg?fit=600%2C800&ssl=1\",\"datePublished\":\"2022-12-01T11:33:41+00:00\",\"dateModified\":\"2025-12-26T07:30:16+00:00\",\"description\":\"La collection Contes pour 5-7 ans propose 4 albums avec questions pour un apprentissage interactif des contes pour enfants.\",\"breadcrumb\":{\"@id\":\"https:\/\/kedemoseducation.com\/fr\/product\/collection-contes-pour-lire-et-parler\/#breadcrumb\"},\"inLanguage\":\"fr-FR\",\"potentialAction\":[{\"@type\":\"ReadAction\",\"target\":[\"https:\/\/kedemoseducation.com\/fr\/product\/collection-contes-pour-lire-et-parler\/\"]}]},{\"@type\":\"ImageObject\",\"inLanguage\":\"fr-FR\",\"@id\":\"https:\/\/kedemoseducation.com\/fr\/product\/collection-contes-pour-lire-et-parler\/#primaryimage\",\"url\":\"https:\/\/i0.wp.com\/kedemoseducation.com\/wp-content\/uploads\/2022\/12\/conte-pour-lire-et-parler-new.jpg?fit=600%2C800&ssl=1\",\"contentUrl\":\"https:\/\/i0.wp.com\/kedemoseducation.com\/wp-content\/uploads\/2022\/12\/conte-pour-lire-et-parler-new.jpg?fit=600%2C800&ssl=1\",\"width\":600,\"height\":800,\"caption\":\"Collection Contes pour lire et parler\"},{\"@type\":\"BreadcrumbList\",\"@id\":\"https:\/\/kedemoseducation.com\/fr\/product\/collection-contes-pour-lire-et-parler\/#breadcrumb\",\"itemListElement\":[{\"@type\":\"ListItem\",\"position\":1,\"name\":\"Home\",\"item\":\"https:\/\/kedemoseducation.com\/\"},{\"@type\":\"ListItem\",\"position\":2,\"name\":\"All Products\",\"item\":\"https:\/\/kedemoseducation.com\/fr\/shop-2\/tous-les-produits\/\"},{\"@type\":\"ListItem\",\"position\":3,\"name\":\"Stories\",\"item\":\"https:\/\/kedemoseducation.com\/en\/product-category\/storybooks-for-children\/\"},{\"@type\":\"ListItem\",\"position\":4,\"name\":\"Bundle Conte pour lire et parler\"}]},{\"@type\":\"WebSite\",\"@id\":\"https:\/\/kedemoseducation.com\/fr\/#website\",\"url\":\"https:\/\/kedemoseducation.com\/fr\/\",\"name\":\"Kedemos Education\",\"description\":\"The Pleasure of Learning\",\"publisher\":{\"@id\":\"https:\/\/kedemoseducation.com\/fr\/#organization\"},\"potentialAction\":[{\"@type\":\"SearchAction\",\"target\":{\"@type\":\"EntryPoint\",\"urlTemplate\":\"https:\/\/kedemoseducation.com\/fr\/?s={search_term_string}\"},\"query-input\":{\"@type\":\"PropertyValueSpecification\",\"valueRequired\":true,\"valueName\":\"search_term_string\"}}],\"inLanguage\":\"fr-FR\"},{\"@type\":\"Organization\",\"@id\":\"https:\/\/kedemoseducation.com\/fr\/#organization\",\"name\":\"Kedemos Education\",\"url\":\"https:\/\/kedemoseducation.com\/fr\/\",\"logo\":{\"@type\":\"ImageObject\",\"inLanguage\":\"fr-FR\",\"@id\":\"https:\/\/kedemoseducation.com\/fr\/#\/schema\/logo\/image\/\",\"url\":\"https:\/\/kedemoseducation.com\/wp-content\/uploads\/2023\/06\/logo-kedemos-education.png\",\"contentUrl\":\"https:\/\/kedemoseducation.com\/wp-content\/uploads\/2023\/06\/logo-kedemos-education.png\",\"width\":2362,\"height\":903,\"caption\":\"Kedemos Education\"},\"image\":{\"@id\":\"https:\/\/kedemoseducation.com\/fr\/#\/schema\/logo\/image\/\"},\"sameAs\":[\"https:\/\/www.facebook.com\/Kedemoseducation\",\"https:\/\/www.instagram.com\/kedemoseducation\/\",\"https:\/\/www.linkedin.com\/company\/kedemos-education\/\"]}]}<\/script>\r\n<!-- \/ Yoast SEO plugin. -->","yoast_head_json":{"title":"Collection Contes pour lire et parler - Kedemos Education","description":"La collection Contes pour 5-7 ans propose 4 albums avec questions pour un apprentissage interactif des contes pour enfants.","robots":{"index":"index","follow":"follow","max-snippet":"max-snippet:-1","max-image-preview":"max-image-preview:large","max-video-preview":"max-video-preview:-1"},"canonical":"https:\/\/kedemoseducation.com\/fr\/product\/collection-contes-pour-lire-et-parler\/","og_locale":"fr_FR","og_type":"article","og_title":"Collection Contes pour lire et parler - Kedemos Education","og_description":"La collection Contes pour 5-7 ans propose 4 albums avec questions pour un apprentissage interactif des contes pour enfants.","og_url":"https:\/\/kedemoseducation.com\/fr\/product\/collection-contes-pour-lire-et-parler\/","og_site_name":"Kedemos Education","article_publisher":"https:\/\/www.facebook.com\/Kedemoseducation","article_modified_time":"2025-12-26T07:30:16+00:00","og_image":[{"width":600,"height":800,"url":"https:\/\/kedemoseducation.com\/wp-content\/uploads\/2022\/12\/conte-pour-lire-et-parler-new.jpg","type":"image\/jpeg"}],"twitter_card":"summary_large_image","twitter_misc":{"Dur\u00e9e de lecture estim\u00e9e":"2 minutes"},"schema":{"@context":"https:\/\/schema.org","@graph":[{"@type":"WebPage","@id":"https:\/\/kedemoseducation.com\/fr\/product\/collection-contes-pour-lire-et-parler\/","url":"https:\/\/kedemoseducation.com\/fr\/product\/collection-contes-pour-lire-et-parler\/","name":"Collection Contes pour lire et parler - Kedemos Education","isPartOf":{"@id":"https:\/\/kedemoseducation.com\/fr\/#website"},"primaryImageOfPage":{"@id":"https:\/\/kedemoseducation.com\/fr\/product\/collection-contes-pour-lire-et-parler\/#primaryimage"},"image":{"@id":"https:\/\/kedemoseducation.com\/fr\/product\/collection-contes-pour-lire-et-parler\/#primaryimage"},"thumbnailUrl":"https:\/\/i0.wp.com\/kedemoseducation.com\/wp-content\/uploads\/2022\/12\/conte-pour-lire-et-parler-new.jpg?fit=600%2C800&ssl=1","datePublished":"2022-12-01T11:33:41+00:00","dateModified":"2025-12-26T07:30:16+00:00","description":"La collection Contes pour 5-7 ans propose 4 albums avec questions pour un apprentissage interactif des contes pour enfants.","breadcrumb":{"@id":"https:\/\/kedemoseducation.com\/fr\/product\/collection-contes-pour-lire-et-parler\/#breadcrumb"},"inLanguage":"fr-FR","potentialAction":[{"@type":"ReadAction","target":["https:\/\/kedemoseducation.com\/fr\/product\/collection-contes-pour-lire-et-parler\/"]}]},{"@type":"ImageObject","inLanguage":"fr-FR","@id":"https:\/\/kedemoseducation.com\/fr\/product\/collection-contes-pour-lire-et-parler\/#primaryimage","url":"https:\/\/i0.wp.com\/kedemoseducation.com\/wp-content\/uploads\/2022\/12\/conte-pour-lire-et-parler-new.jpg?fit=600%2C800&ssl=1","contentUrl":"https:\/\/i0.wp.com\/kedemoseducation.com\/wp-content\/uploads\/2022\/12\/conte-pour-lire-et-parler-new.jpg?fit=600%2C800&ssl=1","width":600,"height":800,"caption":"Collection Contes pour lire et parler"},{"@type":"BreadcrumbList","@id":"https:\/\/kedemoseducation.com\/fr\/product\/collection-contes-pour-lire-et-parler\/#breadcrumb","itemListElement":[{"@type":"ListItem","position":1,"name":"Home","item":"https:\/\/kedemoseducation.com\/"},{"@type":"ListItem","position":2,"name":"All Products","item":"https:\/\/kedemoseducation.com\/fr\/shop-2\/tous-les-produits\/"},{"@type":"ListItem","position":3,"name":"Stories","item":"https:\/\/kedemoseducation.com\/en\/product-category\/storybooks-for-children\/"},{"@type":"ListItem","position":4,"name":"Bundle Conte pour lire et parler"}]},{"@type":"WebSite","@id":"https:\/\/kedemoseducation.com\/fr\/#website","url":"https:\/\/kedemoseducation.com\/fr\/","name":"K\u00e9d\u00e9mos Education","description":"Le plaisir d'apprendre","publisher":{"@id":"https:\/\/kedemoseducation.com\/fr\/#organization"},"potentialAction":[{"@type":"SearchAction","target":{"@type":"EntryPoint","urlTemplate":"https:\/\/kedemoseducation.com\/fr\/?s={search_term_string}"},"query-input":{"@type":"PropertyValueSpecification","valueRequired":true,"valueName":"search_term_string"}}],"inLanguage":"fr-FR"},{"@type":"Organization","@id":"https:\/\/kedemoseducation.com\/fr\/#organization","name":"K\u00e9d\u00e9mos Education","url":"https:\/\/kedemoseducation.com\/fr\/","logo":{"@type":"ImageObject","inLanguage":"fr-FR","@id":"https:\/\/kedemoseducation.com\/fr\/#\/schema\/logo\/image\/","url":"https:\/\/kedemoseducation.com\/wp-content\/uploads\/2023\/06\/logo-kedemos-education.png","contentUrl":"https:\/\/kedemoseducation.com\/wp-content\/uploads\/2023\/06\/logo-kedemos-education.png","width":2362,"height":903,"caption":"Kedemos Education"},"image":{"@id":"https:\/\/kedemoseducation.com\/fr\/#\/schema\/logo\/image\/"},"sameAs":["https:\/\/www.facebook.com\/Kedemoseducation","https:\/\/www.instagram.com\/kedemoseducation\/","https:\/\/www.linkedin.com\/company\/kedemos-education\/"]}]}},"jetpack_sharing_enabled":true,"_links":{"self":[{"href":"https:\/\/kedemoseducation.com\/fr\/wp-json\/wp\/v2\/product\/1956","targetHints":{"allow":["GET"]}}],"collection":[{"href":"https:\/\/kedemoseducation.com\/fr\/wp-json\/wp\/v2\/product"}],"about":[{"href":"https:\/\/kedemoseducation.com\/fr\/wp-json\/wp\/v2\/types\/product"}],"replies":[{"embeddable":true,"href":"https:\/\/kedemoseducation.com\/fr\/wp-json\/wp\/v2\/comments?post=1956"}],"wp:featuredmedia":[{"embeddable":true,"href":"https:\/\/kedemoseducation.com\/fr\/wp-json\/wp\/v2\/media\/7803"}],"wp:attachment":[{"href":"https:\/\/kedemoseducation.com\/fr\/wp-json\/wp\/v2\/media?parent=1956"}],"wp:term":[{"taxonomy":"product_brand","embeddable":true,"href":"https:\/\/kedemoseducation.com\/fr\/wp-json\/wp\/v2\/product_brand?post=1956"},{"taxonomy":"product_cat","embeddable":true,"href":"https:\/\/kedemoseducation.com\/fr\/wp-json\/wp\/v2\/product_cat?post=1956"},{"taxonomy":"product_tag","embeddable":true,"href":"https:\/\/kedemoseducation.com\/fr\/wp-json\/wp\/v2\/product_tag?post=1956"}],"curies":[{"name":"wp","href":"https:\/\/api.w.org\/{rel}","templated":true}]}}