{"id":193,"date":"2022-05-05T06:17:13","date_gmt":"2022-05-05T06:17:13","guid":{"rendered":"https:\/\/eshop.classperts.com\/?post_type=product&#038;p=193"},"modified":"2026-02-10T11:22:42","modified_gmt":"2026-02-10T09:22:42","slug":"grade-1-writing-copybook-aec","status":"publish","type":"product","link":"https:\/\/kedemoseducation.com\/fr\/product\/cp-eb1-cahier-decriture-aec\/","title":{"rendered":"CP \/ EB1 - Cahier d\u2019\u00c9criture"},"content":{"rendered":"<h1><b>CP \/ EB1 Cahier d'\u00e9criture - Arc-en-ciel<\/b><\/h1>\n<h2><b>Pr\u00e9sentation de la m\u00e9thode du CP \/ EB1<\/b><\/h2>\n<p><span style=\"font-weight: 400;\">Ce cahier d\u2019\u00e9criture pour le CP \/ EB1 fait partie de la collection Arc-en-ciel. Celle-ci est bas\u00e9e sur la m\u00e9thode mixte de lecture. \u00c0 partir d\u2019une approche globale, l\u2019association des lettres et des syllabes est imm\u00e9diate afin de construire de nouveaux mots.<\/span><\/p>\n<p><span style=\"font-weight: 400;\">La collection Arc-en-ciel pour le CP \/ EB1 repose sur les principes m\u00e9thodologiques suivants :<\/span><\/p>\n<ul>\n<li style=\"font-weight: 400;\" aria-level=\"1\"><span style=\"font-weight: 400;\">Priorit\u00e9 accord\u00e9e \u00e0 la compr\u00e9hension et \u00e0 l\u2019expression orales \u00e0 travers de nombreux exercices encourageant les enfants \u00e0 s\u2019exprimer.<\/span><\/li>\n<li style=\"font-weight: 400;\" aria-level=\"1\"><span style=\"font-weight: 400;\">Une abondance d\u2019illustrations : des images color\u00e9es et attractives renforcent la compr\u00e9hension et facilitent l'expression.<\/span><\/li>\n<li style=\"font-weight: 400;\" aria-level=\"1\"><span style=\"font-weight: 400;\">La participation active des enfants : des activit\u00e9s interactives stimulent l'engagement et l'int\u00e9r\u00eat des \u00e9l\u00e8ves.<\/span><\/li>\n<li style=\"font-weight: 400;\" aria-level=\"1\"><span style=\"font-weight: 400;\">Des \u00e9valuations r\u00e9guli\u00e8res permettant de suivre les progr\u00e8s des enfants.<\/span><\/li>\n<\/ul>\n<p><span style=\"font-weight: 400;\">La collection Arc-en-ciel pour le CP \/ EB1 est une m\u00e9thode compl\u00e8te d'apprentissage du fran\u00e7ais. Elle est compos\u00e9e des quatre volets suivants : un <a href=\"https:\/\/kedemoseducation.com\/fr\/produit\/cp-eb1-livre-de-lecture-aec\/\">livre de lecture<\/a>, <a href=\"https:\/\/kedemoseducation.com\/fr\/produit\/cp-eb1-cahier-dexercices-1-bal\/\">deux cahiers d'exercices<\/a><span> et un cahier d'\u00e9criture. Cette collection est aussi accompagn\u00e9e de<\/span> <a href=\"https:\/\/kedemoseducation.com\/fr\/product-category\/storybooks-for-children\/french-storybooks\/collection-galaxie\/red-star\/\">10 contes<\/a>.<\/span><\/p>\n<h3><b>Cahier d\u2019\u00e9criture CP \/ EB1<\/b><\/h3>\n<p><span style=\"font-weight: 400;\">Ce cahier d'\u00e9criture propose un apprentissage syst\u00e9matique de l\u2019\u00e9criture des graph\u00e8mes en cursive. Vous y trouverez aussi des exercices d\u2019entra\u00eenement \u00e0 l\u2019\u00e9criture des lettres minuscules et majuscules. Ce cahier aide \u00e9galement \u00e0 d\u00e9velopper le vocabulaire, la grammaire et les comp\u00e9tences linguistiques dans leur ensemble. Les enfants peuvent d\u00e9j\u00e0 s\u2019exprimer oralement. Le passage de l\u2019oral \u00e0 l\u2019\u00e9crit renforce ainsi l\u2019assimilation des r\u00e8gles et des structures linguistiques. De m\u00eame, ce cahier d'\u00e9criture pose les bases du travail de dict\u00e9e. Il accompagne le livre de lecture du CP \/ EB1.<\/span><\/p>","protected":false},"excerpt":{"rendered":"<p><span style=\"font-weight: 400;\">Ce cahier d\u2019\u00e9criture propose un apprentissage de l'\u00e9criture des graph\u00e8mes en cursive, ainsi que des exercices d'entra\u00eenement \u00e0 l'\u00e9criture des lettres minuscules et majuscules.<\/span><\/p>\n<p class=\"translation-block\"><span style=\"font-weight: 400\">Il accompagne <a href=\"https:\/\/kedemoseducation.com\/fr\/product\/cp-eb1-livre-de-lecture-aec\/\" target=\"_self\">le livre de lecture <\/a>du CP \/ EB1.<\/span><\/p>","protected":false},"featured_media":7250,"comment_status":"closed","ping_status":"closed","template":"","meta":{"_monsterinsights_skip_tracking":false,"_monsterinsights_sitenote_active":false,"_monsterinsights_sitenote_note":"","_monsterinsights_sitenote_category":0},"product_brand":[],"product_cat":[17,23,16,18,328],"product_tag":[57,76,334,335],"class_list":{"0":"post-193","1":"product","2":"type-product","3":"status-publish","4":"has-post-thumbnail","6":"product_cat-french","7":"product_cat-grade-1-arc-en-ciel","8":"product_cat-school-books","9":"product_cat-arc-en-ciel","10":"product_cat-primary-school","11":"product_tag-arc-en-ciel","12":"product_tag-grade-1","13":"product_tag-writing-copybook","14":"product_tag-primary-school","15":"pa_grade-grade-1","17":"first","18":"instock","19":"shipping-taxable","20":"purchasable","21":"product-type-simple"},"yoast_head":"<!-- This site is optimized with the Yoast SEO plugin v26.4 - https:\/\/yoast.com\/wordpress\/plugins\/seo\/ -->\r\n<title>Grade 1 Writing Copybook - Kedemos Education<\/title>\r\n<meta name=\"description\" content=\"This Grade 1 writing copybook focuses on teaching how to write in uppercase and lowercase in cursive, and provides practice exercises.\" \/>\r\n<meta name=\"robots\" content=\"index, follow, max-snippet:-1, max-image-preview:large, max-video-preview:-1\" \/>\r\n<link rel=\"canonical\" href=\"https:\/\/kedemoseducation.com\/fr\/product\/cp-eb1-cahier-decriture-aec\/\" \/>\r\n<meta property=\"og:locale\" content=\"fr_FR\" \/>\r\n<meta property=\"og:type\" content=\"article\" \/>\r\n<meta property=\"og:title\" content=\"Grade 1 Writing Copybook - Kedemos Education\" \/>\r\n<meta property=\"og:description\" content=\"This Grade 1 writing copybook focuses on teaching how to write in uppercase and lowercase in cursive, and provides practice exercises.\" \/>\r\n<meta property=\"og:url\" content=\"https:\/\/kedemoseducation.com\/fr\/product\/cp-eb1-cahier-decriture-aec\/\" \/>\r\n<meta property=\"og:site_name\" content=\"Kedemos Education\" \/>\r\n<meta property=\"article:publisher\" content=\"https:\/\/www.facebook.com\/Kedemoseducation\" \/>\r\n<meta property=\"article:modified_time\" content=\"2026-02-10T09:22:42+00:00\" \/>\r\n<meta property=\"og:image\" content=\"https:\/\/kedemoseducation.com\/wp-content\/uploads\/2022\/05\/ecriture-CP-aec-1.jpg\" \/>\r\n\t<meta property=\"og:image:width\" content=\"600\" \/>\r\n\t<meta property=\"og:image:height\" content=\"800\" \/>\r\n\t<meta property=\"og:image:type\" content=\"image\/jpeg\" \/>\r\n<meta name=\"twitter:card\" content=\"summary_large_image\" \/>\r\n<meta name=\"twitter:label1\" content=\"Dur\u00e9e de lecture estim\u00e9e\" \/>\n\t<meta name=\"twitter:data1\" content=\"2 minutes\" \/>\r\n<script type=\"application\/ld+json\" class=\"yoast-schema-graph\">{\"@context\":\"https:\/\/schema.org\",\"@graph\":[{\"@type\":\"WebPage\",\"@id\":\"https:\/\/kedemoseducation.com\/product\/cp-eb1-cahier-decriture-aec\/\",\"url\":\"https:\/\/kedemoseducation.com\/product\/cp-eb1-cahier-decriture-aec\/\",\"name\":\"Grade 1 Writing Copybook - Kedemos Education\",\"isPartOf\":{\"@id\":\"https:\/\/kedemoseducation.com\/fr\/#website\"},\"primaryImageOfPage\":{\"@id\":\"https:\/\/kedemoseducation.com\/product\/cp-eb1-cahier-decriture-aec\/#primaryimage\"},\"image\":{\"@id\":\"https:\/\/kedemoseducation.com\/product\/cp-eb1-cahier-decriture-aec\/#primaryimage\"},\"thumbnailUrl\":\"https:\/\/i0.wp.com\/kedemoseducation.com\/wp-content\/uploads\/2022\/05\/ecriture-CP-aec-1.jpg?fit=600%2C800&ssl=1\",\"datePublished\":\"2022-05-05T06:17:13+00:00\",\"dateModified\":\"2026-02-10T09:22:42+00:00\",\"description\":\"This Grade 1 writing copybook focuses on teaching how to write in uppercase and lowercase in cursive, and provides practice exercises.\",\"breadcrumb\":{\"@id\":\"https:\/\/kedemoseducation.com\/product\/cp-eb1-cahier-decriture-aec\/#breadcrumb\"},\"inLanguage\":\"fr-FR\",\"potentialAction\":[{\"@type\":\"ReadAction\",\"target\":[\"https:\/\/kedemoseducation.com\/product\/cp-eb1-cahier-decriture-aec\/\"]}]},{\"@type\":\"ImageObject\",\"inLanguage\":\"fr-FR\",\"@id\":\"https:\/\/kedemoseducation.com\/product\/cp-eb1-cahier-decriture-aec\/#primaryimage\",\"url\":\"https:\/\/i0.wp.com\/kedemoseducation.com\/wp-content\/uploads\/2022\/05\/ecriture-CP-aec-1.jpg?fit=600%2C800&ssl=1\",\"contentUrl\":\"https:\/\/i0.wp.com\/kedemoseducation.com\/wp-content\/uploads\/2022\/05\/ecriture-CP-aec-1.jpg?fit=600%2C800&ssl=1\",\"width\":600,\"height\":800,\"caption\":\"Grade 1 Writing Copybook\"},{\"@type\":\"BreadcrumbList\",\"@id\":\"https:\/\/kedemoseducation.com\/product\/cp-eb1-cahier-decriture-aec\/#breadcrumb\",\"itemListElement\":[{\"@type\":\"ListItem\",\"position\":1,\"name\":\"Home\",\"item\":\"https:\/\/kedemoseducation.com\/\"},{\"@type\":\"ListItem\",\"position\":2,\"name\":\"All Products\",\"item\":\"https:\/\/kedemoseducation.com\/fr\/shop-2\/tous-les-produits\/\"},{\"@type\":\"ListItem\",\"position\":3,\"name\":\"School Books\",\"item\":\"https:\/\/kedemoseducation.com\/fr\/categorie-de-produit\/manuels-scolaires\/\"},{\"@type\":\"ListItem\",\"position\":4,\"name\":\"Grade 1 &#8211; Writing Copybook\"}]},{\"@type\":\"WebSite\",\"@id\":\"https:\/\/kedemoseducation.com\/fr\/#website\",\"url\":\"https:\/\/kedemoseducation.com\/fr\/\",\"name\":\"Kedemos Education\",\"description\":\"The Pleasure of Learning\",\"publisher\":{\"@id\":\"https:\/\/kedemoseducation.com\/fr\/#organization\"},\"potentialAction\":[{\"@type\":\"SearchAction\",\"target\":{\"@type\":\"EntryPoint\",\"urlTemplate\":\"https:\/\/kedemoseducation.com\/fr\/?s={search_term_string}\"},\"query-input\":{\"@type\":\"PropertyValueSpecification\",\"valueRequired\":true,\"valueName\":\"search_term_string\"}}],\"inLanguage\":\"fr-FR\"},{\"@type\":\"Organization\",\"@id\":\"https:\/\/kedemoseducation.com\/fr\/#organization\",\"name\":\"Kedemos Education\",\"url\":\"https:\/\/kedemoseducation.com\/fr\/\",\"logo\":{\"@type\":\"ImageObject\",\"inLanguage\":\"fr-FR\",\"@id\":\"https:\/\/kedemoseducation.com\/fr\/#\/schema\/logo\/image\/\",\"url\":\"https:\/\/kedemoseducation.com\/wp-content\/uploads\/2023\/06\/logo-kedemos-education.png\",\"contentUrl\":\"https:\/\/kedemoseducation.com\/wp-content\/uploads\/2023\/06\/logo-kedemos-education.png\",\"width\":2362,\"height\":903,\"caption\":\"Kedemos Education\"},\"image\":{\"@id\":\"https:\/\/kedemoseducation.com\/fr\/#\/schema\/logo\/image\/\"},\"sameAs\":[\"https:\/\/www.facebook.com\/Kedemoseducation\",\"https:\/\/www.instagram.com\/kedemoseducation\/\",\"https:\/\/www.linkedin.com\/company\/kedemos-education\/\"]}]}<\/script>\r\n<!-- \/ Yoast SEO plugin. -->","yoast_head_json":{"title":"CP \/ EB1 Cahier d'\u00e9criture - K\u00e9d\u00e9mos Education","description":"Ce cahier d'\u00e9criture pour le CP \/ EB1 propose un apprentissage de l'\u00e9criture des lettres minuscules et majuscules en cursive.","robots":{"index":"index","follow":"follow","max-snippet":"max-snippet:-1","max-image-preview":"max-image-preview:large","max-video-preview":"max-video-preview:-1"},"canonical":"https:\/\/kedemoseducation.com\/fr\/product\/cp-eb1-cahier-decriture-aec\/","og_locale":"fr_FR","og_type":"article","og_title":"Grade 1 Writing Copybook - Kedemos Education","og_description":"This Grade 1 writing copybook focuses on teaching how to write in uppercase and lowercase in cursive, and provides practice exercises.","og_url":"https:\/\/kedemoseducation.com\/fr\/product\/cp-eb1-cahier-decriture-aec\/","og_site_name":"Kedemos Education","article_publisher":"https:\/\/www.facebook.com\/Kedemoseducation","article_modified_time":"2026-02-10T09:22:42+00:00","og_image":[{"width":600,"height":800,"url":"https:\/\/kedemoseducation.com\/wp-content\/uploads\/2022\/05\/ecriture-CP-aec-1.jpg","type":"image\/jpeg"}],"twitter_card":"summary_large_image","twitter_misc":{"Dur\u00e9e de lecture estim\u00e9e":"2 minutes"},"schema":{"@context":"https:\/\/schema.org","@graph":[{"@type":"WebPage","@id":"https:\/\/kedemoseducation.com\/product\/cp-eb1-cahier-decriture-aec\/","url":"https:\/\/kedemoseducation.com\/product\/cp-eb1-cahier-decriture-aec\/","name":"CP \/ EB1 Cahier d'\u00e9criture - K\u00e9d\u00e9mos Education","isPartOf":{"@id":"https:\/\/kedemoseducation.com\/fr\/#website"},"primaryImageOfPage":{"@id":"https:\/\/kedemoseducation.com\/product\/cp-eb1-cahier-decriture-aec\/#primaryimage"},"image":{"@id":"https:\/\/kedemoseducation.com\/product\/cp-eb1-cahier-decriture-aec\/#primaryimage"},"thumbnailUrl":"https:\/\/i0.wp.com\/kedemoseducation.com\/wp-content\/uploads\/2022\/05\/ecriture-CP-aec-1.jpg?fit=600%2C800&ssl=1","datePublished":"2022-05-05T06:17:13+00:00","dateModified":"2026-02-10T09:22:42+00:00","description":"Ce cahier d'\u00e9criture pour le CP \/ EB1 propose un apprentissage de l'\u00e9criture des lettres minuscules et majuscules en cursive.","breadcrumb":{"@id":"https:\/\/kedemoseducation.com\/product\/cp-eb1-cahier-decriture-aec\/#breadcrumb"},"inLanguage":"fr-FR","potentialAction":[{"@type":"ReadAction","target":["https:\/\/kedemoseducation.com\/product\/cp-eb1-cahier-decriture-aec\/"]}]},{"@type":"ImageObject","inLanguage":"fr-FR","@id":"https:\/\/kedemoseducation.com\/product\/cp-eb1-cahier-decriture-aec\/#primaryimage","url":"https:\/\/i0.wp.com\/kedemoseducation.com\/wp-content\/uploads\/2022\/05\/ecriture-CP-aec-1.jpg?fit=600%2C800&ssl=1","contentUrl":"https:\/\/i0.wp.com\/kedemoseducation.com\/wp-content\/uploads\/2022\/05\/ecriture-CP-aec-1.jpg?fit=600%2C800&ssl=1","width":600,"height":800,"caption":"Grade 1 Writing Copybook"},{"@type":"BreadcrumbList","@id":"https:\/\/kedemoseducation.com\/product\/cp-eb1-cahier-decriture-aec\/#breadcrumb","itemListElement":[{"@type":"ListItem","position":1,"name":"Home","item":"https:\/\/kedemoseducation.com\/"},{"@type":"ListItem","position":2,"name":"All Products","item":"https:\/\/kedemoseducation.com\/fr\/shop-2\/tous-les-produits\/"},{"@type":"ListItem","position":3,"name":"School Books","item":"https:\/\/kedemoseducation.com\/fr\/categorie-de-produit\/manuels-scolaires\/"},{"@type":"ListItem","position":4,"name":"Grade 1 &#8211; Writing Copybook"}]},{"@type":"WebSite","@id":"https:\/\/kedemoseducation.com\/fr\/#website","url":"https:\/\/kedemoseducation.com\/fr\/","name":"K\u00e9d\u00e9mos Education","description":"Le plaisir d'apprendre","publisher":{"@id":"https:\/\/kedemoseducation.com\/fr\/#organization"},"potentialAction":[{"@type":"SearchAction","target":{"@type":"EntryPoint","urlTemplate":"https:\/\/kedemoseducation.com\/fr\/?s={search_term_string}"},"query-input":{"@type":"PropertyValueSpecification","valueRequired":true,"valueName":"search_term_string"}}],"inLanguage":"fr-FR"},{"@type":"Organization","@id":"https:\/\/kedemoseducation.com\/fr\/#organization","name":"K\u00e9d\u00e9mos Education","url":"https:\/\/kedemoseducation.com\/fr\/","logo":{"@type":"ImageObject","inLanguage":"fr-FR","@id":"https:\/\/kedemoseducation.com\/fr\/#\/schema\/logo\/image\/","url":"https:\/\/kedemoseducation.com\/wp-content\/uploads\/2023\/06\/logo-kedemos-education.png","contentUrl":"https:\/\/kedemoseducation.com\/wp-content\/uploads\/2023\/06\/logo-kedemos-education.png","width":2362,"height":903,"caption":"Kedemos Education"},"image":{"@id":"https:\/\/kedemoseducation.com\/fr\/#\/schema\/logo\/image\/"},"sameAs":["https:\/\/www.facebook.com\/Kedemoseducation","https:\/\/www.instagram.com\/kedemoseducation\/","https:\/\/www.linkedin.com\/company\/kedemos-education\/"]}]}},"jetpack_sharing_enabled":true,"_links":{"self":[{"href":"https:\/\/kedemoseducation.com\/fr\/wp-json\/wp\/v2\/product\/193","targetHints":{"allow":["GET"]}}],"collection":[{"href":"https:\/\/kedemoseducation.com\/fr\/wp-json\/wp\/v2\/product"}],"about":[{"href":"https:\/\/kedemoseducation.com\/fr\/wp-json\/wp\/v2\/types\/product"}],"replies":[{"embeddable":true,"href":"https:\/\/kedemoseducation.com\/fr\/wp-json\/wp\/v2\/comments?post=193"}],"wp:featuredmedia":[{"embeddable":true,"href":"https:\/\/kedemoseducation.com\/fr\/wp-json\/wp\/v2\/media\/7250"}],"wp:attachment":[{"href":"https:\/\/kedemoseducation.com\/fr\/wp-json\/wp\/v2\/media?parent=193"}],"wp:term":[{"taxonomy":"product_brand","embeddable":true,"href":"https:\/\/kedemoseducation.com\/fr\/wp-json\/wp\/v2\/product_brand?post=193"},{"taxonomy":"product_cat","embeddable":true,"href":"https:\/\/kedemoseducation.com\/fr\/wp-json\/wp\/v2\/product_cat?post=193"},{"taxonomy":"product_tag","embeddable":true,"href":"https:\/\/kedemoseducation.com\/fr\/wp-json\/wp\/v2\/product_tag?post=193"}],"curies":[{"name":"wp","href":"https:\/\/api.w.org\/{rel}","templated":true}]}}