{"id":1889,"date":"2022-11-29T14:19:00","date_gmt":"2022-11-29T12:19:00","guid":{"rendered":"https:\/\/kedemoseducation.com\/?post_type=product&#038;p=1889"},"modified":"2025-12-26T09:30:22","modified_gmt":"2025-12-26T07:30:22","slug":"collection-contes-en-mille-couleurs-serie-verte","status":"publish","type":"product","link":"https:\/\/kedemoseducation.com\/fr\/product\/collection-contes-en-mille-couleurs-serie-verte\/","title":{"rendered":"Bouquet Contes en Mille Couleurs S\u00e9rie Vert"},"content":{"rendered":"<h1>Collection Contes en Mille Couleurs S\u00e9rie Verte<\/h1>\n<p>La collection <a href=\"https:\/\/kedemoseducation.com\/fr\/categorie-produit\/stories\/french-stories\/contes-en-mille-couleurs\/serie-verte\/\">Contes en mille couleurs <\/a>&#8211; S\u00e9rie Verte &#8211; est d\u00e9di\u00e9e aux \u00e9l\u00e8ves de la moyenne section (MS), soit les enfants de 4 \u00e0 5 ans. Elle comprend 10 contes divertissants pour les petits, sous forme d\u2019histoires th\u00e9matiques :<\/p>\n<ul>\n<li aria-level=\"1\"><a href=\"https:\/\/kedemoseducation.com\/fr\/produit\/conte-lapinou-va-a-lecole\/\">Lapinou va \u00e0 l\u2019\u00e9cole<\/a><\/li>\n<li aria-level=\"1\"><a href=\"https:\/\/kedemoseducation.com\/fr\/produit\/conte-marilise-veut-une-maison\/\">Marilise veut une maison<\/a><\/li>\n<li aria-level=\"1\"><a href=\"https:\/\/kedemoseducation.com\/fr\/produit\/conte-promenade-dautomne\/\">Promenade d\u2019automne<\/a><\/li>\n<li aria-level=\"1\"><a href=\"https:\/\/kedemoseducation.com\/fr\/produit\/conte-le-bain-de-patou\/\">Le bain de Patou<\/a><\/li>\n<li aria-level=\"1\"><a href=\"https:\/\/kedemoseducation.com\/fr\/produit\/conte-watou-et-lourson-blanc\/\">Watou et l\u2019ourson blanc<\/a><\/li>\n<li aria-level=\"1\"><a href=\"https:\/\/kedemoseducation.com\/fr\/produit\/conte-hector-va-en-ville\/\">Hector va en ville<\/a><\/li>\n<li aria-level=\"1\"><a href=\"https:\/\/kedemoseducation.com\/fr\/produit\/conte-la-dinette\/\">La d\u00eenette<\/a><\/li>\n<li aria-level=\"1\"><a href=\"https:\/\/kedemoseducation.com\/fr\/produit\/conte-blanquette\/\">Blanquette<\/a><\/li>\n<li aria-level=\"1\"><a href=\"https:\/\/kedemoseducation.com\/fr\/produit\/conte-pacha-le-chat\/\">Pacha le chat<\/a><\/li>\n<li aria-level=\"1\"><a href=\"https:\/\/kedemoseducation.com\/fr\/produit\/conte-en-bateau\/\">En bateau.<\/a><\/li>\n<\/ul>\n<p>Nos contes ont pour but d\u2019inspirer les enfants tout en les divertissant. Faciles \u00e0 comprendre et \u00e9tant parfaitement adapt\u00e9s \u00e0 leur \u00e2ge, nos histoires sont \u00e9troitement li\u00e9es aux exp\u00e9riences journali\u00e8res des tout petits, et au monde qui les fascine.<\/p>\n<p>Chacun de ces 10 contes est illustr\u00e9 par de belles images en couleurs. Les textes sont courts et de grande taille. En marge de page, vous trouverez aussi des mots de vocabulaire avec des dessins \u00e0 colorier.<\/p>\n<p>Les contes peuvent \u00eatre achet\u00e9s individuellement en grand format, <a href=\"https:\/\/kedemoseducation.com\/fr\/produit\/collection-contes-en-mille-couleurs-serie-verte\/\">en bouquet de contes en grand format,<\/a> ou<a href=\"https:\/\/kedemoseducation.com\/fr\/produit\/moyenne-section\/\"> en bouquet, avec le manuel pour la MS<\/a>, en petit format. Il convient de signaler que le th\u00e8me de chaque conte est en rapport direct avec les apprentissages dans le manuel (si achet\u00e9s en bouquet) : en effet, le bo\u00eetier comprend une m\u00e9thode globale d\u2019apprentissage.<\/p>","protected":false},"excerpt":{"rendered":"<p><span style=\"color: #000000;\">Cette collection de contes propose des albums tout en couleur, pour d\u00e9couvrir, lire et aimer des histoires courtes, passionnantes, et adapt\u00e9es au niveau linguistique, psychologique et affectif de nos enfants de 6 \u00e0 8 ans.<\/span><\/p>","protected":false},"featured_media":7397,"comment_status":"closed","ping_status":"closed","template":"","meta":{"_monsterinsights_skip_tracking":false,"_monsterinsights_sitenote_active":false,"_monsterinsights_sitenote_note":"","_monsterinsights_sitenote_category":0},"product_brand":[],"product_cat":[159,160,151,164],"product_tag":[312,315,343],"class_list":{"0":"post-1889","1":"product","2":"type-product","3":"status-publish","4":"has-post-thumbnail","6":"product_cat-french-storybooks","7":"product_cat-contes-en-mille-couleurs","8":"product_cat-storybooks-for-children","9":"product_cat-green-series","10":"product_tag-3-5-years-old","11":"product_tag-french-storybook-collections","12":"product_tag-storybook-bundles","13":"pa_grade-kg2","15":"first","16":"instock","17":"shipping-taxable","18":"purchasable","19":"product-type-simple"},"yoast_head":"<!-- This site is optimized with the Yoast SEO plugin v26.4 - https:\/\/yoast.com\/wordpress\/plugins\/seo\/ -->\r\n<title>Collection Contes en Mille Couleurs S\u00e9rie Verte - Kedemos Education<\/title>\r\n<meta name=\"description\" content=\"La collection Contes en mille couleurs - S\u00e9rie Verte - est d\u00e9di\u00e9e aux \u00e9l\u00e8ves de la moyenne section soit les enfants de 4 \u00e0 5 ans. Elle comprend 10 contes.\" \/>\r\n<meta name=\"robots\" content=\"index, follow, max-snippet:-1, max-image-preview:large, max-video-preview:-1\" \/>\r\n<link rel=\"canonical\" href=\"https:\/\/kedemoseducation.com\/fr\/product\/collection-contes-en-mille-couleurs-serie-verte\/\" \/>\r\n<meta property=\"og:locale\" content=\"fr_FR\" \/>\r\n<meta property=\"og:type\" content=\"article\" \/>\r\n<meta property=\"og:title\" content=\"Collection Contes en Mille Couleurs S\u00e9rie Verte - Kedemos Education\" \/>\r\n<meta property=\"og:description\" content=\"La collection Contes en mille couleurs - S\u00e9rie Verte - est d\u00e9di\u00e9e aux \u00e9l\u00e8ves de la moyenne section soit les enfants de 4 \u00e0 5 ans. Elle comprend 10 contes.\" \/>\r\n<meta property=\"og:url\" content=\"https:\/\/kedemoseducation.com\/fr\/product\/collection-contes-en-mille-couleurs-serie-verte\/\" \/>\r\n<meta property=\"og:site_name\" content=\"Kedemos Education\" \/>\r\n<meta property=\"article:publisher\" content=\"https:\/\/www.facebook.com\/Kedemoseducation\" \/>\r\n<meta property=\"article:modified_time\" content=\"2025-12-26T07:30:22+00:00\" \/>\r\n<meta property=\"og:image\" content=\"https:\/\/kedemoseducation.com\/wp-content\/uploads\/2022\/11\/conte-en-mille-couleur-seire-Verte.jpg\" \/>\r\n\t<meta property=\"og:image:width\" content=\"600\" \/>\r\n\t<meta property=\"og:image:height\" content=\"800\" \/>\r\n\t<meta property=\"og:image:type\" content=\"image\/jpeg\" \/>\r\n<meta name=\"twitter:card\" content=\"summary_large_image\" \/>\r\n<meta name=\"twitter:label1\" content=\"Dur\u00e9e de lecture estim\u00e9e\" \/>\n\t<meta name=\"twitter:data1\" content=\"2 minutes\" \/>\r\n<script type=\"application\/ld+json\" class=\"yoast-schema-graph\">{\"@context\":\"https:\/\/schema.org\",\"@graph\":[{\"@type\":\"WebPage\",\"@id\":\"https:\/\/kedemoseducation.com\/en\/product\/collection-contes-en-mille-couleurs-serie-verte\/\",\"url\":\"https:\/\/kedemoseducation.com\/en\/product\/collection-contes-en-mille-couleurs-serie-verte\/\",\"name\":\"Collection Contes en Mille Couleurs S\u00e9rie Verte - Kedemos Education\",\"isPartOf\":{\"@id\":\"https:\/\/kedemoseducation.com\/fr\/#website\"},\"primaryImageOfPage\":{\"@id\":\"https:\/\/kedemoseducation.com\/en\/product\/collection-contes-en-mille-couleurs-serie-verte\/#primaryimage\"},\"image\":{\"@id\":\"https:\/\/kedemoseducation.com\/en\/product\/collection-contes-en-mille-couleurs-serie-verte\/#primaryimage\"},\"thumbnailUrl\":\"https:\/\/i0.wp.com\/kedemoseducation.com\/wp-content\/uploads\/2022\/11\/conte-en-mille-couleur-seire-Verte.jpg?fit=600%2C800&ssl=1\",\"datePublished\":\"2022-11-29T12:19:00+00:00\",\"dateModified\":\"2025-12-26T07:30:22+00:00\",\"description\":\"La collection Contes en mille couleurs - S\u00e9rie Verte - est d\u00e9di\u00e9e aux \u00e9l\u00e8ves de la moyenne section soit les enfants de 4 \u00e0 5 ans. Elle comprend 10 contes.\",\"breadcrumb\":{\"@id\":\"https:\/\/kedemoseducation.com\/en\/product\/collection-contes-en-mille-couleurs-serie-verte\/#breadcrumb\"},\"inLanguage\":\"fr-FR\",\"potentialAction\":[{\"@type\":\"ReadAction\",\"target\":[\"https:\/\/kedemoseducation.com\/en\/product\/collection-contes-en-mille-couleurs-serie-verte\/\"]}]},{\"@type\":\"ImageObject\",\"inLanguage\":\"fr-FR\",\"@id\":\"https:\/\/kedemoseducation.com\/en\/product\/collection-contes-en-mille-couleurs-serie-verte\/#primaryimage\",\"url\":\"https:\/\/i0.wp.com\/kedemoseducation.com\/wp-content\/uploads\/2022\/11\/conte-en-mille-couleur-seire-Verte.jpg?fit=600%2C800&ssl=1\",\"contentUrl\":\"https:\/\/i0.wp.com\/kedemoseducation.com\/wp-content\/uploads\/2022\/11\/conte-en-mille-couleur-seire-Verte.jpg?fit=600%2C800&ssl=1\",\"width\":600,\"height\":800,\"caption\":\"Collection Contes en Mille Couleurs S\u00e9rie Verte\"},{\"@type\":\"BreadcrumbList\",\"@id\":\"https:\/\/kedemoseducation.com\/en\/product\/collection-contes-en-mille-couleurs-serie-verte\/#breadcrumb\",\"itemListElement\":[{\"@type\":\"ListItem\",\"position\":1,\"name\":\"Home\",\"item\":\"https:\/\/kedemoseducation.com\/\"},{\"@type\":\"ListItem\",\"position\":2,\"name\":\"All Products\",\"item\":\"https:\/\/kedemoseducation.com\/fr\/shop-2\/tous-les-produits\/\"},{\"@type\":\"ListItem\",\"position\":3,\"name\":\"Stories\",\"item\":\"https:\/\/kedemoseducation.com\/en\/product-category\/storybooks-for-children\/\"},{\"@type\":\"ListItem\",\"position\":4,\"name\":\"French\",\"item\":\"https:\/\/kedemoseducation.com\/en\/product-category\/storybooks-for-children\/french-storybooks\/\"},{\"@type\":\"ListItem\",\"position\":5,\"name\":\"Contes en mille couleurs\",\"item\":\"https:\/\/kedemoseducation.com\/fr\/categorie-de-produit\/contes-pour-enfants\/contes-en-francais\/contes-en-mille-couleurs\/\"},{\"@type\":\"ListItem\",\"position\":6,\"name\":\"Green Series\",\"item\":\"https:\/\/kedemoseducation.com\/fr\/categorie-de-produit\/contes-pour-enfants\/contes-en-francais\/contes-en-mille-couleurs\/serie-verte\/\"},{\"@type\":\"ListItem\",\"position\":7,\"name\":\"Bundle Contes en Mille Couleurs S\u00e9rie Vert\"}]},{\"@type\":\"WebSite\",\"@id\":\"https:\/\/kedemoseducation.com\/fr\/#website\",\"url\":\"https:\/\/kedemoseducation.com\/fr\/\",\"name\":\"Kedemos Education\",\"description\":\"The Pleasure of Learning\",\"publisher\":{\"@id\":\"https:\/\/kedemoseducation.com\/fr\/#organization\"},\"potentialAction\":[{\"@type\":\"SearchAction\",\"target\":{\"@type\":\"EntryPoint\",\"urlTemplate\":\"https:\/\/kedemoseducation.com\/fr\/?s={search_term_string}\"},\"query-input\":{\"@type\":\"PropertyValueSpecification\",\"valueRequired\":true,\"valueName\":\"search_term_string\"}}],\"inLanguage\":\"fr-FR\"},{\"@type\":\"Organization\",\"@id\":\"https:\/\/kedemoseducation.com\/fr\/#organization\",\"name\":\"Kedemos Education\",\"url\":\"https:\/\/kedemoseducation.com\/fr\/\",\"logo\":{\"@type\":\"ImageObject\",\"inLanguage\":\"fr-FR\",\"@id\":\"https:\/\/kedemoseducation.com\/fr\/#\/schema\/logo\/image\/\",\"url\":\"https:\/\/kedemoseducation.com\/wp-content\/uploads\/2023\/06\/logo-kedemos-education.png\",\"contentUrl\":\"https:\/\/kedemoseducation.com\/wp-content\/uploads\/2023\/06\/logo-kedemos-education.png\",\"width\":2362,\"height\":903,\"caption\":\"Kedemos Education\"},\"image\":{\"@id\":\"https:\/\/kedemoseducation.com\/fr\/#\/schema\/logo\/image\/\"},\"sameAs\":[\"https:\/\/www.facebook.com\/Kedemoseducation\",\"https:\/\/www.instagram.com\/kedemoseducation\/\",\"https:\/\/www.linkedin.com\/company\/kedemos-education\/\"]}]}<\/script>\r\n<!-- \/ Yoast SEO plugin. -->","yoast_head_json":{"title":"Collection Contes en Mille Couleurs S\u00e9rie Verte - Kedemos Education","description":"La collection Contes en mille couleurs - S\u00e9rie Verte - est d\u00e9di\u00e9e aux \u00e9l\u00e8ves de la moyenne section soit les enfants de 4 \u00e0 5 ans. Elle comprend 10 contes.","robots":{"index":"index","follow":"follow","max-snippet":"max-snippet:-1","max-image-preview":"max-image-preview:large","max-video-preview":"max-video-preview:-1"},"canonical":"https:\/\/kedemoseducation.com\/fr\/product\/collection-contes-en-mille-couleurs-serie-verte\/","og_locale":"fr_FR","og_type":"article","og_title":"Collection Contes en Mille Couleurs S\u00e9rie Verte - Kedemos Education","og_description":"La collection Contes en mille couleurs - S\u00e9rie Verte - est d\u00e9di\u00e9e aux \u00e9l\u00e8ves de la moyenne section soit les enfants de 4 \u00e0 5 ans. Elle comprend 10 contes.","og_url":"https:\/\/kedemoseducation.com\/fr\/product\/collection-contes-en-mille-couleurs-serie-verte\/","og_site_name":"Kedemos Education","article_publisher":"https:\/\/www.facebook.com\/Kedemoseducation","article_modified_time":"2025-12-26T07:30:22+00:00","og_image":[{"width":600,"height":800,"url":"https:\/\/kedemoseducation.com\/wp-content\/uploads\/2022\/11\/conte-en-mille-couleur-seire-Verte.jpg","type":"image\/jpeg"}],"twitter_card":"summary_large_image","twitter_misc":{"Dur\u00e9e de lecture estim\u00e9e":"2 minutes"},"schema":{"@context":"https:\/\/schema.org","@graph":[{"@type":"WebPage","@id":"https:\/\/kedemoseducation.com\/en\/product\/collection-contes-en-mille-couleurs-serie-verte\/","url":"https:\/\/kedemoseducation.com\/en\/product\/collection-contes-en-mille-couleurs-serie-verte\/","name":"Collection Contes en Mille Couleurs S\u00e9rie Verte - Kedemos Education","isPartOf":{"@id":"https:\/\/kedemoseducation.com\/fr\/#website"},"primaryImageOfPage":{"@id":"https:\/\/kedemoseducation.com\/en\/product\/collection-contes-en-mille-couleurs-serie-verte\/#primaryimage"},"image":{"@id":"https:\/\/kedemoseducation.com\/en\/product\/collection-contes-en-mille-couleurs-serie-verte\/#primaryimage"},"thumbnailUrl":"https:\/\/i0.wp.com\/kedemoseducation.com\/wp-content\/uploads\/2022\/11\/conte-en-mille-couleur-seire-Verte.jpg?fit=600%2C800&ssl=1","datePublished":"2022-11-29T12:19:00+00:00","dateModified":"2025-12-26T07:30:22+00:00","description":"La collection Contes en mille couleurs - S\u00e9rie Verte - est d\u00e9di\u00e9e aux \u00e9l\u00e8ves de la moyenne section soit les enfants de 4 \u00e0 5 ans. Elle comprend 10 contes.","breadcrumb":{"@id":"https:\/\/kedemoseducation.com\/en\/product\/collection-contes-en-mille-couleurs-serie-verte\/#breadcrumb"},"inLanguage":"fr-FR","potentialAction":[{"@type":"ReadAction","target":["https:\/\/kedemoseducation.com\/en\/product\/collection-contes-en-mille-couleurs-serie-verte\/"]}]},{"@type":"ImageObject","inLanguage":"fr-FR","@id":"https:\/\/kedemoseducation.com\/en\/product\/collection-contes-en-mille-couleurs-serie-verte\/#primaryimage","url":"https:\/\/i0.wp.com\/kedemoseducation.com\/wp-content\/uploads\/2022\/11\/conte-en-mille-couleur-seire-Verte.jpg?fit=600%2C800&ssl=1","contentUrl":"https:\/\/i0.wp.com\/kedemoseducation.com\/wp-content\/uploads\/2022\/11\/conte-en-mille-couleur-seire-Verte.jpg?fit=600%2C800&ssl=1","width":600,"height":800,"caption":"Collection Contes en Mille Couleurs S\u00e9rie Verte"},{"@type":"BreadcrumbList","@id":"https:\/\/kedemoseducation.com\/en\/product\/collection-contes-en-mille-couleurs-serie-verte\/#breadcrumb","itemListElement":[{"@type":"ListItem","position":1,"name":"Home","item":"https:\/\/kedemoseducation.com\/"},{"@type":"ListItem","position":2,"name":"All Products","item":"https:\/\/kedemoseducation.com\/fr\/shop-2\/tous-les-produits\/"},{"@type":"ListItem","position":3,"name":"Stories","item":"https:\/\/kedemoseducation.com\/en\/product-category\/storybooks-for-children\/"},{"@type":"ListItem","position":4,"name":"French","item":"https:\/\/kedemoseducation.com\/en\/product-category\/storybooks-for-children\/french-storybooks\/"},{"@type":"ListItem","position":5,"name":"Contes en mille couleurs","item":"https:\/\/kedemoseducation.com\/fr\/categorie-de-produit\/contes-pour-enfants\/contes-en-francais\/contes-en-mille-couleurs\/"},{"@type":"ListItem","position":6,"name":"Green Series","item":"https:\/\/kedemoseducation.com\/fr\/categorie-de-produit\/contes-pour-enfants\/contes-en-francais\/contes-en-mille-couleurs\/serie-verte\/"},{"@type":"ListItem","position":7,"name":"Bundle Contes en Mille Couleurs S\u00e9rie Vert"}]},{"@type":"WebSite","@id":"https:\/\/kedemoseducation.com\/fr\/#website","url":"https:\/\/kedemoseducation.com\/fr\/","name":"K\u00e9d\u00e9mos Education","description":"Le plaisir d'apprendre","publisher":{"@id":"https:\/\/kedemoseducation.com\/fr\/#organization"},"potentialAction":[{"@type":"SearchAction","target":{"@type":"EntryPoint","urlTemplate":"https:\/\/kedemoseducation.com\/fr\/?s={search_term_string}"},"query-input":{"@type":"PropertyValueSpecification","valueRequired":true,"valueName":"search_term_string"}}],"inLanguage":"fr-FR"},{"@type":"Organization","@id":"https:\/\/kedemoseducation.com\/fr\/#organization","name":"K\u00e9d\u00e9mos Education","url":"https:\/\/kedemoseducation.com\/fr\/","logo":{"@type":"ImageObject","inLanguage":"fr-FR","@id":"https:\/\/kedemoseducation.com\/fr\/#\/schema\/logo\/image\/","url":"https:\/\/kedemoseducation.com\/wp-content\/uploads\/2023\/06\/logo-kedemos-education.png","contentUrl":"https:\/\/kedemoseducation.com\/wp-content\/uploads\/2023\/06\/logo-kedemos-education.png","width":2362,"height":903,"caption":"Kedemos Education"},"image":{"@id":"https:\/\/kedemoseducation.com\/fr\/#\/schema\/logo\/image\/"},"sameAs":["https:\/\/www.facebook.com\/Kedemoseducation","https:\/\/www.instagram.com\/kedemoseducation\/","https:\/\/www.linkedin.com\/company\/kedemos-education\/"]}]}},"jetpack_sharing_enabled":true,"_links":{"self":[{"href":"https:\/\/kedemoseducation.com\/fr\/wp-json\/wp\/v2\/product\/1889","targetHints":{"allow":["GET"]}}],"collection":[{"href":"https:\/\/kedemoseducation.com\/fr\/wp-json\/wp\/v2\/product"}],"about":[{"href":"https:\/\/kedemoseducation.com\/fr\/wp-json\/wp\/v2\/types\/product"}],"replies":[{"embeddable":true,"href":"https:\/\/kedemoseducation.com\/fr\/wp-json\/wp\/v2\/comments?post=1889"}],"wp:featuredmedia":[{"embeddable":true,"href":"https:\/\/kedemoseducation.com\/fr\/wp-json\/wp\/v2\/media\/7397"}],"wp:attachment":[{"href":"https:\/\/kedemoseducation.com\/fr\/wp-json\/wp\/v2\/media?parent=1889"}],"wp:term":[{"taxonomy":"product_brand","embeddable":true,"href":"https:\/\/kedemoseducation.com\/fr\/wp-json\/wp\/v2\/product_brand?post=1889"},{"taxonomy":"product_cat","embeddable":true,"href":"https:\/\/kedemoseducation.com\/fr\/wp-json\/wp\/v2\/product_cat?post=1889"},{"taxonomy":"product_tag","embeddable":true,"href":"https:\/\/kedemoseducation.com\/fr\/wp-json\/wp\/v2\/product_tag?post=1889"}],"curies":[{"name":"wp","href":"https:\/\/api.w.org\/{rel}","templated":true}]}}