{"id":1810,"date":"2022-08-24T10:31:58","date_gmt":"2022-08-24T10:31:58","guid":{"rendered":"https:\/\/kedemoseducation.com\/?post_type=product&#038;p=1810"},"modified":"2026-03-16T13:26:43","modified_gmt":"2026-03-16T11:26:43","slug":"le-nouveau-francais-plus-2-workbook","status":"publish","type":"product","link":"https:\/\/kedemoseducation.com\/fr\/product\/le-nouveau-francais-plus-2-cahier-dexercices\/","title":{"rendered":"Le Nouveau Fran\u00e7ais Plus 2 - Cahier d'exercices"},"content":{"rendered":"<h1><b>Fran\u00e7ais Langue \u00c9trang\u00e8re (FLE) - Le Nouveau Fran\u00e7ais Plus 2 Cahier d'exercices<\/b><\/h1>\n<h2><strong>Pr\u00e9sentation de la M\u00e9thode<\/strong><\/h2>\n<p>Le Nouveau Fran\u00e7ais Plus 2 is part of a comprehensive method for learning French as a foreign language (FLE). It is therefore intended for students whose first language is not French.<\/p>\n<p>Ce livre est destin\u00e9 aux classes primaires. Il propose une d\u00e9marche active et dynamique pour l\u2019apprentissage du fran\u00e7ais, \u00e0 l\u2019oral comme \u00e0 l\u2019\u00e9crit. Ax\u00e9e sur la motivation et le plaisir d\u2019apprendre, la m\u00e9thode Fran\u00e7ais Plus vise \u00e0 construire et \u00e0 d\u00e9velopper les comp\u00e9tences n\u00e9cessaires \u00e0 l\u2019acquisition de la langue.<\/p>\n<p>Ce manuel de la collection Le Nouveau Fran\u00e7ais Plus comprend deux volets : le livre de l\u2019\u00e9l\u00e8ve et le cahier d\u2019exercices.<\/p>\n<h3><b>Le Nouveau Fran\u00e7ais Plus 2 - Cahier d'exercices<\/b><\/h3>\n<p>Le cahier d\u2019exercices prolonge le travail propos\u00e9 dans le livre de l\u2019\u00e9l\u00e8ve. Il comprend les activit\u00e9s suivantes :<\/p>\n<ul>\n<li aria-level=\"1\">Compr\u00e9hension orale : Ces exercices se trouvent au d\u00e9but de chaque le\u00e7on. Leur objectif est de v\u00e9rifier l\u2019acquisition des structures et du vocabulaire d\u00e9j\u00e0 appris.<\/li>\n<li aria-level=\"1\">Compr\u00e9hension \u00e9crite : Apr\u00e8s la lecture d\u2019un court texte ou de plusieurs phrases, l\u2019\u00e9l\u00e8ve montre qu\u2019il en a compris le sens.<\/li>\n<li aria-level=\"1\">Expression \u00e9crite : Ces exercices permettent de r\u00e9utiliser les connaissances pr\u00e9sent\u00e9es dans le livre de l\u2019\u00e9l\u00e8ve.<\/li>\n<li aria-level=\"1\">Grammaire : Ces activit\u00e9s visent \u00e0 structurer et \u00e0 v\u00e9rifier les apprentissages grammaticaux.<\/li>\n<\/ul>\n<p>Le cahier d\u2019exercices comprend \u00e9galement des fiches d\u2019\u00e9valuation destin\u00e9es \u00e0 mesurer les progr\u00e8s des \u00e9l\u00e8ves.<\/p>","protected":false},"excerpt":{"rendered":"<p data-start=\"1556\" data-end=\"1847\">La collection Fran\u00e7ais Plus est une m\u00e9thode d\u2019apprentissage du fran\u00e7ais langue \u00e9trang\u00e8re (FLE) destin\u00e9e aux apprenants arabophones et anglophones. Ce manuel accompagne le livre de l'\u00e9l\u00e8ve. Pour acc\u00e9der \u00e0 la collection compl\u00e8te Fran\u00e7ais Plus, veuillez cliquer <a href=\"https:\/\/kedemoseducation.com\/fr\/product-category\/school-books\/french-as-a-foreign-language\/\">ici<\/a>.<\/p>\n<p>&nbsp;<\/p>","protected":false},"featured_media":7344,"comment_status":"closed","ping_status":"closed","template":"","meta":{"_monsterinsights_skip_tracking":false,"_monsterinsights_sitenote_active":false,"_monsterinsights_sitenote_note":"","_monsterinsights_sitenote_category":0},"product_brand":[],"product_cat":[16,117],"product_tag":[118,120,412],"class_list":{"0":"post-1810","1":"product","2":"type-product","3":"status-publish","4":"has-post-thumbnail","6":"product_cat-school-books","7":"product_cat-french-as-a-foreign-language","8":"product_tag-francais-en-langue-etrangere","9":"product_tag-fle","10":"product_tag-le-nouveau-francais-plus","11":"pa_grade-grade-2","13":"first","14":"instock","15":"shipping-taxable","16":"purchasable","17":"product-type-simple"},"yoast_head":"<!-- This site is optimized with the Yoast SEO plugin v26.4 - https:\/\/yoast.com\/wordpress\/plugins\/seo\/ -->\r\n<title>Le Nouveau Fran\u00e7ais Plus 2 Workbook<\/title>\r\n<meta name=\"description\" content=\"The Le Nouveau Fran\u00e7ais Plus 2 workbook complements the student\u2019s book and provides additional activities to support learning French as a foreign language.\" \/>\r\n<meta name=\"robots\" content=\"index, follow, max-snippet:-1, max-image-preview:large, max-video-preview:-1\" \/>\r\n<link rel=\"canonical\" href=\"https:\/\/kedemoseducation.com\/fr\/product\/le-nouveau-francais-plus-2-cahier-dexercices\/\" \/>\r\n<meta property=\"og:locale\" content=\"fr_FR\" \/>\r\n<meta property=\"og:type\" content=\"article\" \/>\r\n<meta property=\"og:title\" content=\"Le Nouveau Fran\u00e7ais Plus 2 Workbook\" \/>\r\n<meta property=\"og:description\" content=\"The Le Nouveau Fran\u00e7ais Plus 2 workbook complements the student\u2019s book and provides additional activities to support learning French as a foreign language.\" \/>\r\n<meta property=\"og:url\" content=\"https:\/\/kedemoseducation.com\/fr\/product\/le-nouveau-francais-plus-2-cahier-dexercices\/\" \/>\r\n<meta property=\"og:site_name\" content=\"Kedemos Education\" \/>\r\n<meta property=\"article:publisher\" content=\"https:\/\/www.facebook.com\/Kedemoseducation\" \/>\r\n<meta property=\"article:modified_time\" content=\"2026-03-16T11:26:43+00:00\" \/>\r\n<meta property=\"og:image\" content=\"https:\/\/kedemoseducation.com\/wp-content\/uploads\/2022\/08\/Le-Nouveau-Francais-plus-2-exercices.jpg\" \/>\r\n\t<meta property=\"og:image:width\" content=\"600\" \/>\r\n\t<meta property=\"og:image:height\" content=\"800\" \/>\r\n\t<meta property=\"og:image:type\" content=\"image\/jpeg\" \/>\r\n<meta name=\"twitter:card\" content=\"summary_large_image\" \/>\r\n<meta name=\"twitter:label1\" content=\"Dur\u00e9e de lecture estim\u00e9e\" \/>\n\t<meta name=\"twitter:data1\" content=\"2 minutes\" \/>\r\n<script type=\"application\/ld+json\" class=\"yoast-schema-graph\">{\"@context\":\"https:\/\/schema.org\",\"@graph\":[{\"@type\":\"WebPage\",\"@id\":\"https:\/\/kedemoseducation.com\/product\/le-nouveau-francais-plus-2-workbook\/\",\"url\":\"https:\/\/kedemoseducation.com\/product\/le-nouveau-francais-plus-2-workbook\/\",\"name\":\"Le Nouveau Fran\u00e7ais Plus 2 Workbook\",\"isPartOf\":{\"@id\":\"https:\/\/kedemoseducation.com\/fr\/#website\"},\"primaryImageOfPage\":{\"@id\":\"https:\/\/kedemoseducation.com\/product\/le-nouveau-francais-plus-2-workbook\/#primaryimage\"},\"image\":{\"@id\":\"https:\/\/kedemoseducation.com\/product\/le-nouveau-francais-plus-2-workbook\/#primaryimage\"},\"thumbnailUrl\":\"https:\/\/i0.wp.com\/kedemoseducation.com\/wp-content\/uploads\/2022\/08\/Le-Nouveau-Francais-plus-2-exercices.jpg?fit=600%2C800&ssl=1\",\"datePublished\":\"2022-08-24T10:31:58+00:00\",\"dateModified\":\"2026-03-16T11:26:43+00:00\",\"description\":\"The Le Nouveau Fran\u00e7ais Plus 2 workbook complements the student\u2019s book and provides additional activities to support learning French as a foreign language.\",\"breadcrumb\":{\"@id\":\"https:\/\/kedemoseducation.com\/product\/le-nouveau-francais-plus-2-workbook\/#breadcrumb\"},\"inLanguage\":\"fr-FR\",\"potentialAction\":[{\"@type\":\"ReadAction\",\"target\":[\"https:\/\/kedemoseducation.com\/product\/le-nouveau-francais-plus-2-workbook\/\"]}]},{\"@type\":\"ImageObject\",\"inLanguage\":\"fr-FR\",\"@id\":\"https:\/\/kedemoseducation.com\/product\/le-nouveau-francais-plus-2-workbook\/#primaryimage\",\"url\":\"https:\/\/i0.wp.com\/kedemoseducation.com\/wp-content\/uploads\/2022\/08\/Le-Nouveau-Francais-plus-2-exercices.jpg?fit=600%2C800&ssl=1\",\"contentUrl\":\"https:\/\/i0.wp.com\/kedemoseducation.com\/wp-content\/uploads\/2022\/08\/Le-Nouveau-Francais-plus-2-exercices.jpg?fit=600%2C800&ssl=1\",\"width\":600,\"height\":800,\"caption\":\"Fran\u00e7ais Langue \u00c9trang\u00e8re (FLE) - Le Nouveau Fran\u00e7ais Plus 2 - Cahier d'exercices\"},{\"@type\":\"BreadcrumbList\",\"@id\":\"https:\/\/kedemoseducation.com\/product\/le-nouveau-francais-plus-2-workbook\/#breadcrumb\",\"itemListElement\":[{\"@type\":\"ListItem\",\"position\":1,\"name\":\"Home\",\"item\":\"https:\/\/kedemoseducation.com\/\"},{\"@type\":\"ListItem\",\"position\":2,\"name\":\"All Products\",\"item\":\"https:\/\/kedemoseducation.com\/fr\/shop-2\/tous-les-produits\/\"},{\"@type\":\"ListItem\",\"position\":3,\"name\":\"School Books\",\"item\":\"https:\/\/kedemoseducation.com\/fr\/categorie-de-produit\/manuels-scolaires\/\"},{\"@type\":\"ListItem\",\"position\":4,\"name\":\"French as a Foreign Language\",\"item\":\"https:\/\/kedemoseducation.com\/fr\/categorie-de-produit\/manuels-scolaires\/francais-langue-etrangere\/\"},{\"@type\":\"ListItem\",\"position\":5,\"name\":\"Le Nouveau Fran\u00e7ais Plus 2 &#8211; Workbook\"}]},{\"@type\":\"WebSite\",\"@id\":\"https:\/\/kedemoseducation.com\/fr\/#website\",\"url\":\"https:\/\/kedemoseducation.com\/fr\/\",\"name\":\"Kedemos Education\",\"description\":\"The Pleasure of Learning\",\"publisher\":{\"@id\":\"https:\/\/kedemoseducation.com\/fr\/#organization\"},\"potentialAction\":[{\"@type\":\"SearchAction\",\"target\":{\"@type\":\"EntryPoint\",\"urlTemplate\":\"https:\/\/kedemoseducation.com\/fr\/?s={search_term_string}\"},\"query-input\":{\"@type\":\"PropertyValueSpecification\",\"valueRequired\":true,\"valueName\":\"search_term_string\"}}],\"inLanguage\":\"fr-FR\"},{\"@type\":\"Organization\",\"@id\":\"https:\/\/kedemoseducation.com\/fr\/#organization\",\"name\":\"Kedemos Education\",\"url\":\"https:\/\/kedemoseducation.com\/fr\/\",\"logo\":{\"@type\":\"ImageObject\",\"inLanguage\":\"fr-FR\",\"@id\":\"https:\/\/kedemoseducation.com\/fr\/#\/schema\/logo\/image\/\",\"url\":\"https:\/\/kedemoseducation.com\/wp-content\/uploads\/2023\/06\/logo-kedemos-education.png\",\"contentUrl\":\"https:\/\/kedemoseducation.com\/wp-content\/uploads\/2023\/06\/logo-kedemos-education.png\",\"width\":2362,\"height\":903,\"caption\":\"Kedemos Education\"},\"image\":{\"@id\":\"https:\/\/kedemoseducation.com\/fr\/#\/schema\/logo\/image\/\"},\"sameAs\":[\"https:\/\/www.facebook.com\/Kedemoseducation\",\"https:\/\/www.instagram.com\/kedemoseducation\/\",\"https:\/\/www.linkedin.com\/company\/kedemos-education\/\"]}]}<\/script>\r\n<!-- \/ Yoast SEO plugin. -->","yoast_head_json":{"title":"Le Nouveau Fran\u00e7ais Plus 2 Cahier d'exercices","description":"Le cahier d'exercices Le nouveau Fran\u00e7ais Plus 2 accompagne le livre de l'\u00e9l\u00e8ve et permet un meilleur apprentissage du fran\u00e7ais, langue \u00e9trang\u00e8re (FLE).","robots":{"index":"index","follow":"follow","max-snippet":"max-snippet:-1","max-image-preview":"max-image-preview:large","max-video-preview":"max-video-preview:-1"},"canonical":"https:\/\/kedemoseducation.com\/fr\/product\/le-nouveau-francais-plus-2-cahier-dexercices\/","og_locale":"fr_FR","og_type":"article","og_title":"Le Nouveau Fran\u00e7ais Plus 2 Workbook","og_description":"The Le Nouveau Fran\u00e7ais Plus 2 workbook complements the student\u2019s book and provides additional activities to support learning French as a foreign language.","og_url":"https:\/\/kedemoseducation.com\/fr\/product\/le-nouveau-francais-plus-2-cahier-dexercices\/","og_site_name":"Kedemos Education","article_publisher":"https:\/\/www.facebook.com\/Kedemoseducation","article_modified_time":"2026-03-16T11:26:43+00:00","og_image":[{"width":600,"height":800,"url":"https:\/\/kedemoseducation.com\/wp-content\/uploads\/2022\/08\/Le-Nouveau-Francais-plus-2-exercices.jpg","type":"image\/jpeg"}],"twitter_card":"summary_large_image","twitter_misc":{"Dur\u00e9e de lecture estim\u00e9e":"2 minutes"},"schema":{"@context":"https:\/\/schema.org","@graph":[{"@type":"WebPage","@id":"https:\/\/kedemoseducation.com\/product\/le-nouveau-francais-plus-2-workbook\/","url":"https:\/\/kedemoseducation.com\/product\/le-nouveau-francais-plus-2-workbook\/","name":"Le Nouveau Fran\u00e7ais Plus 2 Cahier d'exercices","isPartOf":{"@id":"https:\/\/kedemoseducation.com\/fr\/#website"},"primaryImageOfPage":{"@id":"https:\/\/kedemoseducation.com\/product\/le-nouveau-francais-plus-2-workbook\/#primaryimage"},"image":{"@id":"https:\/\/kedemoseducation.com\/product\/le-nouveau-francais-plus-2-workbook\/#primaryimage"},"thumbnailUrl":"https:\/\/i0.wp.com\/kedemoseducation.com\/wp-content\/uploads\/2022\/08\/Le-Nouveau-Francais-plus-2-exercices.jpg?fit=600%2C800&ssl=1","datePublished":"2022-08-24T10:31:58+00:00","dateModified":"2026-03-16T11:26:43+00:00","description":"Le cahier d'exercices Le nouveau Fran\u00e7ais Plus 2 accompagne le livre de l'\u00e9l\u00e8ve et permet un meilleur apprentissage du fran\u00e7ais, langue \u00e9trang\u00e8re (FLE).","breadcrumb":{"@id":"https:\/\/kedemoseducation.com\/product\/le-nouveau-francais-plus-2-workbook\/#breadcrumb"},"inLanguage":"fr-FR","potentialAction":[{"@type":"ReadAction","target":["https:\/\/kedemoseducation.com\/product\/le-nouveau-francais-plus-2-workbook\/"]}]},{"@type":"ImageObject","inLanguage":"fr-FR","@id":"https:\/\/kedemoseducation.com\/product\/le-nouveau-francais-plus-2-workbook\/#primaryimage","url":"https:\/\/i0.wp.com\/kedemoseducation.com\/wp-content\/uploads\/2022\/08\/Le-Nouveau-Francais-plus-2-exercices.jpg?fit=600%2C800&ssl=1","contentUrl":"https:\/\/i0.wp.com\/kedemoseducation.com\/wp-content\/uploads\/2022\/08\/Le-Nouveau-Francais-plus-2-exercices.jpg?fit=600%2C800&ssl=1","width":600,"height":800,"caption":"Fran\u00e7ais Langue \u00c9trang\u00e8re (FLE) - Le Nouveau Fran\u00e7ais Plus 2 - Cahier d'exercices"},{"@type":"BreadcrumbList","@id":"https:\/\/kedemoseducation.com\/product\/le-nouveau-francais-plus-2-workbook\/#breadcrumb","itemListElement":[{"@type":"ListItem","position":1,"name":"Home","item":"https:\/\/kedemoseducation.com\/"},{"@type":"ListItem","position":2,"name":"All Products","item":"https:\/\/kedemoseducation.com\/fr\/shop-2\/tous-les-produits\/"},{"@type":"ListItem","position":3,"name":"School Books","item":"https:\/\/kedemoseducation.com\/fr\/categorie-de-produit\/manuels-scolaires\/"},{"@type":"ListItem","position":4,"name":"French as a Foreign Language","item":"https:\/\/kedemoseducation.com\/fr\/categorie-de-produit\/manuels-scolaires\/francais-langue-etrangere\/"},{"@type":"ListItem","position":5,"name":"Le Nouveau Fran\u00e7ais Plus 2 &#8211; Workbook"}]},{"@type":"WebSite","@id":"https:\/\/kedemoseducation.com\/fr\/#website","url":"https:\/\/kedemoseducation.com\/fr\/","name":"K\u00e9d\u00e9mos Education","description":"Le plaisir d'apprendre","publisher":{"@id":"https:\/\/kedemoseducation.com\/fr\/#organization"},"potentialAction":[{"@type":"SearchAction","target":{"@type":"EntryPoint","urlTemplate":"https:\/\/kedemoseducation.com\/fr\/?s={search_term_string}"},"query-input":{"@type":"PropertyValueSpecification","valueRequired":true,"valueName":"search_term_string"}}],"inLanguage":"fr-FR"},{"@type":"Organization","@id":"https:\/\/kedemoseducation.com\/fr\/#organization","name":"K\u00e9d\u00e9mos Education","url":"https:\/\/kedemoseducation.com\/fr\/","logo":{"@type":"ImageObject","inLanguage":"fr-FR","@id":"https:\/\/kedemoseducation.com\/fr\/#\/schema\/logo\/image\/","url":"https:\/\/kedemoseducation.com\/wp-content\/uploads\/2023\/06\/logo-kedemos-education.png","contentUrl":"https:\/\/kedemoseducation.com\/wp-content\/uploads\/2023\/06\/logo-kedemos-education.png","width":2362,"height":903,"caption":"Kedemos Education"},"image":{"@id":"https:\/\/kedemoseducation.com\/fr\/#\/schema\/logo\/image\/"},"sameAs":["https:\/\/www.facebook.com\/Kedemoseducation","https:\/\/www.instagram.com\/kedemoseducation\/","https:\/\/www.linkedin.com\/company\/kedemos-education\/"]}]}},"jetpack_sharing_enabled":true,"_links":{"self":[{"href":"https:\/\/kedemoseducation.com\/fr\/wp-json\/wp\/v2\/product\/1810","targetHints":{"allow":["GET"]}}],"collection":[{"href":"https:\/\/kedemoseducation.com\/fr\/wp-json\/wp\/v2\/product"}],"about":[{"href":"https:\/\/kedemoseducation.com\/fr\/wp-json\/wp\/v2\/types\/product"}],"replies":[{"embeddable":true,"href":"https:\/\/kedemoseducation.com\/fr\/wp-json\/wp\/v2\/comments?post=1810"}],"wp:featuredmedia":[{"embeddable":true,"href":"https:\/\/kedemoseducation.com\/fr\/wp-json\/wp\/v2\/media\/7344"}],"wp:attachment":[{"href":"https:\/\/kedemoseducation.com\/fr\/wp-json\/wp\/v2\/media?parent=1810"}],"wp:term":[{"taxonomy":"product_brand","embeddable":true,"href":"https:\/\/kedemoseducation.com\/fr\/wp-json\/wp\/v2\/product_brand?post=1810"},{"taxonomy":"product_cat","embeddable":true,"href":"https:\/\/kedemoseducation.com\/fr\/wp-json\/wp\/v2\/product_cat?post=1810"},{"taxonomy":"product_tag","embeddable":true,"href":"https:\/\/kedemoseducation.com\/fr\/wp-json\/wp\/v2\/product_tag?post=1810"}],"curies":[{"name":"wp","href":"https:\/\/api.w.org\/{rel}","templated":true}]}}