{"id":181,"date":"2022-05-05T06:17:07","date_gmt":"2022-05-05T03:17:07","guid":{"rendered":"https:\/\/eshop.classperts.com\/?post_type=product&#038;p=181"},"modified":"2026-02-19T10:05:07","modified_gmt":"2026-02-19T08:05:07","slug":"grade-1-science-textbook","status":"publish","type":"product","link":"https:\/\/kedemoseducation.com\/fr\/product\/cp-eb1-manuel-de-sciences\/","title":{"rendered":"CP \/ EB1 - Manuel de sciences"},"content":{"rendered":"<h1>Manuel de sciences CP \/ EB1 - D\u00e9couvrir le monde<\/h1>\n<h2><strong>Pr\u00e9sentation de la m\u00e9thode du CP \/ EB1<\/strong><\/h2>\n<p>La collection \u00ab D\u00e9couvrir le monde \u00bb propose une premi\u00e8re initiation aux sciences. Ce manuel est destin\u00e9 aux \u00e9l\u00e8ves du CP \/ EB1.<\/p>\n<p>L\u2019enseignement des sciences offre une d\u00e9couverte progressive du monde et un acc\u00e8s structur\u00e9 au savoir et au savoir-faire. D\u00e8s le d\u00e9but de l\u2019apprentissage, la curiosit\u00e9 de l\u2019enfant est \u00e9veill\u00e9e. Il apprend \u00e0 observer, \u00e0 formuler des hypoth\u00e8ses et \u00e0 explorer son environnement. Ainsi, en posant des questions et en cherchant des r\u00e9ponses, il structure progressivement ses connaissances et d\u00e9veloppe une d\u00e9marche plus scientifique.<\/p>\n<p>Dans ce manuel de sciences pour le CP \/ EB1, chaque le\u00e7on d\u00e9bute par une probl\u00e9matique ou une courte introduction qui place l\u2019enfant en situation de questionnement. Ensuite, les observations et les manipulations lui permettent d\u2019exp\u00e9rimenter concr\u00e8tement, puis d\u2019aboutir \u00e0 une synth\u00e8se claire et structur\u00e9e.<\/p>\n<p>De cette mani\u00e8re, l\u2019enfant m\u00e9morise l\u2019information plus facilement et apprend \u00e9galement \u00e0 penser, exp\u00e9rimenter et participer activement \u00e0 son apprentissage.<\/p>\n<h3><b>Le manuel de sciences<\/b><\/h3>\n<p>Ce manuel fait partie de la collection \u00ab D\u00e9couvrir le monde \u00bb et s\u2019adresse aux \u00e9l\u00e8ves du CP \/ EB1. Il est divis\u00e9 en 5 th\u00e8mes et 23 le\u00e7ons.<\/p>\n<p>Abondamment illustr\u00e9, il facilite la d\u00e9couverte du monde qui entoure l\u2019enfant. Dans cet ouvrage, vous trouverez :<\/p>\n<ul>\n<li aria-level=\"1\">Des exp\u00e9riences pour favoriser l\u2019observation et la manipulation.<\/li>\n<li aria-level=\"1\">Des exercices pour consolider les acquis.<\/li>\n<li aria-level=\"1\">Des questions de r\u00e9flexion pour d\u00e9velopper l\u2019esprit critique.<\/li>\n<li aria-level=\"1\">Des synth\u00e8ses accompagn\u00e9es du vocabulaire cl\u00e9 de chaque le\u00e7on.<\/li>\n<\/ul>\n<p>Enfin, des pages d\u2019\u00e9valuation permettent \u00e0 l\u2019enfant de faire r\u00e9guli\u00e8rement le point sur ses acquis. Elles offrent \u00e9galement l\u2019occasion de reprendre et de consolider les notions qui n\u00e9cessitent un approfondissement.<\/p>","protected":false},"excerpt":{"rendered":"<p><span style=\"font-weight: 400;\">Ce manuel de sciences pour le CP \/ EB1 est le premier de la collection \u00ab D\u00e9couvrir le monde \u00bb. Il propose des activit\u00e9s vari\u00e9es qui aident l\u2019enfant \u00e0 d\u00e9velopper sa compr\u00e9hension du monde qui l\u2019entoure.<\/span><\/p>","protected":false},"featured_media":7354,"comment_status":"closed","ping_status":"closed","template":"","meta":{"_monsterinsights_skip_tracking":false,"_monsterinsights_sitenote_active":false,"_monsterinsights_sitenote_note":"","_monsterinsights_sitenote_category":0},"product_brand":[],"product_cat":[17,16,132],"product_tag":[76,133,134],"class_list":{"0":"post-181","1":"product","2":"type-product","3":"status-publish","4":"has-post-thumbnail","6":"product_cat-french","7":"product_cat-school-books","8":"product_cat-science","9":"product_tag-grade-1","10":"product_tag-decouvrir-le-monde","11":"product_tag-science","12":"pa_grade-grade-1","14":"first","15":"instock","16":"shipping-taxable","17":"purchasable","18":"product-type-simple"},"yoast_head":"<!-- This site is optimized with the Yoast SEO plugin v26.4 - https:\/\/yoast.com\/wordpress\/plugins\/seo\/ -->\r\n<title>Grade 1 Science Textbook - Kedemos Education<\/title>\r\n<meta name=\"description\" content=\"The Grade 1 Science textbook from the \u201cD\u00e9couvrir le Monde\u201d collection introduces children to scientific discovery through observation and experiments.\" \/>\r\n<meta name=\"robots\" content=\"index, follow, max-snippet:-1, max-image-preview:large, max-video-preview:-1\" \/>\r\n<link rel=\"canonical\" href=\"https:\/\/kedemoseducation.com\/fr\/product\/cp-eb1-manuel-de-sciences\/\" \/>\r\n<meta property=\"og:locale\" content=\"fr_FR\" \/>\r\n<meta property=\"og:type\" content=\"article\" \/>\r\n<meta property=\"og:title\" content=\"Grade 1 Science Textbook - Kedemos Education\" \/>\r\n<meta property=\"og:description\" content=\"The Grade 1 Science textbook from the \u201cD\u00e9couvrir le Monde\u201d collection introduces children to scientific discovery through observation and experiments.\" \/>\r\n<meta property=\"og:url\" content=\"https:\/\/kedemoseducation.com\/fr\/product\/cp-eb1-manuel-de-sciences\/\" \/>\r\n<meta property=\"og:site_name\" content=\"Kedemos Education\" \/>\r\n<meta property=\"article:publisher\" content=\"https:\/\/www.facebook.com\/Kedemoseducation\" \/>\r\n<meta property=\"article:modified_time\" content=\"2026-02-19T08:05:07+00:00\" \/>\r\n<meta property=\"og:image\" content=\"https:\/\/kedemoseducation.com\/wp-content\/uploads\/2022\/05\/CP-science.jpg\" \/>\r\n\t<meta property=\"og:image:width\" content=\"600\" \/>\r\n\t<meta property=\"og:image:height\" content=\"800\" \/>\r\n\t<meta property=\"og:image:type\" content=\"image\/jpeg\" \/>\r\n<meta name=\"twitter:card\" content=\"summary_large_image\" \/>\r\n<meta name=\"twitter:label1\" content=\"Dur\u00e9e de lecture estim\u00e9e\" \/>\n\t<meta name=\"twitter:data1\" content=\"2 minutes\" \/>\r\n<script type=\"application\/ld+json\" class=\"yoast-schema-graph\">{\"@context\":\"https:\/\/schema.org\",\"@graph\":[{\"@type\":\"WebPage\",\"@id\":\"https:\/\/kedemoseducation.com\/product\/grade-1-science-textbook\/\",\"url\":\"https:\/\/kedemoseducation.com\/product\/grade-1-science-textbook\/\",\"name\":\"Grade 1 Science Textbook - Kedemos Education\",\"isPartOf\":{\"@id\":\"https:\/\/kedemoseducation.com\/fr\/#website\"},\"primaryImageOfPage\":{\"@id\":\"https:\/\/kedemoseducation.com\/product\/grade-1-science-textbook\/#primaryimage\"},\"image\":{\"@id\":\"https:\/\/kedemoseducation.com\/product\/grade-1-science-textbook\/#primaryimage\"},\"thumbnailUrl\":\"https:\/\/i0.wp.com\/kedemoseducation.com\/wp-content\/uploads\/2022\/05\/CP-science.jpg?fit=600%2C800&ssl=1\",\"datePublished\":\"2022-05-05T03:17:07+00:00\",\"dateModified\":\"2026-02-19T08:05:07+00:00\",\"description\":\"The Grade 1 Science textbook from the \u201cD\u00e9couvrir le Monde\u201d collection introduces children to scientific discovery through observation and experiments.\",\"breadcrumb\":{\"@id\":\"https:\/\/kedemoseducation.com\/product\/grade-1-science-textbook\/#breadcrumb\"},\"inLanguage\":\"fr-FR\",\"potentialAction\":[{\"@type\":\"ReadAction\",\"target\":[\"https:\/\/kedemoseducation.com\/product\/grade-1-science-textbook\/\"]}]},{\"@type\":\"ImageObject\",\"inLanguage\":\"fr-FR\",\"@id\":\"https:\/\/kedemoseducation.com\/product\/grade-1-science-textbook\/#primaryimage\",\"url\":\"https:\/\/i0.wp.com\/kedemoseducation.com\/wp-content\/uploads\/2022\/05\/CP-science.jpg?fit=600%2C800&ssl=1\",\"contentUrl\":\"https:\/\/i0.wp.com\/kedemoseducation.com\/wp-content\/uploads\/2022\/05\/CP-science.jpg?fit=600%2C800&ssl=1\",\"width\":600,\"height\":800,\"caption\":\"CP \/ EB1 Sciences - D\u00e9couvrir le Monde\"},{\"@type\":\"BreadcrumbList\",\"@id\":\"https:\/\/kedemoseducation.com\/product\/grade-1-science-textbook\/#breadcrumb\",\"itemListElement\":[{\"@type\":\"ListItem\",\"position\":1,\"name\":\"Home\",\"item\":\"https:\/\/kedemoseducation.com\/\"},{\"@type\":\"ListItem\",\"position\":2,\"name\":\"All Products\",\"item\":\"https:\/\/kedemoseducation.com\/fr\/shop-2\/tous-les-produits\/\"},{\"@type\":\"ListItem\",\"position\":3,\"name\":\"School Books\",\"item\":\"https:\/\/kedemoseducation.com\/fr\/categorie-de-produit\/manuels-scolaires\/\"},{\"@type\":\"ListItem\",\"position\":4,\"name\":\"Grade 1 &#8211; Science Textbook\"}]},{\"@type\":\"WebSite\",\"@id\":\"https:\/\/kedemoseducation.com\/fr\/#website\",\"url\":\"https:\/\/kedemoseducation.com\/fr\/\",\"name\":\"Kedemos Education\",\"description\":\"The Pleasure of Learning\",\"publisher\":{\"@id\":\"https:\/\/kedemoseducation.com\/fr\/#organization\"},\"potentialAction\":[{\"@type\":\"SearchAction\",\"target\":{\"@type\":\"EntryPoint\",\"urlTemplate\":\"https:\/\/kedemoseducation.com\/fr\/?s={search_term_string}\"},\"query-input\":{\"@type\":\"PropertyValueSpecification\",\"valueRequired\":true,\"valueName\":\"search_term_string\"}}],\"inLanguage\":\"fr-FR\"},{\"@type\":\"Organization\",\"@id\":\"https:\/\/kedemoseducation.com\/fr\/#organization\",\"name\":\"Kedemos Education\",\"url\":\"https:\/\/kedemoseducation.com\/fr\/\",\"logo\":{\"@type\":\"ImageObject\",\"inLanguage\":\"fr-FR\",\"@id\":\"https:\/\/kedemoseducation.com\/fr\/#\/schema\/logo\/image\/\",\"url\":\"https:\/\/kedemoseducation.com\/wp-content\/uploads\/2023\/06\/logo-kedemos-education.png\",\"contentUrl\":\"https:\/\/kedemoseducation.com\/wp-content\/uploads\/2023\/06\/logo-kedemos-education.png\",\"width\":2362,\"height\":903,\"caption\":\"Kedemos Education\"},\"image\":{\"@id\":\"https:\/\/kedemoseducation.com\/fr\/#\/schema\/logo\/image\/\"},\"sameAs\":[\"https:\/\/www.facebook.com\/Kedemoseducation\",\"https:\/\/www.instagram.com\/kedemoseducation\/\",\"https:\/\/www.linkedin.com\/company\/kedemos-education\/\"]}]}<\/script>\r\n<!-- \/ Yoast SEO plugin. -->","yoast_head_json":{"title":"CP \/ EB1 Manuel de sciences - K\u00e9d\u00e9mos Education","description":"Le manuel de sciences \u00ab D\u00e9couvrir le monde \u00bb pour le CP \/ EB1 propose des activit\u00e9s progressives destin\u00e9es \u00e0 initier l\u2019enfant aux sciences et \u00e0 la d\u00e9couverte du monde qui l\u2019entoure.","robots":{"index":"index","follow":"follow","max-snippet":"max-snippet:-1","max-image-preview":"max-image-preview:large","max-video-preview":"max-video-preview:-1"},"canonical":"https:\/\/kedemoseducation.com\/fr\/product\/cp-eb1-manuel-de-sciences\/","og_locale":"fr_FR","og_type":"article","og_title":"Grade 1 Science Textbook - Kedemos Education","og_description":"The Grade 1 Science textbook from the \u201cD\u00e9couvrir le Monde\u201d collection introduces children to scientific discovery through observation and experiments.","og_url":"https:\/\/kedemoseducation.com\/fr\/product\/cp-eb1-manuel-de-sciences\/","og_site_name":"Kedemos Education","article_publisher":"https:\/\/www.facebook.com\/Kedemoseducation","article_modified_time":"2026-02-19T08:05:07+00:00","og_image":[{"width":600,"height":800,"url":"https:\/\/kedemoseducation.com\/wp-content\/uploads\/2022\/05\/CP-science.jpg","type":"image\/jpeg"}],"twitter_card":"summary_large_image","twitter_misc":{"Dur\u00e9e de lecture estim\u00e9e":"2 minutes"},"schema":{"@context":"https:\/\/schema.org","@graph":[{"@type":"WebPage","@id":"https:\/\/kedemoseducation.com\/product\/grade-1-science-textbook\/","url":"https:\/\/kedemoseducation.com\/product\/grade-1-science-textbook\/","name":"CP \/ EB1 Manuel de sciences - K\u00e9d\u00e9mos Education","isPartOf":{"@id":"https:\/\/kedemoseducation.com\/fr\/#website"},"primaryImageOfPage":{"@id":"https:\/\/kedemoseducation.com\/product\/grade-1-science-textbook\/#primaryimage"},"image":{"@id":"https:\/\/kedemoseducation.com\/product\/grade-1-science-textbook\/#primaryimage"},"thumbnailUrl":"https:\/\/i0.wp.com\/kedemoseducation.com\/wp-content\/uploads\/2022\/05\/CP-science.jpg?fit=600%2C800&ssl=1","datePublished":"2022-05-05T03:17:07+00:00","dateModified":"2026-02-19T08:05:07+00:00","description":"Le manuel de sciences \u00ab D\u00e9couvrir le monde \u00bb pour le CP \/ EB1 propose des activit\u00e9s progressives destin\u00e9es \u00e0 initier l\u2019enfant aux sciences et \u00e0 la d\u00e9couverte du monde qui l\u2019entoure.","breadcrumb":{"@id":"https:\/\/kedemoseducation.com\/product\/grade-1-science-textbook\/#breadcrumb"},"inLanguage":"fr-FR","potentialAction":[{"@type":"ReadAction","target":["https:\/\/kedemoseducation.com\/product\/grade-1-science-textbook\/"]}]},{"@type":"ImageObject","inLanguage":"fr-FR","@id":"https:\/\/kedemoseducation.com\/product\/grade-1-science-textbook\/#primaryimage","url":"https:\/\/i0.wp.com\/kedemoseducation.com\/wp-content\/uploads\/2022\/05\/CP-science.jpg?fit=600%2C800&ssl=1","contentUrl":"https:\/\/i0.wp.com\/kedemoseducation.com\/wp-content\/uploads\/2022\/05\/CP-science.jpg?fit=600%2C800&ssl=1","width":600,"height":800,"caption":"CP \/ EB1 Sciences - D\u00e9couvrir le Monde"},{"@type":"BreadcrumbList","@id":"https:\/\/kedemoseducation.com\/product\/grade-1-science-textbook\/#breadcrumb","itemListElement":[{"@type":"ListItem","position":1,"name":"Home","item":"https:\/\/kedemoseducation.com\/"},{"@type":"ListItem","position":2,"name":"All Products","item":"https:\/\/kedemoseducation.com\/fr\/shop-2\/tous-les-produits\/"},{"@type":"ListItem","position":3,"name":"School Books","item":"https:\/\/kedemoseducation.com\/fr\/categorie-de-produit\/manuels-scolaires\/"},{"@type":"ListItem","position":4,"name":"Grade 1 &#8211; Science Textbook"}]},{"@type":"WebSite","@id":"https:\/\/kedemoseducation.com\/fr\/#website","url":"https:\/\/kedemoseducation.com\/fr\/","name":"K\u00e9d\u00e9mos Education","description":"Le plaisir d'apprendre","publisher":{"@id":"https:\/\/kedemoseducation.com\/fr\/#organization"},"potentialAction":[{"@type":"SearchAction","target":{"@type":"EntryPoint","urlTemplate":"https:\/\/kedemoseducation.com\/fr\/?s={search_term_string}"},"query-input":{"@type":"PropertyValueSpecification","valueRequired":true,"valueName":"search_term_string"}}],"inLanguage":"fr-FR"},{"@type":"Organization","@id":"https:\/\/kedemoseducation.com\/fr\/#organization","name":"K\u00e9d\u00e9mos Education","url":"https:\/\/kedemoseducation.com\/fr\/","logo":{"@type":"ImageObject","inLanguage":"fr-FR","@id":"https:\/\/kedemoseducation.com\/fr\/#\/schema\/logo\/image\/","url":"https:\/\/kedemoseducation.com\/wp-content\/uploads\/2023\/06\/logo-kedemos-education.png","contentUrl":"https:\/\/kedemoseducation.com\/wp-content\/uploads\/2023\/06\/logo-kedemos-education.png","width":2362,"height":903,"caption":"Kedemos Education"},"image":{"@id":"https:\/\/kedemoseducation.com\/fr\/#\/schema\/logo\/image\/"},"sameAs":["https:\/\/www.facebook.com\/Kedemoseducation","https:\/\/www.instagram.com\/kedemoseducation\/","https:\/\/www.linkedin.com\/company\/kedemos-education\/"]}]}},"jetpack_sharing_enabled":true,"_links":{"self":[{"href":"https:\/\/kedemoseducation.com\/fr\/wp-json\/wp\/v2\/product\/181","targetHints":{"allow":["GET"]}}],"collection":[{"href":"https:\/\/kedemoseducation.com\/fr\/wp-json\/wp\/v2\/product"}],"about":[{"href":"https:\/\/kedemoseducation.com\/fr\/wp-json\/wp\/v2\/types\/product"}],"replies":[{"embeddable":true,"href":"https:\/\/kedemoseducation.com\/fr\/wp-json\/wp\/v2\/comments?post=181"}],"wp:featuredmedia":[{"embeddable":true,"href":"https:\/\/kedemoseducation.com\/fr\/wp-json\/wp\/v2\/media\/7354"}],"wp:attachment":[{"href":"https:\/\/kedemoseducation.com\/fr\/wp-json\/wp\/v2\/media?parent=181"}],"wp:term":[{"taxonomy":"product_brand","embeddable":true,"href":"https:\/\/kedemoseducation.com\/fr\/wp-json\/wp\/v2\/product_brand?post=181"},{"taxonomy":"product_cat","embeddable":true,"href":"https:\/\/kedemoseducation.com\/fr\/wp-json\/wp\/v2\/product_cat?post=181"},{"taxonomy":"product_tag","embeddable":true,"href":"https:\/\/kedemoseducation.com\/fr\/wp-json\/wp\/v2\/product_tag?post=181"}],"curies":[{"name":"wp","href":"https:\/\/api.w.org\/{rel}","templated":true}]}}