{"id":1803,"date":"2022-08-24T09:20:37","date_gmt":"2022-08-24T09:20:37","guid":{"rendered":"https:\/\/kedemoseducation.com\/?post_type=product&#038;p=1803"},"modified":"2026-03-16T13:26:34","modified_gmt":"2026-03-16T11:26:34","slug":"le-nouveau-francais-plus-2-students-book","status":"publish","type":"product","link":"https:\/\/kedemoseducation.com\/fr\/product\/le-nouveau-francais-plus-2-livre-de-leleve\/","title":{"rendered":"Le Nouveau Fran\u00e7ais Plus 2 - Le livre de l\u2019\u00e9l\u00e8ve"},"content":{"rendered":"<h1><b>Fran\u00e7ais Langue \u00c9trang\u00e8re (FLE) - Le Nouveau Fran\u00e7ais Plus 2 Livre de l'\u00e9l\u00e8ve<\/b><\/h1>\n<h2><strong>Pr\u00e9sentation de la M\u00e9thode<\/strong><\/h2>\n<p><span style=\"font-weight: 400;\">Le Nouveau Fran\u00e7ais Plus 2 completes Le Nouveau Fran\u00e7ais Plus 1 and forms part of a comprehensive method for learning French as a foreign language (FLE). It is intended for students whose first language is not French.<\/span><\/p>\n<p><span style=\"font-weight: 400;\">Ce livre est destin\u00e9 aux classes primaires. Il propose une d\u00e9marche active et dynamique pour l\u2019apprentissage du fran\u00e7ais, \u00e0 l\u2019oral comme \u00e0 l\u2019\u00e9crit. Ax\u00e9e sur la motivation et le plaisir d\u2019apprendre, la m\u00e9thode Fran\u00e7ais Plus vise \u00e0 construire et \u00e0 d\u00e9velopper les comp\u00e9tences n\u00e9cessaires \u00e0 l\u2019acquisition de la langue.<\/span><\/p>\n<p><span style=\"font-weight: 400;\">Ce manuel de la collection Le Nouveau Fran\u00e7ais Plus comprend deux volets : le livre de l\u2019\u00e9l\u00e8ve et le cahier d\u2019exercices.<\/span><\/p>\n<h3><b>Le Nouveau Fran\u00e7ais Plus 2 - Livre de l'\u00e9l\u00e8ve<\/b><\/h3>\n<p><span style=\"font-weight: 400;\">Le livre de l\u2019\u00e9l\u00e8ve comprend :<\/span><\/p>\n<p><strong>A) Quatorze le\u00e7ons<\/strong><\/p>\n<p><span style=\"font-weight: 400;\">Ces le\u00e7ons sont ax\u00e9es sur la compr\u00e9hension et l\u2019expression orales. En effet, l\u2019oral constitue la base sur laquelle repose l\u2019ensemble de la m\u00e9thode.<\/span><\/p>\n<p><span style=\"font-weight: 400;\">Chaque le\u00e7on s\u2019organise en six phases :<\/span><\/p>\n<ul>\n<li style=\"font-weight: 400;\" aria-level=\"1\"><span style=\"font-weight: 400;\">Une introduction pr\u00e9sent\u00e9e sous forme de bande dessin\u00e9e ou d\u2019une image, que l\u2019enfant observe tout en \u00e9coutant un court dialogue enregistr\u00e9.<\/span><\/li>\n<li style=\"font-weight: 400;\" aria-level=\"1\"><span style=\"font-weight: 400;\">La reprise du dialogue, que l\u2019enfant lit en s\u2019appuyant sur le mod\u00e8le phon\u00e9tique enregistr\u00e9.<\/span><\/li>\n<li style=\"font-weight: 400;\" aria-level=\"1\"><span style=\"font-weight: 400;\">Une pr\u00e9sentation de situations de prise de parole et de vocabulaire. Les illustrations et la bande sonore facilitent la compr\u00e9hension et l\u2019intonation.<\/span><\/li>\n<li style=\"font-weight: 400;\" aria-level=\"1\"><span style=\"font-weight: 400;\">Des exercices oraux permettant de r\u00e9utiliser les structures et le vocabulaire d\u00e9j\u00e0 pr\u00e9sent\u00e9s.<\/span><\/li>\n<li style=\"font-weight: 400;\" aria-level=\"1\"><span style=\"font-weight: 400;\">Une courte s\u00e9ance de phon\u00e9tique.<\/span><\/li>\n<li style=\"font-weight: 400;\" aria-level=\"1\"><span style=\"font-weight: 400;\">Une mise au point grammaticale \u00e0 la fin de chaque le\u00e7on.<\/span>&nbsp;\n<p><b><\/b><\/li>\n<\/ul>\n<p><b>B) Activit\u00e9s compl\u00e9mentaires<\/b><\/p>\n<p><span style=\"font-weight: 400;\">Chaque s\u00e9rie de trois le\u00e7ons est suivie d\u2019un ensemble d\u2019activit\u00e9s comprenant :<\/span><\/p>\n<ul>\n<li style=\"font-weight: 400;\" aria-level=\"1\"><span style=\"font-weight: 400;\">Un poster reprenant l\u2019ensemble des mots \u00e9tudi\u00e9s dans les trois le\u00e7ons pr\u00e9c\u00e9dentes.<\/span><\/li>\n<li style=\"font-weight: 400;\" aria-level=\"1\"><span style=\"font-weight: 400;\">Une courte po\u00e9sie.<\/span><\/li>\n<li style=\"font-weight: 400;\" aria-level=\"1\"><span style=\"font-weight: 400;\">Une chanson.<\/span><\/li>\n<li style=\"font-weight: 400;\" aria-level=\"1\"><span style=\"font-weight: 400;\">Un projet \u00e0 r\u00e9aliser individuellement ou en groupe (montages photos-dessins-textes, bricolage, recette culinaire, etc.).<\/span><span style=\"font-weight: 400;\"><br \/>\n<\/span><\/li>\n<\/ul>\n<p><span style=\"font-weight: 400;\">Ces activit\u00e9s permettent \u00e0 l\u2019enfant de faire le lien entre ses apprentissages en fran\u00e7ais et sa vie quotidienne.<\/span><\/p>\n<p><span style=\"font-weight: 400;\">Enfin, l\u2019\u00e9l\u00e8ve dispose d\u2019un code QR int\u00e9gr\u00e9 dans le manuel, qui lui permet d\u2019\u00e9couter :<\/span><\/p>\n<ul>\n<li style=\"font-weight: 400;\" aria-level=\"1\"><span style=\"font-weight: 400;\">Les dialogues.<\/span><\/li>\n<li style=\"font-weight: 400;\" aria-level=\"1\"><span style=\"font-weight: 400;\">Des chansons<\/span><\/li>\n<li style=\"font-weight: 400;\" aria-level=\"1\"><span style=\"font-weight: 400;\">Les exercices de phon\u00e9tique<\/span><\/li>\n<\/ul>","protected":false},"excerpt":{"rendered":"<p><span style=\"font-weight: 400;\">La collection Le Nouveau Fran\u00e7ais Plus est une m\u00e9thode d\u2019apprentissage du fran\u00e7ais langue \u00e9trang\u00e8re (FLE) destin\u00e9e aux apprenants arabophones et anglophones.<\/span><\/p>\n<p><span style=\"font-weight: 400;\">Elle propose une approche p\u00e9dagogique originale qui mobilise les quatre comp\u00e9tences fondamentales : compr\u00e9hension orale, expression orale, compr\u00e9hension \u00e9crite et expression \u00e9crite.<\/span><\/p>\n<p><span style=\"font-weight: 400;\">Ce manuel est accompagn\u00e9 d\u2019un cahier d\u2019exercices. Pour acc\u00e9der \u00e0 la collection compl\u00e8te Fran\u00e7ais Plus, veuillez cliquer <a href=\"https:\/\/kedemoseducation.com\/fr\/product-category\/school-books\/french-as-a-foreign-language\/\">ici<\/a>.<\/span><\/p>","protected":false},"featured_media":7343,"comment_status":"closed","ping_status":"closed","template":"","meta":{"_monsterinsights_skip_tracking":false,"_monsterinsights_sitenote_active":false,"_monsterinsights_sitenote_note":"","_monsterinsights_sitenote_category":0},"product_brand":[],"product_cat":[16,117],"product_tag":[64,118,119,120,146,194],"class_list":{"0":"post-1803","1":"product","2":"type-product","3":"status-publish","4":"has-post-thumbnail","6":"product_cat-school-books","7":"product_cat-french-as-a-foreign-language","8":"product_tag-primaire","9":"product_tag-francais-en-langue-etrangere","10":"product_tag-francais-plus","11":"product_tag-fle","12":"product_tag-cahier-dexercices","13":"product_tag-nouveau","14":"pa_grade-grade-2","16":"first","17":"instock","18":"shipping-taxable","19":"purchasable","20":"product-type-simple"},"yoast_head":"<!-- This site is optimized with the Yoast SEO plugin v26.4 - https:\/\/yoast.com\/wordpress\/plugins\/seo\/ -->\r\n<title>Le Nouveau Fran\u00e7ais Plus 2 - Student\u2019s Book - Kedemos Education<\/title>\r\n<meta name=\"description\" content=\"Le manuel Le Nouveau Fran\u00e7ais Plus 2 fait partie d&#039;une m\u00e9thode d\u2019apprentissage du fran\u00e7ais langue \u00e9trang\u00e8re (FLE) : fran\u00e7ais 2\u00e8me langue.\" \/>\r\n<meta name=\"robots\" content=\"index, follow, max-snippet:-1, max-image-preview:large, max-video-preview:-1\" \/>\r\n<link rel=\"canonical\" href=\"https:\/\/kedemoseducation.com\/fr\/product\/le-nouveau-francais-plus-2-livre-de-leleve\/\" \/>\r\n<meta property=\"og:locale\" content=\"fr_FR\" \/>\r\n<meta property=\"og:type\" content=\"article\" \/>\r\n<meta property=\"og:title\" content=\"Le Nouveau Fran\u00e7ais Plus 2 - Student\u2019s Book - Kedemos Education\" \/>\r\n<meta property=\"og:description\" content=\"Le manuel Le Nouveau Fran\u00e7ais Plus 2 fait partie d&#039;une m\u00e9thode d\u2019apprentissage du fran\u00e7ais langue \u00e9trang\u00e8re (FLE) : fran\u00e7ais 2\u00e8me langue.\" \/>\r\n<meta property=\"og:url\" content=\"https:\/\/kedemoseducation.com\/fr\/product\/le-nouveau-francais-plus-2-livre-de-leleve\/\" \/>\r\n<meta property=\"og:site_name\" content=\"Kedemos Education\" \/>\r\n<meta property=\"article:publisher\" content=\"https:\/\/www.facebook.com\/Kedemoseducation\" \/>\r\n<meta property=\"article:modified_time\" content=\"2026-03-16T11:26:34+00:00\" \/>\r\n<meta property=\"og:image\" content=\"https:\/\/kedemoseducation.com\/wp-content\/uploads\/2022\/08\/Le-nouveau-Francais-plus-2.jpg\" \/>\r\n\t<meta property=\"og:image:width\" content=\"600\" \/>\r\n\t<meta property=\"og:image:height\" content=\"800\" \/>\r\n\t<meta property=\"og:image:type\" content=\"image\/jpeg\" \/>\r\n<meta name=\"twitter:card\" content=\"summary_large_image\" \/>\r\n<meta name=\"twitter:label1\" content=\"Dur\u00e9e de lecture estim\u00e9e\" \/>\n\t<meta name=\"twitter:data1\" content=\"2 minutes\" \/>\r\n<script type=\"application\/ld+json\" class=\"yoast-schema-graph\">{\"@context\":\"https:\/\/schema.org\",\"@graph\":[{\"@type\":\"WebPage\",\"@id\":\"https:\/\/kedemoseducation.com\/product\/le-nouveau-francais-plus-2-students-book\/\",\"url\":\"https:\/\/kedemoseducation.com\/product\/le-nouveau-francais-plus-2-students-book\/\",\"name\":\"Le Nouveau Fran\u00e7ais Plus 2 - Student\u2019s Book - Kedemos Education\",\"isPartOf\":{\"@id\":\"https:\/\/kedemoseducation.com\/fr\/#website\"},\"primaryImageOfPage\":{\"@id\":\"https:\/\/kedemoseducation.com\/product\/le-nouveau-francais-plus-2-students-book\/#primaryimage\"},\"image\":{\"@id\":\"https:\/\/kedemoseducation.com\/product\/le-nouveau-francais-plus-2-students-book\/#primaryimage\"},\"thumbnailUrl\":\"https:\/\/i0.wp.com\/kedemoseducation.com\/wp-content\/uploads\/2022\/08\/Le-nouveau-Francais-plus-2.jpg?fit=600%2C800&ssl=1\",\"datePublished\":\"2022-08-24T09:20:37+00:00\",\"dateModified\":\"2026-03-16T11:26:34+00:00\",\"description\":\"Le manuel Le Nouveau Fran\u00e7ais Plus 2 fait partie d'une m\u00e9thode d\u2019apprentissage du fran\u00e7ais langue \u00e9trang\u00e8re (FLE) : fran\u00e7ais 2\u00e8me langue.\",\"breadcrumb\":{\"@id\":\"https:\/\/kedemoseducation.com\/product\/le-nouveau-francais-plus-2-students-book\/#breadcrumb\"},\"inLanguage\":\"fr-FR\",\"potentialAction\":[{\"@type\":\"ReadAction\",\"target\":[\"https:\/\/kedemoseducation.com\/product\/le-nouveau-francais-plus-2-students-book\/\"]}]},{\"@type\":\"ImageObject\",\"inLanguage\":\"fr-FR\",\"@id\":\"https:\/\/kedemoseducation.com\/product\/le-nouveau-francais-plus-2-students-book\/#primaryimage\",\"url\":\"https:\/\/i0.wp.com\/kedemoseducation.com\/wp-content\/uploads\/2022\/08\/Le-nouveau-Francais-plus-2.jpg?fit=600%2C800&ssl=1\",\"contentUrl\":\"https:\/\/i0.wp.com\/kedemoseducation.com\/wp-content\/uploads\/2022\/08\/Le-nouveau-Francais-plus-2.jpg?fit=600%2C800&ssl=1\",\"width\":600,\"height\":800,\"caption\":\"Fran\u00e7ais Langue \u00c9trang\u00e8re (FLE) - Le Nouveau Fran\u00e7ais Plus 2\"},{\"@type\":\"BreadcrumbList\",\"@id\":\"https:\/\/kedemoseducation.com\/product\/le-nouveau-francais-plus-2-students-book\/#breadcrumb\",\"itemListElement\":[{\"@type\":\"ListItem\",\"position\":1,\"name\":\"Home\",\"item\":\"https:\/\/kedemoseducation.com\/\"},{\"@type\":\"ListItem\",\"position\":2,\"name\":\"All Products\",\"item\":\"https:\/\/kedemoseducation.com\/fr\/shop-2\/tous-les-produits\/\"},{\"@type\":\"ListItem\",\"position\":3,\"name\":\"School Books\",\"item\":\"https:\/\/kedemoseducation.com\/fr\/categorie-de-produit\/manuels-scolaires\/\"},{\"@type\":\"ListItem\",\"position\":4,\"name\":\"French as a Foreign Language\",\"item\":\"https:\/\/kedemoseducation.com\/fr\/categorie-de-produit\/manuels-scolaires\/francais-langue-etrangere\/\"},{\"@type\":\"ListItem\",\"position\":5,\"name\":\"Le Nouveau Fran\u00e7ais Plus 2 &#8211; Student\u2019s Book\"}]},{\"@type\":\"WebSite\",\"@id\":\"https:\/\/kedemoseducation.com\/fr\/#website\",\"url\":\"https:\/\/kedemoseducation.com\/fr\/\",\"name\":\"Kedemos Education\",\"description\":\"The Pleasure of Learning\",\"publisher\":{\"@id\":\"https:\/\/kedemoseducation.com\/fr\/#organization\"},\"potentialAction\":[{\"@type\":\"SearchAction\",\"target\":{\"@type\":\"EntryPoint\",\"urlTemplate\":\"https:\/\/kedemoseducation.com\/fr\/?s={search_term_string}\"},\"query-input\":{\"@type\":\"PropertyValueSpecification\",\"valueRequired\":true,\"valueName\":\"search_term_string\"}}],\"inLanguage\":\"fr-FR\"},{\"@type\":\"Organization\",\"@id\":\"https:\/\/kedemoseducation.com\/fr\/#organization\",\"name\":\"Kedemos Education\",\"url\":\"https:\/\/kedemoseducation.com\/fr\/\",\"logo\":{\"@type\":\"ImageObject\",\"inLanguage\":\"fr-FR\",\"@id\":\"https:\/\/kedemoseducation.com\/fr\/#\/schema\/logo\/image\/\",\"url\":\"https:\/\/kedemoseducation.com\/wp-content\/uploads\/2023\/06\/logo-kedemos-education.png\",\"contentUrl\":\"https:\/\/kedemoseducation.com\/wp-content\/uploads\/2023\/06\/logo-kedemos-education.png\",\"width\":2362,\"height\":903,\"caption\":\"Kedemos Education\"},\"image\":{\"@id\":\"https:\/\/kedemoseducation.com\/fr\/#\/schema\/logo\/image\/\"},\"sameAs\":[\"https:\/\/www.facebook.com\/Kedemoseducation\",\"https:\/\/www.instagram.com\/kedemoseducation\/\",\"https:\/\/www.linkedin.com\/company\/kedemos-education\/\"]}]}<\/script>\r\n<!-- \/ Yoast SEO plugin. -->","yoast_head_json":{"title":"Le Nouveau Fran\u00e7ais Plus 2 - Livre de l'\u00e9l\u00e8ve - K\u00e9d\u00e9mos Education","description":"Le manuel Le Nouveau Fran\u00e7ais Plus 2 fait partie d'une m\u00e9thode d\u2019apprentissage du fran\u00e7ais langue \u00e9trang\u00e8re (FLE) : fran\u00e7ais 2\u00e8me langue.","robots":{"index":"index","follow":"follow","max-snippet":"max-snippet:-1","max-image-preview":"max-image-preview:large","max-video-preview":"max-video-preview:-1"},"canonical":"https:\/\/kedemoseducation.com\/fr\/product\/le-nouveau-francais-plus-2-livre-de-leleve\/","og_locale":"fr_FR","og_type":"article","og_title":"Le Nouveau Fran\u00e7ais Plus 2 - Student\u2019s Book - Kedemos Education","og_description":"Le manuel Le Nouveau Fran\u00e7ais Plus 2 fait partie d'une m\u00e9thode d\u2019apprentissage du fran\u00e7ais langue \u00e9trang\u00e8re (FLE) : fran\u00e7ais 2\u00e8me langue.","og_url":"https:\/\/kedemoseducation.com\/fr\/product\/le-nouveau-francais-plus-2-livre-de-leleve\/","og_site_name":"Kedemos Education","article_publisher":"https:\/\/www.facebook.com\/Kedemoseducation","article_modified_time":"2026-03-16T11:26:34+00:00","og_image":[{"width":600,"height":800,"url":"https:\/\/kedemoseducation.com\/wp-content\/uploads\/2022\/08\/Le-nouveau-Francais-plus-2.jpg","type":"image\/jpeg"}],"twitter_card":"summary_large_image","twitter_misc":{"Dur\u00e9e de lecture estim\u00e9e":"2 minutes"},"schema":{"@context":"https:\/\/schema.org","@graph":[{"@type":"WebPage","@id":"https:\/\/kedemoseducation.com\/product\/le-nouveau-francais-plus-2-students-book\/","url":"https:\/\/kedemoseducation.com\/product\/le-nouveau-francais-plus-2-students-book\/","name":"Le Nouveau Fran\u00e7ais Plus 2 - Livre de l'\u00e9l\u00e8ve - K\u00e9d\u00e9mos Education","isPartOf":{"@id":"https:\/\/kedemoseducation.com\/fr\/#website"},"primaryImageOfPage":{"@id":"https:\/\/kedemoseducation.com\/product\/le-nouveau-francais-plus-2-students-book\/#primaryimage"},"image":{"@id":"https:\/\/kedemoseducation.com\/product\/le-nouveau-francais-plus-2-students-book\/#primaryimage"},"thumbnailUrl":"https:\/\/i0.wp.com\/kedemoseducation.com\/wp-content\/uploads\/2022\/08\/Le-nouveau-Francais-plus-2.jpg?fit=600%2C800&ssl=1","datePublished":"2022-08-24T09:20:37+00:00","dateModified":"2026-03-16T11:26:34+00:00","description":"Le manuel Le Nouveau Fran\u00e7ais Plus 2 fait partie d'une m\u00e9thode d\u2019apprentissage du fran\u00e7ais langue \u00e9trang\u00e8re (FLE) : fran\u00e7ais 2\u00e8me langue.","breadcrumb":{"@id":"https:\/\/kedemoseducation.com\/product\/le-nouveau-francais-plus-2-students-book\/#breadcrumb"},"inLanguage":"fr-FR","potentialAction":[{"@type":"ReadAction","target":["https:\/\/kedemoseducation.com\/product\/le-nouveau-francais-plus-2-students-book\/"]}]},{"@type":"ImageObject","inLanguage":"fr-FR","@id":"https:\/\/kedemoseducation.com\/product\/le-nouveau-francais-plus-2-students-book\/#primaryimage","url":"https:\/\/i0.wp.com\/kedemoseducation.com\/wp-content\/uploads\/2022\/08\/Le-nouveau-Francais-plus-2.jpg?fit=600%2C800&ssl=1","contentUrl":"https:\/\/i0.wp.com\/kedemoseducation.com\/wp-content\/uploads\/2022\/08\/Le-nouveau-Francais-plus-2.jpg?fit=600%2C800&ssl=1","width":600,"height":800,"caption":"Fran\u00e7ais Langue \u00c9trang\u00e8re (FLE) - Le Nouveau Fran\u00e7ais Plus 2"},{"@type":"BreadcrumbList","@id":"https:\/\/kedemoseducation.com\/product\/le-nouveau-francais-plus-2-students-book\/#breadcrumb","itemListElement":[{"@type":"ListItem","position":1,"name":"Home","item":"https:\/\/kedemoseducation.com\/"},{"@type":"ListItem","position":2,"name":"All Products","item":"https:\/\/kedemoseducation.com\/fr\/shop-2\/tous-les-produits\/"},{"@type":"ListItem","position":3,"name":"School Books","item":"https:\/\/kedemoseducation.com\/fr\/categorie-de-produit\/manuels-scolaires\/"},{"@type":"ListItem","position":4,"name":"French as a Foreign Language","item":"https:\/\/kedemoseducation.com\/fr\/categorie-de-produit\/manuels-scolaires\/francais-langue-etrangere\/"},{"@type":"ListItem","position":5,"name":"Le Nouveau Fran\u00e7ais Plus 2 &#8211; Student\u2019s Book"}]},{"@type":"WebSite","@id":"https:\/\/kedemoseducation.com\/fr\/#website","url":"https:\/\/kedemoseducation.com\/fr\/","name":"K\u00e9d\u00e9mos Education","description":"Le plaisir d'apprendre","publisher":{"@id":"https:\/\/kedemoseducation.com\/fr\/#organization"},"potentialAction":[{"@type":"SearchAction","target":{"@type":"EntryPoint","urlTemplate":"https:\/\/kedemoseducation.com\/fr\/?s={search_term_string}"},"query-input":{"@type":"PropertyValueSpecification","valueRequired":true,"valueName":"search_term_string"}}],"inLanguage":"fr-FR"},{"@type":"Organization","@id":"https:\/\/kedemoseducation.com\/fr\/#organization","name":"K\u00e9d\u00e9mos Education","url":"https:\/\/kedemoseducation.com\/fr\/","logo":{"@type":"ImageObject","inLanguage":"fr-FR","@id":"https:\/\/kedemoseducation.com\/fr\/#\/schema\/logo\/image\/","url":"https:\/\/kedemoseducation.com\/wp-content\/uploads\/2023\/06\/logo-kedemos-education.png","contentUrl":"https:\/\/kedemoseducation.com\/wp-content\/uploads\/2023\/06\/logo-kedemos-education.png","width":2362,"height":903,"caption":"Kedemos Education"},"image":{"@id":"https:\/\/kedemoseducation.com\/fr\/#\/schema\/logo\/image\/"},"sameAs":["https:\/\/www.facebook.com\/Kedemoseducation","https:\/\/www.instagram.com\/kedemoseducation\/","https:\/\/www.linkedin.com\/company\/kedemos-education\/"]}]}},"jetpack_sharing_enabled":true,"_links":{"self":[{"href":"https:\/\/kedemoseducation.com\/fr\/wp-json\/wp\/v2\/product\/1803","targetHints":{"allow":["GET"]}}],"collection":[{"href":"https:\/\/kedemoseducation.com\/fr\/wp-json\/wp\/v2\/product"}],"about":[{"href":"https:\/\/kedemoseducation.com\/fr\/wp-json\/wp\/v2\/types\/product"}],"replies":[{"embeddable":true,"href":"https:\/\/kedemoseducation.com\/fr\/wp-json\/wp\/v2\/comments?post=1803"}],"wp:featuredmedia":[{"embeddable":true,"href":"https:\/\/kedemoseducation.com\/fr\/wp-json\/wp\/v2\/media\/7343"}],"wp:attachment":[{"href":"https:\/\/kedemoseducation.com\/fr\/wp-json\/wp\/v2\/media?parent=1803"}],"wp:term":[{"taxonomy":"product_brand","embeddable":true,"href":"https:\/\/kedemoseducation.com\/fr\/wp-json\/wp\/v2\/product_brand?post=1803"},{"taxonomy":"product_cat","embeddable":true,"href":"https:\/\/kedemoseducation.com\/fr\/wp-json\/wp\/v2\/product_cat?post=1803"},{"taxonomy":"product_tag","embeddable":true,"href":"https:\/\/kedemoseducation.com\/fr\/wp-json\/wp\/v2\/product_tag?post=1803"}],"curies":[{"name":"wp","href":"https:\/\/api.w.org\/{rel}","templated":true}]}}